{"id":14965,"date":"2026-01-13T20:36:37","date_gmt":"2026-01-13T19:36:37","guid":{"rendered":"https:\/\/oponyauto.shop\/xef5\/produkt\/2x-opony-195-75r16-nokian-tyres-seasonproof-c1-110-108-r\/"},"modified":"2026-01-13T20:36:37","modified_gmt":"2026-01-13T19:36:37","slug":"2x-opony-195-75r16-nokian-tyres-seasonproof-c1-110-108-r","status":"publish","type":"product","link":"https:\/\/oponixo.shop\/tire\/produkt\/2x-opony-195-75r16-nokian-tyres-seasonproof-c1-110-108-r\/","title":{"rendered":"2x opony 195\/75R16 NOKIAN TYRES SEASONPROOF C1 110\/108 R"},"content":{"rendered":"<div style=\"font-family: Arial, sans-serif; line-height: 1.6; color: #333; padding: 20px; clear: both; display: block; width: 100%; float: none; position: static; overflow: hidden;\">\n<div style=\"clear: both; display: block; margin: 10px 0;\">\n<div style=\"clear: both; display: block; margin: 10px 0;\">\n<div style=\"clear: both; display: block; margin: 10px 0;\">\n<h2>Nokian Tyres Seasonproof C1 195\/75R16 110\/108 R<\/h2>\n<p style=\"margin: 15px 0; line-height: 1.8; clear: both; display: block; width: 100%; float: none; position: static;\"> Opona Nokian Tyres Seasonproof C 195\/75R16 110 R<\/p>\n<p style=\"margin: 15px 0; line-height: 1.8; clear: both; display: block; width: 100%; float: none; position: static;\">Cechy produktu:<\/p>\n<ul style=\"margin: 15px 0; padding-left: 20px; clear: both; display: block; width: 100%; float: none; position: static;\">\n<li style=\"margin: 5px 0; padding: 2px 0; clear: both; display: list-item; float: none; position: static;\">sezon: Ca\u0142oroczne<\/li>\n<li style=\"margin: 5px 0; padding: 2px 0; clear: both; display: list-item; float: none; position: static;\">szeroko\u015b\u0107\/profil\/\u015brednica: 195\/75R16<\/li>\n<li style=\"margin: 5px 0; padding: 2px 0; clear: both; display: list-item; float: none; position: static;\">indeks no\u015bno\u015bci: 110 &#8211; 1060 kg<\/li>\n<li style=\"margin: 5px 0; padding: 2px 0; clear: both; display: list-item; float: none; position: static;\">indeks pr\u0119dko\u015bci: R do 170 km\/h<\/li>\n<li style=\"margin: 5px 0; padding: 2px 0; clear: both; display: list-item; float: none; position: static;\">przyczepno\u015b\u0107 na \u015bniegu (3PMSF)<\/li>\n<li style=\"margin: 5px 0; padding: 2px 0; clear: both; display: list-item; float: none; position: static;\"> wzmocnienie (C)<\/li>\n<\/ul>\n<p style=\"margin: 15px 0; line-height: 1.8; clear: both; display: block; width: 100%; float: none; position: static;\">\n<\/div>\n<\/div>\n<div style=\"clear: both; display: block; margin: 10px 0;\">\n<div style=\"clear: both; display: block; margin: 10px 0;\">\n<div  style=\"max-width:721px;max-height:1024px\">\n<div style=\"clear: both; display: block; margin: 10px 0;\">\n<div style=\"clear: both; width: 100%; display: block; margin: 20px 0; padding: 0; float: none; position: static; text-align: center;\"><img decoding=\"async\"  src=\"https:\/\/a.allegroimg.com\/original\/11a9de\/c52d038d4a1789e7983b5942fd18\/2x-opony-195-75R16-NOKIAN-TYRES-SEASONPROOF-C1-110-108-R\" srcset=\"https:\/\/a.allegroimg.com\/original\/11a9de\/c52d038d4a1789e7983b5942fd18\/2x-opony-195-75R16-NOKIAN-TYRES-SEASONPROOF-C1-110-108-R 253w,https:\/\/a.allegroimg.com\/original\/11a9de\/c52d038d4a1789e7983b5942fd18\/2x-opony-195-75R16-NOKIAN-TYRES-SEASONPROOF-C1-110-108-R 506w,https:\/\/a.allegroimg.com\/original\/11a9de\/c52d038d4a1789e7983b5942fd18\/2x-opony-195-75R16-NOKIAN-TYRES-SEASONPROOF-C1-110-108-R 721w,https:\/\/a.allegroimg.com\/original\/11a9de\/c52d038d4a1789e7983b5942fd18\/2x-opony-195-75R16-NOKIAN-TYRES-SEASONPROOF-C1-110-108-R 721w\" sizes=\"(min-width: 1200px) 560px, (min-width: 992px) 50vw, 100vw\" width=\"721px\" alt=\"2x opony 195\/75R16 NOKIAN TYRES SEASONPROOF C1 110\/108 R\" style=\"max-width: 100%; height: auto; display: block; margin: 0 auto;\"><\/div>\n<\/div>\n<\/div>\n<\/div>\n<\/div>\n<\/div>\n<div style=\"clear: both; display: block; margin: 10px 0;\">\n<div style=\"clear: both; display: block; margin: 10px 0;\">\n<div style=\"clear: both; display: block; margin: 10px 0;\">\n<h3 style=\"color: #2c5aa0; font-size: 18px; margin: 30px 0 15px 0; font-weight: bold; clear: both; display: block; width: 100%; float: none; position: static;\">Informacje dodatkowe:<\/h3>\n<ul style=\"margin: 15px 0; padding-left: 20px; clear: both; display: block; width: 100%; float: none; position: static;\">\n<li style=\"margin: 5px 0; padding: 2px 0; clear: both; display: list-item; float: none; position: static;\">Rok produkcji: 2024\/2025 (kupuj\u0105c z tej oferty otrzymasz opony fabrycznie nowe, pe\u0142nowarto\u015bciowe, a ich data produkcji jest nie starsza ni\u017c ubieg\u0142y rok) <\/li>\n<li style=\"margin: 5px 0; padding: 2px 0; clear: both; display: list-item; float: none; position: static;\">stan: fabrycznie nowe <\/li>\n<\/ul>\n<\/div>\n<\/div>\n<\/div>\n<div style=\"clear: both; display: block; margin: 10px 0;\">\n<div style=\"clear: both; display: block; margin: 10px 0;\">\n<div style=\"clear: both; display: block; margin: 10px 0;\">\n<div  style=\"max-width:721px;max-height:1024px\">\n<div style=\"clear: both; display: block; margin: 10px 0;\">\n<div style=\"clear: both; width: 100%; display: block; margin: 20px 0; padding: 0; float: none; position: static; text-align: center;\"><img decoding=\"async\"  src=\"https:\/\/a.allegroimg.com\/original\/11a9de\/c52d038d4a1789e7983b5942fd18\/2x-opony-195-75R16-NOKIAN-TYRES-SEASONPROOF-C1-110-108-R\" srcset=\"https:\/\/a.allegroimg.com\/original\/11a9de\/c52d038d4a1789e7983b5942fd18\/2x-opony-195-75R16-NOKIAN-TYRES-SEASONPROOF-C1-110-108-R 253w,https:\/\/a.allegroimg.com\/original\/11a9de\/c52d038d4a1789e7983b5942fd18\/2x-opony-195-75R16-NOKIAN-TYRES-SEASONPROOF-C1-110-108-R 506w,https:\/\/a.allegroimg.com\/original\/11a9de\/c52d038d4a1789e7983b5942fd18\/2x-opony-195-75R16-NOKIAN-TYRES-SEASONPROOF-C1-110-108-R 721w,https:\/\/a.allegroimg.com\/original\/11a9de\/c52d038d4a1789e7983b5942fd18\/2x-opony-195-75R16-NOKIAN-TYRES-SEASONPROOF-C1-110-108-R 721w\" sizes=\"100vw\" width=\"721px\" alt=\"2x opony 195\/75R16 NOKIAN TYRES SEASONPROOF C1 110\/108 R\" style=\"max-width: 100%; height: auto; display: block; margin: 0 auto;\"><\/div>\n<\/div>\n<\/div>\n<\/div>\n<\/div>\n<\/div>\n<\/div>\n<\/div>\n<\/div>\n<div style=\"clear: both; display: block; margin: 10px 0;\">\n","protected":false},"excerpt":{"rendered":"<p>Nokian Tyres Seasonproof C1 195\/75R16 110\/108 R<\/p>\n<p>Opona Nokian Tyres Seasonproof C 195\/75R16 110 R<\/p>\n<p>Cechy produktu:<\/p>\n<p>sezon: Ca\u0142oroczne<\/p>\n<p>szeroko\u015b\u0107\/profil\/\u015brednica: 195\/75R16<\/p>\n<p>indeks no\u015bno\u015bci: 110 &#8211; 1060 kg<\/p>\n<p>indeks pr\u0119dko\u015bci: R do 170 km\/h<\/p>\n<p>przyczepno\u015b\u0107 na \u015bniegu (3PMSF)<\/p>\n","protected":false},"featured_media":14966,"template":"","meta":{"_uag_custom_page_level_css":""},"product_brand":[387],"product_cat":[416,417,413,412],"product_tag":[],"class_list":{"0":"post-14965","1":"product","2":"type-product","3":"status-publish","4":"has-post-thumbnail","6":"product_brand-nokian-tyres","7":"product_cat-caloroczne","8":"product_cat-do-samochodow-dostawczych","9":"product_cat-opony","10":"product_cat-opony-i-felgi","12":"first","13":"instock","14":"shipping-taxable","15":"purchasable","16":"product-type-simple"},"uagb_featured_image_src":{"full":["https:\/\/oponixo.shop\/tire\/wp-content\/uploads\/2026\/01\/allegro-image-14965.jpg",721,1024,false],"thumbnail":["https:\/\/oponixo.shop\/tire\/wp-content\/uploads\/2026\/01\/allegro-image-14965-150x150.jpg",150,150,true],"medium":["https:\/\/oponixo.shop\/tire\/wp-content\/uploads\/2026\/01\/allegro-image-14965-211x300.jpg",211,300,true],"medium_large":["https:\/\/oponixo.shop\/tire\/wp-content\/uploads\/2026\/01\/allegro-image-14965.jpg",721,1024,false],"large":["https:\/\/oponixo.shop\/tire\/wp-content\/uploads\/2026\/01\/allegro-image-14965.jpg",721,1024,false],"1536x1536":["https:\/\/oponixo.shop\/tire\/wp-content\/uploads\/2026\/01\/allegro-image-14965.jpg",721,1024,false],"2048x2048":["https:\/\/oponixo.shop\/tire\/wp-content\/uploads\/2026\/01\/allegro-image-14965.jpg",721,1024,false],"woocommerce_thumbnail":["https:\/\/oponixo.shop\/tire\/wp-content\/uploads\/2026\/01\/allegro-image-14965-300x300.jpg",300,300,true],"woocommerce_single":["https:\/\/oponixo.shop\/tire\/wp-content\/uploads\/2026\/01\/allegro-image-14965-600x852.jpg",600,852,true],"woocommerce_gallery_thumbnail":["https:\/\/oponixo.shop\/tire\/wp-content\/uploads\/2026\/01\/allegro-image-14965-100x100.jpg",100,100,true]},"uagb_author_info":{"display_name":"admin","author_link":"https:\/\/oponixo.shop\/tire\/author\/"},"uagb_comment_info":0,"uagb_excerpt":"Nokian Tyres Seasonproof C1 195\/75R16 110\/108 R Opona Nokian Tyres Seasonproof C 195\/75R16 110 R Cechy produktu: sezon: Ca\u0142oroczne szeroko\u015b\u0107\/profil\/\u015brednica: 195\/75R16 indeks no\u015bno\u015bci: 110 - 1060 kg indeks pr\u0119dko\u015bci: R do 170 km\/h przyczepno\u015b\u0107 na \u015bniegu (3PMSF)","_links":{"self":[{"href":"https:\/\/oponixo.shop\/tire\/wp-json\/wp\/v2\/product\/14965","targetHints":{"allow":["GET"]}}],"collection":[{"href":"https:\/\/oponixo.shop\/tire\/wp-json\/wp\/v2\/product"}],"about":[{"href":"https:\/\/oponixo.shop\/tire\/wp-json\/wp\/v2\/types\/product"}],"wp:featuredmedia":[{"embeddable":true,"href":"https:\/\/oponixo.shop\/tire\/wp-json\/wp\/v2\/media\/14966"}],"wp:attachment":[{"href":"https:\/\/oponixo.shop\/tire\/wp-json\/wp\/v2\/media?parent=14965"}],"wp:term":[{"taxonomy":"product_brand","embeddable":true,"href":"https:\/\/oponixo.shop\/tire\/wp-json\/wp\/v2\/product_brand?post=14965"},{"taxonomy":"product_cat","embeddable":true,"href":"https:\/\/oponixo.shop\/tire\/wp-json\/wp\/v2\/product_cat?post=14965"},{"taxonomy":"product_tag","embeddable":true,"href":"https:\/\/oponixo.shop\/tire\/wp-json\/wp\/v2\/product_tag?post=14965"}],"curies":[{"name":"wp","href":"https:\/\/api.w.org\/{rel}","templated":true}]}}