{"id":14975,"date":"2026-01-13T20:36:39","date_gmt":"2026-01-13T19:36:39","guid":{"rendered":"https:\/\/oponyauto.shop\/xef5\/produkt\/2x-opony-265-70r18-sailun-terramax-a-t-124-121r\/"},"modified":"2026-01-13T20:36:40","modified_gmt":"2026-01-13T19:36:40","slug":"2x-opony-265-70r18-sailun-terramax-a-t-124-121r","status":"publish","type":"product","link":"https:\/\/oponixo.shop\/tire\/produkt\/2x-opony-265-70r18-sailun-terramax-a-t-124-121r\/","title":{"rendered":"2x opony 265\/70R18 SAILUN TERRAMAX A\/T 124\/121R"},"content":{"rendered":"<div style=\"font-family: Arial, sans-serif; line-height: 1.6; color: #333; padding: 20px; clear: both; display: block; width: 100%; float: none; position: static; overflow: hidden;\">\n<div style=\"clear: both; display: block; margin: 10px 0;\">\n<div style=\"clear: both; display: block; margin: 10px 0;\">\n<div style=\"clear: both; display: block; margin: 10px 0;\">\n<h2>Opona ca\u0142oroczna Sailun Terramax A\/T 265\/70R18 124 R rant ochronny<\/h2>\n<p style=\"margin: 15px 0; line-height: 1.8; clear: both; display: block; width: 100%; float: none; position: static;\">Opona ca\u0142oroczna Sailun TerraMax A\/T 265\/70R18 124\/121 R<\/p>\n<p style=\"margin: 15px 0; line-height: 1.8; clear: both; display: block; width: 100%; float: none; position: static;\">Cechy produktu:<\/p>\n<ul style=\"margin: 15px 0; padding-left: 20px; clear: both; display: block; width: 100%; float: none; position: static;\">\n<li style=\"margin: 5px 0; padding: 2px 0; clear: both; display: list-item; float: none; position: static;\">sezon: ca\u0142oroczne<\/li>\n<li style=\"margin: 5px 0; padding: 2px 0; clear: both; display: list-item; float: none; position: static;\">szeroko\u015b\u0107\/profil\/\u015brednica: 265\/70R18<\/li>\n<li style=\"margin: 5px 0; padding: 2px 0; clear: both; display: list-item; float: none; position: static;\">indeks no\u015bno\u015bci: 124\/121 &#8211; 1600\/1450 kg<\/li>\n<li style=\"margin: 5px 0; padding: 2px 0; clear: both; display: list-item; float: none; position: static;\">indeks pr\u0119dko\u015bci: R do 170 km\/h<\/li>\n<\/ul>\n<\/div>\n<\/div>\n<div style=\"clear: both; display: block; margin: 10px 0;\">\n<div style=\"clear: both; display: block; margin: 10px 0;\">\n<div  style=\"max-width:533px;max-height:800px\">\n<div style=\"clear: both; display: block; margin: 10px 0;\">\n<div style=\"clear: both; width: 100%; display: block; margin: 20px 0; padding: 0; float: none; position: static; text-align: center;\"><img decoding=\"async\"  src=\"https:\/\/a.allegroimg.com\/original\/003203\/9a13b632485b9850248308a06b47\/2x-opony-265-70R18-SAILUN-TERRAMAX-A-T-124-121R\" srcset=\"https:\/\/a.allegroimg.com\/original\/003203\/9a13b632485b9850248308a06b47\/2x-opony-265-70R18-SAILUN-TERRAMAX-A-T-124-121R 239w,https:\/\/a.allegroimg.com\/original\/003203\/9a13b632485b9850248308a06b47\/2x-opony-265-70R18-SAILUN-TERRAMAX-A-T-124-121R 479w,https:\/\/a.allegroimg.com\/original\/003203\/9a13b632485b9850248308a06b47\/2x-opony-265-70R18-SAILUN-TERRAMAX-A-T-124-121R 533w,https:\/\/a.allegroimg.com\/original\/003203\/9a13b632485b9850248308a06b47\/2x-opony-265-70R18-SAILUN-TERRAMAX-A-T-124-121R 533w\" sizes=\"(min-width: 1200px) 560px, (min-width: 992px) 50vw, 100vw\" width=\"533px\" alt=\"2x opony 265\/70R18 SAILUN TERRAMAX A\/T 124\/121R\" style=\"max-width: 100%; height: auto; display: block; margin: 0 auto;\"><\/div>\n<\/div>\n<\/div>\n<\/div>\n<\/div>\n<\/div>\n<div style=\"clear: both; display: block; margin: 10px 0;\">\n<div style=\"clear: both; display: block; margin: 10px 0;\">\n<div style=\"clear: both; display: block; margin: 10px 0;\">\n<h3 style=\"color: #2c5aa0; font-size: 18px; margin: 30px 0 15px 0; font-weight: bold; clear: both; display: block; width: 100%; float: none; position: static;\">Informacje dodatkowe:<\/h3>\n<ul style=\"margin: 15px 0; padding-left: 20px; clear: both; display: block; width: 100%; float: none; position: static;\">\n<li style=\"margin: 5px 0; padding: 2px 0; clear: both; display: list-item; float: none; position: static;\">rok produkcji: 2024\/2025 (kupuj\u0105c z tej oferty otrzymasz opony fabrycznie nowe, pe\u0142nowarto\u015bciowe) <\/li>\n<li style=\"margin: 5px 0; padding: 2px 0; clear: both; display: list-item; float: none; position: static;\">stan: fabrycznie nowe <\/li>\n<\/ul>\n<\/div>\n<\/div>\n<\/div>\n<div style=\"clear: both; display: block; margin: 10px 0;\">\n<div style=\"clear: both; display: block; margin: 10px 0;\">\n<div style=\"clear: both; display: block; margin: 10px 0;\">\n<h3 style=\"color: #2c5aa0; font-size: 18px; margin: 30px 0 15px 0; font-weight: bold; clear: both; display: block; width: 100%; float: none; position: static;\">Przeznaczenie<\/h3>\n<p style=\"margin: 15px 0; line-height: 1.8; clear: both; display: block; width: 100%; float: none; position: static;\">Sailun TerraMax A\/T to opony letnie, szosowo-terenowe, przeznaczone do samochod\u00f3w typu SUV, van, pick-up, crossover, a tak\u017ce do aut terenowych. Opony letnie Sailun TerraMax A\/T dostosowane s\u0105 do jazdy po drogach asfaltowych i w terenie. Producent po\u0142o\u017cy\u0142 nacisk na zapewnienie jak najlepszego prowadzenia na asfalcie i w terenie, a tak\u017ce komfortu jazdy.<\/p>\n<h3 style=\"color: #2c5aa0; font-size: 18px; margin: 30px 0 15px 0; font-weight: bold; clear: both; display: block; width: 100%; float: none; position: static;\">Technologia<\/h3>\n<p style=\"margin: 15px 0; line-height: 1.8; clear: both; display: block; width: 100%; float: none; position: static;\">Opony letnie szosowo-terenowe Sailun TerraMax A\/T wyprodukowano z wytrzyma\u0142ej mieszanki gumowej, odpornej na zu\u017cycie i uszkodzenia mechaniczne. Bie\u017cnik opon opracowano z my\u015bl\u0105 o zapewnieniu jak najlepszej przyczepno\u015bci na drogach i w terenie. Zastosowano r\u00f3wnie\u017c rozwi\u0105zania maj\u0105ce na celu zapobieganie klinowaniu si\u0119 \u017cwiru, piasku i b\u0142ota. Lamele bie\u017cnika, u\u0142o\u017cone pod r\u00f3\u017cnymi k\u0105tami, maj\u0105 na celu wyciszenie opon podczas jazdy.<\/p>\n<h3 style=\"color: #2c5aa0; font-size: 18px; margin: 30px 0 15px 0; font-weight: bold; clear: both; display: block; width: 100%; float: none; position: static;\">Bie\u017cnik<\/h3>\n<p style=\"margin: 15px 0; line-height: 1.8; clear: both; display: block; width: 100%; float: none; position: static;\">Opony letnie szosowo-terenowe Sailun TerraMax A\/T maj\u0105 bie\u017cnik o budowie klockowej. Klocki opony maj\u0105 agresywne, ostre kszta\u0142ty. Pokryte s\u0105 g\u0119st\u0105 sieci\u0105 zygzakowatych lamelek. Na ca\u0142ej powierzchni opony znajduj\u0105 si\u0119 szerokie i g\u0142\u0119bokie rowki, maj\u0105ce na celu usuwanie wody i b\u0142ota, zaprojektowane tak, aby u\u0142atwi\u0107 samooczyszczanie si\u0119 opon podczas jazdy.<\/p>\n<h3 style=\"color: #2c5aa0; font-size: 18px; margin: 30px 0 15px 0; font-weight: bold; clear: both; display: block; width: 100%; float: none; position: static;\">Producent<\/h3>\n<p style=\"margin: 15px 0; line-height: 1.8; clear: both; display: block; width: 100%; float: none; position: static;\">Sailun to chi\u0144ski producent ogumienia samochodowego. Firma Sailun rozpocz\u0119\u0142a swoj\u0105 dzia\u0142alno\u015b\u0107 w 2002 roku w Quingdao. Sailun produkuje opony pod mark\u0105 w\u0142asn\u0105 i pod mark\u0105 Rovelo. W ofercie Sailun znajduj\u0105 si\u0119 opony do samochod\u00f3w osobowych, dostawczych, ci\u0119\u017carowych i terenowych. S\u0105 one sprzedawane do wielu kraj\u00f3w \u015bwiata.<\/p>\n<\/div>\n<\/div>\n<\/div>\n<div style=\"clear: both; display: block; margin: 10px 0;\">\n<div style=\"clear: both; display: block; margin: 10px 0;\">\n<div style=\"clear: both; display: block; margin: 10px 0;\">\n<div  style=\"max-width:533px;max-height:800px\">\n<div style=\"clear: both; display: block; margin: 10px 0;\">\n<div style=\"clear: both; width: 100%; display: block; margin: 20px 0; padding: 0; float: none; position: static; text-align: center;\"><img decoding=\"async\"  src=\"https:\/\/a.allegroimg.com\/original\/003203\/9a13b632485b9850248308a06b47\/2x-opony-265-70R18-SAILUN-TERRAMAX-A-T-124-121R\" srcset=\"https:\/\/a.allegroimg.com\/original\/003203\/9a13b632485b9850248308a06b47\/2x-opony-265-70R18-SAILUN-TERRAMAX-A-T-124-121R 239w,https:\/\/a.allegroimg.com\/original\/003203\/9a13b632485b9850248308a06b47\/2x-opony-265-70R18-SAILUN-TERRAMAX-A-T-124-121R 479w,https:\/\/a.allegroimg.com\/original\/003203\/9a13b632485b9850248308a06b47\/2x-opony-265-70R18-SAILUN-TERRAMAX-A-T-124-121R 533w,https:\/\/a.allegroimg.com\/original\/003203\/9a13b632485b9850248308a06b47\/2x-opony-265-70R18-SAILUN-TERRAMAX-A-T-124-121R 533w\" sizes=\"100vw\" width=\"533px\" alt=\"2x opony 265\/70R18 SAILUN TERRAMAX A\/T 124\/121R\" style=\"max-width: 100%; height: auto; display: block; margin: 0 auto;\"><\/div>\n<\/div>\n<\/div>\n<\/div>\n<\/div>\n<\/div>\n<\/div>\n<\/div>\n<\/div>\n<div style=\"clear: both; display: block; margin: 10px 0;\">\n","protected":false},"excerpt":{"rendered":"<p>Opona ca\u0142oroczna Sailun Terramax A\/T 265\/70R18 124 R rant ochronny<\/p>\n<p>Opona ca\u0142oroczna Sailun TerraMax A\/T 265\/70R18 124\/121 R<\/p>\n<p>Cechy produktu:<\/p>\n<p>sezon: ca\u0142oroczne<\/p>\n<p>szeroko\u015b\u0107\/profil\/\u015brednica: 265\/70R18<\/p>\n<p>indeks no\u015bno\u015bci: 124\/121 &#8211; 1600\/1450 kg<\/p>\n<p>indeks pr\u0119dko\u015bci: R do 170 km\/h<\/p>\n<p>Informacje dodatkowe:<\/p>\n","protected":false},"featured_media":14976,"template":"","meta":{"_uag_custom_page_level_css":""},"product_brand":[398],"product_cat":[416,428,413,412],"product_tag":[],"class_list":{"0":"post-14975","1":"product","2":"type-product","3":"status-publish","4":"has-post-thumbnail","6":"product_brand-sailun","7":"product_cat-caloroczne","8":"product_cat-do-samochodow-terenowych-i-4x4","9":"product_cat-opony","10":"product_cat-opony-i-felgi","12":"first","13":"instock","14":"shipping-taxable","15":"purchasable","16":"product-type-simple"},"uagb_featured_image_src":{"full":["https:\/\/oponixo.shop\/tire\/wp-content\/uploads\/2026\/01\/allegro-image-14975.jpg",533,800,false],"thumbnail":["https:\/\/oponixo.shop\/tire\/wp-content\/uploads\/2026\/01\/allegro-image-14975-150x150.jpg",150,150,true],"medium":["https:\/\/oponixo.shop\/tire\/wp-content\/uploads\/2026\/01\/allegro-image-14975-200x300.jpg",200,300,true],"medium_large":["https:\/\/oponixo.shop\/tire\/wp-content\/uploads\/2026\/01\/allegro-image-14975.jpg",533,800,false],"large":["https:\/\/oponixo.shop\/tire\/wp-content\/uploads\/2026\/01\/allegro-image-14975.jpg",533,800,false],"1536x1536":["https:\/\/oponixo.shop\/tire\/wp-content\/uploads\/2026\/01\/allegro-image-14975.jpg",533,800,false],"2048x2048":["https:\/\/oponixo.shop\/tire\/wp-content\/uploads\/2026\/01\/allegro-image-14975.jpg",533,800,false],"woocommerce_thumbnail":["https:\/\/oponixo.shop\/tire\/wp-content\/uploads\/2026\/01\/allegro-image-14975-300x300.jpg",300,300,true],"woocommerce_single":["https:\/\/oponixo.shop\/tire\/wp-content\/uploads\/2026\/01\/allegro-image-14975.jpg",533,800,false],"woocommerce_gallery_thumbnail":["https:\/\/oponixo.shop\/tire\/wp-content\/uploads\/2026\/01\/allegro-image-14975-100x100.jpg",100,100,true]},"uagb_author_info":{"display_name":"admin","author_link":"https:\/\/oponixo.shop\/tire\/author\/"},"uagb_comment_info":0,"uagb_excerpt":"Opona ca\u0142oroczna Sailun Terramax A\/T 265\/70R18 124 R rant ochronny Opona ca\u0142oroczna Sailun TerraMax A\/T 265\/70R18 124\/121 R Cechy produktu: sezon: ca\u0142oroczne szeroko\u015b\u0107\/profil\/\u015brednica: 265\/70R18 indeks no\u015bno\u015bci: 124\/121 - 1600\/1450 kg indeks pr\u0119dko\u015bci: R do 170 km\/h Informacje dodatkowe:","_links":{"self":[{"href":"https:\/\/oponixo.shop\/tire\/wp-json\/wp\/v2\/product\/14975","targetHints":{"allow":["GET"]}}],"collection":[{"href":"https:\/\/oponixo.shop\/tire\/wp-json\/wp\/v2\/product"}],"about":[{"href":"https:\/\/oponixo.shop\/tire\/wp-json\/wp\/v2\/types\/product"}],"wp:featuredmedia":[{"embeddable":true,"href":"https:\/\/oponixo.shop\/tire\/wp-json\/wp\/v2\/media\/14976"}],"wp:attachment":[{"href":"https:\/\/oponixo.shop\/tire\/wp-json\/wp\/v2\/media?parent=14975"}],"wp:term":[{"taxonomy":"product_brand","embeddable":true,"href":"https:\/\/oponixo.shop\/tire\/wp-json\/wp\/v2\/product_brand?post=14975"},{"taxonomy":"product_cat","embeddable":true,"href":"https:\/\/oponixo.shop\/tire\/wp-json\/wp\/v2\/product_cat?post=14975"},{"taxonomy":"product_tag","embeddable":true,"href":"https:\/\/oponixo.shop\/tire\/wp-json\/wp\/v2\/product_tag?post=14975"}],"curies":[{"name":"wp","href":"https:\/\/api.w.org\/{rel}","templated":true}]}}