{"id":14977,"date":"2026-01-13T20:36:40","date_gmt":"2026-01-13T19:36:40","guid":{"rendered":"https:\/\/oponyauto.shop\/xef5\/produkt\/2x-toyo-open-country-a-t-265-70r18-116-h\/"},"modified":"2026-01-13T20:36:40","modified_gmt":"2026-01-13T19:36:40","slug":"2x-toyo-open-country-a-t-265-70r18-116-h","status":"publish","type":"product","link":"https:\/\/oponixo.shop\/tire\/produkt\/2x-toyo-open-country-a-t-265-70r18-116-h\/","title":{"rendered":"2x TOYO OPEN COUNTRY A\/T 265\/70R18 116 H"},"content":{"rendered":"<div style=\"font-family: Arial, sans-serif; line-height: 1.6; color: #333; padding: 20px; clear: both; display: block; width: 100%; float: none; position: static; overflow: hidden;\">\n<div style=\"clear: both; display: block; margin: 10px 0;\">\n<div style=\"clear: both; display: block; margin: 10px 0;\">\n<div style=\"clear: both; display: block; margin: 10px 0;\">\n<h1>2x TOYO OPEN COUNTRY A\/T 265\/70R18 116 H<\/h1>\n<\/div>\n<\/div>\n<\/div>\n<div style=\"clear: both; display: block; margin: 10px 0;\">\n<div style=\"clear: both; display: block; margin: 10px 0;\">\n<div style=\"clear: both; display: block; margin: 10px 0;\">\n<div  style=\"max-width:920px;max-height:1120px\">\n<div style=\"clear: both; display: block; margin: 10px 0;\">\n<div style=\"clear: both; width: 100%; display: block; margin: 20px 0; padding: 0; float: none; position: static; text-align: center;\"><img decoding=\"async\"  src=\"https:\/\/a.allegroimg.com\/original\/11172a\/d4d18df34d3d86e85f58379bfc66\/2x-TOYO-OPEN-COUNTRY-A-T-265-70R18-116-H\" srcset=\"https:\/\/a.allegroimg.com\/original\/11172a\/d4d18df34d3d86e85f58379bfc66\/2x-TOYO-OPEN-COUNTRY-A-T-265-70R18-116-H 295w,https:\/\/a.allegroimg.com\/original\/11172a\/d4d18df34d3d86e85f58379bfc66\/2x-TOYO-OPEN-COUNTRY-A-T-265-70R18-116-H 591w,https:\/\/a.allegroimg.com\/original\/11172a\/d4d18df34d3d86e85f58379bfc66\/2x-TOYO-OPEN-COUNTRY-A-T-265-70R18-116-H 841w,https:\/\/a.allegroimg.com\/original\/11172a\/d4d18df34d3d86e85f58379bfc66\/2x-TOYO-OPEN-COUNTRY-A-T-265-70R18-116-H 920w,https:\/\/a.allegroimg.com\/original\/11172a\/d4d18df34d3d86e85f58379bfc66\/2x-TOYO-OPEN-COUNTRY-A-T-265-70R18-116-H 920w\" sizes=\"(min-width: 1200px) 560px, (min-width: 992px) 50vw, 100vw\" width=\"920px\" alt=\"2x TOYO OPEN COUNTRY A\/T 265\/70R18 116 H\" style=\"max-width: 100%; height: auto; display: block; margin: 0 auto;\"><\/div>\n<\/div>\n<\/div>\n<\/div>\n<\/div>\n<div style=\"clear: both; display: block; margin: 10px 0;\">\n<div style=\"clear: both; display: block; margin: 10px 0;\">\n<h2>Ca\u0142oroczne opony SUV\/4&#215;4 TOYO OPEN COUNTRY A\/T III 265\/70 R18 116H 116 H<\/h2>\n<p style=\"margin: 15px 0; line-height: 1.8; clear: both; display: block; width: 100%; float: none; position: static;\">Rok produkcji: <b>2025<\/b><\/p>\n<p style=\"margin: 15px 0; line-height: 1.8; clear: both; display: block; width: 100%; float: none; position: static;\">EAN: 4981910565253<\/p>\n<p style=\"margin: 15px 0; line-height: 1.8; clear: both; display: block; width: 100%; float: none; position: static;\">Producent: TOYO<\/p>\n<p style=\"margin: 15px 0; line-height: 1.8; clear: both; display: block; width: 100%; float: none; position: static;\">Klasa: \u015arednia<\/p>\n<p style=\"margin: 15px 0; line-height: 1.8; clear: both; display: block; width: 100%; float: none; position: static;\">Model: OPEN COUNTRY A\/T III<\/p>\n<p style=\"margin: 15px 0; line-height: 1.8; clear: both; display: block; width: 100%; float: none; position: static;\">Rozmiar: 265\/70 R18 116H<\/p>\n<p style=\"margin: 15px 0; line-height: 1.8; clear: both; display: block; width: 100%; float: none; position: static;\">Indeks no\u015bno\u015bci: 116<\/p>\n<p style=\"margin: 15px 0; line-height: 1.8; clear: both; display: block; width: 100%; float: none; position: static;\">Indeks pr\u0119dko\u015bci: H<\/p>\n<p style=\"margin: 15px 0; line-height: 1.8; clear: both; display: block; width: 100%; float: none; position: static;\">Ha\u0142as db: 73<\/p>\n<p style=\"margin: 15px 0; line-height: 1.8; clear: both; display: block; width: 100%; float: none; position: static;\">Sezon: Ca\u0142oroczne<\/p>\n<p style=\"margin: 15px 0; line-height: 1.8; clear: both; display: block; width: 100%; float: none; position: static;\">Przeznaczenie: SUV\/4&#215;4<\/p>\n<p style=\"margin: 15px 0; line-height: 1.8; clear: both; display: block; width: 100%; float: none; position: static;\">* Zdj\u0119cia opon na aukcjach maj\u0105 charakter pogl\u0105dowy. Opony mog\u0105 si\u0119 r\u00f3\u017cni\u0107 od tej prezentowanej na zdj\u0119ciu. (np. mo\u017ce mie\u0107 rant ochronny, wi\u0119cej lub mniej rowk\u00f3w obwodowych, bia\u0142e napisy albo ich brak).<\/p>\n<p style=\"margin: 15px 0; line-height: 1.8; clear: both; display: block; width: 100%; float: none; position: static;\">W sezonie wysy\u0142kowym mog\u0105 nast\u0105pi\u0107 nieznaczne op\u00f3\u017anienia w realizacji i dostawie. Prosz\u0119 mie\u0107 to na uwadze sk\u0142adaj\u0105c zam\u00f3wienie.<\/p>\n<\/div>\n<\/div>\n<\/div>\n<div style=\"clear: both; display: block; margin: 10px 0;\">\n<div style=\"clear: both; display: block; margin: 10px 0;\">\n<div style=\"clear: both; display: block; margin: 10px 0;\">\n<div  style=\"max-width:1006px;max-height:108px\">\n<div style=\"clear: both; display: block; margin: 10px 0;\">\n<div style=\"clear: both; width: 100%; display: block; margin: 20px 0; padding: 0; float: none; position: static; text-align: center;\"><img decoding=\"async\"  src=\"https:\/\/a.allegroimg.com\/original\/11d295\/df0aceb44124a6f784c953af7a0d\/2x-TOYO-OPEN-COUNTRY-A-T-265-70R18-116-H-Liczba-opon-w-ofercie-2-szt\" srcset=\"https:\/\/a.allegroimg.com\/original\/11d295\/df0aceb44124a6f784c953af7a0d\/2x-TOYO-OPEN-COUNTRY-A-T-265-70R18-116-H-Liczba-opon-w-ofercie-2-szt 360w,https:\/\/a.allegroimg.com\/original\/11d295\/df0aceb44124a6f784c953af7a0d\/2x-TOYO-OPEN-COUNTRY-A-T-265-70R18-116-H-Liczba-opon-w-ofercie-2-szt 720w,https:\/\/a.allegroimg.com\/original\/11d295\/df0aceb44124a6f784c953af7a0d\/2x-TOYO-OPEN-COUNTRY-A-T-265-70R18-116-H-Liczba-opon-w-ofercie-2-szt 1006w,https:\/\/a.allegroimg.com\/original\/11d295\/df0aceb44124a6f784c953af7a0d\/2x-TOYO-OPEN-COUNTRY-A-T-265-70R18-116-H-Liczba-opon-w-ofercie-2-szt 1006w\" sizes=\"100vw\" width=\"1006px\" alt=\"2x TOYO OPEN COUNTRY A\/T 265\/70R18 116 H Liczba opon w ofercie 2 szt.\" style=\"max-width: 100%; height: auto; display: block; margin: 0 auto;\"><\/div>\n<\/div>\n<\/div>\n<\/div>\n<\/div>\n<\/div>\n<div style=\"clear: both; display: block; margin: 10px 0;\">\n<div style=\"clear: both; display: block; margin: 10px 0;\">\n<div style=\"clear: both; display: block; margin: 10px 0;\">\n<p style=\"margin: 15px 0; line-height: 1.8; clear: both; display: block; width: 100%; float: none; position: static;\">Toyo &#8211; droga do doskona\u0142o\u015bci na ka\u017cdym kilometrze.<\/p>\n<p style=\"margin: 15px 0; line-height: 1.8; clear: both; display: block; width: 100%; float: none; position: static;\">Toyo &#8211; marka, kt\u00f3ra od samego pocz\u0105tku pragn\u0119\u0142a podbi\u0107 motoryzacyjne niebo. Ju\u017c od momentu za\u0142o\u017cenia w 1945 roku w Japonii, Toyo zdawa\u0142o sobie spraw\u0119, \u017ce droga do doskona\u0142o\u015bci nie jest \u0142atwa. Ale w\u0142a\u015bnie ta determinacja i pasja sprawi\u0142y, \u017ce stali si\u0119 prawdziwymi liderami bran\u017cy oponiarskiej.<\/p>\n<p style=\"margin: 15px 0; line-height: 1.8; clear: both; display: block; width: 100%; float: none; position: static;\">Opony Toyo dedykowane s\u0105 r\u00f3\u017cnorodnym segmentom rynku, aby ka\u017cdy kierowca m\u00f3g\u0142 znale\u017a\u0107 idealne opony dla swojego pojazdu. Je\u015bli kochasz dreszczyk emocji na drodze, Toyo ma dla Ciebie sportowe opony, kt\u00f3re podkr\u0119c\u0105 adrenalin\u0119 podczas ka\u017cdego zakr\u0119tu.<\/p>\n<p style=\"margin: 15px 0; line-height: 1.8; clear: both; display: block; width: 100%; float: none; position: static;\">Ale to nie wszystko! Ciekawostki na temat marki Toyo?<\/p>\n<p style=\"margin: 15px 0; line-height: 1.8; clear: both; display: block; width: 100%; float: none; position: static;\">Marka ta nie tylko oferuje wysokiej jako\u015bci opony, ale tak\u017ce aktywnie wsp\u00f3\u0142pracuje z wieloma znanymi sportowcami z r\u00f3\u017cnych dziedzin. Dzi\u0119ki temu Toyo Tires mo\u017ce nie tylko testowa\u0107 i doskonali\u0107 swoje produkty w ekstremalnych warunkach, ale tak\u017ce promowa\u0107 swoj\u0105 mark\u0119 w\u015br\u00f3d entuzjast\u00f3w sport\u00f3w motorowych na ca\u0142ym \u015bwiecie.<\/p>\n<p style=\"margin: 15px 0; line-height: 1.8; clear: both; display: block; width: 100%; float: none; position: static;\">Jednymi z najbardziej rozpoznawalnych partner\u00f3w marki Toyo Tires s\u0105 BJ Baldwin i Daisuke Hasegawa<\/p>\n<p style=\"margin: 15px 0; line-height: 1.8; clear: both; display: block; width: 100%; float: none; position: static;\">Japo\u0144ski kierowca driftu, znany z doskona\u0142ych umiej\u0119tno\u015bci i widowiskowych pokaz\u00f3w. Toyo Tires jest jednym z jego g\u0142\u00f3wnych sponsor\u00f3w, a on sam cz\u0119sto wyst\u0119puje w reklamach i wydarzeniach promuj\u0105cych mark\u0119. BJ Baldwin to ameryka\u0144skr\u00f3wnie\u017c kierowca rajdowy, a tak\u017ce mistrz Baja 1000 (ekstremalne wy\u015bcigi przez pustyni\u0119 &#8211; tzw Samochodowy Iron Man).<\/p>\n<p style=\"margin: 15px 0; line-height: 1.8; clear: both; display: block; width: 100%; float: none; position: static;\">Wsp\u00f3\u0142praca z takimi sportowcami umo\u017cliwia marce Toyo Tires testowanie i doskonalenie swoich produkt\u00f3w w najbardziej wymagaj\u0105cych warunkach oraz promocj\u0119 swojej marki w\u015br\u00f3d fan\u00f3w sport\u00f3w motorowych.<\/p>\n<\/div>\n<\/div>\n<\/div>\n<div style=\"clear: both; display: block; margin: 10px 0;\">\n<div style=\"clear: both; display: block; margin: 10px 0;\">\n<div style=\"clear: both; display: block; margin: 10px 0;\">\n<div  style=\"max-width:1200px;max-height:1758px\">\n<div style=\"clear: both; display: block; margin: 10px 0;\">\n<div style=\"clear: both; width: 100%; display: block; margin: 20px 0; padding: 0; float: none; position: static; text-align: center;\"><img decoding=\"async\"  src=\"https:\/\/a.allegroimg.com\/original\/111237\/6761e64c4e17887ba4224b9c8c3c\/2x-TOYO-OPEN-COUNTRY-A-T-265-70R18-116-H-Rok-produkcji-2025\" srcset=\"https:\/\/a.allegroimg.com\/original\/111237\/6761e64c4e17887ba4224b9c8c3c\/2x-TOYO-OPEN-COUNTRY-A-T-265-70R18-116-H-Rok-produkcji-2025 245w,https:\/\/a.allegroimg.com\/original\/111237\/6761e64c4e17887ba4224b9c8c3c\/2x-TOYO-OPEN-COUNTRY-A-T-265-70R18-116-H-Rok-produkcji-2025 491w,https:\/\/a.allegroimg.com\/original\/111237\/6761e64c4e17887ba4224b9c8c3c\/2x-TOYO-OPEN-COUNTRY-A-T-265-70R18-116-H-Rok-produkcji-2025 698w,https:\/\/a.allegroimg.com\/original\/111237\/6761e64c4e17887ba4224b9c8c3c\/2x-TOYO-OPEN-COUNTRY-A-T-265-70R18-116-H-Rok-produkcji-2025 982w,https:\/\/a.allegroimg.com\/original\/111237\/6761e64c4e17887ba4224b9c8c3c\/2x-TOYO-OPEN-COUNTRY-A-T-265-70R18-116-H-Rok-produkcji-2025 1200w\" sizes=\"(min-width: 1200px) 560px, (min-width: 992px) 50vw, 100vw\" width=\"1200px\" alt=\"2x TOYO OPEN COUNTRY A\/T 265\/70R18 116 H Rok produkcji 2025\" style=\"max-width: 100%; height: auto; display: block; margin: 0 auto;\"><\/div>\n<\/div>\n<\/div>\n<\/div>\n<\/div>\n<div style=\"clear: both; display: block; margin: 10px 0;\">\n<div style=\"clear: both; display: block; margin: 10px 0;\">\n<h3 style=\"color: #2c5aa0; font-size: 18px; margin: 30px 0 15px 0; font-weight: bold; clear: both; display: block; width: 100%; float: none; position: static;\">Dlaczego warto kupowa\u0107 u nas?<\/h3>\n<p style=\"margin: 15px 0; line-height: 1.8; clear: both; display: block; width: 100%; float: none; position: static;\">Nasza firma dzia\u0142a na rynku ju\u017c od 2007 roku, dlatego mamy naprawd\u0119 bogate do\u015bwiadczenie w tym, co robimy.<\/p>\n<p style=\"margin: 15px 0; line-height: 1.8; clear: both; display: block; width: 100%; float: none; position: static;\">Oferujemy Pa\u0144stwu szeroki asortyment towar\u00f3w i stale pracujemy nad jego poszerzaniem.<\/p>\n<p style=\"margin: 15px 0; line-height: 1.8; clear: both; display: block; width: 100%; float: none; position: static;\">W naszej ofercie ka\u017cdy znajdzie co\u015b dla siebie, zar\u00f3wno wymagaj\u0105cy klient, jak r\u00f3wnie\u017c ten, kt\u00f3ry chce zaoszcz\u0119dzi\u0107.<\/p>\n<p style=\"margin: 15px 0; line-height: 1.8; clear: both; display: block; width: 100%; float: none; position: static;\">Zakupy mo\u017cna u nas robi\u0107 spokojnie i z zaufaniem.<\/p>\n<p style=\"margin: 15px 0; line-height: 1.8; clear: both; display: block; width: 100%; float: none; position: static;\">Je\u015bli z jakiego\u015b powodu nie b\u0119dziesz zadowolony z naszego towaru, mo\u017cna go zwr\u00f3ci\u0107 w ci\u0105gu 14 dni bez podania przyczyny, a my zwr\u00f3cimy pieni\u0105dze.<\/p>\n<p style=\"margin: 15px 0; line-height: 1.8; clear: both; display: block; width: 100%; float: none; position: static;\">W razie jakichkolwiek problem\u00f3w do dyspozycji s\u0105 r\u00f3wnie\u017c nasi operatorzy z\u202fDzia\u0142u Obs\u0142ugi Klienta.<\/p>\n<\/div>\n<\/div>\n<\/div>\n<\/div>\n<\/div>\n<\/div>\n<div style=\"clear: both; display: block; margin: 10px 0;\">\n","protected":false},"excerpt":{"rendered":"<p>2x TOYO OPEN COUNTRY A\/T 265\/70R18 116 H<\/p>\n<p>Ca\u0142oroczne opony SUV\/4&#215;4 TOYO OPEN COUNTRY A\/T III 265\/70 R18 116H 116 H<\/p>\n<p>Rok produkcji: 2025<\/p>\n<p>EAN: 4981910565253<\/p>\n<p>Producent: TOYO<\/p>\n<p>Klasa: \u015arednia<\/p>\n<p>Model: OPEN COUNTRY A\/T III<\/p>\n<p>Rozmiar: 265\/70 R18 116H<\/p>\n","protected":false},"featured_media":14978,"template":"","meta":{"_uag_custom_page_level_css":""},"product_brand":[435],"product_cat":[416,428,413,412],"product_tag":[],"class_list":{"0":"post-14977","1":"product","2":"type-product","3":"status-publish","4":"has-post-thumbnail","6":"product_brand-toyo","7":"product_cat-caloroczne","8":"product_cat-do-samochodow-terenowych-i-4x4","9":"product_cat-opony","10":"product_cat-opony-i-felgi","12":"first","13":"instock","14":"shipping-taxable","15":"purchasable","16":"product-type-simple"},"uagb_featured_image_src":{"full":["https:\/\/oponixo.shop\/tire\/wp-content\/uploads\/2026\/01\/allegro-image-14977.jpg",920,1120,false],"thumbnail":["https:\/\/oponixo.shop\/tire\/wp-content\/uploads\/2026\/01\/allegro-image-14977-150x150.jpg",150,150,true],"medium":["https:\/\/oponixo.shop\/tire\/wp-content\/uploads\/2026\/01\/allegro-image-14977-246x300.jpg",246,300,true],"medium_large":["https:\/\/oponixo.shop\/tire\/wp-content\/uploads\/2026\/01\/allegro-image-14977-768x935.jpg",768,935,true],"large":["https:\/\/oponixo.shop\/tire\/wp-content\/uploads\/2026\/01\/allegro-image-14977-841x1024.jpg",841,1024,true],"1536x1536":["https:\/\/oponixo.shop\/tire\/wp-content\/uploads\/2026\/01\/allegro-image-14977.jpg",920,1120,false],"2048x2048":["https:\/\/oponixo.shop\/tire\/wp-content\/uploads\/2026\/01\/allegro-image-14977.jpg",920,1120,false],"woocommerce_thumbnail":["https:\/\/oponixo.shop\/tire\/wp-content\/uploads\/2026\/01\/allegro-image-14977-300x300.jpg",300,300,true],"woocommerce_single":["https:\/\/oponixo.shop\/tire\/wp-content\/uploads\/2026\/01\/allegro-image-14977-600x730.jpg",600,730,true],"woocommerce_gallery_thumbnail":["https:\/\/oponixo.shop\/tire\/wp-content\/uploads\/2026\/01\/allegro-image-14977-100x100.jpg",100,100,true]},"uagb_author_info":{"display_name":"admin","author_link":"https:\/\/oponixo.shop\/tire\/author\/"},"uagb_comment_info":0,"uagb_excerpt":"2x TOYO OPEN COUNTRY A\/T 265\/70R18 116 H Ca\u0142oroczne opony SUV\/4x4 TOYO OPEN COUNTRY A\/T III 265\/70 R18 116H 116 H Rok produkcji: 2025 EAN: 4981910565253 Producent: TOYO Klasa: \u015arednia Model: OPEN COUNTRY A\/T III Rozmiar: 265\/70 R18 116H","_links":{"self":[{"href":"https:\/\/oponixo.shop\/tire\/wp-json\/wp\/v2\/product\/14977","targetHints":{"allow":["GET"]}}],"collection":[{"href":"https:\/\/oponixo.shop\/tire\/wp-json\/wp\/v2\/product"}],"about":[{"href":"https:\/\/oponixo.shop\/tire\/wp-json\/wp\/v2\/types\/product"}],"wp:featuredmedia":[{"embeddable":true,"href":"https:\/\/oponixo.shop\/tire\/wp-json\/wp\/v2\/media\/14978"}],"wp:attachment":[{"href":"https:\/\/oponixo.shop\/tire\/wp-json\/wp\/v2\/media?parent=14977"}],"wp:term":[{"taxonomy":"product_brand","embeddable":true,"href":"https:\/\/oponixo.shop\/tire\/wp-json\/wp\/v2\/product_brand?post=14977"},{"taxonomy":"product_cat","embeddable":true,"href":"https:\/\/oponixo.shop\/tire\/wp-json\/wp\/v2\/product_cat?post=14977"},{"taxonomy":"product_tag","embeddable":true,"href":"https:\/\/oponixo.shop\/tire\/wp-json\/wp\/v2\/product_tag?post=14977"}],"curies":[{"name":"wp","href":"https:\/\/api.w.org\/{rel}","templated":true}]}}