{"id":14991,"date":"2026-01-13T20:36:44","date_gmt":"2026-01-13T19:36:44","guid":{"rendered":"https:\/\/oponyauto.shop\/xef5\/produkt\/2x-opony-letnie-bridgestone-ep150-ecopia-195-60r17-90h\/"},"modified":"2026-01-13T20:36:44","modified_gmt":"2026-01-13T19:36:44","slug":"2x-opony-letnie-bridgestone-ep150-ecopia-195-60r17-90h","status":"publish","type":"product","link":"https:\/\/oponixo.shop\/tire\/produkt\/2x-opony-letnie-bridgestone-ep150-ecopia-195-60r17-90h\/","title":{"rendered":"2x opony letnie Bridgestone Ep150 Ecopia 195\/60R17 90H"},"content":{"rendered":"<div style=\"font-family: Arial, sans-serif; line-height: 1.6; color: #333; padding: 20px; clear: both; display: block; width: 100%; float: none; position: static; overflow: hidden;\">\n<div style=\"clear: both; display: block; margin: 10px 0;\">\n<div style=\"clear: both; display: block; margin: 10px 0;\">\n<div style=\"clear: both; display: block; margin: 10px 0;\">\n<div  style=\"max-width:500px;max-height:71px\">\n<div style=\"clear: both; display: block; margin: 10px 0;\">\n<div style=\"clear: both; width: 100%; display: block; margin: 20px 0; padding: 0; float: none; position: static; text-align: center;\"><img decoding=\"async\"  src=\"https:\/\/a.allegroimg.com\/original\/11d9dd\/b32ea6be491f862b037db39c8af0\/2x-opony-letnie-Bridgestone-Ep150-Ecopia-195-60R17-90H-Rok-produkcji-2023\" srcset=\"https:\/\/a.allegroimg.com\/original\/11d9dd\/b32ea6be491f862b037db39c8af0\/2x-opony-letnie-Bridgestone-Ep150-Ecopia-195-60R17-90H-Rok-produkcji-2023 360w,https:\/\/a.allegroimg.com\/original\/11d9dd\/b32ea6be491f862b037db39c8af0\/2x-opony-letnie-Bridgestone-Ep150-Ecopia-195-60R17-90H-Rok-produkcji-2023 500w,https:\/\/a.allegroimg.com\/original\/11d9dd\/b32ea6be491f862b037db39c8af0\/2x-opony-letnie-Bridgestone-Ep150-Ecopia-195-60R17-90H-Rok-produkcji-2023 500w\" sizes=\"100vw\" width=\"500px\" alt=\"2x opony letnie Bridgestone Ep150 Ecopia 195\/60R17 90H Rok produkcji 2023\" style=\"max-width: 100%; height: auto; display: block; margin: 0 auto;\"><\/div>\n<\/div>\n<\/div>\n<\/div>\n<\/div>\n<\/div>\n<div style=\"clear: both; display: block; margin: 10px 0;\">\n<div style=\"clear: both; display: block; margin: 10px 0;\">\n<div style=\"clear: both; display: block; margin: 10px 0;\">\n<h1>zestaw 2 sztuk nowych opon letnich<\/h1>\n<h1>Bridgestone Ep150 Ecopia 195\/60R17 90H<\/h1>\n<p style=\"margin: 15px 0; line-height: 1.8; clear: both; display: block; width: 100%; float: none; position: static;\">\n<\/div>\n<\/div>\n<\/div>\n<div style=\"clear: both; display: block; margin: 10px 0;\">\n<div style=\"clear: both; display: block; margin: 10px 0;\">\n<div style=\"clear: both; display: block; margin: 10px 0;\">\n<div  style=\"max-width:394px;max-height:596px\">\n<div style=\"clear: both; display: block; margin: 10px 0;\">\n<div style=\"clear: both; width: 100%; display: block; margin: 20px 0; padding: 0; float: none; position: static; text-align: center;\"><img decoding=\"async\"  src=\"https:\/\/a.allegroimg.com\/original\/11ccee\/25cbc162405eb5c7f578158744a4\/2x-opony-letnie-Bridgestone-Ep150-Ecopia-195-60R17-90H\" srcset=\"https:\/\/a.allegroimg.com\/original\/11ccee\/25cbc162405eb5c7f578158744a4\/2x-opony-letnie-Bridgestone-Ep150-Ecopia-195-60R17-90H 237w,https:\/\/a.allegroimg.com\/original\/11ccee\/25cbc162405eb5c7f578158744a4\/2x-opony-letnie-Bridgestone-Ep150-Ecopia-195-60R17-90H 394w,https:\/\/a.allegroimg.com\/original\/11ccee\/25cbc162405eb5c7f578158744a4\/2x-opony-letnie-Bridgestone-Ep150-Ecopia-195-60R17-90H 394w\" sizes=\"(min-width: 1200px) 560px, (min-width: 992px) 50vw, 100vw\" width=\"394px\" alt=\"2x opony letnie Bridgestone Ep150 Ecopia 195\/60R17 90H\" style=\"max-width: 100%; height: auto; display: block; margin: 0 auto;\"><\/div>\n<\/div>\n<\/div>\n<\/div>\n<\/div>\n<div style=\"clear: both; display: block; margin: 10px 0;\">\n<div style=\"clear: both; display: block; margin: 10px 0;\">\n<p style=\"margin: 15px 0; line-height: 1.8; clear: both; display: block; width: 100%; float: none; position: static;\"><b>Bridgestone Ep150 Ecopia<\/b> to opony <b>letnie<\/b> przeznaczone do samochod\u00f3w <b>osobowych<\/b> oraz suv-\u00f3w. Oryginalny produkt klasy <b>premium<\/b> renomowanej marki <b>Bridgestone<\/b>. Bezkompromisowa jako\u015b\u0107. Przeznaczone do szerokiej gamy samochod\u00f3w osobowych. \u015awietnie sprawdz\u0105 si\u0119 zar\u00f3wno w je\u017cdzie miejskiej jak i na autostradzie.<\/p>\n<ul style=\"margin: 15px 0; padding-left: 20px; clear: both; display: block; width: 100%; float: none; position: static;\">\n<li style=\"margin: 5px 0; padding: 2px 0; clear: both; display: list-item; float: none; position: static;\">rok produkcji: nie starsze ni\u017c <b>2023<\/b><\/li>\n<li style=\"margin: 5px 0; padding: 2px 0; clear: both; display: list-item; float: none; position: static;\">opony <b>nowe<\/b>, oryginalne, z gwarancj\u0105<\/li>\n<li style=\"margin: 5px 0; padding: 2px 0; clear: both; display: list-item; float: none; position: static;\">zapewniaj\u0105 cich\u0105 i p\u0142ynn\u0105 prac\u0119<\/li>\n<li style=\"margin: 5px 0; padding: 2px 0; clear: both; display: list-item; float: none; position: static;\">skutecznie niweluj\u0105 wp\u0142yw nier\u00f3wno\u015bci na drodze na komfort jazdy<\/li>\n<li style=\"margin: 5px 0; padding: 2px 0; clear: both; display: list-item; float: none; position: static;\">bie\u017cnik zu\u017cywa si\u0119 r\u00f3wnomiernie<\/li>\n<li style=\"margin: 5px 0; padding: 2px 0; clear: both; display: list-item; float: none; position: static;\">kr\u00f3tka droga hamowania zar\u00f3wno na suchej jak i mokrej nawierzchni<\/li>\n<li style=\"margin: 5px 0; padding: 2px 0; clear: both; display: list-item; float: none; position: static;\">bardzo dobre odprowadzanie wody<\/li>\n<li style=\"margin: 5px 0; padding: 2px 0; clear: both; display: list-item; float: none; position: static;\">zabezpieczenie przed po\u015blizgiem na wodzie (aquaplaning)<\/li>\n<\/ul>\n<\/div>\n<\/div>\n<\/div>\n<div style=\"clear: both; display: block; margin: 10px 0;\">\n<div style=\"clear: both; display: block; margin: 10px 0;\">\n<div style=\"clear: both; display: block; margin: 10px 0;\">\n<div  style=\"max-width:480px;max-height:733px\">\n<div style=\"clear: both; display: block; margin: 10px 0;\">\n<div style=\"clear: both; width: 100%; display: block; margin: 20px 0; padding: 0; float: none; position: static; text-align: center;\"><img decoding=\"async\"  src=\"https:\/\/a.allegroimg.com\/original\/118a40\/7d881d60425ab90413c3f3ae3b2e\/2x-opony-letnie-Bridgestone-Ep150-Ecopia-195-60R17-90H-Liczba-opon-w-ofercie-2-szt\" srcset=\"https:\/\/a.allegroimg.com\/original\/118a40\/7d881d60425ab90413c3f3ae3b2e\/2x-opony-letnie-Bridgestone-Ep150-Ecopia-195-60R17-90H-Liczba-opon-w-ofercie-2-szt 235w,https:\/\/a.allegroimg.com\/original\/118a40\/7d881d60425ab90413c3f3ae3b2e\/2x-opony-letnie-Bridgestone-Ep150-Ecopia-195-60R17-90H-Liczba-opon-w-ofercie-2-szt 471w,https:\/\/a.allegroimg.com\/original\/118a40\/7d881d60425ab90413c3f3ae3b2e\/2x-opony-letnie-Bridgestone-Ep150-Ecopia-195-60R17-90H-Liczba-opon-w-ofercie-2-szt 480w,https:\/\/a.allegroimg.com\/original\/118a40\/7d881d60425ab90413c3f3ae3b2e\/2x-opony-letnie-Bridgestone-Ep150-Ecopia-195-60R17-90H-Liczba-opon-w-ofercie-2-szt 480w\" sizes=\"100vw\" width=\"480px\" alt=\"2x opony letnie Bridgestone Ep150 Ecopia 195\/60R17 90H Liczba opon w ofercie 2 szt.\" style=\"max-width: 100%; height: auto; display: block; margin: 0 auto;\"><\/div>\n<\/div>\n<\/div>\n<\/div>\n<\/div>\n<\/div>\n<\/div>\n<\/div>\n<\/div>\n<div style=\"clear: both; display: block; margin: 10px 0;\">\n","protected":false},"excerpt":{"rendered":"<p>zestaw 2 sztuk nowych opon letnich<\/p>\n<p>Bridgestone Ep150 Ecopia 195\/60R17 90H<\/p>\n<p>Bridgestone Ep150 Ecopia to opony letnie przeznaczone do samochod\u00f3w osobowych oraz suv-\u00f3w. Oryginalny produkt klasy premium renomowanej marki Bridgestone. Bezkompromisowa jako\u015b\u0107. Przeznaczone do szerokiej gamy samochod\u00f3w osobowych. \u015awietnie sprawdz\u0105 si\u0119 zar\u00f3wno w je\u017cdzie miejskiej jak i na autostradzie.<\/p>\n<p>rok produkcji: nie starsze ni\u017c 2023<\/p>\n<p>opony nowe, oryginalne, z gwarancj\u0105<\/p>\n<p>zapewniaj\u0105 cich\u0105 i p\u0142ynn\u0105 prac\u0119<\/p>\n<p>skutecznie niweluj\u0105 wp\u0142yw nier\u00f3wno\u015bci na drodze na komfort jazdy<\/p>\n<p>bie\u017cnik zu\u017cywa si\u0119 r\u00f3wnomiernie<\/p>\n","protected":false},"featured_media":14992,"template":"","meta":{"_uag_custom_page_level_css":""},"product_brand":[397],"product_cat":[414,418,413,412],"product_tag":[],"class_list":{"0":"post-14991","1":"product","2":"type-product","3":"status-publish","4":"has-post-thumbnail","6":"product_brand-bridgestone","7":"product_cat-do-samochodow-osobowych-i-suv","8":"product_cat-letnie","9":"product_cat-opony","10":"product_cat-opony-i-felgi","12":"first","13":"instock","14":"shipping-taxable","15":"purchasable","16":"product-type-simple"},"uagb_featured_image_src":{"full":["https:\/\/oponixo.shop\/tire\/wp-content\/uploads\/2026\/01\/allegro-image-14991.jpg",394,596,false],"thumbnail":["https:\/\/oponixo.shop\/tire\/wp-content\/uploads\/2026\/01\/allegro-image-14991-150x150.jpg",150,150,true],"medium":["https:\/\/oponixo.shop\/tire\/wp-content\/uploads\/2026\/01\/allegro-image-14991-198x300.jpg",198,300,true],"medium_large":["https:\/\/oponixo.shop\/tire\/wp-content\/uploads\/2026\/01\/allegro-image-14991.jpg",394,596,false],"large":["https:\/\/oponixo.shop\/tire\/wp-content\/uploads\/2026\/01\/allegro-image-14991.jpg",394,596,false],"1536x1536":["https:\/\/oponixo.shop\/tire\/wp-content\/uploads\/2026\/01\/allegro-image-14991.jpg",394,596,false],"2048x2048":["https:\/\/oponixo.shop\/tire\/wp-content\/uploads\/2026\/01\/allegro-image-14991.jpg",394,596,false],"woocommerce_thumbnail":["https:\/\/oponixo.shop\/tire\/wp-content\/uploads\/2026\/01\/allegro-image-14991-300x300.jpg",300,300,true],"woocommerce_single":["https:\/\/oponixo.shop\/tire\/wp-content\/uploads\/2026\/01\/allegro-image-14991.jpg",394,596,false],"woocommerce_gallery_thumbnail":["https:\/\/oponixo.shop\/tire\/wp-content\/uploads\/2026\/01\/allegro-image-14991-100x100.jpg",100,100,true]},"uagb_author_info":{"display_name":"admin","author_link":"https:\/\/oponixo.shop\/tire\/author\/"},"uagb_comment_info":0,"uagb_excerpt":"zestaw 2 sztuk nowych opon letnich Bridgestone Ep150 Ecopia 195\/60R17 90H Bridgestone Ep150 Ecopia to opony letnie przeznaczone do samochod\u00f3w osobowych oraz suv-\u00f3w. Oryginalny produkt klasy premium renomowanej marki Bridgestone. Bezkompromisowa jako\u015b\u0107. Przeznaczone do szerokiej gamy samochod\u00f3w osobowych. \u015awietnie sprawdz\u0105 si\u0119 zar\u00f3wno w je\u017cdzie miejskiej jak i na autostradzie. rok produkcji: nie starsze ni\u017c 2023&hellip;","_links":{"self":[{"href":"https:\/\/oponixo.shop\/tire\/wp-json\/wp\/v2\/product\/14991","targetHints":{"allow":["GET"]}}],"collection":[{"href":"https:\/\/oponixo.shop\/tire\/wp-json\/wp\/v2\/product"}],"about":[{"href":"https:\/\/oponixo.shop\/tire\/wp-json\/wp\/v2\/types\/product"}],"wp:featuredmedia":[{"embeddable":true,"href":"https:\/\/oponixo.shop\/tire\/wp-json\/wp\/v2\/media\/14992"}],"wp:attachment":[{"href":"https:\/\/oponixo.shop\/tire\/wp-json\/wp\/v2\/media?parent=14991"}],"wp:term":[{"taxonomy":"product_brand","embeddable":true,"href":"https:\/\/oponixo.shop\/tire\/wp-json\/wp\/v2\/product_brand?post=14991"},{"taxonomy":"product_cat","embeddable":true,"href":"https:\/\/oponixo.shop\/tire\/wp-json\/wp\/v2\/product_cat?post=14991"},{"taxonomy":"product_tag","embeddable":true,"href":"https:\/\/oponixo.shop\/tire\/wp-json\/wp\/v2\/product_tag?post=14991"}],"curies":[{"name":"wp","href":"https:\/\/api.w.org\/{rel}","templated":true}]}}