{"id":15031,"date":"2026-01-13T20:36:54","date_gmt":"2026-01-13T19:36:54","guid":{"rendered":"https:\/\/oponyauto.shop\/xef5\/produkt\/2x-opony-255-30r19-toyo-snowprox-s954-91w-xl\/"},"modified":"2026-01-13T20:36:54","modified_gmt":"2026-01-13T19:36:54","slug":"2x-opony-255-30r19-toyo-snowprox-s954-91w-xl","status":"publish","type":"product","link":"https:\/\/oponixo.shop\/tire\/produkt\/2x-opony-255-30r19-toyo-snowprox-s954-91w-xl\/","title":{"rendered":"2x opony 255\/30R19 TOYO SNOWPROX S954 91W XL"},"content":{"rendered":"<div style=\"font-family: Arial, sans-serif; line-height: 1.6; color: #333; padding: 20px; clear: both; display: block; width: 100%; float: none; position: static; overflow: hidden;\">\n<div style=\"clear: both; display: block; margin: 10px 0;\">\n<div style=\"clear: both; display: block; margin: 10px 0;\">\n<div style=\"clear: both; display: block; margin: 10px 0;\">\n<h2>Opona zimowa Toyo Snowprox S954 255\/30R19 91 W przyczepno\u015b\u0107 na \u015bniegu (3PMSF), wzmocnienie (XL)<\/h2>\n<p style=\"margin: 15px 0; line-height: 1.8; clear: both; display: block; width: 100%; float: none; position: static;\">Opona zimowa Toyo Snowprox S954 255\/30R19 91 W<\/p>\n<p style=\"margin: 15px 0; line-height: 1.8; clear: both; display: block; width: 100%; float: none; position: static;\">Cechy produktu:<\/p>\n<ul style=\"margin: 15px 0; padding-left: 20px; clear: both; display: block; width: 100%; float: none; position: static;\">\n<li style=\"margin: 5px 0; padding: 2px 0; clear: both; display: list-item; float: none; position: static;\">sezon: zimowe<\/li>\n<li style=\"margin: 5px 0; padding: 2px 0; clear: both; display: list-item; float: none; position: static;\">szeroko\u015b\u0107\/profil\/\u015brednica: 255\/30R19<\/li>\n<li style=\"margin: 5px 0; padding: 2px 0; clear: both; display: list-item; float: none; position: static;\">indeks no\u015bno\u015bci: 91 &#8211; 615 kg<\/li>\n<li style=\"margin: 5px 0; padding: 2px 0; clear: both; display: list-item; float: none; position: static;\">indeks pr\u0119dko\u015bci: W do 270 km\/h<\/li>\n<li style=\"margin: 5px 0; padding: 2px 0; clear: both; display: list-item; float: none; position: static;\">wzmocnienie (XL)<\/li>\n<\/ul>\n<\/div>\n<\/div>\n<div style=\"clear: both; display: block; margin: 10px 0;\">\n<div style=\"clear: both; display: block; margin: 10px 0;\">\n<div  style=\"max-width:600px;max-height:657px\">\n<div style=\"clear: both; display: block; margin: 10px 0;\">\n<div style=\"clear: both; width: 100%; display: block; margin: 20px 0; padding: 0; float: none; position: static; text-align: center;\"><img decoding=\"async\"  src=\"https:\/\/a.allegroimg.com\/original\/006d84\/fecc60be4f4ca935b947f707ab6b\/2x-opony-255-30R19-TOYO-SNOWPROX-S954-91W-XL\" srcset=\"https:\/\/a.allegroimg.com\/original\/006d84\/fecc60be4f4ca935b947f707ab6b\/2x-opony-255-30R19-TOYO-SNOWPROX-S954-91W-XL 328w,https:\/\/a.allegroimg.com\/original\/006d84\/fecc60be4f4ca935b947f707ab6b\/2x-opony-255-30R19-TOYO-SNOWPROX-S954-91W-XL 600w,https:\/\/a.allegroimg.com\/original\/006d84\/fecc60be4f4ca935b947f707ab6b\/2x-opony-255-30R19-TOYO-SNOWPROX-S954-91W-XL 600w\" sizes=\"(min-width: 1200px) 560px, (min-width: 992px) 50vw, 100vw\" width=\"600px\" alt=\"2x opony 255\/30R19 TOYO SNOWPROX S954 91W XL\" style=\"max-width: 100%; height: auto; display: block; margin: 0 auto;\"><\/div>\n<\/div>\n<\/div>\n<\/div>\n<\/div>\n<\/div>\n<div style=\"clear: both; display: block; margin: 10px 0;\">\n<div style=\"clear: both; display: block; margin: 10px 0;\">\n<div style=\"clear: both; display: block; margin: 10px 0;\">\n<h3 style=\"color: #2c5aa0; font-size: 18px; margin: 30px 0 15px 0; font-weight: bold; clear: both; display: block; width: 100%; float: none; position: static;\">Informacje dodatkowe:<\/h3>\n<ul style=\"margin: 15px 0; padding-left: 20px; clear: both; display: block; width: 100%; float: none; position: static;\">\n<li style=\"margin: 5px 0; padding: 2px 0; clear: both; display: list-item; float: none; position: static;\">rok produkcji: 2024\/2025 (kupuj\u0105c z tej oferty otrzymasz opony fabrycznie nowe, pe\u0142nowarto\u015bciowe) <\/li>\n<li style=\"margin: 5px 0; padding: 2px 0; clear: both; display: list-item; float: none; position: static;\">stan: fabrycznie nowe <\/li>\n<\/ul>\n<\/div>\n<\/div>\n<\/div>\n<div style=\"clear: both; display: block; margin: 10px 0;\">\n<div style=\"clear: both; display: block; margin: 10px 0;\">\n<div style=\"clear: both; display: block; margin: 10px 0;\">\n<h3 style=\"color: #2c5aa0; font-size: 18px; margin: 30px 0 15px 0; font-weight: bold; clear: both; display: block; width: 100%; float: none; position: static;\">Przeznaczenie<\/h3>\n<p style=\"margin: 15px 0; line-height: 1.8; clear: both; display: block; width: 100%; float: none; position: static;\">Opony Toyo Snowprox S954 to ogumienie zimowe przeznaczone do montowania na ko\u0142ach samochod\u00f3w osobowych. Producent opon S954 po\u0142o\u017cy\u0142 nacisk na zapewnienie bezpiecze\u0144stwa podczas eksploatacji auta na zimowych drogach. Opony opracowano z my\u015bl\u0105 o wsp\u00f3\u0142czesnych, nieprzewidywalnych zimach. Producent zaleca, aby opony S954 montowa\u0107 w samochodach premium.<\/p>\n<h3 style=\"color: #2c5aa0; font-size: 18px; margin: 30px 0 15px 0; font-weight: bold; clear: both; display: block; width: 100%; float: none; position: static;\">Technologia<\/h3>\n<p style=\"margin: 15px 0; line-height: 1.8; clear: both; display: block; width: 100%; float: none; position: static;\">Zimowe opony samochodowe Toyo Snowprox S954 wyprodukowano z nowoczesnej mieszanki bie\u017cnika dopracowanej pod k\u0105tem zapewnienia elastyczno\u015bci w niskich temperaturach, a tak\u017ce jak najlepszej przyczepno\u015bci na \u015bniegu i wodzie. Opony S954 maj\u0105 specjaln\u0105, symetryczn\u0105 rze\u017ab\u0119 bie\u017cnika zapewniaj\u0105c\u0105 ochron\u0119 przed po\u015blizgiem oraz kr\u00f3tk\u0105 drog\u0119 hamowania. Opony (mieszank\u0119 gumow\u0105, konstrukcj\u0119 i rze\u017ab\u0119 bie\u017cnika) opracowano z my\u015bl\u0105 o typowych polskich zimach, kt\u00f3re s\u0105 nieprzewidywalne i charakteryzuj\u0105 si\u0119 ca\u0142ym spektrum r\u00f3\u017cnorakich zagro\u017ce\u0144 drogowych.<\/p>\n<h3 style=\"color: #2c5aa0; font-size: 18px; margin: 30px 0 15px 0; font-weight: bold; clear: both; display: block; width: 100%; float: none; position: static;\">Bie\u017cnik<\/h3>\n<p style=\"margin: 15px 0; line-height: 1.8; clear: both; display: block; width: 100%; float: none; position: static;\">Zimowe opony samochodowe Toyo Snowprox S954 maj\u0105 bie\u017cnik asymetryczny. Na czole opony znajduj\u0105 si\u0119 trzy w\u0105skie \u017cebra, ka\u017cde pokryte innym uk\u0142adem naci\u0119\u0107. Na barkach zastosowano szerokie, prostok\u0105tne klocki. Ca\u0142o\u015b\u0107 uzupe\u0142niaj\u0105 trzy szerokie rowki obwodowe odpowiadaj\u0105ce za sprawne usuwanie wody, \u015bniegu i b\u0142ota sprzed czo\u0142a opony, chroni\u0105ce samoch\u00f3d przed po\u015blizgiem na mokrych nawierzchniach.<\/p>\n<h3 style=\"color: #2c5aa0; font-size: 18px; margin: 30px 0 15px 0; font-weight: bold; clear: both; display: block; width: 100%; float: none; position: static;\">Producent<\/h3>\n<p style=\"margin: 15px 0; line-height: 1.8; clear: both; display: block; width: 100%; float: none; position: static;\">Toyo to japo\u0144ski producent ogumienia samochodowego. Firma powsta\u0142a w 1945 roku pod nazw\u0105 Toyo Tire &amp; Rubber Co. Ltd. Pocz\u0105tkowo zajmowa\u0142a si\u0119 produkcj\u0105 opon do samochod\u00f3w ci\u0119\u017carowych. W 1966 roku otwarto oddzia\u0142 Toyo Tire na terenie USA. W 1975 roku Toyo rozpocz\u0119\u0142o produkcj\u0119 opon do samochod\u00f3w osobowych. W 1980 roku rozpocz\u0119to produkcj\u0119 opon samochodowych na terenie USA. W tym samym czasie firma zacz\u0119\u0142a bra\u0107 udzia\u0142 w wy\u015bcigach samochodowych, co przyczyni\u0142o si\u0119 do promocji jej produkt\u00f3w. W latach dziewi\u0119\u0107dziesi\u0105tych in\u017cynierowie Toyo wprowadzili na rynek kilka innowacji w dziedzinie wype\u0142niaczy, opon niskoprofilowych czy te\u017c opon do sportowych ci\u0119\u017car\u00f3wek. Nie zapomniano te\u017c o off-roadzie. Toyo to tak\u017ce opony do aut luksusowych, kt\u00f3re zosta\u0142y wprowadzone do oferty w ostatnich latach.<\/p>\n<\/div>\n<\/div>\n<\/div>\n<div style=\"clear: both; display: block; margin: 10px 0;\">\n<div style=\"clear: both; display: block; margin: 10px 0;\">\n<div style=\"clear: both; display: block; margin: 10px 0;\">\n<div  style=\"max-width:600px;max-height:657px\">\n<div style=\"clear: both; display: block; margin: 10px 0;\">\n<div style=\"clear: both; width: 100%; display: block; margin: 20px 0; padding: 0; float: none; position: static; text-align: center;\"><img decoding=\"async\"  src=\"https:\/\/a.allegroimg.com\/original\/006d84\/fecc60be4f4ca935b947f707ab6b\/2x-opony-255-30R19-TOYO-SNOWPROX-S954-91W-XL\" srcset=\"https:\/\/a.allegroimg.com\/original\/006d84\/fecc60be4f4ca935b947f707ab6b\/2x-opony-255-30R19-TOYO-SNOWPROX-S954-91W-XL 328w,https:\/\/a.allegroimg.com\/original\/006d84\/fecc60be4f4ca935b947f707ab6b\/2x-opony-255-30R19-TOYO-SNOWPROX-S954-91W-XL 600w,https:\/\/a.allegroimg.com\/original\/006d84\/fecc60be4f4ca935b947f707ab6b\/2x-opony-255-30R19-TOYO-SNOWPROX-S954-91W-XL 600w\" sizes=\"100vw\" width=\"600px\" alt=\"2x opony 255\/30R19 TOYO SNOWPROX S954 91W XL\" style=\"max-width: 100%; height: auto; display: block; margin: 0 auto;\"><\/div>\n<\/div>\n<\/div>\n<\/div>\n<\/div>\n<\/div>\n<\/div>\n<\/div>\n<\/div>\n<div style=\"clear: both; display: block; margin: 10px 0;\">\n","protected":false},"excerpt":{"rendered":"<p>Opona zimowa Toyo Snowprox S954 255\/30R19 91 W przyczepno\u015b\u0107 na \u015bniegu (3PMSF), wzmocnienie (XL)<\/p>\n<p>Opona zimowa Toyo Snowprox S954 255\/30R19 91 W<\/p>\n<p>Cechy produktu:<\/p>\n<p>sezon: zimowe<\/p>\n<p>szeroko\u015b\u0107\/profil\/\u015brednica: 255\/30R19<\/p>\n<p>indeks no\u015bno\u015bci: 91 &#8211; 615 kg<\/p>\n<p>indeks pr\u0119dko\u015bci: W do 270 km\/h<\/p>\n<p>wzmocnienie (XL)<\/p>\n","protected":false},"featured_media":15032,"template":"","meta":{"_uag_custom_page_level_css":""},"product_brand":[435],"product_cat":[414,413,412,415],"product_tag":[],"class_list":{"0":"post-15031","1":"product","2":"type-product","3":"status-publish","4":"has-post-thumbnail","6":"product_brand-toyo","7":"product_cat-do-samochodow-osobowych-i-suv","8":"product_cat-opony","9":"product_cat-opony-i-felgi","10":"product_cat-zimowe","12":"first","13":"instock","14":"shipping-taxable","15":"purchasable","16":"product-type-simple"},"uagb_featured_image_src":{"full":["https:\/\/oponixo.shop\/tire\/wp-content\/uploads\/2026\/01\/allegro-image-15031.jpg",600,657,false],"thumbnail":["https:\/\/oponixo.shop\/tire\/wp-content\/uploads\/2026\/01\/allegro-image-15031-150x150.jpg",150,150,true],"medium":["https:\/\/oponixo.shop\/tire\/wp-content\/uploads\/2026\/01\/allegro-image-15031-274x300.jpg",274,300,true],"medium_large":["https:\/\/oponixo.shop\/tire\/wp-content\/uploads\/2026\/01\/allegro-image-15031.jpg",600,657,false],"large":["https:\/\/oponixo.shop\/tire\/wp-content\/uploads\/2026\/01\/allegro-image-15031.jpg",600,657,false],"1536x1536":["https:\/\/oponixo.shop\/tire\/wp-content\/uploads\/2026\/01\/allegro-image-15031.jpg",600,657,false],"2048x2048":["https:\/\/oponixo.shop\/tire\/wp-content\/uploads\/2026\/01\/allegro-image-15031.jpg",600,657,false],"woocommerce_thumbnail":["https:\/\/oponixo.shop\/tire\/wp-content\/uploads\/2026\/01\/allegro-image-15031-300x300.jpg",300,300,true],"woocommerce_single":["https:\/\/oponixo.shop\/tire\/wp-content\/uploads\/2026\/01\/allegro-image-15031.jpg",600,657,false],"woocommerce_gallery_thumbnail":["https:\/\/oponixo.shop\/tire\/wp-content\/uploads\/2026\/01\/allegro-image-15031-100x100.jpg",100,100,true]},"uagb_author_info":{"display_name":"admin","author_link":"https:\/\/oponixo.shop\/tire\/author\/"},"uagb_comment_info":0,"uagb_excerpt":"Opona zimowa Toyo Snowprox S954 255\/30R19 91 W przyczepno\u015b\u0107 na \u015bniegu (3PMSF), wzmocnienie (XL) Opona zimowa Toyo Snowprox S954 255\/30R19 91 W Cechy produktu: sezon: zimowe szeroko\u015b\u0107\/profil\/\u015brednica: 255\/30R19 indeks no\u015bno\u015bci: 91 - 615 kg indeks pr\u0119dko\u015bci: W do 270 km\/h wzmocnienie (XL)","_links":{"self":[{"href":"https:\/\/oponixo.shop\/tire\/wp-json\/wp\/v2\/product\/15031","targetHints":{"allow":["GET"]}}],"collection":[{"href":"https:\/\/oponixo.shop\/tire\/wp-json\/wp\/v2\/product"}],"about":[{"href":"https:\/\/oponixo.shop\/tire\/wp-json\/wp\/v2\/types\/product"}],"wp:featuredmedia":[{"embeddable":true,"href":"https:\/\/oponixo.shop\/tire\/wp-json\/wp\/v2\/media\/15032"}],"wp:attachment":[{"href":"https:\/\/oponixo.shop\/tire\/wp-json\/wp\/v2\/media?parent=15031"}],"wp:term":[{"taxonomy":"product_brand","embeddable":true,"href":"https:\/\/oponixo.shop\/tire\/wp-json\/wp\/v2\/product_brand?post=15031"},{"taxonomy":"product_cat","embeddable":true,"href":"https:\/\/oponixo.shop\/tire\/wp-json\/wp\/v2\/product_cat?post=15031"},{"taxonomy":"product_tag","embeddable":true,"href":"https:\/\/oponixo.shop\/tire\/wp-json\/wp\/v2\/product_tag?post=15031"}],"curies":[{"name":"wp","href":"https:\/\/api.w.org\/{rel}","templated":true}]}}