{"id":15045,"date":"2026-01-13T20:36:57","date_gmt":"2026-01-13T19:36:57","guid":{"rendered":"https:\/\/oponyauto.shop\/xef5\/produkt\/2x-laufenn-z-fit-eq-245-30r19-89-y\/"},"modified":"2026-01-13T20:36:57","modified_gmt":"2026-01-13T19:36:57","slug":"2x-laufenn-z-fit-eq-245-30r19-89-y","status":"publish","type":"product","link":"https:\/\/oponixo.shop\/tire\/produkt\/2x-laufenn-z-fit-eq-245-30r19-89-y\/","title":{"rendered":"2x LAUFENN Z FIT EQ 245\/30R19 89 Y"},"content":{"rendered":"<div style=\"font-family: Arial, sans-serif; line-height: 1.6; color: #333; padding: 20px; clear: both; display: block; width: 100%; float: none; position: static; overflow: hidden;\">\n<div style=\"clear: both; display: block; margin: 10px 0;\">\n<div style=\"clear: both; display: block; margin: 10px 0;\">\n<div style=\"clear: both; display: block; margin: 10px 0;\">\n<h2>2x LAUFENN Z FIT EQ 245\/30R19 89 Y<\/h2>\n<\/div>\n<\/div>\n<\/div>\n<div style=\"clear: both; display: block; margin: 10px 0;\">\n<div style=\"clear: both; display: block; margin: 10px 0;\">\n<div style=\"clear: both; display: block; margin: 10px 0;\">\n<div  style=\"max-width:920px;max-height:1120px\">\n<div style=\"clear: both; display: block; margin: 10px 0;\">\n<div style=\"clear: both; width: 100%; display: block; margin: 20px 0; padding: 0; float: none; position: static; text-align: center;\"><img decoding=\"async\"  src=\"https:\/\/a.allegroimg.com\/original\/11dcc1\/b995cd914c19b2135e80fa3e9189\/2x-LAUFENN-Z-FIT-EQ-245-30R19-89-Y\" srcset=\"https:\/\/a.allegroimg.com\/original\/11dcc1\/b995cd914c19b2135e80fa3e9189\/2x-LAUFENN-Z-FIT-EQ-245-30R19-89-Y 295w,https:\/\/a.allegroimg.com\/original\/11dcc1\/b995cd914c19b2135e80fa3e9189\/2x-LAUFENN-Z-FIT-EQ-245-30R19-89-Y 591w,https:\/\/a.allegroimg.com\/original\/11dcc1\/b995cd914c19b2135e80fa3e9189\/2x-LAUFENN-Z-FIT-EQ-245-30R19-89-Y 841w,https:\/\/a.allegroimg.com\/original\/11dcc1\/b995cd914c19b2135e80fa3e9189\/2x-LAUFENN-Z-FIT-EQ-245-30R19-89-Y 920w,https:\/\/a.allegroimg.com\/original\/11dcc1\/b995cd914c19b2135e80fa3e9189\/2x-LAUFENN-Z-FIT-EQ-245-30R19-89-Y 920w\" sizes=\"(min-width: 1200px) 560px, (min-width: 992px) 50vw, 100vw\" width=\"920px\" alt=\"2x LAUFENN Z FIT EQ 245\/30R19 89 Y\" style=\"max-width: 100%; height: auto; display: block; margin: 0 auto;\"><\/div>\n<\/div>\n<\/div>\n<\/div>\n<\/div>\n<div style=\"clear: both; display: block; margin: 10px 0;\">\n<div style=\"clear: both; display: block; margin: 10px 0;\">\n<h2>Letnie opony LAUFENN Z FIT EQ LK03 245\/30 R19 89 Y<\/h2>\n<p style=\"margin: 15px 0; line-height: 1.8; clear: both; display: block; width: 100%; float: none; position: static;\">Opony LAUFENN Z FIT EQ LK03 to znacz\u0105cy model w portfolio producenta.&nbsp;<\/p>\n<p style=\"margin: 15px 0; line-height: 1.8; clear: both; display: block; width: 100%; float: none; position: static;\"> Opony klasy ekonomicznej maj\u0105 \u015bwietny stosunek jako\u015bci do ceny.<\/p>\n<ul style=\"margin: 15px 0; padding-left: 20px; clear: both; display: block; width: 100%; float: none; position: static;\">\n<li style=\"margin: 5px 0; padding: 2px 0; clear: both; display: list-item; float: none; position: static;\"><b>Stan:<\/b>&nbsp;Nowy<\/li>\n<li style=\"margin: 5px 0; padding: 2px 0; clear: both; display: list-item; float: none; position: static;\"><b>EAN:<\/b>&nbsp;8808563525938<\/li>\n<li style=\"margin: 5px 0; padding: 2px 0; clear: both; display: list-item; float: none; position: static;\"><b>Producent:<\/b> LAUFENN<\/li>\n<li style=\"margin: 5px 0; padding: 2px 0; clear: both; display: list-item; float: none; position: static;\"><b>Model:<\/b> Z FIT EQ LK03<\/li>\n<li style=\"margin: 5px 0; padding: 2px 0; clear: both; display: list-item; float: none; position: static;\"><b>Rozmiar:<\/b> 245\/30 R19<\/li>\n<li style=\"margin: 5px 0; padding: 2px 0; clear: both; display: list-item; float: none; position: static;\"><b>Indeks no\u015bno\u015bci:<\/b> 89<\/li>\n<li style=\"margin: 5px 0; padding: 2px 0; clear: both; display: list-item; float: none; position: static;\"><b>Indeks pr\u0119dko\u015bci:<\/b> Y<\/li>\n<li style=\"margin: 5px 0; padding: 2px 0; clear: both; display: list-item; float: none; position: static;\"><b>Ha\u0142as db:<\/b>&nbsp;72<\/li>\n<li style=\"margin: 5px 0; padding: 2px 0; clear: both; display: list-item; float: none; position: static;\"><b>Sezon:<\/b> Letnie<\/li>\n<li style=\"margin: 5px 0; padding: 2px 0; clear: both; display: list-item; float: none; position: static;\"><b>Rok produkcji:<\/b> 2024<\/li>\n<li style=\"margin: 5px 0; padding: 2px 0; clear: both; display: list-item; float: none; position: static;\"><b>Przeznaczenie:<\/b> Osobowe<\/li>\n<li style=\"margin: 5px 0; padding: 2px 0; clear: both; display: list-item; float: none; position: static;\"><b>Kl. przycz. na mokrej naw.:<\/b>&nbsp;A<\/li>\n<li style=\"margin: 5px 0; padding: 2px 0; clear: both; display: list-item; float: none; position: static;\"><b>Kl. efekt. paliwowej:&nbsp;<\/b>E<\/li>\n<\/ul>\n<\/div>\n<\/div>\n<\/div>\n<div style=\"clear: both; display: block; margin: 10px 0;\">\n<div style=\"clear: both; display: block; margin: 10px 0;\">\n<div style=\"clear: both; display: block; margin: 10px 0;\">\n<div  style=\"max-width:1875px;max-height:341px\">\n<div style=\"clear: both; display: block; margin: 10px 0;\">\n<div style=\"clear: both; width: 100%; display: block; margin: 20px 0; padding: 0; float: none; position: static; text-align: center;\"><img decoding=\"async\"  src=\"https:\/\/a.allegroimg.com\/original\/11338d\/bf1707a74bfea71872a29e4dfbb0\/2x-LAUFENN-Z-FIT-EQ-245-30R19-89-Y-Liczba-opon-w-ofercie-2-szt\" srcset=\"https:\/\/a.allegroimg.com\/original\/11338d\/bf1707a74bfea71872a29e4dfbb0\/2x-LAUFENN-Z-FIT-EQ-245-30R19-89-Y-Liczba-opon-w-ofercie-2-szt 360w,https:\/\/a.allegroimg.com\/original\/11338d\/bf1707a74bfea71872a29e4dfbb0\/2x-LAUFENN-Z-FIT-EQ-245-30R19-89-Y-Liczba-opon-w-ofercie-2-szt 720w,https:\/\/a.allegroimg.com\/original\/11338d\/bf1707a74bfea71872a29e4dfbb0\/2x-LAUFENN-Z-FIT-EQ-245-30R19-89-Y-Liczba-opon-w-ofercie-2-szt 1024w,https:\/\/a.allegroimg.com\/original\/11338d\/bf1707a74bfea71872a29e4dfbb0\/2x-LAUFENN-Z-FIT-EQ-245-30R19-89-Y-Liczba-opon-w-ofercie-2-szt 1440w,https:\/\/a.allegroimg.com\/original\/11338d\/bf1707a74bfea71872a29e4dfbb0\/2x-LAUFENN-Z-FIT-EQ-245-30R19-89-Y-Liczba-opon-w-ofercie-2-szt 1875w\" sizes=\"100vw\" width=\"1875px\" alt=\"2x LAUFENN Z FIT EQ 245\/30R19 89 Y Liczba opon w ofercie 2 szt.\" style=\"max-width: 100%; height: auto; display: block; margin: 0 auto;\"><\/div>\n<\/div>\n<\/div>\n<\/div>\n<\/div>\n<\/div>\n<div style=\"clear: both; display: block; margin: 10px 0;\">\n<div style=\"clear: both; display: block; margin: 10px 0;\">\n<div style=\"clear: both; display: block; margin: 10px 0;\">\n<p style=\"margin: 15px 0; line-height: 1.8; clear: both; display: block; width: 100%; float: none; position: static;\">Laufenn to producent opon klasy ekonomicznej, kt\u00f3ry dzia\u0142a na rynku od 2016 roku. Za powstaniem marki stoi do\u015bwiadczenie du\u017co wi\u0119kszego producenta Hankook Tire, kt\u00f3ra sprzedaje wysokiej jako\u015bci opony w ponad 180 krajach.<\/p>\n<p style=\"margin: 15px 0; line-height: 1.8; clear: both; display: block; width: 100%; float: none; position: static;\">Opony marki Laufenn s\u0105 tworzone przez do\u015bwiadczon\u0105 kadr\u0119 specjalist\u00f3w, kt\u00f3rzy rozumiej\u0105 potrzeby wsp\u00f3\u0142czesnych kierowc\u00f3w. Producent rozwija mark\u0119 Laufenn w spos\u00f3b zr\u00f3wnowa\u017cony, a opony tworzone s\u0105 specjalnie pod europejski rynek. Dzi\u0119ki wielkim inwestycjom, producent opon Laufenn bardzo dynamicznie si\u0119 rozwija. Innowacyjno\u015b\u0107 oraz optymalne parametry jazdy ogumienia Laufenn zyskuj\u0105 pozytywne opinie coraz wi\u0119kszej ilo\u015bci kierowc\u00f3w ze Starego Kontynentu.<\/p>\n<p style=\"margin: 15px 0; line-height: 1.8; clear: both; display: block; width: 100%; float: none; position: static;\">Opony marki Laufenn przeznaczone s\u0105 przede wszystkim dla kierowc\u00f3w ceni\u0105cych sobie bezpiecze\u0144stwo i optymalne osi\u0105gi w codziennej eksploatacji samochodu. Wysoka jako\u015b\u0107 wykonania i dobre osi\u0105gi opon marki Laufenn s\u0105 dost\u0119pne w niskiej cenie, kt\u00f3ra nie b\u0119dzie znacznym obci\u0105\u017ceniem dla portfela.<\/p>\n<\/div>\n<\/div>\n<\/div>\n<div style=\"clear: both; display: block; margin: 10px 0;\">\n<div style=\"clear: both; display: block; margin: 10px 0;\">\n<div style=\"clear: both; display: block; margin: 10px 0;\">\n<div  style=\"max-width:1200px;max-height:1758px\">\n<div style=\"clear: both; display: block; margin: 10px 0;\">\n<div style=\"clear: both; width: 100%; display: block; margin: 20px 0; padding: 0; float: none; position: static; text-align: center;\"><img decoding=\"async\"  src=\"https:\/\/a.allegroimg.com\/original\/11dc9b\/f586764a4a11b7dcd82bc72cfbc2\/2x-LAUFENN-Z-FIT-EQ-245-30R19-89-Y-Rok-produkcji-2024\" srcset=\"https:\/\/a.allegroimg.com\/original\/11dc9b\/f586764a4a11b7dcd82bc72cfbc2\/2x-LAUFENN-Z-FIT-EQ-245-30R19-89-Y-Rok-produkcji-2024 245w,https:\/\/a.allegroimg.com\/original\/11dc9b\/f586764a4a11b7dcd82bc72cfbc2\/2x-LAUFENN-Z-FIT-EQ-245-30R19-89-Y-Rok-produkcji-2024 491w,https:\/\/a.allegroimg.com\/original\/11dc9b\/f586764a4a11b7dcd82bc72cfbc2\/2x-LAUFENN-Z-FIT-EQ-245-30R19-89-Y-Rok-produkcji-2024 698w,https:\/\/a.allegroimg.com\/original\/11dc9b\/f586764a4a11b7dcd82bc72cfbc2\/2x-LAUFENN-Z-FIT-EQ-245-30R19-89-Y-Rok-produkcji-2024 982w,https:\/\/a.allegroimg.com\/original\/11dc9b\/f586764a4a11b7dcd82bc72cfbc2\/2x-LAUFENN-Z-FIT-EQ-245-30R19-89-Y-Rok-produkcji-2024 1200w\" sizes=\"(min-width: 1200px) 560px, (min-width: 992px) 50vw, 100vw\" width=\"1200px\" alt=\"2x LAUFENN Z FIT EQ 245\/30R19 89 Y Rok produkcji 2024\" style=\"max-width: 100%; height: auto; display: block; margin: 0 auto;\"><\/div>\n<\/div>\n<\/div>\n<\/div>\n<\/div>\n<div style=\"clear: both; display: block; margin: 10px 0;\">\n<div style=\"clear: both; display: block; margin: 10px 0;\">\n<p style=\"margin: 15px 0; line-height: 1.8; clear: both; display: block; width: 100%; float: none; position: static;\">Dlaczego warto kupowa\u0107 u Nas ?<\/p>\n<p style=\"margin: 15px 0; line-height: 1.8; clear: both; display: block; width: 100%; float: none; position: static;\">Jeste\u015bmy firm\u0105, kt\u00f3ra na podstawie wieloletniego do\u015bwiadczenia z zaanga\u017cowaniem pomaga klientom w doborze oraz kupnie opon.<\/p>\n<p style=\"margin: 15px 0; line-height: 1.8; clear: both; display: block; width: 100%; float: none; position: static;\">Posiadamy szerok\u0105 game opon do aut osobowych, dostawczych, cie\u017carowych, motocyki jak i opon przemys\u0142owych.<\/p>\n<p style=\"margin: 15px 0; line-height: 1.8; clear: both; display: block; width: 100%; float: none; position: static;\">Gwarancja satysfakcjii oraz bezpiecznie przejechanych kilometr\u00f3w.<\/p>\n<p style=\"margin: 15px 0; line-height: 1.8; clear: both; display: block; width: 100%; float: none; position: static;\">Zosta\u0144 naszym kolejnym zadowolonym klientem.<\/p>\n<p style=\"margin: 15px 0; line-height: 1.8; clear: both; display: block; width: 100%; float: none; position: static;\">ZAPRASZAMY DO ZAKUP\u00d3W.<\/p>\n<\/div>\n<\/div>\n<\/div>\n<\/div>\n<\/div>\n<\/div>\n<div style=\"clear: both; display: block; margin: 10px 0;\">\n","protected":false},"excerpt":{"rendered":"<p>2x LAUFENN Z FIT EQ 245\/30R19 89 Y<\/p>\n<p>Letnie opony LAUFENN Z FIT EQ LK03 245\/30 R19 89 Y<\/p>\n<p>Opony LAUFENN Z FIT EQ LK03 to znacz\u0105cy model w portfolio producenta.&nbsp;<\/p>\n<p>Opony klasy ekonomicznej maj\u0105 \u015bwietny stosunek jako\u015bci do ceny.<\/p>\n<p>Stan:&nbsp;Nowy<\/p>\n<p>EAN:&nbsp;8808563525938<\/p>\n<p>Producent: LAUFENN<\/p>\n<p>Model: Z FIT EQ LK03<\/p>\n","protected":false},"featured_media":15046,"template":"","meta":{"_uag_custom_page_level_css":""},"product_brand":[402],"product_cat":[414,418,413,412],"product_tag":[],"class_list":{"0":"post-15045","1":"product","2":"type-product","3":"status-publish","4":"has-post-thumbnail","6":"product_brand-laufenn","7":"product_cat-do-samochodow-osobowych-i-suv","8":"product_cat-letnie","9":"product_cat-opony","10":"product_cat-opony-i-felgi","12":"first","13":"instock","14":"shipping-taxable","15":"purchasable","16":"product-type-simple"},"uagb_featured_image_src":{"full":["https:\/\/oponixo.shop\/tire\/wp-content\/uploads\/2026\/01\/allegro-image-15045.jpg",920,1120,false],"thumbnail":["https:\/\/oponixo.shop\/tire\/wp-content\/uploads\/2026\/01\/allegro-image-15045-150x150.jpg",150,150,true],"medium":["https:\/\/oponixo.shop\/tire\/wp-content\/uploads\/2026\/01\/allegro-image-15045-246x300.jpg",246,300,true],"medium_large":["https:\/\/oponixo.shop\/tire\/wp-content\/uploads\/2026\/01\/allegro-image-15045-768x935.jpg",768,935,true],"large":["https:\/\/oponixo.shop\/tire\/wp-content\/uploads\/2026\/01\/allegro-image-15045-841x1024.jpg",841,1024,true],"1536x1536":["https:\/\/oponixo.shop\/tire\/wp-content\/uploads\/2026\/01\/allegro-image-15045.jpg",920,1120,false],"2048x2048":["https:\/\/oponixo.shop\/tire\/wp-content\/uploads\/2026\/01\/allegro-image-15045.jpg",920,1120,false],"woocommerce_thumbnail":["https:\/\/oponixo.shop\/tire\/wp-content\/uploads\/2026\/01\/allegro-image-15045-300x300.jpg",300,300,true],"woocommerce_single":["https:\/\/oponixo.shop\/tire\/wp-content\/uploads\/2026\/01\/allegro-image-15045-600x730.jpg",600,730,true],"woocommerce_gallery_thumbnail":["https:\/\/oponixo.shop\/tire\/wp-content\/uploads\/2026\/01\/allegro-image-15045-100x100.jpg",100,100,true]},"uagb_author_info":{"display_name":"admin","author_link":"https:\/\/oponixo.shop\/tire\/author\/"},"uagb_comment_info":0,"uagb_excerpt":"2x LAUFENN Z FIT EQ 245\/30R19 89 Y Letnie opony LAUFENN Z FIT EQ LK03 245\/30 R19 89 Y Opony LAUFENN Z FIT EQ LK03 to znacz\u0105cy model w portfolio producenta.&nbsp; Opony klasy ekonomicznej maj\u0105 \u015bwietny stosunek jako\u015bci do ceny. Stan:&nbsp;Nowy EAN:&nbsp;8808563525938 Producent: LAUFENN Model: Z FIT EQ LK03","_links":{"self":[{"href":"https:\/\/oponixo.shop\/tire\/wp-json\/wp\/v2\/product\/15045","targetHints":{"allow":["GET"]}}],"collection":[{"href":"https:\/\/oponixo.shop\/tire\/wp-json\/wp\/v2\/product"}],"about":[{"href":"https:\/\/oponixo.shop\/tire\/wp-json\/wp\/v2\/types\/product"}],"wp:featuredmedia":[{"embeddable":true,"href":"https:\/\/oponixo.shop\/tire\/wp-json\/wp\/v2\/media\/15046"}],"wp:attachment":[{"href":"https:\/\/oponixo.shop\/tire\/wp-json\/wp\/v2\/media?parent=15045"}],"wp:term":[{"taxonomy":"product_brand","embeddable":true,"href":"https:\/\/oponixo.shop\/tire\/wp-json\/wp\/v2\/product_brand?post=15045"},{"taxonomy":"product_cat","embeddable":true,"href":"https:\/\/oponixo.shop\/tire\/wp-json\/wp\/v2\/product_cat?post=15045"},{"taxonomy":"product_tag","embeddable":true,"href":"https:\/\/oponixo.shop\/tire\/wp-json\/wp\/v2\/product_tag?post=15045"}],"curies":[{"name":"wp","href":"https:\/\/api.w.org\/{rel}","templated":true}]}}