{"id":15049,"date":"2026-01-13T20:36:58","date_gmt":"2026-01-13T19:36:58","guid":{"rendered":"https:\/\/oponyauto.shop\/xef5\/produkt\/2x-kumho-ecsta-sport-s-ps72-245-30r19-89y-xl-2024-r\/"},"modified":"2026-01-13T20:36:59","modified_gmt":"2026-01-13T19:36:59","slug":"2x-kumho-ecsta-sport-s-ps72-245-30r19-89y-xl-2024-r","status":"publish","type":"product","link":"https:\/\/oponixo.shop\/tire\/produkt\/2x-kumho-ecsta-sport-s-ps72-245-30r19-89y-xl-2024-r\/","title":{"rendered":"2x KUMHO Ecsta Sport S PS72 245\/30R19 89Y XL 2024 r"},"content":{"rendered":"<div style=\"font-family: Arial, sans-serif; line-height: 1.6; color: #333; padding: 20px; clear: both; display: block; width: 100%; float: none; position: static; overflow: hidden;\">\n<div style=\"clear: both; display: block; margin: 10px 0;\">\n<div style=\"clear: both; display: block; margin: 10px 0;\">\n<div style=\"clear: both; display: block; margin: 10px 0;\">\n<div  style=\"max-width:1200px;max-height:1126px\">\n<div style=\"clear: both; display: block; margin: 10px 0;\">\n<div style=\"clear: both; width: 100%; display: block; margin: 20px 0; padding: 0; float: none; position: static; text-align: center;\"><img decoding=\"async\"  src=\"https:\/\/a.allegroimg.com\/original\/11dafe\/7c840d2a41e3a9103182901fbd8c\/2x-KUMHO-Ecsta-Sport-S-PS72-245-30R19-89Y-XL-2024-r\" srcset=\"https:\/\/a.allegroimg.com\/original\/11dafe\/7c840d2a41e3a9103182901fbd8c\/2x-KUMHO-Ecsta-Sport-S-PS72-245-30R19-89Y-XL-2024-r 360w,https:\/\/a.allegroimg.com\/original\/11dafe\/7c840d2a41e3a9103182901fbd8c\/2x-KUMHO-Ecsta-Sport-S-PS72-245-30R19-89Y-XL-2024-r 720w,https:\/\/a.allegroimg.com\/original\/11dafe\/7c840d2a41e3a9103182901fbd8c\/2x-KUMHO-Ecsta-Sport-S-PS72-245-30R19-89Y-XL-2024-r 1024w,https:\/\/a.allegroimg.com\/original\/11dafe\/7c840d2a41e3a9103182901fbd8c\/2x-KUMHO-Ecsta-Sport-S-PS72-245-30R19-89Y-XL-2024-r 1200w,https:\/\/a.allegroimg.com\/original\/11dafe\/7c840d2a41e3a9103182901fbd8c\/2x-KUMHO-Ecsta-Sport-S-PS72-245-30R19-89Y-XL-2024-r 1200w\" sizes=\"(min-width: 1200px) 560px, (min-width: 992px) 50vw, 100vw\" width=\"1200px\" alt=\"2x KUMHO Ecsta Sport S PS72 245\/30R19 89Y XL 2024 r\" style=\"max-width: 100%; height: auto; display: block; margin: 0 auto;\"><\/div>\n<\/div>\n<\/div>\n<\/div>\n<\/div>\n<div style=\"clear: both; display: block; margin: 10px 0;\">\n<div style=\"clear: both; display: block; margin: 10px 0;\">\n<h1>KUMHO Ecsta Sport S PS72 245\/30R19 89Y XL<\/h1>\n<h2>H0ZAU0<\/h2>\n<\/div>\n<\/div>\n<\/div>\n<div style=\"clear: both; display: block; margin: 10px 0;\">\n<div style=\"clear: both; display: block; margin: 10px 0;\">\n<div style=\"clear: both; display: block; margin: 10px 0;\">\n<ul style=\"margin: 15px 0; padding-left: 20px; clear: both; display: block; width: 100%; float: none; position: static;\">\n<li style=\"margin: 5px 0; padding: 2px 0; clear: both; display: list-item; float: none; position: static;\"><b>Indeks :<\/b> 245\/30R19 LOKU 89Y PS72S<\/li>\n<li style=\"margin: 5px 0; padding: 2px 0; clear: both; display: list-item; float: none; position: static;\"><b>Kod producenta :<\/b> 2349203<\/li>\n<li style=\"margin: 5px 0; padding: 2px 0; clear: both; display: list-item; float: none; position: static;\"><b>Profil :<\/b> 30<\/li>\n<li style=\"margin: 5px 0; padding: 2px 0; clear: both; display: list-item; float: none; position: static;\"><b>Szeroko\u015b\u0107 :<\/b> 245<\/li>\n<li style=\"margin: 5px 0; padding: 2px 0; clear: both; display: list-item; float: none; position: static;\"><b>Kod EAN :<\/b> 8808956373719<\/li>\n<li style=\"margin: 5px 0; padding: 2px 0; clear: both; display: list-item; float: none; position: static;\"><b>Typ wzmocnienia :<\/b> XL<\/li>\n<li style=\"margin: 5px 0; padding: 2px 0; clear: both; display: list-item; float: none; position: static;\"><b>Klasa opony :<\/b> C1<\/li>\n<li style=\"margin: 5px 0; padding: 2px 0; clear: both; display: list-item; float: none; position: static;\"><b>Indeks no\u015bno\u015bci :<\/b> 89 = 580 kg<\/li>\n<li style=\"margin: 5px 0; padding: 2px 0; clear: both; display: list-item; float: none; position: static;\"><b>Opory toczenia :<\/b> D<\/li>\n<li style=\"margin: 5px 0; padding: 2px 0; clear: both; display: list-item; float: none; position: static;\"><b>Bie\u017cnik :<\/b> Ecsta Sport S PS72<\/li>\n<li style=\"margin: 5px 0; padding: 2px 0; clear: both; display: list-item; float: none; position: static;\"><b>Marka :<\/b> KUMHO<\/li>\n<li style=\"margin: 5px 0; padding: 2px 0; clear: both; display: list-item; float: none; position: static;\"><b>Rozmiar :<\/b> 245\/30R19<\/li>\n<li style=\"margin: 5px 0; padding: 2px 0; clear: both; display: list-item; float: none; position: static;\"><b>Karta informacyjna produktu :<\/b> https:\/\/eprel.ec.europa.eu\/qr\/2169651<\/li>\n<li style=\"margin: 5px 0; padding: 2px 0; clear: both; display: list-item; float: none; position: static;\"><b>\u015arednica :<\/b> 19<\/li>\n<li style=\"margin: 5px 0; padding: 2px 0; clear: both; display: list-item; float: none; position: static;\"><b>Przyczepno\u015b\u0107 na mokrej nawierzchni :<\/b> A<\/li>\n<li style=\"margin: 5px 0; padding: 2px 0; clear: both; display: list-item; float: none; position: static;\"><b>Kl. zew. ha\u0142asu tocz. :<\/b> B<\/li>\n<li style=\"margin: 5px 0; padding: 2px 0; clear: both; display: list-item; float: none; position: static;\"><b>Indeks pr\u0119dko\u015bci :<\/b> Y &#8211; &lt;300 km\/h<\/li>\n<li style=\"margin: 5px 0; padding: 2px 0; clear: both; display: list-item; float: none; position: static;\"><b>Opona wzmocniona :<\/b> 1<\/li>\n<li style=\"margin: 5px 0; padding: 2px 0; clear: both; display: list-item; float: none; position: static;\"><b>Ha\u0142as zewn\u0119trzny [dB] :<\/b> 72<\/li>\n<li style=\"margin: 5px 0; padding: 2px 0; clear: both; display: list-item; float: none; position: static;\"><b>Przeznaczenie :<\/b> Opony osobowe, SUV\/4&#215;4<\/li>\n<li style=\"margin: 5px 0; padding: 2px 0; clear: both; display: list-item; float: none; position: static;\"><b>Klasa :<\/b> \u015arednia<\/li>\n<li style=\"margin: 5px 0; padding: 2px 0; clear: both; display: list-item; float: none; position: static;\"><b>Dedykowana o\u015b :<\/b> Prz\u00f3d\/Ty\u0142<\/li>\n<li style=\"margin: 5px 0; padding: 2px 0; clear: both; display: list-item; float: none; position: static;\"><b>Typ (konstrukcja) :<\/b> [ZR]-Radialna<\/li>\n<li style=\"margin: 5px 0; padding: 2px 0; clear: both; display: list-item; float: none; position: static;\"><b>Typ opony :<\/b> Opona osobowa<\/li>\n<li style=\"margin: 5px 0; padding: 2px 0; clear: both; display: list-item; float: none; position: static;\"><b>Sezon :<\/b> Letnia<\/li>\n<li style=\"margin: 5px 0; padding: 2px 0; clear: both; display: list-item; float: none; position: static;\"><b>D\u0119tka :<\/b> TL<\/li>\n<\/ul>\n<\/div>\n<\/div>\n<\/div>\n<div style=\"clear: both; display: block; margin: 10px 0;\">\n<div style=\"clear: both; display: block; margin: 10px 0;\">\n<div style=\"clear: both; display: block; margin: 10px 0;\">\n<div  style=\"max-width:900px;max-height:500px\">\n<div style=\"clear: both; display: block; margin: 10px 0;\">\n<div style=\"clear: both; width: 100%; display: block; margin: 20px 0; padding: 0; float: none; position: static; text-align: center;\"><img decoding=\"async\"  src=\"https:\/\/a.allegroimg.com\/original\/11a3cf\/62fa332b4ae69dd1955d65e95371\/2x-KUMHO-Ecsta-Sport-S-PS72-245-30R19-89Y-XL-2024-r-Srednica-19\" srcset=\"https:\/\/a.allegroimg.com\/original\/11a3cf\/62fa332b4ae69dd1955d65e95371\/2x-KUMHO-Ecsta-Sport-S-PS72-245-30R19-89Y-XL-2024-r-Srednica-19 360w,https:\/\/a.allegroimg.com\/original\/11a3cf\/62fa332b4ae69dd1955d65e95371\/2x-KUMHO-Ecsta-Sport-S-PS72-245-30R19-89Y-XL-2024-r-Srednica-19 720w,https:\/\/a.allegroimg.com\/original\/11a3cf\/62fa332b4ae69dd1955d65e95371\/2x-KUMHO-Ecsta-Sport-S-PS72-245-30R19-89Y-XL-2024-r-Srednica-19 900w,https:\/\/a.allegroimg.com\/original\/11a3cf\/62fa332b4ae69dd1955d65e95371\/2x-KUMHO-Ecsta-Sport-S-PS72-245-30R19-89Y-XL-2024-r-Srednica-19 900w\" sizes=\"(min-width: 1200px) 560px, (min-width: 992px) 50vw, 100vw\" width=\"900px\" alt=\"2x KUMHO Ecsta Sport S PS72 245\/30R19 89Y XL 2024 r \u015arednica 19&quot;\" style=\"max-width: 100%; height: auto; display: block; margin: 0 auto;\"><\/div>\n<\/div>\n<\/div>\n<\/div>\n<\/div>\n<div style=\"clear: both; display: block; margin: 10px 0;\">\n<div style=\"clear: both; display: block; margin: 10px 0;\">\n<h1>Kumho<\/h1>\n<p style=\"margin: 15px 0; line-height: 1.8; clear: both; display: block; width: 100%; float: none; position: static;\">Firma Kumho Tire z g\u0142\u00f3wn\u0105 siedzib\u0105 w Seulu zosta\u0142a utworzona w roku 1960, a aktualnie nale\u017cy do jednych z wiod\u0105cych producent\u00f3w opon. Kumho Tire nale\u017cy do bogatej w tradycje grupy Kumho Asiana Group, jednego z najbardziej renomowanych i najwi\u0119kszych przedsi\u0119biorstw Korei, do kt\u00f3rej przyk\u0142adowo nale\u017cy tak\u017ce Asiana Airlines i Star Alliance.<br \/>\nWraz z 9 400 pracownikami na ca\u0142ym \u015bwiecie Kumho projektuje, produkuje i sprzedaje w wi\u0119kszo\u015bci opony do samochod\u00f3w osobowych, ma\u0142ych i du\u017cych samochod\u00f3w ci\u0119\u017carowych. Kumho posiada zak\u0142ady produkcyjne w Korei, Chinach i Wietnamie. Poza tym firma prowadzi centra badawczo-rozwojowe w Korei, Chinach, Europie i Ameryce P\u00f3\u0142nocnej. Sp\u00f3\u0142ka Kumho Tire Europe GmbH z siedzib\u0105 w Offenbach nad Menem kieruje dzia\u0142alno\u015bci\u0105 marketingow\u0105 i dystrybucyjn\u0105 w Niemczech i w Europie.<\/p>\n<\/div>\n<\/div>\n<\/div>\n<\/div>\n<\/div>\n<\/div>\n<div style=\"clear: both; display: block; margin: 10px 0;\">\n","protected":false},"excerpt":{"rendered":"<p>KUMHO Ecsta Sport S PS72 245\/30R19 89Y XL<\/p>\n<p>H0ZAU0<\/p>\n<p>Indeks : 245\/30R19 LOKU 89Y PS72S<\/p>\n<p>Kod producenta : 2349203<\/p>\n<p>Profil : 30<\/p>\n<p>Szeroko\u015b\u0107 : 245<\/p>\n<p>Kod EAN : 8808956373719<\/p>\n<p>Typ wzmocnienia : XL<\/p>\n","protected":false},"featured_media":15050,"template":"","meta":{"_uag_custom_page_level_css":""},"product_brand":[390],"product_cat":[414,418,413,412],"product_tag":[],"class_list":{"0":"post-15049","1":"product","2":"type-product","3":"status-publish","4":"has-post-thumbnail","6":"product_brand-kumho","7":"product_cat-do-samochodow-osobowych-i-suv","8":"product_cat-letnie","9":"product_cat-opony","10":"product_cat-opony-i-felgi","12":"first","13":"instock","14":"shipping-taxable","15":"purchasable","16":"product-type-simple"},"uagb_featured_image_src":{"full":["https:\/\/oponixo.shop\/tire\/wp-content\/uploads\/2026\/01\/allegro-image-15049.jpg",1200,1126,false],"thumbnail":["https:\/\/oponixo.shop\/tire\/wp-content\/uploads\/2026\/01\/allegro-image-15049-150x150.jpg",150,150,true],"medium":["https:\/\/oponixo.shop\/tire\/wp-content\/uploads\/2026\/01\/allegro-image-15049-300x282.jpg",300,282,true],"medium_large":["https:\/\/oponixo.shop\/tire\/wp-content\/uploads\/2026\/01\/allegro-image-15049-768x721.jpg",768,721,true],"large":["https:\/\/oponixo.shop\/tire\/wp-content\/uploads\/2026\/01\/allegro-image-15049-1024x961.jpg",1024,961,true],"1536x1536":["https:\/\/oponixo.shop\/tire\/wp-content\/uploads\/2026\/01\/allegro-image-15049.jpg",1200,1126,false],"2048x2048":["https:\/\/oponixo.shop\/tire\/wp-content\/uploads\/2026\/01\/allegro-image-15049.jpg",1200,1126,false],"woocommerce_thumbnail":["https:\/\/oponixo.shop\/tire\/wp-content\/uploads\/2026\/01\/allegro-image-15049-300x300.jpg",300,300,true],"woocommerce_single":["https:\/\/oponixo.shop\/tire\/wp-content\/uploads\/2026\/01\/allegro-image-15049-600x563.jpg",600,563,true],"woocommerce_gallery_thumbnail":["https:\/\/oponixo.shop\/tire\/wp-content\/uploads\/2026\/01\/allegro-image-15049-100x100.jpg",100,100,true]},"uagb_author_info":{"display_name":"admin","author_link":"https:\/\/oponixo.shop\/tire\/author\/"},"uagb_comment_info":0,"uagb_excerpt":"KUMHO Ecsta Sport S PS72 245\/30R19 89Y XL H0ZAU0 Indeks : 245\/30R19 LOKU 89Y PS72S Kod producenta : 2349203 Profil : 30 Szeroko\u015b\u0107 : 245 Kod EAN : 8808956373719 Typ wzmocnienia : XL","_links":{"self":[{"href":"https:\/\/oponixo.shop\/tire\/wp-json\/wp\/v2\/product\/15049","targetHints":{"allow":["GET"]}}],"collection":[{"href":"https:\/\/oponixo.shop\/tire\/wp-json\/wp\/v2\/product"}],"about":[{"href":"https:\/\/oponixo.shop\/tire\/wp-json\/wp\/v2\/types\/product"}],"wp:featuredmedia":[{"embeddable":true,"href":"https:\/\/oponixo.shop\/tire\/wp-json\/wp\/v2\/media\/15050"}],"wp:attachment":[{"href":"https:\/\/oponixo.shop\/tire\/wp-json\/wp\/v2\/media?parent=15049"}],"wp:term":[{"taxonomy":"product_brand","embeddable":true,"href":"https:\/\/oponixo.shop\/tire\/wp-json\/wp\/v2\/product_brand?post=15049"},{"taxonomy":"product_cat","embeddable":true,"href":"https:\/\/oponixo.shop\/tire\/wp-json\/wp\/v2\/product_cat?post=15049"},{"taxonomy":"product_tag","embeddable":true,"href":"https:\/\/oponixo.shop\/tire\/wp-json\/wp\/v2\/product_tag?post=15049"}],"curies":[{"name":"wp","href":"https:\/\/api.w.org\/{rel}","templated":true}]}}