{"id":15067,"date":"2026-01-13T20:37:04","date_gmt":"2026-01-13T19:37:04","guid":{"rendered":"https:\/\/oponyauto.shop\/xef5\/produkt\/2x-barum-polaris-6-215-55r16-97h-xl-ev-2025-r\/"},"modified":"2026-01-13T20:37:04","modified_gmt":"2026-01-13T19:37:04","slug":"2x-barum-polaris-6-215-55r16-97h-xl-ev-2025-r","status":"publish","type":"product","link":"https:\/\/oponixo.shop\/tire\/produkt\/2x-barum-polaris-6-215-55r16-97h-xl-ev-2025-r\/","title":{"rendered":"2x BARUM Polaris 6 215\/55R16 97H XL EV 2025 r"},"content":{"rendered":"<div style=\"font-family: Arial, sans-serif; line-height: 1.6; color: #333; padding: 20px; clear: both; display: block; width: 100%; float: none; position: static; overflow: hidden;\">\n<div style=\"clear: both; display: block; margin: 10px 0;\">\n<div style=\"clear: both; display: block; margin: 10px 0;\">\n<div style=\"clear: both; display: block; margin: 10px 0;\">\n<div  style=\"max-width:1200px;max-height:1126px\">\n<div style=\"clear: both; display: block; margin: 10px 0;\">\n<div style=\"clear: both; width: 100%; display: block; margin: 20px 0; padding: 0; float: none; position: static; text-align: center;\"><img decoding=\"async\"  src=\"https:\/\/a.allegroimg.com\/original\/112764\/12dd4dab4d79870b0de1d2ba6031\/2x-BARUM-Polaris-6-215-55R16-97H-XL-EV-2025-r\" srcset=\"https:\/\/a.allegroimg.com\/original\/112764\/12dd4dab4d79870b0de1d2ba6031\/2x-BARUM-Polaris-6-215-55R16-97H-XL-EV-2025-r 360w,https:\/\/a.allegroimg.com\/original\/112764\/12dd4dab4d79870b0de1d2ba6031\/2x-BARUM-Polaris-6-215-55R16-97H-XL-EV-2025-r 720w,https:\/\/a.allegroimg.com\/original\/112764\/12dd4dab4d79870b0de1d2ba6031\/2x-BARUM-Polaris-6-215-55R16-97H-XL-EV-2025-r 1024w,https:\/\/a.allegroimg.com\/original\/112764\/12dd4dab4d79870b0de1d2ba6031\/2x-BARUM-Polaris-6-215-55R16-97H-XL-EV-2025-r 1200w,https:\/\/a.allegroimg.com\/original\/112764\/12dd4dab4d79870b0de1d2ba6031\/2x-BARUM-Polaris-6-215-55R16-97H-XL-EV-2025-r 1200w\" sizes=\"(min-width: 1200px) 560px, (min-width: 992px) 50vw, 100vw\" width=\"1200px\" alt=\"2x BARUM Polaris 6 215\/55R16 97H XL EV 2025 r\" style=\"max-width: 100%; height: auto; display: block; margin: 0 auto;\"><\/div>\n<\/div>\n<\/div>\n<\/div>\n<\/div>\n<div style=\"clear: both; display: block; margin: 10px 0;\">\n<div style=\"clear: both; display: block; margin: 10px 0;\">\n<h1>BARUM Polaris 6 215\/55R16 97H XL EV<\/h1>\n<h2>H117ZF<\/h2>\n<\/div>\n<\/div>\n<\/div>\n<div style=\"clear: both; display: block; margin: 10px 0;\">\n<div style=\"clear: both; display: block; margin: 10px 0;\">\n<div style=\"clear: both; display: block; margin: 10px 0;\">\n<ul style=\"margin: 15px 0; padding-left: 20px; clear: both; display: block; width: 100%; float: none; position: static;\">\n<li style=\"margin: 5px 0; padding: 2px 0; clear: both; display: list-item; float: none; position: static;\"><b>Indeks :<\/b> 215\/55R16 ZOBA 97H P6<\/li>\n<li style=\"margin: 5px 0; padding: 2px 0; clear: both; display: list-item; float: none; position: static;\"><b>Profil :<\/b> 55<\/li>\n<li style=\"margin: 5px 0; padding: 2px 0; clear: both; display: list-item; float: none; position: static;\"><b>Opory toczenia :<\/b> C<\/li>\n<li style=\"margin: 5px 0; padding: 2px 0; clear: both; display: list-item; float: none; position: static;\"><b>Kl. zew. ha\u0142asu tocz. :<\/b> B<\/li>\n<li style=\"margin: 5px 0; padding: 2px 0; clear: both; display: list-item; float: none; position: static;\"><b>\u015arednica :<\/b> 16<\/li>\n<li style=\"margin: 5px 0; padding: 2px 0; clear: both; display: list-item; float: none; position: static;\"><b>Kod EAN :<\/b> 4024063006669<\/li>\n<li style=\"margin: 5px 0; padding: 2px 0; clear: both; display: list-item; float: none; position: static;\"><b>Rozmiar :<\/b> 215\/55R16<\/li>\n<li style=\"margin: 5px 0; padding: 2px 0; clear: both; display: list-item; float: none; position: static;\"><b>Oznaczenie M+S :<\/b> M+S, 3PMSF<\/li>\n<li style=\"margin: 5px 0; padding: 2px 0; clear: both; display: list-item; float: none; position: static;\"><b>Karta informacyjna produktu :<\/b> https:\/\/eprel.ec.europa.eu\/qr\/1558907<\/li>\n<li style=\"margin: 5px 0; padding: 2px 0; clear: both; display: list-item; float: none; position: static;\"><b>Bie\u017cnik :<\/b> Polaris 6<\/li>\n<li style=\"margin: 5px 0; padding: 2px 0; clear: both; display: list-item; float: none; position: static;\"><b>Typ wzmocnienia :<\/b> XL<\/li>\n<li style=\"margin: 5px 0; padding: 2px 0; clear: both; display: list-item; float: none; position: static;\"><b>Szeroko\u015b\u0107 :<\/b> 215<\/li>\n<li style=\"margin: 5px 0; padding: 2px 0; clear: both; display: list-item; float: none; position: static;\"><b>Oznaczenia dodatkowe :<\/b> EV<\/li>\n<li style=\"margin: 5px 0; padding: 2px 0; clear: both; display: list-item; float: none; position: static;\"><b>Indeks no\u015bno\u015bci :<\/b> 97 = 730 kg<\/li>\n<li style=\"margin: 5px 0; padding: 2px 0; clear: both; display: list-item; float: none; position: static;\"><b>Kod producenta :<\/b> 15414890000<\/li>\n<li style=\"margin: 5px 0; padding: 2px 0; clear: both; display: list-item; float: none; position: static;\"><b>Klasa :<\/b> Ekonomiczna<\/li>\n<li style=\"margin: 5px 0; padding: 2px 0; clear: both; display: list-item; float: none; position: static;\"><b>Indeks pr\u0119dko\u015bci :<\/b> H &#8211; &lt;210 km\/h<\/li>\n<li style=\"margin: 5px 0; padding: 2px 0; clear: both; display: list-item; float: none; position: static;\"><b>D\u0119tka :<\/b> TL<\/li>\n<li style=\"margin: 5px 0; padding: 2px 0; clear: both; display: list-item; float: none; position: static;\"><b>Klasa opony :<\/b> C1<\/li>\n<li style=\"margin: 5px 0; padding: 2px 0; clear: both; display: list-item; float: none; position: static;\"><b>Przyczepno\u015b\u0107 na mokrej nawierzchni :<\/b> C<\/li>\n<li style=\"margin: 5px 0; padding: 2px 0; clear: both; display: list-item; float: none; position: static;\"><b>Ha\u0142as zewn\u0119trzny [dB] :<\/b> 72<\/li>\n<li style=\"margin: 5px 0; padding: 2px 0; clear: both; display: list-item; float: none; position: static;\"><b>Typ opony :<\/b> Opona osobowa<\/li>\n<li style=\"margin: 5px 0; padding: 2px 0; clear: both; display: list-item; float: none; position: static;\"><b>Dedykowana o\u015b :<\/b> Prz\u00f3d\/Ty\u0142<\/li>\n<li style=\"margin: 5px 0; padding: 2px 0; clear: both; display: list-item; float: none; position: static;\"><b>Sezon :<\/b> Zimowa<\/li>\n<li style=\"margin: 5px 0; padding: 2px 0; clear: both; display: list-item; float: none; position: static;\"><b>Opona wzmocniona :<\/b> 1<\/li>\n<li style=\"margin: 5px 0; padding: 2px 0; clear: both; display: list-item; float: none; position: static;\"><b>EV :<\/b> 1<\/li>\n<li style=\"margin: 5px 0; padding: 2px 0; clear: both; display: list-item; float: none; position: static;\"><b>Przyczepno\u015b\u0107 na \u015bniegu :<\/b> 1<\/li>\n<li style=\"margin: 5px 0; padding: 2px 0; clear: both; display: list-item; float: none; position: static;\"><b>Typ (konstrukcja) :<\/b> [R]-Radialna<\/li>\n<li style=\"margin: 5px 0; padding: 2px 0; clear: both; display: list-item; float: none; position: static;\"><b>Marka :<\/b> BARUM<\/li>\n<li style=\"margin: 5px 0; padding: 2px 0; clear: both; display: list-item; float: none; position: static;\"><b>Przeznaczenie :<\/b> Opony osobowe, SUV\/4&#215;4<\/li>\n<\/ul>\n<\/div>\n<\/div>\n<\/div>\n<div style=\"clear: both; display: block; margin: 10px 0;\">\n<div style=\"clear: both; display: block; margin: 10px 0;\">\n<div style=\"clear: both; display: block; margin: 10px 0;\">\n<div  style=\"max-width:1024px;max-height:224px\">\n<div style=\"clear: both; display: block; margin: 10px 0;\">\n<div style=\"clear: both; width: 100%; display: block; margin: 20px 0; padding: 0; float: none; position: static; text-align: center;\"><img decoding=\"async\"  src=\"https:\/\/a.allegroimg.com\/original\/1168b9\/71e10474445a874704ab4588b922\/2x-BARUM-Polaris-6-215-55R16-97H-XL-EV-2025-r-Srednica-16\" srcset=\"https:\/\/a.allegroimg.com\/original\/1168b9\/71e10474445a874704ab4588b922\/2x-BARUM-Polaris-6-215-55R16-97H-XL-EV-2025-r-Srednica-16 360w,https:\/\/a.allegroimg.com\/original\/1168b9\/71e10474445a874704ab4588b922\/2x-BARUM-Polaris-6-215-55R16-97H-XL-EV-2025-r-Srednica-16 720w,https:\/\/a.allegroimg.com\/original\/1168b9\/71e10474445a874704ab4588b922\/2x-BARUM-Polaris-6-215-55R16-97H-XL-EV-2025-r-Srednica-16 1024w,https:\/\/a.allegroimg.com\/original\/1168b9\/71e10474445a874704ab4588b922\/2x-BARUM-Polaris-6-215-55R16-97H-XL-EV-2025-r-Srednica-16 1024w\" sizes=\"(min-width: 1200px) 560px, (min-width: 992px) 50vw, 100vw\" width=\"1024px\" alt=\"2x BARUM Polaris 6 215\/55R16 97H XL EV 2025 r \u015arednica 16&quot;\" style=\"max-width: 100%; height: auto; display: block; margin: 0 auto;\"><\/div>\n<\/div>\n<\/div>\n<\/div>\n<\/div>\n<div style=\"clear: both; display: block; margin: 10px 0;\">\n<div style=\"clear: both; display: block; margin: 10px 0;\">\n<h1>Barum<\/h1>\n<p style=\"margin: 15px 0; line-height: 1.8; clear: both; display: block; width: 100%; float: none; position: static;\">Historia marki Barum jest doskona\u0142ym przyk\u0142adem przemiany niewielkiego przedsi\u0119biorstwa z bran\u017cy tekstylnej w \u015bwiatowej s\u0142awy producenta opon zimowych i letnich.<br \/>\nW 1945 roku tr\u00f3jka najwi\u0119kszych czechos\u0142owackich producent\u00f3w wyrob\u00f3w gumowych \u2013 Bata, Rubena oraz Mitas \u2013 zjednoczy\u0142a si\u0119 pod mark\u0105 Barum. Do\u015bwiadczenie specjalist\u00f3w firmy Bata w po\u0142\u0105czeniu z nowoczesnymi technologiami wdra\u017canymi i udoskonalanymi w zbudowanej w 1966 roku fabryce w Otrokovicach pozwoli\u0142o na wypracowanie wielu generacji opon cechuj\u0105cych si\u0119 trwa\u0142o\u015bci\u0105, niezawodno\u015bci\u0105 i nisk\u0105 cen\u0105.<br \/>\nW 1992 roku podpisana zosta\u0142a umowa joint venture z korporacj\u0105 Continental AG, kt\u00f3ra jest obecnym w\u0142a\u015bcicielem marki Barum.<br \/>\nBarum dla samochod\u00f3w osobowych i sportowo-u\u017cytkowych, dzi\u0119ki nowatorskiej konstrukcji bie\u017cnika zapewniaj\u0105 doskonalsz\u0105 przyczepno\u015b\u0107 na o\u015bnie\u017conych nawierzchniach, nie zwi\u0119kszaj\u0105c przy tym opor\u00f3w toczenia w innych warunkach pogodowych. Zawarto\u015b\u0107 krzemionki w materiale, z kt\u00f3rego zosta\u0142y wykonane, przed\u0142u\u017ca \u017cywotno\u015b\u0107 opon, co sprawia, \u017ce s\u0105 one idealnym wyborem dla oszcz\u0119dnych klient\u00f3w. . Opony zimowe i letnie firmy Barum to najwy\u017csza jako\u015b\u0107 w przyst\u0119pnej cenie.<\/p>\n<\/div>\n<\/div>\n<\/div>\n<\/div>\n<\/div>\n<\/div>\n<div style=\"clear: both; display: block; margin: 10px 0;\">\n","protected":false},"excerpt":{"rendered":"<p>BARUM Polaris 6 215\/55R16 97H XL EV<\/p>\n<p>H117ZF<\/p>\n<p>Indeks : 215\/55R16 ZOBA 97H P6<\/p>\n<p>Profil : 55<\/p>\n<p>Opory toczenia : C<\/p>\n<p>Kl. zew. ha\u0142asu tocz. : B<\/p>\n<p>\u015arednica : 16<\/p>\n<p>Kod EAN : 4024063006669<\/p>\n","protected":false},"featured_media":15068,"template":"","meta":{"_uag_custom_page_level_css":""},"product_brand":[386],"product_cat":[414,413,412,415],"product_tag":[],"class_list":{"0":"post-15067","1":"product","2":"type-product","3":"status-publish","4":"has-post-thumbnail","6":"product_brand-barum","7":"product_cat-do-samochodow-osobowych-i-suv","8":"product_cat-opony","9":"product_cat-opony-i-felgi","10":"product_cat-zimowe","12":"first","13":"instock","14":"shipping-taxable","15":"purchasable","16":"product-type-simple"},"uagb_featured_image_src":{"full":["https:\/\/oponixo.shop\/tire\/wp-content\/uploads\/2026\/01\/allegro-image-15067.jpg",1200,1126,false],"thumbnail":["https:\/\/oponixo.shop\/tire\/wp-content\/uploads\/2026\/01\/allegro-image-15067-150x150.jpg",150,150,true],"medium":["https:\/\/oponixo.shop\/tire\/wp-content\/uploads\/2026\/01\/allegro-image-15067-300x282.jpg",300,282,true],"medium_large":["https:\/\/oponixo.shop\/tire\/wp-content\/uploads\/2026\/01\/allegro-image-15067-768x721.jpg",768,721,true],"large":["https:\/\/oponixo.shop\/tire\/wp-content\/uploads\/2026\/01\/allegro-image-15067-1024x961.jpg",1024,961,true],"1536x1536":["https:\/\/oponixo.shop\/tire\/wp-content\/uploads\/2026\/01\/allegro-image-15067.jpg",1200,1126,false],"2048x2048":["https:\/\/oponixo.shop\/tire\/wp-content\/uploads\/2026\/01\/allegro-image-15067.jpg",1200,1126,false],"woocommerce_thumbnail":["https:\/\/oponixo.shop\/tire\/wp-content\/uploads\/2026\/01\/allegro-image-15067-300x300.jpg",300,300,true],"woocommerce_single":["https:\/\/oponixo.shop\/tire\/wp-content\/uploads\/2026\/01\/allegro-image-15067-600x563.jpg",600,563,true],"woocommerce_gallery_thumbnail":["https:\/\/oponixo.shop\/tire\/wp-content\/uploads\/2026\/01\/allegro-image-15067-100x100.jpg",100,100,true]},"uagb_author_info":{"display_name":"admin","author_link":"https:\/\/oponixo.shop\/tire\/author\/"},"uagb_comment_info":0,"uagb_excerpt":"BARUM Polaris 6 215\/55R16 97H XL EV H117ZF Indeks : 215\/55R16 ZOBA 97H P6 Profil : 55 Opory toczenia : C Kl. zew. ha\u0142asu tocz. : B \u015arednica : 16 Kod EAN : 4024063006669","_links":{"self":[{"href":"https:\/\/oponixo.shop\/tire\/wp-json\/wp\/v2\/product\/15067","targetHints":{"allow":["GET"]}}],"collection":[{"href":"https:\/\/oponixo.shop\/tire\/wp-json\/wp\/v2\/product"}],"about":[{"href":"https:\/\/oponixo.shop\/tire\/wp-json\/wp\/v2\/types\/product"}],"wp:featuredmedia":[{"embeddable":true,"href":"https:\/\/oponixo.shop\/tire\/wp-json\/wp\/v2\/media\/15068"}],"wp:attachment":[{"href":"https:\/\/oponixo.shop\/tire\/wp-json\/wp\/v2\/media?parent=15067"}],"wp:term":[{"taxonomy":"product_brand","embeddable":true,"href":"https:\/\/oponixo.shop\/tire\/wp-json\/wp\/v2\/product_brand?post=15067"},{"taxonomy":"product_cat","embeddable":true,"href":"https:\/\/oponixo.shop\/tire\/wp-json\/wp\/v2\/product_cat?post=15067"},{"taxonomy":"product_tag","embeddable":true,"href":"https:\/\/oponixo.shop\/tire\/wp-json\/wp\/v2\/product_tag?post=15067"}],"curies":[{"name":"wp","href":"https:\/\/api.w.org\/{rel}","templated":true}]}}