{"id":15077,"date":"2026-01-13T20:37:07","date_gmt":"2026-01-13T19:37:07","guid":{"rendered":"https:\/\/oponyauto.shop\/xef5\/produkt\/2x-semperit-speed-grip-5-215-55r16-93-h\/"},"modified":"2026-01-13T20:37:07","modified_gmt":"2026-01-13T19:37:07","slug":"2x-semperit-speed-grip-5-215-55r16-93-h","status":"publish","type":"product","link":"https:\/\/oponixo.shop\/tire\/produkt\/2x-semperit-speed-grip-5-215-55r16-93-h\/","title":{"rendered":"2x SEMPERIT SPEED GRIP 5 215\/55R16 93 H"},"content":{"rendered":"<div style=\"font-family: Arial, sans-serif; line-height: 1.6; color: #333; padding: 20px; clear: both; display: block; width: 100%; float: none; position: static; overflow: hidden;\">\n<div style=\"clear: both; display: block; margin: 10px 0;\">\n<div style=\"clear: both; display: block; margin: 10px 0;\">\n<div style=\"clear: both; display: block; margin: 10px 0;\">\n<h1>2x SEMPERIT SPEED GRIP 5 215\/55R16 93 H<\/h1>\n<\/div>\n<\/div>\n<\/div>\n<div style=\"clear: both; display: block; margin: 10px 0;\">\n<div style=\"clear: both; display: block; margin: 10px 0;\">\n<div style=\"clear: both; display: block; margin: 10px 0;\">\n<div  style=\"max-width:920px;max-height:1120px\">\n<div style=\"clear: both; display: block; margin: 10px 0;\">\n<div style=\"clear: both; width: 100%; display: block; margin: 20px 0; padding: 0; float: none; position: static; text-align: center;\"><img decoding=\"async\"  src=\"https:\/\/a.allegroimg.com\/original\/11b7c4\/a5c673e74d8ba095a3e023a82975\/2x-SEMPERIT-SPEED-GRIP-5-215-55R16-93-H\" srcset=\"https:\/\/a.allegroimg.com\/original\/11b7c4\/a5c673e74d8ba095a3e023a82975\/2x-SEMPERIT-SPEED-GRIP-5-215-55R16-93-H 295w,https:\/\/a.allegroimg.com\/original\/11b7c4\/a5c673e74d8ba095a3e023a82975\/2x-SEMPERIT-SPEED-GRIP-5-215-55R16-93-H 591w,https:\/\/a.allegroimg.com\/original\/11b7c4\/a5c673e74d8ba095a3e023a82975\/2x-SEMPERIT-SPEED-GRIP-5-215-55R16-93-H 841w,https:\/\/a.allegroimg.com\/original\/11b7c4\/a5c673e74d8ba095a3e023a82975\/2x-SEMPERIT-SPEED-GRIP-5-215-55R16-93-H 920w,https:\/\/a.allegroimg.com\/original\/11b7c4\/a5c673e74d8ba095a3e023a82975\/2x-SEMPERIT-SPEED-GRIP-5-215-55R16-93-H 920w\" sizes=\"(min-width: 1200px) 560px, (min-width: 992px) 50vw, 100vw\" width=\"920px\" alt=\"2x SEMPERIT SPEED GRIP 5 215\/55R16 93 H\" style=\"max-width: 100%; height: auto; display: block; margin: 0 auto;\"><\/div>\n<\/div>\n<\/div>\n<\/div>\n<\/div>\n<div style=\"clear: both; display: block; margin: 10px 0;\">\n<div style=\"clear: both; display: block; margin: 10px 0;\">\n<h2>Zimowe opony Osobowe SEMPERIT SPEED GRIP-5 215\/55 R16 93H 93 H<\/h2>\n<p style=\"margin: 15px 0; line-height: 1.8; clear: both; display: block; width: 100%; float: none; position: static;\">Rok produkcji: <b>2022<\/b><\/p>\n<p style=\"margin: 15px 0; line-height: 1.8; clear: both; display: block; width: 100%; float: none; position: static;\">EAN: 4024067003268<\/p>\n<p style=\"margin: 15px 0; line-height: 1.8; clear: both; display: block; width: 100%; float: none; position: static;\">Producent: SEMPERIT<\/p>\n<p style=\"margin: 15px 0; line-height: 1.8; clear: both; display: block; width: 100%; float: none; position: static;\">Klasa: Ekonomiczna<\/p>\n<p style=\"margin: 15px 0; line-height: 1.8; clear: both; display: block; width: 100%; float: none; position: static;\">Model: SPEED GRIP-5<\/p>\n<p style=\"margin: 15px 0; line-height: 1.8; clear: both; display: block; width: 100%; float: none; position: static;\">Rozmiar: 215\/55 R16 93H<\/p>\n<p style=\"margin: 15px 0; line-height: 1.8; clear: both; display: block; width: 100%; float: none; position: static;\">Indeks no\u015bno\u015bci: 93<\/p>\n<p style=\"margin: 15px 0; line-height: 1.8; clear: both; display: block; width: 100%; float: none; position: static;\">Indeks pr\u0119dko\u015bci: H<\/p>\n<p style=\"margin: 15px 0; line-height: 1.8; clear: both; display: block; width: 100%; float: none; position: static;\">Ha\u0142as db: <\/p>\n<p style=\"margin: 15px 0; line-height: 1.8; clear: both; display: block; width: 100%; float: none; position: static;\">Sezon: Zimowe<\/p>\n<p style=\"margin: 15px 0; line-height: 1.8; clear: both; display: block; width: 100%; float: none; position: static;\">Przeznaczenie: Osobowe<\/p>\n<p style=\"margin: 15px 0; line-height: 1.8; clear: both; display: block; width: 100%; float: none; position: static;\">* Zdj\u0119cia opon na aukcjach maj\u0105 charakter pogl\u0105dowy. Opony mog\u0105 si\u0119 r\u00f3\u017cni\u0107 od tej prezentowanej na zdj\u0119ciu. (np. mo\u017ce mie\u0107 rant ochronny, wi\u0119cej lub mniej rowk\u00f3w obwodowych, bia\u0142e napisy albo ich brak).<\/p>\n<p style=\"margin: 15px 0; line-height: 1.8; clear: both; display: block; width: 100%; float: none; position: static;\">W sezonie wysy\u0142kowym mog\u0105 nast\u0105pi\u0107 nieznaczne op\u00f3\u017anienia w realizacji i dostawie. Prosz\u0119 mie\u0107 to na uwadze sk\u0142adaj\u0105c zam\u00f3wienie.<\/p>\n<\/div>\n<\/div>\n<\/div>\n<div style=\"clear: both; display: block; margin: 10px 0;\">\n<div style=\"clear: both; display: block; margin: 10px 0;\">\n<div style=\"clear: both; display: block; margin: 10px 0;\">\n<div  style=\"max-width:363px;max-height:176px\">\n<div style=\"clear: both; display: block; margin: 10px 0;\">\n<div style=\"clear: both; width: 100%; display: block; margin: 20px 0; padding: 0; float: none; position: static; text-align: center;\"><img decoding=\"async\"  src=\"https:\/\/a.allegroimg.com\/original\/11a09d\/b74833c543f490cb33ed96be8f12\/2x-SEMPERIT-SPEED-GRIP-5-215-55R16-93-H-Liczba-opon-w-ofercie-2-szt\" srcset=\"https:\/\/a.allegroimg.com\/original\/11a09d\/b74833c543f490cb33ed96be8f12\/2x-SEMPERIT-SPEED-GRIP-5-215-55R16-93-H-Liczba-opon-w-ofercie-2-szt 360w,https:\/\/a.allegroimg.com\/original\/11a09d\/b74833c543f490cb33ed96be8f12\/2x-SEMPERIT-SPEED-GRIP-5-215-55R16-93-H-Liczba-opon-w-ofercie-2-szt 363w,https:\/\/a.allegroimg.com\/original\/11a09d\/b74833c543f490cb33ed96be8f12\/2x-SEMPERIT-SPEED-GRIP-5-215-55R16-93-H-Liczba-opon-w-ofercie-2-szt 363w\" sizes=\"100vw\" width=\"363px\" alt=\"2x SEMPERIT SPEED GRIP 5 215\/55R16 93 H Liczba opon w ofercie 2 szt.\" style=\"max-width: 100%; height: auto; display: block; margin: 0 auto;\"><\/div>\n<\/div>\n<\/div>\n<\/div>\n<\/div>\n<\/div>\n<div style=\"clear: both; display: block; margin: 10px 0;\">\n<div style=\"clear: both; display: block; margin: 10px 0;\">\n<div style=\"clear: both; display: block; margin: 10px 0;\">\n<p style=\"margin: 15px 0; line-height: 1.8; clear: both; display: block; width: 100%; float: none; position: static;\">Semperit to marka opon, kt\u00f3ra posiada ponad 100-letni\u0105 tradycj\u0119 w produkcji opon i jest uwa\u017cana za jedn\u0105 z najbardziej szanowanych marek opon w Europie. Marka ta jest znana ze swojego zaanga\u017cowania w dostarczanie produkt\u00f3w o wysokiej jako\u015bci, wydajno\u015bci i bezpiecze\u0144stwie na drodze.<\/p>\n<p style=\"margin: 15px 0; line-height: 1.8; clear: both; display: block; width: 100%; float: none; position: static;\">G\u0142\u00f3wne cechy opon Semperit:<\/p>\n<p style=\"margin: 15px 0; line-height: 1.8; clear: both; display: block; width: 100%; float: none; position: static;\">Wydajno\u015b\u0107 na drodze: Opony Semperit charakteryzuj\u0105 si\u0119 doskona\u0142\u0105 przyczepno\u015bci\u0105 i trakcj\u0105 na r\u00f3\u017cnych nawierzchniach, co wp\u0142ywa na og\u00f3lne bezpiecze\u0144stwo jazdy. Oferuj\u0105 pewno\u015b\u0107 siebie i komfort podczas podr\u00f3\u017cy, zar\u00f3wno na suchych, jak i mokrych drogach.<\/p>\n<p style=\"margin: 15px 0; line-height: 1.8; clear: both; display: block; width: 100%; float: none; position: static;\">Bogata oferta produkt\u00f3w: Semperit produkuje opony dla r\u00f3\u017cnych rodzaj\u00f3w pojazd\u00f3w, w\u0142\u0105czaj\u0105c w to samochody osobowe, SUV-y, dostawcze, ci\u0119\u017car\u00f3wki i pojazdy terenowe. Istniej\u0105 r\u00f3\u017cne rodzaje opon, takie jak opony letnie, zimowe, ca\u0142oroczne i terenowe, aby sprosta\u0107 r\u00f3\u017cnym potrzebom kierowc\u00f3w w r\u00f3\u017cnych warunkach pogodowych.<\/p>\n<p style=\"margin: 15px 0; line-height: 1.8; clear: both; display: block; width: 100%; float: none; position: static;\">Innowacje technologiczne: Firma Semperit inwestuje w badania i rozwijanie nowoczesnych technologii w produkcji opon, co pozwala na ci\u0105g\u0142e doskonalenie produkt\u00f3w pod wzgl\u0119dem trwa\u0142o\u015bci, wydajno\u015bci i komfortu jazdy. Opony Semperit s\u0105 cz\u0119sto wyposa\u017cone w zaawansowane rozwi\u0105zania technologiczne.<\/p>\n<p style=\"margin: 15px 0; line-height: 1.8; clear: both; display: block; width: 100%; float: none; position: static;\">\n","protected":false},"excerpt":{"rendered":"<p>2x SEMPERIT SPEED GRIP 5 215\/55R16 93 H<\/p>\n<p>Zimowe opony Osobowe SEMPERIT SPEED GRIP-5 215\/55 R16 93H 93 H<\/p>\n<p>Rok produkcji: 2022<\/p>\n<p>EAN: 4024067003268<\/p>\n<p>Producent: SEMPERIT<\/p>\n<p>Klasa: Ekonomiczna<\/p>\n<p>Model: SPEED GRIP-5<\/p>\n<p>Rozmiar: 215\/55 R16 93H<\/p>\n","protected":false},"featured_media":15078,"template":"","meta":{"_uag_custom_page_level_css":""},"product_brand":[483],"product_cat":[414,413,412,415],"product_tag":[],"class_list":{"0":"post-15077","1":"product","2":"type-product","3":"status-publish","4":"has-post-thumbnail","6":"product_brand-semperit","7":"product_cat-do-samochodow-osobowych-i-suv","8":"product_cat-opony","9":"product_cat-opony-i-felgi","10":"product_cat-zimowe","12":"first","13":"instock","14":"shipping-taxable","15":"purchasable","16":"product-type-simple"},"uagb_featured_image_src":{"full":["https:\/\/oponixo.shop\/tire\/wp-content\/uploads\/2026\/01\/allegro-image-15077.jpg",920,1120,false],"thumbnail":["https:\/\/oponixo.shop\/tire\/wp-content\/uploads\/2026\/01\/allegro-image-15077-150x150.jpg",150,150,true],"medium":["https:\/\/oponixo.shop\/tire\/wp-content\/uploads\/2026\/01\/allegro-image-15077-246x300.jpg",246,300,true],"medium_large":["https:\/\/oponixo.shop\/tire\/wp-content\/uploads\/2026\/01\/allegro-image-15077-768x935.jpg",768,935,true],"large":["https:\/\/oponixo.shop\/tire\/wp-content\/uploads\/2026\/01\/allegro-image-15077-841x1024.jpg",841,1024,true],"1536x1536":["https:\/\/oponixo.shop\/tire\/wp-content\/uploads\/2026\/01\/allegro-image-15077.jpg",920,1120,false],"2048x2048":["https:\/\/oponixo.shop\/tire\/wp-content\/uploads\/2026\/01\/allegro-image-15077.jpg",920,1120,false],"woocommerce_thumbnail":["https:\/\/oponixo.shop\/tire\/wp-content\/uploads\/2026\/01\/allegro-image-15077-300x300.jpg",300,300,true],"woocommerce_single":["https:\/\/oponixo.shop\/tire\/wp-content\/uploads\/2026\/01\/allegro-image-15077-600x730.jpg",600,730,true],"woocommerce_gallery_thumbnail":["https:\/\/oponixo.shop\/tire\/wp-content\/uploads\/2026\/01\/allegro-image-15077-100x100.jpg",100,100,true]},"uagb_author_info":{"display_name":"admin","author_link":"https:\/\/oponixo.shop\/tire\/author\/"},"uagb_comment_info":0,"uagb_excerpt":"2x SEMPERIT SPEED GRIP 5 215\/55R16 93 H Zimowe opony Osobowe SEMPERIT SPEED GRIP-5 215\/55 R16 93H 93 H Rok produkcji: 2022 EAN: 4024067003268 Producent: SEMPERIT Klasa: Ekonomiczna Model: SPEED GRIP-5 Rozmiar: 215\/55 R16 93H","_links":{"self":[{"href":"https:\/\/oponixo.shop\/tire\/wp-json\/wp\/v2\/product\/15077","targetHints":{"allow":["GET"]}}],"collection":[{"href":"https:\/\/oponixo.shop\/tire\/wp-json\/wp\/v2\/product"}],"about":[{"href":"https:\/\/oponixo.shop\/tire\/wp-json\/wp\/v2\/types\/product"}],"wp:featuredmedia":[{"embeddable":true,"href":"https:\/\/oponixo.shop\/tire\/wp-json\/wp\/v2\/media\/15078"}],"wp:attachment":[{"href":"https:\/\/oponixo.shop\/tire\/wp-json\/wp\/v2\/media?parent=15077"}],"wp:term":[{"taxonomy":"product_brand","embeddable":true,"href":"https:\/\/oponixo.shop\/tire\/wp-json\/wp\/v2\/product_brand?post=15077"},{"taxonomy":"product_cat","embeddable":true,"href":"https:\/\/oponixo.shop\/tire\/wp-json\/wp\/v2\/product_cat?post=15077"},{"taxonomy":"product_tag","embeddable":true,"href":"https:\/\/oponixo.shop\/tire\/wp-json\/wp\/v2\/product_tag?post=15077"}],"curies":[{"name":"wp","href":"https:\/\/api.w.org\/{rel}","templated":true}]}}