{"id":15257,"date":"2026-01-16T02:41:45","date_gmt":"2026-01-16T01:41:45","guid":{"rendered":"https:\/\/oponyauto.shop\/xef5\/produkt\/2x-bridgestone-185-60r15-88v-weather-control-a005-evo-xl-caloroczne-2024-r\/"},"modified":"2026-01-16T02:41:46","modified_gmt":"2026-01-16T01:41:46","slug":"2x-bridgestone-185-60r15-88v-weather-control-a005-evo-xl-caloroczne-2024-r","status":"publish","type":"product","link":"https:\/\/oponixo.shop\/tire\/produkt\/2x-bridgestone-185-60r15-88v-weather-control-a005-evo-xl-caloroczne-2024-r\/","title":{"rendered":"2x BRIDGESTONE 185\/60R15 88V Weather Control A005 EVO XL ca\u0142oroczne 2024 r"},"content":{"rendered":"<div style=\"font-family: Arial, sans-serif; line-height: 1.6; color: #333; padding: 20px; clear: both; display: block; width: 100%; float: none; position: static; overflow: hidden;\">\n<div style=\"clear: both; display: block; margin: 10px 0;\">\n<div style=\"clear: both; display: block; margin: 10px 0;\">\n<div style=\"clear: both; display: block; margin: 10px 0;\">\n<h1>Rok produkcji: 2024<\/h1>\n<\/div>\n<\/div>\n<\/div>\n<div style=\"clear: both; display: block; margin: 10px 0;\">\n<div style=\"clear: both; display: block; margin: 10px 0;\">\n<div style=\"clear: both; display: block; margin: 10px 0;\">\n<div  style=\"max-width:1200px;max-height:1126px\">\n<div style=\"clear: both; display: block; margin: 10px 0;\">\n<div style=\"clear: both; width: 100%; display: block; margin: 20px 0; padding: 0; float: none; position: static; text-align: center;\"><img decoding=\"async\"  src=\"https:\/\/a.allegroimg.com\/original\/113861\/95c73a9b416bb419d8a63022b406\/2x-BRIDGESTONE-185-60R15-88V-Weather-Control-A005-EVO-XL-caloroczne-2024-r\" srcset=\"https:\/\/a.allegroimg.com\/original\/113861\/95c73a9b416bb419d8a63022b406\/2x-BRIDGESTONE-185-60R15-88V-Weather-Control-A005-EVO-XL-caloroczne-2024-r 360w,https:\/\/a.allegroimg.com\/original\/113861\/95c73a9b416bb419d8a63022b406\/2x-BRIDGESTONE-185-60R15-88V-Weather-Control-A005-EVO-XL-caloroczne-2024-r 720w,https:\/\/a.allegroimg.com\/original\/113861\/95c73a9b416bb419d8a63022b406\/2x-BRIDGESTONE-185-60R15-88V-Weather-Control-A005-EVO-XL-caloroczne-2024-r 1024w,https:\/\/a.allegroimg.com\/original\/113861\/95c73a9b416bb419d8a63022b406\/2x-BRIDGESTONE-185-60R15-88V-Weather-Control-A005-EVO-XL-caloroczne-2024-r 1200w,https:\/\/a.allegroimg.com\/original\/113861\/95c73a9b416bb419d8a63022b406\/2x-BRIDGESTONE-185-60R15-88V-Weather-Control-A005-EVO-XL-caloroczne-2024-r 1200w\" sizes=\"(min-width: 1200px) 560px, (min-width: 992px) 50vw, 100vw\" width=\"1200px\" alt=\"2x BRIDGESTONE 185\/60R15 88V Weather Control A005 EVO XL ca\u0142oroczne 2024 r\" style=\"max-width: 100%; height: auto; display: block; margin: 0 auto;\"><\/div>\n<\/div>\n<\/div>\n<\/div>\n<\/div>\n<div style=\"clear: both; display: block; margin: 10px 0;\">\n<div style=\"clear: both; display: block; margin: 10px 0;\">\n<h1>BRIDGESTONE Weather Control A005 EVO 185\/60R15 88V XL<\/h1>\n<h2>G0NVKG<\/h2>\n<ul style=\"margin: 15px 0; padding-left: 20px; clear: both; display: block; width: 100%; float: none; position: static;\">\n<li style=\"margin: 5px 0; padding: 2px 0; clear: both; display: list-item; float: none; position: static;\"><b>Data produkcji :<\/b> 2024<\/li>\n<li style=\"margin: 5px 0; padding: 2px 0; clear: both; display: list-item; float: none; position: static;\"><b>Hamowanie na mokrej nawierzchni :<\/b> A<\/li>\n<li style=\"margin: 5px 0; padding: 2px 0; clear: both; display: list-item; float: none; position: static;\"><b>Indeks :<\/b> 185\/60R15 COBR 88V A005E<\/li>\n<li style=\"margin: 5px 0; padding: 2px 0; clear: both; display: list-item; float: none; position: static;\"><b>Indeks no\u015bno\u015bci :<\/b> 88<\/li>\n<li style=\"margin: 5px 0; padding: 2px 0; clear: both; display: list-item; float: none; position: static;\"><b>Indeks pr\u0119dko\u015bci :<\/b> V &#8211; 240 km\/h<\/li>\n<li style=\"margin: 5px 0; padding: 2px 0; clear: both; display: list-item; float: none; position: static;\"><b>Karta informacyjna produktu :<\/b> https:\/\/eprel.ec.europa.eu\/qr\/380969<\/li>\n<li style=\"margin: 5px 0; padding: 2px 0; clear: both; display: list-item; float: none; position: static;\"><b>Kl. efekt. paliwowej :<\/b> C<\/li>\n<li style=\"margin: 5px 0; padding: 2px 0; clear: both; display: list-item; float: none; position: static;\"><b>Kl. przycz. na mokrej naw. :<\/b> A<\/li>\n<li style=\"margin: 5px 0; padding: 2px 0; clear: both; display: list-item; float: none; position: static;\"><b>Kl. zew. ha\u0142asu tocz. :<\/b> B<\/li>\n<li style=\"margin: 5px 0; padding: 2px 0; clear: both; display: list-item; float: none; position: static;\"><b>Klasa opony :<\/b> premium<\/li>\n<li style=\"margin: 5px 0; padding: 2px 0; clear: both; display: list-item; float: none; position: static;\"><b>Kod EAN :<\/b> 3286341938111<\/li>\n<li style=\"margin: 5px 0; padding: 2px 0; clear: both; display: list-item; float: none; position: static;\"><b>Kod producenta :<\/b> 19381<\/li>\n<li style=\"margin: 5px 0; padding: 2px 0; clear: both; display: list-item; float: none; position: static;\"><b>Liczba decybeli :<\/b> 71 dB<\/li>\n<li style=\"margin: 5px 0; padding: 2px 0; clear: both; display: list-item; float: none; position: static;\"><b>Model bie\u017cnika :<\/b> Weather Control A005 EVO<\/li>\n<li style=\"margin: 5px 0; padding: 2px 0; clear: both; display: list-item; float: none; position: static;\"><b>Nazwa produktu :<\/b> BRIDGESTONE 185\/60R15 88V Weather Control A005 EVO XL ca\u0142oroczne<\/li>\n<li style=\"margin: 5px 0; padding: 2px 0; clear: both; display: list-item; float: none; position: static;\"><b>No\u015bno\u015b\u0107 opony :<\/b> XL<\/li>\n<li style=\"margin: 5px 0; padding: 2px 0; clear: both; display: list-item; float: none; position: static;\"><b>Op\u00f3r toczenia :<\/b> C<\/li>\n<li style=\"margin: 5px 0; padding: 2px 0; clear: both; display: list-item; float: none; position: static;\"><b>Poziom emisji ha\u0142asu :<\/b> 2<\/li>\n<li style=\"margin: 5px 0; padding: 2px 0; clear: both; display: list-item; float: none; position: static;\"><b>Producent :<\/b> BRIDGESTONE<\/li>\n<li style=\"margin: 5px 0; padding: 2px 0; clear: both; display: list-item; float: none; position: static;\"><b>Profil :<\/b> 60<\/li>\n<li style=\"margin: 5px 0; padding: 2px 0; clear: both; display: list-item; float: none; position: static;\"><b>Przeznaczenie :<\/b> samochody osobowe\/SUV\/4&#215;4<\/li>\n<li style=\"margin: 5px 0; padding: 2px 0; clear: both; display: list-item; float: none; position: static;\"><b>Przyczepno\u015b\u0107 na lodzie :<\/b> Nie<\/li>\n<li style=\"margin: 5px 0; padding: 2px 0; clear: both; display: list-item; float: none; position: static;\"><b>Przyczepno\u015b\u0107 na \u015bniegu :<\/b> Tak<\/li>\n<li style=\"margin: 5px 0; padding: 2px 0; clear: both; display: list-item; float: none; position: static;\"><b>QR kod :<\/b> https:\/\/eprel.ec.europa.eu\/qr\/380969<\/li>\n<li style=\"margin: 5px 0; padding: 2px 0; clear: both; display: list-item; float: none; position: static;\"><b>Sezon :<\/b> ca\u0142oroczna<\/li>\n<li style=\"margin: 5px 0; padding: 2px 0; clear: both; display: list-item; float: none; position: static;\"><b>\u015arednica :<\/b> 15&#8243;<\/li>\n<li style=\"margin: 5px 0; padding: 2px 0; clear: both; display: list-item; float: none; position: static;\"><b>Szeroko\u015b\u0107 :<\/b> 185<\/li>\n<li style=\"margin: 5px 0; padding: 2px 0; clear: both; display: list-item; float: none; position: static;\"><b>Wart. pom. i kl. zew. ha\u0142asu tocz. [dB] :<\/b> 71<\/li>\n<\/ul>\n<\/div>\n<\/div>\n<\/div>\n<div style=\"clear: both; display: block; margin: 10px 0;\">\n<div style=\"clear: both; display: block; margin: 10px 0;\">\n<div style=\"clear: both; display: block; margin: 10px 0;\">\n<p style=\"margin: 15px 0; line-height: 1.8; clear: both; display: block; width: 100%; float: none; position: static;\"> Bridgestone Weather Control A005 Evo to najnowsza, ca\u0142oroczna opona klasy premium, dedykowana szerokiej gamie pojazd\u00f3w od aut kompaktowych po SUVy i samochody o podwy\u017cszonej mocy silnika. A005<\/p>\n<p style=\"margin: 15px 0; line-height: 1.8; clear: both; display: block; width: 100%; float: none; position: static;\"> Evo to druga generacja opon ca\u0142orocznych w rodzinie Weather Control, przy projektowani kt\u00f3rej skupiono si\u0119 na zapewnieniu najwy\u017cszego poziomu bezpiecze\u0144stwa bez wzgl\u0119du na panuj\u0105cy sezon.<\/p>\n<p style=\"margin: 15px 0; line-height: 1.8; clear: both; display: block; width: 100%; float: none; position: static;\"> Innowacyjny bie\u017cnik kierunkowy w kszta\u0142cie litery &#8222;V&#8221; pokryty zygzakowatym lamelowaniem dostarcza wysokiej trakcji na \u015bniegu, jeszcze skuteczniej pokonuj\u0105c pokryw\u0119 \u015bnie\u017cn\u0105. U\u0142atwia to ruszanie oraz hamowanie w niesprzyjaj\u0105cych warunkach \u015bnie\u017cnych. Zoptymalizowana konstrukcja opony i rozk\u0142ad nacisku na pod\u0142o\u017ce wyd\u0142u\u017caj\u0105 \u017cywotno\u015b\u0107 opony bez uszczerbku dla wydajno\u015bci jezdnej. Producent podaje, i\u017c nowy model A005 Evo posiada trwa\u0142o\u015b\u0107 na poziomie najlepszych opon letnich marki Bridgestone.<\/p>\n<p style=\"margin: 15px 0; line-height: 1.8; clear: both; display: block; width: 100%; float: none; position: static;\"> Zaawansowana mieszanka gumowa w technologii &#8222;NanoPro-tech&#8221;, cechuj\u0105ca si\u0119 wysok\u0105 zawarto\u015bci\u0105 krzemionki, oraz specjaln\u0105 technik\u0105 przygotowania mieszanki, co przek\u0142ada si\u0119 na zmniejszone opory toczenia, ni\u017csze zu\u017cycie paliwa przez pojazd oraz pewniejsze zachowanie na mokrych i o\u015bnie\u017conych drogach.<\/p>\n<p style=\"margin: 15px 0; line-height: 1.8; clear: both; display: block; width: 100%; float: none; position: static;\"> Bridgestone Weather Control A005 Evo to opona, kt\u00f3ra spe\u0142ni oczekiwania kierowc\u00f3w poruszaj\u0105cych si\u0119 zar\u00f3wno w miejskich warunkach drogowych jak i obszarach poza du\u017cymi aglomeracjami, dostarczaj\u0105c wysokiego poziomu bezpiecze\u0144stwa i niezawodno\u015bci jazdy. Wyd\u0142u\u017cona \u017cywotno\u015b\u0107 prze\u0142o\u017cy si\u0119 na d\u0142u\u017csze u\u017cytkowanie kompletu ogumienia.<\/p>\n<\/div>\n<\/div>\n<div style=\"clear: both; display: block; margin: 10px 0;\">\n<div style=\"clear: both; display: block; margin: 10px 0;\">\n<div  style=\"max-width:886px;max-height:1299px\">\n<div style=\"clear: both; display: block; margin: 10px 0;\">\n<div style=\"clear: both; width: 100%; display: block; margin: 20px 0; padding: 0; float: none; position: static; text-align: center;\"><img decoding=\"async\"  src=\"https:\/\/a.allegroimg.com\/original\/11a9e4\/d128e23c404e9f3a621addb9dea5\/2x-BRIDGESTONE-185-60R15-88V-Weather-Control-A005-EVO-XL-caloroczne-2024-r-Srednica-15\" srcset=\"https:\/\/a.allegroimg.com\/original\/11a9e4\/d128e23c404e9f3a621addb9dea5\/2x-BRIDGESTONE-185-60R15-88V-Weather-Control-A005-EVO-XL-caloroczne-2024-r-Srednica-15 245w,https:\/\/a.allegroimg.com\/original\/11a9e4\/d128e23c404e9f3a621addb9dea5\/2x-BRIDGESTONE-185-60R15-88V-Weather-Control-A005-EVO-XL-caloroczne-2024-r-Srednica-15 491w,https:\/\/a.allegroimg.com\/original\/11a9e4\/d128e23c404e9f3a621addb9dea5\/2x-BRIDGESTONE-185-60R15-88V-Weather-Control-A005-EVO-XL-caloroczne-2024-r-Srednica-15 698w,https:\/\/a.allegroimg.com\/original\/11a9e4\/d128e23c404e9f3a621addb9dea5\/2x-BRIDGESTONE-185-60R15-88V-Weather-Control-A005-EVO-XL-caloroczne-2024-r-Srednica-15 886w,https:\/\/a.allegroimg.com\/original\/11a9e4\/d128e23c404e9f3a621addb9dea5\/2x-BRIDGESTONE-185-60R15-88V-Weather-Control-A005-EVO-XL-caloroczne-2024-r-Srednica-15 886w\" sizes=\"(min-width: 1200px) 560px, (min-width: 992px) 50vw, 100vw\" width=\"886px\" alt=\"2x BRIDGESTONE 185\/60R15 88V Weather Control A005 EVO XL ca\u0142oroczne 2024 r \u015arednica 15&quot;\" style=\"max-width: 100%; height: auto; display: block; margin: 0 auto;\"><\/div>\n<\/div>\n<\/div>\n<\/div>\n<\/div>\n<\/div>\n<div style=\"clear: both; display: block; margin: 10px 0;\">\n<div style=\"clear: both; display: block; margin: 10px 0;\">\n<div style=\"clear: both; display: block; margin: 10px 0;\">\n<p style=\"margin: 15px 0; line-height: 1.8; clear: both; display: block; width: 100%; float: none; position: static;\">Wychodz\u0105c naprzeciw oczekiwaniom Klient\u00f3w i chc\u0105c spe\u0142nia\u0107 jak najwy\u017csze standardy obs\u0142ugi dok\u0142adamy wszelkich stara\u0144, aby podawa\u0107 precyzyjn\u0105 dat\u0119 produkcji opony (DOT). Niestety, w wyj\u0105tkowych przypadkach, mo\u017ce zdarzy\u0107 si\u0119, \u017ce opony, kt\u00f3re wy\u015blemy b\u0119d\u0105 mia\u0142y inn\u0105 dat\u0119 produkcji ni\u017c podana. Sytuacja mo\u017ce dotyczy\u0107 zar\u00f3wno opon z DOT-em wcze\u015bniejszym jak i p\u00f3\u017aniejszym. Chcieliby\u015bmy podkre\u015bli\u0107, \u017ce warunki przechowywania opon w naszych magazynach spe\u0142niaj\u0105 Polsk\u0105 Norm\u0119 PN-C-94300-7 dzi\u0119ki czemu nawet opona przechowywana 24 miesi\u0105ce ma parametry takie same jak opona z bie\u017c\u0105cego roku. Warto pami\u0119ta\u0107 tak\u017ce o fakcie, \u017ce w przypadku wielu rozmiar\u00f3w i producent\u00f3w plany produkcyjne fabryk uniemo\u017cliwiaj\u0105 zakup opony z bie\u017c\u0105cego roku.<\/p>\n<p style=\"margin: 15px 0; line-height: 1.8; clear: both; display: block; width: 100%; float: none; position: static;\">Przy zakupie opon pami\u0119taj o sprawdzeniu w instrukcji samochodu lub na w\u0142a\u015bciwej stronie internetowej, jakie ogumienie zaleca producent Twojego auta. \u0179le dobrane opony mog\u0105 negatywnie wp\u0142yn\u0105\u0107 na poziom Twojego bezpiecze\u0144stwa. Kupuj\u0105c opony zwr\u00f3\u0107 uwag\u0119 na rozmiar oraz indeksy no\u015bno\u015bci i pr\u0119dko\u015bci jakie homologowane s\u0105 do Twojego pojazdu.<\/p>\n<p style=\"margin: 15px 0; line-height: 1.8; clear: both; display: block; width: 100%; float: none; position: static;\">Zamieszczone zdj\u0119cia pe\u0142ni\u0105 funkcj\u0119 pogl\u0105dow\u0105. W zale\u017cno\u015bci od szeroko\u015bci opon, mog\u0105 wyst\u0119powa\u0107 niewielkie r\u00f3\u017cnice w wygl\u0105dzie bie\u017cnika (w obr\u0119bie jednego modelu) na przyk\u0142ad w ilo\u015bci rowk\u00f3w obwodowych lub rozmieszczeniu blok\u00f3w bie\u017cnika, co nie stanowi wady produktu.<\/p>\n<p style=\"margin: 15px 0; line-height: 1.8; clear: both; display: block; width: 100%; float: none; position: static;\">Je\u017celi otrzymane przez Ciebie opony nie spe\u0142niaj\u0105 Twoich oczekiwa\u0144 masz mo\u017cliwo\u015b\u0107 zwrotu lub wymiany nieu\u017cywanego (niemontowanego) ogumienia.<\/p>\n<\/div>\n<\/div>\n<\/div>\n<div style=\"clear: both; display: block; margin: 10px 0;\">\n<div style=\"clear: both; display: block; margin: 10px 0;\">\n<div style=\"clear: both; display: block; margin: 10px 0;\">\n<div  style=\"max-width:300px;max-height:300px\">\n<div style=\"clear: both; display: block; margin: 10px 0;\">\n<div style=\"clear: both; width: 100%; display: block; margin: 20px 0; padding: 0; float: none; position: static; text-align: center;\"><img decoding=\"async\"  src=\"https:\/\/a.allegroimg.com\/original\/11b0d4\/1a68a5d4403d834a9d69ec5384c6\/2x-BRIDGESTONE-185-60R15-88V-Weather-Control-A005-EVO-XL-caloroczne-2024-r-Waga-produktu-z-opakowaniem-jednostkowym-16-kg\" srcset=\"https:\/\/a.allegroimg.com\/original\/11b0d4\/1a68a5d4403d834a9d69ec5384c6\/2x-BRIDGESTONE-185-60R15-88V-Weather-Control-A005-EVO-XL-caloroczne-2024-r-Waga-produktu-z-opakowaniem-jednostkowym-16-kg 300w,https:\/\/a.allegroimg.com\/original\/11b0d4\/1a68a5d4403d834a9d69ec5384c6\/2x-BRIDGESTONE-185-60R15-88V-Weather-Control-A005-EVO-XL-caloroczne-2024-r-Waga-produktu-z-opakowaniem-jednostkowym-16-kg 300w\" sizes=\"(min-width: 1200px) 560px, (min-width: 992px) 50vw, 100vw\" width=\"300px\" alt=\"2x BRIDGESTONE 185\/60R15 88V Weather Control A005 EVO XL ca\u0142oroczne 2024 r Waga produktu z opakowaniem jednostkowym 16 kg\" style=\"max-width: 100%; height: auto; display: block; margin: 0 auto;\"><\/div>\n<\/div>\n<\/div>\n<\/div>\n<\/div>\n<div style=\"clear: both; display: block; margin: 10px 0;\">\n<div style=\"clear: both; display: block; margin: 10px 0;\">\n<h1>Bridgestone<\/h1>\n<p style=\"margin: 15px 0; line-height: 1.8; clear: both; display: block; width: 100%; float: none; position: static;\">Bridgestone jest wiod\u0105cym producentem ogumienia do wszystkich rodzaj\u00f3w \u015brodk\u00f3w transportu.<\/p>\n<\/div>\n<\/div>\n<\/div>\n<\/div>\n<\/div>\n<\/div>\n<div style=\"clear: both; display: block; margin: 10px 0;\">\n","protected":false},"excerpt":{"rendered":"<p>Rok produkcji: 2024<\/p>\n<p>BRIDGESTONE Weather Control A005 EVO 185\/60R15 88V XL<\/p>\n<p>G0NVKG<\/p>\n<p>Data produkcji : 2024<\/p>\n<p>Hamowanie na mokrej nawierzchni : A<\/p>\n<p>Indeks : 185\/60R15 COBR 88V A005E<\/p>\n<p>Indeks no\u015bno\u015bci : 88<\/p>\n<p>Indeks pr\u0119dko\u015bci : V &#8211; 240 km\/h<\/p>\n","protected":false},"featured_media":15258,"template":"","meta":{"_uag_custom_page_level_css":""},"product_brand":[397],"product_cat":[416,414,413,412],"product_tag":[],"class_list":{"0":"post-15257","1":"product","2":"type-product","3":"status-publish","4":"has-post-thumbnail","6":"product_brand-bridgestone","7":"product_cat-caloroczne","8":"product_cat-do-samochodow-osobowych-i-suv","9":"product_cat-opony","10":"product_cat-opony-i-felgi","12":"first","13":"instock","14":"shipping-taxable","15":"purchasable","16":"product-type-simple"},"uagb_featured_image_src":{"full":["https:\/\/oponixo.shop\/tire\/wp-content\/uploads\/2026\/01\/allegro-image-15257.jpg",1200,1126,false],"thumbnail":["https:\/\/oponixo.shop\/tire\/wp-content\/uploads\/2026\/01\/allegro-image-15257-150x150.jpg",150,150,true],"medium":["https:\/\/oponixo.shop\/tire\/wp-content\/uploads\/2026\/01\/allegro-image-15257-300x282.jpg",300,282,true],"medium_large":["https:\/\/oponixo.shop\/tire\/wp-content\/uploads\/2026\/01\/allegro-image-15257-768x721.jpg",768,721,true],"large":["https:\/\/oponixo.shop\/tire\/wp-content\/uploads\/2026\/01\/allegro-image-15257-1024x961.jpg",1024,961,true],"1536x1536":["https:\/\/oponixo.shop\/tire\/wp-content\/uploads\/2026\/01\/allegro-image-15257.jpg",1200,1126,false],"2048x2048":["https:\/\/oponixo.shop\/tire\/wp-content\/uploads\/2026\/01\/allegro-image-15257.jpg",1200,1126,false],"woocommerce_thumbnail":["https:\/\/oponixo.shop\/tire\/wp-content\/uploads\/2026\/01\/allegro-image-15257-300x300.jpg",300,300,true],"woocommerce_single":["https:\/\/oponixo.shop\/tire\/wp-content\/uploads\/2026\/01\/allegro-image-15257-600x563.jpg",600,563,true],"woocommerce_gallery_thumbnail":["https:\/\/oponixo.shop\/tire\/wp-content\/uploads\/2026\/01\/allegro-image-15257-100x100.jpg",100,100,true]},"uagb_author_info":{"display_name":"admin","author_link":"https:\/\/oponixo.shop\/tire\/author\/"},"uagb_comment_info":0,"uagb_excerpt":"Rok produkcji: 2024 BRIDGESTONE Weather Control A005 EVO 185\/60R15 88V XL G0NVKG Data produkcji : 2024 Hamowanie na mokrej nawierzchni : A Indeks : 185\/60R15 COBR 88V A005E Indeks no\u015bno\u015bci : 88 Indeks pr\u0119dko\u015bci : V - 240 km\/h","_links":{"self":[{"href":"https:\/\/oponixo.shop\/tire\/wp-json\/wp\/v2\/product\/15257","targetHints":{"allow":["GET"]}}],"collection":[{"href":"https:\/\/oponixo.shop\/tire\/wp-json\/wp\/v2\/product"}],"about":[{"href":"https:\/\/oponixo.shop\/tire\/wp-json\/wp\/v2\/types\/product"}],"wp:featuredmedia":[{"embeddable":true,"href":"https:\/\/oponixo.shop\/tire\/wp-json\/wp\/v2\/media\/15258"}],"wp:attachment":[{"href":"https:\/\/oponixo.shop\/tire\/wp-json\/wp\/v2\/media?parent=15257"}],"wp:term":[{"taxonomy":"product_brand","embeddable":true,"href":"https:\/\/oponixo.shop\/tire\/wp-json\/wp\/v2\/product_brand?post=15257"},{"taxonomy":"product_cat","embeddable":true,"href":"https:\/\/oponixo.shop\/tire\/wp-json\/wp\/v2\/product_cat?post=15257"},{"taxonomy":"product_tag","embeddable":true,"href":"https:\/\/oponixo.shop\/tire\/wp-json\/wp\/v2\/product_tag?post=15257"}],"curies":[{"name":"wp","href":"https:\/\/api.w.org\/{rel}","templated":true}]}}