{"id":15281,"date":"2026-01-16T02:41:51","date_gmt":"2026-01-16T01:41:51","guid":{"rendered":"https:\/\/oponyauto.shop\/xef5\/produkt\/4x-opony-155-70r13-nexen-nblue-4-season-75t\/"},"modified":"2026-01-16T02:41:51","modified_gmt":"2026-01-16T01:41:51","slug":"4x-opony-155-70r13-nexen-nblue-4-season-75t","status":"publish","type":"product","link":"https:\/\/oponixo.shop\/tire\/produkt\/4x-opony-155-70r13-nexen-nblue-4-season-75t\/","title":{"rendered":"4x opony 155\/70R13 NEXEN N&#8217;BLUE 4 SEASON 75T"},"content":{"rendered":"<div style=\"font-family: Arial, sans-serif; line-height: 1.6; color: #333; padding: 20px; clear: both; display: block; width: 100%; float: none; position: static; overflow: hidden;\">\n<div style=\"clear: both; display: block; margin: 10px 0;\">\n<div style=\"clear: both; display: block; margin: 10px 0;\">\n<div style=\"clear: both; display: block; margin: 10px 0;\">\n<h2>Opona ca\u0142oroczna Nexen N&#8217;Blue 4 Season 155\/70R13 75 T<\/h2>\n<p style=\"margin: 15px 0; line-height: 1.8; clear: both; display: block; width: 100%; float: none; position: static;\">Opona ca\u0142oroczna Nexen N&#8217;Blue 4 Season 155\/70R13 75 T<\/p>\n<p style=\"margin: 15px 0; line-height: 1.8; clear: both; display: block; width: 100%; float: none; position: static;\">Cechy produktu:<\/p>\n<ul style=\"margin: 15px 0; padding-left: 20px; clear: both; display: block; width: 100%; float: none; position: static;\">\n<li style=\"margin: 5px 0; padding: 2px 0; clear: both; display: list-item; float: none; position: static;\">sezon: ca\u0142oroczne<\/li>\n<li style=\"margin: 5px 0; padding: 2px 0; clear: both; display: list-item; float: none; position: static;\">szeroko\u015b\u0107\/profil\/\u015brednica: 155\/70R13<\/li>\n<li style=\"margin: 5px 0; padding: 2px 0; clear: both; display: list-item; float: none; position: static;\">indeks pr\u0119dko\u015bci: T do 190 km\/h<\/li>\n<li style=\"margin: 5px 0; padding: 2px 0; clear: both; display: list-item; float: none; position: static;\">indeks no\u015bno\u015bci: 75 &#8211; 385 kg<\/li>\n<\/ul>\n<\/div>\n<\/div>\n<div style=\"clear: both; display: block; margin: 10px 0;\">\n<div style=\"clear: both; display: block; margin: 10px 0;\">\n<div  style=\"max-width:546px;max-height:500px\">\n<div style=\"clear: both; display: block; margin: 10px 0;\">\n<div style=\"clear: both; width: 100%; display: block; margin: 20px 0; padding: 0; float: none; position: static; text-align: center;\"><img decoding=\"async\"  src=\"https:\/\/a.allegroimg.com\/original\/0026a0\/f9fd425c4d4a98d18c6588428b6d\/4x-opony-155-70R13-NEXEN-N-BLUE-4-SEASON-75T\" srcset=\"https:\/\/a.allegroimg.com\/original\/0026a0\/f9fd425c4d4a98d18c6588428b6d\/4x-opony-155-70R13-NEXEN-N-BLUE-4-SEASON-75T 360w,https:\/\/a.allegroimg.com\/original\/0026a0\/f9fd425c4d4a98d18c6588428b6d\/4x-opony-155-70R13-NEXEN-N-BLUE-4-SEASON-75T 546w,https:\/\/a.allegroimg.com\/original\/0026a0\/f9fd425c4d4a98d18c6588428b6d\/4x-opony-155-70R13-NEXEN-N-BLUE-4-SEASON-75T 546w\" sizes=\"(min-width: 1200px) 560px, (min-width: 992px) 50vw, 100vw\" width=\"546px\" alt=\"4x opony 155\/70R13 NEXEN N'BLUE 4 SEASON 75T\" style=\"max-width: 100%; height: auto; display: block; margin: 0 auto;\"><\/div>\n<\/div>\n<\/div>\n<\/div>\n<\/div>\n<\/div>\n<div style=\"clear: both; display: block; margin: 10px 0;\">\n<div style=\"clear: both; display: block; margin: 10px 0;\">\n<div style=\"clear: both; display: block; margin: 10px 0;\">\n<h3 style=\"color: #2c5aa0; font-size: 18px; margin: 30px 0 15px 0; font-weight: bold; clear: both; display: block; width: 100%; float: none; position: static;\">Informacje dodatkowe:<\/h3>\n<ul style=\"margin: 15px 0; padding-left: 20px; clear: both; display: block; width: 100%; float: none; position: static;\">\n<li style=\"margin: 5px 0; padding: 2px 0; clear: both; display: list-item; float: none; position: static;\">rok produkcji: 2024\/2025 (kupuj\u0105c z tej oferty otrzymasz opony fabrycznie nowe, pe\u0142nowarto\u015bciowe) <\/li>\n<li style=\"margin: 5px 0; padding: 2px 0; clear: both; display: list-item; float: none; position: static;\">stan: fabrycznie nowe <\/li>\n<\/ul>\n<\/div>\n<\/div>\n<\/div>\n<div style=\"clear: both; display: block; margin: 10px 0;\">\n<div style=\"clear: both; display: block; margin: 10px 0;\">\n<div style=\"clear: both; display: block; margin: 10px 0;\">\n<p style=\"margin: 15px 0; line-height: 1.8; clear: both; display: block; width: 100%; float: none; position: static;\">Nexen NBLUE 4 Season to opona ca\u0142oroczna przeznaczona do u\u017cytkowania w samochodach osobowych. Ogumienie jest zaliczane do klasy ekonomicznej \u2013 cechuje si\u0119 bardzo dobrym stosunkiem ceny do jako\u015bci.<\/p>\n<p style=\"margin: 15px 0; line-height: 1.8; clear: both; display: block; width: 100%; float: none; position: static;\">Uniwersalna konstrukcja \u0142\u0105czy najlepsze cechy bie\u017cnik\u00f3w zimowych i letnich, dzi\u0119ki czemu gwarantuje optymalne osi\u0105gi w zmiennych warunkach r\u00f3\u017cnych p\u00f3r roku. Opona zosta\u0142a wyposa\u017cona w bie\u017cnik kierunkowy w kszta\u0142cie litery V, kt\u00f3ry skutecznie odprowadza wod\u0119 i minimalizuje prawdopodobie\u0144stwo po\u015blizgu na mokrej lub \u015bliskiej nawierzchni.<\/p>\n<p style=\"margin: 15px 0; line-height: 1.8; clear: both; display: block; width: 100%; float: none; position: static;\">Tr\u00f3jwymiarowe bruzdy w \u015brodkowej cz\u0119\u015bci bie\u017cnika i g\u0119sta sie\u0107 lameli zapewniaj\u0105 bezpieczne pokonywanie zakr\u0119t\u00f3w w ka\u017cdych warunkach oraz przyczyniaj\u0105 si\u0119 do skr\u00f3cenia drogi hamowania.<\/p>\n<p style=\"margin: 15px 0; line-height: 1.8; clear: both; display: block; width: 100%; float: none; position: static;\">Nexen NBLUE 4 Season to doskona\u0142y wyb\u00f3r dla kierowc\u00f3w ceni\u0105cych wygod\u0119, komfort, bezpiecze\u0144stwo oraz brak konieczno\u015bci wymiany opon pomi\u0119dzy sezonami.<\/p>\n<\/div>\n<\/div>\n<\/div>\n<\/div>\n<\/div>\n<\/div>\n<div style=\"clear: both; display: block; margin: 10px 0;\">\n","protected":false},"excerpt":{"rendered":"<p>Opona ca\u0142oroczna Nexen N&#039;Blue 4 Season 155\/70R13 75 T<\/p>\n<p>Opona ca\u0142oroczna Nexen N&#039;Blue 4 Season 155\/70R13 75 T<\/p>\n<p>Cechy produktu:<\/p>\n<p>sezon: ca\u0142oroczne<\/p>\n<p>szeroko\u015b\u0107\/profil\/\u015brednica: 155\/70R13<\/p>\n<p>indeks pr\u0119dko\u015bci: T do 190 km\/h<\/p>\n<p>indeks no\u015bno\u015bci: 75 &#8211; 385 kg<\/p>\n<p>Informacje dodatkowe:<\/p>\n","protected":false},"featured_media":15282,"template":"","meta":{"_uag_custom_page_level_css":""},"product_brand":[392],"product_cat":[416,414,413,412],"product_tag":[],"class_list":{"0":"post-15281","1":"product","2":"type-product","3":"status-publish","4":"has-post-thumbnail","6":"product_brand-nexen","7":"product_cat-caloroczne","8":"product_cat-do-samochodow-osobowych-i-suv","9":"product_cat-opony","10":"product_cat-opony-i-felgi","12":"first","13":"instock","14":"shipping-taxable","15":"purchasable","16":"product-type-simple"},"uagb_featured_image_src":{"full":["https:\/\/oponixo.shop\/tire\/wp-content\/uploads\/2026\/01\/allegro-image-15281.jpg",546,500,false],"thumbnail":["https:\/\/oponixo.shop\/tire\/wp-content\/uploads\/2026\/01\/allegro-image-15281-150x150.jpg",150,150,true],"medium":["https:\/\/oponixo.shop\/tire\/wp-content\/uploads\/2026\/01\/allegro-image-15281-300x275.jpg",300,275,true],"medium_large":["https:\/\/oponixo.shop\/tire\/wp-content\/uploads\/2026\/01\/allegro-image-15281.jpg",546,500,false],"large":["https:\/\/oponixo.shop\/tire\/wp-content\/uploads\/2026\/01\/allegro-image-15281.jpg",546,500,false],"1536x1536":["https:\/\/oponixo.shop\/tire\/wp-content\/uploads\/2026\/01\/allegro-image-15281.jpg",546,500,false],"2048x2048":["https:\/\/oponixo.shop\/tire\/wp-content\/uploads\/2026\/01\/allegro-image-15281.jpg",546,500,false],"woocommerce_thumbnail":["https:\/\/oponixo.shop\/tire\/wp-content\/uploads\/2026\/01\/allegro-image-15281-300x300.jpg",300,300,true],"woocommerce_single":["https:\/\/oponixo.shop\/tire\/wp-content\/uploads\/2026\/01\/allegro-image-15281.jpg",546,500,false],"woocommerce_gallery_thumbnail":["https:\/\/oponixo.shop\/tire\/wp-content\/uploads\/2026\/01\/allegro-image-15281-100x100.jpg",100,100,true]},"uagb_author_info":{"display_name":"admin","author_link":"https:\/\/oponixo.shop\/tire\/author\/"},"uagb_comment_info":0,"uagb_excerpt":"Opona ca\u0142oroczna Nexen N&#039;Blue 4 Season 155\/70R13 75 T Opona ca\u0142oroczna Nexen N&#039;Blue 4 Season 155\/70R13 75 T Cechy produktu: sezon: ca\u0142oroczne szeroko\u015b\u0107\/profil\/\u015brednica: 155\/70R13 indeks pr\u0119dko\u015bci: T do 190 km\/h indeks no\u015bno\u015bci: 75 - 385 kg Informacje dodatkowe:","_links":{"self":[{"href":"https:\/\/oponixo.shop\/tire\/wp-json\/wp\/v2\/product\/15281","targetHints":{"allow":["GET"]}}],"collection":[{"href":"https:\/\/oponixo.shop\/tire\/wp-json\/wp\/v2\/product"}],"about":[{"href":"https:\/\/oponixo.shop\/tire\/wp-json\/wp\/v2\/types\/product"}],"wp:featuredmedia":[{"embeddable":true,"href":"https:\/\/oponixo.shop\/tire\/wp-json\/wp\/v2\/media\/15282"}],"wp:attachment":[{"href":"https:\/\/oponixo.shop\/tire\/wp-json\/wp\/v2\/media?parent=15281"}],"wp:term":[{"taxonomy":"product_brand","embeddable":true,"href":"https:\/\/oponixo.shop\/tire\/wp-json\/wp\/v2\/product_brand?post=15281"},{"taxonomy":"product_cat","embeddable":true,"href":"https:\/\/oponixo.shop\/tire\/wp-json\/wp\/v2\/product_cat?post=15281"},{"taxonomy":"product_tag","embeddable":true,"href":"https:\/\/oponixo.shop\/tire\/wp-json\/wp\/v2\/product_tag?post=15281"}],"curies":[{"name":"wp","href":"https:\/\/api.w.org\/{rel}","templated":true}]}}