{"id":15307,"date":"2026-01-16T02:41:57","date_gmt":"2026-01-16T01:41:57","guid":{"rendered":"https:\/\/oponyauto.shop\/xef5\/produkt\/2-x-maxxis-ap2-all-season-155-70r13-75-t-3pmsf-opona-caloroczna\/"},"modified":"2026-01-16T02:41:57","modified_gmt":"2026-01-16T01:41:57","slug":"2-x-maxxis-ap2-all-season-155-70r13-75-t-3pmsf-opona-caloroczna","status":"publish","type":"product","link":"https:\/\/oponixo.shop\/tire\/produkt\/2-x-maxxis-ap2-all-season-155-70r13-75-t-3pmsf-opona-caloroczna\/","title":{"rendered":"2 x Maxxis AP2 All Season 155\/70R13 75 T 3PMSF opona ca\u0142oroczna"},"content":{"rendered":"<div style=\"font-family: Arial, sans-serif; line-height: 1.6; color: #333; padding: 20px; clear: both; display: block; width: 100%; float: none; position: static; overflow: hidden;\">\n<div style=\"clear: both; display: block; margin: 10px 0;\">\n<div style=\"clear: both; display: block; margin: 10px 0;\">\n<div style=\"clear: both; display: block; margin: 10px 0;\">\n<div  style=\"max-width:158px;max-height:220px\">\n<div style=\"clear: both; display: block; margin: 10px 0;\">\n<div style=\"clear: both; width: 100%; display: block; margin: 20px 0; padding: 0; float: none; position: static; text-align: center;\"><img decoding=\"async\"  src=\"https:\/\/a.allegroimg.com\/original\/1161f6\/636c47424c97957b2700c4c87ea6\/2-x-Maxxis-AP2-All-Season-155-70R13-75-T-3PMSF-opona-caloroczna\" srcset=\"https:\/\/a.allegroimg.com\/original\/1161f6\/636c47424c97957b2700c4c87ea6\/2-x-Maxxis-AP2-All-Season-155-70R13-75-T-3PMSF-opona-caloroczna 158w,https:\/\/a.allegroimg.com\/original\/1161f6\/636c47424c97957b2700c4c87ea6\/2-x-Maxxis-AP2-All-Season-155-70R13-75-T-3PMSF-opona-caloroczna 158w\" sizes=\"(min-width: 1200px) 560px, (min-width: 992px) 50vw, 100vw\" width=\"158px\" alt=\"2 x Maxxis AP2 All Season 155\/70R13 75 T 3PMSF opona ca\u0142oroczna\" style=\"max-width: 100%; height: auto; display: block; margin: 0 auto;\"><\/div>\n<\/div>\n<\/div>\n<\/div>\n<\/div>\n<div style=\"clear: both; display: block; margin: 10px 0;\">\n<div style=\"clear: both; display: block; margin: 10px 0;\">\n<h2>Maxxis AP2 All Season 155\/70R13 75 T 3PMSF<\/h2>\n<p style=\"margin: 15px 0; line-height: 1.8; clear: both; display: block; width: 100%; float: none; position: static;\">Producent: Maxxis<\/p>\n<p style=\"margin: 15px 0; line-height: 1.8; clear: both; display: block; width: 100%; float: none; position: static;\">Model: AP2 All Season<\/p>\n<p style=\"margin: 15px 0; line-height: 1.8; clear: both; display: block; width: 100%; float: none; position: static;\">Sezon: ca\u0142oroczne<\/p>\n<p style=\"margin: 15px 0; line-height: 1.8; clear: both; display: block; width: 100%; float: none; position: static;\">Rozmiar: 155\/70R13<\/p>\n<p style=\"margin: 15px 0; line-height: 1.8; clear: both; display: block; width: 100%; float: none; position: static;\">Data produkcji: 2024\/2025<\/p>\n<p style=\"margin: 15px 0; line-height: 1.8; clear: both; display: block; width: 100%; float: none; position: static;\">Zu\u017cycie paliwa: klasa D<\/p>\n<p style=\"margin: 15px 0; line-height: 1.8; clear: both; display: block; width: 100%; float: none; position: static;\">Przyczepno\u015b\u0107 na mokrym: klasa B<\/p>\n<p style=\"margin: 15px 0; line-height: 1.8; clear: both; display: block; width: 100%; float: none; position: static;\">Poziom ha\u0142asu: 69 dB<\/p>\n<\/div>\n<\/div>\n<\/div>\n<\/div>\n<\/div>\n<\/div>\n<div style=\"clear: both; display: block; margin: 10px 0;\">\n","protected":false},"excerpt":{"rendered":"<p>Maxxis AP2 All Season 155\/70R13 75 T 3PMSF<\/p>\n<p>Producent: Maxxis<\/p>\n<p>Model: AP2 All Season<\/p>\n<p>Sezon: ca\u0142oroczne<\/p>\n<p>Rozmiar: 155\/70R13<\/p>\n<p>Data produkcji: 2024\/2025<\/p>\n<p>Zu\u017cycie paliwa: klasa D<\/p>\n<p>Przyczepno\u015b\u0107 na mokrym: klasa B<\/p>\n","protected":false},"featured_media":15308,"template":"","meta":{"_uag_custom_page_level_css":""},"product_brand":[445],"product_cat":[416,414,413,412],"product_tag":[],"class_list":{"0":"post-15307","1":"product","2":"type-product","3":"status-publish","4":"has-post-thumbnail","6":"product_brand-maxxis","7":"product_cat-caloroczne","8":"product_cat-do-samochodow-osobowych-i-suv","9":"product_cat-opony","10":"product_cat-opony-i-felgi","12":"first","13":"instock","14":"shipping-taxable","15":"purchasable","16":"product-type-simple"},"uagb_featured_image_src":{"full":["https:\/\/oponixo.shop\/tire\/wp-content\/uploads\/2026\/01\/allegro-image-15307.jpg",158,220,false],"thumbnail":["https:\/\/oponixo.shop\/tire\/wp-content\/uploads\/2026\/01\/allegro-image-15307-150x150.jpg",150,150,true],"medium":["https:\/\/oponixo.shop\/tire\/wp-content\/uploads\/2026\/01\/allegro-image-15307.jpg",158,220,false],"medium_large":["https:\/\/oponixo.shop\/tire\/wp-content\/uploads\/2026\/01\/allegro-image-15307.jpg",158,220,false],"large":["https:\/\/oponixo.shop\/tire\/wp-content\/uploads\/2026\/01\/allegro-image-15307.jpg",158,220,false],"1536x1536":["https:\/\/oponixo.shop\/tire\/wp-content\/uploads\/2026\/01\/allegro-image-15307.jpg",158,220,false],"2048x2048":["https:\/\/oponixo.shop\/tire\/wp-content\/uploads\/2026\/01\/allegro-image-15307.jpg",158,220,false],"woocommerce_thumbnail":["https:\/\/oponixo.shop\/tire\/wp-content\/uploads\/2026\/01\/allegro-image-15307.jpg",158,220,false],"woocommerce_single":["https:\/\/oponixo.shop\/tire\/wp-content\/uploads\/2026\/01\/allegro-image-15307.jpg",158,220,false],"woocommerce_gallery_thumbnail":["https:\/\/oponixo.shop\/tire\/wp-content\/uploads\/2026\/01\/allegro-image-15307-100x100.jpg",100,100,true]},"uagb_author_info":{"display_name":"admin","author_link":"https:\/\/oponixo.shop\/tire\/author\/"},"uagb_comment_info":0,"uagb_excerpt":"Maxxis AP2 All Season 155\/70R13 75 T 3PMSF Producent: Maxxis Model: AP2 All Season Sezon: ca\u0142oroczne Rozmiar: 155\/70R13 Data produkcji: 2024\/2025 Zu\u017cycie paliwa: klasa D Przyczepno\u015b\u0107 na mokrym: klasa B","_links":{"self":[{"href":"https:\/\/oponixo.shop\/tire\/wp-json\/wp\/v2\/product\/15307","targetHints":{"allow":["GET"]}}],"collection":[{"href":"https:\/\/oponixo.shop\/tire\/wp-json\/wp\/v2\/product"}],"about":[{"href":"https:\/\/oponixo.shop\/tire\/wp-json\/wp\/v2\/types\/product"}],"wp:featuredmedia":[{"embeddable":true,"href":"https:\/\/oponixo.shop\/tire\/wp-json\/wp\/v2\/media\/15308"}],"wp:attachment":[{"href":"https:\/\/oponixo.shop\/tire\/wp-json\/wp\/v2\/media?parent=15307"}],"wp:term":[{"taxonomy":"product_brand","embeddable":true,"href":"https:\/\/oponixo.shop\/tire\/wp-json\/wp\/v2\/product_brand?post=15307"},{"taxonomy":"product_cat","embeddable":true,"href":"https:\/\/oponixo.shop\/tire\/wp-json\/wp\/v2\/product_cat?post=15307"},{"taxonomy":"product_tag","embeddable":true,"href":"https:\/\/oponixo.shop\/tire\/wp-json\/wp\/v2\/product_tag?post=15307"}],"curies":[{"name":"wp","href":"https:\/\/api.w.org\/{rel}","templated":true}]}}