{"id":15321,"date":"2026-01-16T02:42:04","date_gmt":"2026-01-16T01:42:04","guid":{"rendered":"https:\/\/oponyauto.shop\/xef5\/produkt\/2x-225-75r16c-greentour-a-s-121-120r-grenlander-caloroczne-nowe-rok-2025\/"},"modified":"2026-01-16T02:42:04","modified_gmt":"2026-01-16T01:42:04","slug":"2x-225-75r16c-greentour-a-s-121-120r-grenlander-caloroczne-nowe-rok-2025","status":"publish","type":"product","link":"https:\/\/oponixo.shop\/tire\/produkt\/2x-225-75r16c-greentour-a-s-121-120r-grenlander-caloroczne-nowe-rok-2025\/","title":{"rendered":"2x 225\/75R16C GREENTOUR A\/S 121\/120R GRENLANDER ca\u0142oroczne nowe ROK 2025"},"content":{"rendered":"<div style=\"font-family: Arial, sans-serif; line-height: 1.6; color: #333; padding: 20px; clear: both; display: block; width: 100%; float: none; position: static; overflow: hidden;\">\n<div style=\"clear: both; display: block; margin: 10px 0;\">\n<div style=\"clear: both; display: block; margin: 10px 0;\">\n<div style=\"clear: both; display: block; margin: 10px 0;\">\n<div  style=\"max-width:2560px;max-height:482px\">\n<div style=\"clear: both; display: block; margin: 10px 0;\">\n<div style=\"clear: both; width: 100%; display: block; margin: 20px 0; padding: 0; float: none; position: static; text-align: center;\"><img decoding=\"async\"  src=\"https:\/\/a.allegroimg.com\/original\/1195e7\/b47e62cb456aaa8960cf7d9f2ecf\/2x-225-75R16C-GREENTOUR-A-S-121-120R-GRENLANDER-caloroczne-nowe-ROK-2025-Kod-producenta-3EGL403F\" srcset=\"https:\/\/a.allegroimg.com\/original\/1195e7\/b47e62cb456aaa8960cf7d9f2ecf\/2x-225-75R16C-GREENTOUR-A-S-121-120R-GRENLANDER-caloroczne-nowe-ROK-2025-Kod-producenta-3EGL403F 360w,https:\/\/a.allegroimg.com\/original\/1195e7\/b47e62cb456aaa8960cf7d9f2ecf\/2x-225-75R16C-GREENTOUR-A-S-121-120R-GRENLANDER-caloroczne-nowe-ROK-2025-Kod-producenta-3EGL403F 720w,https:\/\/a.allegroimg.com\/original\/1195e7\/b47e62cb456aaa8960cf7d9f2ecf\/2x-225-75R16C-GREENTOUR-A-S-121-120R-GRENLANDER-caloroczne-nowe-ROK-2025-Kod-producenta-3EGL403F 1024w,https:\/\/a.allegroimg.com\/original\/1195e7\/b47e62cb456aaa8960cf7d9f2ecf\/2x-225-75R16C-GREENTOUR-A-S-121-120R-GRENLANDER-caloroczne-nowe-ROK-2025-Kod-producenta-3EGL403F 1440w,https:\/\/a.allegroimg.com\/original\/1195e7\/b47e62cb456aaa8960cf7d9f2ecf\/2x-225-75R16C-GREENTOUR-A-S-121-120R-GRENLANDER-caloroczne-nowe-ROK-2025-Kod-producenta-3EGL403F 2560w\" sizes=\"100vw\" width=\"2560px\" alt=\"2x 225\/75R16C GREENTOUR A\/S 121\/120R GRENLANDER ca\u0142oroczne nowe ROK 2025 Kod producenta 3EGL403F\" style=\"max-width: 100%; height: auto; display: block; margin: 0 auto;\"><\/div>\n<\/div>\n<\/div>\n<\/div>\n<\/div>\n<\/div>\n<div style=\"clear: both; display: block; margin: 10px 0;\">\n<div style=\"clear: both; display: block; margin: 10px 0;\">\n<div style=\"clear: both; display: block; margin: 10px 0;\">\n<h2>Przedmiot aukcji: 2 sztuki fabrycznie nowej opony<\/h2>\n<p style=\"margin: 15px 0; line-height: 1.8; clear: both; display: block; width: 100%; float: none; position: static;\">Rozmiar: <b>225\/75R16C<\/b><\/p>\n<p style=\"margin: 15px 0; line-height: 1.8; clear: both; display: block; width: 100%; float: none; position: static;\">Indeksy pr\u0119dko\u015bci i no\u015bno\u015bci: <b>121\/120R (do 170 km\/h)<\/b><\/p>\n<p style=\"margin: 15px 0; line-height: 1.8; clear: both; display: block; width: 100%; float: none; position: static;\">Marka: <b>Grenlander<\/b><\/p>\n<p style=\"margin: 15px 0; line-height: 1.8; clear: both; display: block; width: 100%; float: none; position: static;\">Rok produkcji: <b>2025<\/b><\/p>\n<p style=\"margin: 15px 0; line-height: 1.8; clear: both; display: block; width: 100%; float: none; position: static;\">Sezon:&nbsp;<b>opony ca\u0142oroczne z homologacj\u0105 zimow\u0105 3PMSF<\/b><\/p>\n<p style=\"margin: 15px 0; line-height: 1.8; clear: both; display: block; width: 100%; float: none; position: static;\">Segment:&nbsp;<b>klasa ekonomiczna<\/b><\/p>\n<h1>Nowoczesna, symetryczna, atrakcyjna wizualnie rze\u017aba bie\u017cnika.<\/h1>\n<p style=\"margin: 15px 0; line-height: 1.8; clear: both; display: block; width: 100%; float: none; position: static;\">zalety:<\/p>\n<p style=\"margin: 15px 0; line-height: 1.8; clear: both; display: block; width: 100%; float: none; position: static;\">Bardzo dobre odprowadzanie wody i b\u0142ota po\u015bniegowego z czo\u0142a opony<\/p>\n<p style=\"margin: 15px 0; line-height: 1.8; clear: both; display: block; width: 100%; float: none; position: static;\">R\u00f3wnomierny rozk\u0142ad obci\u0105\u017ce\u0144<\/p>\n<p style=\"margin: 15px 0; line-height: 1.8; clear: both; display: block; width: 100%; float: none; position: static;\">Niski op\u00f3r toczenia<\/p>\n<p style=\"margin: 15px 0; line-height: 1.8; clear: both; display: block; width: 100%; float: none; position: static;\">Bardzo dobra kierowalno\u015b\u0107<\/p>\n<\/div>\n<\/div>\n<div style=\"clear: both; display: block; margin: 10px 0;\">\n<div style=\"clear: both; display: block; margin: 10px 0;\">\n<div  style=\"max-width:2000px;max-height:2000px\">\n<div style=\"clear: both; display: block; margin: 10px 0;\">\n<div style=\"clear: both; width: 100%; display: block; margin: 20px 0; padding: 0; float: none; position: static; text-align: center;\"><img decoding=\"async\"  src=\"https:\/\/a.allegroimg.com\/original\/11a6b4\/4016ccd6448eb4cc9d10c5294554\/2x-225-75R16C-GREENTOUR-A-S-121-120R-GRENLANDER-caloroczne-nowe-ROK-2025-EAN-GTIN-6938628262828\" srcset=\"https:\/\/a.allegroimg.com\/original\/11a6b4\/4016ccd6448eb4cc9d10c5294554\/2x-225-75R16C-GREENTOUR-A-S-121-120R-GRENLANDER-caloroczne-nowe-ROK-2025-EAN-GTIN-6938628262828 360w,https:\/\/a.allegroimg.com\/original\/11a6b4\/4016ccd6448eb4cc9d10c5294554\/2x-225-75R16C-GREENTOUR-A-S-121-120R-GRENLANDER-caloroczne-nowe-ROK-2025-EAN-GTIN-6938628262828 720w,https:\/\/a.allegroimg.com\/original\/11a6b4\/4016ccd6448eb4cc9d10c5294554\/2x-225-75R16C-GREENTOUR-A-S-121-120R-GRENLANDER-caloroczne-nowe-ROK-2025-EAN-GTIN-6938628262828 1024w,https:\/\/a.allegroimg.com\/original\/11a6b4\/4016ccd6448eb4cc9d10c5294554\/2x-225-75R16C-GREENTOUR-A-S-121-120R-GRENLANDER-caloroczne-nowe-ROK-2025-EAN-GTIN-6938628262828 1440w,https:\/\/a.allegroimg.com\/original\/11a6b4\/4016ccd6448eb4cc9d10c5294554\/2x-225-75R16C-GREENTOUR-A-S-121-120R-GRENLANDER-caloroczne-nowe-ROK-2025-EAN-GTIN-6938628262828 2000w\" sizes=\"(min-width: 1200px) 560px, (min-width: 992px) 50vw, 100vw\" width=\"2000px\" alt=\"2x 225\/75R16C GREENTOUR A\/S 121\/120R GRENLANDER ca\u0142oroczne nowe ROK 2025 EAN (GTIN) 6938628262828\" style=\"max-width: 100%; height: auto; display: block; margin: 0 auto;\"><\/div>\n<\/div>\n<\/div>\n<\/div>\n<\/div>\n<\/div>\n<div style=\"clear: both; display: block; margin: 10px 0;\">\n<div style=\"clear: both; display: block; margin: 10px 0;\">\n<div style=\"clear: both; display: block; margin: 10px 0;\">\n<p style=\"margin: 15px 0; line-height: 1.8; clear: both; display: block; width: 100%; float: none; position: static;\">[3EGL403FGR][3EGL403FGR]<\/p>\n<\/div>\n<\/div>\n<\/div>\n<\/div>\n<\/div>\n<\/div>\n<div style=\"clear: both; display: block; margin: 10px 0;\">\n","protected":false},"excerpt":{"rendered":"<p>Przedmiot aukcji: 2 sztuki fabrycznie nowej opony<\/p>\n<p>Rozmiar: 225\/75R16C<\/p>\n<p>Indeksy pr\u0119dko\u015bci i no\u015bno\u015bci: 121\/120R (do 170 km\/h)<\/p>\n<p>Marka: Grenlander<\/p>\n<p>Rok produkcji: 2025<\/p>\n<p>Sezon:&nbsp;opony ca\u0142oroczne z homologacj\u0105 zimow\u0105 3PMSF<\/p>\n<p>Segment:&nbsp;klasa ekonomiczna<\/p>\n<p>Nowoczesna, symetryczna, atrakcyjna wizualnie rze\u017aba bie\u017cnika.<\/p>\n","protected":false},"featured_media":15322,"template":"","meta":{"_uag_custom_page_level_css":""},"product_brand":[461],"product_cat":[416,417,413,412],"product_tag":[],"class_list":{"0":"post-15321","1":"product","2":"type-product","3":"status-publish","4":"has-post-thumbnail","6":"product_brand-grenlander","7":"product_cat-caloroczne","8":"product_cat-do-samochodow-dostawczych","9":"product_cat-opony","10":"product_cat-opony-i-felgi","12":"first","13":"instock","14":"shipping-taxable","15":"purchasable","16":"product-type-simple"},"uagb_featured_image_src":{"full":["https:\/\/oponixo.shop\/tire\/wp-content\/uploads\/2026\/01\/allegro-image-15321.jpg",2000,2000,false],"thumbnail":["https:\/\/oponixo.shop\/tire\/wp-content\/uploads\/2026\/01\/allegro-image-15321-150x150.jpg",150,150,true],"medium":["https:\/\/oponixo.shop\/tire\/wp-content\/uploads\/2026\/01\/allegro-image-15321-300x300.jpg",300,300,true],"medium_large":["https:\/\/oponixo.shop\/tire\/wp-content\/uploads\/2026\/01\/allegro-image-15321-768x768.jpg",768,768,true],"large":["https:\/\/oponixo.shop\/tire\/wp-content\/uploads\/2026\/01\/allegro-image-15321-1024x1024.jpg",1024,1024,true],"1536x1536":["https:\/\/oponixo.shop\/tire\/wp-content\/uploads\/2026\/01\/allegro-image-15321-1536x1536.jpg",1536,1536,true],"2048x2048":["https:\/\/oponixo.shop\/tire\/wp-content\/uploads\/2026\/01\/allegro-image-15321.jpg",2000,2000,false],"woocommerce_thumbnail":["https:\/\/oponixo.shop\/tire\/wp-content\/uploads\/2026\/01\/allegro-image-15321-300x300.jpg",300,300,true],"woocommerce_single":["https:\/\/oponixo.shop\/tire\/wp-content\/uploads\/2026\/01\/allegro-image-15321-600x600.jpg",600,600,true],"woocommerce_gallery_thumbnail":["https:\/\/oponixo.shop\/tire\/wp-content\/uploads\/2026\/01\/allegro-image-15321-100x100.jpg",100,100,true]},"uagb_author_info":{"display_name":"admin","author_link":"https:\/\/oponixo.shop\/tire\/author\/"},"uagb_comment_info":0,"uagb_excerpt":"Przedmiot aukcji: 2 sztuki fabrycznie nowej opony Rozmiar: 225\/75R16C Indeksy pr\u0119dko\u015bci i no\u015bno\u015bci: 121\/120R (do 170 km\/h) Marka: Grenlander Rok produkcji: 2025 Sezon:&nbsp;opony ca\u0142oroczne z homologacj\u0105 zimow\u0105 3PMSF Segment:&nbsp;klasa ekonomiczna Nowoczesna, symetryczna, atrakcyjna wizualnie rze\u017aba bie\u017cnika.","_links":{"self":[{"href":"https:\/\/oponixo.shop\/tire\/wp-json\/wp\/v2\/product\/15321","targetHints":{"allow":["GET"]}}],"collection":[{"href":"https:\/\/oponixo.shop\/tire\/wp-json\/wp\/v2\/product"}],"about":[{"href":"https:\/\/oponixo.shop\/tire\/wp-json\/wp\/v2\/types\/product"}],"wp:featuredmedia":[{"embeddable":true,"href":"https:\/\/oponixo.shop\/tire\/wp-json\/wp\/v2\/media\/15322"}],"wp:attachment":[{"href":"https:\/\/oponixo.shop\/tire\/wp-json\/wp\/v2\/media?parent=15321"}],"wp:term":[{"taxonomy":"product_brand","embeddable":true,"href":"https:\/\/oponixo.shop\/tire\/wp-json\/wp\/v2\/product_brand?post=15321"},{"taxonomy":"product_cat","embeddable":true,"href":"https:\/\/oponixo.shop\/tire\/wp-json\/wp\/v2\/product_cat?post=15321"},{"taxonomy":"product_tag","embeddable":true,"href":"https:\/\/oponixo.shop\/tire\/wp-json\/wp\/v2\/product_tag?post=15321"}],"curies":[{"name":"wp","href":"https:\/\/api.w.org\/{rel}","templated":true}]}}