{"id":15323,"date":"2026-01-16T02:42:04","date_gmt":"2026-01-16T01:42:04","guid":{"rendered":"https:\/\/oponyauto.shop\/xef5\/produkt\/4x-225-75r16c-hankook-winter-icept-lv-rw12-121r\/"},"modified":"2026-01-16T02:42:05","modified_gmt":"2026-01-16T01:42:05","slug":"4x-225-75r16c-hankook-winter-icept-lv-rw12-121r","status":"publish","type":"product","link":"https:\/\/oponixo.shop\/tire\/produkt\/4x-225-75r16c-hankook-winter-icept-lv-rw12-121r\/","title":{"rendered":"4x 225\/75R16C HANKOOK WINTER ICEPT LV RW12 121R"},"content":{"rendered":"<div style=\"font-family: Arial, sans-serif; line-height: 1.6; color: #333; padding: 20px; clear: both; display: block; width: 100%; float: none; position: static; overflow: hidden;\">\n<div style=\"clear: both; display: block; margin: 10px 0;\">\n<div style=\"clear: both; display: block; margin: 10px 0;\">\n<div style=\"clear: both; display: block; margin: 10px 0;\">\n<h2>Opona zimowa Hankook Winter I*cept LV RW12 225\/75R16 121 R przyczepno\u015b\u0107 na \u015bniegu (3PMSF)<\/h2>\n<p style=\"margin: 15px 0; line-height: 1.8; clear: both; display: block; width: 100%; float: none; position: static;\">Opona zimowa Hankook Winter i*cept LV RW12 225\/75R16 121\/120 R<\/p>\n<p style=\"margin: 15px 0; line-height: 1.8; clear: both; display: block; width: 100%; float: none; position: static;\">Cechy produktu:<\/p>\n<ul style=\"margin: 15px 0; padding-left: 20px; clear: both; display: block; width: 100%; float: none; position: static;\">\n<li style=\"margin: 5px 0; padding: 2px 0; clear: both; display: list-item; float: none; position: static;\">sezon: zimowe<\/li>\n<li style=\"margin: 5px 0; padding: 2px 0; clear: both; display: list-item; float: none; position: static;\">szeroko\u015b\u0107\/profil\/\u015brednica: 225\/75R16<\/li>\n<li style=\"margin: 5px 0; padding: 2px 0; clear: both; display: list-item; float: none; position: static;\">indeks no\u015bno\u015bci: 121\/120 &#8211; 1450\/1400 kg<\/li>\n<li style=\"margin: 5px 0; padding: 2px 0; clear: both; display: list-item; float: none; position: static;\">indeks pr\u0119dko\u015bci: R do 170 km\/h<\/li>\n<li style=\"margin: 5px 0; padding: 2px 0; clear: both; display: list-item; float: none; position: static;\">wzmocnienie (C)<\/li>\n<\/ul>\n<\/div>\n<\/div>\n<div style=\"clear: both; display: block; margin: 10px 0;\">\n<div style=\"clear: both; display: block; margin: 10px 0;\">\n<div  style=\"max-width:706px;max-height:952px\">\n<div style=\"clear: both; display: block; margin: 10px 0;\">\n<div style=\"clear: both; width: 100%; display: block; margin: 20px 0; padding: 0; float: none; position: static; text-align: center;\"><img decoding=\"async\"  src=\"https:\/\/a.allegroimg.com\/original\/009348\/4b36dd4646089fb761ef3c4204ce\/4x-225-75R16C-HANKOOK-WINTER-ICEPT-LV-RW12-121R\" srcset=\"https:\/\/a.allegroimg.com\/original\/009348\/4b36dd4646089fb761ef3c4204ce\/4x-225-75R16C-HANKOOK-WINTER-ICEPT-LV-RW12-121R 266w,https:\/\/a.allegroimg.com\/original\/009348\/4b36dd4646089fb761ef3c4204ce\/4x-225-75R16C-HANKOOK-WINTER-ICEPT-LV-RW12-121R 533w,https:\/\/a.allegroimg.com\/original\/009348\/4b36dd4646089fb761ef3c4204ce\/4x-225-75R16C-HANKOOK-WINTER-ICEPT-LV-RW12-121R 706w,https:\/\/a.allegroimg.com\/original\/009348\/4b36dd4646089fb761ef3c4204ce\/4x-225-75R16C-HANKOOK-WINTER-ICEPT-LV-RW12-121R 706w\" sizes=\"(min-width: 1200px) 560px, (min-width: 992px) 50vw, 100vw\" width=\"706px\" alt=\"4x 225\/75R16C HANKOOK WINTER ICEPT LV RW12 121R\" style=\"max-width: 100%; height: auto; display: block; margin: 0 auto;\"><\/div>\n<\/div>\n<\/div>\n<\/div>\n<\/div>\n<\/div>\n<div style=\"clear: both; display: block; margin: 10px 0;\">\n<div style=\"clear: both; display: block; margin: 10px 0;\">\n<div style=\"clear: both; display: block; margin: 10px 0;\">\n<h3 style=\"color: #2c5aa0; font-size: 18px; margin: 30px 0 15px 0; font-weight: bold; clear: both; display: block; width: 100%; float: none; position: static;\">Informacje dodatkowe:<\/h3>\n<ul style=\"margin: 15px 0; padding-left: 20px; clear: both; display: block; width: 100%; float: none; position: static;\">\n<li style=\"margin: 5px 0; padding: 2px 0; clear: both; display: list-item; float: none; position: static;\">rok produkcji: 2024\/2025 (kupuj\u0105c z tej oferty otrzymasz opony fabrycznie nowe, pe\u0142nowarto\u015bciowe) <\/li>\n<li style=\"margin: 5px 0; padding: 2px 0; clear: both; display: list-item; float: none; position: static;\">stan: fabrycznie nowe <\/li>\n<\/ul>\n<\/div>\n<\/div>\n<\/div>\n<div style=\"clear: both; display: block; margin: 10px 0;\">\n<div style=\"clear: both; display: block; margin: 10px 0;\">\n<div style=\"clear: both; display: block; margin: 10px 0;\">\n<h3 style=\"color: #2c5aa0; font-size: 18px; margin: 30px 0 15px 0; font-weight: bold; clear: both; display: block; width: 100%; float: none; position: static;\">Przeznaczenie<\/h3>\n<p style=\"margin: 15px 0; line-height: 1.8; clear: both; display: block; width: 100%; float: none; position: static;\">Opony Hankook Winter i*cept LV RW12 to ogumienie zimowe przeznaczone do montowania na ko\u0142ach samochod\u00f3w dostawczych. Producent opon RW12 po\u0142o\u017cy\u0142 nacisk na to, aby opony gwarantowa\u0142y bezpiecze\u0144stwo, stabilno\u015b\u0107 i precyzj\u0119 prowadzenia na zimowych drogach.<\/p>\n<h3 style=\"color: #2c5aa0; font-size: 18px; margin: 30px 0 15px 0; font-weight: bold; clear: both; display: block; width: 100%; float: none; position: static;\">Technologia<\/h3>\n<p style=\"margin: 15px 0; line-height: 1.8; clear: both; display: block; width: 100%; float: none; position: static;\">Zimowe opony samochodowe Hankook Winter i*cept LV RW12 wyprodukowano z mieszanki gumowej dostosowanej do eksploatacji w ci\u0119\u017ckich warunkach zimowych. Sk\u0142adniki mieszanki dobierano tak, aby nawet w ekstremalnie niskich temperaturach zachowywa\u0142a ona optymaln\u0105 elastyczno\u015b\u0107. Opony maj\u0105 specjaln\u0105 konstrukcj\u0119 dostosowan\u0105 do eksploatacji na ko\u0142ach samochod\u00f3w dostawczych. Konstrukcja zosta\u0142a wzmocniona, aby lepiej znosi\u0107 przeci\u0105\u017cenia oraz aby chroni\u0107 opony przed deformacjami. Producent zastosowa\u0142 nowoczesny bie\u017cnik, kt\u00f3ry ma na celu zwi\u0119kszenie przyczepno\u015bci, zagwarantowanie precyzji manewrowania oraz kr\u00f3tkiej drogi hamowania.<\/p>\n<h3 style=\"color: #2c5aa0; font-size: 18px; margin: 30px 0 15px 0; font-weight: bold; clear: both; display: block; width: 100%; float: none; position: static;\">Bie\u017cnik<\/h3>\n<p style=\"margin: 15px 0; line-height: 1.8; clear: both; display: block; width: 100%; float: none; position: static;\">Zimowe opony samochodowe Hankook Winter i*cept LV RW12 maj\u0105 bie\u017cnik symetryczny. Na czole opony znajduje si\u0119 pofalowany centralny rowek odpowiadaj\u0105cy za stabilno\u015b\u0107 oraz usuwanie wody i \u015bniegu sprzed czo\u0142a. Uzupe\u0142niaj\u0105 go dwa dodatkowe rowki. Na czole opony znajduj\u0105 si\u0119 dwie wst\u0119gi z uko\u015bnymi naci\u0119ciami wyznaczaj\u0105cymi kszta\u0142t klock\u00f3w. Na barkach zastosowano pot\u0119\u017cne klocki z dodatkowymi naci\u0119ciami. Ca\u0142o\u015b\u0107 element\u00f3w pokryto g\u0119st\u0105 sieci\u0105 lamelek.<\/p>\n<h3 style=\"color: #2c5aa0; font-size: 18px; margin: 30px 0 15px 0; font-weight: bold; clear: both; display: block; width: 100%; float: none; position: static;\">Producent<\/h3>\n<p style=\"margin: 15px 0; line-height: 1.8; clear: both; display: block; width: 100%; float: none; position: static;\">Hankook to jeden z najwi\u0119kszych producent\u00f3w ogumienia samochodowego na \u015bwiecie. Firma wywodzi si\u0119 z Korei Po\u0142udniowej, a dzia\u0142alno\u015b\u0107 rozpocz\u0119\u0142a w 1941 roku jako Chosun Tire Industrial, jeszcze za czas\u00f3w okupacji japo\u0144skiej. Rozw\u00f3j firmy przyspieszy\u0142 w latach pi\u0119\u0107dziesi\u0105tych, wraz z rozwojem przemys\u0142u motoryzacyjnego w Korei Po\u0142udniowej. Firma zacz\u0119\u0142a eksport do kraj\u00f3w azjatyckich, rozpocz\u0119\u0142a r\u00f3wnie\u017c budow\u0119 nowych fabryk. Ci\u0105g\u0142e inwestycje w nowe technologie (w tym programy badawcze) spowodowa\u0142y, \u017ce firma mog\u0142a inwestowa\u0107 na nowych rynkach. W 1980 roku otwarto przedstawicielstwo w USA, a kilka lat p\u00f3\u017aniej centrum badawcze w Niemczech. Obecnie Hankook znajduje si\u0119 w pierwszej dziesi\u0105tce firm oponiarskich na \u015bwiecie. Hankook dostarcza opony do 180 kraj\u00f3w. Opony Hankook s\u0105 tak\u017ce stosowane na pierwszy monta\u017c przez firmy Kia, Opel, Audi, Ford, Hyundai i wiele innych.<\/p>\n<\/div>\n<\/div>\n<\/div>\n<\/div>\n<\/div>\n<\/div>\n<div style=\"clear: both; display: block; margin: 10px 0;\">\n","protected":false},"excerpt":{"rendered":"<p>Opona zimowa Hankook Winter I*cept LV RW12 225\/75R16 121 R przyczepno\u015b\u0107 na \u015bniegu (3PMSF)<\/p>\n<p>Opona zimowa Hankook Winter i*cept LV RW12 225\/75R16 121\/120 R<\/p>\n<p>Cechy produktu:<\/p>\n<p>sezon: zimowe<\/p>\n<p>szeroko\u015b\u0107\/profil\/\u015brednica: 225\/75R16<\/p>\n<p>indeks no\u015bno\u015bci: 121\/120 &#8211; 1450\/1400 kg<\/p>\n<p>indeks pr\u0119dko\u015bci: R do 170 km\/h<\/p>\n<p>wzmocnienie (C)<\/p>\n","protected":false},"featured_media":15324,"template":"","meta":{"_uag_custom_page_level_css":""},"product_brand":[411],"product_cat":[417,413,412,415],"product_tag":[],"class_list":{"0":"post-15323","1":"product","2":"type-product","3":"status-publish","4":"has-post-thumbnail","6":"product_brand-hankook","7":"product_cat-do-samochodow-dostawczych","8":"product_cat-opony","9":"product_cat-opony-i-felgi","10":"product_cat-zimowe","12":"first","13":"instock","14":"shipping-taxable","15":"purchasable","16":"product-type-simple"},"uagb_featured_image_src":{"full":["https:\/\/oponixo.shop\/tire\/wp-content\/uploads\/2026\/01\/allegro-image-15323.jpg",706,952,false],"thumbnail":["https:\/\/oponixo.shop\/tire\/wp-content\/uploads\/2026\/01\/allegro-image-15323-150x150.jpg",150,150,true],"medium":["https:\/\/oponixo.shop\/tire\/wp-content\/uploads\/2026\/01\/allegro-image-15323-222x300.jpg",222,300,true],"medium_large":["https:\/\/oponixo.shop\/tire\/wp-content\/uploads\/2026\/01\/allegro-image-15323.jpg",706,952,false],"large":["https:\/\/oponixo.shop\/tire\/wp-content\/uploads\/2026\/01\/allegro-image-15323.jpg",706,952,false],"1536x1536":["https:\/\/oponixo.shop\/tire\/wp-content\/uploads\/2026\/01\/allegro-image-15323.jpg",706,952,false],"2048x2048":["https:\/\/oponixo.shop\/tire\/wp-content\/uploads\/2026\/01\/allegro-image-15323.jpg",706,952,false],"woocommerce_thumbnail":["https:\/\/oponixo.shop\/tire\/wp-content\/uploads\/2026\/01\/allegro-image-15323-300x300.jpg",300,300,true],"woocommerce_single":["https:\/\/oponixo.shop\/tire\/wp-content\/uploads\/2026\/01\/allegro-image-15323-600x809.jpg",600,809,true],"woocommerce_gallery_thumbnail":["https:\/\/oponixo.shop\/tire\/wp-content\/uploads\/2026\/01\/allegro-image-15323-100x100.jpg",100,100,true]},"uagb_author_info":{"display_name":"admin","author_link":"https:\/\/oponixo.shop\/tire\/author\/"},"uagb_comment_info":0,"uagb_excerpt":"Opona zimowa Hankook Winter I*cept LV RW12 225\/75R16 121 R przyczepno\u015b\u0107 na \u015bniegu (3PMSF) Opona zimowa Hankook Winter i*cept LV RW12 225\/75R16 121\/120 R Cechy produktu: sezon: zimowe szeroko\u015b\u0107\/profil\/\u015brednica: 225\/75R16 indeks no\u015bno\u015bci: 121\/120 - 1450\/1400 kg indeks pr\u0119dko\u015bci: R do 170 km\/h wzmocnienie (C)","_links":{"self":[{"href":"https:\/\/oponixo.shop\/tire\/wp-json\/wp\/v2\/product\/15323","targetHints":{"allow":["GET"]}}],"collection":[{"href":"https:\/\/oponixo.shop\/tire\/wp-json\/wp\/v2\/product"}],"about":[{"href":"https:\/\/oponixo.shop\/tire\/wp-json\/wp\/v2\/types\/product"}],"wp:featuredmedia":[{"embeddable":true,"href":"https:\/\/oponixo.shop\/tire\/wp-json\/wp\/v2\/media\/15324"}],"wp:attachment":[{"href":"https:\/\/oponixo.shop\/tire\/wp-json\/wp\/v2\/media?parent=15323"}],"wp:term":[{"taxonomy":"product_brand","embeddable":true,"href":"https:\/\/oponixo.shop\/tire\/wp-json\/wp\/v2\/product_brand?post=15323"},{"taxonomy":"product_cat","embeddable":true,"href":"https:\/\/oponixo.shop\/tire\/wp-json\/wp\/v2\/product_cat?post=15323"},{"taxonomy":"product_tag","embeddable":true,"href":"https:\/\/oponixo.shop\/tire\/wp-json\/wp\/v2\/product_tag?post=15323"}],"curies":[{"name":"wp","href":"https:\/\/api.w.org\/{rel}","templated":true}]}}