{"id":15333,"date":"2026-01-16T02:42:07","date_gmt":"2026-01-16T01:42:07","guid":{"rendered":"https:\/\/oponyauto.shop\/xef5\/produkt\/4x225-75r16c-118q-west-lake-goodride-sw612-dostawcze-opony-zimowe\/"},"modified":"2026-01-16T02:42:08","modified_gmt":"2026-01-16T01:42:08","slug":"4x225-75r16c-118q-west-lake-goodride-sw612-dostawcze-opony-zimowe","status":"publish","type":"product","link":"https:\/\/oponixo.shop\/tire\/produkt\/4x225-75r16c-118q-west-lake-goodride-sw612-dostawcze-opony-zimowe\/","title":{"rendered":"4&#215;225\/75R16C 118Q WEST LAKE \/ GOODRIDE SW612 dostawcze opony zimowe"},"content":{"rendered":"<div style=\"font-family: Arial, sans-serif; line-height: 1.6; color: #333; padding: 20px; clear: both; display: block; width: 100%; float: none; position: static; overflow: hidden;\">\n<div style=\"clear: both; display: block; margin: 10px 0;\">\n<div style=\"clear: both; display: block; margin: 10px 0;\">\n<div style=\"clear: both; display: block; margin: 10px 0;\">\n<h1>4&nbsp; nowe zimowe opony&nbsp; dostawcze \/ do busa \/- producent&nbsp; GOODRIDE<\/h1>\n<\/div>\n<\/div>\n<\/div>\n<div style=\"clear: both; display: block; margin: 10px 0;\">\n<div style=\"clear: both; display: block; margin: 10px 0;\">\n<div style=\"clear: both; display: block; margin: 10px 0;\">\n<div  style=\"max-width:308px;max-height:473px\">\n<div style=\"clear: both; display: block; margin: 10px 0;\">\n<div style=\"clear: both; width: 100%; display: block; margin: 20px 0; padding: 0; float: none; position: static; text-align: center;\"><img decoding=\"async\"  src=\"https:\/\/a.allegroimg.com\/original\/11ef21\/4cf48c1b4674ac0d9fcf6575eb28\/4x225-75R16C-118Q-WEST-LAKE-GOODRIDE-SW612-dostawcze-opony-zimowe-Liczba-opon-w-ofercie-Komplet-4-szt\" srcset=\"https:\/\/a.allegroimg.com\/original\/11ef21\/4cf48c1b4674ac0d9fcf6575eb28\/4x225-75R16C-118Q-WEST-LAKE-GOODRIDE-SW612-dostawcze-opony-zimowe-Liczba-opon-w-ofercie-Komplet-4-szt 234w,https:\/\/a.allegroimg.com\/original\/11ef21\/4cf48c1b4674ac0d9fcf6575eb28\/4x225-75R16C-118Q-WEST-LAKE-GOODRIDE-SW612-dostawcze-opony-zimowe-Liczba-opon-w-ofercie-Komplet-4-szt 308w,https:\/\/a.allegroimg.com\/original\/11ef21\/4cf48c1b4674ac0d9fcf6575eb28\/4x225-75R16C-118Q-WEST-LAKE-GOODRIDE-SW612-dostawcze-opony-zimowe-Liczba-opon-w-ofercie-Komplet-4-szt 308w\" sizes=\"(min-width: 1200px) 560px, (min-width: 992px) 50vw, 100vw\" width=\"308px\" alt=\"4x225\/75R16C 118Q WEST LAKE \/ GOODRIDE SW612 dostawcze opony zimowe Liczba opon w ofercie Komplet 4 szt.\" style=\"max-width: 100%; height: auto; display: block; margin: 0 auto;\"><\/div>\n<\/div>\n<\/div>\n<\/div>\n<\/div>\n<div style=\"clear: both; display: block; margin: 10px 0;\">\n<div style=\"clear: both; display: block; margin: 10px 0;\">\n<h2>KOMPLET OPON DOSTAWCZYCH ZIMOWYCH&nbsp; (4 SZTUKI)<\/h2>\n<h1>WEST LAKE SW612<\/h1>\n<h1>225\/75R16C 118\/116Q<\/h1>\n<h3 style=\"color: #2c5aa0; font-size: 18px; margin: 30px 0 15px 0; font-weight: bold; clear: both; display: block; width: 100%; float: none; position: static;\">\u2022 INDEKS NO\u015aNO\u015aCI: 118, 1320 kg na opon\u0119<\/h3>\n<h3 style=\"color: #2c5aa0; font-size: 18px; margin: 30px 0 15px 0; font-weight: bold; clear: both; display: block; width: 100%; float: none; position: static;\">\u2022 INDEKS PR\u0118DKO\u015aCI: Q, 160 km\/h<\/h3>\n<h3 style=\"color: #2c5aa0; font-size: 18px; margin: 30px 0 15px 0; font-weight: bold; clear: both; display: block; width: 100%; float: none; position: static;\">\u2022 ETYKIETA: [D_C_72dB]<\/h3>\n<p style=\"margin: 15px 0; line-height: 1.8; clear: both; display: block; width: 100%; float: none; position: static;\">\u2022 nowe zimowe opony,&nbsp; europejskie certyfikaty<\/p>\n<p style=\"margin: 15px 0; line-height: 1.8; clear: both; display: block; width: 100%; float: none; position: static;\">\u2022 stabilne na \u015bniegu, b\u0142ocie po\u015bniegowym, dobrze odprowadzaj\u0105 wod\u0119<\/p>\n<p style=\"margin: 15px 0; line-height: 1.8; clear: both; display: block; width: 100%; float: none; position: static;\">\u2022 gwarantuj\u0105&nbsp; przyczepno\u015b\u0107 i kontrol\u0119 nad pojazdem w zimowych warunkach<\/p>\n<p style=\"margin: 15px 0; line-height: 1.8; clear: both; display: block; width: 100%; float: none; position: static;\">\u2022&nbsp;<b>homologacja zimowa<\/b>&nbsp;<b>3PMSF (Three-Peak Mountain Snowflake)<\/b>opony z tym oznaczeniem musz\u0105 spe\u0142nia\u0107 rygorystyczne normy dot. przyczepno\u015bci i hamowania na \u015bniegu i lodzie<\/p>\n<p style=\"margin: 15px 0; line-height: 1.8; clear: both; display: block; width: 100%; float: none; position: static;\">\u2022 skuteczne odprowadzanie wody i b\u0142ota, system antypo\u015blizgowy<\/p>\n<p style=\"margin: 15px 0; line-height: 1.8; clear: both; display: block; width: 100%; float: none; position: static;\">\u2022 zaprojektowane z my\u015bl\u0105 o bezpiecze\u0144stwie i komforcie jazdy<\/p>\n<h3 style=\"color: #2c5aa0; font-size: 18px; margin: 30px 0 15px 0; font-weight: bold; clear: both; display: block; width: 100%; float: none; position: static;\">ROK PRODUKCJI: 2024\/25<\/h3>\n<\/div>\n<\/div>\n<\/div>\n<div style=\"clear: both; display: block; margin: 10px 0;\">\n<div style=\"clear: both; display: block; margin: 10px 0;\">\n<div style=\"clear: both; display: block; margin: 10px 0;\">\n<p style=\"margin: 15px 0; line-height: 1.8; clear: both; display: block; width: 100%; float: none; position: static;\"><b>WEST LAKE <\/b>to zimowa opona przeznaczona do samochod\u00f3w osobowych, van\u00f3w i lekkich aut dostawczych. Specjalna kierunkowa rze\u017aba bie\u017cnika gwarantuje przyczepno\u015b\u0107 na mokrych i \u015bliskich nawierzchniach. W rze\u017abie bie\u017cnika znajduj\u0105 si\u0119 tak\u017ce specjalnie zaprojektowane rowki hydrodynamiczne, kt\u00f3re doskonale odprowadzaj\u0105 wod\u0119. Do produkcji wykorzystano innowacyjn\u0105 mieszank\u0119, dzi\u0119ki kt\u00f3rej opona zachowuje swoje w\u0142a\u015bciwo\u015bci przez d\u0142ugi okres czasu i zu\u017cywa si\u0119 r\u00f3wnomiernie. W rezultacie zar\u00f3wno jazda w mie\u015bcie jak i na d\u0142u\u017cszych trasach jest wyj\u0105tkowo bezpieczna.<\/p>\n<p style=\"margin: 15px 0; line-height: 1.8; clear: both; display: block; width: 100%; float: none; position: static;\">Opony <b>WEST LAKE <\/b>posiadaj\u0105 tzn. symbol&nbsp;<b>3PMSF<\/b>, kt\u00f3ry jest gwarancj\u0105 jako\u015bci i bezpiecze\u0144stwa na podstawie wymaga\u0144 stawianych przez UE.<\/p>\n<\/div>\n<\/div>\n<div style=\"clear: both; display: block; margin: 10px 0;\">\n<div style=\"clear: both; display: block; margin: 10px 0;\">\n<div  style=\"max-width:500px;max-height:500px\">\n<div style=\"clear: both; display: block; margin: 10px 0;\">\n<div style=\"clear: both; width: 100%; display: block; margin: 20px 0; padding: 0; float: none; position: static; text-align: center;\"><img decoding=\"async\"  src=\"https:\/\/a.allegroimg.com\/original\/11559f\/0848d3ba44bebd52f5fe040ee2e6\/4x225-75R16C-118Q-WEST-LAKE-GOODRIDE-SW612-dostawcze-opony-zimowe\" srcset=\"https:\/\/a.allegroimg.com\/original\/11559f\/0848d3ba44bebd52f5fe040ee2e6\/4x225-75R16C-118Q-WEST-LAKE-GOODRIDE-SW612-dostawcze-opony-zimowe 360w,https:\/\/a.allegroimg.com\/original\/11559f\/0848d3ba44bebd52f5fe040ee2e6\/4x225-75R16C-118Q-WEST-LAKE-GOODRIDE-SW612-dostawcze-opony-zimowe 500w,https:\/\/a.allegroimg.com\/original\/11559f\/0848d3ba44bebd52f5fe040ee2e6\/4x225-75R16C-118Q-WEST-LAKE-GOODRIDE-SW612-dostawcze-opony-zimowe 500w\" sizes=\"(min-width: 1200px) 560px, (min-width: 992px) 50vw, 100vw\" width=\"500px\" alt=\"4x225\/75R16C 118Q WEST LAKE \/ GOODRIDE SW612 dostawcze opony zimowe\" style=\"max-width: 100%; height: auto; display: block; margin: 0 auto;\"><\/div>\n<\/div>\n<\/div>\n<\/div>\n<\/div>\n<\/div>\n<div style=\"clear: both; display: block; margin: 10px 0;\">\n<div style=\"clear: both; display: block; margin: 10px 0;\">\n<div style=\"clear: both; display: block; margin: 10px 0;\">\n<div  style=\"max-width:648px;max-height:176px\">\n<div style=\"clear: both; display: block; margin: 10px 0;\">\n<div style=\"clear: both; width: 100%; display: block; margin: 20px 0; padding: 0; float: none; position: static; text-align: center;\"><img decoding=\"async\"  src=\"https:\/\/a.allegroimg.com\/original\/115083\/293bf58d4107853574ae27a7164b\/4x225-75R16C-118Q-WEST-LAKE-GOODRIDE-SW612-dostawcze-opony-zimowe-Klasa-ekonomiczna\" srcset=\"https:\/\/a.allegroimg.com\/original\/115083\/293bf58d4107853574ae27a7164b\/4x225-75R16C-118Q-WEST-LAKE-GOODRIDE-SW612-dostawcze-opony-zimowe-Klasa-ekonomiczna 360w,https:\/\/a.allegroimg.com\/original\/115083\/293bf58d4107853574ae27a7164b\/4x225-75R16C-118Q-WEST-LAKE-GOODRIDE-SW612-dostawcze-opony-zimowe-Klasa-ekonomiczna 648w,https:\/\/a.allegroimg.com\/original\/115083\/293bf58d4107853574ae27a7164b\/4x225-75R16C-118Q-WEST-LAKE-GOODRIDE-SW612-dostawcze-opony-zimowe-Klasa-ekonomiczna 648w\" sizes=\"(min-width: 1200px) 560px, (min-width: 992px) 50vw, 100vw\" width=\"648px\" alt=\"4x225\/75R16C 118Q WEST LAKE \/ GOODRIDE SW612 dostawcze opony zimowe Klasa ekonomiczna\" style=\"max-width: 100%; height: auto; display: block; margin: 0 auto;\"><\/div>\n<\/div>\n<\/div>\n<\/div>\n<\/div>\n<div style=\"clear: both; display: block; margin: 10px 0;\">\n<div style=\"clear: both; display: block; margin: 10px 0;\">\n<h1>WEST LAKE<\/h1>\n<p style=\"margin: 15px 0; line-height: 1.8; clear: both; display: block; width: 100%; float: none; position: static;\">Znany i lubiany w Polsce producent opon zimowych, letnich i ca\u0142orocznych do wszystkich typ\u00f3w pojazd\u00f3w z Chin. Produkuje nowoczesne opony wg najnowszych technologii i dba o \u015brodowisko.<\/p>\n<p style=\"margin: 15px 0; line-height: 1.8; clear: both; display: block; width: 100%; float: none; position: static;\">Opony sygnowane jako <b>WEST LAKE <\/b>posiadaj\u0105 wszelkie niezb\u0119dne certyfikaty.<\/p>\n<p style=\"margin: 15px 0; line-height: 1.8; clear: both; display: block; width: 100%; float: none; position: static;\">Cenione przez wielu kierowc\u00f3w w ca\u0142ej Europie. \u015awietne opinie.<\/p>\n<\/div>\n<\/div>\n<\/div>\n<div style=\"clear: both; display: block; margin: 10px 0;\">\n<div style=\"clear: both; display: block; margin: 10px 0;\">\n<div style=\"clear: both; display: block; margin: 10px 0;\">\n<div  style=\"max-width:405px;max-height:616px\">\n<div style=\"clear: both; display: block; margin: 10px 0;\">\n<div style=\"clear: both; width: 100%; display: block; margin: 20px 0; padding: 0; float: none; position: static; text-align: center;\"><img decoding=\"async\"  src=\"https:\/\/a.allegroimg.com\/original\/11d159\/d3e0ad9b40eabc5e75b9a5d2670d\/4x225-75R16C-118Q-WEST-LAKE-GOODRIDE-SW612-dostawcze-opony-zimowe-Marka-Goodride\" srcset=\"https:\/\/a.allegroimg.com\/original\/11d159\/d3e0ad9b40eabc5e75b9a5d2670d\/4x225-75R16C-118Q-WEST-LAKE-GOODRIDE-SW612-dostawcze-opony-zimowe-Marka-Goodride 236w,https:\/\/a.allegroimg.com\/original\/11d159\/d3e0ad9b40eabc5e75b9a5d2670d\/4x225-75R16C-118Q-WEST-LAKE-GOODRIDE-SW612-dostawcze-opony-zimowe-Marka-Goodride 405w,https:\/\/a.allegroimg.com\/original\/11d159\/d3e0ad9b40eabc5e75b9a5d2670d\/4x225-75R16C-118Q-WEST-LAKE-GOODRIDE-SW612-dostawcze-opony-zimowe-Marka-Goodride 405w\" sizes=\"(min-width: 1200px) 560px, (min-width: 992px) 50vw, 100vw\" width=\"405px\" alt=\"4x225\/75R16C 118Q WEST LAKE \/ GOODRIDE SW612 dostawcze opony zimowe Marka Goodride\" style=\"max-width: 100%; height: auto; display: block; margin: 0 auto;\"><\/div>\n<\/div>\n<\/div>\n<\/div>\n<\/div>\n<div style=\"clear: both; display: block; margin: 10px 0;\">\n<div style=\"clear: both; display: block; margin: 10px 0;\">\n<div  style=\"max-width:308px;max-height:521px\">\n<div style=\"clear: both; display: block; margin: 10px 0;\">\n<div style=\"clear: both; width: 100%; display: block; margin: 20px 0; padding: 0; float: none; position: static; text-align: center;\"><img decoding=\"async\"  src=\"https:\/\/a.allegroimg.com\/original\/114a60\/085a8f2140a884b9ebf186740998\/4x225-75R16C-118Q-WEST-LAKE-GOODRIDE-SW612-dostawcze-opony-zimowe-Kod-producenta-03010644915L56430202\" srcset=\"https:\/\/a.allegroimg.com\/original\/114a60\/085a8f2140a884b9ebf186740998\/4x225-75R16C-118Q-WEST-LAKE-GOODRIDE-SW612-dostawcze-opony-zimowe-Kod-producenta-03010644915L56430202 212w,https:\/\/a.allegroimg.com\/original\/114a60\/085a8f2140a884b9ebf186740998\/4x225-75R16C-118Q-WEST-LAKE-GOODRIDE-SW612-dostawcze-opony-zimowe-Kod-producenta-03010644915L56430202 308w,https:\/\/a.allegroimg.com\/original\/114a60\/085a8f2140a884b9ebf186740998\/4x225-75R16C-118Q-WEST-LAKE-GOODRIDE-SW612-dostawcze-opony-zimowe-Kod-producenta-03010644915L56430202 308w\" sizes=\"(min-width: 1200px) 560px, (min-width: 992px) 50vw, 100vw\" width=\"308px\" alt=\"4x225\/75R16C 118Q WEST LAKE \/ GOODRIDE SW612 dostawcze opony zimowe Kod producenta 03010644915L56430202\" style=\"max-width: 100%; height: auto; display: block; margin: 0 auto;\"><\/div>\n<\/div>\n<\/div>\n<\/div>\n<\/div>\n<\/div>\n<\/div>\n<\/div>\n<\/div>\n<div style=\"clear: both; display: block; margin: 10px 0;\">\n","protected":false},"excerpt":{"rendered":"<p>4&nbsp; nowe zimowe opony&nbsp; dostawcze \/ do busa \/- producent&nbsp; GOODRIDE<\/p>\n<p>KOMPLET OPON DOSTAWCZYCH ZIMOWYCH&nbsp; (4 SZTUKI)<\/p>\n<p>WEST LAKE SW612<\/p>\n<p>225\/75R16C 118\/116Q<\/p>\n<p>\u2022 INDEKS NO\u015aNO\u015aCI: 118, 1320 kg na opon\u0119<\/p>\n<p>\u2022 INDEKS PR\u0118DKO\u015aCI: Q, 160 km\/h<\/p>\n<p>\u2022 ETYKIETA: [D_C_72dB]<\/p>\n<p>\u2022 nowe zimowe opony,&nbsp; europejskie certyfikaty<\/p>\n","protected":false},"featured_media":15334,"template":"","meta":{"_uag_custom_page_level_css":""},"product_brand":[379],"product_cat":[417,413,412,415],"product_tag":[],"class_list":{"0":"post-15333","1":"product","2":"type-product","3":"status-publish","4":"has-post-thumbnail","6":"product_brand-goodride","7":"product_cat-do-samochodow-dostawczych","8":"product_cat-opony","9":"product_cat-opony-i-felgi","10":"product_cat-zimowe","12":"first","13":"instock","14":"shipping-taxable","15":"purchasable","16":"product-type-simple"},"uagb_featured_image_src":{"full":["https:\/\/oponixo.shop\/tire\/wp-content\/uploads\/2026\/01\/allegro-image-15333.jpg",500,500,false],"thumbnail":["https:\/\/oponixo.shop\/tire\/wp-content\/uploads\/2026\/01\/allegro-image-15333-150x150.jpg",150,150,true],"medium":["https:\/\/oponixo.shop\/tire\/wp-content\/uploads\/2026\/01\/allegro-image-15333-300x300.jpg",300,300,true],"medium_large":["https:\/\/oponixo.shop\/tire\/wp-content\/uploads\/2026\/01\/allegro-image-15333.jpg",500,500,false],"large":["https:\/\/oponixo.shop\/tire\/wp-content\/uploads\/2026\/01\/allegro-image-15333.jpg",500,500,false],"1536x1536":["https:\/\/oponixo.shop\/tire\/wp-content\/uploads\/2026\/01\/allegro-image-15333.jpg",500,500,false],"2048x2048":["https:\/\/oponixo.shop\/tire\/wp-content\/uploads\/2026\/01\/allegro-image-15333.jpg",500,500,false],"woocommerce_thumbnail":["https:\/\/oponixo.shop\/tire\/wp-content\/uploads\/2026\/01\/allegro-image-15333-300x300.jpg",300,300,true],"woocommerce_single":["https:\/\/oponixo.shop\/tire\/wp-content\/uploads\/2026\/01\/allegro-image-15333.jpg",500,500,false],"woocommerce_gallery_thumbnail":["https:\/\/oponixo.shop\/tire\/wp-content\/uploads\/2026\/01\/allegro-image-15333-100x100.jpg",100,100,true]},"uagb_author_info":{"display_name":"admin","author_link":"https:\/\/oponixo.shop\/tire\/author\/"},"uagb_comment_info":0,"uagb_excerpt":"4&nbsp; nowe zimowe opony&nbsp; dostawcze \/ do busa \/- producent&nbsp; GOODRIDE KOMPLET OPON DOSTAWCZYCH ZIMOWYCH&nbsp; (4 SZTUKI) WEST LAKE SW612 225\/75R16C 118\/116Q \u2022 INDEKS NO\u015aNO\u015aCI: 118, 1320 kg na opon\u0119 \u2022 INDEKS PR\u0118DKO\u015aCI: Q, 160 km\/h \u2022 ETYKIETA: [D_C_72dB] \u2022 nowe zimowe opony,&nbsp; europejskie certyfikaty","_links":{"self":[{"href":"https:\/\/oponixo.shop\/tire\/wp-json\/wp\/v2\/product\/15333","targetHints":{"allow":["GET"]}}],"collection":[{"href":"https:\/\/oponixo.shop\/tire\/wp-json\/wp\/v2\/product"}],"about":[{"href":"https:\/\/oponixo.shop\/tire\/wp-json\/wp\/v2\/types\/product"}],"wp:featuredmedia":[{"embeddable":true,"href":"https:\/\/oponixo.shop\/tire\/wp-json\/wp\/v2\/media\/15334"}],"wp:attachment":[{"href":"https:\/\/oponixo.shop\/tire\/wp-json\/wp\/v2\/media?parent=15333"}],"wp:term":[{"taxonomy":"product_brand","embeddable":true,"href":"https:\/\/oponixo.shop\/tire\/wp-json\/wp\/v2\/product_brand?post=15333"},{"taxonomy":"product_cat","embeddable":true,"href":"https:\/\/oponixo.shop\/tire\/wp-json\/wp\/v2\/product_cat?post=15333"},{"taxonomy":"product_tag","embeddable":true,"href":"https:\/\/oponixo.shop\/tire\/wp-json\/wp\/v2\/product_tag?post=15333"}],"curies":[{"name":"wp","href":"https:\/\/api.w.org\/{rel}","templated":true}]}}