{"id":15345,"date":"2026-01-16T02:42:10","date_gmt":"2026-01-16T01:42:10","guid":{"rendered":"https:\/\/oponyauto.shop\/xef5\/produkt\/letnie-225-75-16cp-225-75r16cp-116q-michelin-agilis-camping-rok-2024\/"},"modified":"2026-01-16T02:42:11","modified_gmt":"2026-01-16T01:42:11","slug":"letnie-225-75-16cp-225-75r16cp-116q-michelin-agilis-camping-rok-2024","status":"publish","type":"product","link":"https:\/\/oponixo.shop\/tire\/produkt\/letnie-225-75-16cp-225-75r16cp-116q-michelin-agilis-camping-rok-2024\/","title":{"rendered":"LETNIE 225\/75\/16CP 225\/75R16CP 116Q MICHELIN AGILIS CAMPING ROK 2024"},"content":{"rendered":"<div style=\"font-family: Arial, sans-serif; line-height: 1.6; color: #333; padding: 20px; clear: both; display: block; width: 100%; float: none; position: static; overflow: hidden;\">\n<div style=\"clear: both; display: block; margin: 10px 0;\">\n<div style=\"clear: both; display: block; margin: 10px 0;\">\n<div style=\"clear: both; display: block; margin: 10px 0;\">\n<div  style=\"max-width:2560px;max-height:1920px\">\n<div style=\"clear: both; display: block; margin: 10px 0;\">\n<div style=\"clear: both; width: 100%; display: block; margin: 20px 0; padding: 0; float: none; position: static; text-align: center;\"><img decoding=\"async\"  src=\"https:\/\/a.allegroimg.com\/original\/11767a\/bb287874410187efb3a9d64883cf\/LETNIE-225-75-16CP-225-75R16CP-116Q-MICHELIN-AGILIS-CAMPING-ROK-2024-Liczba-opon-w-ofercie-2-szt\" srcset=\"https:\/\/a.allegroimg.com\/original\/11767a\/bb287874410187efb3a9d64883cf\/LETNIE-225-75-16CP-225-75R16CP-116Q-MICHELIN-AGILIS-CAMPING-ROK-2024-Liczba-opon-w-ofercie-2-szt 360w,https:\/\/a.allegroimg.com\/original\/11767a\/bb287874410187efb3a9d64883cf\/LETNIE-225-75-16CP-225-75R16CP-116Q-MICHELIN-AGILIS-CAMPING-ROK-2024-Liczba-opon-w-ofercie-2-szt 720w,https:\/\/a.allegroimg.com\/original\/11767a\/bb287874410187efb3a9d64883cf\/LETNIE-225-75-16CP-225-75R16CP-116Q-MICHELIN-AGILIS-CAMPING-ROK-2024-Liczba-opon-w-ofercie-2-szt 1024w,https:\/\/a.allegroimg.com\/original\/11767a\/bb287874410187efb3a9d64883cf\/LETNIE-225-75-16CP-225-75R16CP-116Q-MICHELIN-AGILIS-CAMPING-ROK-2024-Liczba-opon-w-ofercie-2-szt 1440w,https:\/\/a.allegroimg.com\/original\/11767a\/bb287874410187efb3a9d64883cf\/LETNIE-225-75-16CP-225-75R16CP-116Q-MICHELIN-AGILIS-CAMPING-ROK-2024-Liczba-opon-w-ofercie-2-szt 2560w\" sizes=\"100vw\" width=\"2560px\" alt=\"LETNIE 225\/75\/16CP 225\/75R16CP 116Q MICHELIN AGILIS CAMPING ROK 2024 Liczba opon w ofercie 2 szt.\" style=\"max-width: 100%; height: auto; display: block; margin: 0 auto;\"><\/div>\n<\/div>\n<\/div>\n<\/div>\n<\/div>\n<\/div>\n<div style=\"clear: both; display: block; margin: 10px 0;\">\n<div style=\"clear: both; display: block; margin: 10px 0;\">\n<div style=\"clear: both; display: block; margin: 10px 0;\">\n<div  style=\"max-width:2560px;max-height:1920px\">\n<div style=\"clear: both; display: block; margin: 10px 0;\">\n<div style=\"clear: both; width: 100%; display: block; margin: 20px 0; padding: 0; float: none; position: static; text-align: center;\"><img decoding=\"async\"  src=\"https:\/\/a.allegroimg.com\/original\/11e331\/4dd9513a4643b764d6f723b7fd42\/LETNIE-225-75-16CP-225-75R16CP-116Q-MICHELIN-AGILIS-CAMPING-ROK-2024-Rok-produkcji-2024\" srcset=\"https:\/\/a.allegroimg.com\/original\/11e331\/4dd9513a4643b764d6f723b7fd42\/LETNIE-225-75-16CP-225-75R16CP-116Q-MICHELIN-AGILIS-CAMPING-ROK-2024-Rok-produkcji-2024 360w,https:\/\/a.allegroimg.com\/original\/11e331\/4dd9513a4643b764d6f723b7fd42\/LETNIE-225-75-16CP-225-75R16CP-116Q-MICHELIN-AGILIS-CAMPING-ROK-2024-Rok-produkcji-2024 720w,https:\/\/a.allegroimg.com\/original\/11e331\/4dd9513a4643b764d6f723b7fd42\/LETNIE-225-75-16CP-225-75R16CP-116Q-MICHELIN-AGILIS-CAMPING-ROK-2024-Rok-produkcji-2024 1024w,https:\/\/a.allegroimg.com\/original\/11e331\/4dd9513a4643b764d6f723b7fd42\/LETNIE-225-75-16CP-225-75R16CP-116Q-MICHELIN-AGILIS-CAMPING-ROK-2024-Rok-produkcji-2024 1440w,https:\/\/a.allegroimg.com\/original\/11e331\/4dd9513a4643b764d6f723b7fd42\/LETNIE-225-75-16CP-225-75R16CP-116Q-MICHELIN-AGILIS-CAMPING-ROK-2024-Rok-produkcji-2024 2560w\" sizes=\"100vw\" width=\"2560px\" alt=\"LETNIE 225\/75\/16CP 225\/75R16CP 116Q MICHELIN AGILIS CAMPING ROK 2024 Rok produkcji 2024\" style=\"max-width: 100%; height: auto; display: block; margin: 0 auto;\"><\/div>\n<\/div>\n<\/div>\n<\/div>\n<\/div>\n<\/div>\n<div style=\"clear: both; display: block; margin: 10px 0;\">\n<div style=\"clear: both; display: block; margin: 10px 0;\">\n<div style=\"clear: both; display: block; margin: 10px 0;\">\n<h3 style=\"color: #2c5aa0; font-size: 18px; margin: 30px 0 15px 0; font-weight: bold; clear: both; display: block; width: 100%; float: none; position: static;\">OPONY LETNIE DO BUSA WZMACNIANA Z LITERK\u0104 &#8221;CP&#8221;<\/h3>\n<h3 style=\"color: #2c5aa0; font-size: 18px; margin: 30px 0 15px 0; font-weight: bold; clear: both; display: block; width: 100%; float: none; position: static;\">MICHELIN AGILIS CAMPING<\/h3>\n<h3 style=\"color: #2c5aa0; font-size: 18px; margin: 30px 0 15px 0; font-weight: bold; clear: both; display: block; width: 100%; float: none; position: static;\">INDEX 116Q&nbsp; &nbsp; &nbsp; &nbsp; ROCZNIK 2024&nbsp; &nbsp; &nbsp; BIE\u017bNIK NOWE<\/h3>\n<p style=\"margin: 15px 0; line-height: 1.8; clear: both; display: block; width: 100%; float: none; position: static;\">NA POZOSTA\u0141YCH MOICH AUKCJACH POSIADAM INNE ROZMIARY OPON W OFERCIE&nbsp;NOWE I U\u017bYWANE<\/p>\n<p style=\"margin: 15px 0; line-height: 1.8; clear: both; display: block; width: 100%; float: none; position: static;\">DU\u017bY WYB\u00d3R OPON POJEDYNCZYCH&nbsp;FELGI STALOWE I ALUMINIOWE<\/p>\n<\/div>\n<\/div>\n<\/div>\n<\/div>\n<\/div>\n<\/div>\n<div style=\"clear: both; display: block; margin: 10px 0;\">\n","protected":false},"excerpt":{"rendered":"<p>OPONY LETNIE DO BUSA WZMACNIANA Z LITERK\u0104 &#039;&#039;CP&quot;<\/p>\n<p>MICHELIN AGILIS CAMPING<\/p>\n<p>INDEX 116Q&nbsp; &nbsp; &nbsp; &nbsp; ROCZNIK 2024&nbsp; &nbsp; &nbsp; BIE\u017bNIK NOWE<\/p>\n<p>NA POZOSTA\u0141YCH MOICH AUKCJACH POSIADAM INNE ROZMIARY OPON W OFERCIE&nbsp;NOWE I U\u017bYWANE<\/p>\n<p>DU\u017bY WYB\u00d3R OPON POJEDYNCZYCH&nbsp;FELGI STALOWE I ALUMINIOWE<\/p>\n","protected":false},"featured_media":15346,"template":"","meta":{"_uag_custom_page_level_css":""},"product_brand":[429],"product_cat":[417,418,413,412],"product_tag":[],"class_list":{"0":"post-15345","1":"product","2":"type-product","3":"status-publish","4":"has-post-thumbnail","6":"product_brand-michelin","7":"product_cat-do-samochodow-dostawczych","8":"product_cat-letnie","9":"product_cat-opony","10":"product_cat-opony-i-felgi","12":"first","13":"instock","14":"shipping-taxable","15":"purchasable","16":"product-type-simple"},"uagb_featured_image_src":{"full":["https:\/\/oponixo.shop\/tire\/wp-content\/uploads\/2026\/01\/allegro-image-15345.jpg",2560,1920,false],"thumbnail":["https:\/\/oponixo.shop\/tire\/wp-content\/uploads\/2026\/01\/allegro-image-15345-150x150.jpg",150,150,true],"medium":["https:\/\/oponixo.shop\/tire\/wp-content\/uploads\/2026\/01\/allegro-image-15345-300x225.jpg",300,225,true],"medium_large":["https:\/\/oponixo.shop\/tire\/wp-content\/uploads\/2026\/01\/allegro-image-15345-768x576.jpg",768,576,true],"large":["https:\/\/oponixo.shop\/tire\/wp-content\/uploads\/2026\/01\/allegro-image-15345-1024x768.jpg",1024,768,true],"1536x1536":["https:\/\/oponixo.shop\/tire\/wp-content\/uploads\/2026\/01\/allegro-image-15345-1536x1152.jpg",1536,1152,true],"2048x2048":["https:\/\/oponixo.shop\/tire\/wp-content\/uploads\/2026\/01\/allegro-image-15345-2048x1536.jpg",2048,1536,true],"woocommerce_thumbnail":["https:\/\/oponixo.shop\/tire\/wp-content\/uploads\/2026\/01\/allegro-image-15345-300x300.jpg",300,300,true],"woocommerce_single":["https:\/\/oponixo.shop\/tire\/wp-content\/uploads\/2026\/01\/allegro-image-15345-600x450.jpg",600,450,true],"woocommerce_gallery_thumbnail":["https:\/\/oponixo.shop\/tire\/wp-content\/uploads\/2026\/01\/allegro-image-15345-100x100.jpg",100,100,true]},"uagb_author_info":{"display_name":"admin","author_link":"https:\/\/oponixo.shop\/tire\/author\/"},"uagb_comment_info":0,"uagb_excerpt":"OPONY LETNIE DO BUSA WZMACNIANA Z LITERK\u0104 &#039;&#039;CP&quot; MICHELIN AGILIS CAMPING INDEX 116Q&nbsp; &nbsp; &nbsp; &nbsp; ROCZNIK 2024&nbsp; &nbsp; &nbsp; BIE\u017bNIK NOWE NA POZOSTA\u0141YCH MOICH AUKCJACH POSIADAM INNE ROZMIARY OPON W OFERCIE&nbsp;NOWE I U\u017bYWANE DU\u017bY WYB\u00d3R OPON POJEDYNCZYCH&nbsp;FELGI STALOWE I ALUMINIOWE","_links":{"self":[{"href":"https:\/\/oponixo.shop\/tire\/wp-json\/wp\/v2\/product\/15345","targetHints":{"allow":["GET"]}}],"collection":[{"href":"https:\/\/oponixo.shop\/tire\/wp-json\/wp\/v2\/product"}],"about":[{"href":"https:\/\/oponixo.shop\/tire\/wp-json\/wp\/v2\/types\/product"}],"wp:featuredmedia":[{"embeddable":true,"href":"https:\/\/oponixo.shop\/tire\/wp-json\/wp\/v2\/media\/15346"}],"wp:attachment":[{"href":"https:\/\/oponixo.shop\/tire\/wp-json\/wp\/v2\/media?parent=15345"}],"wp:term":[{"taxonomy":"product_brand","embeddable":true,"href":"https:\/\/oponixo.shop\/tire\/wp-json\/wp\/v2\/product_brand?post=15345"},{"taxonomy":"product_cat","embeddable":true,"href":"https:\/\/oponixo.shop\/tire\/wp-json\/wp\/v2\/product_cat?post=15345"},{"taxonomy":"product_tag","embeddable":true,"href":"https:\/\/oponixo.shop\/tire\/wp-json\/wp\/v2\/product_tag?post=15345"}],"curies":[{"name":"wp","href":"https:\/\/api.w.org\/{rel}","templated":true}]}}