{"id":15353,"date":"2026-01-16T02:42:14","date_gmt":"2026-01-16T01:42:14","guid":{"rendered":"https:\/\/oponyauto.shop\/xef5\/produkt\/4x-225-75r16c-121-120r-tracmax-x-privilo-vs450-opony-zimowe-2025\/"},"modified":"2026-01-16T02:42:14","modified_gmt":"2026-01-16T01:42:14","slug":"4x-225-75r16c-121-120r-tracmax-x-privilo-vs450-opony-zimowe-2025","status":"publish","type":"product","link":"https:\/\/oponixo.shop\/tire\/produkt\/4x-225-75r16c-121-120r-tracmax-x-privilo-vs450-opony-zimowe-2025\/","title":{"rendered":"4x 225\/75R16C 121\/120R Tracmax X-privilo VS450 opony zimowe 2025"},"content":{"rendered":"<div style=\"font-family: Arial, sans-serif; line-height: 1.6; color: #333; padding: 20px; clear: both; display: block; width: 100%; float: none; position: static; overflow: hidden;\">\n<div style=\"clear: both; display: block; margin: 10px 0;\">\n<div style=\"clear: both; display: block; margin: 10px 0;\">\n<div style=\"clear: both; display: block; margin: 10px 0;\">\n<div  style=\"max-width:800px;max-height:200px\">\n<div style=\"clear: both; display: block; margin: 10px 0;\">\n<div style=\"clear: both; width: 100%; display: block; margin: 20px 0; padding: 0; float: none; position: static; text-align: center;\"><img decoding=\"async\"  src=\"https:\/\/a.allegroimg.com\/original\/115da6\/3b7781bf484e8db73faa16289e2e\/4x-225-75R16C-121-120R-Tracmax-X-privilo-VS450-opony-zimowe-2025-Rok-produkcji-2025\" srcset=\"https:\/\/a.allegroimg.com\/original\/115da6\/3b7781bf484e8db73faa16289e2e\/4x-225-75R16C-121-120R-Tracmax-X-privilo-VS450-opony-zimowe-2025-Rok-produkcji-2025 360w,https:\/\/a.allegroimg.com\/original\/115da6\/3b7781bf484e8db73faa16289e2e\/4x-225-75R16C-121-120R-Tracmax-X-privilo-VS450-opony-zimowe-2025-Rok-produkcji-2025 720w,https:\/\/a.allegroimg.com\/original\/115da6\/3b7781bf484e8db73faa16289e2e\/4x-225-75R16C-121-120R-Tracmax-X-privilo-VS450-opony-zimowe-2025-Rok-produkcji-2025 800w,https:\/\/a.allegroimg.com\/original\/115da6\/3b7781bf484e8db73faa16289e2e\/4x-225-75R16C-121-120R-Tracmax-X-privilo-VS450-opony-zimowe-2025-Rok-produkcji-2025 800w\" sizes=\"100vw\" width=\"800px\" alt=\"4x 225\/75R16C 121\/120R Tracmax X-privilo VS450 opony zimowe 2025 Rok produkcji 2025\" style=\"max-width: 100%; height: auto; display: block; margin: 0 auto;\"><\/div>\n<\/div>\n<\/div>\n<\/div>\n<\/div>\n<\/div>\n<div style=\"clear: both; display: block; margin: 10px 0;\">\n<div style=\"clear: both; display: block; margin: 10px 0;\">\n<div style=\"clear: both; display: block; margin: 10px 0;\">\n<h1>Podana cena na aukcji to cena za zestaw 4x 225\/75R16C 121\/120R Tracmax X-privilo VS450 opony zimowe 2025<\/h1>\n<h1>Sprzedawane przez nas opony s\u0105 nowe i maj\u0105 gwarancj\u0119 producenta.<\/h1>\n<\/div>\n<\/div>\n<\/div>\n<div style=\"clear: both; display: block; margin: 10px 0;\">\n<div style=\"clear: both; display: block; margin: 10px 0;\">\n<div style=\"clear: both; display: block; margin: 10px 0;\">\n<div  style=\"max-width:657px;max-height:800px\">\n<div style=\"clear: both; display: block; margin: 10px 0;\">\n<div style=\"clear: both; width: 100%; display: block; margin: 20px 0; padding: 0; float: none; position: static; text-align: center;\"><img decoding=\"async\"  src=\"https:\/\/a.allegroimg.com\/original\/118719\/8a87f00d481a838584e0a4a13888\/4x-225-75R16C-121-120R-Tracmax-X-privilo-VS450-opony-zimowe-2025\" srcset=\"https:\/\/a.allegroimg.com\/original\/118719\/8a87f00d481a838584e0a4a13888\/4x-225-75R16C-121-120R-Tracmax-X-privilo-VS450-opony-zimowe-2025 295w,https:\/\/a.allegroimg.com\/original\/118719\/8a87f00d481a838584e0a4a13888\/4x-225-75R16C-121-120R-Tracmax-X-privilo-VS450-opony-zimowe-2025 591w,https:\/\/a.allegroimg.com\/original\/118719\/8a87f00d481a838584e0a4a13888\/4x-225-75R16C-121-120R-Tracmax-X-privilo-VS450-opony-zimowe-2025 657w,https:\/\/a.allegroimg.com\/original\/118719\/8a87f00d481a838584e0a4a13888\/4x-225-75R16C-121-120R-Tracmax-X-privilo-VS450-opony-zimowe-2025 657w\" sizes=\"(min-width: 1200px) 560px, (min-width: 992px) 50vw, 100vw\" width=\"657px\" alt=\"4x 225\/75R16C 121\/120R Tracmax X-privilo VS450 opony zimowe 2025\" style=\"max-width: 100%; height: auto; display: block; margin: 0 auto;\"><\/div>\n<\/div>\n<\/div>\n<\/div>\n<\/div>\n<div style=\"clear: both; display: block; margin: 10px 0;\">\n<div style=\"clear: both; display: block; margin: 10px 0;\">\n<h1>Specyfikacja oferty<\/h1>\n<ul style=\"margin: 15px 0; padding-left: 20px; clear: both; display: block; width: 100%; float: none; position: static;\">\n<li style=\"margin: 5px 0; padding: 2px 0; clear: both; display: list-item; float: none; position: static;\"><b>Producent:<\/b> Tracmax<\/li>\n<li style=\"margin: 5px 0; padding: 2px 0; clear: both; display: list-item; float: none; position: static;\"><b>Bie\u017cnik:<\/b> X-privilo VS450<\/li>\n<li style=\"margin: 5px 0; padding: 2px 0; clear: both; display: list-item; float: none; position: static;\"><b>Rozmiar:<\/b> 225\/75 R16<\/li>\n<li style=\"margin: 5px 0; padding: 2px 0; clear: both; display: list-item; float: none; position: static;\"><b>Indeks pr\u0119dko\u015bci:<\/b> R do 170 km\/h<\/li>\n<li style=\"margin: 5px 0; padding: 2px 0; clear: both; display: list-item; float: none; position: static;\"><b>Indeks no\u015bno\u015bci:<\/b> 121\/120 &#8211; 1450 kg<\/li>\n<li style=\"margin: 5px 0; padding: 2px 0; clear: both; display: list-item; float: none; position: static;\"><b>Sezon:<\/b> zimowe<\/li>\n<li style=\"margin: 5px 0; padding: 2px 0; clear: both; display: list-item; float: none; position: static;\"><b>Typ pojazdu:<\/b> dostawczy<\/li>\n<li style=\"margin: 5px 0; padding: 2px 0; clear: both; display: list-item; float: none; position: static;\"><b>Rok produkcji:<\/b> 2025<\/li>\n<li style=\"margin: 5px 0; padding: 2px 0; clear: both; display: list-item; float: none; position: static;\"><b>Opory toczenia:<\/b> Klasa C<\/li>\n<li style=\"margin: 5px 0; padding: 2px 0; clear: both; display: list-item; float: none; position: static;\"><b>Awaryjne hamowanie na mokrej nawierzchni:<\/b> Klasa B<\/li>\n<li style=\"margin: 5px 0; padding: 2px 0; clear: both; display: list-item; float: none; position: static;\"><b>Ha\u0142as zewn\u0119trzny:<\/b> 72 dB<\/li>\n<li style=\"margin: 5px 0; padding: 2px 0; clear: both; display: list-item; float: none; position: static;\"><b>Kod producenta:<\/b> VS450CR1615<\/li>\n<li style=\"margin: 5px 0; padding: 2px 0; clear: both; display: list-item; float: none; position: static;\"><b>Kod EAN:<\/b> 6958460917083<\/li>\n<li style=\"margin: 5px 0; padding: 2px 0; clear: both; display: list-item; float: none; position: static;\"><b>Liczba opon w ofercie:<\/b> Komplet 4 szt.<\/li>\n<li style=\"margin: 5px 0; padding: 2px 0; clear: both; display: list-item; float: none; position: static;\"><b>Szeroko\u015b\u0107 opony:<\/b> 225 mm<\/li>\n<li style=\"margin: 5px 0; padding: 2px 0; clear: both; display: list-item; float: none; position: static;\"><b>Profil opony:<\/b> 75<\/li>\n<li style=\"margin: 5px 0; padding: 2px 0; clear: both; display: list-item; float: none; position: static;\"><b>\u015arednica:<\/b> 16&#8243;<\/li>\n<\/ul>\n<\/div>\n<\/div>\n<\/div>\n<div style=\"clear: both; display: block; margin: 10px 0;\">\n<div style=\"clear: both; display: block; margin: 10px 0;\">\n<div style=\"clear: both; display: block; margin: 10px 0;\">\n<h3 style=\"color: #2c5aa0; font-size: 18px; margin: 30px 0 15px 0; font-weight: bold; clear: both; display: block; width: 100%; float: none; position: static;\">O producencie:<\/h3>\n<p style=\"margin: 15px 0; line-height: 1.8; clear: both; display: block; width: 100%; float: none; position: static;\">Marka Tracmax jest produkowana w Chinach przez&nbsp;Shandong Yongsheng Rubber Group. Jest to produkt klasy ekonomicznej, ciesz\u0105cy si\u0119 od lat uznaniem Klient\u00f3w ze wzgl\u0119du na bardzo korzystny stosunek ceny do jako\u015bci opony. Fabryka opon tej marki zosta\u0142a wyposa\u017cona w zaawansowane elementy linii produkcyjnych importowane m.in. z Japonii, Niemiec oraz Stan\u00f3w Zjednocznych. Opony marki Tracmax od przynajmniej kilkunastu lat dost\u0119pn\u0119 s\u0105 na rynku polskim i ciesz\u0105 si\u0119 uznaniem U\u017cytkownik\u00f3w oraz posiadaj\u0105 wszystkie atesty niezb\u0119dne do zapewnienia bezpiecze\u0144stwa sprzeda\u017cy i u\u017cytkowania na terenie Europy.&nbsp;<\/p>\n<\/div>\n<\/div>\n<\/div>\n<\/div>\n<\/div>\n<\/div>\n<div style=\"clear: both; display: block; margin: 10px 0;\">\n","protected":false},"excerpt":{"rendered":"<p>Podana cena na aukcji to cena za zestaw 4x 225\/75R16C 121\/120R Tracmax X-privilo VS450 opony zimowe 2025<\/p>\n<p>Sprzedawane przez nas opony s\u0105 nowe i maj\u0105 gwarancj\u0119 producenta.<\/p>\n<p>Specyfikacja oferty<\/p>\n<p>Producent: Tracmax<\/p>\n<p>Bie\u017cnik: X-privilo VS450<\/p>\n<p>Rozmiar: 225\/75 R16<\/p>\n<p>Indeks pr\u0119dko\u015bci: R do 170 km\/h<\/p>\n<p>Indeks no\u015bno\u015bci: 121\/120 &#8211; 1450 kg<\/p>\n","protected":false},"featured_media":15354,"template":"","meta":{"_uag_custom_page_level_css":""},"product_brand":[393],"product_cat":[417,413,412,415],"product_tag":[],"class_list":{"0":"post-15353","1":"product","2":"type-product","3":"status-publish","4":"has-post-thumbnail","6":"product_brand-tracmax","7":"product_cat-do-samochodow-dostawczych","8":"product_cat-opony","9":"product_cat-opony-i-felgi","10":"product_cat-zimowe","12":"first","13":"instock","14":"shipping-taxable","15":"purchasable","16":"product-type-simple"},"uagb_featured_image_src":{"full":["https:\/\/oponixo.shop\/tire\/wp-content\/uploads\/2026\/01\/allegro-image-15353.jpg",657,800,false],"thumbnail":["https:\/\/oponixo.shop\/tire\/wp-content\/uploads\/2026\/01\/allegro-image-15353-150x150.jpg",150,150,true],"medium":["https:\/\/oponixo.shop\/tire\/wp-content\/uploads\/2026\/01\/allegro-image-15353-246x300.jpg",246,300,true],"medium_large":["https:\/\/oponixo.shop\/tire\/wp-content\/uploads\/2026\/01\/allegro-image-15353.jpg",657,800,false],"large":["https:\/\/oponixo.shop\/tire\/wp-content\/uploads\/2026\/01\/allegro-image-15353.jpg",657,800,false],"1536x1536":["https:\/\/oponixo.shop\/tire\/wp-content\/uploads\/2026\/01\/allegro-image-15353.jpg",657,800,false],"2048x2048":["https:\/\/oponixo.shop\/tire\/wp-content\/uploads\/2026\/01\/allegro-image-15353.jpg",657,800,false],"woocommerce_thumbnail":["https:\/\/oponixo.shop\/tire\/wp-content\/uploads\/2026\/01\/allegro-image-15353-300x300.jpg",300,300,true],"woocommerce_single":["https:\/\/oponixo.shop\/tire\/wp-content\/uploads\/2026\/01\/allegro-image-15353-600x731.jpg",600,731,true],"woocommerce_gallery_thumbnail":["https:\/\/oponixo.shop\/tire\/wp-content\/uploads\/2026\/01\/allegro-image-15353-100x100.jpg",100,100,true]},"uagb_author_info":{"display_name":"admin","author_link":"https:\/\/oponixo.shop\/tire\/author\/"},"uagb_comment_info":0,"uagb_excerpt":"Podana cena na aukcji to cena za zestaw 4x 225\/75R16C 121\/120R Tracmax X-privilo VS450 opony zimowe 2025 Sprzedawane przez nas opony s\u0105 nowe i maj\u0105 gwarancj\u0119 producenta. Specyfikacja oferty Producent: Tracmax Bie\u017cnik: X-privilo VS450 Rozmiar: 225\/75 R16 Indeks pr\u0119dko\u015bci: R do 170 km\/h Indeks no\u015bno\u015bci: 121\/120 - 1450 kg","_links":{"self":[{"href":"https:\/\/oponixo.shop\/tire\/wp-json\/wp\/v2\/product\/15353","targetHints":{"allow":["GET"]}}],"collection":[{"href":"https:\/\/oponixo.shop\/tire\/wp-json\/wp\/v2\/product"}],"about":[{"href":"https:\/\/oponixo.shop\/tire\/wp-json\/wp\/v2\/types\/product"}],"wp:featuredmedia":[{"embeddable":true,"href":"https:\/\/oponixo.shop\/tire\/wp-json\/wp\/v2\/media\/15354"}],"wp:attachment":[{"href":"https:\/\/oponixo.shop\/tire\/wp-json\/wp\/v2\/media?parent=15353"}],"wp:term":[{"taxonomy":"product_brand","embeddable":true,"href":"https:\/\/oponixo.shop\/tire\/wp-json\/wp\/v2\/product_brand?post=15353"},{"taxonomy":"product_cat","embeddable":true,"href":"https:\/\/oponixo.shop\/tire\/wp-json\/wp\/v2\/product_cat?post=15353"},{"taxonomy":"product_tag","embeddable":true,"href":"https:\/\/oponixo.shop\/tire\/wp-json\/wp\/v2\/product_tag?post=15353"}],"curies":[{"name":"wp","href":"https:\/\/api.w.org\/{rel}","templated":true}]}}