{"id":15359,"date":"2026-01-16T02:42:15","date_gmt":"2026-01-16T01:42:15","guid":{"rendered":"https:\/\/oponyauto.shop\/xef5\/produkt\/2-x-opona-caloroczna-michelin-agilis-crossclimate-225-75r16-121-120-r-c\/"},"modified":"2026-01-16T02:42:16","modified_gmt":"2026-01-16T01:42:16","slug":"2-x-opona-caloroczna-michelin-agilis-crossclimate-225-75r16-121-120-r-c","status":"publish","type":"product","link":"https:\/\/oponixo.shop\/tire\/produkt\/2-x-opona-caloroczna-michelin-agilis-crossclimate-225-75r16-121-120-r-c\/","title":{"rendered":"2 x Opona ca\u0142oroczna Michelin Agilis Crossclimate 225\/75R16 121\/120 R C"},"content":{"rendered":"<div style=\"font-family: Arial, sans-serif; line-height: 1.6; color: #333; padding: 20px; clear: both; display: block; width: 100%; float: none; position: static; overflow: hidden;\">\n<div style=\"clear: both; display: block; margin: 10px 0;\">\n<div style=\"clear: both; display: block; margin: 10px 0;\">\n<div style=\"clear: both; display: block; margin: 10px 0;\">\n<h1>2x Opona ca\u0142oroczna Michelin Agilis CrossClimate 225\/75R16C 121\/120 R<\/h1>\n<p style=\"margin: 15px 0; line-height: 1.8; clear: both; display: block; width: 100%; float: none; position: static;\">Cechy produktu:<\/p>\n<ul style=\"margin: 15px 0; padding-left: 20px; clear: both; display: block; width: 100%; float: none; position: static;\">\n<li style=\"margin: 5px 0; padding: 2px 0; clear: both; display: list-item; float: none; position: static;\">sezon: ca\u0142oroczne<\/li>\n<li style=\"margin: 5px 0; padding: 2px 0; clear: both; display: list-item; float: none; position: static;\">rok produkcji: 2025<\/li>\n<li style=\"margin: 5px 0; padding: 2px 0; clear: both; display: list-item; float: none; position: static;\">szeroko\u015b\u0107\/profil\/\u015brednica: 225\/75R16<\/li>\n<li style=\"margin: 5px 0; padding: 2px 0; clear: both; display: list-item; float: none; position: static;\">indeks pr\u0119dko\u015bci: R do 170 km\/h<\/li>\n<li style=\"margin: 5px 0; padding: 2px 0; clear: both; display: list-item; float: none; position: static;\">indeks no\u015bno\u015bci: 121\/120 &#8211; 1450\/1400 kg<\/li>\n<li style=\"margin: 5px 0; padding: 2px 0; clear: both; display: list-item; float: none; position: static;\">wzmocnienie (C) do dostawczych<\/li>\n<\/ul>\n<\/div>\n<\/div>\n<div style=\"clear: both; display: block; margin: 10px 0;\">\n<div style=\"clear: both; display: block; margin: 10px 0;\">\n<div  style=\"max-width:1024px;max-height:1024px\">\n<div style=\"clear: both; display: block; margin: 10px 0;\">\n<div style=\"clear: both; width: 100%; display: block; margin: 20px 0; padding: 0; float: none; position: static; text-align: center;\"><img decoding=\"async\"  src=\"https:\/\/a.allegroimg.com\/original\/11c2b0\/d97ffdc74b0f83b7c6c8c5621581\/2-x-Opona-caloroczna-Michelin-Agilis-Crossclimate-225-75R16-121-120-R-C\" srcset=\"https:\/\/a.allegroimg.com\/original\/11c2b0\/d97ffdc74b0f83b7c6c8c5621581\/2-x-Opona-caloroczna-Michelin-Agilis-Crossclimate-225-75R16-121-120-R-C 360w,https:\/\/a.allegroimg.com\/original\/11c2b0\/d97ffdc74b0f83b7c6c8c5621581\/2-x-Opona-caloroczna-Michelin-Agilis-Crossclimate-225-75R16-121-120-R-C 720w,https:\/\/a.allegroimg.com\/original\/11c2b0\/d97ffdc74b0f83b7c6c8c5621581\/2-x-Opona-caloroczna-Michelin-Agilis-Crossclimate-225-75R16-121-120-R-C 1024w,https:\/\/a.allegroimg.com\/original\/11c2b0\/d97ffdc74b0f83b7c6c8c5621581\/2-x-Opona-caloroczna-Michelin-Agilis-Crossclimate-225-75R16-121-120-R-C 1024w\" sizes=\"(min-width: 1200px) 560px, (min-width: 992px) 50vw, 100vw\" width=\"1024px\" alt=\"2 x Opona ca\u0142oroczna Michelin Agilis Crossclimate 225\/75R16 121\/120 R C\" style=\"max-width: 100%; height: auto; display: block; margin: 0 auto;\"><\/div>\n<\/div>\n<\/div>\n<\/div>\n<\/div>\n<\/div>\n<div style=\"clear: both; display: block; margin: 10px 0;\">\n<div style=\"clear: both; display: block; margin: 10px 0;\">\n<div style=\"clear: both; display: block; margin: 10px 0;\">\n<h3 style=\"color: #2c5aa0; font-size: 18px; margin: 30px 0 15px 0; font-weight: bold; clear: both; display: block; width: 100%; float: none; position: static;\">Przeznaczenie<\/h3>\n<p style=\"margin: 15px 0; line-height: 1.8; clear: both; display: block; width: 100%; float: none; position: static;\">Michelin Agilis Cross Climate to opony ca\u0142oroczne (opony wielosezonowe) z segmentu premium przeznaczone do montowania w samochodach dostawczych. Opony Agilis Cross Climate maj\u0105 oznaczenie 3PMSF, dzi\u0119ki czemu mo\u017cna na nich je\u017adzi\u0107 w krajach, gdzie opony zimowe s\u0105 obowi\u0105zkowe. Producent opon Agilis Cross Crilmate uzna\u0142 za priorytet zapewnienie jak najlepszej przyczepno\u015bci i jak najkr\u00f3tszej drogi hamowania na ka\u017cdej nawierzchni, o ka\u017cdej porze roku.<\/p>\n<h3 style=\"color: #2c5aa0; font-size: 18px; margin: 30px 0 15px 0; font-weight: bold; clear: both; display: block; width: 100%; float: none; position: static;\">Technologia<\/h3>\n<p style=\"margin: 15px 0; line-height: 1.8; clear: both; display: block; width: 100%; float: none; position: static;\">Opony ca\u0142oroczne do samochod\u00f3w dostawczych Michelin Agilis Cross Climate zosta\u0142y wyprodukowane z mieszanki gumowej podnosz\u0105cej przyczepno\u015b\u0107 niezale\u017cnie od temperatury. Mieszanka gumowa ma za zadanie zapewnienie odpowiedniej elastyczno\u015bci zim\u0105 i twardo\u015bci latem. Jest te\u017c odporna na otarcia boczne. Producent wzmocni\u0142 opony, stosuj\u0105c tarcze chroni\u0105ce boki przed uszkodzeniami mechanicznymi.<\/p>\n<h3 style=\"color: #2c5aa0; font-size: 18px; margin: 30px 0 15px 0; font-weight: bold; clear: both; display: block; width: 100%; float: none; position: static;\">Bie\u017cnik<\/h3>\n<p style=\"margin: 15px 0; line-height: 1.8; clear: both; display: block; width: 100%; float: none; position: static;\">Opony wielosezonowe do samochod\u00f3w dostawczych Michelin Agilis Cross Climate maj\u0105 symetryczny, kierunkowy, klockowy bie\u017cnik w kszta\u0142cie litery V. Du\u017ce klocki i szerokie rowki maj\u0105 na celu zapewnienie jak najlepszej trakcji na \u015bniegu, b\u0142ocie, \u017cwirze i trawie. Trzy szerokie rowki obwodowe i naci\u0119cia pomi\u0119dzy klockami s\u0142u\u017c\u0105 do odprowadzania wody i b\u0142ota. Wszystkie klocki s\u0105 pokryte lamelkami 3D, kt\u00f3rych zadaniem jest zwi\u0119kszenie przyczepno\u015bci.<\/p>\n<h3 style=\"color: #2c5aa0; font-size: 18px; margin: 30px 0 15px 0; font-weight: bold; clear: both; display: block; width: 100%; float: none; position: static;\">Producent<\/h3>\n<p style=\"margin: 15px 0; line-height: 1.8; clear: both; display: block; width: 100%; float: none; position: static;\">Michelin to jeden z najwi\u0119kszych i najbardziej znanych producent\u00f3w ogumienia samochodowego na \u015bwiecie. Marka Michelin znana jest r\u00f3wnie\u017c z map i przewodnik\u00f3w. Firma Michelin rozpocz\u0119\u0142a dzia\u0142alno\u015b\u0107 w 1889 roku. Zosta\u0142a za\u0142o\u017cona przez dw\u00f3ch braci. Na pocz\u0105tku swojej dzia\u0142alno\u015bci produkowa\u0142a opony do powoz\u00f3w konnych. W 1891 roku bracia Michelin opracowali pierwsz\u0105 na \u015bwiecie wymienn\u0105 opon\u0119 rowerow\u0105 z d\u0119tk\u0105. Nast\u0119pnie opracowano opon\u0119 pneumatyczn\u0105 do powoz\u00f3w, a kilkana\u015bcie lat p\u00f3\u017aniej \u2013 do pierwszych samochod\u00f3w. W 1913 roku bracia Michelin stworzyli wymienne ko\u0142o samochodowe. W 1949 roku in\u017cynierowie Michelin opracowali pierwsz\u0105 na \u015bwiecie opon\u0119 radialn\u0105. Z kolei w 1990 roku Michelin zadziwi\u0142 \u015bwiat, opracowuj\u0105c pierwsz\u0105 opon\u0119 o niskich oporach toczenia. Aktualnie firma posiada kilkadziesi\u0105t zak\u0142ad\u00f3w produkuj\u0105cych opony na ca\u0142ym \u015bwiecie. Poza oponami samochodowymi Michelin produkuje opony do samochod\u00f3w ci\u0119\u017carowych, pojazd\u00f3w rolniczych, motocykli, motorower\u00f3w oraz rower\u00f3w.<\/p>\n<\/div>\n<\/div>\n<\/div>\n<\/div>\n<\/div>\n<\/div>\n<div style=\"clear: both; display: block; margin: 10px 0;\">\n","protected":false},"excerpt":{"rendered":"<p>2x Opona ca\u0142oroczna Michelin Agilis CrossClimate 225\/75R16C 121\/120 R<\/p>\n<p>Cechy produktu:<\/p>\n<p>sezon: ca\u0142oroczne<\/p>\n<p>rok produkcji: 2025<\/p>\n<p>szeroko\u015b\u0107\/profil\/\u015brednica: 225\/75R16<\/p>\n<p>indeks pr\u0119dko\u015bci: R do 170 km\/h<\/p>\n<p>indeks no\u015bno\u015bci: 121\/120 &#8211; 1450\/1400 kg<\/p>\n<p>wzmocnienie (C) do dostawczych<\/p>\n","protected":false},"featured_media":15360,"template":"","meta":{"_uag_custom_page_level_css":""},"product_brand":[429],"product_cat":[416,417,413,412],"product_tag":[],"class_list":{"0":"post-15359","1":"product","2":"type-product","3":"status-publish","4":"has-post-thumbnail","6":"product_brand-michelin","7":"product_cat-caloroczne","8":"product_cat-do-samochodow-dostawczych","9":"product_cat-opony","10":"product_cat-opony-i-felgi","12":"first","13":"instock","14":"shipping-taxable","15":"purchasable","16":"product-type-simple"},"uagb_featured_image_src":{"full":["https:\/\/oponixo.shop\/tire\/wp-content\/uploads\/2026\/01\/allegro-image-15359.jpg",1024,1024,false],"thumbnail":["https:\/\/oponixo.shop\/tire\/wp-content\/uploads\/2026\/01\/allegro-image-15359-150x150.jpg",150,150,true],"medium":["https:\/\/oponixo.shop\/tire\/wp-content\/uploads\/2026\/01\/allegro-image-15359-300x300.jpg",300,300,true],"medium_large":["https:\/\/oponixo.shop\/tire\/wp-content\/uploads\/2026\/01\/allegro-image-15359-768x768.jpg",768,768,true],"large":["https:\/\/oponixo.shop\/tire\/wp-content\/uploads\/2026\/01\/allegro-image-15359.jpg",1024,1024,false],"1536x1536":["https:\/\/oponixo.shop\/tire\/wp-content\/uploads\/2026\/01\/allegro-image-15359.jpg",1024,1024,false],"2048x2048":["https:\/\/oponixo.shop\/tire\/wp-content\/uploads\/2026\/01\/allegro-image-15359.jpg",1024,1024,false],"woocommerce_thumbnail":["https:\/\/oponixo.shop\/tire\/wp-content\/uploads\/2026\/01\/allegro-image-15359-300x300.jpg",300,300,true],"woocommerce_single":["https:\/\/oponixo.shop\/tire\/wp-content\/uploads\/2026\/01\/allegro-image-15359-600x600.jpg",600,600,true],"woocommerce_gallery_thumbnail":["https:\/\/oponixo.shop\/tire\/wp-content\/uploads\/2026\/01\/allegro-image-15359-100x100.jpg",100,100,true]},"uagb_author_info":{"display_name":"admin","author_link":"https:\/\/oponixo.shop\/tire\/author\/"},"uagb_comment_info":0,"uagb_excerpt":"2x Opona ca\u0142oroczna Michelin Agilis CrossClimate 225\/75R16C 121\/120 R Cechy produktu: sezon: ca\u0142oroczne rok produkcji: 2025 szeroko\u015b\u0107\/profil\/\u015brednica: 225\/75R16 indeks pr\u0119dko\u015bci: R do 170 km\/h indeks no\u015bno\u015bci: 121\/120 - 1450\/1400 kg wzmocnienie (C) do dostawczych","_links":{"self":[{"href":"https:\/\/oponixo.shop\/tire\/wp-json\/wp\/v2\/product\/15359","targetHints":{"allow":["GET"]}}],"collection":[{"href":"https:\/\/oponixo.shop\/tire\/wp-json\/wp\/v2\/product"}],"about":[{"href":"https:\/\/oponixo.shop\/tire\/wp-json\/wp\/v2\/types\/product"}],"wp:featuredmedia":[{"embeddable":true,"href":"https:\/\/oponixo.shop\/tire\/wp-json\/wp\/v2\/media\/15360"}],"wp:attachment":[{"href":"https:\/\/oponixo.shop\/tire\/wp-json\/wp\/v2\/media?parent=15359"}],"wp:term":[{"taxonomy":"product_brand","embeddable":true,"href":"https:\/\/oponixo.shop\/tire\/wp-json\/wp\/v2\/product_brand?post=15359"},{"taxonomy":"product_cat","embeddable":true,"href":"https:\/\/oponixo.shop\/tire\/wp-json\/wp\/v2\/product_cat?post=15359"},{"taxonomy":"product_tag","embeddable":true,"href":"https:\/\/oponixo.shop\/tire\/wp-json\/wp\/v2\/product_tag?post=15359"}],"curies":[{"name":"wp","href":"https:\/\/api.w.org\/{rel}","templated":true}]}}