{"id":15371,"date":"2026-01-16T02:42:18","date_gmt":"2026-01-16T01:42:18","guid":{"rendered":"https:\/\/oponyauto.shop\/xef5\/produkt\/2x-opony-175-55r15-kumho-wintercraft-wp51-77t\/"},"modified":"2026-01-16T02:42:19","modified_gmt":"2026-01-16T01:42:19","slug":"2x-opony-175-55r15-kumho-wintercraft-wp51-77t","status":"publish","type":"product","link":"https:\/\/oponixo.shop\/tire\/produkt\/2x-opony-175-55r15-kumho-wintercraft-wp51-77t\/","title":{"rendered":"2x opony 175\/55R15 KUMHO WINTERCRAFT WP51 77T"},"content":{"rendered":"<div style=\"font-family: Arial, sans-serif; line-height: 1.6; color: #333; padding: 20px; clear: both; display: block; width: 100%; float: none; position: static; overflow: hidden;\">\n<div style=\"clear: both; display: block; margin: 10px 0;\">\n<div style=\"clear: both; display: block; margin: 10px 0;\">\n<div style=\"clear: both; display: block; margin: 10px 0;\">\n<h2>Opona zimowa Kumho WP51 175\/55R15 77 T przyczepno\u015b\u0107 na \u015bniegu (3PMSF)<\/h2>\n<p style=\"margin: 15px 0; line-height: 1.8; clear: both; display: block; width: 100%; float: none; position: static;\">Opona zimowa Kumho WinterCraft WP51 175\/55R15 77 T<\/p>\n<p style=\"margin: 15px 0; line-height: 1.8; clear: both; display: block; width: 100%; float: none; position: static;\">Cechy produktu:<\/p>\n<ul style=\"margin: 15px 0; padding-left: 20px; clear: both; display: block; width: 100%; float: none; position: static;\">\n<li style=\"margin: 5px 0; padding: 2px 0; clear: both; display: list-item; float: none; position: static;\">sezon: zimowe<\/li>\n<li style=\"margin: 5px 0; padding: 2px 0; clear: both; display: list-item; float: none; position: static;\">szeroko\u015b\u0107\/profil\/\u015brednica: 175\/55R15<\/li>\n<li style=\"margin: 5px 0; padding: 2px 0; clear: both; display: list-item; float: none; position: static;\">indeks pr\u0119dko\u015bci: T do 190 km\/h<\/li>\n<li style=\"margin: 5px 0; padding: 2px 0; clear: both; display: list-item; float: none; position: static;\">indeks no\u015bno\u015bci: 77 &#8211; 412 kg<\/li>\n<\/ul>\n<\/div>\n<\/div>\n<div style=\"clear: both; display: block; margin: 10px 0;\">\n<div style=\"clear: both; display: block; margin: 10px 0;\">\n<div  style=\"max-width:500px;max-height:500px\">\n<div style=\"clear: both; display: block; margin: 10px 0;\">\n<div style=\"clear: both; width: 100%; display: block; margin: 20px 0; padding: 0; float: none; position: static; text-align: center;\"><img decoding=\"async\"  src=\"https:\/\/a.allegroimg.com\/original\/1102d4\/4e05a29749c29455694ca097ebdd\/2x-opony-175-55R15-KUMHO-WINTERCRAFT-WP51-77T\" srcset=\"https:\/\/a.allegroimg.com\/original\/1102d4\/4e05a29749c29455694ca097ebdd\/2x-opony-175-55R15-KUMHO-WINTERCRAFT-WP51-77T 360w,https:\/\/a.allegroimg.com\/original\/1102d4\/4e05a29749c29455694ca097ebdd\/2x-opony-175-55R15-KUMHO-WINTERCRAFT-WP51-77T 500w,https:\/\/a.allegroimg.com\/original\/1102d4\/4e05a29749c29455694ca097ebdd\/2x-opony-175-55R15-KUMHO-WINTERCRAFT-WP51-77T 500w\" sizes=\"(min-width: 1200px) 560px, (min-width: 992px) 50vw, 100vw\" width=\"500px\" alt=\"2x opony 175\/55R15 KUMHO WINTERCRAFT WP51 77T\" style=\"max-width: 100%; height: auto; display: block; margin: 0 auto;\"><\/div>\n<\/div>\n<\/div>\n<\/div>\n<\/div>\n<\/div>\n<div style=\"clear: both; display: block; margin: 10px 0;\">\n<div style=\"clear: both; display: block; margin: 10px 0;\">\n<div style=\"clear: both; display: block; margin: 10px 0;\">\n<h3 style=\"color: #2c5aa0; font-size: 18px; margin: 30px 0 15px 0; font-weight: bold; clear: both; display: block; width: 100%; float: none; position: static;\">Informacje dodatkowe:<\/h3>\n<ul style=\"margin: 15px 0; padding-left: 20px; clear: both; display: block; width: 100%; float: none; position: static;\">\n<li style=\"margin: 5px 0; padding: 2px 0; clear: both; display: list-item; float: none; position: static;\">rok produkcji: 2024 <\/li>\n<li style=\"margin: 5px 0; padding: 2px 0; clear: both; display: list-item; float: none; position: static;\">stan: fabrycznie nowe <\/li>\n<\/ul>\n<\/div>\n<\/div>\n<\/div>\n<div style=\"clear: both; display: block; margin: 10px 0;\">\n<div style=\"clear: both; display: block; margin: 10px 0;\">\n<div style=\"clear: both; display: block; margin: 10px 0;\">\n<h3 style=\"color: #2c5aa0; font-size: 18px; margin: 30px 0 15px 0; font-weight: bold; clear: both; display: block; width: 100%; float: none; position: static;\">Przeznaczenie<\/h3>\n<p style=\"margin: 15px 0; line-height: 1.8; clear: both; display: block; width: 100%; float: none; position: static;\">Opony Kumho WinterCraft WP51 to ogumienie zimowe przeznaczone do montowania na ko\u0142ach samochod\u00f3w osobowych klasy kompaktowej i \u015bredniej. Opony WP51 to ogumienie opracowane z my\u015bl\u0105 o autach z silnikami du\u017cej mocy.<\/p>\n<h3 style=\"color: #2c5aa0; font-size: 18px; margin: 30px 0 15px 0; font-weight: bold; clear: both; display: block; width: 100%; float: none; position: static;\">Technologia<\/h3>\n<p style=\"margin: 15px 0; line-height: 1.8; clear: both; display: block; width: 100%; float: none; position: static;\">Zimowe opony samochodowe Kumho WinterCraft WP51 opracowano z my\u015bl\u0105 o tych kierowcach, kt\u00f3rzy poruszaj\u0105 si\u0119 na co dzie\u0144 autami wyposa\u017conymi w silniki du\u017cej mocy. To nie tylko auta sportowe. In\u017cynierowie firmy Kumho opracowali nowoczesn\u0105 mieszank\u0119 gumow\u0105, kt\u00f3ra ma na celu zapewnienie odpowiedniej elastyczno\u015bci w ka\u017cdych warunkach, tak\u017ce przy bardzo niskich temperaturach zewn\u0119trznych. Zastosowano nowoczesny karkas, a tak\u017ce kierunkowy bie\u017cnik z rze\u017ab\u0105, kt\u00f3ra ma za zadanie ochron\u0119 samochodu przed po\u015blizgiem na wodzie. Aby zachowa\u0107 optymaln\u0105 przyczepno\u015b\u0107 na \u015bniegu i lodzie, producent zastosowa\u0142 specjalne tr\u00f3jwymiarowe lamele.<\/p>\n<h3 style=\"color: #2c5aa0; font-size: 18px; margin: 30px 0 15px 0; font-weight: bold; clear: both; display: block; width: 100%; float: none; position: static;\">Bie\u017cnik<\/h3>\n<p style=\"margin: 15px 0; line-height: 1.8; clear: both; display: block; width: 100%; float: none; position: static;\">Zimowe opony samochodowe Kumho WinterCraft WP51 maj\u0105 kierunkowy bie\u017cnik symetryczny, w kt\u00f3rym kszta\u0142t klock\u00f3w wyznaczony zosta\u0142 przez szerokie rowki \u0142\u0105cz\u0105ce boki opon. Wszystkie klocki zosta\u0142y pokryte g\u0119st\u0105 sieci\u0105 tr\u00f3jwymiarowych lamelek.<\/p>\n<h3 style=\"color: #2c5aa0; font-size: 18px; margin: 30px 0 15px 0; font-weight: bold; clear: both; display: block; width: 100%; float: none; position: static;\">Producent<\/h3>\n<p style=\"margin: 15px 0; line-height: 1.8; clear: both; display: block; width: 100%; float: none; position: static;\">Kumho to firma oponiarska wywodz\u0105ca si\u0119 z Korei Po\u0142udniowej. To jeden z najwi\u0119kszych producent\u00f3w ogumienia samochodowego na \u015bwiecie. Firma rozpocz\u0119\u0142a swoj\u0105 dzia\u0142alno\u015b\u0107 w latach 60. ubieg\u0142ego stulecia pod nazw\u0105 Samyang Tire. Producent skoncentrowa\u0142 si\u0119 na produkcji opon do kompaktowych samochod\u00f3w osobowych. W ci\u0105gu kilku lat ma\u0142a firma mocno rozwin\u0119\u0142a swoj\u0105 dzia\u0142alno\u015b\u0107. Pod koniec lat 60. Samyang dostarcza\u0142 opony na pierwszy monta\u017c do pojazd\u00f3w Daewoo, Kia i Hyundai. W kolejnych latach ruszy\u0142 eksport i produkcja opon do zastosowa\u0144 przemys\u0142owych i rolniczych. W 1978 roku zmieniono nazw\u0119 firmy na Kumho. W latach dziewi\u0119\u0107dziesi\u0105tych Kumho zacz\u0119\u0142a dostarcza\u0107 ogumienie do samochod\u00f3w sportowych i terenowych. Obecnie znajduje si\u0119 w pierwszej dziesi\u0105tce \u015bwiatowych producent\u00f3w ogumienia samochodowego.<\/p>\n<\/div>\n<\/div>\n<\/div>\n<div style=\"clear: both; display: block; margin: 10px 0;\">\n<div style=\"clear: both; display: block; margin: 10px 0;\">\n<div style=\"clear: both; display: block; margin: 10px 0;\">\n<div  style=\"max-width:500px;max-height:500px\">\n<div style=\"clear: both; display: block; margin: 10px 0;\">\n<div style=\"clear: both; width: 100%; display: block; margin: 20px 0; padding: 0; float: none; position: static; text-align: center;\"><img decoding=\"async\"  src=\"https:\/\/a.allegroimg.com\/original\/1102d4\/4e05a29749c29455694ca097ebdd\/2x-opony-175-55R15-KUMHO-WINTERCRAFT-WP51-77T\" srcset=\"https:\/\/a.allegroimg.com\/original\/1102d4\/4e05a29749c29455694ca097ebdd\/2x-opony-175-55R15-KUMHO-WINTERCRAFT-WP51-77T 360w,https:\/\/a.allegroimg.com\/original\/1102d4\/4e05a29749c29455694ca097ebdd\/2x-opony-175-55R15-KUMHO-WINTERCRAFT-WP51-77T 500w,https:\/\/a.allegroimg.com\/original\/1102d4\/4e05a29749c29455694ca097ebdd\/2x-opony-175-55R15-KUMHO-WINTERCRAFT-WP51-77T 500w\" sizes=\"100vw\" width=\"500px\" alt=\"2x opony 175\/55R15 KUMHO WINTERCRAFT WP51 77T\" style=\"max-width: 100%; height: auto; display: block; margin: 0 auto;\"><\/div>\n<\/div>\n<\/div>\n<\/div>\n<\/div>\n<\/div>\n<\/div>\n<\/div>\n<\/div>\n<div style=\"clear: both; display: block; margin: 10px 0;\">\n","protected":false},"excerpt":{"rendered":"<p>Opona zimowa Kumho WP51 175\/55R15 77 T przyczepno\u015b\u0107 na \u015bniegu (3PMSF)<\/p>\n<p>Opona zimowa Kumho WinterCraft WP51 175\/55R15 77 T<\/p>\n<p>Cechy produktu:<\/p>\n<p>sezon: zimowe<\/p>\n<p>szeroko\u015b\u0107\/profil\/\u015brednica: 175\/55R15<\/p>\n<p>indeks pr\u0119dko\u015bci: T do 190 km\/h<\/p>\n<p>indeks no\u015bno\u015bci: 77 &#8211; 412 kg<\/p>\n<p>Informacje dodatkowe:<\/p>\n","protected":false},"featured_media":15372,"template":"","meta":{"_uag_custom_page_level_css":""},"product_brand":[390],"product_cat":[414,413,412,415],"product_tag":[],"class_list":{"0":"post-15371","1":"product","2":"type-product","3":"status-publish","4":"has-post-thumbnail","6":"product_brand-kumho","7":"product_cat-do-samochodow-osobowych-i-suv","8":"product_cat-opony","9":"product_cat-opony-i-felgi","10":"product_cat-zimowe","12":"first","13":"instock","14":"shipping-taxable","15":"purchasable","16":"product-type-simple"},"uagb_featured_image_src":{"full":["https:\/\/oponixo.shop\/tire\/wp-content\/uploads\/2026\/01\/allegro-image-15371.jpg",500,500,false],"thumbnail":["https:\/\/oponixo.shop\/tire\/wp-content\/uploads\/2026\/01\/allegro-image-15371-150x150.jpg",150,150,true],"medium":["https:\/\/oponixo.shop\/tire\/wp-content\/uploads\/2026\/01\/allegro-image-15371-300x300.jpg",300,300,true],"medium_large":["https:\/\/oponixo.shop\/tire\/wp-content\/uploads\/2026\/01\/allegro-image-15371.jpg",500,500,false],"large":["https:\/\/oponixo.shop\/tire\/wp-content\/uploads\/2026\/01\/allegro-image-15371.jpg",500,500,false],"1536x1536":["https:\/\/oponixo.shop\/tire\/wp-content\/uploads\/2026\/01\/allegro-image-15371.jpg",500,500,false],"2048x2048":["https:\/\/oponixo.shop\/tire\/wp-content\/uploads\/2026\/01\/allegro-image-15371.jpg",500,500,false],"woocommerce_thumbnail":["https:\/\/oponixo.shop\/tire\/wp-content\/uploads\/2026\/01\/allegro-image-15371-300x300.jpg",300,300,true],"woocommerce_single":["https:\/\/oponixo.shop\/tire\/wp-content\/uploads\/2026\/01\/allegro-image-15371.jpg",500,500,false],"woocommerce_gallery_thumbnail":["https:\/\/oponixo.shop\/tire\/wp-content\/uploads\/2026\/01\/allegro-image-15371-100x100.jpg",100,100,true]},"uagb_author_info":{"display_name":"admin","author_link":"https:\/\/oponixo.shop\/tire\/author\/"},"uagb_comment_info":0,"uagb_excerpt":"Opona zimowa Kumho WP51 175\/55R15 77 T przyczepno\u015b\u0107 na \u015bniegu (3PMSF) Opona zimowa Kumho WinterCraft WP51 175\/55R15 77 T Cechy produktu: sezon: zimowe szeroko\u015b\u0107\/profil\/\u015brednica: 175\/55R15 indeks pr\u0119dko\u015bci: T do 190 km\/h indeks no\u015bno\u015bci: 77 - 412 kg Informacje dodatkowe:","_links":{"self":[{"href":"https:\/\/oponixo.shop\/tire\/wp-json\/wp\/v2\/product\/15371","targetHints":{"allow":["GET"]}}],"collection":[{"href":"https:\/\/oponixo.shop\/tire\/wp-json\/wp\/v2\/product"}],"about":[{"href":"https:\/\/oponixo.shop\/tire\/wp-json\/wp\/v2\/types\/product"}],"wp:featuredmedia":[{"embeddable":true,"href":"https:\/\/oponixo.shop\/tire\/wp-json\/wp\/v2\/media\/15372"}],"wp:attachment":[{"href":"https:\/\/oponixo.shop\/tire\/wp-json\/wp\/v2\/media?parent=15371"}],"wp:term":[{"taxonomy":"product_brand","embeddable":true,"href":"https:\/\/oponixo.shop\/tire\/wp-json\/wp\/v2\/product_brand?post=15371"},{"taxonomy":"product_cat","embeddable":true,"href":"https:\/\/oponixo.shop\/tire\/wp-json\/wp\/v2\/product_cat?post=15371"},{"taxonomy":"product_tag","embeddable":true,"href":"https:\/\/oponixo.shop\/tire\/wp-json\/wp\/v2\/product_tag?post=15371"}],"curies":[{"name":"wp","href":"https:\/\/api.w.org\/{rel}","templated":true}]}}