{"id":15393,"date":"2026-01-16T02:42:23","date_gmt":"2026-01-16T01:42:23","guid":{"rendered":"https:\/\/oponyauto.shop\/xef5\/produkt\/2x-opona-caloroczna-toyo-open-country-a-t-215-75r15-100t\/"},"modified":"2026-01-16T02:42:23","modified_gmt":"2026-01-16T01:42:23","slug":"2x-opona-caloroczna-toyo-open-country-a-t-215-75r15-100t","status":"publish","type":"product","link":"https:\/\/oponixo.shop\/tire\/produkt\/2x-opona-caloroczna-toyo-open-country-a-t-215-75r15-100t\/","title":{"rendered":"2x Opona ca\u0142oroczna Toyo OPEN COUNTRY A\/T 215\/75R15 100T"},"content":{"rendered":"<div style=\"font-family: Arial, sans-serif; line-height: 1.6; color: #333; padding: 20px; clear: both; display: block; width: 100%; float: none; position: static; overflow: hidden;\">\n<div style=\"clear: both; display: block; margin: 10px 0;\">\n<div style=\"clear: both; display: block; margin: 10px 0;\">\n<div style=\"clear: both; display: block; margin: 10px 0;\">\n<h3 style=\"color: #2c5aa0; font-size: 18px; margin: 30px 0 15px 0; font-weight: bold; clear: both; display: block; width: 100%; float: none; position: static;\">2x Opona ca\u0142oroczna Toyo OPEN COUNTRY A\/T \u2162 215\/75R15 100T<\/h3>\n<\/div>\n<\/div>\n<\/div>\n<div style=\"clear: both; display: block; margin: 10px 0;\">\n<div style=\"clear: both; display: block; margin: 10px 0;\">\n<div style=\"clear: both; display: block; margin: 10px 0;\">\n<div  style=\"max-width:500px;max-height:500px\">\n<div style=\"clear: both; display: block; margin: 10px 0;\">\n<div style=\"clear: both; width: 100%; display: block; margin: 20px 0; padding: 0; float: none; position: static; text-align: center;\"><img decoding=\"async\"  src=\"https:\/\/a.allegroimg.com\/original\/1127b2\/4e1895e242af8232226870468759\/2x-Opona-caloroczna-Toyo-OPEN-COUNTRY-A-T-215-75R15-100T\" srcset=\"https:\/\/a.allegroimg.com\/original\/1127b2\/4e1895e242af8232226870468759\/2x-Opona-caloroczna-Toyo-OPEN-COUNTRY-A-T-215-75R15-100T 360w,https:\/\/a.allegroimg.com\/original\/1127b2\/4e1895e242af8232226870468759\/2x-Opona-caloroczna-Toyo-OPEN-COUNTRY-A-T-215-75R15-100T 500w,https:\/\/a.allegroimg.com\/original\/1127b2\/4e1895e242af8232226870468759\/2x-Opona-caloroczna-Toyo-OPEN-COUNTRY-A-T-215-75R15-100T 500w\" sizes=\"(min-width: 1200px) 560px, (min-width: 992px) 50vw, 100vw\" width=\"500px\" alt=\"2x Opona ca\u0142oroczna Toyo OPEN COUNTRY A\/T 215\/75R15 100T\" style=\"max-width: 100%; height: auto; display: block; margin: 0 auto;\"><\/div>\n<\/div>\n<\/div>\n<\/div>\n<\/div>\n<div style=\"clear: both; display: block; margin: 10px 0;\">\n<div style=\"clear: both; display: block; margin: 10px 0;\">\n<ul style=\"margin: 15px 0; padding-left: 20px; clear: both; display: block; width: 100%; float: none; position: static;\">\n<li style=\"margin: 5px 0; padding: 2px 0; clear: both; display: list-item; float: none; position: static;\">Marka: <b>Toyo<\/b><\/li>\n<li style=\"margin: 5px 0; padding: 2px 0; clear: both; display: list-item; float: none; position: static;\">Liczba opon w ofercie: <b>2 szt.<\/b><\/li>\n<li style=\"margin: 5px 0; padding: 2px 0; clear: both; display: list-item; float: none; position: static;\">Sezon: <b>Wielosezonowe<\/b><\/li>\n<li style=\"margin: 5px 0; padding: 2px 0; clear: both; display: list-item; float: none; position: static;\">Model: <b>Open Country A\/T \u2162<\/b><\/li>\n<li style=\"margin: 5px 0; padding: 2px 0; clear: both; display: list-item; float: none; position: static;\">Szeroko\u015b\u0107: <b>215<\/b><\/li>\n<li style=\"margin: 5px 0; padding: 2px 0; clear: both; display: list-item; float: none; position: static;\">Profil: <b>75<\/b><\/li>\n<li style=\"margin: 5px 0; padding: 2px 0; clear: both; display: list-item; float: none; position: static;\">\u015arednica: <b>15<\/b><\/li>\n<li style=\"margin: 5px 0; padding: 2px 0; clear: both; display: list-item; float: none; position: static;\">Index no\u015bno\u015bci: <b>100<\/b><\/li>\n<li style=\"margin: 5px 0; padding: 2px 0; clear: both; display: list-item; float: none; position: static;\">Index pr\u0119dko\u015bci: <b>T<\/b><\/li>\n<li style=\"margin: 5px 0; padding: 2px 0; clear: both; display: list-item; float: none; position: static;\">Hamowanie na mokrym: <b>D<\/b><\/li>\n<li style=\"margin: 5px 0; padding: 2px 0; clear: both; display: list-item; float: none; position: static;\">Op\u00f3r toczenia: <b>D<\/b><\/li>\n<li style=\"margin: 5px 0; padding: 2px 0; clear: both; display: list-item; float: none; position: static;\">Ha\u0142as zewn\u0119trzny: <b>72dB<\/b><\/li>\n<li style=\"margin: 5px 0; padding: 2px 0; clear: both; display: list-item; float: none; position: static;\">SAP: <b>3870800<\/b><\/li>\n<li style=\"margin: 5px 0; padding: 2px 0; clear: both; display: list-item; float: none; position: static;\">EAN: <b>4981910552734<\/b><\/li>\n<\/ul>\n<\/div>\n<\/div>\n<\/div>\n<div style=\"clear: both; display: block; margin: 10px 0;\">\n<div style=\"clear: both; display: block; margin: 10px 0;\">\n<div style=\"clear: both; display: block; margin: 10px 0;\">\n<h3 style=\"color: #2c5aa0; font-size: 18px; margin: 30px 0 15px 0; font-weight: bold; clear: both; display: block; width: 100%; float: none; position: static;\">Rok produkcji (DOT): 2025\/2024 &#8211; kupuj\u0105c z tej oferty otrzymasz opony fabrycznie nowe.<\/h3>\n<p style=\"margin: 15px 0; line-height: 1.8; clear: both; display: block; width: 100%; float: none; position: static;\">Specjali\u015bci z Polskiego Zwi\u0105zku Przemys\u0142u Oponiarskiego (PZPO) podkre\u015blaj\u0105, \u017ce nowe opony, przechowywane w odpowiednich warunkach, zachowuj\u0105 pe\u0142n\u0105 warto\u015b\u0107 i nie r\u00f3\u017cni\u0105 si\u0119 jako\u015bciowo od tych pochodz\u0105cych z bie\u017c\u0105cej produkcji. Wynika to z faktu, \u017ce proces starzenia si\u0119 opon nast\u0119puje wy\u0142\u0105cznie podczas ich eksploatacji, a nie w trakcie przechowywania.<\/p>\n<\/div>\n<\/div>\n<\/div>\n<div style=\"clear: both; display: block; margin: 10px 0;\">\n<div style=\"clear: both; display: block; margin: 10px 0;\">\n<div style=\"clear: both; display: block; margin: 10px 0;\">\n<h3 style=\"color: #2c5aa0; font-size: 18px; margin: 30px 0 15px 0; font-weight: bold; clear: both; display: block; width: 100%; float: none; position: static;\">Rok produkcji opony znajdziesz na jej boku, przy oznaczeniu DOT. Cztery ostatnie cyfry m\u00f3wi\u0105, kiedy opona zosta\u0142a wyprodukowana:<\/h3>\n<ul style=\"margin: 15px 0; padding-left: 20px; clear: both; display: block; width: 100%; float: none; position: static;\">\n<li style=\"margin: 5px 0; padding: 2px 0; clear: both; display: list-item; float: none; position: static;\">Pierwsze dwie \u2013 tydzie\u0144 produkcji,<\/li>\n<li style=\"margin: 5px 0; padding: 2px 0; clear: both; display: list-item; float: none; position: static;\">Ostatnie dwie \u2013 rok produkcji.&nbsp;<\/li>\n<\/ul>\n<p style=\"margin: 15px 0; line-height: 1.8; clear: both; display: block; width: 100%; float: none; position: static;\">Przyk\u0142ad: 1924 oznacza, \u017ce opona zosta\u0142a wyprodukowana w 19 tygodniu 2024 roku.<\/p>\n<\/div>\n<\/div>\n<\/div>\n<div style=\"clear: both; display: block; margin: 10px 0;\">\n<div style=\"clear: both; display: block; margin: 10px 0;\">\n<div style=\"clear: both; display: block; margin: 10px 0;\">\n<h3 style=\"color: #2c5aa0; font-size: 18px; margin: 30px 0 15px 0; font-weight: bold; clear: both; display: block; width: 100%; float: none; position: static;\">Na drog\u0119 i w teren!<\/h3>\n<ul style=\"margin: 15px 0; padding-left: 20px; clear: both; display: block; width: 100%; float: none; position: static;\">\n<li style=\"margin: 5px 0; padding: 2px 0; clear: both; display: list-item; float: none; position: static;\">Wszechstronna opona ca\u0142oroczna TOYO OPEN COUNTRY A\/T III wykorzystuj\u0105 zaawansowane technologie Toyo, zapewniaj\u0105c \u015bwietn\u0105 trakcj\u0119 w terenie oraz wyj\u0105tkow\u0105 odporno\u015b\u0107 na uszkodzenia spowodowane ostrymi przeszkodami.<\/li>\n<li style=\"margin: 5px 0; padding: 2px 0; clear: both; display: list-item; float: none; position: static;\">Bie\u017cnik wyposa\u017cono w tr\u00f3jwymiarowe, wielofalowe lamele, kt\u00f3re zapewniaj\u0105 lepsz\u0105 trakcj\u0119 na mokrej i za\u015bnie\u017conej nawierzchni.<\/li>\n<li style=\"margin: 5px 0; padding: 2px 0; clear: both; display: list-item; float: none; position: static;\">Pi\u0119\u0107 r\u00f3\u017cnych podzia\u0142ek bie\u017cnika pomaga w znacznym obni\u017ceniu poziomu ha\u0142asu podczas jazdy.<\/li>\n<\/ul>\n<p style=\"margin: 15px 0; line-height: 1.8; clear: both; display: block; width: 100%; float: none; position: static;\"><b>Przyczepno\u015b\u0107 w terenie na najwy\u017cszym poziomie.<\/b>W bocznych cz\u0119\u015bciach bie\u017cnika TOYO OPEN COUNTRY A\/T III zastosowano przesuni\u0119te bloki, kt\u00f3re dzi\u0119ki dodatkowym kraw\u0119dziom znacz\u0105co zwi\u0119kszaj\u0105 przyczepno\u015b\u0107 w terenie. Zoptymalizowane rowki w tej strefie poprawiaj\u0105 trakcj\u0119 na r\u00f3\u017cnorodnych nawierzchniach, w tym \u015bniegu, jednocze\u015bnie zapobiegaj\u0105c nier\u00f3wnomiernemu zu\u017cyciu stref barkowych.<b>Strategia rozmieszczenia rowk\u00f3w.<\/b>Kana\u0142y bie\u017cnika w TOYO OPEN COUNTRY A\/T III zosta\u0142y tak zaprojektowane, aby zapewni\u0107 idealn\u0105 sztywno\u015b\u0107 konstrukcji, co przek\u0142ada si\u0119 na wi\u0119ksz\u0105 stabilno\u015b\u0107 i przyczepno\u015b\u0107 zar\u00f3wno w terenie, jak i na drodze. Dodatkowo, specjalne bloki mi\u0119dzy rowkami skutecznie usuwaj\u0105 kamienie z bie\u017cnika, u\u0142atwiaj\u0105c jazd\u0119 w trudnych terenowych warunkach.<\/p>\n<\/div>\n<\/div>\n<\/div>\n<div style=\"clear: both; display: block; margin: 10px 0;\">\n<div style=\"clear: both; display: block; margin: 10px 0;\">\n<div style=\"clear: both; display: block; margin: 10px 0;\">\n<p style=\"margin: 15px 0; line-height: 1.8; clear: both; display: block; width: 100%; float: none; position: static;\">Firm\u0119 Toyo Tires za\u0142o\u017cono w Osace prawie 80 lat temu i pocz\u0105tkowo funkcjonowa\u0142a jako niewielka manufaktura. Obecnie oddzia\u0142y Toyo Tires znajduj\u0105 si\u0119 w kilkunastu krajach na ca\u0142ym \u015bwiecie, a firma skupia si\u0119 na projektowaniu, produkcji i sprzeda\u017cy wysokiej jako\u015bci opon. Jako jeden z wiod\u0105cych producent\u00f3w Toyo Tires regularnie inwestuje w zaawansowane badania i rozw\u00f3j, a centrum technologiczne w Itami jest jednym z najnowocze\u015bniejszych o\u015brodk\u00f3w tego typu na \u015bwiecie.<\/p>\n<\/div>\n<\/div>\n<div style=\"clear: both; display: block; margin: 10px 0;\">\n<div style=\"clear: both; display: block; margin: 10px 0;\">\n<div  style=\"max-width:1717px;max-height:183px\">\n<div style=\"clear: both; display: block; margin: 10px 0;\">\n<div style=\"clear: both; width: 100%; display: block; margin: 20px 0; padding: 0; float: none; position: static; text-align: center;\"><img decoding=\"async\"  src=\"https:\/\/a.allegroimg.com\/original\/110e09\/491d4b8041e39d09df1eb23e3969\/2x-Opona-caloroczna-Toyo-OPEN-COUNTRY-A-T-215-75R15-100T-Liczba-opon-w-ofercie-2-szt\" srcset=\"https:\/\/a.allegroimg.com\/original\/110e09\/491d4b8041e39d09df1eb23e3969\/2x-Opona-caloroczna-Toyo-OPEN-COUNTRY-A-T-215-75R15-100T-Liczba-opon-w-ofercie-2-szt 360w,https:\/\/a.allegroimg.com\/original\/110e09\/491d4b8041e39d09df1eb23e3969\/2x-Opona-caloroczna-Toyo-OPEN-COUNTRY-A-T-215-75R15-100T-Liczba-opon-w-ofercie-2-szt 720w,https:\/\/a.allegroimg.com\/original\/110e09\/491d4b8041e39d09df1eb23e3969\/2x-Opona-caloroczna-Toyo-OPEN-COUNTRY-A-T-215-75R15-100T-Liczba-opon-w-ofercie-2-szt 1024w,https:\/\/a.allegroimg.com\/original\/110e09\/491d4b8041e39d09df1eb23e3969\/2x-Opona-caloroczna-Toyo-OPEN-COUNTRY-A-T-215-75R15-100T-Liczba-opon-w-ofercie-2-szt 1440w,https:\/\/a.allegroimg.com\/original\/110e09\/491d4b8041e39d09df1eb23e3969\/2x-Opona-caloroczna-Toyo-OPEN-COUNTRY-A-T-215-75R15-100T-Liczba-opon-w-ofercie-2-szt 1717w\" sizes=\"(min-width: 1200px) 560px, (min-width: 992px) 50vw, 100vw\" width=\"1717px\" alt=\"2x Opona ca\u0142oroczna Toyo OPEN COUNTRY A\/T 215\/75R15 100T Liczba opon w ofercie 2 szt.\" style=\"max-width: 100%; height: auto; display: block; margin: 0 auto;\"><\/div>\n<\/div>\n<\/div>\n<\/div>\n<\/div>\n<\/div>\n<\/div>\n<\/div>\n<\/div>\n<div style=\"clear: both; display: block; margin: 10px 0;\">\n","protected":false},"excerpt":{"rendered":"<p>2x Opona ca\u0142oroczna Toyo OPEN COUNTRY A\/T \u2162 215\/75R15 100T<\/p>\n<p>Marka: Toyo<\/p>\n<p>Liczba opon w ofercie: 2 szt.<\/p>\n<p>Sezon: Wielosezonowe<\/p>\n<p>Model: Open Country A\/T \u2162<\/p>\n<p>Szeroko\u015b\u0107: 215<\/p>\n<p>Profil: 75<\/p>\n<p>\u015arednica: 15<\/p>\n","protected":false},"featured_media":15394,"template":"","meta":{"_uag_custom_page_level_css":""},"product_brand":[435],"product_cat":[416,428,413,412],"product_tag":[],"class_list":{"0":"post-15393","1":"product","2":"type-product","3":"status-publish","4":"has-post-thumbnail","6":"product_brand-toyo","7":"product_cat-caloroczne","8":"product_cat-do-samochodow-terenowych-i-4x4","9":"product_cat-opony","10":"product_cat-opony-i-felgi","12":"first","13":"instock","14":"shipping-taxable","15":"purchasable","16":"product-type-simple"},"uagb_featured_image_src":{"full":["https:\/\/oponixo.shop\/tire\/wp-content\/uploads\/2026\/01\/allegro-image-15393.jpg",500,500,false],"thumbnail":["https:\/\/oponixo.shop\/tire\/wp-content\/uploads\/2026\/01\/allegro-image-15393-150x150.jpg",150,150,true],"medium":["https:\/\/oponixo.shop\/tire\/wp-content\/uploads\/2026\/01\/allegro-image-15393-300x300.jpg",300,300,true],"medium_large":["https:\/\/oponixo.shop\/tire\/wp-content\/uploads\/2026\/01\/allegro-image-15393.jpg",500,500,false],"large":["https:\/\/oponixo.shop\/tire\/wp-content\/uploads\/2026\/01\/allegro-image-15393.jpg",500,500,false],"1536x1536":["https:\/\/oponixo.shop\/tire\/wp-content\/uploads\/2026\/01\/allegro-image-15393.jpg",500,500,false],"2048x2048":["https:\/\/oponixo.shop\/tire\/wp-content\/uploads\/2026\/01\/allegro-image-15393.jpg",500,500,false],"woocommerce_thumbnail":["https:\/\/oponixo.shop\/tire\/wp-content\/uploads\/2026\/01\/allegro-image-15393-300x300.jpg",300,300,true],"woocommerce_single":["https:\/\/oponixo.shop\/tire\/wp-content\/uploads\/2026\/01\/allegro-image-15393.jpg",500,500,false],"woocommerce_gallery_thumbnail":["https:\/\/oponixo.shop\/tire\/wp-content\/uploads\/2026\/01\/allegro-image-15393-100x100.jpg",100,100,true]},"uagb_author_info":{"display_name":"admin","author_link":"https:\/\/oponixo.shop\/tire\/author\/"},"uagb_comment_info":0,"uagb_excerpt":"2x Opona ca\u0142oroczna Toyo OPEN COUNTRY A\/T \u2162 215\/75R15 100T Marka: Toyo Liczba opon w ofercie: 2 szt. Sezon: Wielosezonowe Model: Open Country A\/T \u2162 Szeroko\u015b\u0107: 215 Profil: 75 \u015arednica: 15","_links":{"self":[{"href":"https:\/\/oponixo.shop\/tire\/wp-json\/wp\/v2\/product\/15393","targetHints":{"allow":["GET"]}}],"collection":[{"href":"https:\/\/oponixo.shop\/tire\/wp-json\/wp\/v2\/product"}],"about":[{"href":"https:\/\/oponixo.shop\/tire\/wp-json\/wp\/v2\/types\/product"}],"wp:featuredmedia":[{"embeddable":true,"href":"https:\/\/oponixo.shop\/tire\/wp-json\/wp\/v2\/media\/15394"}],"wp:attachment":[{"href":"https:\/\/oponixo.shop\/tire\/wp-json\/wp\/v2\/media?parent=15393"}],"wp:term":[{"taxonomy":"product_brand","embeddable":true,"href":"https:\/\/oponixo.shop\/tire\/wp-json\/wp\/v2\/product_brand?post=15393"},{"taxonomy":"product_cat","embeddable":true,"href":"https:\/\/oponixo.shop\/tire\/wp-json\/wp\/v2\/product_cat?post=15393"},{"taxonomy":"product_tag","embeddable":true,"href":"https:\/\/oponixo.shop\/tire\/wp-json\/wp\/v2\/product_tag?post=15393"}],"curies":[{"name":"wp","href":"https:\/\/api.w.org\/{rel}","templated":true}]}}