{"id":15395,"date":"2026-01-16T02:42:23","date_gmt":"2026-01-16T01:42:23","guid":{"rendered":"https:\/\/oponyauto.shop\/xef5\/produkt\/2-x-bfgoodrich-all-terrain-t-a-ko3-215-75r15-100-s-rwl-3pmsf-opona\/"},"modified":"2026-01-16T02:42:23","modified_gmt":"2026-01-16T01:42:23","slug":"2-x-bfgoodrich-all-terrain-t-a-ko3-215-75r15-100-s-rwl-3pmsf-opona","status":"publish","type":"product","link":"https:\/\/oponixo.shop\/tire\/produkt\/2-x-bfgoodrich-all-terrain-t-a-ko3-215-75r15-100-s-rwl-3pmsf-opona\/","title":{"rendered":"2 x BFGoodrich All-Terrain T\/A KO3 215\/75R15 100 S RWL 3PMSF opona"},"content":{"rendered":"<div style=\"font-family: Arial, sans-serif; line-height: 1.6; color: #333; padding: 20px; clear: both; display: block; width: 100%; float: none; position: static; overflow: hidden;\">\n<div style=\"clear: both; display: block; margin: 10px 0;\">\n<div style=\"clear: both; display: block; margin: 10px 0;\">\n<div style=\"clear: both; display: block; margin: 10px 0;\">\n<div  style=\"max-width:360px;max-height:500px\">\n<div style=\"clear: both; display: block; margin: 10px 0;\">\n<div style=\"clear: both; width: 100%; display: block; margin: 20px 0; padding: 0; float: none; position: static; text-align: center;\"><img decoding=\"async\"  src=\"https:\/\/a.allegroimg.com\/original\/117526\/81b3b8024fd3a0971cca6995bac2\/2-x-BFGoodrich-All-Terrain-T-A-KO3-215-75R15-100-S-RWL-3PMSF-opona\" srcset=\"https:\/\/a.allegroimg.com\/original\/117526\/81b3b8024fd3a0971cca6995bac2\/2-x-BFGoodrich-All-Terrain-T-A-KO3-215-75R15-100-S-RWL-3PMSF-opona 259w,https:\/\/a.allegroimg.com\/original\/117526\/81b3b8024fd3a0971cca6995bac2\/2-x-BFGoodrich-All-Terrain-T-A-KO3-215-75R15-100-S-RWL-3PMSF-opona 360w,https:\/\/a.allegroimg.com\/original\/117526\/81b3b8024fd3a0971cca6995bac2\/2-x-BFGoodrich-All-Terrain-T-A-KO3-215-75R15-100-S-RWL-3PMSF-opona 360w\" sizes=\"(min-width: 1200px) 560px, (min-width: 992px) 50vw, 100vw\" width=\"360px\" alt=\"2 x BFGoodrich All-Terrain T\/A KO3 215\/75R15 100 S RWL 3PMSF opona\" style=\"max-width: 100%; height: auto; display: block; margin: 0 auto;\"><\/div>\n<\/div>\n<\/div>\n<\/div>\n<\/div>\n<div style=\"clear: both; display: block; margin: 10px 0;\">\n<div style=\"clear: both; display: block; margin: 10px 0;\">\n<h2>BFGoodrich All-Terrain T\/A KO3 215\/75R15 100 S RWL 3PMSF<\/h2>\n<p style=\"margin: 15px 0; line-height: 1.8; clear: both; display: block; width: 100%; float: none; position: static;\">Producent: BFGoodrich<\/p>\n<p style=\"margin: 15px 0; line-height: 1.8; clear: both; display: block; width: 100%; float: none; position: static;\">Model: All-Terrain T\/A KO3<\/p>\n<p style=\"margin: 15px 0; line-height: 1.8; clear: both; display: block; width: 100%; float: none; position: static;\">Sezon: ca\u0142oroczne<\/p>\n<p style=\"margin: 15px 0; line-height: 1.8; clear: both; display: block; width: 100%; float: none; position: static;\">Rozmiar: 215\/75R15<\/p>\n<p style=\"margin: 15px 0; line-height: 1.8; clear: both; display: block; width: 100%; float: none; position: static;\">Data produkcji: 2025<\/p>\n<p style=\"margin: 15px 0; line-height: 1.8; clear: both; display: block; width: 100%; float: none; position: static;\">Zu\u017cycie paliwa: klasa E<\/p>\n<p style=\"margin: 15px 0; line-height: 1.8; clear: both; display: block; width: 100%; float: none; position: static;\">Przyczepno\u015b\u0107 na mokrym: klasa C<\/p>\n<p style=\"margin: 15px 0; line-height: 1.8; clear: both; display: block; width: 100%; float: none; position: static;\">Poziom ha\u0142asu: 74 dB<\/p>\n<\/div>\n<\/div>\n<\/div>\n<div style=\"clear: both; display: block; margin: 10px 0;\">\n<div style=\"clear: both; display: block; margin: 10px 0;\">\n<div style=\"clear: both; display: block; margin: 10px 0;\">\n<div  style=\"max-width:760px;max-height:624px\">\n<div style=\"clear: both; display: block; margin: 10px 0;\">\n<div style=\"clear: both; width: 100%; display: block; margin: 20px 0; padding: 0; float: none; position: static; text-align: center;\"><img decoding=\"async\"  src=\"https:\/\/a.allegroimg.com\/original\/11e283\/0379eb274ccfae2703a91e52aa4a\/2-x-BFGoodrich-All-Terrain-T-A-KO3-215-75R15-100-S-RWL-3PMSF-opona-Liczba-opon-w-ofercie-2-szt\" srcset=\"https:\/\/a.allegroimg.com\/original\/11e283\/0379eb274ccfae2703a91e52aa4a\/2-x-BFGoodrich-All-Terrain-T-A-KO3-215-75R15-100-S-RWL-3PMSF-opona-Liczba-opon-w-ofercie-2-szt 360w,https:\/\/a.allegroimg.com\/original\/11e283\/0379eb274ccfae2703a91e52aa4a\/2-x-BFGoodrich-All-Terrain-T-A-KO3-215-75R15-100-S-RWL-3PMSF-opona-Liczba-opon-w-ofercie-2-szt 720w,https:\/\/a.allegroimg.com\/original\/11e283\/0379eb274ccfae2703a91e52aa4a\/2-x-BFGoodrich-All-Terrain-T-A-KO3-215-75R15-100-S-RWL-3PMSF-opona-Liczba-opon-w-ofercie-2-szt 760w,https:\/\/a.allegroimg.com\/original\/11e283\/0379eb274ccfae2703a91e52aa4a\/2-x-BFGoodrich-All-Terrain-T-A-KO3-215-75R15-100-S-RWL-3PMSF-opona-Liczba-opon-w-ofercie-2-szt 760w\" sizes=\"(min-width: 1200px) 560px, (min-width: 992px) 50vw, 100vw\" width=\"760px\" alt=\"2 x BFGoodrich All-Terrain T\/A KO3 215\/75R15 100 S RWL 3PMSF opona Liczba opon w ofercie 2 szt.\" style=\"max-width: 100%; height: auto; display: block; margin: 0 auto;\"><\/div>\n<\/div>\n<\/div>\n<\/div>\n<\/div>\n<div style=\"clear: both; display: block; margin: 10px 0;\">\n<div style=\"clear: both; display: block; margin: 10px 0;\">\n<h1>BFGoodrich All-Terrain T\/A KO3 \u2013 jeszcze twardsza, jeszcze lepsza<\/h1>\n<p style=\"margin: 15px 0; line-height: 1.8; clear: both; display: block; width: 100%; float: none; position: static;\">BFGoodrich All-Terrain T\/A KO3 to najnowsze wcielenie kultowej linii terenowej KO, zaprojektowane z my\u015bl\u0105 o ekstremalnej wytrzyma\u0142o\u015bci i przyczepno\u015bci w ka\u017cdych warunkach. Stanowi ewolucj\u0119 s\u0142ynnego modelu KO2, oferuj\u0105c jeszcze wi\u0119ksz\u0105 trwa\u0142o\u015b\u0107, lepsze osi\u0105gi w b\u0142ocie i \u015bniegu oraz zoptymalizowan\u0105 konstrukcj\u0119 na asfalt. Opona wyposa\u017cona jest w ca\u0142kowicie nowy wz\u00f3r bie\u017cnika oraz mieszank\u0119 All-Terrain, kt\u00f3re zapewniaj\u0105 wyd\u0142u\u017cony czas eksploatacji, r\u00f3wnie\u017c podczas jazdy po szutrze, piasku czy kamienistych drogach. Homologacja 3PMSF potwierdza, \u017ce KO3 poradzi sobie tak\u017ce w warunkach silnych opad\u00f3w \u015bniegu.<\/p>\n<\/div>\n<\/div>\n<\/div>\n<div style=\"clear: both; display: block; margin: 10px 0;\">\n<div style=\"clear: both; display: block; margin: 10px 0;\">\n<div style=\"clear: both; display: block; margin: 10px 0;\">\n<div  style=\"max-width:760px;max-height:624px\">\n<div style=\"clear: both; display: block; margin: 10px 0;\">\n<div style=\"clear: both; width: 100%; display: block; margin: 20px 0; padding: 0; float: none; position: static; text-align: center;\"><img decoding=\"async\"  src=\"https:\/\/a.allegroimg.com\/original\/114edf\/55c85cc3439dbed4b1073c709794\/2-x-BFGoodrich-All-Terrain-T-A-KO3-215-75R15-100-S-RWL-3PMSF-opona-Rok-produkcji-2025\" srcset=\"https:\/\/a.allegroimg.com\/original\/114edf\/55c85cc3439dbed4b1073c709794\/2-x-BFGoodrich-All-Terrain-T-A-KO3-215-75R15-100-S-RWL-3PMSF-opona-Rok-produkcji-2025 360w,https:\/\/a.allegroimg.com\/original\/114edf\/55c85cc3439dbed4b1073c709794\/2-x-BFGoodrich-All-Terrain-T-A-KO3-215-75R15-100-S-RWL-3PMSF-opona-Rok-produkcji-2025 720w,https:\/\/a.allegroimg.com\/original\/114edf\/55c85cc3439dbed4b1073c709794\/2-x-BFGoodrich-All-Terrain-T-A-KO3-215-75R15-100-S-RWL-3PMSF-opona-Rok-produkcji-2025 760w,https:\/\/a.allegroimg.com\/original\/114edf\/55c85cc3439dbed4b1073c709794\/2-x-BFGoodrich-All-Terrain-T-A-KO3-215-75R15-100-S-RWL-3PMSF-opona-Rok-produkcji-2025 760w\" sizes=\"(min-width: 1200px) 560px, (min-width: 992px) 50vw, 100vw\" width=\"760px\" alt=\"2 x BFGoodrich All-Terrain T\/A KO3 215\/75R15 100 S RWL 3PMSF opona Rok produkcji 2025\" style=\"max-width: 100%; height: auto; display: block; margin: 0 auto;\"><\/div>\n<\/div>\n<\/div>\n<\/div>\n<\/div>\n<div style=\"clear: both; display: block; margin: 10px 0;\">\n<div style=\"clear: both; display: block; margin: 10px 0;\">\n<h1>Zaprojektowana do dzia\u0142ania w terenie i na szosie<\/h1>\n<p style=\"margin: 15px 0; line-height: 1.8; clear: both; display: block; width: 100%; float: none; position: static;\">Model KO3 wykorzystuje najnowsze technologie BFGoodrich, takie jak lamele 3D na pe\u0142nej g\u0142\u0119boko\u015bci, z\u0105bkowana konstrukcja barku, czy naci\u0119cia Mud Phobic Bars, kt\u00f3re usprawniaj\u0105 oczyszczanie bie\u017cnika w b\u0142ocie i \u015bniegu. Wz\u00f3r bie\u017cnika opiera si\u0119 na zaz\u0119biaj\u0105cych si\u0119 elementach centralnych i szerokich barkach, dzi\u0119ki czemu opona zapewnia doskona\u0142\u0105 przyczepno\u015b\u0107 w terenie oraz stabilne prowadzenie na drodze. KO3 zosta\u0142a te\u017c zaprojektowana z my\u015bl\u0105 o r\u00f3wnomiernym zu\u017cyciu, co zwi\u0119ksza jej trwa\u0142o\u015b\u0107 \u2013 zar\u00f3wno w warunkach asfaltowych, jak i off-roadowych.<\/p>\n<\/div>\n<\/div>\n<\/div>\n<div style=\"clear: both; display: block; margin: 10px 0;\">\n<div style=\"clear: both; display: block; margin: 10px 0;\">\n<div style=\"clear: both; display: block; margin: 10px 0;\">\n<div  style=\"max-width:760px;max-height:624px\">\n<div style=\"clear: both; display: block; margin: 10px 0;\">\n<div style=\"clear: both; width: 100%; display: block; margin: 20px 0; padding: 0; float: none; position: static; text-align: center;\"><img decoding=\"async\"  src=\"https:\/\/a.allegroimg.com\/original\/119c3b\/2d33605443b590ef8aa72abddc38\/2-x-BFGoodrich-All-Terrain-T-A-KO3-215-75R15-100-S-RWL-3PMSF-opona-Model-inny\" srcset=\"https:\/\/a.allegroimg.com\/original\/119c3b\/2d33605443b590ef8aa72abddc38\/2-x-BFGoodrich-All-Terrain-T-A-KO3-215-75R15-100-S-RWL-3PMSF-opona-Model-inny 360w,https:\/\/a.allegroimg.com\/original\/119c3b\/2d33605443b590ef8aa72abddc38\/2-x-BFGoodrich-All-Terrain-T-A-KO3-215-75R15-100-S-RWL-3PMSF-opona-Model-inny 720w,https:\/\/a.allegroimg.com\/original\/119c3b\/2d33605443b590ef8aa72abddc38\/2-x-BFGoodrich-All-Terrain-T-A-KO3-215-75R15-100-S-RWL-3PMSF-opona-Model-inny 760w,https:\/\/a.allegroimg.com\/original\/119c3b\/2d33605443b590ef8aa72abddc38\/2-x-BFGoodrich-All-Terrain-T-A-KO3-215-75R15-100-S-RWL-3PMSF-opona-Model-inny 760w\" sizes=\"(min-width: 1200px) 560px, (min-width: 992px) 50vw, 100vw\" width=\"760px\" alt=\"2 x BFGoodrich All-Terrain T\/A KO3 215\/75R15 100 S RWL 3PMSF opona Model inny\" style=\"max-width: 100%; height: auto; display: block; margin: 0 auto;\"><\/div>\n<\/div>\n<\/div>\n<\/div>\n<\/div>\n<div style=\"clear: both; display: block; margin: 10px 0;\">\n<div style=\"clear: both; display: block; margin: 10px 0;\">\n<h1>Wytrzyma\u0142o\u015b\u0107 godna wy\u015bcig\u00f3w Baja<\/h1>\n<p style=\"margin: 15px 0; line-height: 1.8; clear: both; display: block; width: 100%; float: none; position: static;\">BFGoodrich KO3 to produkt czerpi\u0105cy wprost z do\u015bwiadcze\u0144 zdobytych w najbardziej wymagaj\u0105cych rajdach terenowych. Zastosowana technologia CoreGard\u2122 oraz Advanced Deflection Design wzmacniaj\u0105 \u015bciany boczne opony, chroni\u0105c je przed przeci\u0119ciami, rozdarciami i uszkodzeniami od wystaj\u0105cych przeszk\u00f3d. Przed\u0142u\u017cona os\u0142ona barku oraz potr\u00f3jna warstwa ochronna karkasu dodatkowo zwi\u0119kszaj\u0105 odporno\u015b\u0107 opony w ekstremalnych warunkach. To sprawia, \u017ce KO3 to doskona\u0142y wyb\u00f3r dla u\u017cytkownik\u00f3w SUV-\u00f3w, pick-up\u00f3w oraz aut terenowych, kt\u00f3rzy oczekuj\u0105 maksymalnej kontroli, niezawodno\u015bci i przyczepno\u015bci \u2014 niezale\u017cnie od nawierzchni.<\/p>\n<\/div>\n<\/div>\n<\/div>\n<\/div>\n<\/div>\n<\/div>\n<div style=\"clear: both; display: block; margin: 10px 0;\">\n","protected":false},"excerpt":{"rendered":"<p>BFGoodrich All-Terrain T\/A KO3 215\/75R15 100 S RWL 3PMSF<\/p>\n<p>Producent: BFGoodrich<\/p>\n<p>Model: All-Terrain T\/A KO3<\/p>\n<p>Sezon: ca\u0142oroczne<\/p>\n<p>Rozmiar: 215\/75R15<\/p>\n<p>Data produkcji: 2025<\/p>\n<p>Zu\u017cycie paliwa: klasa E<\/p>\n<p>Przyczepno\u015b\u0107 na mokrym: klasa C<\/p>\n","protected":false},"featured_media":15396,"template":"","meta":{"_uag_custom_page_level_css":""},"product_brand":[466],"product_cat":[416,414,413,412],"product_tag":[],"class_list":{"0":"post-15395","1":"product","2":"type-product","3":"status-publish","4":"has-post-thumbnail","6":"product_brand-bfgoodrich","7":"product_cat-caloroczne","8":"product_cat-do-samochodow-osobowych-i-suv","9":"product_cat-opony","10":"product_cat-opony-i-felgi","12":"first","13":"instock","14":"shipping-taxable","15":"purchasable","16":"product-type-simple"},"uagb_featured_image_src":{"full":["https:\/\/oponixo.shop\/tire\/wp-content\/uploads\/2026\/01\/allegro-image-15395.jpg",360,500,false],"thumbnail":["https:\/\/oponixo.shop\/tire\/wp-content\/uploads\/2026\/01\/allegro-image-15395-150x150.jpg",150,150,true],"medium":["https:\/\/oponixo.shop\/tire\/wp-content\/uploads\/2026\/01\/allegro-image-15395-216x300.jpg",216,300,true],"medium_large":["https:\/\/oponixo.shop\/tire\/wp-content\/uploads\/2026\/01\/allegro-image-15395.jpg",360,500,false],"large":["https:\/\/oponixo.shop\/tire\/wp-content\/uploads\/2026\/01\/allegro-image-15395.jpg",360,500,false],"1536x1536":["https:\/\/oponixo.shop\/tire\/wp-content\/uploads\/2026\/01\/allegro-image-15395.jpg",360,500,false],"2048x2048":["https:\/\/oponixo.shop\/tire\/wp-content\/uploads\/2026\/01\/allegro-image-15395.jpg",360,500,false],"woocommerce_thumbnail":["https:\/\/oponixo.shop\/tire\/wp-content\/uploads\/2026\/01\/allegro-image-15395-300x300.jpg",300,300,true],"woocommerce_single":["https:\/\/oponixo.shop\/tire\/wp-content\/uploads\/2026\/01\/allegro-image-15395.jpg",360,500,false],"woocommerce_gallery_thumbnail":["https:\/\/oponixo.shop\/tire\/wp-content\/uploads\/2026\/01\/allegro-image-15395-100x100.jpg",100,100,true]},"uagb_author_info":{"display_name":"admin","author_link":"https:\/\/oponixo.shop\/tire\/author\/"},"uagb_comment_info":0,"uagb_excerpt":"BFGoodrich All-Terrain T\/A KO3 215\/75R15 100 S RWL 3PMSF Producent: BFGoodrich Model: All-Terrain T\/A KO3 Sezon: ca\u0142oroczne Rozmiar: 215\/75R15 Data produkcji: 2025 Zu\u017cycie paliwa: klasa E Przyczepno\u015b\u0107 na mokrym: klasa C","_links":{"self":[{"href":"https:\/\/oponixo.shop\/tire\/wp-json\/wp\/v2\/product\/15395","targetHints":{"allow":["GET"]}}],"collection":[{"href":"https:\/\/oponixo.shop\/tire\/wp-json\/wp\/v2\/product"}],"about":[{"href":"https:\/\/oponixo.shop\/tire\/wp-json\/wp\/v2\/types\/product"}],"wp:featuredmedia":[{"embeddable":true,"href":"https:\/\/oponixo.shop\/tire\/wp-json\/wp\/v2\/media\/15396"}],"wp:attachment":[{"href":"https:\/\/oponixo.shop\/tire\/wp-json\/wp\/v2\/media?parent=15395"}],"wp:term":[{"taxonomy":"product_brand","embeddable":true,"href":"https:\/\/oponixo.shop\/tire\/wp-json\/wp\/v2\/product_brand?post=15395"},{"taxonomy":"product_cat","embeddable":true,"href":"https:\/\/oponixo.shop\/tire\/wp-json\/wp\/v2\/product_cat?post=15395"},{"taxonomy":"product_tag","embeddable":true,"href":"https:\/\/oponixo.shop\/tire\/wp-json\/wp\/v2\/product_tag?post=15395"}],"curies":[{"name":"wp","href":"https:\/\/api.w.org\/{rel}","templated":true}]}}