{"id":15425,"date":"2026-01-16T02:42:30","date_gmt":"2026-01-16T01:42:30","guid":{"rendered":"https:\/\/oponyauto.shop\/xef5\/produkt\/4x-goodride-sw612-195-80r15-106-104-r\/"},"modified":"2026-01-16T02:42:31","modified_gmt":"2026-01-16T01:42:31","slug":"4x-goodride-sw612-195-80r15-106-104-r","status":"publish","type":"product","link":"https:\/\/oponixo.shop\/tire\/produkt\/4x-goodride-sw612-195-80r15-106-104-r\/","title":{"rendered":"4x GOODRIDE SW612 195\/80R15 106\/104 R"},"content":{"rendered":"<div style=\"font-family: Arial, sans-serif; line-height: 1.6; color: #333; padding: 20px; clear: both; display: block; width: 100%; float: none; position: static; overflow: hidden;\">\n<div style=\"clear: both; display: block; margin: 10px 0;\">\n<div style=\"clear: both; display: block; margin: 10px 0;\">\n<div style=\"clear: both; display: block; margin: 10px 0;\">\n<h1>4x GOODRIDE SW612 195\/80R15 106\/104 R<\/h1>\n<\/div>\n<\/div>\n<\/div>\n<div style=\"clear: both; display: block; margin: 10px 0;\">\n<div style=\"clear: both; display: block; margin: 10px 0;\">\n<div style=\"clear: both; display: block; margin: 10px 0;\">\n<div  style=\"max-width:920px;max-height:1120px\">\n<div style=\"clear: both; display: block; margin: 10px 0;\">\n<div style=\"clear: both; width: 100%; display: block; margin: 20px 0; padding: 0; float: none; position: static; text-align: center;\"><img decoding=\"async\"  src=\"https:\/\/a.allegroimg.com\/original\/115fce\/1eee64f74b71aa190d72ada0c8d1\/4x-GOODRIDE-SW612-195-80R15-106-104-R\" srcset=\"https:\/\/a.allegroimg.com\/original\/115fce\/1eee64f74b71aa190d72ada0c8d1\/4x-GOODRIDE-SW612-195-80R15-106-104-R 295w,https:\/\/a.allegroimg.com\/original\/115fce\/1eee64f74b71aa190d72ada0c8d1\/4x-GOODRIDE-SW612-195-80R15-106-104-R 591w,https:\/\/a.allegroimg.com\/original\/115fce\/1eee64f74b71aa190d72ada0c8d1\/4x-GOODRIDE-SW612-195-80R15-106-104-R 841w,https:\/\/a.allegroimg.com\/original\/115fce\/1eee64f74b71aa190d72ada0c8d1\/4x-GOODRIDE-SW612-195-80R15-106-104-R 920w,https:\/\/a.allegroimg.com\/original\/115fce\/1eee64f74b71aa190d72ada0c8d1\/4x-GOODRIDE-SW612-195-80R15-106-104-R 920w\" sizes=\"(min-width: 1200px) 560px, (min-width: 992px) 50vw, 100vw\" width=\"920px\" alt=\"4x GOODRIDE SW612 195\/80R15 106\/104 R\" style=\"max-width: 100%; height: auto; display: block; margin: 0 auto;\"><\/div>\n<\/div>\n<\/div>\n<\/div>\n<\/div>\n<div style=\"clear: both; display: block; margin: 10px 0;\">\n<div style=\"clear: both; display: block; margin: 10px 0;\">\n<h2>Zimowe opony Dostawcze GOODRIDE SW612 195\/80 R15 106\/104R 106\/104 R<\/h2>\n<p style=\"margin: 15px 0; line-height: 1.8; clear: both; display: block; width: 100%; float: none; position: static;\">Rok produkcji: <b>2025<\/b><\/p>\n<p style=\"margin: 15px 0; line-height: 1.8; clear: both; display: block; width: 100%; float: none; position: static;\">EAN: 6938112608040<\/p>\n<p style=\"margin: 15px 0; line-height: 1.8; clear: both; display: block; width: 100%; float: none; position: static;\">Producent: GOODRIDE<\/p>\n<p style=\"margin: 15px 0; line-height: 1.8; clear: both; display: block; width: 100%; float: none; position: static;\">Klasa: Ekonomiczna<\/p>\n<p style=\"margin: 15px 0; line-height: 1.8; clear: both; display: block; width: 100%; float: none; position: static;\">Model: SW612<\/p>\n<p style=\"margin: 15px 0; line-height: 1.8; clear: both; display: block; width: 100%; float: none; position: static;\">Rozmiar: 195\/80 R15 106\/104R<\/p>\n<p style=\"margin: 15px 0; line-height: 1.8; clear: both; display: block; width: 100%; float: none; position: static;\">Indeks no\u015bno\u015bci: 106\/104<\/p>\n<p style=\"margin: 15px 0; line-height: 1.8; clear: both; display: block; width: 100%; float: none; position: static;\">Indeks pr\u0119dko\u015bci: R<\/p>\n<p style=\"margin: 15px 0; line-height: 1.8; clear: both; display: block; width: 100%; float: none; position: static;\">Ha\u0142as db: 72<\/p>\n<p style=\"margin: 15px 0; line-height: 1.8; clear: both; display: block; width: 100%; float: none; position: static;\">Sezon: Zimowe<\/p>\n<p style=\"margin: 15px 0; line-height: 1.8; clear: both; display: block; width: 100%; float: none; position: static;\">Przeznaczenie: Dostawcze<\/p>\n<p style=\"margin: 15px 0; line-height: 1.8; clear: both; display: block; width: 100%; float: none; position: static;\">* Zdj\u0119cia opon na aukcjach maj\u0105 charakter pogl\u0105dowy. Opony mog\u0105 si\u0119 r\u00f3\u017cni\u0107 od tej prezentowanej na zdj\u0119ciu. (np. mo\u017ce mie\u0107 rant ochronny, wi\u0119cej lub mniej rowk\u00f3w obwodowych, bia\u0142e napisy albo ich brak).<\/p>\n<p style=\"margin: 15px 0; line-height: 1.8; clear: both; display: block; width: 100%; float: none; position: static;\">W sezonie wysy\u0142kowym mog\u0105 nast\u0105pi\u0107 nieznaczne op\u00f3\u017anienia w realizacji i dostawie. Prosz\u0119 mie\u0107 to na uwadze sk\u0142adaj\u0105c zam\u00f3wienie.<\/p>\n<\/div>\n<\/div>\n<\/div>\n<div style=\"clear: both; display: block; margin: 10px 0;\">\n<div style=\"clear: both; display: block; margin: 10px 0;\">\n<div style=\"clear: both; display: block; margin: 10px 0;\">\n<div  style=\"max-width:357px;max-height:164px\">\n<div style=\"clear: both; display: block; margin: 10px 0;\">\n<div style=\"clear: both; width: 100%; display: block; margin: 20px 0; padding: 0; float: none; position: static; text-align: center;\"><img decoding=\"async\"  src=\"https:\/\/a.allegroimg.com\/original\/110c73\/41ecda374da2907656b6e03d5911\/4x-GOODRIDE-SW612-195-80R15-106-104-R-Liczba-opon-w-ofercie-Komplet-4-szt\" srcset=\"https:\/\/a.allegroimg.com\/original\/110c73\/41ecda374da2907656b6e03d5911\/4x-GOODRIDE-SW612-195-80R15-106-104-R-Liczba-opon-w-ofercie-Komplet-4-szt 357w,https:\/\/a.allegroimg.com\/original\/110c73\/41ecda374da2907656b6e03d5911\/4x-GOODRIDE-SW612-195-80R15-106-104-R-Liczba-opon-w-ofercie-Komplet-4-szt 357w\" sizes=\"100vw\" width=\"357px\" alt=\"4x GOODRIDE SW612 195\/80R15 106\/104 R Liczba opon w ofercie Komplet 4 szt.\" style=\"max-width: 100%; height: auto; display: block; margin: 0 auto;\"><\/div>\n<\/div>\n<\/div>\n<\/div>\n<\/div>\n<\/div>\n<div style=\"clear: both; display: block; margin: 10px 0;\">\n<div style=\"clear: both; display: block; margin: 10px 0;\">\n<div style=\"clear: both; display: block; margin: 10px 0;\">\n<p style=\"margin: 15px 0; line-height: 1.8; clear: both; display: block; width: 100%; float: none; position: static;\">Goodride &#8211; gwarancja doskona\u0142ej przyczepno\u015bci na ka\u017cdym kilometrze<\/p>\n<p style=\"margin: 15px 0; line-height: 1.8; clear: both; display: block; width: 100%; float: none; position: static;\">Witaj w fascynuj\u0105cym \u015bwiecie Goodride &#8211; wiod\u0105cego producenta opon, kt\u00f3ry od lat dostarcza niezawodne rozwi\u0105zania dla kierowc\u00f3w na ca\u0142ym \u015bwiecie. Odkryj histori\u0119 marki, jej globaln\u0105 obecno\u015b\u0107 oraz doskona\u0142o\u015b\u0107, kt\u00f3ra sprawia, \u017ce Goodride wyr\u00f3\u017cnia si\u0119 na tle konkurencji.<\/p>\n<p style=\"margin: 15px 0; line-height: 1.8; clear: both; display: block; width: 100%; float: none; position: static;\">Pocz\u0105tki Goodride si\u0119gaj\u0105 lat 80 XX wieku, a ich fundamenty opieraj\u0105 si\u0119 na pasji do motoryzacji i nieustannym d\u0105\u017ceniu do doskona\u0142o\u015bci. Ju\u017c od pierwszego dnia marka postawi\u0142a sobie za cel tworzenie opon, kt\u00f3re spe\u0142niaj\u0105 najwy\u017csze standardy bezpiecze\u0144stwa, trwa\u0142o\u015bci i wydajno\u015bci. To zaanga\u017cowanie w jako\u015b\u0107 przynios\u0142o im uznanie na rynku, a Goodride sta\u0142o si\u0119 nieod\u0142\u0105czn\u0105 cz\u0119\u015bci\u0105 \u015bwiata motoryzacji.<\/p>\n<p style=\"margin: 15px 0; line-height: 1.8; clear: both; display: block; width: 100%; float: none; position: static;\">Wyb\u00f3r nazwy Goodride by\u0142 strategiczny i mia\u0142 na celu przekaza\u0107 klientom warto\u015bci, kt\u00f3rymi firma si\u0119 kieruje. Good (dobry) i Ride (jazda). Ta kombinacja wyra\u017ca dwa istotne aspekty, kt\u00f3re marka chcia\u0142a przekaza\u0107 swoim klientom. Nazwa ta stanowi obietnic\u0119 jako\u015bci, niezawodno\u015bci i przyjemno\u015bci z jazdy. W\u0142a\u015bnie dlatego marka Goodride zyska\u0142a zaufanie klient\u00f3w na ca\u0142ym \u015bwiecie i sta\u0142a si\u0119 rozpoznawaln\u0105 mark\u0105 w bran\u017cy oponiarskiej.<\/p>\n<p style=\"margin: 15px 0; line-height: 1.8; clear: both; display: block; width: 100%; float: none; position: static;\">Firma Goodride oferuje opony dla wielu segment\u00f3w rynku, w tym opony letnie, zimowe, terenowe, sportowe oraz dla pojazd\u00f3w ci\u0119\u017carowych i dostawczych.&nbsp; Niezale\u017cnie od segmentu, Goodride gwarantuje niezawodno\u015b\u0107, trwa\u0142o\u015b\u0107 i doskona\u0142\u0105 przyczepno\u015b\u0107 na drodze, dostarczaj\u0105c niezr\u00f3wnane do\u015bwiadczenia kierowcom. Obecnie produkuje a\u017c 18,5 miliona sztuk opon do samochod\u00f3w osobowych i SUV, 8,9 miliona sztuk opon do samochod\u00f3w ci\u0119\u017carowych i autobus\u00f3w, oraz 200 tysi\u0119cy sztuk opon OTR i rolniczych.<\/p>\n<\/div>\n<\/div>\n<\/div>\n<div style=\"clear: both; display: block; margin: 10px 0;\">\n<div style=\"clear: both; display: block; margin: 10px 0;\">\n<div style=\"clear: both; display: block; margin: 10px 0;\">\n<div  style=\"max-width:1200px;max-height:1758px\">\n<div style=\"clear: both; display: block; margin: 10px 0;\">\n<div style=\"clear: both; width: 100%; display: block; margin: 20px 0; padding: 0; float: none; position: static; text-align: center;\"><img decoding=\"async\"  src=\"https:\/\/a.allegroimg.com\/original\/11a035\/d70d757b43f780c84c51408971d6\/4x-GOODRIDE-SW612-195-80R15-106-104-R-Rok-produkcji-2025\" srcset=\"https:\/\/a.allegroimg.com\/original\/11a035\/d70d757b43f780c84c51408971d6\/4x-GOODRIDE-SW612-195-80R15-106-104-R-Rok-produkcji-2025 245w,https:\/\/a.allegroimg.com\/original\/11a035\/d70d757b43f780c84c51408971d6\/4x-GOODRIDE-SW612-195-80R15-106-104-R-Rok-produkcji-2025 491w,https:\/\/a.allegroimg.com\/original\/11a035\/d70d757b43f780c84c51408971d6\/4x-GOODRIDE-SW612-195-80R15-106-104-R-Rok-produkcji-2025 698w,https:\/\/a.allegroimg.com\/original\/11a035\/d70d757b43f780c84c51408971d6\/4x-GOODRIDE-SW612-195-80R15-106-104-R-Rok-produkcji-2025 982w,https:\/\/a.allegroimg.com\/original\/11a035\/d70d757b43f780c84c51408971d6\/4x-GOODRIDE-SW612-195-80R15-106-104-R-Rok-produkcji-2025 1200w\" sizes=\"(min-width: 1200px) 560px, (min-width: 992px) 50vw, 100vw\" width=\"1200px\" alt=\"4x GOODRIDE SW612 195\/80R15 106\/104 R Rok produkcji 2025\" style=\"max-width: 100%; height: auto; display: block; margin: 0 auto;\"><\/div>\n<\/div>\n<\/div>\n<\/div>\n<\/div>\n<div style=\"clear: both; display: block; margin: 10px 0;\">\n<div style=\"clear: both; display: block; margin: 10px 0;\">\n<h3 style=\"color: #2c5aa0; font-size: 18px; margin: 30px 0 15px 0; font-weight: bold; clear: both; display: block; width: 100%; float: none; position: static;\">Dlaczego warto kupowa\u0107 u nas?<\/h3>\n<p style=\"margin: 15px 0; line-height: 1.8; clear: both; display: block; width: 100%; float: none; position: static;\">Nasza firma dzia\u0142a na rynku ju\u017c od 2007 roku, dlatego mamy naprawd\u0119 bogate do\u015bwiadczenie w tym, co robimy.<\/p>\n<p style=\"margin: 15px 0; line-height: 1.8; clear: both; display: block; width: 100%; float: none; position: static;\">Oferujemy Pa\u0144stwu szeroki asortyment towar\u00f3w i stale pracujemy nad jego poszerzaniem.<\/p>\n<p style=\"margin: 15px 0; line-height: 1.8; clear: both; display: block; width: 100%; float: none; position: static;\">W naszej ofercie ka\u017cdy znajdzie co\u015b dla siebie, zar\u00f3wno wymagaj\u0105cy klient, jak r\u00f3wnie\u017c ten, kt\u00f3ry chce zaoszcz\u0119dzi\u0107.<\/p>\n<p style=\"margin: 15px 0; line-height: 1.8; clear: both; display: block; width: 100%; float: none; position: static;\">Zakupy mo\u017cna u nas robi\u0107 spokojnie i z zaufaniem.<\/p>\n<p style=\"margin: 15px 0; line-height: 1.8; clear: both; display: block; width: 100%; float: none; position: static;\">Je\u015bli z jakiego\u015b powodu nie b\u0119dziesz zadowolony z naszego towaru, mo\u017cna go zwr\u00f3ci\u0107 w ci\u0105gu 14 dni bez podania przyczyny, a my zwr\u00f3cimy pieni\u0105dze.<\/p>\n<p style=\"margin: 15px 0; line-height: 1.8; clear: both; display: block; width: 100%; float: none; position: static;\">W razie jakichkolwiek problem\u00f3w do dyspozycji s\u0105 r\u00f3wnie\u017c nasi operatorzy z\u202fDzia\u0142u Obs\u0142ugi Klienta.<\/p>\n<\/div>\n<\/div>\n<\/div>\n<\/div>\n<\/div>\n<\/div>\n<div style=\"clear: both; display: block; margin: 10px 0;\">\n","protected":false},"excerpt":{"rendered":"<p>4x GOODRIDE SW612 195\/80R15 106\/104 R<\/p>\n<p>Zimowe opony Dostawcze GOODRIDE SW612 195\/80 R15 106\/104R 106\/104 R<\/p>\n<p>Rok produkcji: 2025<\/p>\n<p>EAN: 6938112608040<\/p>\n<p>Producent: GOODRIDE<\/p>\n<p>Klasa: Ekonomiczna<\/p>\n<p>Model: SW612<\/p>\n<p>Rozmiar: 195\/80 R15 106\/104R<\/p>\n","protected":false},"featured_media":15426,"template":"","meta":{"_uag_custom_page_level_css":""},"product_brand":[379],"product_cat":[417,413,412,415],"product_tag":[],"class_list":{"0":"post-15425","1":"product","2":"type-product","3":"status-publish","4":"has-post-thumbnail","6":"product_brand-goodride","7":"product_cat-do-samochodow-dostawczych","8":"product_cat-opony","9":"product_cat-opony-i-felgi","10":"product_cat-zimowe","12":"first","13":"instock","14":"shipping-taxable","15":"purchasable","16":"product-type-simple"},"uagb_featured_image_src":{"full":["https:\/\/oponixo.shop\/tire\/wp-content\/uploads\/2026\/01\/allegro-image-15425.jpg",920,1120,false],"thumbnail":["https:\/\/oponixo.shop\/tire\/wp-content\/uploads\/2026\/01\/allegro-image-15425-150x150.jpg",150,150,true],"medium":["https:\/\/oponixo.shop\/tire\/wp-content\/uploads\/2026\/01\/allegro-image-15425-246x300.jpg",246,300,true],"medium_large":["https:\/\/oponixo.shop\/tire\/wp-content\/uploads\/2026\/01\/allegro-image-15425-768x935.jpg",768,935,true],"large":["https:\/\/oponixo.shop\/tire\/wp-content\/uploads\/2026\/01\/allegro-image-15425-841x1024.jpg",841,1024,true],"1536x1536":["https:\/\/oponixo.shop\/tire\/wp-content\/uploads\/2026\/01\/allegro-image-15425.jpg",920,1120,false],"2048x2048":["https:\/\/oponixo.shop\/tire\/wp-content\/uploads\/2026\/01\/allegro-image-15425.jpg",920,1120,false],"woocommerce_thumbnail":["https:\/\/oponixo.shop\/tire\/wp-content\/uploads\/2026\/01\/allegro-image-15425-300x300.jpg",300,300,true],"woocommerce_single":["https:\/\/oponixo.shop\/tire\/wp-content\/uploads\/2026\/01\/allegro-image-15425-600x730.jpg",600,730,true],"woocommerce_gallery_thumbnail":["https:\/\/oponixo.shop\/tire\/wp-content\/uploads\/2026\/01\/allegro-image-15425-100x100.jpg",100,100,true]},"uagb_author_info":{"display_name":"admin","author_link":"https:\/\/oponixo.shop\/tire\/author\/"},"uagb_comment_info":0,"uagb_excerpt":"4x GOODRIDE SW612 195\/80R15 106\/104 R Zimowe opony Dostawcze GOODRIDE SW612 195\/80 R15 106\/104R 106\/104 R Rok produkcji: 2025 EAN: 6938112608040 Producent: GOODRIDE Klasa: Ekonomiczna Model: SW612 Rozmiar: 195\/80 R15 106\/104R","_links":{"self":[{"href":"https:\/\/oponixo.shop\/tire\/wp-json\/wp\/v2\/product\/15425","targetHints":{"allow":["GET"]}}],"collection":[{"href":"https:\/\/oponixo.shop\/tire\/wp-json\/wp\/v2\/product"}],"about":[{"href":"https:\/\/oponixo.shop\/tire\/wp-json\/wp\/v2\/types\/product"}],"wp:featuredmedia":[{"embeddable":true,"href":"https:\/\/oponixo.shop\/tire\/wp-json\/wp\/v2\/media\/15426"}],"wp:attachment":[{"href":"https:\/\/oponixo.shop\/tire\/wp-json\/wp\/v2\/media?parent=15425"}],"wp:term":[{"taxonomy":"product_brand","embeddable":true,"href":"https:\/\/oponixo.shop\/tire\/wp-json\/wp\/v2\/product_brand?post=15425"},{"taxonomy":"product_cat","embeddable":true,"href":"https:\/\/oponixo.shop\/tire\/wp-json\/wp\/v2\/product_cat?post=15425"},{"taxonomy":"product_tag","embeddable":true,"href":"https:\/\/oponixo.shop\/tire\/wp-json\/wp\/v2\/product_tag?post=15425"}],"curies":[{"name":"wp","href":"https:\/\/api.w.org\/{rel}","templated":true}]}}