{"id":15433,"date":"2026-01-16T02:42:32","date_gmt":"2026-01-16T01:42:32","guid":{"rendered":"https:\/\/oponyauto.shop\/xef5\/produkt\/2x-opony-195-80r15-falken-wild-peak-a-t-at3wa-96h\/"},"modified":"2026-01-16T02:42:33","modified_gmt":"2026-01-16T01:42:33","slug":"2x-opony-195-80r15-falken-wild-peak-a-t-at3wa-96h","status":"publish","type":"product","link":"https:\/\/oponixo.shop\/tire\/produkt\/2x-opony-195-80r15-falken-wild-peak-a-t-at3wa-96h\/","title":{"rendered":"2x opony 195\/80R15 FALKEN WILD PEAK A\/T AT3WA 96H"},"content":{"rendered":"<div style=\"font-family: Arial, sans-serif; line-height: 1.6; color: #333; padding: 20px; clear: both; display: block; width: 100%; float: none; position: static; overflow: hidden;\">\n<div style=\"clear: both; display: block; margin: 10px 0;\">\n<div style=\"clear: both; display: block; margin: 10px 0;\">\n<div style=\"clear: both; display: block; margin: 10px 0;\">\n<h2>Opona ca\u0142oroczna Falken WILDPEAK A\/T AT3WA 195\/80R15 96 H przyczepno\u015b\u0107 na \u015bniegu (3PMSF)<\/h2>\n<p style=\"margin: 15px 0; line-height: 1.8; clear: both; display: block; width: 100%; float: none; position: static;\">Opona ca\u0142oroczna Falken Wild Peak A\/T AT3WA 195\/80R15 96 H<\/p>\n<p style=\"margin: 15px 0; line-height: 1.8; clear: both; display: block; width: 100%; float: none; position: static;\">Cechy produktu:<\/p>\n<ul style=\"margin: 15px 0; padding-left: 20px; clear: both; display: block; width: 100%; float: none; position: static;\">\n<li style=\"margin: 5px 0; padding: 2px 0; clear: both; display: list-item; float: none; position: static;\">sezon: ca\u0142oroczne<\/li>\n<li style=\"margin: 5px 0; padding: 2px 0; clear: both; display: list-item; float: none; position: static;\">szeroko\u015b\u0107\/profil\/\u015brednica: 195\/80R15<\/li>\n<li style=\"margin: 5px 0; padding: 2px 0; clear: both; display: list-item; float: none; position: static;\">indeks no\u015bno\u015bci: 96 &#8211; 710 kg<\/li>\n<li style=\"margin: 5px 0; padding: 2px 0; clear: both; display: list-item; float: none; position: static;\">indeks pr\u0119dko\u015bci: H do 210 km\/h<\/li>\n<li style=\"margin: 5px 0; padding: 2px 0; clear: both; display: list-item; float: none; position: static;\">op\u00f3r toczenia:<\/li>\n<li style=\"margin: 5px 0; padding: 2px 0; clear: both; display: list-item; float: none; position: static;\">hamowanie na mokrej nawierzchni:<\/li>\n<li style=\"margin: 5px 0; padding: 2px 0; clear: both; display: list-item; float: none; position: static;\">ha\u0142as zewn\u0119trzny:<\/li>\n<\/ul>\n<\/div>\n<\/div>\n<div style=\"clear: both; display: block; margin: 10px 0;\">\n<div style=\"clear: both; display: block; margin: 10px 0;\">\n<div  style=\"max-width:1024px;max-height:1024px\">\n<div style=\"clear: both; display: block; margin: 10px 0;\">\n<div style=\"clear: both; width: 100%; display: block; margin: 20px 0; padding: 0; float: none; position: static; text-align: center;\"><img decoding=\"async\"  src=\"https:\/\/a.allegroimg.com\/original\/009e54\/b66c108746f698a7ad055669ebe5\/2x-opony-195-80R15-FALKEN-WILD-PEAK-A-T-AT3WA-96H\" srcset=\"https:\/\/a.allegroimg.com\/original\/009e54\/b66c108746f698a7ad055669ebe5\/2x-opony-195-80R15-FALKEN-WILD-PEAK-A-T-AT3WA-96H 360w,https:\/\/a.allegroimg.com\/original\/009e54\/b66c108746f698a7ad055669ebe5\/2x-opony-195-80R15-FALKEN-WILD-PEAK-A-T-AT3WA-96H 720w,https:\/\/a.allegroimg.com\/original\/009e54\/b66c108746f698a7ad055669ebe5\/2x-opony-195-80R15-FALKEN-WILD-PEAK-A-T-AT3WA-96H 1024w,https:\/\/a.allegroimg.com\/original\/009e54\/b66c108746f698a7ad055669ebe5\/2x-opony-195-80R15-FALKEN-WILD-PEAK-A-T-AT3WA-96H 1024w\" sizes=\"(min-width: 1200px) 560px, (min-width: 992px) 50vw, 100vw\" width=\"1024px\" alt=\"2x opony 195\/80R15 FALKEN WILD PEAK A\/T AT3WA 96H\" style=\"max-width: 100%; height: auto; display: block; margin: 0 auto;\"><\/div>\n<\/div>\n<\/div>\n<\/div>\n<\/div>\n<\/div>\n<div style=\"clear: both; display: block; margin: 10px 0;\">\n<div style=\"clear: both; display: block; margin: 10px 0;\">\n<div style=\"clear: both; display: block; margin: 10px 0;\">\n<h3 style=\"color: #2c5aa0; font-size: 18px; margin: 30px 0 15px 0; font-weight: bold; clear: both; display: block; width: 100%; float: none; position: static;\">Informacje dodatkowe:<\/h3>\n<ul style=\"margin: 15px 0; padding-left: 20px; clear: both; display: block; width: 100%; float: none; position: static;\">\n<li style=\"margin: 5px 0; padding: 2px 0; clear: both; display: list-item; float: none; position: static;\">rok produkcji: 2024\/2025 (kupuj\u0105c z tej oferty otrzymasz opony fabrycznie nowe, pe\u0142nowarto\u015bciowe) <\/li>\n<li style=\"margin: 5px 0; padding: 2px 0; clear: both; display: list-item; float: none; position: static;\">stan: fabrycznie nowe <\/li>\n<\/ul>\n<\/div>\n<\/div>\n<\/div>\n<div style=\"clear: both; display: block; margin: 10px 0;\">\n<div style=\"clear: both; display: block; margin: 10px 0;\">\n<div style=\"clear: both; display: block; margin: 10px 0;\">\n<div  style=\"max-width:1024px;max-height:1024px\">\n<div style=\"clear: both; display: block; margin: 10px 0;\">\n<div style=\"clear: both; width: 100%; display: block; margin: 20px 0; padding: 0; float: none; position: static; text-align: center;\"><img decoding=\"async\"  src=\"https:\/\/a.allegroimg.com\/original\/009e54\/b66c108746f698a7ad055669ebe5\/2x-opony-195-80R15-FALKEN-WILD-PEAK-A-T-AT3WA-96H\" srcset=\"https:\/\/a.allegroimg.com\/original\/009e54\/b66c108746f698a7ad055669ebe5\/2x-opony-195-80R15-FALKEN-WILD-PEAK-A-T-AT3WA-96H 360w,https:\/\/a.allegroimg.com\/original\/009e54\/b66c108746f698a7ad055669ebe5\/2x-opony-195-80R15-FALKEN-WILD-PEAK-A-T-AT3WA-96H 720w,https:\/\/a.allegroimg.com\/original\/009e54\/b66c108746f698a7ad055669ebe5\/2x-opony-195-80R15-FALKEN-WILD-PEAK-A-T-AT3WA-96H 1024w,https:\/\/a.allegroimg.com\/original\/009e54\/b66c108746f698a7ad055669ebe5\/2x-opony-195-80R15-FALKEN-WILD-PEAK-A-T-AT3WA-96H 1024w\" sizes=\"100vw\" width=\"1024px\" alt=\"2x opony 195\/80R15 FALKEN WILD PEAK A\/T AT3WA 96H\" style=\"max-width: 100%; height: auto; display: block; margin: 0 auto;\"><\/div>\n<\/div>\n<\/div>\n<\/div>\n<\/div>\n<\/div>\n<\/div>\n<\/div>\n<\/div>\n<div style=\"clear: both; display: block; margin: 10px 0;\">\n","protected":false},"excerpt":{"rendered":"<p>Opona ca\u0142oroczna Falken WILDPEAK A\/T AT3WA 195\/80R15 96 H przyczepno\u015b\u0107 na \u015bniegu (3PMSF)<\/p>\n<p>Opona ca\u0142oroczna Falken Wild Peak A\/T AT3WA 195\/80R15 96 H<\/p>\n<p>Cechy produktu:<\/p>\n<p>sezon: ca\u0142oroczne<\/p>\n<p>szeroko\u015b\u0107\/profil\/\u015brednica: 195\/80R15<\/p>\n<p>indeks no\u015bno\u015bci: 96 &#8211; 710 kg<\/p>\n<p>indeks pr\u0119dko\u015bci: H do 210 km\/h<\/p>\n<p>op\u00f3r toczenia:<\/p>\n","protected":false},"featured_media":15434,"template":"","meta":{"_uag_custom_page_level_css":""},"product_brand":[451],"product_cat":[416,428,413,412],"product_tag":[],"class_list":{"0":"post-15433","1":"product","2":"type-product","3":"status-publish","4":"has-post-thumbnail","6":"product_brand-falken","7":"product_cat-caloroczne","8":"product_cat-do-samochodow-terenowych-i-4x4","9":"product_cat-opony","10":"product_cat-opony-i-felgi","12":"first","13":"instock","14":"shipping-taxable","15":"purchasable","16":"product-type-simple"},"uagb_featured_image_src":{"full":["https:\/\/oponixo.shop\/tire\/wp-content\/uploads\/2026\/01\/allegro-image-15433.jpg",1024,1024,false],"thumbnail":["https:\/\/oponixo.shop\/tire\/wp-content\/uploads\/2026\/01\/allegro-image-15433-150x150.jpg",150,150,true],"medium":["https:\/\/oponixo.shop\/tire\/wp-content\/uploads\/2026\/01\/allegro-image-15433-300x300.jpg",300,300,true],"medium_large":["https:\/\/oponixo.shop\/tire\/wp-content\/uploads\/2026\/01\/allegro-image-15433-768x768.jpg",768,768,true],"large":["https:\/\/oponixo.shop\/tire\/wp-content\/uploads\/2026\/01\/allegro-image-15433.jpg",1024,1024,false],"1536x1536":["https:\/\/oponixo.shop\/tire\/wp-content\/uploads\/2026\/01\/allegro-image-15433.jpg",1024,1024,false],"2048x2048":["https:\/\/oponixo.shop\/tire\/wp-content\/uploads\/2026\/01\/allegro-image-15433.jpg",1024,1024,false],"woocommerce_thumbnail":["https:\/\/oponixo.shop\/tire\/wp-content\/uploads\/2026\/01\/allegro-image-15433-300x300.jpg",300,300,true],"woocommerce_single":["https:\/\/oponixo.shop\/tire\/wp-content\/uploads\/2026\/01\/allegro-image-15433-600x600.jpg",600,600,true],"woocommerce_gallery_thumbnail":["https:\/\/oponixo.shop\/tire\/wp-content\/uploads\/2026\/01\/allegro-image-15433-100x100.jpg",100,100,true]},"uagb_author_info":{"display_name":"admin","author_link":"https:\/\/oponixo.shop\/tire\/author\/"},"uagb_comment_info":0,"uagb_excerpt":"Opona ca\u0142oroczna Falken WILDPEAK A\/T AT3WA 195\/80R15 96 H przyczepno\u015b\u0107 na \u015bniegu (3PMSF) Opona ca\u0142oroczna Falken Wild Peak A\/T AT3WA 195\/80R15 96 H Cechy produktu: sezon: ca\u0142oroczne szeroko\u015b\u0107\/profil\/\u015brednica: 195\/80R15 indeks no\u015bno\u015bci: 96 - 710 kg indeks pr\u0119dko\u015bci: H do 210 km\/h op\u00f3r toczenia:","_links":{"self":[{"href":"https:\/\/oponixo.shop\/tire\/wp-json\/wp\/v2\/product\/15433","targetHints":{"allow":["GET"]}}],"collection":[{"href":"https:\/\/oponixo.shop\/tire\/wp-json\/wp\/v2\/product"}],"about":[{"href":"https:\/\/oponixo.shop\/tire\/wp-json\/wp\/v2\/types\/product"}],"wp:featuredmedia":[{"embeddable":true,"href":"https:\/\/oponixo.shop\/tire\/wp-json\/wp\/v2\/media\/15434"}],"wp:attachment":[{"href":"https:\/\/oponixo.shop\/tire\/wp-json\/wp\/v2\/media?parent=15433"}],"wp:term":[{"taxonomy":"product_brand","embeddable":true,"href":"https:\/\/oponixo.shop\/tire\/wp-json\/wp\/v2\/product_brand?post=15433"},{"taxonomy":"product_cat","embeddable":true,"href":"https:\/\/oponixo.shop\/tire\/wp-json\/wp\/v2\/product_cat?post=15433"},{"taxonomy":"product_tag","embeddable":true,"href":"https:\/\/oponixo.shop\/tire\/wp-json\/wp\/v2\/product_tag?post=15433"}],"curies":[{"name":"wp","href":"https:\/\/api.w.org\/{rel}","templated":true}]}}