{"id":15437,"date":"2026-01-16T02:42:33","date_gmt":"2026-01-16T01:42:33","guid":{"rendered":"https:\/\/oponyauto.shop\/xef5\/produkt\/2x-nexen-195-80r15-107-105n-nblue-4season-van-c-caloroczne-2024-r\/"},"modified":"2026-01-16T02:42:34","modified_gmt":"2026-01-16T01:42:34","slug":"2x-nexen-195-80r15-107-105n-nblue-4season-van-c-caloroczne-2024-r","status":"publish","type":"product","link":"https:\/\/oponixo.shop\/tire\/produkt\/2x-nexen-195-80r15-107-105n-nblue-4season-van-c-caloroczne-2024-r\/","title":{"rendered":"2x NEXEN 195\/80R15 107\/105N N&#8217;blue 4Season Van C ca\u0142oroczne 2024 r"},"content":{"rendered":"<div style=\"font-family: Arial, sans-serif; line-height: 1.6; color: #333; padding: 20px; clear: both; display: block; width: 100%; float: none; position: static; overflow: hidden;\">\n<div style=\"clear: both; display: block; margin: 10px 0;\">\n<div style=\"clear: both; display: block; margin: 10px 0;\">\n<div style=\"clear: both; display: block; margin: 10px 0;\">\n<h1>Rok produkcji: 2024<\/h1>\n<\/div>\n<\/div>\n<\/div>\n<div style=\"clear: both; display: block; margin: 10px 0;\">\n<div style=\"clear: both; display: block; margin: 10px 0;\">\n<div style=\"clear: both; display: block; margin: 10px 0;\">\n<div  style=\"max-width:1200px;max-height:1126px\">\n<div style=\"clear: both; display: block; margin: 10px 0;\">\n<div style=\"clear: both; width: 100%; display: block; margin: 20px 0; padding: 0; float: none; position: static; text-align: center;\"><img decoding=\"async\"  src=\"https:\/\/a.allegroimg.com\/original\/116718\/60815aee4da1ad69a01b75605df1\/2x-NEXEN-195-80R15-107-105N-N-blue-4Season-Van-C-caloroczne-2024-r\" srcset=\"https:\/\/a.allegroimg.com\/original\/116718\/60815aee4da1ad69a01b75605df1\/2x-NEXEN-195-80R15-107-105N-N-blue-4Season-Van-C-caloroczne-2024-r 360w,https:\/\/a.allegroimg.com\/original\/116718\/60815aee4da1ad69a01b75605df1\/2x-NEXEN-195-80R15-107-105N-N-blue-4Season-Van-C-caloroczne-2024-r 720w,https:\/\/a.allegroimg.com\/original\/116718\/60815aee4da1ad69a01b75605df1\/2x-NEXEN-195-80R15-107-105N-N-blue-4Season-Van-C-caloroczne-2024-r 1024w,https:\/\/a.allegroimg.com\/original\/116718\/60815aee4da1ad69a01b75605df1\/2x-NEXEN-195-80R15-107-105N-N-blue-4Season-Van-C-caloroczne-2024-r 1200w,https:\/\/a.allegroimg.com\/original\/116718\/60815aee4da1ad69a01b75605df1\/2x-NEXEN-195-80R15-107-105N-N-blue-4Season-Van-C-caloroczne-2024-r 1200w\" sizes=\"(min-width: 1200px) 560px, (min-width: 992px) 50vw, 100vw\" width=\"1200px\" alt=\"2x NEXEN 195\/80R15 107\/105N N'blue 4Season Van C ca\u0142oroczne 2024 r\" style=\"max-width: 100%; height: auto; display: block; margin: 0 auto;\"><\/div>\n<\/div>\n<\/div>\n<\/div>\n<\/div>\n<div style=\"clear: both; display: block; margin: 10px 0;\">\n<div style=\"clear: both; display: block; margin: 10px 0;\">\n<h1>NEXEN N&#8217;Blue 4Season Van 195\/80R15 107\/105N C<\/h1>\n<h2>G0O6HF<\/h2>\n<ul style=\"margin: 15px 0; padding-left: 20px; clear: both; display: block; width: 100%; float: none; position: static;\">\n<li style=\"margin: 5px 0; padding: 2px 0; clear: both; display: list-item; float: none; position: static;\"><b>Data produkcji :<\/b> 2024<\/li>\n<li style=\"margin: 5px 0; padding: 2px 0; clear: both; display: list-item; float: none; position: static;\"><b>Hamowanie na mokrej nawierzchni :<\/b> C<\/li>\n<li style=\"margin: 5px 0; padding: 2px 0; clear: both; display: list-item; float: none; position: static;\"><b>Indeks :<\/b> 195\/80R15 CDNE 107N NB4SV, 195\/80R15 CDNE 107N NB4SV<\/li>\n<li style=\"margin: 5px 0; padding: 2px 0; clear: both; display: list-item; float: none; position: static;\"><b>Indeks no\u015bno\u015bci :<\/b> 107\/105<\/li>\n<li style=\"margin: 5px 0; padding: 2px 0; clear: both; display: list-item; float: none; position: static;\"><b>Indeks pr\u0119dko\u015bci :<\/b> N &#8211; 140 km\/h<\/li>\n<li style=\"margin: 5px 0; padding: 2px 0; clear: both; display: list-item; float: none; position: static;\"><b>Karta informacyjna produktu :<\/b> https:\/\/eprel.ec.europa.eu\/qr\/430524<\/li>\n<li style=\"margin: 5px 0; padding: 2px 0; clear: both; display: list-item; float: none; position: static;\"><b>Kl. efekt. paliwowej :<\/b> D<\/li>\n<li style=\"margin: 5px 0; padding: 2px 0; clear: both; display: list-item; float: none; position: static;\"><b>Kl. przycz. na mokrej naw. :<\/b> C<\/li>\n<li style=\"margin: 5px 0; padding: 2px 0; clear: both; display: list-item; float: none; position: static;\"><b>Kl. zew. ha\u0142asu tocz. :<\/b> B<\/li>\n<li style=\"margin: 5px 0; padding: 2px 0; clear: both; display: list-item; float: none; position: static;\"><b>Klasa opony :<\/b> \u015brednia<\/li>\n<li style=\"margin: 5px 0; padding: 2px 0; clear: both; display: list-item; float: none; position: static;\"><b>Kod EAN :<\/b> 8807622200946<\/li>\n<li style=\"margin: 5px 0; padding: 2px 0; clear: both; display: list-item; float: none; position: static;\"><b>Kod producenta :<\/b> 18331NXC<\/li>\n<li style=\"margin: 5px 0; padding: 2px 0; clear: both; display: list-item; float: none; position: static;\"><b>Liczba decybeli :<\/b> 73 dB<\/li>\n<li style=\"margin: 5px 0; padding: 2px 0; clear: both; display: list-item; float: none; position: static;\"><b>Model bie\u017cnika :<\/b> N&#8217;blue 4Season Van<\/li>\n<li style=\"margin: 5px 0; padding: 2px 0; clear: both; display: list-item; float: none; position: static;\"><b>Nazwa produktu :<\/b> NEXEN 195\/80R15 107\/105N N&#8217;blue 4Season Van C ca\u0142oroczne<\/li>\n<li style=\"margin: 5px 0; padding: 2px 0; clear: both; display: list-item; float: none; position: static;\"><b>No\u015bno\u015b\u0107 opony :<\/b> C<\/li>\n<li style=\"margin: 5px 0; padding: 2px 0; clear: both; display: list-item; float: none; position: static;\"><b>Op\u00f3r toczenia :<\/b> E<\/li>\n<li style=\"margin: 5px 0; padding: 2px 0; clear: both; display: list-item; float: none; position: static;\"><b>Poziom emisji ha\u0142asu :<\/b> 2<\/li>\n<li style=\"margin: 5px 0; padding: 2px 0; clear: both; display: list-item; float: none; position: static;\"><b>Producent :<\/b> NEXEN<\/li>\n<li style=\"margin: 5px 0; padding: 2px 0; clear: both; display: list-item; float: none; position: static;\"><b>Profil :<\/b> 80<\/li>\n<li style=\"margin: 5px 0; padding: 2px 0; clear: both; display: list-item; float: none; position: static;\"><b>Przeznaczenie :<\/b> samochody dostawcze<\/li>\n<li style=\"margin: 5px 0; padding: 2px 0; clear: both; display: list-item; float: none; position: static;\"><b>Przyczepno\u015b\u0107 na lodzie :<\/b> Nie<\/li>\n<li style=\"margin: 5px 0; padding: 2px 0; clear: both; display: list-item; float: none; position: static;\"><b>Przyczepno\u015b\u0107 na \u015bniegu :<\/b> Tak<\/li>\n<li style=\"margin: 5px 0; padding: 2px 0; clear: both; display: list-item; float: none; position: static;\"><b>QR kod :<\/b> https:\/\/eprel.ec.europa.eu\/qr\/430524<\/li>\n<li style=\"margin: 5px 0; padding: 2px 0; clear: both; display: list-item; float: none; position: static;\"><b>Sezon :<\/b> ca\u0142oroczna<\/li>\n<li style=\"margin: 5px 0; padding: 2px 0; clear: both; display: list-item; float: none; position: static;\"><b>\u015arednica :<\/b> 15&#8243;<\/li>\n<li style=\"margin: 5px 0; padding: 2px 0; clear: both; display: list-item; float: none; position: static;\"><b>Szeroko\u015b\u0107 :<\/b> 195<\/li>\n<li style=\"margin: 5px 0; padding: 2px 0; clear: both; display: list-item; float: none; position: static;\"><b>Wart. pom. i kl. zew. ha\u0142asu tocz. [dB] :<\/b> 73<\/li>\n<\/ul>\n<\/div>\n<\/div>\n<\/div>\n<div style=\"clear: both; display: block; margin: 10px 0;\">\n<div style=\"clear: both; display: block; margin: 10px 0;\">\n<div style=\"clear: both; display: block; margin: 10px 0;\">\n<p style=\"margin: 15px 0; line-height: 1.8; clear: both; display: block; width: 100%; float: none; position: static;\"> NEXEN N&amp;#39;blue 4Season Van to ca\u0142oroczna opona klasy medium przeznaczona po lekkich pojazd\u00f3w ci\u0119\u017carowych, aut dostawczych i ci\u0119\u017cszych samochod\u00f3w roboczych, kt\u00f3re ze wzgl\u0119du na swoje zapracowanie, musz\u0105 by\u0107 gotowe na ka\u017cde warunki pogodowe. <\/p>\n<p style=\"margin: 15px 0; line-height: 1.8; clear: both; display: block; width: 100%; float: none; position: static;\"> Zimowy wz\u00f3r rze\u017aby bie\u017cnika z licznymi klockami i kraw\u0119dziami interakcyjnymi, pokrytymi sieci\u0105 lamelek \u015bnie\u017cnych, dba o bezpiecze\u0144stwo i niezawodn\u0105, p\u0142ynn\u0105 jazd\u0119 w sezonie zimowym. Wyra\u017any 4-strefowy podzia\u0142 z usztywnion\u0105 stref\u0105 centraln\u0105 oraz wzmocnionymi obszarami barkowymi dostarcza jeszcze wi\u0119kszej stabilno\u015bci na suchych, mokrych, \u015bliskich i o\u015bnie\u017conych drogach. <\/p>\n<p style=\"margin: 15px 0; line-height: 1.8; clear: both; display: block; width: 100%; float: none; position: static;\"> Specjalna mieszanka gumowa na bazie nanokomponent\u00f3w utrzymuje swoje doskonale w\u0142a\u015bciwo\u015bci szerokim zakresie temperatur, co umo\u017cliwia bezpieczne poruszanie si\u0119 zar\u00f3wno w porach jesienno- zimowych jak i wiosenno &#8211; letnich sezonach pe\u0142nego nas\u0142onecznienia i rozgrzanych nawierzchni. <\/p>\n<p style=\"margin: 15px 0; line-height: 1.8; clear: both; display: block; width: 100%; float: none; position: static;\"> Zoptymalizowana \u015bciana boczna oraz wi\u0119ksza strefa kontaktu opony z pod\u0142o\u017cem, wspieraj\u0105 utrzymanie zr\u00f3wnowa\u017conej wydajno\u015bci jezdnej i osi\u0105g\u00f3w przy za\u0142adowaniu pojazdu dodatkowym obci\u0105\u017ceniem. Opona doskonale rozumie specyfik\u0119 pojazd\u00f3w dostawczych oraz aut przystosowanych do przewozu os\u00f3b. <\/p>\n<p style=\"margin: 15px 0; line-height: 1.8; clear: both; display: block; width: 100%; float: none; position: static;\"> Sie\u0107 rowkowania obwodowego oraz kanalik\u00f3w poprzecznych skutecznie i szybko odprowadza wod\u0119 i b\u0142oto po\u015bniegowe z przestrzeni bie\u017cnika, skracaj\u0105c drog\u0119 hamowania w niesprzyjaj\u0105cych warunkach i chroni\u0105c przed wyst\u0105pieniem aquaplaningu. <\/p>\n<p style=\"margin: 15px 0; line-height: 1.8; clear: both; display: block; width: 100%; float: none; position: static;\"> NEXEN N&amp;#39;blue 4Season Van to r\u00f3wnowaga w osi\u0105gach na mokrych i suchych nawierzchniach o ka\u017cdej porze roku. <\/p>\n<\/div>\n<\/div>\n<div style=\"clear: both; display: block; margin: 10px 0;\">\n<div style=\"clear: both; display: block; margin: 10px 0;\">\n<div  style=\"max-width:886px;max-height:1299px\">\n<div style=\"clear: both; display: block; margin: 10px 0;\">\n<div style=\"clear: both; width: 100%; display: block; margin: 20px 0; padding: 0; float: none; position: static; text-align: center;\"><img decoding=\"async\"  src=\"https:\/\/a.allegroimg.com\/original\/11c7f8\/85e51b3c4e2e9c33bcd2a23b36f6\/2x-NEXEN-195-80R15-107-105N-N-blue-4Season-Van-C-caloroczne-2024-r-Srednica-15\" srcset=\"https:\/\/a.allegroimg.com\/original\/11c7f8\/85e51b3c4e2e9c33bcd2a23b36f6\/2x-NEXEN-195-80R15-107-105N-N-blue-4Season-Van-C-caloroczne-2024-r-Srednica-15 245w,https:\/\/a.allegroimg.com\/original\/11c7f8\/85e51b3c4e2e9c33bcd2a23b36f6\/2x-NEXEN-195-80R15-107-105N-N-blue-4Season-Van-C-caloroczne-2024-r-Srednica-15 491w,https:\/\/a.allegroimg.com\/original\/11c7f8\/85e51b3c4e2e9c33bcd2a23b36f6\/2x-NEXEN-195-80R15-107-105N-N-blue-4Season-Van-C-caloroczne-2024-r-Srednica-15 698w,https:\/\/a.allegroimg.com\/original\/11c7f8\/85e51b3c4e2e9c33bcd2a23b36f6\/2x-NEXEN-195-80R15-107-105N-N-blue-4Season-Van-C-caloroczne-2024-r-Srednica-15 886w,https:\/\/a.allegroimg.com\/original\/11c7f8\/85e51b3c4e2e9c33bcd2a23b36f6\/2x-NEXEN-195-80R15-107-105N-N-blue-4Season-Van-C-caloroczne-2024-r-Srednica-15 886w\" sizes=\"(min-width: 1200px) 560px, (min-width: 992px) 50vw, 100vw\" width=\"886px\" alt=\"2x NEXEN 195\/80R15 107\/105N N'blue 4Season Van C ca\u0142oroczne 2024 r \u015arednica 15&quot;\" style=\"max-width: 100%; height: auto; display: block; margin: 0 auto;\"><\/div>\n<\/div>\n<\/div>\n<\/div>\n<\/div>\n<\/div>\n<div style=\"clear: both; display: block; margin: 10px 0;\">\n<div style=\"clear: both; display: block; margin: 10px 0;\">\n<div style=\"clear: both; display: block; margin: 10px 0;\">\n<p style=\"margin: 15px 0; line-height: 1.8; clear: both; display: block; width: 100%; float: none; position: static;\">Wychodz\u0105c naprzeciw oczekiwaniom Klient\u00f3w i chc\u0105c spe\u0142nia\u0107 jak najwy\u017csze standardy obs\u0142ugi dok\u0142adamy wszelkich stara\u0144, aby podawa\u0107 precyzyjn\u0105 dat\u0119 produkcji opony (DOT). Niestety, w wyj\u0105tkowych przypadkach, mo\u017ce zdarzy\u0107 si\u0119, \u017ce opony, kt\u00f3re wy\u015blemy b\u0119d\u0105 mia\u0142y inn\u0105 dat\u0119 produkcji ni\u017c podana. Sytuacja mo\u017ce dotyczy\u0107 zar\u00f3wno opon z DOT-em wcze\u015bniejszym jak i p\u00f3\u017aniejszym. Chcieliby\u015bmy podkre\u015bli\u0107, \u017ce warunki przechowywania opon w naszych magazynach spe\u0142niaj\u0105 Polsk\u0105 Norm\u0119 PN-C-94300-7 dzi\u0119ki czemu nawet opona przechowywana 24 miesi\u0105ce ma parametry takie same jak opona z bie\u017c\u0105cego roku. Warto pami\u0119ta\u0107 tak\u017ce o fakcie, \u017ce w przypadku wielu rozmiar\u00f3w i producent\u00f3w plany produkcyjne fabryk uniemo\u017cliwiaj\u0105 zakup opony z bie\u017c\u0105cego roku.<\/p>\n<p style=\"margin: 15px 0; line-height: 1.8; clear: both; display: block; width: 100%; float: none; position: static;\">Przy zakupie opon pami\u0119taj o sprawdzeniu w instrukcji samochodu lub na w\u0142a\u015bciwej stronie internetowej, jakie ogumienie zaleca producent Twojego auta. \u0179le dobrane opony mog\u0105 negatywnie wp\u0142yn\u0105\u0107 na poziom Twojego bezpiecze\u0144stwa. Kupuj\u0105c opony zwr\u00f3\u0107 uwag\u0119 na rozmiar oraz indeksy no\u015bno\u015bci i pr\u0119dko\u015bci jakie homologowane s\u0105 do Twojego pojazdu.<\/p>\n<p style=\"margin: 15px 0; line-height: 1.8; clear: both; display: block; width: 100%; float: none; position: static;\">Zamieszczone zdj\u0119cia pe\u0142ni\u0105 funkcj\u0119 pogl\u0105dow\u0105. W zale\u017cno\u015bci od szeroko\u015bci opon, mog\u0105 wyst\u0119powa\u0107 niewielkie r\u00f3\u017cnice w wygl\u0105dzie bie\u017cnika (w obr\u0119bie jednego modelu) na przyk\u0142ad w ilo\u015bci rowk\u00f3w obwodowych lub rozmieszczeniu blok\u00f3w bie\u017cnika, co nie stanowi wady produktu.<\/p>\n<p style=\"margin: 15px 0; line-height: 1.8; clear: both; display: block; width: 100%; float: none; position: static;\">Je\u017celi otrzymane przez Ciebie opony nie spe\u0142niaj\u0105 Twoich oczekiwa\u0144 masz mo\u017cliwo\u015b\u0107 zwrotu lub wymiany nieu\u017cywanego (niemontowanego) ogumienia.<\/p>\n<\/div>\n<\/div>\n<\/div>\n<div style=\"clear: both; display: block; margin: 10px 0;\">\n<div style=\"clear: both; display: block; margin: 10px 0;\">\n<div style=\"clear: both; display: block; margin: 10px 0;\">\n<div  style=\"max-width:640px;max-height:444px\">\n<div style=\"clear: both; display: block; margin: 10px 0;\">\n<div style=\"clear: both; width: 100%; display: block; margin: 20px 0; padding: 0; float: none; position: static; text-align: center;\"><img decoding=\"async\"  src=\"https:\/\/a.allegroimg.com\/original\/11f618\/9ce7f35443a69d24b347ea803c7b\/2x-NEXEN-195-80R15-107-105N-N-blue-4Season-Van-C-caloroczne-2024-r-Waga-produktu-z-opakowaniem-jednostkowym-23-94-kg\" srcset=\"https:\/\/a.allegroimg.com\/original\/11f618\/9ce7f35443a69d24b347ea803c7b\/2x-NEXEN-195-80R15-107-105N-N-blue-4Season-Van-C-caloroczne-2024-r-Waga-produktu-z-opakowaniem-jednostkowym-23-94-kg 360w,https:\/\/a.allegroimg.com\/original\/11f618\/9ce7f35443a69d24b347ea803c7b\/2x-NEXEN-195-80R15-107-105N-N-blue-4Season-Van-C-caloroczne-2024-r-Waga-produktu-z-opakowaniem-jednostkowym-23-94-kg 640w,https:\/\/a.allegroimg.com\/original\/11f618\/9ce7f35443a69d24b347ea803c7b\/2x-NEXEN-195-80R15-107-105N-N-blue-4Season-Van-C-caloroczne-2024-r-Waga-produktu-z-opakowaniem-jednostkowym-23-94-kg 640w\" sizes=\"(min-width: 1200px) 560px, (min-width: 992px) 50vw, 100vw\" width=\"640px\" alt=\"2x NEXEN 195\/80R15 107\/105N N'blue 4Season Van C ca\u0142oroczne 2024 r Waga produktu z opakowaniem jednostkowym 23.94 kg\" style=\"max-width: 100%; height: auto; display: block; margin: 0 auto;\"><\/div>\n<\/div>\n<\/div>\n<\/div>\n<\/div>\n<div style=\"clear: both; display: block; margin: 10px 0;\">\n<div style=\"clear: both; display: block; margin: 10px 0;\">\n<h1>Nexen<\/h1>\n<p style=\"margin: 15px 0; line-height: 1.8; clear: both; display: block; width: 100%; float: none; position: static;\">Nexen Tires jako jeden z pierwszych korea\u0144skich producent\u00f3w opon do samochod\u00f3w osobowych, od ko\u0144ca XX wieku dynamicznie rozwija swoj\u0105 ofert\u0119 na rynku. Pocz\u0105tki firmy si\u0119gaj\u0105 lat 40-tych ubieg\u0142ego wieku, kiedy pod szyldem Heung-Ah Tire zajmowa\u0142a si\u0119 produkcj\u0105 opon na potrzeby armii. Po dekadzie zacz\u0119\u0142a produkcj\u0119 opon najpierw dla motocykli, a nast\u0119pnie dla samochod\u00f3w osobowych. W mi\u0119dzy czasie zmieni\u0142a si\u0119 nazwa firmy na Woosung Tire. Jako pierwsza wprowadzi\u0142a na rynek korea\u0144ski opony z bie\u017cnikiem w kszta\u0142cie litery \u201eV\u201d. Po 2000 roku zmieniaj\u0105c nazw\u0119 na Nexen Tire, firma odnotowa\u0142a ogromny wzrost sprzeda\u017cy, co uplasowa\u0142o j\u0105 wysoko na \u015bwiatowej li\u015bcie lider\u00f3w w przemy\u015ble oponiarskim. Intensywny rozw\u00f3j spowodowa\u0142, \u017ce opony firmy Nexen sprzedawane s\u0105 w ponad 130 krajach na ca\u0142ym \u015bwiecie. Firma Nexen przy produkcji opon kieruje si\u0119 jako\u015bci\u0105 i wysok\u0105 wydajno\u015bci\u0105, dlatego uzyskuje ona uznanie w\u015br\u00f3d u\u017cytkownik\u00f3w pojazd\u00f3w. Doceniona jest przez zawodnik\u00f3w motosport\u00f3w za produkcj\u0119 najwy\u017cszej jako\u015bci opon profesjonalnych i UHP. Nexen Tire dostarcza swoje opony na pierwszy monta\u017c do Porsche Cayenne.<\/p>\n<\/div>\n<\/div>\n<\/div>\n<\/div>\n<\/div>\n<\/div>\n<div style=\"clear: both; display: block; margin: 10px 0;\">\n","protected":false},"excerpt":{"rendered":"<p>Rok produkcji: 2024<\/p>\n<p>NEXEN N&#039;Blue 4Season Van 195\/80R15 107\/105N C<\/p>\n<p>G0O6HF<\/p>\n<p>Data produkcji : 2024<\/p>\n<p>Hamowanie na mokrej nawierzchni : C<\/p>\n<p>Indeks : 195\/80R15 CDNE 107N NB4SV, 195\/80R15 CDNE 107N NB4SV<\/p>\n<p>Indeks no\u015bno\u015bci : 107\/105<\/p>\n<p>Indeks pr\u0119dko\u015bci : N &#8211; 140 km\/h<\/p>\n","protected":false},"featured_media":15438,"template":"","meta":{"_uag_custom_page_level_css":""},"product_brand":[392],"product_cat":[416,417,413,412],"product_tag":[],"class_list":{"0":"post-15437","1":"product","2":"type-product","3":"status-publish","4":"has-post-thumbnail","6":"product_brand-nexen","7":"product_cat-caloroczne","8":"product_cat-do-samochodow-dostawczych","9":"product_cat-opony","10":"product_cat-opony-i-felgi","12":"first","13":"instock","14":"shipping-taxable","15":"purchasable","16":"product-type-simple"},"uagb_featured_image_src":{"full":["https:\/\/oponixo.shop\/tire\/wp-content\/uploads\/2026\/01\/allegro-image-15437.jpg",1200,1126,false],"thumbnail":["https:\/\/oponixo.shop\/tire\/wp-content\/uploads\/2026\/01\/allegro-image-15437-150x150.jpg",150,150,true],"medium":["https:\/\/oponixo.shop\/tire\/wp-content\/uploads\/2026\/01\/allegro-image-15437-300x282.jpg",300,282,true],"medium_large":["https:\/\/oponixo.shop\/tire\/wp-content\/uploads\/2026\/01\/allegro-image-15437-768x721.jpg",768,721,true],"large":["https:\/\/oponixo.shop\/tire\/wp-content\/uploads\/2026\/01\/allegro-image-15437-1024x961.jpg",1024,961,true],"1536x1536":["https:\/\/oponixo.shop\/tire\/wp-content\/uploads\/2026\/01\/allegro-image-15437.jpg",1200,1126,false],"2048x2048":["https:\/\/oponixo.shop\/tire\/wp-content\/uploads\/2026\/01\/allegro-image-15437.jpg",1200,1126,false],"woocommerce_thumbnail":["https:\/\/oponixo.shop\/tire\/wp-content\/uploads\/2026\/01\/allegro-image-15437-300x300.jpg",300,300,true],"woocommerce_single":["https:\/\/oponixo.shop\/tire\/wp-content\/uploads\/2026\/01\/allegro-image-15437-600x563.jpg",600,563,true],"woocommerce_gallery_thumbnail":["https:\/\/oponixo.shop\/tire\/wp-content\/uploads\/2026\/01\/allegro-image-15437-100x100.jpg",100,100,true]},"uagb_author_info":{"display_name":"admin","author_link":"https:\/\/oponixo.shop\/tire\/author\/"},"uagb_comment_info":0,"uagb_excerpt":"Rok produkcji: 2024 NEXEN N&#039;Blue 4Season Van 195\/80R15 107\/105N C G0O6HF Data produkcji : 2024 Hamowanie na mokrej nawierzchni : C Indeks : 195\/80R15 CDNE 107N NB4SV, 195\/80R15 CDNE 107N NB4SV Indeks no\u015bno\u015bci : 107\/105 Indeks pr\u0119dko\u015bci : N - 140 km\/h","_links":{"self":[{"href":"https:\/\/oponixo.shop\/tire\/wp-json\/wp\/v2\/product\/15437","targetHints":{"allow":["GET"]}}],"collection":[{"href":"https:\/\/oponixo.shop\/tire\/wp-json\/wp\/v2\/product"}],"about":[{"href":"https:\/\/oponixo.shop\/tire\/wp-json\/wp\/v2\/types\/product"}],"wp:featuredmedia":[{"embeddable":true,"href":"https:\/\/oponixo.shop\/tire\/wp-json\/wp\/v2\/media\/15438"}],"wp:attachment":[{"href":"https:\/\/oponixo.shop\/tire\/wp-json\/wp\/v2\/media?parent=15437"}],"wp:term":[{"taxonomy":"product_brand","embeddable":true,"href":"https:\/\/oponixo.shop\/tire\/wp-json\/wp\/v2\/product_brand?post=15437"},{"taxonomy":"product_cat","embeddable":true,"href":"https:\/\/oponixo.shop\/tire\/wp-json\/wp\/v2\/product_cat?post=15437"},{"taxonomy":"product_tag","embeddable":true,"href":"https:\/\/oponixo.shop\/tire\/wp-json\/wp\/v2\/product_tag?post=15437"}],"curies":[{"name":"wp","href":"https:\/\/api.w.org\/{rel}","templated":true}]}}