{"id":15449,"date":"2026-01-16T02:42:36","date_gmt":"2026-01-16T01:42:36","guid":{"rendered":"https:\/\/oponyauto.shop\/xef5\/produkt\/2x-opony-letnie-hankook-vantra-lt-ra18-195-75r16-c-107r-2024\/"},"modified":"2026-01-16T02:42:36","modified_gmt":"2026-01-16T01:42:36","slug":"2x-opony-letnie-hankook-vantra-lt-ra18-195-75r16-c-107r-2024","status":"publish","type":"product","link":"https:\/\/oponixo.shop\/tire\/produkt\/2x-opony-letnie-hankook-vantra-lt-ra18-195-75r16-c-107r-2024\/","title":{"rendered":"2x opony letnie Hankook Vantra LT RA18 195\/75R16 C 107R 2024"},"content":{"rendered":"<div style=\"font-family: Arial, sans-serif; line-height: 1.6; color: #333; padding: 20px; clear: both; display: block; width: 100%; float: none; position: static; overflow: hidden;\">\n<div style=\"clear: both; display: block; margin: 10px 0;\">\n<div style=\"clear: both; display: block; margin: 10px 0;\">\n<div style=\"clear: both; display: block; margin: 10px 0;\">\n<div  style=\"max-width:500px;max-height:65px\">\n<div style=\"clear: both; display: block; margin: 10px 0;\">\n<div style=\"clear: both; width: 100%; display: block; margin: 20px 0; padding: 0; float: none; position: static; text-align: center;\"><img decoding=\"async\"  src=\"https:\/\/a.allegroimg.com\/original\/1143d7\/63ce66d0498ea79e4022525f4f48\/2x-opony-letnie-Hankook-Vantra-LT-RA18-195-75R16-C-107R-2024-Rok-produkcji-2024\" srcset=\"https:\/\/a.allegroimg.com\/original\/1143d7\/63ce66d0498ea79e4022525f4f48\/2x-opony-letnie-Hankook-Vantra-LT-RA18-195-75R16-C-107R-2024-Rok-produkcji-2024 360w,https:\/\/a.allegroimg.com\/original\/1143d7\/63ce66d0498ea79e4022525f4f48\/2x-opony-letnie-Hankook-Vantra-LT-RA18-195-75R16-C-107R-2024-Rok-produkcji-2024 500w,https:\/\/a.allegroimg.com\/original\/1143d7\/63ce66d0498ea79e4022525f4f48\/2x-opony-letnie-Hankook-Vantra-LT-RA18-195-75R16-C-107R-2024-Rok-produkcji-2024 500w\" sizes=\"100vw\" width=\"500px\" alt=\"2x opony letnie Hankook Vantra LT RA18 195\/75R16 C 107R 2024 Rok produkcji 2024\" style=\"max-width: 100%; height: auto; display: block; margin: 0 auto;\"><\/div>\n<\/div>\n<\/div>\n<\/div>\n<\/div>\n<\/div>\n<div style=\"clear: both; display: block; margin: 10px 0;\">\n<div style=\"clear: both; display: block; margin: 10px 0;\">\n<div style=\"clear: both; display: block; margin: 10px 0;\">\n<h1>zestaw 2 sztuk nowych opon letnich<\/h1>\n<h1>Hankook Vantra LT RA18 195\/75R16 C 107\/105R<\/h1>\n<p style=\"margin: 15px 0; line-height: 1.8; clear: both; display: block; width: 100%; float: none; position: static;\">\n<\/div>\n<\/div>\n<\/div>\n<div style=\"clear: both; display: block; margin: 10px 0;\">\n<div style=\"clear: both; display: block; margin: 10px 0;\">\n<div style=\"clear: both; display: block; margin: 10px 0;\">\n<div  style=\"max-width:396px;max-height:596px\">\n<div style=\"clear: both; display: block; margin: 10px 0;\">\n<div style=\"clear: both; width: 100%; display: block; margin: 20px 0; padding: 0; float: none; position: static; text-align: center;\"><img decoding=\"async\"  src=\"https:\/\/a.allegroimg.com\/original\/111f0e\/5ca7630e4dc6aeddea6ecbf2046a\/2x-opony-letnie-Hankook-Vantra-LT-RA18-195-75R16-C-107R-2024\" srcset=\"https:\/\/a.allegroimg.com\/original\/111f0e\/5ca7630e4dc6aeddea6ecbf2046a\/2x-opony-letnie-Hankook-Vantra-LT-RA18-195-75R16-C-107R-2024 239w,https:\/\/a.allegroimg.com\/original\/111f0e\/5ca7630e4dc6aeddea6ecbf2046a\/2x-opony-letnie-Hankook-Vantra-LT-RA18-195-75R16-C-107R-2024 396w,https:\/\/a.allegroimg.com\/original\/111f0e\/5ca7630e4dc6aeddea6ecbf2046a\/2x-opony-letnie-Hankook-Vantra-LT-RA18-195-75R16-C-107R-2024 396w\" sizes=\"(min-width: 1200px) 560px, (min-width: 992px) 50vw, 100vw\" width=\"396px\" alt=\"2x opony letnie Hankook Vantra LT RA18 195\/75R16 C 107R 2024\" style=\"max-width: 100%; height: auto; display: block; margin: 0 auto;\"><\/div>\n<\/div>\n<\/div>\n<\/div>\n<\/div>\n<div style=\"clear: both; display: block; margin: 10px 0;\">\n<div style=\"clear: both; display: block; margin: 10px 0;\">\n<p style=\"margin: 15px 0; line-height: 1.8; clear: both; display: block; width: 100%; float: none; position: static;\"><b>Hankook Vantra LT RA18<\/b> to opony <b>letnie<\/b> przeznaczone do samochod\u00f3w <b>dostawczych<\/b>. Oryginalny produkt klasy <b>premium<\/b> renomowanej marki <b>Hankook<\/b>. Bezkompromisowa jako\u015b\u0107. <\/p>\n<ul style=\"margin: 15px 0; padding-left: 20px; clear: both; display: block; width: 100%; float: none; position: static;\">\n<li style=\"margin: 5px 0; padding: 2px 0; clear: both; display: list-item; float: none; position: static;\">rok produkcji: nie starsze ni\u017c <b>2024<\/b><\/li>\n<li style=\"margin: 5px 0; padding: 2px 0; clear: both; display: list-item; float: none; position: static;\">opony <b>nowe<\/b>, oryginalne, z gwarancj\u0105<\/li>\n<li style=\"margin: 5px 0; padding: 2px 0; clear: both; display: list-item; float: none; position: static;\">opony wzmocnione <b>C<\/b><\/li>\n<li style=\"margin: 5px 0; padding: 2px 0; clear: both; display: list-item; float: none; position: static;\">d\u0142ugie przebiegi<\/li>\n<li style=\"margin: 5px 0; padding: 2px 0; clear: both; display: list-item; float: none; position: static;\">wysoka trwa\u0142o\u015b\u0107<\/li>\n<li style=\"margin: 5px 0; padding: 2px 0; clear: both; display: list-item; float: none; position: static;\">bie\u017cnik zu\u017cywa si\u0119 r\u00f3wnomiernie<\/li>\n<li style=\"margin: 5px 0; padding: 2px 0; clear: both; display: list-item; float: none; position: static;\">kr\u00f3tka droga hamowania zar\u00f3wno na suchej jak i mokrej nawierzchni<\/li>\n<li style=\"margin: 5px 0; padding: 2px 0; clear: both; display: list-item; float: none; position: static;\">bardzo dobre odprowadzanie wody<\/li>\n<li style=\"margin: 5px 0; padding: 2px 0; clear: both; display: list-item; float: none; position: static;\">zabezpieczenie przed po\u015blizgiem na wodzie (aquaplaning)<\/li>\n<\/ul>\n<\/div>\n<\/div>\n<\/div>\n<div style=\"clear: both; display: block; margin: 10px 0;\">\n<div style=\"clear: both; display: block; margin: 10px 0;\">\n<div style=\"clear: both; display: block; margin: 10px 0;\">\n<div  style=\"max-width:480px;max-height:733px\">\n<div style=\"clear: both; display: block; margin: 10px 0;\">\n<div style=\"clear: both; width: 100%; display: block; margin: 20px 0; padding: 0; float: none; position: static; text-align: center;\"><img decoding=\"async\"  src=\"https:\/\/a.allegroimg.com\/original\/11d9b6\/48dc884e442dad0830a7520ba6eb\/2x-opony-letnie-Hankook-Vantra-LT-RA18-195-75R16-C-107R-2024-Liczba-opon-w-ofercie-2-szt\" srcset=\"https:\/\/a.allegroimg.com\/original\/11d9b6\/48dc884e442dad0830a7520ba6eb\/2x-opony-letnie-Hankook-Vantra-LT-RA18-195-75R16-C-107R-2024-Liczba-opon-w-ofercie-2-szt 235w,https:\/\/a.allegroimg.com\/original\/11d9b6\/48dc884e442dad0830a7520ba6eb\/2x-opony-letnie-Hankook-Vantra-LT-RA18-195-75R16-C-107R-2024-Liczba-opon-w-ofercie-2-szt 471w,https:\/\/a.allegroimg.com\/original\/11d9b6\/48dc884e442dad0830a7520ba6eb\/2x-opony-letnie-Hankook-Vantra-LT-RA18-195-75R16-C-107R-2024-Liczba-opon-w-ofercie-2-szt 480w,https:\/\/a.allegroimg.com\/original\/11d9b6\/48dc884e442dad0830a7520ba6eb\/2x-opony-letnie-Hankook-Vantra-LT-RA18-195-75R16-C-107R-2024-Liczba-opon-w-ofercie-2-szt 480w\" sizes=\"100vw\" width=\"480px\" alt=\"2x opony letnie Hankook Vantra LT RA18 195\/75R16 C 107R 2024 Liczba opon w ofercie 2 szt.\" style=\"max-width: 100%; height: auto; display: block; margin: 0 auto;\"><\/div>\n<\/div>\n<\/div>\n<\/div>\n<\/div>\n<\/div>\n<\/div>\n<\/div>\n<\/div>\n<div style=\"clear: both; display: block; margin: 10px 0;\">\n","protected":false},"excerpt":{"rendered":"<p>zestaw 2 sztuk nowych opon letnich<\/p>\n<p>Hankook Vantra LT RA18 195\/75R16 C 107\/105R<\/p>\n<p>Hankook Vantra LT RA18 to opony letnie przeznaczone do samochod\u00f3w dostawczych. Oryginalny produkt klasy premium renomowanej marki Hankook. Bezkompromisowa jako\u015b\u0107.<\/p>\n<p>rok produkcji: nie starsze ni\u017c 2024<\/p>\n<p>opony nowe, oryginalne, z gwarancj\u0105<\/p>\n<p>opony wzmocnione C<\/p>\n<p>d\u0142ugie przebiegi<\/p>\n<p>wysoka trwa\u0142o\u015b\u0107<\/p>\n","protected":false},"featured_media":15450,"template":"","meta":{"_uag_custom_page_level_css":""},"product_brand":[411],"product_cat":[417,418,413,412],"product_tag":[],"class_list":{"0":"post-15449","1":"product","2":"type-product","3":"status-publish","4":"has-post-thumbnail","6":"product_brand-hankook","7":"product_cat-do-samochodow-dostawczych","8":"product_cat-letnie","9":"product_cat-opony","10":"product_cat-opony-i-felgi","12":"first","13":"instock","14":"shipping-taxable","15":"purchasable","16":"product-type-simple"},"uagb_featured_image_src":{"full":["https:\/\/oponixo.shop\/tire\/wp-content\/uploads\/2026\/01\/allegro-image-15449.jpg",396,596,false],"thumbnail":["https:\/\/oponixo.shop\/tire\/wp-content\/uploads\/2026\/01\/allegro-image-15449-150x150.jpg",150,150,true],"medium":["https:\/\/oponixo.shop\/tire\/wp-content\/uploads\/2026\/01\/allegro-image-15449-199x300.jpg",199,300,true],"medium_large":["https:\/\/oponixo.shop\/tire\/wp-content\/uploads\/2026\/01\/allegro-image-15449.jpg",396,596,false],"large":["https:\/\/oponixo.shop\/tire\/wp-content\/uploads\/2026\/01\/allegro-image-15449.jpg",396,596,false],"1536x1536":["https:\/\/oponixo.shop\/tire\/wp-content\/uploads\/2026\/01\/allegro-image-15449.jpg",396,596,false],"2048x2048":["https:\/\/oponixo.shop\/tire\/wp-content\/uploads\/2026\/01\/allegro-image-15449.jpg",396,596,false],"woocommerce_thumbnail":["https:\/\/oponixo.shop\/tire\/wp-content\/uploads\/2026\/01\/allegro-image-15449-300x300.jpg",300,300,true],"woocommerce_single":["https:\/\/oponixo.shop\/tire\/wp-content\/uploads\/2026\/01\/allegro-image-15449.jpg",396,596,false],"woocommerce_gallery_thumbnail":["https:\/\/oponixo.shop\/tire\/wp-content\/uploads\/2026\/01\/allegro-image-15449-100x100.jpg",100,100,true]},"uagb_author_info":{"display_name":"admin","author_link":"https:\/\/oponixo.shop\/tire\/author\/"},"uagb_comment_info":0,"uagb_excerpt":"zestaw 2 sztuk nowych opon letnich Hankook Vantra LT RA18 195\/75R16 C 107\/105R Hankook Vantra LT RA18 to opony letnie przeznaczone do samochod\u00f3w dostawczych. Oryginalny produkt klasy premium renomowanej marki Hankook. Bezkompromisowa jako\u015b\u0107. rok produkcji: nie starsze ni\u017c 2024 opony nowe, oryginalne, z gwarancj\u0105 opony wzmocnione C d\u0142ugie przebiegi wysoka trwa\u0142o\u015b\u0107","_links":{"self":[{"href":"https:\/\/oponixo.shop\/tire\/wp-json\/wp\/v2\/product\/15449","targetHints":{"allow":["GET"]}}],"collection":[{"href":"https:\/\/oponixo.shop\/tire\/wp-json\/wp\/v2\/product"}],"about":[{"href":"https:\/\/oponixo.shop\/tire\/wp-json\/wp\/v2\/types\/product"}],"wp:featuredmedia":[{"embeddable":true,"href":"https:\/\/oponixo.shop\/tire\/wp-json\/wp\/v2\/media\/15450"}],"wp:attachment":[{"href":"https:\/\/oponixo.shop\/tire\/wp-json\/wp\/v2\/media?parent=15449"}],"wp:term":[{"taxonomy":"product_brand","embeddable":true,"href":"https:\/\/oponixo.shop\/tire\/wp-json\/wp\/v2\/product_brand?post=15449"},{"taxonomy":"product_cat","embeddable":true,"href":"https:\/\/oponixo.shop\/tire\/wp-json\/wp\/v2\/product_cat?post=15449"},{"taxonomy":"product_tag","embeddable":true,"href":"https:\/\/oponixo.shop\/tire\/wp-json\/wp\/v2\/product_tag?post=15449"}],"curies":[{"name":"wp","href":"https:\/\/api.w.org\/{rel}","templated":true}]}}