{"id":15459,"date":"2026-01-16T02:42:38","date_gmt":"2026-01-16T01:42:38","guid":{"rendered":"https:\/\/oponyauto.shop\/xef5\/produkt\/2x-245-55r18-michelin-crossclimate-2-a-w-103-v\/"},"modified":"2026-01-16T02:42:38","modified_gmt":"2026-01-16T01:42:38","slug":"2x-245-55r18-michelin-crossclimate-2-a-w-103-v","status":"publish","type":"product","link":"https:\/\/oponixo.shop\/tire\/produkt\/2x-245-55r18-michelin-crossclimate-2-a-w-103-v\/","title":{"rendered":"2x 245\/55R18 MICHELIN CROSSCLIMATE 2 A\/W 103 V"},"content":{"rendered":"<div style=\"font-family: Arial, sans-serif; line-height: 1.6; color: #333; padding: 20px; clear: both; display: block; width: 100%; float: none; position: static; overflow: hidden;\">\n<div style=\"clear: both; display: block; margin: 10px 0;\">\n<div style=\"clear: both; display: block; margin: 10px 0;\">\n<div style=\"clear: both; display: block; margin: 10px 0;\">\n<h2>Opona ca\u0142oroczna Michelin CrossCLIMATE 2 A\/W 245\/55R18 103 V przyczepno\u015b\u0107 na \u015bniegu (3PMSF)<\/h2>\n<p style=\"margin: 15px 0; line-height: 1.8; clear: both; display: block; width: 100%; float: none; position: static;\">Opona ca\u0142oroczna Michelin CrossCLIMATE 2 A\/W 245\/55R18 103 V<\/p>\n<p style=\"margin: 15px 0; line-height: 1.8; clear: both; display: block; width: 100%; float: none; position: static;\">Cechy produktu:<\/p>\n<ul style=\"margin: 15px 0; padding-left: 20px; clear: both; display: block; width: 100%; float: none; position: static;\">\n<li style=\"margin: 5px 0; padding: 2px 0; clear: both; display: list-item; float: none; position: static;\">sezon: zimowe<\/li>\n<li style=\"margin: 5px 0; padding: 2px 0; clear: both; display: list-item; float: none; position: static;\">szeroko\u015b\u0107\/profil\/\u015brednica: 245\/55R18<\/li>\n<li style=\"margin: 5px 0; padding: 2px 0; clear: both; display: list-item; float: none; position: static;\">indeks no\u015bno\u015bci: 103 &#8211; 875 kg<\/li>\n<li style=\"margin: 5px 0; padding: 2px 0; clear: both; display: list-item; float: none; position: static;\">indeks pr\u0119dko\u015bci: V do 240 km\/h<\/li>\n<li style=\"margin: 5px 0; padding: 2px 0; clear: both; display: list-item; float: none; position: static;\">przyczepno\u015b\u0107 na \u015bniegu (3PMSF)<\/li>\n<\/ul>\n<\/div>\n<\/div>\n<div style=\"clear: both; display: block; margin: 10px 0;\">\n<div style=\"clear: both; display: block; margin: 10px 0;\">\n<div  style=\"max-width:575px;max-height:800px\">\n<div style=\"clear: both; display: block; margin: 10px 0;\">\n<div style=\"clear: both; width: 100%; display: block; margin: 20px 0; padding: 0; float: none; position: static; text-align: center;\"><img decoding=\"async\"  src=\"https:\/\/a.allegroimg.com\/original\/119fb5\/9fd990fa4487a61da1f71336e705\/2x-245-55R18-MICHELIN-CROSSCLIMATE-2-A-W-103-V\" srcset=\"https:\/\/a.allegroimg.com\/original\/119fb5\/9fd990fa4487a61da1f71336e705\/2x-245-55R18-MICHELIN-CROSSCLIMATE-2-A-W-103-V 258w,https:\/\/a.allegroimg.com\/original\/119fb5\/9fd990fa4487a61da1f71336e705\/2x-245-55R18-MICHELIN-CROSSCLIMATE-2-A-W-103-V 517w,https:\/\/a.allegroimg.com\/original\/119fb5\/9fd990fa4487a61da1f71336e705\/2x-245-55R18-MICHELIN-CROSSCLIMATE-2-A-W-103-V 575w,https:\/\/a.allegroimg.com\/original\/119fb5\/9fd990fa4487a61da1f71336e705\/2x-245-55R18-MICHELIN-CROSSCLIMATE-2-A-W-103-V 575w\" sizes=\"(min-width: 1200px) 560px, (min-width: 992px) 50vw, 100vw\" width=\"575px\" alt=\"2x 245\/55R18 MICHELIN CROSSCLIMATE 2 A\/W 103 V\" style=\"max-width: 100%; height: auto; display: block; margin: 0 auto;\"><\/div>\n<\/div>\n<\/div>\n<\/div>\n<\/div>\n<\/div>\n<div style=\"clear: both; display: block; margin: 10px 0;\">\n<div style=\"clear: both; display: block; margin: 10px 0;\">\n<div style=\"clear: both; display: block; margin: 10px 0;\">\n<h3 style=\"color: #2c5aa0; font-size: 18px; margin: 30px 0 15px 0; font-weight: bold; clear: both; display: block; width: 100%; float: none; position: static;\">Informacje dodatkowe:<\/h3>\n<ul style=\"margin: 15px 0; padding-left: 20px; clear: both; display: block; width: 100%; float: none; position: static;\">\n<li style=\"margin: 5px 0; padding: 2px 0; clear: both; display: list-item; float: none; position: static;\">rok produkcji: 2024\/2025 (kupuj\u0105c z tej oferty otrzymasz opony fabrycznie nowe, pe\u0142nowarto\u015bciowe) <\/li>\n<li style=\"margin: 5px 0; padding: 2px 0; clear: both; display: list-item; float: none; position: static;\">stan: fabrycznie nowe <\/li>\n<\/ul>\n<\/div>\n<\/div>\n<\/div>\n<div style=\"clear: both; display: block; margin: 10px 0;\">\n<div style=\"clear: both; display: block; margin: 10px 0;\">\n<div style=\"clear: both; display: block; margin: 10px 0;\">\n<div  style=\"max-width:575px;max-height:800px\">\n<div style=\"clear: both; display: block; margin: 10px 0;\">\n<div style=\"clear: both; width: 100%; display: block; margin: 20px 0; padding: 0; float: none; position: static; text-align: center;\"><img decoding=\"async\"  src=\"https:\/\/a.allegroimg.com\/original\/119fb5\/9fd990fa4487a61da1f71336e705\/2x-245-55R18-MICHELIN-CROSSCLIMATE-2-A-W-103-V\" srcset=\"https:\/\/a.allegroimg.com\/original\/119fb5\/9fd990fa4487a61da1f71336e705\/2x-245-55R18-MICHELIN-CROSSCLIMATE-2-A-W-103-V 258w,https:\/\/a.allegroimg.com\/original\/119fb5\/9fd990fa4487a61da1f71336e705\/2x-245-55R18-MICHELIN-CROSSCLIMATE-2-A-W-103-V 517w,https:\/\/a.allegroimg.com\/original\/119fb5\/9fd990fa4487a61da1f71336e705\/2x-245-55R18-MICHELIN-CROSSCLIMATE-2-A-W-103-V 575w,https:\/\/a.allegroimg.com\/original\/119fb5\/9fd990fa4487a61da1f71336e705\/2x-245-55R18-MICHELIN-CROSSCLIMATE-2-A-W-103-V 575w\" sizes=\"100vw\" width=\"575px\" alt=\"2x 245\/55R18 MICHELIN CROSSCLIMATE 2 A\/W 103 V\" style=\"max-width: 100%; height: auto; display: block; margin: 0 auto;\"><\/div>\n<\/div>\n<\/div>\n<\/div>\n<\/div>\n<\/div>\n<\/div>\n<\/div>\n<\/div>\n<div style=\"clear: both; display: block; margin: 10px 0;\">\n","protected":false},"excerpt":{"rendered":"<p>Opona ca\u0142oroczna Michelin CrossCLIMATE 2 A\/W 245\/55R18 103 V przyczepno\u015b\u0107 na \u015bniegu (3PMSF)<\/p>\n<p>Opona ca\u0142oroczna Michelin CrossCLIMATE 2 A\/W 245\/55R18 103 V<\/p>\n<p>Cechy produktu:<\/p>\n<p>sezon: zimowe<\/p>\n<p>szeroko\u015b\u0107\/profil\/\u015brednica: 245\/55R18<\/p>\n<p>indeks no\u015bno\u015bci: 103 &#8211; 875 kg<\/p>\n<p>indeks pr\u0119dko\u015bci: V do 240 km\/h<\/p>\n<p>przyczepno\u015b\u0107 na \u015bniegu (3PMSF)<\/p>\n","protected":false},"featured_media":15460,"template":"","meta":{"_uag_custom_page_level_css":""},"product_brand":[429],"product_cat":[416,414,413,412],"product_tag":[],"class_list":{"0":"post-15459","1":"product","2":"type-product","3":"status-publish","4":"has-post-thumbnail","6":"product_brand-michelin","7":"product_cat-caloroczne","8":"product_cat-do-samochodow-osobowych-i-suv","9":"product_cat-opony","10":"product_cat-opony-i-felgi","12":"first","13":"instock","14":"shipping-taxable","15":"purchasable","16":"product-type-simple"},"uagb_featured_image_src":{"full":["https:\/\/oponixo.shop\/tire\/wp-content\/uploads\/2026\/01\/allegro-image-15459.jpg",575,800,false],"thumbnail":["https:\/\/oponixo.shop\/tire\/wp-content\/uploads\/2026\/01\/allegro-image-15459-150x150.jpg",150,150,true],"medium":["https:\/\/oponixo.shop\/tire\/wp-content\/uploads\/2026\/01\/allegro-image-15459-216x300.jpg",216,300,true],"medium_large":["https:\/\/oponixo.shop\/tire\/wp-content\/uploads\/2026\/01\/allegro-image-15459.jpg",575,800,false],"large":["https:\/\/oponixo.shop\/tire\/wp-content\/uploads\/2026\/01\/allegro-image-15459.jpg",575,800,false],"1536x1536":["https:\/\/oponixo.shop\/tire\/wp-content\/uploads\/2026\/01\/allegro-image-15459.jpg",575,800,false],"2048x2048":["https:\/\/oponixo.shop\/tire\/wp-content\/uploads\/2026\/01\/allegro-image-15459.jpg",575,800,false],"woocommerce_thumbnail":["https:\/\/oponixo.shop\/tire\/wp-content\/uploads\/2026\/01\/allegro-image-15459-300x300.jpg",300,300,true],"woocommerce_single":["https:\/\/oponixo.shop\/tire\/wp-content\/uploads\/2026\/01\/allegro-image-15459.jpg",575,800,false],"woocommerce_gallery_thumbnail":["https:\/\/oponixo.shop\/tire\/wp-content\/uploads\/2026\/01\/allegro-image-15459-100x100.jpg",100,100,true]},"uagb_author_info":{"display_name":"admin","author_link":"https:\/\/oponixo.shop\/tire\/author\/"},"uagb_comment_info":0,"uagb_excerpt":"Opona ca\u0142oroczna Michelin CrossCLIMATE 2 A\/W 245\/55R18 103 V przyczepno\u015b\u0107 na \u015bniegu (3PMSF) Opona ca\u0142oroczna Michelin CrossCLIMATE 2 A\/W 245\/55R18 103 V Cechy produktu: sezon: zimowe szeroko\u015b\u0107\/profil\/\u015brednica: 245\/55R18 indeks no\u015bno\u015bci: 103 - 875 kg indeks pr\u0119dko\u015bci: V do 240 km\/h przyczepno\u015b\u0107 na \u015bniegu (3PMSF)","_links":{"self":[{"href":"https:\/\/oponixo.shop\/tire\/wp-json\/wp\/v2\/product\/15459","targetHints":{"allow":["GET"]}}],"collection":[{"href":"https:\/\/oponixo.shop\/tire\/wp-json\/wp\/v2\/product"}],"about":[{"href":"https:\/\/oponixo.shop\/tire\/wp-json\/wp\/v2\/types\/product"}],"wp:featuredmedia":[{"embeddable":true,"href":"https:\/\/oponixo.shop\/tire\/wp-json\/wp\/v2\/media\/15460"}],"wp:attachment":[{"href":"https:\/\/oponixo.shop\/tire\/wp-json\/wp\/v2\/media?parent=15459"}],"wp:term":[{"taxonomy":"product_brand","embeddable":true,"href":"https:\/\/oponixo.shop\/tire\/wp-json\/wp\/v2\/product_brand?post=15459"},{"taxonomy":"product_cat","embeddable":true,"href":"https:\/\/oponixo.shop\/tire\/wp-json\/wp\/v2\/product_cat?post=15459"},{"taxonomy":"product_tag","embeddable":true,"href":"https:\/\/oponixo.shop\/tire\/wp-json\/wp\/v2\/product_tag?post=15459"}],"curies":[{"name":"wp","href":"https:\/\/api.w.org\/{rel}","templated":true}]}}