{"id":15546,"date":"2026-01-16T03:01:24","date_gmt":"2026-01-16T02:01:24","guid":{"rendered":"https:\/\/oponyauto.shop\/xef5\/produkt\/2x-225-60-18-v-xl-dot2022-nexen-winguard-sport-2-suv-5-lat-gwarancji\/"},"modified":"2026-01-16T03:01:25","modified_gmt":"2026-01-16T02:01:25","slug":"2x-225-60-18-v-xl-dot2022-nexen-winguard-sport-2-suv-5-lat-gwarancji","status":"publish","type":"product","link":"https:\/\/oponixo.shop\/tire\/produkt\/2x-225-60-18-v-xl-dot2022-nexen-winguard-sport-2-suv-5-lat-gwarancji\/","title":{"rendered":"2x 225\/60\/18 V XL DOT2022 Nexen WINGUARD SPORT 2 SUV . 5 lat gwarancji"},"content":{"rendered":"<div style=\"font-family: Arial, sans-serif; line-height: 1.6; color: #333; padding: 20px; clear: both; display: block; width: 100%; float: none; position: static; overflow: hidden;\">\n<div style=\"clear: both; display: block; margin: 10px 0;\">\n<div style=\"clear: both; display: block; margin: 10px 0;\">\n<div style=\"clear: both; display: block; margin: 10px 0;\">\n<div  style=\"max-width:533px;max-height:800px\">\n<div style=\"clear: both; display: block; margin: 10px 0;\">\n<div style=\"clear: both; width: 100%; display: block; margin: 20px 0; padding: 0; float: none; position: static; text-align: center;\"><img decoding=\"async\"  src=\"https:\/\/a.allegroimg.com\/original\/1138bf\/eab7724c4d3890d25330ce41245e\/2x-225-60-18-V-XL-DOT2022-Nexen-WINGUARD-SPORT-2-SUV-5-lat-gwarancji-Liczba-opon-w-ofercie-2-szt\" srcset=\"https:\/\/a.allegroimg.com\/original\/1138bf\/eab7724c4d3890d25330ce41245e\/2x-225-60-18-V-XL-DOT2022-Nexen-WINGUARD-SPORT-2-SUV-5-lat-gwarancji-Liczba-opon-w-ofercie-2-szt 239w,https:\/\/a.allegroimg.com\/original\/1138bf\/eab7724c4d3890d25330ce41245e\/2x-225-60-18-V-XL-DOT2022-Nexen-WINGUARD-SPORT-2-SUV-5-lat-gwarancji-Liczba-opon-w-ofercie-2-szt 479w,https:\/\/a.allegroimg.com\/original\/1138bf\/eab7724c4d3890d25330ce41245e\/2x-225-60-18-V-XL-DOT2022-Nexen-WINGUARD-SPORT-2-SUV-5-lat-gwarancji-Liczba-opon-w-ofercie-2-szt 533w,https:\/\/a.allegroimg.com\/original\/1138bf\/eab7724c4d3890d25330ce41245e\/2x-225-60-18-V-XL-DOT2022-Nexen-WINGUARD-SPORT-2-SUV-5-lat-gwarancji-Liczba-opon-w-ofercie-2-szt 533w\" sizes=\"(min-width: 1200px) 560px, (min-width: 992px) 50vw, 100vw\" width=\"533px\" alt=\"2x 225\/60\/18 V XL DOT2022 Nexen WINGUARD SPORT 2 SUV . 5 lat gwarancji Liczba opon w ofercie 2 szt.\" style=\"max-width: 100%; height: auto; display: block; margin: 0 auto;\"><\/div>\n<\/div>\n<\/div>\n<\/div>\n<\/div>\n<div style=\"clear: both; display: block; margin: 10px 0;\">\n<div style=\"clear: both; display: block; margin: 10px 0;\">\n<h1>SPECYFIKACJA PRODUKTU<\/h1>\n<p style=\"margin: 15px 0; line-height: 1.8; clear: both; display: block; width: 100%; float: none; position: static;\"><b>sezon:<\/b> zimowe<\/p>\n<p style=\"margin: 15px 0; line-height: 1.8; clear: both; display: block; width: 100%; float: none; position: static;\"><b>typ pojazdu:<\/b> terenowe<\/p>\n<p style=\"margin: 15px 0; line-height: 1.8; clear: both; display: block; width: 100%; float: none; position: static;\"><b>producent:<\/b> Nexen<\/p>\n<p style=\"margin: 15px 0; line-height: 1.8; clear: both; display: block; width: 100%; float: none; position: static;\"><b>model \/ rozmiar:<\/b> 225\/60 R18<\/p>\n<p style=\"margin: 15px 0; line-height: 1.8; clear: both; display: block; width: 100%; float: none; position: static;\"><b>klasa opon:<\/b> Medium &#8211; klasa \u015brednia (wysoka jako\u015b\u0107)<\/p>\n<p style=\"margin: 15px 0; line-height: 1.8; clear: both; display: block; width: 100%; float: none; position: static;\"><b>indeks \u0142adowno\u015bci:<\/b> 104 &#8211; max 900 kg<\/p>\n<p style=\"margin: 15px 0; line-height: 1.8; clear: both; display: block; width: 100%; float: none; position: static;\"><b>indeks pr\u0119dko\u015bci:<\/b> V &#8211; max 240 km\/h<\/p>\n<p style=\"margin: 15px 0; line-height: 1.8; clear: both; display: block; width: 100%; float: none; position: static;\"><b>informacje dodatkowe:<\/b> XL DOT2022<\/p>\n<p style=\"margin: 15px 0; line-height: 1.8; clear: both; display: block; width: 100%; float: none; position: static;\"><b>gwarancja:<\/b> 5 lat od daty zakupu<\/p>\n<p style=\"margin: 15px 0; line-height: 1.8; clear: both; display: block; width: 100%; float: none; position: static;\"><b>stan opon:<\/b> fabrycznie nowe, pierwszy gatunek<\/p>\n<p style=\"margin: 15px 0; line-height: 1.8; clear: both; display: block; width: 100%; float: none; position: static;\"><b>produkcja:<\/b> Azjatyckie<\/p>\n<p style=\"margin: 15px 0; line-height: 1.8; clear: both; display: block; width: 100%; float: none; position: static;\"><b>rok produkcji:<\/b> 2022<\/p>\n<p style=\"margin: 15px 0; line-height: 1.8; clear: both; display: block; width: 100%; float: none; position: static;\"><b>klasa energetyczna:<\/b> D<\/p>\n<p style=\"margin: 15px 0; line-height: 1.8; clear: both; display: block; width: 100%; float: none; position: static;\"><b>klasa przyczepno\u015bci:<\/b> C<\/p>\n<p style=\"margin: 15px 0; line-height: 1.8; clear: both; display: block; width: 100%; float: none; position: static;\"><b>poziom ha\u0142asu:<\/b> 71<\/p>\n<p style=\"margin: 15px 0; line-height: 1.8; clear: both; display: block; width: 100%; float: none; position: static;\"><b>klasa ha\u0142asu:<\/b> 2<\/p>\n<\/div>\n<\/div>\n<\/div>\n<div style=\"clear: both; display: block; margin: 10px 0;\">\n<div style=\"clear: both; display: block; margin: 10px 0;\">\n<div style=\"clear: both; display: block; margin: 10px 0;\">\n<h1>Nexen Winguard Sport 2 SUV: Doskona\u0142e Opony UHP na Zim\u0119<\/h1>\n<p style=\"margin: 15px 0; line-height: 1.8; clear: both; display: block; width: 100%; float: none; position: static;\">Nexen Winguard Sport 2 SUV to nowo\u015b\u0107 koncernu na sezon zimowy 2019\/2020, kt\u00f3ra z pewno\u015bci\u0105 przyci\u0105gnie uwag\u0119 kierowc\u00f3w poszukuj\u0105cych doskona\u0142ych osi\u0105g\u00f3w w trudnych warunkach zimowych. Te opony z segmentu Ultra High Performance (UHP) zosta\u0142y specjalnie zaprojektowane dla europejskich pojazd\u00f3w sportowych oraz o du\u017cych mocach silnika.<\/p>\n<h1>Przyczepno\u015b\u0107 W Ka\u017cdych Warunkach Pogodowych<\/h1>\n<p style=\"margin: 15px 0; line-height: 1.8; clear: both; display: block; width: 100%; float: none; position: static;\">Jednym z kluczowych atut\u00f3w opon Nexen Winguard Sport 2 SUV jest kierunkowy wz\u00f3r bie\u017cnika w kszta\u0142cie liter V, kt\u00f3ry gwarantuje doskona\u0142\u0105 przyczepno\u015b\u0107 niezale\u017cnie od warunk\u00f3w pogodowych. Bez wzgl\u0119du na to, czy pada \u015bnieg, pada deszcz czy panuje mr\u00f3z, te opony zapewni\u0105 Ci kontrol\u0119 nad pojazdem.<\/p>\n<h1>Wytrzyma\u0142o\u015b\u0107 i Przebiegi<\/h1>\n<p style=\"margin: 15px 0; line-height: 1.8; clear: both; display: block; width: 100%; float: none; position: static;\">W por\u00f3wnaniu do poprzednika, opona Nexen Winguard Sport 2 SUV zosta\u0142a jeszcze lepiej dopracowana pod wzgl\u0119dem wytrzyma\u0142o\u015bci materia\u0142owej i konstrukcyjnej. Dzi\u0119ki temu mo\u017cesz liczy\u0107 na przed\u0142u\u017cone przebiegi oraz mniejsz\u0105 \u015bcieralno\u015b\u0107. To oznacza, \u017ce opony te b\u0119d\u0105 Ci\u0119 obs\u0142ugiwa\u0107 przez d\u0142ugi czas, zachowuj\u0105c doskona\u0142e w\u0142a\u015bciwo\u015bci.<\/p>\n<h1>Zaawansowana Technologia Mieszanki<\/h1>\n<p style=\"margin: 15px 0; line-height: 1.8; clear: both; display: block; width: 100%; float: none; position: static;\">Konstruktorzy Nexen zastosowali nowoczesn\u0105 mieszank\u0119 gumow\u0105, kt\u00f3rej g\u0142\u00f3wnym komponentem jest krzemionka. Ta zaawansowana technologia produkcyjna pozwoli\u0142a uzyska\u0107 wysok\u0105 odporno\u015b\u0107 na niskie temperatury. Guma zachowuje odpowiedni\u0105 mi\u0119kko\u015b\u0107, co jest kluczowe dla przyczepno\u015bci na zimowych drogach. R\u00f3wnocze\u015bnie jest wytrzyma\u0142a, co gwarantuje d\u0142ugotrwa\u0142e u\u017cytkowanie opon.<\/p>\n<h1>Wyb\u00f3r Pierwszego Monta\u017cu Marek Premium<\/h1>\n<p style=\"margin: 15px 0; line-height: 1.8; clear: both; display: block; width: 100%; float: none; position: static;\">Opony Nexen ciesz\u0105 si\u0119 tak du\u017cym uznaniem, \u017ce s\u0105 dostarczane jako seryjne wyposa\u017cenie dla marek takich jak Porsche, Volkswagen, BMW,  Renault czy Fiat. To \u015bwiadczy o ich bardzo dobrej charakterystyce i jako\u015bci. Wybieraj\u0105c opony Nexen Winguard Sport 2 SUV, wybierasz doskona\u0142e osi\u0105gi i bezpiecze\u0144stwo na zimowych drogach.<\/p>\n<h1>Podsumowuj\u0105c<\/h1>\n<p style=\"margin: 15px 0; line-height: 1.8; clear: both; display: block; width: 100%; float: none; position: static;\">Nexen Winguard Sport 2 SUV to opony UHP, kt\u00f3re spe\u0142ni\u0105 oczekiwania nawet najbardziej wymagaj\u0105cych kierowc\u00f3w. Zapewniaj\u0105 doskona\u0142\u0105 przyczepno\u015b\u0107, wytrzyma\u0142o\u015b\u0107 i d\u0142ugotrwa\u0142e u\u017cytkowanie, co czyni je doskona\u0142ym wyborem na sezon zimowy 2019\/2020. Niezale\u017cnie od tego, czy je\u017adzisz sportowym autem czy samochodem z du\u017c\u0105 moc\u0105 silnika, te opony zapewni\u0105 Ci komfort i bezpiecze\u0144stwo na zimowych drogach.<\/p>\n<\/div>\n<\/div>\n<\/div>\n<div style=\"clear: both; display: block; margin: 10px 0;\">\n<div style=\"clear: both; display: block; margin: 10px 0;\">\n<div style=\"clear: both; display: block; margin: 10px 0;\">\n<div  style=\"max-width:886px;max-height:1299px\">\n<div style=\"clear: both; display: block; margin: 10px 0;\">\n<div style=\"clear: both; width: 100%; display: block; margin: 20px 0; padding: 0; float: none; position: static; text-align: center;\"><img decoding=\"async\"  src=\"https:\/\/a.allegroimg.com\/original\/110ae1\/a43b18ba4d02b61df3763d85176d\/2x-225-60-18-V-XL-DOT2022-Nexen-WINGUARD-SPORT-2-SUV-5-lat-gwarancji-Rok-produkcji-2022\" srcset=\"https:\/\/a.allegroimg.com\/original\/110ae1\/a43b18ba4d02b61df3763d85176d\/2x-225-60-18-V-XL-DOT2022-Nexen-WINGUARD-SPORT-2-SUV-5-lat-gwarancji-Rok-produkcji-2022 245w,https:\/\/a.allegroimg.com\/original\/110ae1\/a43b18ba4d02b61df3763d85176d\/2x-225-60-18-V-XL-DOT2022-Nexen-WINGUARD-SPORT-2-SUV-5-lat-gwarancji-Rok-produkcji-2022 491w,https:\/\/a.allegroimg.com\/original\/110ae1\/a43b18ba4d02b61df3763d85176d\/2x-225-60-18-V-XL-DOT2022-Nexen-WINGUARD-SPORT-2-SUV-5-lat-gwarancji-Rok-produkcji-2022 698w,https:\/\/a.allegroimg.com\/original\/110ae1\/a43b18ba4d02b61df3763d85176d\/2x-225-60-18-V-XL-DOT2022-Nexen-WINGUARD-SPORT-2-SUV-5-lat-gwarancji-Rok-produkcji-2022 886w,https:\/\/a.allegroimg.com\/original\/110ae1\/a43b18ba4d02b61df3763d85176d\/2x-225-60-18-V-XL-DOT2022-Nexen-WINGUARD-SPORT-2-SUV-5-lat-gwarancji-Rok-produkcji-2022 886w\" sizes=\"(min-width: 1200px) 560px, (min-width: 992px) 50vw, 100vw\" width=\"886px\" alt=\"2x 225\/60\/18 V XL DOT2022 Nexen WINGUARD SPORT 2 SUV . 5 lat gwarancji Rok produkcji 2022\" style=\"max-width: 100%; height: auto; display: block; margin: 0 auto;\"><\/div>\n<\/div>\n<\/div>\n<\/div>\n<\/div>\n<div style=\"clear: both; display: block; margin: 10px 0;\">\n<div style=\"clear: both; display: block; margin: 10px 0;\">\n<h1>Klasa efektywno\u015bci paliwowej<\/h1>\n<p style=\"margin: 15px 0; line-height: 1.8; clear: both; display: block; width: 100%; float: none; position: static;\">Im mniejszy op\u00f3r, jaki opona stawia podczas toczenia si\u0119, tym wi\u0119ksza oszcz\u0119dno\u015b\u0107 paliwa. Samoch\u00f3d na oponach o klasie efektywno\u015bci paliwowej A pali do 7,5% mniej od oznaczonego liter\u0105 G.<\/p>\n<p style=\"margin: 15px 0; line-height: 1.8; clear: both; display: block; width: 100%; float: none; position: static;\">&nbsp;<\/p>\n<h1>Klasa przyczepno\u015bci na mokrej nawierzchni<\/h1>\n<p style=\"margin: 15px 0; line-height: 1.8; clear: both; display: block; width: 100%; float: none; position: static;\">Ocenie poddawana jest droga hamowania z 80 km\/h na mokrej nawierzchni. Samoch\u00f3d osobowy z oporami F w tej klasie zatrzyma si\u0119 o 18 m dalej od auta na oponach o klasie przyczepno\u015bci A.<\/p>\n<p style=\"margin: 15px 0; line-height: 1.8; clear: both; display: block; width: 100%; float: none; position: static;\">&nbsp;<\/p>\n<h1>Ha\u0142as<\/h1>\n<p style=\"margin: 15px 0; line-height: 1.8; clear: both; display: block; width: 100%; float: none; position: static;\">Na oznaczeniu pokazane s\u0105 trzy fale. Im mniejsza ich liczba jest w kolorze czarnym, tym ciszej opona si\u0119 toczy. Obok fal podana jest r\u00f3wnie\u017c zmierzona warto\u015b\u0107 zewn\u0119trznego ha\u0142asu toczenia w decybelach.<\/p>\n<\/div>\n<\/div>\n<\/div>\n<div style=\"clear: both; display: block; margin: 10px 0;\">\n<div style=\"clear: both; display: block; margin: 10px 0;\">\n<div style=\"clear: both; display: block; margin: 10px 0;\">\n<div  style=\"max-width:2560px;max-height:2145px\">\n<div style=\"clear: both; display: block; margin: 10px 0;\">\n<div style=\"clear: both; width: 100%; display: block; margin: 20px 0; padding: 0; float: none; position: static; text-align: center;\"><img decoding=\"async\"  src=\"https:\/\/a.allegroimg.com\/original\/11fe5f\/6cf82e3346dc8387f991b46382bc\/2x-225-60-18-V-XL-DOT2022-Nexen-WINGUARD-SPORT-2-SUV-5-lat-gwarancji\" srcset=\"https:\/\/a.allegroimg.com\/original\/11fe5f\/6cf82e3346dc8387f991b46382bc\/2x-225-60-18-V-XL-DOT2022-Nexen-WINGUARD-SPORT-2-SUV-5-lat-gwarancji 360w,https:\/\/a.allegroimg.com\/original\/11fe5f\/6cf82e3346dc8387f991b46382bc\/2x-225-60-18-V-XL-DOT2022-Nexen-WINGUARD-SPORT-2-SUV-5-lat-gwarancji 720w,https:\/\/a.allegroimg.com\/original\/11fe5f\/6cf82e3346dc8387f991b46382bc\/2x-225-60-18-V-XL-DOT2022-Nexen-WINGUARD-SPORT-2-SUV-5-lat-gwarancji 1024w,https:\/\/a.allegroimg.com\/original\/11fe5f\/6cf82e3346dc8387f991b46382bc\/2x-225-60-18-V-XL-DOT2022-Nexen-WINGUARD-SPORT-2-SUV-5-lat-gwarancji 1440w,https:\/\/a.allegroimg.com\/original\/11fe5f\/6cf82e3346dc8387f991b46382bc\/2x-225-60-18-V-XL-DOT2022-Nexen-WINGUARD-SPORT-2-SUV-5-lat-gwarancji 2560w\" sizes=\"100vw\" width=\"2560px\" alt=\"2x 225\/60\/18 V XL DOT2022 Nexen WINGUARD SPORT 2 SUV . 5 lat gwarancji\" style=\"max-width: 100%; height: auto; display: block; margin: 0 auto;\"><\/div>\n<\/div>\n<\/div>\n<\/div>\n<\/div>\n<\/div>\n<\/div>\n<\/div>\n<\/div>\n<div style=\"clear: both; display: block; margin: 10px 0;\">\n","protected":false},"excerpt":{"rendered":"<p>SPECYFIKACJA PRODUKTU<\/p>\n<p>sezon: zimowe<\/p>\n<p>typ pojazdu: terenowe<\/p>\n<p>producent: Nexen<\/p>\n<p>model \/ rozmiar: 225\/60 R18<\/p>\n<p>klasa opon: Medium &#8211; klasa \u015brednia (wysoka jako\u015b\u0107)<\/p>\n<p>indeks \u0142adowno\u015bci: 104 &#8211; max 900 kg<\/p>\n<p>indeks pr\u0119dko\u015bci: V &#8211; max 240 km\/h<\/p>\n","protected":false},"featured_media":15547,"template":"","meta":{"_uag_custom_page_level_css":""},"product_brand":[392],"product_cat":[414,413,412,415],"product_tag":[],"class_list":{"0":"post-15546","1":"product","2":"type-product","3":"status-publish","4":"has-post-thumbnail","6":"product_brand-nexen","7":"product_cat-do-samochodow-osobowych-i-suv","8":"product_cat-opony","9":"product_cat-opony-i-felgi","10":"product_cat-zimowe","12":"first","13":"instock","14":"shipping-taxable","15":"purchasable","16":"product-type-simple"},"uagb_featured_image_src":{"full":["https:\/\/oponixo.shop\/tire\/wp-content\/uploads\/2026\/01\/allegro-image-15546.jpg",2560,2145,false],"thumbnail":["https:\/\/oponixo.shop\/tire\/wp-content\/uploads\/2026\/01\/allegro-image-15546-150x150.jpg",150,150,true],"medium":["https:\/\/oponixo.shop\/tire\/wp-content\/uploads\/2026\/01\/allegro-image-15546-300x251.jpg",300,251,true],"medium_large":["https:\/\/oponixo.shop\/tire\/wp-content\/uploads\/2026\/01\/allegro-image-15546-768x644.jpg",768,644,true],"large":["https:\/\/oponixo.shop\/tire\/wp-content\/uploads\/2026\/01\/allegro-image-15546-1024x858.jpg",1024,858,true],"1536x1536":["https:\/\/oponixo.shop\/tire\/wp-content\/uploads\/2026\/01\/allegro-image-15546-1536x1287.jpg",1536,1287,true],"2048x2048":["https:\/\/oponixo.shop\/tire\/wp-content\/uploads\/2026\/01\/allegro-image-15546-2048x1716.jpg",2048,1716,true],"woocommerce_thumbnail":["https:\/\/oponixo.shop\/tire\/wp-content\/uploads\/2026\/01\/allegro-image-15546-300x300.jpg",300,300,true],"woocommerce_single":["https:\/\/oponixo.shop\/tire\/wp-content\/uploads\/2026\/01\/allegro-image-15546-600x503.jpg",600,503,true],"woocommerce_gallery_thumbnail":["https:\/\/oponixo.shop\/tire\/wp-content\/uploads\/2026\/01\/allegro-image-15546-100x100.jpg",100,100,true]},"uagb_author_info":{"display_name":"admin","author_link":"https:\/\/oponixo.shop\/tire\/author\/"},"uagb_comment_info":0,"uagb_excerpt":"SPECYFIKACJA PRODUKTU sezon: zimowe typ pojazdu: terenowe producent: Nexen model \/ rozmiar: 225\/60 R18 klasa opon: Medium - klasa \u015brednia (wysoka jako\u015b\u0107) indeks \u0142adowno\u015bci: 104 - max 900 kg indeks pr\u0119dko\u015bci: V - max 240 km\/h","_links":{"self":[{"href":"https:\/\/oponixo.shop\/tire\/wp-json\/wp\/v2\/product\/15546","targetHints":{"allow":["GET"]}}],"collection":[{"href":"https:\/\/oponixo.shop\/tire\/wp-json\/wp\/v2\/product"}],"about":[{"href":"https:\/\/oponixo.shop\/tire\/wp-json\/wp\/v2\/types\/product"}],"wp:featuredmedia":[{"embeddable":true,"href":"https:\/\/oponixo.shop\/tire\/wp-json\/wp\/v2\/media\/15547"}],"wp:attachment":[{"href":"https:\/\/oponixo.shop\/tire\/wp-json\/wp\/v2\/media?parent=15546"}],"wp:term":[{"taxonomy":"product_brand","embeddable":true,"href":"https:\/\/oponixo.shop\/tire\/wp-json\/wp\/v2\/product_brand?post=15546"},{"taxonomy":"product_cat","embeddable":true,"href":"https:\/\/oponixo.shop\/tire\/wp-json\/wp\/v2\/product_cat?post=15546"},{"taxonomy":"product_tag","embeddable":true,"href":"https:\/\/oponixo.shop\/tire\/wp-json\/wp\/v2\/product_tag?post=15546"}],"curies":[{"name":"wp","href":"https:\/\/api.w.org\/{rel}","templated":true}]}}