{"id":15548,"date":"2026-01-16T03:01:25","date_gmt":"2026-01-16T02:01:25","guid":{"rendered":"https:\/\/oponyauto.shop\/xef5\/produkt\/2x-opony-zimowe-225-50r18-nexen-winguard-sport-3\/"},"modified":"2026-01-16T03:01:26","modified_gmt":"2026-01-16T02:01:26","slug":"2x-opony-zimowe-225-50r18-nexen-winguard-sport-3","status":"publish","type":"product","link":"https:\/\/oponixo.shop\/tire\/produkt\/2x-opony-zimowe-225-50r18-nexen-winguard-sport-3\/","title":{"rendered":"2x opony zimowe 225\/50R18 Nexen Winguard Sport 3"},"content":{"rendered":"<div style=\"font-family: Arial, sans-serif; line-height: 1.6; color: #333; padding: 20px; clear: both; display: block; width: 100%; float: none; position: static; overflow: hidden;\">\n<div style=\"clear: both; display: block; margin: 10px 0;\">\n<div style=\"clear: both; display: block; margin: 10px 0;\">\n<div style=\"clear: both; display: block; margin: 10px 0;\">\n<div  style=\"max-width:1818px;max-height:221px\">\n<div style=\"clear: both; display: block; margin: 10px 0;\">\n<div style=\"clear: both; width: 100%; display: block; margin: 20px 0; padding: 0; float: none; position: static; text-align: center;\"><img decoding=\"async\"  src=\"https:\/\/a.allegroimg.com\/original\/113706\/02bb94214584bcf78db9b0787b1d\/2x-opony-zimowe-225-50R18-Nexen-Winguard-Sport-3-Rok-produkcji-2024\" srcset=\"https:\/\/a.allegroimg.com\/original\/113706\/02bb94214584bcf78db9b0787b1d\/2x-opony-zimowe-225-50R18-Nexen-Winguard-Sport-3-Rok-produkcji-2024 360w,https:\/\/a.allegroimg.com\/original\/113706\/02bb94214584bcf78db9b0787b1d\/2x-opony-zimowe-225-50R18-Nexen-Winguard-Sport-3-Rok-produkcji-2024 720w,https:\/\/a.allegroimg.com\/original\/113706\/02bb94214584bcf78db9b0787b1d\/2x-opony-zimowe-225-50R18-Nexen-Winguard-Sport-3-Rok-produkcji-2024 1024w,https:\/\/a.allegroimg.com\/original\/113706\/02bb94214584bcf78db9b0787b1d\/2x-opony-zimowe-225-50R18-Nexen-Winguard-Sport-3-Rok-produkcji-2024 1440w,https:\/\/a.allegroimg.com\/original\/113706\/02bb94214584bcf78db9b0787b1d\/2x-opony-zimowe-225-50R18-Nexen-Winguard-Sport-3-Rok-produkcji-2024 1818w\" sizes=\"100vw\" width=\"1818px\" alt=\"2x opony zimowe 225\/50R18 Nexen Winguard Sport 3 Rok produkcji 2024\" style=\"max-width: 100%; height: auto; display: block; margin: 0 auto;\"><\/div>\n<\/div>\n<\/div>\n<\/div>\n<\/div>\n<\/div>\n<div style=\"clear: both; display: block; margin: 10px 0;\">\n<div style=\"clear: both; display: block; margin: 10px 0;\">\n<div style=\"clear: both; display: block; margin: 10px 0;\">\n<div  style=\"max-width:1350px;max-height:1928px\">\n<div style=\"clear: both; display: block; margin: 10px 0;\">\n<div style=\"clear: both; width: 100%; display: block; margin: 20px 0; padding: 0; float: none; position: static; text-align: center;\"><img decoding=\"async\"  src=\"https:\/\/a.allegroimg.com\/original\/1169f8\/585249c64ed5b62b2278875f869f\/2x-opony-zimowe-225-50R18-Nexen-Winguard-Sport-3\" srcset=\"https:\/\/a.allegroimg.com\/original\/1169f8\/585249c64ed5b62b2278875f869f\/2x-opony-zimowe-225-50R18-Nexen-Winguard-Sport-3 252w,https:\/\/a.allegroimg.com\/original\/1169f8\/585249c64ed5b62b2278875f869f\/2x-opony-zimowe-225-50R18-Nexen-Winguard-Sport-3 504w,https:\/\/a.allegroimg.com\/original\/1169f8\/585249c64ed5b62b2278875f869f\/2x-opony-zimowe-225-50R18-Nexen-Winguard-Sport-3 717w,https:\/\/a.allegroimg.com\/original\/1169f8\/585249c64ed5b62b2278875f869f\/2x-opony-zimowe-225-50R18-Nexen-Winguard-Sport-3 1008w,https:\/\/a.allegroimg.com\/original\/1169f8\/585249c64ed5b62b2278875f869f\/2x-opony-zimowe-225-50R18-Nexen-Winguard-Sport-3 1350w\" sizes=\"(min-width: 1200px) 560px, (min-width: 992px) 50vw, 100vw\" width=\"1350px\" alt=\"2x opony zimowe 225\/50R18 Nexen Winguard Sport 3\" style=\"max-width: 100%; height: auto; display: block; margin: 0 auto;\"><\/div>\n<\/div>\n<\/div>\n<\/div>\n<\/div>\n<div style=\"clear: both; display: block; margin: 10px 0;\">\n<div style=\"clear: both; display: block; margin: 10px 0;\">\n<h1>Cechy Opony:<\/h1>\n<ul style=\"margin: 15px 0; padding-left: 20px; clear: both; display: block; width: 100%; float: none; position: static;\">\n<li style=\"margin: 5px 0; padding: 2px 0; clear: both; display: list-item; float: none; position: static;\">Stan: <b>Fabrycznie nowa<\/b><\/li>\n<\/ul>\n<ul style=\"margin: 15px 0; padding-left: 20px; clear: both; display: block; width: 100%; float: none; position: static;\">\n<li style=\"margin: 5px 0; padding: 2px 0; clear: both; display: list-item; float: none; position: static;\">Dystrybucja: <b>Oficjalny dystrybutor w Polsce<\/b><\/li>\n<\/ul>\n<ul style=\"margin: 15px 0; padding-left: 20px; clear: both; display: block; width: 100%; float: none; position: static;\">\n<li style=\"margin: 5px 0; padding: 2px 0; clear: both; display: list-item; float: none; position: static;\">Sezon: <b>zimowe<\/b><\/li>\n<\/ul>\n<ul style=\"margin: 15px 0; padding-left: 20px; clear: both; display: block; width: 100%; float: none; position: static;\">\n<li style=\"margin: 5px 0; padding: 2px 0; clear: both; display: list-item; float: none; position: static;\">Producent: <b>Nexen<\/b><\/li>\n<\/ul>\n<ul style=\"margin: 15px 0; padding-left: 20px; clear: both; display: block; width: 100%; float: none; position: static;\">\n<li style=\"margin: 5px 0; padding: 2px 0; clear: both; display: list-item; float: none; position: static;\">Bie\u017cnik: <b>Winguard Sport 3<\/b><\/li>\n<\/ul>\n<ul style=\"margin: 15px 0; padding-left: 20px; clear: both; display: block; width: 100%; float: none; position: static;\">\n<li style=\"margin: 5px 0; padding: 2px 0; clear: both; display: list-item; float: none; position: static;\">Rozmiar: <b>225\/50R18<\/b><\/li>\n<\/ul>\n<ul style=\"margin: 15px 0; padding-left: 20px; clear: both; display: block; width: 100%; float: none; position: static;\">\n<li style=\"margin: 5px 0; padding: 2px 0; clear: both; display: list-item; float: none; position: static;\">Indeks no\u015bno\u015bci: <b>95<\/b><\/li>\n<\/ul>\n<ul style=\"margin: 15px 0; padding-left: 20px; clear: both; display: block; width: 100%; float: none; position: static;\">\n<li style=\"margin: 5px 0; padding: 2px 0; clear: both; display: list-item; float: none; position: static;\">Indeks pr\u0119dko\u015bci: <b>V<\/b><\/li>\n<\/ul>\n<ul style=\"margin: 15px 0; padding-left: 20px; clear: both; display: block; width: 100%; float: none; position: static;\">\n<li style=\"margin: 5px 0; padding: 2px 0; clear: both; display: list-item; float: none; position: static;\">Rok produkcji:<b> 2024<\/b><\/li>\n<\/ul>\n<ul style=\"margin: 15px 0; padding-left: 20px; clear: both; display: block; width: 100%; float: none; position: static;\">\n<li style=\"margin: 5px 0; padding: 2px 0; clear: both; display: list-item; float: none; position: static;\">EAN: <b>8807622229671<\/b><\/li>\n<\/ul><\/div>\n<\/div>\n<\/div>\n<div style=\"clear: both; display: block; margin: 10px 0;\">\n<div style=\"clear: both; display: block; margin: 10px 0;\">\n<div style=\"clear: both; display: block; margin: 10px 0;\">\n<h2>Zu\u017cycie paliwa \/ opory toczenia<\/h2>\n<p style=\"margin: 15px 0; line-height: 1.8; clear: both; display: block; width: 100%; float: none; position: static;\">Klasa A okre\u015bla opony o najmniejszych oporach toczenia, klasa E o najwi\u0119kszych. Op\u00f3r toczenia wp\u0142ywa na zu\u017cycie paliwa oraz emisj\u0119 spalin przez samoch\u00f3d. Im ni\u017cszy op\u00f3r toczenia, tym wi\u0119ksza oszcz\u0119dno\u015b\u0107 paliwa i mniejszy wp\u0142yw na \u015brodowisko.<\/p>\n<p style=\"margin: 15px 0; line-height: 1.8; clear: both; display: block; width: 100%; float: none; position: static;\">\n<h2>Przyczepno\u015b\u0107 na mokrej nawierzchni \/ droga hamowania<\/h2>\n<p style=\"margin: 15px 0; line-height: 1.8; clear: both; display: block; width: 100%; float: none; position: static;\">Klasa A oznacza najkr\u00f3tsz\u0105, a E najd\u0142u\u017csz\u0105 drog\u0119 hamowania na mokrej nawierzchni. Parametr ten zwi\u0105zany jest z przyczepno\u015bci\u0105 opony podczas jazdy po mokrej drodze, co ma znaczenie dla bezpiecze\u0144stwa podr\u00f3\u017cowania. Im wy\u017csza klasa, tym lepsze w\u0142a\u015bciwo\u015bci ogumienia.<\/p>\n<p style=\"margin: 15px 0; line-height: 1.8; clear: both; display: block; width: 100%; float: none; position: static;\">\n<h2>Zewn\u0119trzny ha\u0142as toczenia \/ emisja ha\u0142asu<\/h2>\n<p style=\"margin: 15px 0; line-height: 1.8; clear: both; display: block; width: 100%; float: none; position: static;\">Klasa A przeznaczona jest dla najcichszych opon, B i C \u2013 dla g\u0142o\u015bniejszych. Wp\u0142ywa na komfort podr\u00f3\u017cowania samochodem. Ha\u0142as, kt\u00f3ry powstaje przy toczeniu si\u0119 opony jest wyra\u017cony w decybelach. Im ni\u017csza liczba tym cichsza opona.<\/p>\n<p style=\"margin: 15px 0; line-height: 1.8; clear: both; display: block; width: 100%; float: none; position: static;\">\n<\/div>\n<\/div>\n<div style=\"clear: both; display: block; margin: 10px 0;\">\n<div style=\"clear: both; display: block; margin: 10px 0;\">\n<div  style=\"max-width:738px;max-height:1082px\">\n<div style=\"clear: both; display: block; margin: 10px 0;\">\n<div style=\"clear: both; width: 100%; display: block; margin: 20px 0; padding: 0; float: none; position: static; text-align: center;\"><img decoding=\"async\"  src=\"https:\/\/a.allegroimg.com\/original\/11b129\/18546217456b847bea5ee63df911\/2x-opony-zimowe-225-50R18-Nexen-Winguard-Sport-3-Liczba-opon-w-ofercie-2-szt\" srcset=\"https:\/\/a.allegroimg.com\/original\/11b129\/18546217456b847bea5ee63df911\/2x-opony-zimowe-225-50R18-Nexen-Winguard-Sport-3-Liczba-opon-w-ofercie-2-szt 245w,https:\/\/a.allegroimg.com\/original\/11b129\/18546217456b847bea5ee63df911\/2x-opony-zimowe-225-50R18-Nexen-Winguard-Sport-3-Liczba-opon-w-ofercie-2-szt 491w,https:\/\/a.allegroimg.com\/original\/11b129\/18546217456b847bea5ee63df911\/2x-opony-zimowe-225-50R18-Nexen-Winguard-Sport-3-Liczba-opon-w-ofercie-2-szt 698w,https:\/\/a.allegroimg.com\/original\/11b129\/18546217456b847bea5ee63df911\/2x-opony-zimowe-225-50R18-Nexen-Winguard-Sport-3-Liczba-opon-w-ofercie-2-szt 738w,https:\/\/a.allegroimg.com\/original\/11b129\/18546217456b847bea5ee63df911\/2x-opony-zimowe-225-50R18-Nexen-Winguard-Sport-3-Liczba-opon-w-ofercie-2-szt 738w\" sizes=\"(min-width: 1200px) 560px, (min-width: 992px) 50vw, 100vw\" width=\"738px\" alt=\"2x opony zimowe 225\/50R18 Nexen Winguard Sport 3 Liczba opon w ofercie 2 szt.\" style=\"max-width: 100%; height: auto; display: block; margin: 0 auto;\"><\/div>\n<\/div>\n<\/div>\n<\/div>\n<\/div>\n<\/div>\n<\/div>\n<\/div>\n<\/div>\n<div style=\"clear: both; display: block; margin: 10px 0;\">\n","protected":false},"excerpt":{"rendered":"<p>Cechy Opony:<\/p>\n<p>Stan: Fabrycznie nowa<\/p>\n<p>Dystrybucja: Oficjalny dystrybutor w Polsce<\/p>\n<p>Sezon: zimowe<\/p>\n<p>Producent: Nexen<\/p>\n<p>Bie\u017cnik: Winguard Sport 3<\/p>\n<p>Rozmiar: 225\/50R18<\/p>\n<p>Indeks no\u015bno\u015bci: 95<\/p>\n","protected":false},"featured_media":15549,"template":"","meta":{"_uag_custom_page_level_css":""},"product_brand":[392],"product_cat":[414,413,412,415],"product_tag":[],"class_list":{"0":"post-15548","1":"product","2":"type-product","3":"status-publish","4":"has-post-thumbnail","6":"product_brand-nexen","7":"product_cat-do-samochodow-osobowych-i-suv","8":"product_cat-opony","9":"product_cat-opony-i-felgi","10":"product_cat-zimowe","12":"first","13":"instock","14":"shipping-taxable","15":"purchasable","16":"product-type-simple"},"uagb_featured_image_src":{"full":["https:\/\/oponixo.shop\/tire\/wp-content\/uploads\/2026\/01\/allegro-image-15548.jpg",1350,1928,false],"thumbnail":["https:\/\/oponixo.shop\/tire\/wp-content\/uploads\/2026\/01\/allegro-image-15548-150x150.jpg",150,150,true],"medium":["https:\/\/oponixo.shop\/tire\/wp-content\/uploads\/2026\/01\/allegro-image-15548-210x300.jpg",210,300,true],"medium_large":["https:\/\/oponixo.shop\/tire\/wp-content\/uploads\/2026\/01\/allegro-image-15548-768x1097.jpg",768,1097,true],"large":["https:\/\/oponixo.shop\/tire\/wp-content\/uploads\/2026\/01\/allegro-image-15548-717x1024.jpg",717,1024,true],"1536x1536":["https:\/\/oponixo.shop\/tire\/wp-content\/uploads\/2026\/01\/allegro-image-15548-1076x1536.jpg",1076,1536,true],"2048x2048":["https:\/\/oponixo.shop\/tire\/wp-content\/uploads\/2026\/01\/allegro-image-15548.jpg",1350,1928,false],"woocommerce_thumbnail":["https:\/\/oponixo.shop\/tire\/wp-content\/uploads\/2026\/01\/allegro-image-15548-300x300.jpg",300,300,true],"woocommerce_single":["https:\/\/oponixo.shop\/tire\/wp-content\/uploads\/2026\/01\/allegro-image-15548-600x857.jpg",600,857,true],"woocommerce_gallery_thumbnail":["https:\/\/oponixo.shop\/tire\/wp-content\/uploads\/2026\/01\/allegro-image-15548-100x100.jpg",100,100,true]},"uagb_author_info":{"display_name":"admin","author_link":"https:\/\/oponixo.shop\/tire\/author\/"},"uagb_comment_info":0,"uagb_excerpt":"Cechy Opony: Stan: Fabrycznie nowa Dystrybucja: Oficjalny dystrybutor w Polsce Sezon: zimowe Producent: Nexen Bie\u017cnik: Winguard Sport 3 Rozmiar: 225\/50R18 Indeks no\u015bno\u015bci: 95","_links":{"self":[{"href":"https:\/\/oponixo.shop\/tire\/wp-json\/wp\/v2\/product\/15548","targetHints":{"allow":["GET"]}}],"collection":[{"href":"https:\/\/oponixo.shop\/tire\/wp-json\/wp\/v2\/product"}],"about":[{"href":"https:\/\/oponixo.shop\/tire\/wp-json\/wp\/v2\/types\/product"}],"wp:featuredmedia":[{"embeddable":true,"href":"https:\/\/oponixo.shop\/tire\/wp-json\/wp\/v2\/media\/15549"}],"wp:attachment":[{"href":"https:\/\/oponixo.shop\/tire\/wp-json\/wp\/v2\/media?parent=15548"}],"wp:term":[{"taxonomy":"product_brand","embeddable":true,"href":"https:\/\/oponixo.shop\/tire\/wp-json\/wp\/v2\/product_brand?post=15548"},{"taxonomy":"product_cat","embeddable":true,"href":"https:\/\/oponixo.shop\/tire\/wp-json\/wp\/v2\/product_cat?post=15548"},{"taxonomy":"product_tag","embeddable":true,"href":"https:\/\/oponixo.shop\/tire\/wp-json\/wp\/v2\/product_tag?post=15548"}],"curies":[{"name":"wp","href":"https:\/\/api.w.org\/{rel}","templated":true}]}}