{"id":15606,"date":"2026-01-16T03:21:25","date_gmt":"2026-01-16T02:21:25","guid":{"rendered":"https:\/\/oponyauto.shop\/xef5\/produkt\/2x-opony-caloroczne-yokohama-geolandar-a-t-g015-235-75r17-108t-fr\/"},"modified":"2026-01-16T03:21:25","modified_gmt":"2026-01-16T02:21:25","slug":"2x-opony-caloroczne-yokohama-geolandar-a-t-g015-235-75r17-108t-fr","status":"publish","type":"product","link":"https:\/\/oponixo.shop\/tire\/produkt\/2x-opony-caloroczne-yokohama-geolandar-a-t-g015-235-75r17-108t-fr\/","title":{"rendered":"2x opony ca\u0142oroczne Yokohama GEOLANDAR A\/T G015 235\/75R17 108T FR"},"content":{"rendered":"<div style=\"font-family: Arial, sans-serif; line-height: 1.6; color: #333; padding: 20px; clear: both; display: block; width: 100%; float: none; position: static; overflow: hidden;\">\n<div style=\"clear: both; display: block; margin: 10px 0;\">\n<div style=\"clear: both; display: block; margin: 10px 0;\">\n<div style=\"clear: both; display: block; margin: 10px 0;\">\n<div  style=\"max-width:500px;max-height:82px\">\n<div style=\"clear: both; display: block; margin: 10px 0;\">\n<div style=\"clear: both; width: 100%; display: block; margin: 20px 0; padding: 0; float: none; position: static; text-align: center;\"><img decoding=\"async\"  src=\"https:\/\/a.allegroimg.com\/original\/11ec87\/87e7f15040d8b2b15c45062b29b7\/2x-opony-caloroczne-Yokohama-GEOLANDAR-A-T-G015-235-75R17-108T-FR-Marka-Yokohama\" srcset=\"https:\/\/a.allegroimg.com\/original\/11ec87\/87e7f15040d8b2b15c45062b29b7\/2x-opony-caloroczne-Yokohama-GEOLANDAR-A-T-G015-235-75R17-108T-FR-Marka-Yokohama 360w,https:\/\/a.allegroimg.com\/original\/11ec87\/87e7f15040d8b2b15c45062b29b7\/2x-opony-caloroczne-Yokohama-GEOLANDAR-A-T-G015-235-75R17-108T-FR-Marka-Yokohama 500w,https:\/\/a.allegroimg.com\/original\/11ec87\/87e7f15040d8b2b15c45062b29b7\/2x-opony-caloroczne-Yokohama-GEOLANDAR-A-T-G015-235-75R17-108T-FR-Marka-Yokohama 500w\" sizes=\"100vw\" width=\"500px\" alt=\"2x opony ca\u0142oroczne Yokohama GEOLANDAR A\/T G015 235\/75R17 108T FR Marka Yokohama\" style=\"max-width: 100%; height: auto; display: block; margin: 0 auto;\"><\/div>\n<\/div>\n<\/div>\n<\/div>\n<\/div>\n<\/div>\n<div style=\"clear: both; display: block; margin: 10px 0;\">\n<div style=\"clear: both; display: block; margin: 10px 0;\">\n<div style=\"clear: both; display: block; margin: 10px 0;\">\n<h1>zestaw 2 sztuk nowych opon ca\u0142orocznych<\/h1>\n<h1>Yokohama GEOLANDAR A\/T G015 235\/75R17 108T FR OWL<\/h1>\n<p style=\"margin: 15px 0; line-height: 1.8; clear: both; display: block; width: 100%; float: none; position: static;\">\n<\/div>\n<\/div>\n<\/div>\n<div style=\"clear: both; display: block; margin: 10px 0;\">\n<div style=\"clear: both; display: block; margin: 10px 0;\">\n<div style=\"clear: both; display: block; margin: 10px 0;\">\n<div  style=\"max-width:344px;max-height:596px\">\n<div style=\"clear: both; display: block; margin: 10px 0;\">\n<div style=\"clear: both; width: 100%; display: block; margin: 20px 0; padding: 0; float: none; position: static; text-align: center;\"><img decoding=\"async\"  src=\"https:\/\/a.allegroimg.com\/original\/11aca1\/f756633741b1859e4eb4124428ad\/2x-opony-caloroczne-Yokohama-GEOLANDAR-A-T-G015-235-75R17-108T-FR\" srcset=\"https:\/\/a.allegroimg.com\/original\/11aca1\/f756633741b1859e4eb4124428ad\/2x-opony-caloroczne-Yokohama-GEOLANDAR-A-T-G015-235-75R17-108T-FR 207w,https:\/\/a.allegroimg.com\/original\/11aca1\/f756633741b1859e4eb4124428ad\/2x-opony-caloroczne-Yokohama-GEOLANDAR-A-T-G015-235-75R17-108T-FR 344w,https:\/\/a.allegroimg.com\/original\/11aca1\/f756633741b1859e4eb4124428ad\/2x-opony-caloroczne-Yokohama-GEOLANDAR-A-T-G015-235-75R17-108T-FR 344w\" sizes=\"(min-width: 1200px) 560px, (min-width: 992px) 50vw, 100vw\" width=\"344px\" alt=\"2x opony ca\u0142oroczne Yokohama GEOLANDAR A\/T G015 235\/75R17 108T FR\" style=\"max-width: 100%; height: auto; display: block; margin: 0 auto;\"><\/div>\n<\/div>\n<\/div>\n<\/div>\n<\/div>\n<div style=\"clear: both; display: block; margin: 10px 0;\">\n<div style=\"clear: both; display: block; margin: 10px 0;\">\n<p style=\"margin: 15px 0; line-height: 1.8; clear: both; display: block; width: 100%; float: none; position: static;\"><b>Yokohama GEOLANDAR A\/T G015<\/b> to opony <b>ca\u0142oroczne<\/b> przeznaczone do samochod\u00f3w <b>terenowych 4&#215;4<\/b>. Oryginalny produkt klasy <b>premium<\/b> renomowanej marki <b>Yokohama<\/b>. Bezkompromisowa jako\u015b\u0107. Bie\u017cnik typu AT (all-terrain), opony uniwersalne. \u015awietnie sprawdz\u0105 si\u0119 zar\u00f3wno na szosie jak i w terenie.<\/p>\n<ul style=\"margin: 15px 0; padding-left: 20px; clear: both; display: block; width: 100%; float: none; position: static;\">\n<li style=\"margin: 5px 0; padding: 2px 0; clear: both; display: list-item; float: none; position: static;\">rok produkcji: nie starsze ni\u017c <b>2023<\/b><\/li>\n<li style=\"margin: 5px 0; padding: 2px 0; clear: both; display: list-item; float: none; position: static;\">opony <b>nowe<\/b>, oryginalne, z gwarancj\u0105<\/li>\n<li style=\"margin: 5px 0; padding: 2px 0; clear: both; display: list-item; float: none; position: static;\"><b>FR<\/b> &#8211; opony posiadaj\u0105 rant chroni\u0105cy felg\u0119<\/li>\n<li style=\"margin: 5px 0; padding: 2px 0; clear: both; display: list-item; float: none; position: static;\">OWL &#8211; bia\u0142e napisy z boku opony<\/li>\n<li style=\"margin: 5px 0; padding: 2px 0; clear: both; display: list-item; float: none; position: static;\">uniwersalna przyczepno\u015b\u0107, zar\u00f3wno na szosie jak i w terenie<\/li>\n<li style=\"margin: 5px 0; padding: 2px 0; clear: both; display: list-item; float: none; position: static;\">wzmocniona konstrukcja, odporna na uszkodzenia<\/li>\n<li style=\"margin: 5px 0; padding: 2px 0; clear: both; display: list-item; float: none; position: static;\">d\u0142ugie przebiegi<\/li>\n<li style=\"margin: 5px 0; padding: 2px 0; clear: both; display: list-item; float: none; position: static;\">wysoka trwa\u0142o\u015b\u0107<\/li>\n<li style=\"margin: 5px 0; padding: 2px 0; clear: both; display: list-item; float: none; position: static;\">bie\u017cnik zu\u017cywa si\u0119 r\u00f3wnomiernie<\/li>\n<li style=\"margin: 5px 0; padding: 2px 0; clear: both; display: list-item; float: none; position: static;\">kr\u00f3tka droga hamowania i skuteczne sterowanie w ka\u017cdych warunkach pogodowych, przez ca\u0142y rok<\/li>\n<li style=\"margin: 5px 0; padding: 2px 0; clear: both; display: list-item; float: none; position: static;\">homologacja zimowa 3PMSF &#8211; opona w pe\u0142ni ca\u0142oroczna, doskonale sprawdzi si\u0119 zar\u00f3wno zim\u0105 jak i w lecie<\/li>\n<li style=\"margin: 5px 0; padding: 2px 0; clear: both; display: list-item; float: none; position: static;\">bardzo dobre odprowadzanie wody<\/li>\n<li style=\"margin: 5px 0; padding: 2px 0; clear: both; display: list-item; float: none; position: static;\">zabezpiecznie przed po\u015blizgiem na wodzie (aquaplaning)<\/li>\n<\/ul>\n<\/div>\n<\/div>\n<\/div>\n<div style=\"clear: both; display: block; margin: 10px 0;\">\n<div style=\"clear: both; display: block; margin: 10px 0;\">\n<div style=\"clear: both; display: block; margin: 10px 0;\">\n<div  style=\"max-width:400px;max-height:585px\">\n<div style=\"clear: both; display: block; margin: 10px 0;\">\n<div style=\"clear: both; width: 100%; display: block; margin: 20px 0; padding: 0; float: none; position: static; text-align: center;\"><img decoding=\"async\"  src=\"https:\/\/a.allegroimg.com\/original\/11e5d4\/b4671f184fecb1861662a073f27e\/2x-opony-caloroczne-Yokohama-GEOLANDAR-A-T-G015-235-75R17-108T-FR-Rok-produkcji-2023\" srcset=\"https:\/\/a.allegroimg.com\/original\/11e5d4\/b4671f184fecb1861662a073f27e\/2x-opony-caloroczne-Yokohama-GEOLANDAR-A-T-G015-235-75R17-108T-FR-Rok-produkcji-2023 246w,https:\/\/a.allegroimg.com\/original\/11e5d4\/b4671f184fecb1861662a073f27e\/2x-opony-caloroczne-Yokohama-GEOLANDAR-A-T-G015-235-75R17-108T-FR-Rok-produkcji-2023 400w,https:\/\/a.allegroimg.com\/original\/11e5d4\/b4671f184fecb1861662a073f27e\/2x-opony-caloroczne-Yokohama-GEOLANDAR-A-T-G015-235-75R17-108T-FR-Rok-produkcji-2023 400w\" sizes=\"100vw\" width=\"400px\" alt=\"2x opony ca\u0142oroczne Yokohama GEOLANDAR A\/T G015 235\/75R17 108T FR Rok produkcji 2023\" style=\"max-width: 100%; height: auto; display: block; margin: 0 auto;\"><\/div>\n<\/div>\n<\/div>\n<\/div>\n<\/div>\n<\/div>\n<\/div>\n<\/div>\n<\/div>\n<div style=\"clear: both; display: block; margin: 10px 0;\">\n","protected":false},"excerpt":{"rendered":"<p>zestaw 2 sztuk nowych opon ca\u0142orocznych<\/p>\n<p>Yokohama GEOLANDAR A\/T G015 235\/75R17 108T FR OWL<\/p>\n<p>Yokohama GEOLANDAR A\/T G015 to opony ca\u0142oroczne przeznaczone do samochod\u00f3w terenowych 4&#215;4. Oryginalny produkt klasy premium renomowanej marki Yokohama. Bezkompromisowa jako\u015b\u0107. Bie\u017cnik typu AT (all-terrain), opony uniwersalne. \u015awietnie sprawdz\u0105 si\u0119 zar\u00f3wno na szosie jak i w terenie.<\/p>\n<p>rok produkcji: nie starsze ni\u017c 2023<\/p>\n<p>opony nowe, oryginalne, z gwarancj\u0105<\/p>\n<p>FR &#8211; opony posiadaj\u0105 rant chroni\u0105cy felg\u0119<\/p>\n<p>OWL &#8211; bia\u0142e napisy z boku opony<\/p>\n<p>uniwersalna przyczepno\u015b\u0107, zar\u00f3wno na szosie jak i w terenie<\/p>\n","protected":false},"featured_media":15607,"template":"","meta":{"_uag_custom_page_level_css":""},"product_brand":[410],"product_cat":[416,428,413,412],"product_tag":[],"class_list":{"0":"post-15606","1":"product","2":"type-product","3":"status-publish","4":"has-post-thumbnail","6":"product_brand-yokohama","7":"product_cat-caloroczne","8":"product_cat-do-samochodow-terenowych-i-4x4","9":"product_cat-opony","10":"product_cat-opony-i-felgi","12":"first","13":"instock","14":"shipping-taxable","15":"purchasable","16":"product-type-simple"},"uagb_featured_image_src":{"full":["https:\/\/oponixo.shop\/tire\/wp-content\/uploads\/2026\/01\/allegro-image-15606.jpg",344,596,false],"thumbnail":["https:\/\/oponixo.shop\/tire\/wp-content\/uploads\/2026\/01\/allegro-image-15606-150x150.jpg",150,150,true],"medium":["https:\/\/oponixo.shop\/tire\/wp-content\/uploads\/2026\/01\/allegro-image-15606-173x300.jpg",173,300,true],"medium_large":["https:\/\/oponixo.shop\/tire\/wp-content\/uploads\/2026\/01\/allegro-image-15606.jpg",344,596,false],"large":["https:\/\/oponixo.shop\/tire\/wp-content\/uploads\/2026\/01\/allegro-image-15606.jpg",344,596,false],"1536x1536":["https:\/\/oponixo.shop\/tire\/wp-content\/uploads\/2026\/01\/allegro-image-15606.jpg",344,596,false],"2048x2048":["https:\/\/oponixo.shop\/tire\/wp-content\/uploads\/2026\/01\/allegro-image-15606.jpg",344,596,false],"woocommerce_thumbnail":["https:\/\/oponixo.shop\/tire\/wp-content\/uploads\/2026\/01\/allegro-image-15606-300x300.jpg",300,300,true],"woocommerce_single":["https:\/\/oponixo.shop\/tire\/wp-content\/uploads\/2026\/01\/allegro-image-15606.jpg",344,596,false],"woocommerce_gallery_thumbnail":["https:\/\/oponixo.shop\/tire\/wp-content\/uploads\/2026\/01\/allegro-image-15606-100x100.jpg",100,100,true]},"uagb_author_info":{"display_name":"admin","author_link":"https:\/\/oponixo.shop\/tire\/author\/"},"uagb_comment_info":0,"uagb_excerpt":"zestaw 2 sztuk nowych opon ca\u0142orocznych Yokohama GEOLANDAR A\/T G015 235\/75R17 108T FR OWL Yokohama GEOLANDAR A\/T G015 to opony ca\u0142oroczne przeznaczone do samochod\u00f3w terenowych 4x4. Oryginalny produkt klasy premium renomowanej marki Yokohama. Bezkompromisowa jako\u015b\u0107. Bie\u017cnik typu AT (all-terrain), opony uniwersalne. \u015awietnie sprawdz\u0105 si\u0119 zar\u00f3wno na szosie jak i w terenie. rok produkcji: nie starsze&hellip;","_links":{"self":[{"href":"https:\/\/oponixo.shop\/tire\/wp-json\/wp\/v2\/product\/15606","targetHints":{"allow":["GET"]}}],"collection":[{"href":"https:\/\/oponixo.shop\/tire\/wp-json\/wp\/v2\/product"}],"about":[{"href":"https:\/\/oponixo.shop\/tire\/wp-json\/wp\/v2\/types\/product"}],"wp:featuredmedia":[{"embeddable":true,"href":"https:\/\/oponixo.shop\/tire\/wp-json\/wp\/v2\/media\/15607"}],"wp:attachment":[{"href":"https:\/\/oponixo.shop\/tire\/wp-json\/wp\/v2\/media?parent=15606"}],"wp:term":[{"taxonomy":"product_brand","embeddable":true,"href":"https:\/\/oponixo.shop\/tire\/wp-json\/wp\/v2\/product_brand?post=15606"},{"taxonomy":"product_cat","embeddable":true,"href":"https:\/\/oponixo.shop\/tire\/wp-json\/wp\/v2\/product_cat?post=15606"},{"taxonomy":"product_tag","embeddable":true,"href":"https:\/\/oponixo.shop\/tire\/wp-json\/wp\/v2\/product_tag?post=15606"}],"curies":[{"name":"wp","href":"https:\/\/api.w.org\/{rel}","templated":true}]}}