{"id":15608,"date":"2026-01-16T03:21:25","date_gmt":"2026-01-16T02:21:25","guid":{"rendered":"https:\/\/oponyauto.shop\/xef5\/produkt\/2x-davanti-vantoura-195-75r15-110-108-r\/"},"modified":"2026-01-16T03:21:26","modified_gmt":"2026-01-16T02:21:26","slug":"2x-davanti-vantoura-195-75r15-110-108-r","status":"publish","type":"product","link":"https:\/\/oponixo.shop\/tire\/produkt\/2x-davanti-vantoura-195-75r15-110-108-r\/","title":{"rendered":"2x DAVANTI VANTOURA 195\/75R15 110\/108 R"},"content":{"rendered":"<div style=\"font-family: Arial, sans-serif; line-height: 1.6; color: #333; padding: 20px; clear: both; display: block; width: 100%; float: none; position: static; overflow: hidden;\">\n<div style=\"clear: both; display: block; margin: 10px 0;\">\n<div style=\"clear: both; display: block; margin: 10px 0;\">\n<div style=\"clear: both; display: block; margin: 10px 0;\">\n<h2>2x DAVANTI VANTOURA 195\/75R15 110\/108 R<\/h2>\n<\/div>\n<\/div>\n<\/div>\n<div style=\"clear: both; display: block; margin: 10px 0;\">\n<div style=\"clear: both; display: block; margin: 10px 0;\">\n<div style=\"clear: both; display: block; margin: 10px 0;\">\n<div  style=\"max-width:920px;max-height:1120px\">\n<div style=\"clear: both; display: block; margin: 10px 0;\">\n<div style=\"clear: both; width: 100%; display: block; margin: 20px 0; padding: 0; float: none; position: static; text-align: center;\"><img decoding=\"async\"  src=\"https:\/\/a.allegroimg.com\/original\/11f585\/30cb7a8440b3acd6d4e0423c7589\/2x-DAVANTI-VANTOURA-195-75R15-110-108-R\" srcset=\"https:\/\/a.allegroimg.com\/original\/11f585\/30cb7a8440b3acd6d4e0423c7589\/2x-DAVANTI-VANTOURA-195-75R15-110-108-R 295w,https:\/\/a.allegroimg.com\/original\/11f585\/30cb7a8440b3acd6d4e0423c7589\/2x-DAVANTI-VANTOURA-195-75R15-110-108-R 591w,https:\/\/a.allegroimg.com\/original\/11f585\/30cb7a8440b3acd6d4e0423c7589\/2x-DAVANTI-VANTOURA-195-75R15-110-108-R 841w,https:\/\/a.allegroimg.com\/original\/11f585\/30cb7a8440b3acd6d4e0423c7589\/2x-DAVANTI-VANTOURA-195-75R15-110-108-R 920w,https:\/\/a.allegroimg.com\/original\/11f585\/30cb7a8440b3acd6d4e0423c7589\/2x-DAVANTI-VANTOURA-195-75R15-110-108-R 920w\" sizes=\"(min-width: 1200px) 560px, (min-width: 992px) 50vw, 100vw\" width=\"920px\" alt=\"2x DAVANTI VANTOURA 195\/75R15 110\/108 R\" style=\"max-width: 100%; height: auto; display: block; margin: 0 auto;\"><\/div>\n<\/div>\n<\/div>\n<\/div>\n<\/div>\n<div style=\"clear: both; display: block; margin: 10px 0;\">\n<div style=\"clear: both; display: block; margin: 10px 0;\">\n<h2>Zimowe opony DAVANTI VANTOURA 195\/75 R15 110\/108 R<\/h2>\n<p style=\"margin: 15px 0; line-height: 1.8; clear: both; display: block; width: 100%; float: none; position: static;\">Opony DAVANTI VANTOURA to znacz\u0105cy model w portfolio producenta.&nbsp;<\/p>\n<p style=\"margin: 15px 0; line-height: 1.8; clear: both; display: block; width: 100%; float: none; position: static;\">Charakteryzuje si\u0119 optymalnym oporem toczenia. Opony klasy ekonomicznej maj\u0105 \u015bwietny stosunek jako\u015bci do ceny.<\/p>\n<ul style=\"margin: 15px 0; padding-left: 20px; clear: both; display: block; width: 100%; float: none; position: static;\">\n<li style=\"margin: 5px 0; padding: 2px 0; clear: both; display: list-item; float: none; position: static;\"><b>Stan:<\/b>&nbsp;Nowy<\/li>\n<li style=\"margin: 5px 0; padding: 2px 0; clear: both; display: list-item; float: none; position: static;\"><b>EAN:<\/b>&nbsp;5060408163887<\/li>\n<li style=\"margin: 5px 0; padding: 2px 0; clear: both; display: list-item; float: none; position: static;\"><b>Producent:<\/b> DAVANTI<\/li>\n<li style=\"margin: 5px 0; padding: 2px 0; clear: both; display: list-item; float: none; position: static;\"><b>Model:<\/b> VANTOURA<\/li>\n<li style=\"margin: 5px 0; padding: 2px 0; clear: both; display: list-item; float: none; position: static;\"><b>Rozmiar:<\/b> 195\/75 R15<\/li>\n<li style=\"margin: 5px 0; padding: 2px 0; clear: both; display: list-item; float: none; position: static;\"><b>Indeks no\u015bno\u015bci:<\/b> 110\/108<\/li>\n<li style=\"margin: 5px 0; padding: 2px 0; clear: both; display: list-item; float: none; position: static;\"><b>Indeks pr\u0119dko\u015bci:<\/b> R<\/li>\n<li style=\"margin: 5px 0; padding: 2px 0; clear: both; display: list-item; float: none; position: static;\"><b>Ha\u0142as db:<\/b>&nbsp;68<\/li>\n<li style=\"margin: 5px 0; padding: 2px 0; clear: both; display: list-item; float: none; position: static;\"><b>Sezon:<\/b> Zimowe<\/li>\n<li style=\"margin: 5px 0; padding: 2px 0; clear: both; display: list-item; float: none; position: static;\"><b>Rok produkcji:<\/b> nie starsze ni\u017c 36 miesi\u0119cy<\/li>\n<li style=\"margin: 5px 0; padding: 2px 0; clear: both; display: list-item; float: none; position: static;\"><b>Przeznaczenie:<\/b> Osobowe<\/li>\n<li style=\"margin: 5px 0; padding: 2px 0; clear: both; display: list-item; float: none; position: static;\"><b>Kl. przycz. na mokrej naw.:<\/b>&nbsp;B<\/li>\n<li style=\"margin: 5px 0; padding: 2px 0; clear: both; display: list-item; float: none; position: static;\"><b>Kl. efekt. paliwowej:&nbsp;<\/b>C<\/li>\n<\/ul>\n<\/div>\n<\/div>\n<\/div>\n<div style=\"clear: both; display: block; margin: 10px 0;\">\n<div style=\"clear: both; display: block; margin: 10px 0;\">\n<div style=\"clear: both; display: block; margin: 10px 0;\">\n<div  style=\"max-width:539px;max-height:93px\">\n<div style=\"clear: both; display: block; margin: 10px 0;\">\n<div style=\"clear: both; width: 100%; display: block; margin: 20px 0; padding: 0; float: none; position: static; text-align: center;\"><img decoding=\"async\"  src=\"https:\/\/a.allegroimg.com\/original\/1129a8\/b7114beb4cfa9bd8e7f51033bf1c\/2x-DAVANTI-VANTOURA-195-75R15-110-108-R-Liczba-opon-w-ofercie-2-szt\" srcset=\"https:\/\/a.allegroimg.com\/original\/1129a8\/b7114beb4cfa9bd8e7f51033bf1c\/2x-DAVANTI-VANTOURA-195-75R15-110-108-R-Liczba-opon-w-ofercie-2-szt 360w,https:\/\/a.allegroimg.com\/original\/1129a8\/b7114beb4cfa9bd8e7f51033bf1c\/2x-DAVANTI-VANTOURA-195-75R15-110-108-R-Liczba-opon-w-ofercie-2-szt 539w,https:\/\/a.allegroimg.com\/original\/1129a8\/b7114beb4cfa9bd8e7f51033bf1c\/2x-DAVANTI-VANTOURA-195-75R15-110-108-R-Liczba-opon-w-ofercie-2-szt 539w\" sizes=\"100vw\" width=\"539px\" alt=\"2x DAVANTI VANTOURA 195\/75R15 110\/108 R Liczba opon w ofercie 2 szt.\" style=\"max-width: 100%; height: auto; display: block; margin: 0 auto;\"><\/div>\n<\/div>\n<\/div>\n<\/div>\n<\/div>\n<\/div>\n<div style=\"clear: both; display: block; margin: 10px 0;\">\n<div style=\"clear: both; display: block; margin: 10px 0;\">\n<div style=\"clear: both; display: block; margin: 10px 0;\">\n<p style=\"margin: 15px 0; line-height: 1.8; clear: both; display: block; width: 100%; float: none; position: static;\">Marka opon DAVANTI to znany producent opon samochodowych, kt\u00f3ry zdobywa coraz wi\u0119ksz\u0105 popularno\u015b\u0107 na rynku. Firma oferuje r\u00f3\u017cne rodzaje opon, w tym letnie, zimowe i ca\u0142oroczne, dostosowane do r\u00f3\u017cnych rodzaj\u00f3w pojazd\u00f3w.<\/p>\n<p style=\"margin: 15px 0; line-height: 1.8; clear: both; display: block; width: 100%; float: none; position: static;\">Opony DAVANTI wyr\u00f3\u017cniaj\u0105 si\u0119 trwa\u0142o\u015bci\u0105, przyczepno\u015bci\u0105 i komfortem jazdy, co przek\u0142ada si\u0119 na pozytywne opinie kierowc\u00f3w. Firma ta anga\u017cuje si\u0119 w badania i rozw\u00f3j, wprowadzaj\u0105c innowacyjne technologie, kt\u00f3re poprawiaj\u0105 osi\u0105gi i bezpiecze\u0144stwo na drodze.<\/p>\n<p style=\"margin: 15px 0; line-height: 1.8; clear: both; display: block; width: 100%; float: none; position: static;\">DAVANTI to marka, kt\u00f3ra oferuje atrakcyjny stosunek jako\u015bci do ceny, przyci\u0105gaj\u0105c klient\u00f3w poszukuj\u0105cych wysokiej jako\u015bci opon przy jednoczesnym zachowaniu przyst\u0119pnych cen.<\/p>\n<\/div>\n<\/div>\n<\/div>\n<div style=\"clear: both; display: block; margin: 10px 0;\">\n<div style=\"clear: both; display: block; margin: 10px 0;\">\n<div style=\"clear: both; display: block; margin: 10px 0;\">\n<div  style=\"max-width:1200px;max-height:1758px\">\n<div style=\"clear: both; display: block; margin: 10px 0;\">\n<div style=\"clear: both; width: 100%; display: block; margin: 20px 0; padding: 0; float: none; position: static; text-align: center;\"><img decoding=\"async\"  src=\"https:\/\/a.allegroimg.com\/original\/115eb2\/b958bcbc4851b7c025e947b573b0\/2x-DAVANTI-VANTOURA-195-75R15-110-108-R-Marka-Davanti\" srcset=\"https:\/\/a.allegroimg.com\/original\/115eb2\/b958bcbc4851b7c025e947b573b0\/2x-DAVANTI-VANTOURA-195-75R15-110-108-R-Marka-Davanti 245w,https:\/\/a.allegroimg.com\/original\/115eb2\/b958bcbc4851b7c025e947b573b0\/2x-DAVANTI-VANTOURA-195-75R15-110-108-R-Marka-Davanti 491w,https:\/\/a.allegroimg.com\/original\/115eb2\/b958bcbc4851b7c025e947b573b0\/2x-DAVANTI-VANTOURA-195-75R15-110-108-R-Marka-Davanti 698w,https:\/\/a.allegroimg.com\/original\/115eb2\/b958bcbc4851b7c025e947b573b0\/2x-DAVANTI-VANTOURA-195-75R15-110-108-R-Marka-Davanti 982w,https:\/\/a.allegroimg.com\/original\/115eb2\/b958bcbc4851b7c025e947b573b0\/2x-DAVANTI-VANTOURA-195-75R15-110-108-R-Marka-Davanti 1200w\" sizes=\"(min-width: 1200px) 560px, (min-width: 992px) 50vw, 100vw\" width=\"1200px\" alt=\"2x DAVANTI VANTOURA 195\/75R15 110\/108 R Marka Davanti\" style=\"max-width: 100%; height: auto; display: block; margin: 0 auto;\"><\/div>\n<\/div>\n<\/div>\n<\/div>\n<\/div>\n<div style=\"clear: both; display: block; margin: 10px 0;\">\n<div style=\"clear: both; display: block; margin: 10px 0;\">\n<p style=\"margin: 15px 0; line-height: 1.8; clear: both; display: block; width: 100%; float: none; position: static;\">Dlaczego warto kupowa\u0107 u Nas ?<\/p>\n<p style=\"margin: 15px 0; line-height: 1.8; clear: both; display: block; width: 100%; float: none; position: static;\">Jeste\u015bmy firm\u0105, kt\u00f3ra na podstawie wieloletniego do\u015bwiadczenia z zaanga\u017cowaniem pomaga klientom w doborze oraz kupnie opon.<\/p>\n<p style=\"margin: 15px 0; line-height: 1.8; clear: both; display: block; width: 100%; float: none; position: static;\">Posiadamy szerok\u0105 game opon do aut osobowych, dostawczych, cie\u017carowych, motocyki jak i opon przemys\u0142owych.<\/p>\n<p style=\"margin: 15px 0; line-height: 1.8; clear: both; display: block; width: 100%; float: none; position: static;\">Gwarancja satysfakcjii oraz bezpiecznie przejechanych kilometr\u00f3w.<\/p>\n<p style=\"margin: 15px 0; line-height: 1.8; clear: both; display: block; width: 100%; float: none; position: static;\">Zosta\u0144 naszym kolejnym zadowolonym klientem.<\/p>\n<p style=\"margin: 15px 0; line-height: 1.8; clear: both; display: block; width: 100%; float: none; position: static;\">ZAPRASZAMY DO ZAKUP\u00d3W.<\/p>\n<\/div>\n<\/div>\n<\/div>\n<\/div>\n<\/div>\n<\/div>\n<div style=\"clear: both; display: block; margin: 10px 0;\">\n","protected":false},"excerpt":{"rendered":"<p>2x DAVANTI VANTOURA 195\/75R15 110\/108 R<\/p>\n<p>Zimowe opony DAVANTI VANTOURA 195\/75 R15 110\/108 R<\/p>\n<p>Opony DAVANTI VANTOURA to znacz\u0105cy model w portfolio producenta.&nbsp;<\/p>\n<p>Charakteryzuje si\u0119 optymalnym oporem toczenia. Opony klasy ekonomicznej maj\u0105 \u015bwietny stosunek jako\u015bci do ceny.<\/p>\n<p>Stan:&nbsp;Nowy<\/p>\n<p>EAN:&nbsp;5060408163887<\/p>\n<p>Producent: DAVANTI<\/p>\n<p>Model: VANTOURA<\/p>\n","protected":false},"featured_media":15609,"template":"","meta":{"_uag_custom_page_level_css":""},"product_brand":[444],"product_cat":[416,417,413,412],"product_tag":[],"class_list":{"0":"post-15608","1":"product","2":"type-product","3":"status-publish","4":"has-post-thumbnail","6":"product_brand-davanti","7":"product_cat-caloroczne","8":"product_cat-do-samochodow-dostawczych","9":"product_cat-opony","10":"product_cat-opony-i-felgi","12":"first","13":"instock","14":"shipping-taxable","15":"purchasable","16":"product-type-simple"},"uagb_featured_image_src":{"full":["https:\/\/oponixo.shop\/tire\/wp-content\/uploads\/2026\/01\/allegro-image-15608.jpg",920,1120,false],"thumbnail":["https:\/\/oponixo.shop\/tire\/wp-content\/uploads\/2026\/01\/allegro-image-15608-150x150.jpg",150,150,true],"medium":["https:\/\/oponixo.shop\/tire\/wp-content\/uploads\/2026\/01\/allegro-image-15608-246x300.jpg",246,300,true],"medium_large":["https:\/\/oponixo.shop\/tire\/wp-content\/uploads\/2026\/01\/allegro-image-15608-768x935.jpg",768,935,true],"large":["https:\/\/oponixo.shop\/tire\/wp-content\/uploads\/2026\/01\/allegro-image-15608-841x1024.jpg",841,1024,true],"1536x1536":["https:\/\/oponixo.shop\/tire\/wp-content\/uploads\/2026\/01\/allegro-image-15608.jpg",920,1120,false],"2048x2048":["https:\/\/oponixo.shop\/tire\/wp-content\/uploads\/2026\/01\/allegro-image-15608.jpg",920,1120,false],"woocommerce_thumbnail":["https:\/\/oponixo.shop\/tire\/wp-content\/uploads\/2026\/01\/allegro-image-15608-300x300.jpg",300,300,true],"woocommerce_single":["https:\/\/oponixo.shop\/tire\/wp-content\/uploads\/2026\/01\/allegro-image-15608-600x730.jpg",600,730,true],"woocommerce_gallery_thumbnail":["https:\/\/oponixo.shop\/tire\/wp-content\/uploads\/2026\/01\/allegro-image-15608-100x100.jpg",100,100,true]},"uagb_author_info":{"display_name":"admin","author_link":"https:\/\/oponixo.shop\/tire\/author\/"},"uagb_comment_info":0,"uagb_excerpt":"2x DAVANTI VANTOURA 195\/75R15 110\/108 R Zimowe opony DAVANTI VANTOURA 195\/75 R15 110\/108 R Opony DAVANTI VANTOURA to znacz\u0105cy model w portfolio producenta.&nbsp; Charakteryzuje si\u0119 optymalnym oporem toczenia. Opony klasy ekonomicznej maj\u0105 \u015bwietny stosunek jako\u015bci do ceny. Stan:&nbsp;Nowy EAN:&nbsp;5060408163887 Producent: DAVANTI Model: VANTOURA","_links":{"self":[{"href":"https:\/\/oponixo.shop\/tire\/wp-json\/wp\/v2\/product\/15608","targetHints":{"allow":["GET"]}}],"collection":[{"href":"https:\/\/oponixo.shop\/tire\/wp-json\/wp\/v2\/product"}],"about":[{"href":"https:\/\/oponixo.shop\/tire\/wp-json\/wp\/v2\/types\/product"}],"wp:featuredmedia":[{"embeddable":true,"href":"https:\/\/oponixo.shop\/tire\/wp-json\/wp\/v2\/media\/15609"}],"wp:attachment":[{"href":"https:\/\/oponixo.shop\/tire\/wp-json\/wp\/v2\/media?parent=15608"}],"wp:term":[{"taxonomy":"product_brand","embeddable":true,"href":"https:\/\/oponixo.shop\/tire\/wp-json\/wp\/v2\/product_brand?post=15608"},{"taxonomy":"product_cat","embeddable":true,"href":"https:\/\/oponixo.shop\/tire\/wp-json\/wp\/v2\/product_cat?post=15608"},{"taxonomy":"product_tag","embeddable":true,"href":"https:\/\/oponixo.shop\/tire\/wp-json\/wp\/v2\/product_tag?post=15608"}],"curies":[{"name":"wp","href":"https:\/\/api.w.org\/{rel}","templated":true}]}}