{"id":15626,"date":"2026-01-16T03:21:31","date_gmt":"2026-01-16T02:21:31","guid":{"rendered":"https:\/\/oponyauto.shop\/xef5\/produkt\/2x-goodyear-wrangler-duratrac-rt-285-70r17-121-118q-fp-owl-por-2024-r\/"},"modified":"2026-01-16T03:21:32","modified_gmt":"2026-01-16T02:21:32","slug":"2x-goodyear-wrangler-duratrac-rt-285-70r17-121-118q-fp-owl-por-2024-r","status":"publish","type":"product","link":"https:\/\/oponixo.shop\/tire\/produkt\/2x-goodyear-wrangler-duratrac-rt-285-70r17-121-118q-fp-owl-por-2024-r\/","title":{"rendered":"2x GOODYEAR Wrangler Duratrac RT 285\/70R17 121\/118Q FP OWL, POR 2024 r"},"content":{"rendered":"<div style=\"font-family: Arial, sans-serif; line-height: 1.6; color: #333; padding: 20px; clear: both; display: block; width: 100%; float: none; position: static; overflow: hidden;\">\n<div style=\"clear: both; display: block; margin: 10px 0;\">\n<div style=\"clear: both; display: block; margin: 10px 0;\">\n<div style=\"clear: both; display: block; margin: 10px 0;\">\n<h1>Rok produkcji: 2024<\/h1>\n<\/div>\n<\/div>\n<\/div>\n<div style=\"clear: both; display: block; margin: 10px 0;\">\n<div style=\"clear: both; display: block; margin: 10px 0;\">\n<div style=\"clear: both; display: block; margin: 10px 0;\">\n<div  style=\"max-width:1200px;max-height:1126px\">\n<div style=\"clear: both; display: block; margin: 10px 0;\">\n<div style=\"clear: both; width: 100%; display: block; margin: 20px 0; padding: 0; float: none; position: static; text-align: center;\"><img decoding=\"async\"  src=\"https:\/\/a.allegroimg.com\/original\/1157ca\/c7603d7849c690e41e2433f5490c\/2x-GOODYEAR-Wrangler-Duratrac-RT-285-70R17-121-118Q-FP-OWL-POR-2024-r\" srcset=\"https:\/\/a.allegroimg.com\/original\/1157ca\/c7603d7849c690e41e2433f5490c\/2x-GOODYEAR-Wrangler-Duratrac-RT-285-70R17-121-118Q-FP-OWL-POR-2024-r 360w,https:\/\/a.allegroimg.com\/original\/1157ca\/c7603d7849c690e41e2433f5490c\/2x-GOODYEAR-Wrangler-Duratrac-RT-285-70R17-121-118Q-FP-OWL-POR-2024-r 720w,https:\/\/a.allegroimg.com\/original\/1157ca\/c7603d7849c690e41e2433f5490c\/2x-GOODYEAR-Wrangler-Duratrac-RT-285-70R17-121-118Q-FP-OWL-POR-2024-r 1024w,https:\/\/a.allegroimg.com\/original\/1157ca\/c7603d7849c690e41e2433f5490c\/2x-GOODYEAR-Wrangler-Duratrac-RT-285-70R17-121-118Q-FP-OWL-POR-2024-r 1200w,https:\/\/a.allegroimg.com\/original\/1157ca\/c7603d7849c690e41e2433f5490c\/2x-GOODYEAR-Wrangler-Duratrac-RT-285-70R17-121-118Q-FP-OWL-POR-2024-r 1200w\" sizes=\"(min-width: 1200px) 560px, (min-width: 992px) 50vw, 100vw\" width=\"1200px\" alt=\"2x GOODYEAR Wrangler Duratrac RT 285\/70R17 121\/118Q FP OWL, POR 2024 r\" style=\"max-width: 100%; height: auto; display: block; margin: 0 auto;\"><\/div>\n<\/div>\n<\/div>\n<\/div>\n<\/div>\n<div style=\"clear: both; display: block; margin: 10px 0;\">\n<div style=\"clear: both; display: block; margin: 10px 0;\">\n<h1>GOODYEAR Wrangler Duratrac RT 285\/70R17 121\/118Q FP POROWL<\/h1>\n<h2>H05GM0<\/h2>\n<ul style=\"margin: 15px 0; padding-left: 20px; clear: both; display: block; width: 100%; float: none; position: static;\">\n<li style=\"margin: 5px 0; padding: 2px 0; clear: both; display: list-item; float: none; position: static;\"><b>Data produkcji :<\/b> 2024<\/li>\n<li style=\"margin: 5px 0; padding: 2px 0; clear: both; display: list-item; float: none; position: static;\"><b>Indeks :<\/b> 285\/70R17 LTGO 121Q WDRT<\/li>\n<li style=\"margin: 5px 0; padding: 2px 0; clear: both; display: list-item; float: none; position: static;\"><b>Indeks no\u015bno\u015bci :<\/b> 121\/118<\/li>\n<li style=\"margin: 5px 0; padding: 2px 0; clear: both; display: list-item; float: none; position: static;\"><b>Indeks pr\u0119dko\u015bci :<\/b> Q &#8211; 160 km\/h<\/li>\n<li style=\"margin: 5px 0; padding: 2px 0; clear: both; display: list-item; float: none; position: static;\"><b>Klasa opony :<\/b> premium<\/li>\n<li style=\"margin: 5px 0; padding: 2px 0; clear: both; display: list-item; float: none; position: static;\"><b>Kod EAN :<\/b> 4038526346476<\/li>\n<li style=\"margin: 5px 0; padding: 2px 0; clear: both; display: list-item; float: none; position: static;\"><b>Kod producenta :<\/b> 587668<\/li>\n<li style=\"margin: 5px 0; padding: 2px 0; clear: both; display: list-item; float: none; position: static;\"><b>Model bie\u017cnika :<\/b> Wrangler Duratrac RT<\/li>\n<li style=\"margin: 5px 0; padding: 2px 0; clear: both; display: list-item; float: none; position: static;\"><b>Nazwa produktu :<\/b> GOODYEAR Wrangler Duratrac RT 285\/70R17 121\/118Q FP OWL, POR<\/li>\n<li style=\"margin: 5px 0; padding: 2px 0; clear: both; display: list-item; float: none; position: static;\"><b>opona na dedykowan\u0105 o\u015b :<\/b> Prz\u00f3d\/Ty\u0142<\/li>\n<li style=\"margin: 5px 0; padding: 2px 0; clear: both; display: list-item; float: none; position: static;\"><b>Producent :<\/b> GOODYEAR<\/li>\n<li style=\"margin: 5px 0; padding: 2px 0; clear: both; display: list-item; float: none; position: static;\"><b>Profil :<\/b> 70<\/li>\n<li style=\"margin: 5px 0; padding: 2px 0; clear: both; display: list-item; float: none; position: static;\"><b>Przeznaczenie :<\/b> samochody osobowe, SUV\/4&#215;4<\/li>\n<li style=\"margin: 5px 0; padding: 2px 0; clear: both; display: list-item; float: none; position: static;\"><b>Rant opony :<\/b> FP<\/li>\n<li style=\"margin: 5px 0; padding: 2px 0; clear: both; display: list-item; float: none; position: static;\"><b>Sezon :<\/b> letnia<\/li>\n<li style=\"margin: 5px 0; padding: 2px 0; clear: both; display: list-item; float: none; position: static;\"><b>\u015arednica :<\/b> 17&#8243;<\/li>\n<li style=\"margin: 5px 0; padding: 2px 0; clear: both; display: list-item; float: none; position: static;\"><b>Szeroko\u015b\u0107 :<\/b> 285<\/li>\n<li style=\"margin: 5px 0; padding: 2px 0; clear: both; display: list-item; float: none; position: static;\"><b>zastosowana technologia :<\/b> OWL, POR<\/li>\n<\/ul>\n<\/div>\n<\/div>\n<\/div>\n<div style=\"clear: both; display: block; margin: 10px 0;\">\n<div style=\"clear: both; display: block; margin: 10px 0;\">\n<div style=\"clear: both; display: block; margin: 10px 0;\">\n<p style=\"margin: 15px 0; line-height: 1.8; clear: both; display: block; width: 100%; float: none; position: static;\">587668, Wrangler Duratrac RT, GOODYEAR, Letnia, Opona Off Road, FP, M+S, OWL, POR,<\/p>\n<\/div>\n<\/div>\n<div style=\"clear: both; display: block; margin: 10px 0;\">\n<div style=\"clear: both; display: block; margin: 10px 0;\">\n<div  style=\"max-width:886px;max-height:1299px\">\n<div style=\"clear: both; display: block; margin: 10px 0;\">\n<div style=\"clear: both; width: 100%; display: block; margin: 20px 0; padding: 0; float: none; position: static; text-align: center;\"><img decoding=\"async\"  src=\"https:\/\/a.allegroimg.com\/original\/118319\/ba45e7b94491b1cdac8e156e0618\/2x-GOODYEAR-Wrangler-Duratrac-RT-285-70R17-121-118Q-FP-OWL-POR-2024-r-Srednica-17\" srcset=\"https:\/\/a.allegroimg.com\/original\/118319\/ba45e7b94491b1cdac8e156e0618\/2x-GOODYEAR-Wrangler-Duratrac-RT-285-70R17-121-118Q-FP-OWL-POR-2024-r-Srednica-17 245w,https:\/\/a.allegroimg.com\/original\/118319\/ba45e7b94491b1cdac8e156e0618\/2x-GOODYEAR-Wrangler-Duratrac-RT-285-70R17-121-118Q-FP-OWL-POR-2024-r-Srednica-17 491w,https:\/\/a.allegroimg.com\/original\/118319\/ba45e7b94491b1cdac8e156e0618\/2x-GOODYEAR-Wrangler-Duratrac-RT-285-70R17-121-118Q-FP-OWL-POR-2024-r-Srednica-17 698w,https:\/\/a.allegroimg.com\/original\/118319\/ba45e7b94491b1cdac8e156e0618\/2x-GOODYEAR-Wrangler-Duratrac-RT-285-70R17-121-118Q-FP-OWL-POR-2024-r-Srednica-17 886w,https:\/\/a.allegroimg.com\/original\/118319\/ba45e7b94491b1cdac8e156e0618\/2x-GOODYEAR-Wrangler-Duratrac-RT-285-70R17-121-118Q-FP-OWL-POR-2024-r-Srednica-17 886w\" sizes=\"(min-width: 1200px) 560px, (min-width: 992px) 50vw, 100vw\" width=\"886px\" alt=\"2x GOODYEAR Wrangler Duratrac RT 285\/70R17 121\/118Q FP OWL, POR 2024 r \u015arednica 17&quot;\" style=\"max-width: 100%; height: auto; display: block; margin: 0 auto;\"><\/div>\n<\/div>\n<\/div>\n<\/div>\n<\/div>\n<\/div>\n<div style=\"clear: both; display: block; margin: 10px 0;\">\n<div style=\"clear: both; display: block; margin: 10px 0;\">\n<div style=\"clear: both; display: block; margin: 10px 0;\">\n<p style=\"margin: 15px 0; line-height: 1.8; clear: both; display: block; width: 100%; float: none; position: static;\">Wychodz\u0105c naprzeciw oczekiwaniom Klient\u00f3w i chc\u0105c spe\u0142nia\u0107 jak najwy\u017csze standardy obs\u0142ugi dok\u0142adamy wszelkich stara\u0144, aby podawa\u0107 precyzyjn\u0105 dat\u0119 produkcji opony (DOT). Niestety, w wyj\u0105tkowych przypadkach, mo\u017ce zdarzy\u0107 si\u0119, \u017ce opony, kt\u00f3re wy\u015blemy b\u0119d\u0105 mia\u0142y inn\u0105 dat\u0119 produkcji ni\u017c podana. Sytuacja mo\u017ce dotyczy\u0107 zar\u00f3wno opon z DOT-em wcze\u015bniejszym jak i p\u00f3\u017aniejszym. Chcieliby\u015bmy podkre\u015bli\u0107, \u017ce warunki przechowywania opon w naszych magazynach spe\u0142niaj\u0105 Polsk\u0105 Norm\u0119 PN-C-94300-7 dzi\u0119ki czemu nawet opona przechowywana 24 miesi\u0105ce ma parametry takie same jak opona z bie\u017c\u0105cego roku. Warto pami\u0119ta\u0107 tak\u017ce o fakcie, \u017ce w przypadku wielu rozmiar\u00f3w i producent\u00f3w plany produkcyjne fabryk uniemo\u017cliwiaj\u0105 zakup opony z bie\u017c\u0105cego roku.<\/p>\n<p style=\"margin: 15px 0; line-height: 1.8; clear: both; display: block; width: 100%; float: none; position: static;\">Przy zakupie opon pami\u0119taj o sprawdzeniu w instrukcji samochodu lub na w\u0142a\u015bciwej stronie internetowej, jakie ogumienie zaleca producent Twojego auta. \u0179le dobrane opony mog\u0105 negatywnie wp\u0142yn\u0105\u0107 na poziom Twojego bezpiecze\u0144stwa. Kupuj\u0105c opony zwr\u00f3\u0107 uwag\u0119 na rozmiar oraz indeksy no\u015bno\u015bci i pr\u0119dko\u015bci jakie homologowane s\u0105 do Twojego pojazdu.<\/p>\n<p style=\"margin: 15px 0; line-height: 1.8; clear: both; display: block; width: 100%; float: none; position: static;\">Zamieszczone zdj\u0119cia pe\u0142ni\u0105 funkcj\u0119 pogl\u0105dow\u0105. W zale\u017cno\u015bci od szeroko\u015bci opon, mog\u0105 wyst\u0119powa\u0107 niewielkie r\u00f3\u017cnice w wygl\u0105dzie bie\u017cnika (w obr\u0119bie jednego modelu) na przyk\u0142ad w ilo\u015bci rowk\u00f3w obwodowych lub rozmieszczeniu blok\u00f3w bie\u017cnika, co nie stanowi wady produktu.<\/p>\n<p style=\"margin: 15px 0; line-height: 1.8; clear: both; display: block; width: 100%; float: none; position: static;\">Je\u017celi otrzymane przez Ciebie opony nie spe\u0142niaj\u0105 Twoich oczekiwa\u0144 masz mo\u017cliwo\u015b\u0107 zwrotu lub wymiany nieu\u017cywanego (niemontowanego) ogumienia.<\/p>\n<\/div>\n<\/div>\n<\/div>\n<div style=\"clear: both; display: block; margin: 10px 0;\">\n<div style=\"clear: both; display: block; margin: 10px 0;\">\n<div style=\"clear: both; display: block; margin: 10px 0;\">\n<div  style=\"max-width:1280px;max-height:800px\">\n<div style=\"clear: both; display: block; margin: 10px 0;\">\n<div style=\"clear: both; width: 100%; display: block; margin: 20px 0; padding: 0; float: none; position: static; text-align: center;\"><img decoding=\"async\"  src=\"https:\/\/a.allegroimg.com\/original\/11b20f\/14f7c79647848b425a8250158dad\/2x-GOODYEAR-Wrangler-Duratrac-RT-285-70R17-121-118Q-FP-OWL-POR-2024-r-Waga-produktu-z-opakowaniem-jednostkowym-16-kg\" srcset=\"https:\/\/a.allegroimg.com\/original\/11b20f\/14f7c79647848b425a8250158dad\/2x-GOODYEAR-Wrangler-Duratrac-RT-285-70R17-121-118Q-FP-OWL-POR-2024-r-Waga-produktu-z-opakowaniem-jednostkowym-16-kg 360w,https:\/\/a.allegroimg.com\/original\/11b20f\/14f7c79647848b425a8250158dad\/2x-GOODYEAR-Wrangler-Duratrac-RT-285-70R17-121-118Q-FP-OWL-POR-2024-r-Waga-produktu-z-opakowaniem-jednostkowym-16-kg 720w,https:\/\/a.allegroimg.com\/original\/11b20f\/14f7c79647848b425a8250158dad\/2x-GOODYEAR-Wrangler-Duratrac-RT-285-70R17-121-118Q-FP-OWL-POR-2024-r-Waga-produktu-z-opakowaniem-jednostkowym-16-kg 1024w,https:\/\/a.allegroimg.com\/original\/11b20f\/14f7c79647848b425a8250158dad\/2x-GOODYEAR-Wrangler-Duratrac-RT-285-70R17-121-118Q-FP-OWL-POR-2024-r-Waga-produktu-z-opakowaniem-jednostkowym-16-kg 1280w,https:\/\/a.allegroimg.com\/original\/11b20f\/14f7c79647848b425a8250158dad\/2x-GOODYEAR-Wrangler-Duratrac-RT-285-70R17-121-118Q-FP-OWL-POR-2024-r-Waga-produktu-z-opakowaniem-jednostkowym-16-kg 1280w\" sizes=\"(min-width: 1200px) 560px, (min-width: 992px) 50vw, 100vw\" width=\"1280px\" alt=\"2x GOODYEAR Wrangler Duratrac RT 285\/70R17 121\/118Q FP OWL, POR 2024 r Waga produktu z opakowaniem jednostkowym 16 kg\" style=\"max-width: 100%; height: auto; display: block; margin: 0 auto;\"><\/div>\n<\/div>\n<\/div>\n<\/div>\n<\/div>\n<div style=\"clear: both; display: block; margin: 10px 0;\">\n<div style=\"clear: both; display: block; margin: 10px 0;\">\n<h1>Goodyear<\/h1>\n<p style=\"margin: 15px 0; line-height: 1.8; clear: both; display: block; width: 100%; float: none; position: static;\">Historia firmy Goodyear, nazwanej na cze\u015b\u0107 wynalazcy procesu wulkanizacji Charlesa Goodyeara, zacz\u0119\u0142a si\u0119 w 1898 roku, gdy Frank Seiberling kupi\u0142 fabryk\u0119 wyrob\u00f3w gumowych mieszcz\u0105c\u0105 si\u0119 w Akron w stanie Ohio. Przedsi\u0119biorstwo przynios\u0142o wysoki zysk ju\u017c po pierwszym miesi\u0105cu sprzeda\u017cy opon \u2013 w\u00f3wczas przeznaczonych dla powoz\u00f3w i rower\u00f3w. Wraz z rozwojem motoryzacji ros\u0142y tak przychody firmy, jak i jej asortyment: w 1901 roku wyprodukowano opony wy\u015bcigowe dla automobili Henry&#8217;ego Forda, a dwa lata p\u00f3\u017aniej jeden z szef\u00f3w firmy, Paul Weeks Litchfield, opatentowa\u0142 pierwszy na \u015bwiecie projekt samochodowej opony bezd\u0119tkowej. Produkty tej marki zawsze by\u0142y wysoko cenione w sportach motorowych \u2013 gdy w 1922 roku tymczasowo wstrzymano produkcj\u0119 ogumienia dla samochod\u00f3w wy\u015bcigowych, klienci zacz\u0119li domaga\u0107 si\u0119 jej wznowienia. Dzi\u0119ki wsp\u00f3\u0142pracy z firm\u0105 Zeppelin, wytw\u00f3rc\u0105 sterowc\u00f3w, Goodyear opr\u00f3cz ziemi jest obecny r\u00f3wnie\u017c na niebie. Prawie od samego pocz\u0105tku dzia\u0142alno\u015bci Goodyear jest najwi\u0119kszym na \u015bwiecie producentem opon; obecnie roczny przych\u00f3d firmy przekracza 18 miliard\u00f3w dolar\u00f3w, a jej produkty \u2013 wytwarzane w ponad 20 fabrykach w Ameryce P\u00f3\u0142nocnej i Po\u0142udniowej, Europie, Afryce i Azji \u2013 sprzedawane s\u0105 praktycznie we wszystkich krajach. Najnowsza generacja opon zimowych Goodyear UltraGrip Performance 2 charakteryzuje si\u0119 lepsz\u0105 sterowno\u015bci\u0105 oraz przyczepno\u015bci\u0105 na \u015bliskich nawierzchniach. Niezale\u017cne badania wykaza\u0142y, \u017ce ten model opony pozwala na uzyskanie drogi hamowania na lodzie kr\u00f3tszej o 13% ni\u017c w przypadku testowanych r\u00f3wnolegle produkt\u00f3w innych firm. Warto zwr\u00f3ci\u0107 tak\u017ce uwag\u0119 na letnie opony Goodyear \u2013 modele z serii DuraGrip i Eagle.<\/p>\n<\/div>\n<\/div>\n<\/div>\n<\/div>\n<\/div>\n<\/div>\n<div style=\"clear: both; display: block; margin: 10px 0;\">\n","protected":false},"excerpt":{"rendered":"<p>Rok produkcji: 2024<\/p>\n<p>GOODYEAR Wrangler Duratrac RT 285\/70R17 121\/118Q FP POROWL<\/p>\n<p>H05GM0<\/p>\n<p>Data produkcji : 2024<\/p>\n<p>Indeks : 285\/70R17 LTGO 121Q WDRT<\/p>\n<p>Indeks no\u015bno\u015bci : 121\/118<\/p>\n<p>Indeks pr\u0119dko\u015bci : Q &#8211; 160 km\/h<\/p>\n<p>Klasa opony : premium<\/p>\n","protected":false},"featured_media":15627,"template":"","meta":{"_uag_custom_page_level_css":""},"product_brand":[437],"product_cat":[428,418,413,412],"product_tag":[],"class_list":{"0":"post-15626","1":"product","2":"type-product","3":"status-publish","4":"has-post-thumbnail","6":"product_brand-goodyear","7":"product_cat-do-samochodow-terenowych-i-4x4","8":"product_cat-letnie","9":"product_cat-opony","10":"product_cat-opony-i-felgi","12":"first","13":"instock","14":"shipping-taxable","15":"purchasable","16":"product-type-simple"},"uagb_featured_image_src":{"full":["https:\/\/oponixo.shop\/tire\/wp-content\/uploads\/2026\/01\/allegro-image-15626.jpg",1200,1126,false],"thumbnail":["https:\/\/oponixo.shop\/tire\/wp-content\/uploads\/2026\/01\/allegro-image-15626-150x150.jpg",150,150,true],"medium":["https:\/\/oponixo.shop\/tire\/wp-content\/uploads\/2026\/01\/allegro-image-15626-300x282.jpg",300,282,true],"medium_large":["https:\/\/oponixo.shop\/tire\/wp-content\/uploads\/2026\/01\/allegro-image-15626-768x721.jpg",768,721,true],"large":["https:\/\/oponixo.shop\/tire\/wp-content\/uploads\/2026\/01\/allegro-image-15626-1024x961.jpg",1024,961,true],"1536x1536":["https:\/\/oponixo.shop\/tire\/wp-content\/uploads\/2026\/01\/allegro-image-15626.jpg",1200,1126,false],"2048x2048":["https:\/\/oponixo.shop\/tire\/wp-content\/uploads\/2026\/01\/allegro-image-15626.jpg",1200,1126,false],"woocommerce_thumbnail":["https:\/\/oponixo.shop\/tire\/wp-content\/uploads\/2026\/01\/allegro-image-15626-300x300.jpg",300,300,true],"woocommerce_single":["https:\/\/oponixo.shop\/tire\/wp-content\/uploads\/2026\/01\/allegro-image-15626-600x563.jpg",600,563,true],"woocommerce_gallery_thumbnail":["https:\/\/oponixo.shop\/tire\/wp-content\/uploads\/2026\/01\/allegro-image-15626-100x100.jpg",100,100,true]},"uagb_author_info":{"display_name":"admin","author_link":"https:\/\/oponixo.shop\/tire\/author\/"},"uagb_comment_info":0,"uagb_excerpt":"Rok produkcji: 2024 GOODYEAR Wrangler Duratrac RT 285\/70R17 121\/118Q FP POROWL H05GM0 Data produkcji : 2024 Indeks : 285\/70R17 LTGO 121Q WDRT Indeks no\u015bno\u015bci : 121\/118 Indeks pr\u0119dko\u015bci : Q - 160 km\/h Klasa opony : premium","_links":{"self":[{"href":"https:\/\/oponixo.shop\/tire\/wp-json\/wp\/v2\/product\/15626","targetHints":{"allow":["GET"]}}],"collection":[{"href":"https:\/\/oponixo.shop\/tire\/wp-json\/wp\/v2\/product"}],"about":[{"href":"https:\/\/oponixo.shop\/tire\/wp-json\/wp\/v2\/types\/product"}],"wp:featuredmedia":[{"embeddable":true,"href":"https:\/\/oponixo.shop\/tire\/wp-json\/wp\/v2\/media\/15627"}],"wp:attachment":[{"href":"https:\/\/oponixo.shop\/tire\/wp-json\/wp\/v2\/media?parent=15626"}],"wp:term":[{"taxonomy":"product_brand","embeddable":true,"href":"https:\/\/oponixo.shop\/tire\/wp-json\/wp\/v2\/product_brand?post=15626"},{"taxonomy":"product_cat","embeddable":true,"href":"https:\/\/oponixo.shop\/tire\/wp-json\/wp\/v2\/product_cat?post=15626"},{"taxonomy":"product_tag","embeddable":true,"href":"https:\/\/oponixo.shop\/tire\/wp-json\/wp\/v2\/product_tag?post=15626"}],"curies":[{"name":"wp","href":"https:\/\/api.w.org\/{rel}","templated":true}]}}