{"id":15681,"date":"2026-01-16T03:21:47","date_gmt":"2026-01-16T02:21:47","guid":{"rendered":"https:\/\/oponyauto.shop\/xef5\/produkt\/2x-nexen-nfera-su1-235-55r17-103w-xl-fr\/"},"modified":"2026-01-16T03:21:47","modified_gmt":"2026-01-16T02:21:47","slug":"2x-nexen-nfera-su1-235-55r17-103w-xl-fr","status":"publish","type":"product","link":"https:\/\/oponixo.shop\/tire\/produkt\/2x-nexen-nfera-su1-235-55r17-103w-xl-fr\/","title":{"rendered":"2x Nexen N&#8217;Fera SU1 235\/55R17 103W XL FR"},"content":{"rendered":"<div style=\"font-family: Arial, sans-serif; line-height: 1.6; color: #333; padding: 20px; clear: both; display: block; width: 100%; float: none; position: static; overflow: hidden;\">\n<div style=\"clear: both; display: block; margin: 10px 0;\">\n<div style=\"clear: both; display: block; margin: 10px 0;\">\n<div style=\"clear: both; display: block; margin: 10px 0;\">\n<h1>Nexen N&#8217;Fera SU1 <\/h1>\n<h1>235\/55 R17 103W do 270 km\/h<\/h1>\n<h2>Kod produktu: 8807622352706<\/h2>\n<p style=\"margin: 15px 0; line-height: 1.8; clear: both; display: block; width: 100%; float: none; position: static;\">Nexen N&#8217;Fera SU1 to wysokiej jako\u015bci opona letnia idealna do samochod\u00f3w osobowych czy SUV. Ta opona zapewnia doskona\u0142\u0105 przyczepno\u015b\u0107 na mokrej i suchej nawierzchni, jak r\u00f3wnie\u017c wysok\u0105 odporno\u015b\u0107 na \u015bcieranie i sztywno\u015b\u0107 bie\u017cnika. Bity bie\u017cnik, wyprofilowane blokowanie i wymienna wypustka nadaj\u0105 oponie wi\u0119ksz\u0105 stabilizacj\u0119, zwi\u0119kszaj\u0105c przyczepno\u015b\u0107 i zmniejszaj\u0105c zu\u017cycie paliwa. Opona Nexen N&#8217;Fera SU1 zosta\u0142a zaprojektowana z my\u015bl\u0105 o optymalnej wydajno\u015bci, co przek\u0142ada si\u0119 na wyj\u0105tkowo dobre osi\u0105gi na mokrej nawierzchni. Dzi\u0119ki temu mo\u017cesz czu\u0107 si\u0119 bezpiecznie w ka\u017cdej sytuacji<\/p>\n<h2>Zakupione na tej aukcji opony mo\u017cesz odebra\u0107 i wymieni\u0107 w jednym z naszych serwis\u00f3w: MOTOHURT MARKI &#8211; MOTOHURT WOLA &#8211; MOTOHURT MOKOT\u00d3W<\/h2>\n<\/div>\n<\/div>\n<div style=\"clear: both; display: block; margin: 10px 0;\">\n<div style=\"clear: both; display: block; margin: 10px 0;\">\n<div  style=\"max-width:750px;max-height:1024px\">\n<div style=\"clear: both; display: block; margin: 10px 0;\">\n<div style=\"clear: both; width: 100%; display: block; margin: 20px 0; padding: 0; float: none; position: static; text-align: center;\"><img decoding=\"async\"  src=\"https:\/\/a.allegroimg.com\/original\/11c795\/43c044574330a847011e9a58cbdc\/2x-Nexen-N-Fera-SU1-235-55R17-103W-XL-FR\" srcset=\"https:\/\/a.allegroimg.com\/original\/11c795\/43c044574330a847011e9a58cbdc\/2x-Nexen-N-Fera-SU1-235-55R17-103W-XL-FR 263w,https:\/\/a.allegroimg.com\/original\/11c795\/43c044574330a847011e9a58cbdc\/2x-Nexen-N-Fera-SU1-235-55R17-103W-XL-FR 527w,https:\/\/a.allegroimg.com\/original\/11c795\/43c044574330a847011e9a58cbdc\/2x-Nexen-N-Fera-SU1-235-55R17-103W-XL-FR 750w,https:\/\/a.allegroimg.com\/original\/11c795\/43c044574330a847011e9a58cbdc\/2x-Nexen-N-Fera-SU1-235-55R17-103W-XL-FR 750w\" sizes=\"(min-width: 1200px) 560px, (min-width: 992px) 50vw, 100vw\" width=\"750px\" alt=\"2x Nexen N'Fera SU1 235\/55R17 103W XL FR\" style=\"max-width: 100%; height: auto; display: block; margin: 0 auto;\"><\/div>\n<\/div>\n<\/div>\n<\/div>\n<\/div>\n<\/div>\n<div style=\"clear: both; display: block; margin: 10px 0;\">\n<div style=\"clear: both; display: block; margin: 10px 0;\">\n<div style=\"clear: both; display: block; margin: 10px 0;\">\n<div  style=\"max-width:212px;max-height:305px\">\n<div style=\"clear: both; display: block; margin: 10px 0;\">\n<div style=\"clear: both; width: 100%; display: block; margin: 20px 0; padding: 0; float: none; position: static; text-align: center;\"><img decoding=\"async\"  src=\"https:\/\/a.allegroimg.com\/original\/119295\/afaf40b9483e963365f68df00f2f\/2x-Nexen-N-Fera-SU1-235-55R17-103W-XL-FR-Liczba-opon-w-ofercie-2-szt\" srcset=\"https:\/\/a.allegroimg.com\/original\/119295\/afaf40b9483e963365f68df00f2f\/2x-Nexen-N-Fera-SU1-235-55R17-103W-XL-FR-Liczba-opon-w-ofercie-2-szt 212w,https:\/\/a.allegroimg.com\/original\/119295\/afaf40b9483e963365f68df00f2f\/2x-Nexen-N-Fera-SU1-235-55R17-103W-XL-FR-Liczba-opon-w-ofercie-2-szt 212w\" sizes=\"(min-width: 1200px) 560px, (min-width: 992px) 50vw, 100vw\" width=\"212px\" alt=\"2x Nexen N'Fera SU1 235\/55R17 103W XL FR Liczba opon w ofercie 2 szt.\" style=\"max-width: 100%; height: auto; display: block; margin: 0 auto;\"><\/div>\n<\/div>\n<\/div>\n<\/div>\n<\/div>\n<div style=\"clear: both; display: block; margin: 10px 0;\">\n<div style=\"clear: both; display: block; margin: 10px 0;\">\n<h2>Marka: Nexen<\/h2>\n<h2>Liczba opon w ofercie: 2<\/h2>\n<h2>Rok produkcji: <\/h2>\n<h2>Szeroko\u015b\u0107 opony: 235 mm<\/h2>\n<h2>Profil opony: 55<\/h2>\n<h2>\u015arednica: 17<\/h2>\n<h2>Indeks no\u015bno\u015bci: 103<\/h2>\n<h2>Indeks pr\u0119dko\u015bci: W do 270 km\/h<\/h2>\n<h2>Op\u00f3r toczenia: Klasa C<\/h2>\n<h2>Przyczepno\u015b\u0107 na mokrej nawierzchni: Klasa A<\/h2>\n<h2>Ha\u0142as zewn\u0119trzny: 71 dB<\/h2>\n<h2>Kod producenta: 13527<\/h2>\n<h2>Sezon: Letnie<\/h2>\n<\/div>\n<\/div>\n<\/div>\n<\/div>\n<\/div>\n<\/div>\n<div style=\"clear: both; display: block; margin: 10px 0;\">\n","protected":false},"excerpt":{"rendered":"<p>Nexen N&#039;Fera SU1<\/p>\n<p>235\/55 R17 103W do 270 km\/h<\/p>\n<p>Kod produktu: 8807622352706<\/p>\n","protected":false},"featured_media":15682,"template":"","meta":{"_uag_custom_page_level_css":""},"product_brand":[392],"product_cat":[414,418,413,412],"product_tag":[],"class_list":{"0":"post-15681","1":"product","2":"type-product","3":"status-publish","4":"has-post-thumbnail","6":"product_brand-nexen","7":"product_cat-do-samochodow-osobowych-i-suv","8":"product_cat-letnie","9":"product_cat-opony","10":"product_cat-opony-i-felgi","12":"first","13":"instock","14":"shipping-taxable","15":"purchasable","16":"product-type-simple"},"uagb_featured_image_src":{"full":["https:\/\/oponixo.shop\/tire\/wp-content\/uploads\/2026\/01\/allegro-image-15681.jpg",750,1024,false],"thumbnail":["https:\/\/oponixo.shop\/tire\/wp-content\/uploads\/2026\/01\/allegro-image-15681-150x150.jpg",150,150,true],"medium":["https:\/\/oponixo.shop\/tire\/wp-content\/uploads\/2026\/01\/allegro-image-15681-220x300.jpg",220,300,true],"medium_large":["https:\/\/oponixo.shop\/tire\/wp-content\/uploads\/2026\/01\/allegro-image-15681.jpg",750,1024,false],"large":["https:\/\/oponixo.shop\/tire\/wp-content\/uploads\/2026\/01\/allegro-image-15681.jpg",750,1024,false],"1536x1536":["https:\/\/oponixo.shop\/tire\/wp-content\/uploads\/2026\/01\/allegro-image-15681.jpg",750,1024,false],"2048x2048":["https:\/\/oponixo.shop\/tire\/wp-content\/uploads\/2026\/01\/allegro-image-15681.jpg",750,1024,false],"woocommerce_thumbnail":["https:\/\/oponixo.shop\/tire\/wp-content\/uploads\/2026\/01\/allegro-image-15681-300x300.jpg",300,300,true],"woocommerce_single":["https:\/\/oponixo.shop\/tire\/wp-content\/uploads\/2026\/01\/allegro-image-15681-600x819.jpg",600,819,true],"woocommerce_gallery_thumbnail":["https:\/\/oponixo.shop\/tire\/wp-content\/uploads\/2026\/01\/allegro-image-15681-100x100.jpg",100,100,true]},"uagb_author_info":{"display_name":"admin","author_link":"https:\/\/oponixo.shop\/tire\/author\/"},"uagb_comment_info":0,"uagb_excerpt":"Nexen N&#039;Fera SU1 235\/55 R17 103W do 270 km\/h Kod produktu: 8807622352706","_links":{"self":[{"href":"https:\/\/oponixo.shop\/tire\/wp-json\/wp\/v2\/product\/15681","targetHints":{"allow":["GET"]}}],"collection":[{"href":"https:\/\/oponixo.shop\/tire\/wp-json\/wp\/v2\/product"}],"about":[{"href":"https:\/\/oponixo.shop\/tire\/wp-json\/wp\/v2\/types\/product"}],"wp:featuredmedia":[{"embeddable":true,"href":"https:\/\/oponixo.shop\/tire\/wp-json\/wp\/v2\/media\/15682"}],"wp:attachment":[{"href":"https:\/\/oponixo.shop\/tire\/wp-json\/wp\/v2\/media?parent=15681"}],"wp:term":[{"taxonomy":"product_brand","embeddable":true,"href":"https:\/\/oponixo.shop\/tire\/wp-json\/wp\/v2\/product_brand?post=15681"},{"taxonomy":"product_cat","embeddable":true,"href":"https:\/\/oponixo.shop\/tire\/wp-json\/wp\/v2\/product_cat?post=15681"},{"taxonomy":"product_tag","embeddable":true,"href":"https:\/\/oponixo.shop\/tire\/wp-json\/wp\/v2\/product_tag?post=15681"}],"curies":[{"name":"wp","href":"https:\/\/api.w.org\/{rel}","templated":true}]}}