{"id":15707,"date":"2026-01-16T03:21:54","date_gmt":"2026-01-16T02:21:54","guid":{"rendered":"https:\/\/oponyauto.shop\/xef5\/produkt\/2x-laufenn-225-45r18-95y-g-fit-4s-lh71-xl-fr-caloroczne-2024-r\/"},"modified":"2026-01-16T03:21:54","modified_gmt":"2026-01-16T02:21:54","slug":"2x-laufenn-225-45r18-95y-g-fit-4s-lh71-xl-fr-caloroczne-2024-r","status":"publish","type":"product","link":"https:\/\/oponixo.shop\/tire\/produkt\/2x-laufenn-225-45r18-95y-g-fit-4s-lh71-xl-fr-caloroczne-2024-r\/","title":{"rendered":"2x LAUFENN 225\/45R18 95Y G Fit 4S LH71 XL FR ca\u0142oroczne 2024 r"},"content":{"rendered":"<div style=\"font-family: Arial, sans-serif; line-height: 1.6; color: #333; padding: 20px; clear: both; display: block; width: 100%; float: none; position: static; overflow: hidden;\">\n<div style=\"clear: both; display: block; margin: 10px 0;\">\n<div style=\"clear: both; display: block; margin: 10px 0;\">\n<div style=\"clear: both; display: block; margin: 10px 0;\">\n<h1>Rok produkcji: 2024<\/h1>\n<\/div>\n<\/div>\n<\/div>\n<div style=\"clear: both; display: block; margin: 10px 0;\">\n<div style=\"clear: both; display: block; margin: 10px 0;\">\n<div style=\"clear: both; display: block; margin: 10px 0;\">\n<div  style=\"max-width:1200px;max-height:1126px\">\n<div style=\"clear: both; display: block; margin: 10px 0;\">\n<div style=\"clear: both; width: 100%; display: block; margin: 20px 0; padding: 0; float: none; position: static; text-align: center;\"><img decoding=\"async\"  src=\"https:\/\/a.allegroimg.com\/original\/11d6bf\/da2db9af492a9fc7747a772e90eb\/2x-LAUFENN-225-45R18-95Y-G-Fit-4S-LH71-XL-FR-caloroczne-2024-r\" srcset=\"https:\/\/a.allegroimg.com\/original\/11d6bf\/da2db9af492a9fc7747a772e90eb\/2x-LAUFENN-225-45R18-95Y-G-Fit-4S-LH71-XL-FR-caloroczne-2024-r 360w,https:\/\/a.allegroimg.com\/original\/11d6bf\/da2db9af492a9fc7747a772e90eb\/2x-LAUFENN-225-45R18-95Y-G-Fit-4S-LH71-XL-FR-caloroczne-2024-r 720w,https:\/\/a.allegroimg.com\/original\/11d6bf\/da2db9af492a9fc7747a772e90eb\/2x-LAUFENN-225-45R18-95Y-G-Fit-4S-LH71-XL-FR-caloroczne-2024-r 1024w,https:\/\/a.allegroimg.com\/original\/11d6bf\/da2db9af492a9fc7747a772e90eb\/2x-LAUFENN-225-45R18-95Y-G-Fit-4S-LH71-XL-FR-caloroczne-2024-r 1200w,https:\/\/a.allegroimg.com\/original\/11d6bf\/da2db9af492a9fc7747a772e90eb\/2x-LAUFENN-225-45R18-95Y-G-Fit-4S-LH71-XL-FR-caloroczne-2024-r 1200w\" sizes=\"(min-width: 1200px) 560px, (min-width: 992px) 50vw, 100vw\" width=\"1200px\" alt=\"2x LAUFENN 225\/45R18 95Y G Fit 4S LH71 XL FR ca\u0142oroczne 2024 r\" style=\"max-width: 100%; height: auto; display: block; margin: 0 auto;\"><\/div>\n<\/div>\n<\/div>\n<\/div>\n<\/div>\n<div style=\"clear: both; display: block; margin: 10px 0;\">\n<div style=\"clear: both; display: block; margin: 10px 0;\">\n<h1>LAUFENN G Fit 4S LH71 225\/45R18 95Y XL FR<\/h1>\n<h2>G11YJ4<\/h2>\n<ul style=\"margin: 15px 0; padding-left: 20px; clear: both; display: block; width: 100%; float: none; position: static;\">\n<li style=\"margin: 5px 0; padding: 2px 0; clear: both; display: list-item; float: none; position: static;\"><b>Data produkcji :<\/b> 2024<\/li>\n<li style=\"margin: 5px 0; padding: 2px 0; clear: both; display: list-item; float: none; position: static;\"><b>Indeks :<\/b> 225\/45R18 COLA 95Y LH71<\/li>\n<li style=\"margin: 5px 0; padding: 2px 0; clear: both; display: list-item; float: none; position: static;\"><b>Indeks no\u015bno\u015bci :<\/b> 95<\/li>\n<li style=\"margin: 5px 0; padding: 2px 0; clear: both; display: list-item; float: none; position: static;\"><b>Indeks pr\u0119dko\u015bci :<\/b> Y &#8211; 300 km\/h<\/li>\n<li style=\"margin: 5px 0; padding: 2px 0; clear: both; display: list-item; float: none; position: static;\"><b>Karta informacyjna produktu :<\/b> https:\/\/eprel.ec.europa.eu\/qr\/1424777<\/li>\n<li style=\"margin: 5px 0; padding: 2px 0; clear: both; display: list-item; float: none; position: static;\"><b>Kl. efekt. paliwowej :<\/b> C<\/li>\n<li style=\"margin: 5px 0; padding: 2px 0; clear: both; display: list-item; float: none; position: static;\"><b>Kl. przycz. na mokrej naw. :<\/b> B<\/li>\n<li style=\"margin: 5px 0; padding: 2px 0; clear: both; display: list-item; float: none; position: static;\"><b>Kl. zew. ha\u0142asu tocz. :<\/b> B<\/li>\n<li style=\"margin: 5px 0; padding: 2px 0; clear: both; display: list-item; float: none; position: static;\"><b>Klasa opony :<\/b> bud\u017cet<\/li>\n<li style=\"margin: 5px 0; padding: 2px 0; clear: both; display: list-item; float: none; position: static;\"><b>Kod EAN :<\/b> 8808563578866<\/li>\n<li style=\"margin: 5px 0; padding: 2px 0; clear: both; display: list-item; float: none; position: static;\"><b>Kod producenta :<\/b> 1032124<\/li>\n<li style=\"margin: 5px 0; padding: 2px 0; clear: both; display: list-item; float: none; position: static;\"><b>Model bie\u017cnika :<\/b> G Fit 4S LH71<\/li>\n<li style=\"margin: 5px 0; padding: 2px 0; clear: both; display: list-item; float: none; position: static;\"><b>Nazwa produktu :<\/b> LAUFENN 225\/45R18 95Y G Fit 4S LH71 XL FR ca\u0142oroczne<\/li>\n<li style=\"margin: 5px 0; padding: 2px 0; clear: both; display: list-item; float: none; position: static;\"><b>No\u015bno\u015b\u0107 opony :<\/b> XL<\/li>\n<li style=\"margin: 5px 0; padding: 2px 0; clear: both; display: list-item; float: none; position: static;\"><b>Producent :<\/b> LAUFENN<\/li>\n<li style=\"margin: 5px 0; padding: 2px 0; clear: both; display: list-item; float: none; position: static;\"><b>Profil :<\/b> 45<\/li>\n<li style=\"margin: 5px 0; padding: 2px 0; clear: both; display: list-item; float: none; position: static;\"><b>Przeznaczenie :<\/b> samochody osobowe\/SUV\/4&#215;4<\/li>\n<li style=\"margin: 5px 0; padding: 2px 0; clear: both; display: list-item; float: none; position: static;\"><b>Przyczepno\u015b\u0107 na lodzie :<\/b> Nie<\/li>\n<li style=\"margin: 5px 0; padding: 2px 0; clear: both; display: list-item; float: none; position: static;\"><b>Przyczepno\u015b\u0107 na \u015bniegu :<\/b> Tak<\/li>\n<li style=\"margin: 5px 0; padding: 2px 0; clear: both; display: list-item; float: none; position: static;\"><b>QR kod :<\/b> https:\/\/eprel.ec.europa.eu\/qr\/1424777<\/li>\n<li style=\"margin: 5px 0; padding: 2px 0; clear: both; display: list-item; float: none; position: static;\"><b>Rant opony :<\/b> FR<\/li>\n<li style=\"margin: 5px 0; padding: 2px 0; clear: both; display: list-item; float: none; position: static;\"><b>Sezon :<\/b> ca\u0142oroczna<\/li>\n<li style=\"margin: 5px 0; padding: 2px 0; clear: both; display: list-item; float: none; position: static;\"><b>\u015arednica :<\/b> 18&#8243;<\/li>\n<li style=\"margin: 5px 0; padding: 2px 0; clear: both; display: list-item; float: none; position: static;\"><b>Szeroko\u015b\u0107 :<\/b> 225<\/li>\n<li style=\"margin: 5px 0; padding: 2px 0; clear: both; display: list-item; float: none; position: static;\"><b>Wart. pom. i kl. zew. ha\u0142asu tocz. [dB] :<\/b> 72<\/li>\n<\/ul>\n<\/div>\n<\/div>\n<\/div>\n<div style=\"clear: both; display: block; margin: 10px 0;\">\n<div style=\"clear: both; display: block; margin: 10px 0;\">\n<div style=\"clear: both; display: block; margin: 10px 0;\">\n<p style=\"margin: 15px 0; line-height: 1.8; clear: both; display: block; width: 100%; float: none; position: static;\"> G Fit 4S LH71 to najnowsza ca\u0142oroczna propozycja od marki Laufenn G Fit 4S LH71, kt\u00f3ra \u0142\u0105czy w sobie optymalne parametry jezdne zar\u00f3wno na mokrych jak i suchych nawierzchniach bez wzgl\u0119du na panuj\u0105cy sezon.<\/p>\n<p style=\"margin: 15px 0; line-height: 1.8; clear: both; display: block; width: 100%; float: none; position: static;\"> Opon\u0119 wyposa\u017cono w bie\u017cnik kierunkowy o kszta\u0142cie &#8222;jode\u0142ki&#8221;, kt\u00f3ry efektywnie wgryza si\u0119 w powierzchni\u0119 \u015bnie\u017cn\u0105, przecina tafl\u0119 wody na drodze oraz odprowadza ja poza opon\u0119, aby zapewni\u0107 stabilne i pewne prowadzenie oraz kr\u00f3tsz\u0105 drog\u0119 hamowania.<\/p>\n<p style=\"margin: 15px 0; line-height: 1.8; clear: both; display: block; width: 100%; float: none; position: static;\"> System poprzecznych kanalik\u00f3w skutecznie odprowadza wod\u0119 z przestrzeni mi\u0119dzy bie\u017cnikowych, co zapewnia niezawodn\u0105 przyczepno\u015b\u0107 i ochron\u0119 przed niekontrolowanymi po\u015blizgami auta.<\/p>\n<p style=\"margin: 15px 0; line-height: 1.8; clear: both; display: block; width: 100%; float: none; position: static;\"> Adaptacyjna mieszanka gumowa, zastosowana w nowym modelu dba o wydajno\u015b\u0107 jazdy w szerokim zakresie temperatur, dzi\u0119ki czemu bez wzgl\u0119du na por\u0119 roku oferuje bezpiecze\u0144stwo i niezawodno\u015b\u0107 podr\u00f3\u017cy.<\/p>\n<p style=\"margin: 15px 0; line-height: 1.8; clear: both; display: block; width: 100%; float: none; position: static;\"> LAUFENN G Fit 4S LH71 to ciekawa propozycja o uniwersalnym zastosowaniu, kt\u00f3ra b\u0119dzie odpowiednia dla kierowc\u00f3w o zr\u00f3wnowa\u017conym stylu jazdy, oczekuj\u0105cych p\u0142ynnej i komfortowej podr\u00f3\u017cy zar\u00f3wno na suchych, letnich drogach jak i jesienno &#8211; zimowych nawierzchniach.<\/p>\n<\/div>\n<\/div>\n<div style=\"clear: both; display: block; margin: 10px 0;\">\n<div style=\"clear: both; display: block; margin: 10px 0;\">\n<div  style=\"max-width:886px;max-height:1299px\">\n<div style=\"clear: both; display: block; margin: 10px 0;\">\n<div style=\"clear: both; width: 100%; display: block; margin: 20px 0; padding: 0; float: none; position: static; text-align: center;\"><img decoding=\"async\"  src=\"https:\/\/a.allegroimg.com\/original\/11fa32\/c6a92df54b378e6f970e8a607998\/2x-LAUFENN-225-45R18-95Y-G-Fit-4S-LH71-XL-FR-caloroczne-2024-r-Marka-Laufenn\" srcset=\"https:\/\/a.allegroimg.com\/original\/11fa32\/c6a92df54b378e6f970e8a607998\/2x-LAUFENN-225-45R18-95Y-G-Fit-4S-LH71-XL-FR-caloroczne-2024-r-Marka-Laufenn 245w,https:\/\/a.allegroimg.com\/original\/11fa32\/c6a92df54b378e6f970e8a607998\/2x-LAUFENN-225-45R18-95Y-G-Fit-4S-LH71-XL-FR-caloroczne-2024-r-Marka-Laufenn 491w,https:\/\/a.allegroimg.com\/original\/11fa32\/c6a92df54b378e6f970e8a607998\/2x-LAUFENN-225-45R18-95Y-G-Fit-4S-LH71-XL-FR-caloroczne-2024-r-Marka-Laufenn 698w,https:\/\/a.allegroimg.com\/original\/11fa32\/c6a92df54b378e6f970e8a607998\/2x-LAUFENN-225-45R18-95Y-G-Fit-4S-LH71-XL-FR-caloroczne-2024-r-Marka-Laufenn 886w,https:\/\/a.allegroimg.com\/original\/11fa32\/c6a92df54b378e6f970e8a607998\/2x-LAUFENN-225-45R18-95Y-G-Fit-4S-LH71-XL-FR-caloroczne-2024-r-Marka-Laufenn 886w\" sizes=\"(min-width: 1200px) 560px, (min-width: 992px) 50vw, 100vw\" width=\"886px\" alt=\"2x LAUFENN 225\/45R18 95Y G Fit 4S LH71 XL FR ca\u0142oroczne 2024 r Marka Laufenn\" style=\"max-width: 100%; height: auto; display: block; margin: 0 auto;\"><\/div>\n<\/div>\n<\/div>\n<\/div>\n<\/div>\n<\/div>\n<div style=\"clear: both; display: block; margin: 10px 0;\">\n<div style=\"clear: both; display: block; margin: 10px 0;\">\n<div style=\"clear: both; display: block; margin: 10px 0;\">\n<p style=\"margin: 15px 0; line-height: 1.8; clear: both; display: block; width: 100%; float: none; position: static;\">Wychodz\u0105c naprzeciw oczekiwaniom Klient\u00f3w i chc\u0105c spe\u0142nia\u0107 jak najwy\u017csze standardy obs\u0142ugi dok\u0142adamy wszelkich stara\u0144, aby podawa\u0107 precyzyjn\u0105 dat\u0119 produkcji opony (DOT). Niestety, w wyj\u0105tkowych przypadkach, mo\u017ce zdarzy\u0107 si\u0119, \u017ce opony, kt\u00f3re wy\u015blemy b\u0119d\u0105 mia\u0142y inn\u0105 dat\u0119 produkcji ni\u017c podana. Sytuacja mo\u017ce dotyczy\u0107 zar\u00f3wno opon z DOT-em wcze\u015bniejszym jak i p\u00f3\u017aniejszym. Chcieliby\u015bmy podkre\u015bli\u0107, \u017ce warunki przechowywania opon w naszych magazynach spe\u0142niaj\u0105 Polsk\u0105 Norm\u0119 PN-C-94300-7 dzi\u0119ki czemu nawet opona przechowywana 24 miesi\u0105ce ma parametry takie same jak opona z bie\u017c\u0105cego roku. Warto pami\u0119ta\u0107 tak\u017ce o fakcie, \u017ce w przypadku wielu rozmiar\u00f3w i producent\u00f3w plany produkcyjne fabryk uniemo\u017cliwiaj\u0105 zakup opony z bie\u017c\u0105cego roku.<\/p>\n<p style=\"margin: 15px 0; line-height: 1.8; clear: both; display: block; width: 100%; float: none; position: static;\">Przy zakupie opon pami\u0119taj o sprawdzeniu w instrukcji samochodu lub na w\u0142a\u015bciwej stronie internetowej, jakie ogumienie zaleca producent Twojego auta. \u0179le dobrane opony mog\u0105 negatywnie wp\u0142yn\u0105\u0107 na poziom Twojego bezpiecze\u0144stwa. Kupuj\u0105c opony zwr\u00f3\u0107 uwag\u0119 na rozmiar oraz indeksy no\u015bno\u015bci i pr\u0119dko\u015bci jakie homologowane s\u0105 do Twojego pojazdu.<\/p>\n<p style=\"margin: 15px 0; line-height: 1.8; clear: both; display: block; width: 100%; float: none; position: static;\">Zamieszczone zdj\u0119cia pe\u0142ni\u0105 funkcj\u0119 pogl\u0105dow\u0105. W zale\u017cno\u015bci od szeroko\u015bci opon, mog\u0105 wyst\u0119powa\u0107 niewielkie r\u00f3\u017cnice w wygl\u0105dzie bie\u017cnika (w obr\u0119bie jednego modelu) na przyk\u0142ad w ilo\u015bci rowk\u00f3w obwodowych lub rozmieszczeniu blok\u00f3w bie\u017cnika, co nie stanowi wady produktu.<\/p>\n<p style=\"margin: 15px 0; line-height: 1.8; clear: both; display: block; width: 100%; float: none; position: static;\">Je\u017celi otrzymane przez Ciebie opony nie spe\u0142niaj\u0105 Twoich oczekiwa\u0144 masz mo\u017cliwo\u015b\u0107 zwrotu lub wymiany nieu\u017cywanego (niemontowanego) ogumienia.<\/p>\n<\/div>\n<\/div>\n<\/div>\n<div style=\"clear: both; display: block; margin: 10px 0;\">\n<div style=\"clear: both; display: block; margin: 10px 0;\">\n<div style=\"clear: both; display: block; margin: 10px 0;\">\n<div  style=\"max-width:720px;max-height:222px\">\n<div style=\"clear: both; display: block; margin: 10px 0;\">\n<div style=\"clear: both; width: 100%; display: block; margin: 20px 0; padding: 0; float: none; position: static; text-align: center;\"><img decoding=\"async\"  src=\"https:\/\/a.allegroimg.com\/original\/117d83\/6f3f8abb4f1b93b3a80b7a4ea785\/2x-LAUFENN-225-45R18-95Y-G-Fit-4S-LH71-XL-FR-caloroczne-2024-r-Szerokosc-opony-225-mm\" srcset=\"https:\/\/a.allegroimg.com\/original\/117d83\/6f3f8abb4f1b93b3a80b7a4ea785\/2x-LAUFENN-225-45R18-95Y-G-Fit-4S-LH71-XL-FR-caloroczne-2024-r-Szerokosc-opony-225-mm 360w,https:\/\/a.allegroimg.com\/original\/117d83\/6f3f8abb4f1b93b3a80b7a4ea785\/2x-LAUFENN-225-45R18-95Y-G-Fit-4S-LH71-XL-FR-caloroczne-2024-r-Szerokosc-opony-225-mm 720w,https:\/\/a.allegroimg.com\/original\/117d83\/6f3f8abb4f1b93b3a80b7a4ea785\/2x-LAUFENN-225-45R18-95Y-G-Fit-4S-LH71-XL-FR-caloroczne-2024-r-Szerokosc-opony-225-mm 720w\" sizes=\"(min-width: 1200px) 560px, (min-width: 992px) 50vw, 100vw\" width=\"720px\" alt=\"2x LAUFENN 225\/45R18 95Y G Fit 4S LH71 XL FR ca\u0142oroczne 2024 r Szeroko\u015b\u0107 opony 225 mm\" style=\"max-width: 100%; height: auto; display: block; margin: 0 auto;\"><\/div>\n<\/div>\n<\/div>\n<\/div>\n<\/div>\n<div style=\"clear: both; display: block; margin: 10px 0;\">\n<div style=\"clear: both; display: block; margin: 10px 0;\">\n<h1>Laufenn<\/h1>\n<p style=\"margin: 15px 0; line-height: 1.8; clear: both; display: block; width: 100%; float: none; position: static;\">Korea\u0144ski koncern Hankook pod koniec 2015 roku og\u0142osi\u0142 powstanie nowej marki Laufenn. Ofert\u0119 produkt\u00f3w Laufenn stworzono specjalnie z my\u015bl\u0105 o potrzebach rynku europejskiego. W ich opracowywaniu istotna rol\u0119 odegra\u0142o Europejskie Centrum Techniczne (ETC) firmy Hankook znajduj\u0105ce si\u0119 w Hanowerze, w Niemczech. Opony marki Laufenn b\u0119d\u0105 wytwarzane m.in. w zaawansowanym technologicznie zak\u0142adzie na W\u0119grzech. Jest to jedna z najnowocze\u015bniejszych tego typu plac\u00f3wek na \u015bwiecie. Specjalizuje si\u0119 ona w produkcji wysokiej klasy opon marki Hankook do samochod\u00f3w osobowych, typu SUV oraz lekkich pojazd\u00f3w ci\u0119\u017carowych na rynek europejski. Marka Laufenn przeznaczona jest dla \u015bwiadomych i oszcz\u0119dnych konsument\u00f3w<\/p>\n<\/div>\n<\/div>\n<\/div>\n<\/div>\n<\/div>\n<\/div>\n<div style=\"clear: both; display: block; margin: 10px 0;\">\n","protected":false},"excerpt":{"rendered":"<p>Rok produkcji: 2024<\/p>\n<p>LAUFENN G Fit 4S LH71 225\/45R18 95Y XL FR<\/p>\n<p>G11YJ4<\/p>\n<p>Data produkcji : 2024<\/p>\n<p>Indeks : 225\/45R18 COLA 95Y LH71<\/p>\n<p>Indeks no\u015bno\u015bci : 95<\/p>\n<p>Indeks pr\u0119dko\u015bci : Y &#8211; 300 km\/h<\/p>\n<p>Karta informacyjna produktu : https:\/\/eprel.ec.europa.eu\/qr\/1424777<\/p>\n","protected":false},"featured_media":15708,"template":"","meta":{"_uag_custom_page_level_css":""},"product_brand":[402],"product_cat":[416,414,413,412],"product_tag":[],"class_list":{"0":"post-15707","1":"product","2":"type-product","3":"status-publish","4":"has-post-thumbnail","6":"product_brand-laufenn","7":"product_cat-caloroczne","8":"product_cat-do-samochodow-osobowych-i-suv","9":"product_cat-opony","10":"product_cat-opony-i-felgi","12":"first","13":"instock","14":"shipping-taxable","15":"purchasable","16":"product-type-simple"},"uagb_featured_image_src":{"full":["https:\/\/oponixo.shop\/tire\/wp-content\/uploads\/2026\/01\/allegro-image-15707.jpg",1200,1126,false],"thumbnail":["https:\/\/oponixo.shop\/tire\/wp-content\/uploads\/2026\/01\/allegro-image-15707-150x150.jpg",150,150,true],"medium":["https:\/\/oponixo.shop\/tire\/wp-content\/uploads\/2026\/01\/allegro-image-15707-300x282.jpg",300,282,true],"medium_large":["https:\/\/oponixo.shop\/tire\/wp-content\/uploads\/2026\/01\/allegro-image-15707-768x721.jpg",768,721,true],"large":["https:\/\/oponixo.shop\/tire\/wp-content\/uploads\/2026\/01\/allegro-image-15707-1024x961.jpg",1024,961,true],"1536x1536":["https:\/\/oponixo.shop\/tire\/wp-content\/uploads\/2026\/01\/allegro-image-15707.jpg",1200,1126,false],"2048x2048":["https:\/\/oponixo.shop\/tire\/wp-content\/uploads\/2026\/01\/allegro-image-15707.jpg",1200,1126,false],"woocommerce_thumbnail":["https:\/\/oponixo.shop\/tire\/wp-content\/uploads\/2026\/01\/allegro-image-15707-300x300.jpg",300,300,true],"woocommerce_single":["https:\/\/oponixo.shop\/tire\/wp-content\/uploads\/2026\/01\/allegro-image-15707-600x563.jpg",600,563,true],"woocommerce_gallery_thumbnail":["https:\/\/oponixo.shop\/tire\/wp-content\/uploads\/2026\/01\/allegro-image-15707-100x100.jpg",100,100,true]},"uagb_author_info":{"display_name":"admin","author_link":"https:\/\/oponixo.shop\/tire\/author\/"},"uagb_comment_info":0,"uagb_excerpt":"Rok produkcji: 2024 LAUFENN G Fit 4S LH71 225\/45R18 95Y XL FR G11YJ4 Data produkcji : 2024 Indeks : 225\/45R18 COLA 95Y LH71 Indeks no\u015bno\u015bci : 95 Indeks pr\u0119dko\u015bci : Y - 300 km\/h Karta informacyjna produktu : https:\/\/eprel.ec.europa.eu\/qr\/1424777","_links":{"self":[{"href":"https:\/\/oponixo.shop\/tire\/wp-json\/wp\/v2\/product\/15707","targetHints":{"allow":["GET"]}}],"collection":[{"href":"https:\/\/oponixo.shop\/tire\/wp-json\/wp\/v2\/product"}],"about":[{"href":"https:\/\/oponixo.shop\/tire\/wp-json\/wp\/v2\/types\/product"}],"wp:featuredmedia":[{"embeddable":true,"href":"https:\/\/oponixo.shop\/tire\/wp-json\/wp\/v2\/media\/15708"}],"wp:attachment":[{"href":"https:\/\/oponixo.shop\/tire\/wp-json\/wp\/v2\/media?parent=15707"}],"wp:term":[{"taxonomy":"product_brand","embeddable":true,"href":"https:\/\/oponixo.shop\/tire\/wp-json\/wp\/v2\/product_brand?post=15707"},{"taxonomy":"product_cat","embeddable":true,"href":"https:\/\/oponixo.shop\/tire\/wp-json\/wp\/v2\/product_cat?post=15707"},{"taxonomy":"product_tag","embeddable":true,"href":"https:\/\/oponixo.shop\/tire\/wp-json\/wp\/v2\/product_tag?post=15707"}],"curies":[{"name":"wp","href":"https:\/\/api.w.org\/{rel}","templated":true}]}}