{"id":15709,"date":"2026-01-16T03:21:54","date_gmt":"2026-01-16T02:21:54","guid":{"rendered":"https:\/\/oponyauto.shop\/xef5\/produkt\/2x-nexen-winguard-sport-3-225-45r18-95v-xl\/"},"modified":"2026-01-16T03:21:55","modified_gmt":"2026-01-16T02:21:55","slug":"2x-nexen-winguard-sport-3-225-45r18-95v-xl","status":"publish","type":"product","link":"https:\/\/oponixo.shop\/tire\/produkt\/2x-nexen-winguard-sport-3-225-45r18-95v-xl\/","title":{"rendered":"2x Nexen Winguard Sport 3 225\/45R18 95V XL"},"content":{"rendered":"<div style=\"font-family: Arial, sans-serif; line-height: 1.6; color: #333; padding: 20px; clear: both; display: block; width: 100%; float: none; position: static; overflow: hidden;\">\n<div style=\"clear: both; display: block; margin: 10px 0;\">\n<div style=\"clear: both; display: block; margin: 10px 0;\">\n<div style=\"clear: both; display: block; margin: 10px 0;\">\n<h1> 2x Opony zimowe Nexen Winguard Sport 3 225\/45R18 95V XL <\/h1>\n<h2> G\u0142\u00f3wne cechy: <\/h2>\n<ul style=\"margin: 15px 0; padding-left: 20px; clear: both; display: block; width: 100%; float: none; position: static;\">\n<li style=\"margin: 5px 0; padding: 2px 0; clear: both; display: list-item; float: none; position: static;\"><b>Stan:<\/b> nowe<\/li>\n<li style=\"margin: 5px 0; padding: 2px 0; clear: both; display: list-item; float: none; position: static;\"><b>Aukcja dotyczy:<\/b> 2 sztuk (pary opon)<\/li>\n<li style=\"margin: 5px 0; padding: 2px 0; clear: both; display: list-item; float: none; position: static;\"><b>Sezon:<\/b> opony zimowe<\/li>\n<li style=\"margin: 5px 0; padding: 2px 0; clear: both; display: list-item; float: none; position: static;\"><b>Przeznaczenie:<\/b> auta osobowe, SUV, 4&#215;4<\/li>\n<li style=\"margin: 5px 0; padding: 2px 0; clear: both; display: list-item; float: none; position: static;\"><b>Rok produkcji:<\/b> nie starsze jak 2024-2026 (szczeg\u00f3\u0142y w opisie aukcji)<\/li>\n<li style=\"margin: 5px 0; padding: 2px 0; clear: both; display: list-item; float: none; position: static;\">Wszystkie b\u0119d\u0105 pochodzi\u0142y z tego samego roku<\/li>\n<li style=\"margin: 5px 0; padding: 2px 0; clear: both; display: list-item; float: none; position: static;\"><b>Gwarancia:<\/b> 5 lat od daty zakupu<\/li>\n<li style=\"margin: 5px 0; padding: 2px 0; clear: both; display: list-item; float: none; position: static;\"><b>Kod produktu:<\/b> A19549<\/li>\n<li style=\"margin: 5px 0; padding: 2px 0; clear: both; display: list-item; float: none; position: static;\"><b>EAN:<\/b> 8807622228919<\/li>\n<\/ul>\n<h2>Zastosowane technologie:<\/h2>\n<ul style=\"margin: 15px 0; padding-left: 20px; clear: both; display: block; width: 100%; float: none; position: static;\">\n<li style=\"margin: 5px 0; padding: 2px 0; clear: both; display: list-item; float: none; position: static;\"><b>Wzmocnienie:<\/b> TAK (XL)<\/li>\n<\/ul>\n<\/div>\n<\/div>\n<\/div>\n<div style=\"clear: both; display: block; margin: 10px 0;\">\n<div style=\"clear: both; display: block; margin: 10px 0;\">\n<div style=\"clear: both; display: block; margin: 10px 0;\">\n<h2>Parametry opony:<\/h2>\n<ul style=\"margin: 15px 0; padding-left: 20px; clear: both; display: block; width: 100%; float: none; position: static;\">\n<li style=\"margin: 5px 0; padding: 2px 0; clear: both; display: list-item; float: none; position: static;\"><b>Marka:<\/b> Nexen<\/li>\n<li style=\"margin: 5px 0; padding: 2px 0; clear: both; display: list-item; float: none; position: static;\"><b>Klasa:<\/b> \u015brednia<\/li>\n<li style=\"margin: 5px 0; padding: 2px 0; clear: both; display: list-item; float: none; position: static;\"><b>Model:<\/b> Winguard Sport 3<\/li>\n<li style=\"margin: 5px 0; padding: 2px 0; clear: both; display: list-item; float: none; position: static;\"><b>Rozmiar:<\/b> 225\/45R18 (225\/45 R18)<\/li>\n<li style=\"margin: 5px 0; padding: 2px 0; clear: both; display: list-item; float: none; position: static;\"><b>Szeroko\u015b\u0107:<\/b> 225 mm<\/li>\n<li style=\"margin: 5px 0; padding: 2px 0; clear: both; display: list-item; float: none; position: static;\"><b>Wysoko\u015b\u0107:<\/b> 45<\/li>\n<li style=\"margin: 5px 0; padding: 2px 0; clear: both; display: list-item; float: none; position: static;\"><b>\u015arednica:<\/b> R18 (18 cali)<\/li>\n<li style=\"margin: 5px 0; padding: 2px 0; clear: both; display: list-item; float: none; position: static;\"><b>Indeks no\u015bno\u015bci:<\/b> 95<\/li>\n<li style=\"margin: 5px 0; padding: 2px 0; clear: both; display: list-item; float: none; position: static;\"><b>Maks. no\u015bno\u015b\u0107:<\/b> 690 kg na opon\u0119<\/li>\n<li style=\"margin: 5px 0; padding: 2px 0; clear: both; display: list-item; float: none; position: static;\"><b>Indeks pr\u0119dko\u015bci:<\/b> V<\/li>\n<li style=\"margin: 5px 0; padding: 2px 0; clear: both; display: list-item; float: none; position: static;\"><b>Maks. pr\u0119dko\u015b\u0107:<\/b> 240 km\/h<\/li>\n<li style=\"margin: 5px 0; padding: 2px 0; clear: both; display: list-item; float: none; position: static;\"><b>Inne oznaczenia:<\/b> XL, 3PMSF<\/li>\n<\/ul>\n<h2>Oznaczenia dodatkowe:<\/h2>\n<ul style=\"margin: 15px 0; padding-left: 20px; clear: both; display: block; width: 100%; float: none; position: static;\">\n<li style=\"margin: 5px 0; padding: 2px 0; clear: both; display: list-item; float: none; position: static;\"><b>XL:<\/b> Opona wzmacniana co oznacza, \u017ce charakteryzuje si\u0119 zwi\u0119kszon\u0105 no\u015bno\u015bci\u0105 (pozwala na wi\u0119kszy ud\u017awig). Opony wzmacniane rekomendowane s\u0105 do aut o wi\u0119kszej mocy silnika (ponad 120KM), pojazd\u00f3w z nadwoziem kombi oraz samochod\u00f3w segmentu SUV. Opony takie na swoim boku maj\u0105 zapis XL lub extra load.<\/li>\n<li style=\"margin: 5px 0; padding: 2px 0; clear: both; display: list-item; float: none; position: static;\"><b>3PMSF:<\/b> Symbol p\u0142atka \u015bniegu na tle potr\u00f3jnego szczytu (symbol alpejski) oznaczaj\u0105cy, \u017ce opony gwarantuj\u0105 niezawodno\u015b\u0107 i bezpiecze\u0144stwo na \u015bniegu. Oznaczenie otrzymuj\u0105 wy\u0142\u0105cznie opony, kt\u00f3re otrzyma\u0142y pozytywny wynik w znormalizowanych testach osi\u0105g\u00f3w w zakresie mobilno\u015bci i bezpiecze\u0144stwa w warunkach zimowych.<\/li>\n<\/ul>\n<\/div>\n<\/div>\n<div style=\"clear: both; display: block; margin: 10px 0;\">\n<div style=\"clear: both; display: block; margin: 10px 0;\">\n<div  style=\"max-width:800px;max-height:800px\">\n<div style=\"clear: both; display: block; margin: 10px 0;\">\n<div style=\"clear: both; width: 100%; display: block; margin: 20px 0; padding: 0; float: none; position: static; text-align: center;\"><img decoding=\"async\"  src=\"https:\/\/a.allegroimg.com\/original\/1129e9\/84be72b6496685837b4f870c0383\/2x-Nexen-Winguard-Sport-3-225-45R18-95V-XL\" srcset=\"https:\/\/a.allegroimg.com\/original\/1129e9\/84be72b6496685837b4f870c0383\/2x-Nexen-Winguard-Sport-3-225-45R18-95V-XL 360w,https:\/\/a.allegroimg.com\/original\/1129e9\/84be72b6496685837b4f870c0383\/2x-Nexen-Winguard-Sport-3-225-45R18-95V-XL 720w,https:\/\/a.allegroimg.com\/original\/1129e9\/84be72b6496685837b4f870c0383\/2x-Nexen-Winguard-Sport-3-225-45R18-95V-XL 800w,https:\/\/a.allegroimg.com\/original\/1129e9\/84be72b6496685837b4f870c0383\/2x-Nexen-Winguard-Sport-3-225-45R18-95V-XL 800w\" sizes=\"(min-width: 1200px) 560px, (min-width: 992px) 50vw, 100vw\" width=\"800px\" alt=\"2x Nexen Winguard Sport 3 225\/45R18 95V XL\" style=\"max-width: 100%; height: auto; display: block; margin: 0 auto;\"><\/div>\n<\/div>\n<\/div>\n<\/div>\n<\/div>\n<\/div>\n<div style=\"clear: both; display: block; margin: 10px 0;\">\n<div style=\"clear: both; display: block; margin: 10px 0;\">\n<div style=\"clear: both; display: block; margin: 10px 0;\">\n<div  style=\"max-width:886px;max-height:1299px\">\n<div style=\"clear: both; display: block; margin: 10px 0;\">\n<div style=\"clear: both; width: 100%; display: block; margin: 20px 0; padding: 0; float: none; position: static; text-align: center;\"><img decoding=\"async\"  src=\"https:\/\/a.allegroimg.com\/original\/114f95\/d655d946414e9a00bbec7b0b34cb\/2x-Nexen-Winguard-Sport-3-225-45R18-95V-XL-Liczba-opon-w-ofercie-2-szt\" srcset=\"https:\/\/a.allegroimg.com\/original\/114f95\/d655d946414e9a00bbec7b0b34cb\/2x-Nexen-Winguard-Sport-3-225-45R18-95V-XL-Liczba-opon-w-ofercie-2-szt 245w,https:\/\/a.allegroimg.com\/original\/114f95\/d655d946414e9a00bbec7b0b34cb\/2x-Nexen-Winguard-Sport-3-225-45R18-95V-XL-Liczba-opon-w-ofercie-2-szt 491w,https:\/\/a.allegroimg.com\/original\/114f95\/d655d946414e9a00bbec7b0b34cb\/2x-Nexen-Winguard-Sport-3-225-45R18-95V-XL-Liczba-opon-w-ofercie-2-szt 698w,https:\/\/a.allegroimg.com\/original\/114f95\/d655d946414e9a00bbec7b0b34cb\/2x-Nexen-Winguard-Sport-3-225-45R18-95V-XL-Liczba-opon-w-ofercie-2-szt 886w,https:\/\/a.allegroimg.com\/original\/114f95\/d655d946414e9a00bbec7b0b34cb\/2x-Nexen-Winguard-Sport-3-225-45R18-95V-XL-Liczba-opon-w-ofercie-2-szt 886w\" sizes=\"(min-width: 1200px) 560px, (min-width: 992px) 50vw, 100vw\" width=\"886px\" alt=\"2x Nexen Winguard Sport 3 225\/45R18 95V XL Liczba opon w ofercie 2 szt.\" style=\"max-width: 100%; height: auto; display: block; margin: 0 auto;\"><\/div>\n<\/div>\n<\/div>\n<\/div>\n<\/div>\n<div style=\"clear: both; display: block; margin: 10px 0;\">\n<div style=\"clear: both; display: block; margin: 10px 0;\">\n<h1> Najnowsza etykieta opony <\/h1>\n<h2> Op\u00f3r toczenia &#8211; klasa <\/h2>\n<p style=\"margin: 15px 0; line-height: 1.8; clear: both; display: block; width: 100%; float: none; position: static;\"> Zu\u017cycie paliwa odgrywa wa\u017cn\u0105 rol\u0119 z ekonomicznego i ekologicznego punktu widzenia. Im ni\u017csze opory toczenia, tym mniejsza ilo\u015b\u0107 zu\u017cywanej energii oraz ni\u017csze zu\u017cycie paliwa i emisja CO2. Przyk\u0142adowo r\u00f3\u017cnica w spalaniu mi\u0119dzy klas\u0105 E oraz C wynosi 1\/10 litra na 100km. <\/p>\n<h2> Przyczepno\u015b\u0107 na mokrym &#8211; klasa <\/h2>\n<p style=\"margin: 15px 0; line-height: 1.8; clear: both; display: block; width: 100%; float: none; position: static;\"> Klasyfikacja przyczepno\u015bci wskazuje, jak dobrze opona b\u0119dzie si\u0119 zachowywa\u0107 na mokrej nawierzchni, a jej osi\u0105gi s\u0105 oceniane w skali od klasy A do G. Ocena A oznacza kr\u00f3tk\u0105 drog\u0119 hamowania na mokrej nawierzchni. <\/p>\n<h2> Ha\u0142as zewn\u0119trzny &#8211; klasa B <\/h2>\n<p style=\"margin: 15px 0; line-height: 1.8; clear: both; display: block; width: 100%; float: none; position: static;\"> Poziom ha\u0142asu zewn\u0119trznego (w decybelach) emitowanego przez opon\u0119 auta poruszaj\u0105cego si\u0119 z pr\u0119dko\u015bci\u0105 80km\/h. Opona zimowa 225 45 18 Nexen Winguard Sport 3 emituje ha\u0142as na poziomie decybeli. <\/p>\n<\/div>\n<\/div>\n<\/div>\n<div style=\"clear: both; display: block; margin: 10px 0;\">\n<div style=\"clear: both; display: block; margin: 10px 0;\">\n<div style=\"clear: both; display: block; margin: 10px 0;\">\n<h1> Rok produkcji opon <\/h1>\n<p style=\"margin: 15px 0; line-height: 1.8; clear: both; display: block; width: 100%; float: none; position: static;\"> Na magazynie trzymamy razem oko\u0142o 200 tysi\u0119cy opon wyprodukowanych w latach <b> 2024 &#8211; 2026<\/b>. Pe\u0142na automatyzacja magazynu gwarantuje, i\u017c wszystkie zakupione przez Ciebie opony pochodzi\u0107 b\u0119d\u0105 z <b>tego samego rocznika<\/b>. Masz wi\u0119c pewno\u015b\u0107, otrzymania pe\u0142nowarto\u015bciowych opon, kt\u00f3rych data produkcji nie b\u0119dzie starsza ni\u017c 36 miesi\u0119cy (ka\u017cda opona by\u0142a r\u0119cznie weryfikowana). Wed\u0142ug polskiej normy PN-C-94300-7 <b>opony do 3 lat od daty ich produkcji zachowuj\u0105 100% w\u0142a\u015bciwo\u015bci<\/b> oraz wszystkie swoje parametry w zakresie bezpiecze\u0144stwa i eksploatacji. <\/p>\n<p style=\"margin: 15px 0; line-height: 1.8; clear: both; display: block; width: 100%; float: none; position: static;\"> Producenci na ca\u0142ym \u015bwiecie deklaruj\u0105 jednog\u0142o\u015bnie, \u017ce <b>\u017cywotno\u015b\u0107 ka\u017cdej opony<\/b> ko\u0144czy si\u0119 dopiero po 10 latach od daty jej wyprodukowania. Dodatkowo, aby przeciwdzia\u0142a\u0107 temu zjawisku, od kilkunastu lat mieszanki gumowe, z kt\u00f3rych wykonane s\u0105 opony <b>zawieraj\u0105 substancje przeciwstarzeniowe<\/b>. Dzi\u0119ki temu mamy gwaranci\u0119, \u017ce opona sk\u0142adowana w prawid\u0142owy spos\u00f3b nawet przez wiele lat, dzi\u0119ki swym odpowiednim w\u0142a\u015bciwo\u015bciom &#8211; <b>zachowuje cechy nowej opony<\/b>. <\/p>\n<p style=\"margin: 15px 0; line-height: 1.8; clear: both; display: block; width: 100%; float: none; position: static;\"> Opony starzej\u0105 si\u0119 wy\u0142\u0105cznie na skutek fizycznych i chemicznych proces\u00f3w takich jak promieniowanie UV, du\u017ca wilgotno\u015b\u0107, wysoka temperatura czy kontakt z substancjami typu benzyna, oleje, smary czy inne p\u0142yny samochodowe. <b>Nasze opony przechowujemy w suchym, klimatyzowanym i ciemnym magazynie<\/b> z dala od wilgoci, substancji szkodliwych oraz promieniowania s\u0142onecznego (UV). <\/p>\n<\/div>\n<\/div>\n<div style=\"clear: both; display: block; margin: 10px 0;\">\n<div style=\"clear: both; display: block; margin: 10px 0;\">\n<div  style=\"max-width:500px;max-height:500px\">\n<div style=\"clear: both; display: block; margin: 10px 0;\">\n<div style=\"clear: both; width: 100%; display: block; margin: 20px 0; padding: 0; float: none; position: static; text-align: center;\"><img decoding=\"async\"  src=\"https:\/\/a.allegroimg.com\/original\/11f97e\/fa0ac9b542a5a2581f216506763d\/2x-Nexen-Winguard-Sport-3-225-45R18-95V-XL-Srednica-18\" srcset=\"https:\/\/a.allegroimg.com\/original\/11f97e\/fa0ac9b542a5a2581f216506763d\/2x-Nexen-Winguard-Sport-3-225-45R18-95V-XL-Srednica-18 360w,https:\/\/a.allegroimg.com\/original\/11f97e\/fa0ac9b542a5a2581f216506763d\/2x-Nexen-Winguard-Sport-3-225-45R18-95V-XL-Srednica-18 500w,https:\/\/a.allegroimg.com\/original\/11f97e\/fa0ac9b542a5a2581f216506763d\/2x-Nexen-Winguard-Sport-3-225-45R18-95V-XL-Srednica-18 500w\" sizes=\"(min-width: 1200px) 560px, (min-width: 992px) 50vw, 100vw\" width=\"500px\" alt=\"2x Nexen Winguard Sport 3 225\/45R18 95V XL \u015arednica 18&quot;\" style=\"max-width: 100%; height: auto; display: block; margin: 0 auto;\"><\/div>\n<\/div>\n<\/div>\n<\/div>\n<\/div>\n<\/div>\n<div style=\"clear: both; display: block; margin: 10px 0;\">\n<div style=\"clear: both; display: block; margin: 10px 0;\">\n<div style=\"clear: both; display: block; margin: 10px 0;\">\n<div  style=\"max-width:500px;max-height:500px\">\n<div style=\"clear: both; display: block; margin: 10px 0;\">\n<div style=\"clear: both; width: 100%; display: block; margin: 20px 0; padding: 0; float: none; position: static; text-align: center;\"><img decoding=\"async\"  src=\"https:\/\/a.allegroimg.com\/original\/11e1fc\/24ac7a2e4141b9c9d777858ac5aa\/2x-Nexen-Winguard-Sport-3-225-45R18-95V-XL-Szerokosc-opony-225-mm\" srcset=\"https:\/\/a.allegroimg.com\/original\/11e1fc\/24ac7a2e4141b9c9d777858ac5aa\/2x-Nexen-Winguard-Sport-3-225-45R18-95V-XL-Szerokosc-opony-225-mm 360w,https:\/\/a.allegroimg.com\/original\/11e1fc\/24ac7a2e4141b9c9d777858ac5aa\/2x-Nexen-Winguard-Sport-3-225-45R18-95V-XL-Szerokosc-opony-225-mm 500w,https:\/\/a.allegroimg.com\/original\/11e1fc\/24ac7a2e4141b9c9d777858ac5aa\/2x-Nexen-Winguard-Sport-3-225-45R18-95V-XL-Szerokosc-opony-225-mm 500w\" sizes=\"(min-width: 1200px) 560px, (min-width: 992px) 50vw, 100vw\" width=\"500px\" alt=\"2x Nexen Winguard Sport 3 225\/45R18 95V XL Szeroko\u015b\u0107 opony 225 mm\" style=\"max-width: 100%; height: auto; display: block; margin: 0 auto;\"><\/div>\n<\/div>\n<\/div>\n<\/div>\n<\/div>\n<div style=\"clear: both; display: block; margin: 10px 0;\">\n<div style=\"clear: both; display: block; margin: 10px 0;\">\n<h1> O firmie Nexen <\/h1>\n<p style=\"margin: 15px 0; line-height: 1.8; clear: both; display: block; width: 100%; float: none; position: static;\"> Producentem modelu opony Winguard Sport 3 w rozmiarze 225\/45R18 jest marka Nexen. <\/p>\n<p style=\"margin: 15px 0; line-height: 1.8; clear: both; display: block; width: 100%; float: none; position: static;\"> Nexen to po\u0142udniowokorea\u0144ski producent opon. Firma zosta\u0142a za\u0142o\u017cona w 1942 roku pod oryginaln\u0105 nazw\u0105 Heung-A Tire Co. Pod nazw\u0105 Nexen produkcja ruszy\u0142a w 1956 roku, co ju\u017c po kilku latach zaowocowa\u0142o ogromn\u0105 popularno\u015bci\u0105 produkowanych opon. Nexen jako pierwszy wprowadzi\u0142 na rynek opony z bie\u017cnikiem w kszta\u0142cie litery V.Dzi\u0119ki rozwojowi innowacyjnych technologii i ulepszonym metodom produkcji, asortyment opon Nexen jest stale uzupe\u0142niany o produkty o ulepszonych parametrach u\u017cytkowych, wyd\u0142u\u017conej \u017cywotno\u015bci, zapewniaj\u0105cych optymalne zu\u017cycie paliwa i wy\u017cszy poziom bezpiecze\u0144stwa. Lawinowo rozwijany asortyment sprawi\u0142, \u017ce opony Nexen s\u0105 dost\u0119pne dla szerokiej gamy pojazd\u00f3w, a firma szybko bije kolejne rekordy w swojej bran\u017cy. <\/p>\n<\/div>\n<\/div>\n<\/div>\n<div style=\"clear: both; display: block; margin: 10px 0;\">\n<div style=\"clear: both; display: block; margin: 10px 0;\">\n<div style=\"clear: both; display: block; margin: 10px 0;\">\n<h1> Opony zimowe Nexen <\/h1>\n<h2>\n","protected":false},"excerpt":{"rendered":"<p>2x Opony zimowe Nexen Winguard Sport 3 225\/45R18 95V XL<\/p>\n<p>G\u0142\u00f3wne cechy:<\/p>\n<p>Stan: nowe<\/p>\n<p>Aukcja dotyczy: 2 sztuk (pary opon)<\/p>\n<p>Sezon: opony zimowe<\/p>\n<p>Przeznaczenie: auta osobowe, SUV, 4&#215;4<\/p>\n<p>Rok produkcji: nie starsze jak 2024-2026 (szczeg\u00f3\u0142y w opisie aukcji)<\/p>\n<p>Wszystkie b\u0119d\u0105 pochodzi\u0142y z tego samego roku<\/p>\n","protected":false},"featured_media":15710,"template":"","meta":{"_uag_custom_page_level_css":""},"product_brand":[392],"product_cat":[414,413,412,415],"product_tag":[],"class_list":{"0":"post-15709","1":"product","2":"type-product","3":"status-publish","4":"has-post-thumbnail","6":"product_brand-nexen","7":"product_cat-do-samochodow-osobowych-i-suv","8":"product_cat-opony","9":"product_cat-opony-i-felgi","10":"product_cat-zimowe","12":"first","13":"instock","14":"shipping-taxable","15":"purchasable","16":"product-type-simple"},"uagb_featured_image_src":{"full":["https:\/\/oponixo.shop\/tire\/wp-content\/uploads\/2026\/01\/allegro-image-15709.jpg",800,800,false],"thumbnail":["https:\/\/oponixo.shop\/tire\/wp-content\/uploads\/2026\/01\/allegro-image-15709-150x150.jpg",150,150,true],"medium":["https:\/\/oponixo.shop\/tire\/wp-content\/uploads\/2026\/01\/allegro-image-15709-300x300.jpg",300,300,true],"medium_large":["https:\/\/oponixo.shop\/tire\/wp-content\/uploads\/2026\/01\/allegro-image-15709-768x768.jpg",768,768,true],"large":["https:\/\/oponixo.shop\/tire\/wp-content\/uploads\/2026\/01\/allegro-image-15709.jpg",800,800,false],"1536x1536":["https:\/\/oponixo.shop\/tire\/wp-content\/uploads\/2026\/01\/allegro-image-15709.jpg",800,800,false],"2048x2048":["https:\/\/oponixo.shop\/tire\/wp-content\/uploads\/2026\/01\/allegro-image-15709.jpg",800,800,false],"woocommerce_thumbnail":["https:\/\/oponixo.shop\/tire\/wp-content\/uploads\/2026\/01\/allegro-image-15709-300x300.jpg",300,300,true],"woocommerce_single":["https:\/\/oponixo.shop\/tire\/wp-content\/uploads\/2026\/01\/allegro-image-15709-600x600.jpg",600,600,true],"woocommerce_gallery_thumbnail":["https:\/\/oponixo.shop\/tire\/wp-content\/uploads\/2026\/01\/allegro-image-15709-100x100.jpg",100,100,true]},"uagb_author_info":{"display_name":"admin","author_link":"https:\/\/oponixo.shop\/tire\/author\/"},"uagb_comment_info":0,"uagb_excerpt":"2x Opony zimowe Nexen Winguard Sport 3 225\/45R18 95V XL G\u0142\u00f3wne cechy: Stan: nowe Aukcja dotyczy: 2 sztuk (pary opon) Sezon: opony zimowe Przeznaczenie: auta osobowe, SUV, 4x4 Rok produkcji: nie starsze jak 2024-2026 (szczeg\u00f3\u0142y w opisie aukcji) Wszystkie b\u0119d\u0105 pochodzi\u0142y z tego samego roku","_links":{"self":[{"href":"https:\/\/oponixo.shop\/tire\/wp-json\/wp\/v2\/product\/15709","targetHints":{"allow":["GET"]}}],"collection":[{"href":"https:\/\/oponixo.shop\/tire\/wp-json\/wp\/v2\/product"}],"about":[{"href":"https:\/\/oponixo.shop\/tire\/wp-json\/wp\/v2\/types\/product"}],"wp:featuredmedia":[{"embeddable":true,"href":"https:\/\/oponixo.shop\/tire\/wp-json\/wp\/v2\/media\/15710"}],"wp:attachment":[{"href":"https:\/\/oponixo.shop\/tire\/wp-json\/wp\/v2\/media?parent=15709"}],"wp:term":[{"taxonomy":"product_brand","embeddable":true,"href":"https:\/\/oponixo.shop\/tire\/wp-json\/wp\/v2\/product_brand?post=15709"},{"taxonomy":"product_cat","embeddable":true,"href":"https:\/\/oponixo.shop\/tire\/wp-json\/wp\/v2\/product_cat?post=15709"},{"taxonomy":"product_tag","embeddable":true,"href":"https:\/\/oponixo.shop\/tire\/wp-json\/wp\/v2\/product_tag?post=15709"}],"curies":[{"name":"wp","href":"https:\/\/api.w.org\/{rel}","templated":true}]}}