{"id":15727,"date":"2026-01-16T03:21:59","date_gmt":"2026-01-16T02:21:59","guid":{"rendered":"https:\/\/oponyauto.shop\/xef5\/produkt\/2x-bridgestone-ecopia-ep150-195-55r16-87-v\/"},"modified":"2026-01-16T03:22:00","modified_gmt":"2026-01-16T02:22:00","slug":"2x-bridgestone-ecopia-ep150-195-55r16-87-v","status":"publish","type":"product","link":"https:\/\/oponixo.shop\/tire\/produkt\/2x-bridgestone-ecopia-ep150-195-55r16-87-v\/","title":{"rendered":"2x BRIDGESTONE ECOPIA EP150 195\/55R16 87 V"},"content":{"rendered":"<div style=\"font-family: Arial, sans-serif; line-height: 1.6; color: #333; padding: 20px; clear: both; display: block; width: 100%; float: none; position: static; overflow: hidden;\">\n<div style=\"clear: both; display: block; margin: 10px 0;\">\n<div style=\"clear: both; display: block; margin: 10px 0;\">\n<div style=\"clear: both; display: block; margin: 10px 0;\">\n<h2>2x BRIDGESTONE ECOPIA EP150 195\/55R16 87 V<\/h2>\n<\/div>\n<\/div>\n<\/div>\n<div style=\"clear: both; display: block; margin: 10px 0;\">\n<div style=\"clear: both; display: block; margin: 10px 0;\">\n<div style=\"clear: both; display: block; margin: 10px 0;\">\n<div  style=\"max-width:920px;max-height:1120px\">\n<div style=\"clear: both; display: block; margin: 10px 0;\">\n<div style=\"clear: both; width: 100%; display: block; margin: 20px 0; padding: 0; float: none; position: static; text-align: center;\"><img decoding=\"async\"  src=\"https:\/\/a.allegroimg.com\/original\/1120a6\/f3d5beaf4c4e8d16e5f2b53438bf\/2x-BRIDGESTONE-ECOPIA-EP150-195-55R16-87-V\" srcset=\"https:\/\/a.allegroimg.com\/original\/1120a6\/f3d5beaf4c4e8d16e5f2b53438bf\/2x-BRIDGESTONE-ECOPIA-EP150-195-55R16-87-V 295w,https:\/\/a.allegroimg.com\/original\/1120a6\/f3d5beaf4c4e8d16e5f2b53438bf\/2x-BRIDGESTONE-ECOPIA-EP150-195-55R16-87-V 591w,https:\/\/a.allegroimg.com\/original\/1120a6\/f3d5beaf4c4e8d16e5f2b53438bf\/2x-BRIDGESTONE-ECOPIA-EP150-195-55R16-87-V 841w,https:\/\/a.allegroimg.com\/original\/1120a6\/f3d5beaf4c4e8d16e5f2b53438bf\/2x-BRIDGESTONE-ECOPIA-EP150-195-55R16-87-V 920w,https:\/\/a.allegroimg.com\/original\/1120a6\/f3d5beaf4c4e8d16e5f2b53438bf\/2x-BRIDGESTONE-ECOPIA-EP150-195-55R16-87-V 920w\" sizes=\"(min-width: 1200px) 560px, (min-width: 992px) 50vw, 100vw\" width=\"920px\" alt=\"2x BRIDGESTONE ECOPIA EP150 195\/55R16 87 V\" style=\"max-width: 100%; height: auto; display: block; margin: 0 auto;\"><\/div>\n<\/div>\n<\/div>\n<\/div>\n<\/div>\n<div style=\"clear: both; display: block; margin: 10px 0;\">\n<div style=\"clear: both; display: block; margin: 10px 0;\">\n<h2>Letnie opony BRIDGESTONE ECOPIA EP150 195\/55 R16 87 V<\/h2>\n<p style=\"margin: 15px 0; line-height: 1.8; clear: both; display: block; width: 100%; float: none; position: static;\">Opony BRIDGESTONE ECOPIA EP150 to znacz\u0105cy model w portfolio producenta.&nbsp;<\/p>\n<p style=\"margin: 15px 0; line-height: 1.8; clear: both; display: block; width: 100%; float: none; position: static;\">Charakteryzuje si\u0119 optymalnym oporem toczenia. Opony klasy Premium s\u0105 wytwarzane z zastosowaniem najbardziej zaawansowanych technologii na \u015bwiecie.<\/p>\n<ul style=\"margin: 15px 0; padding-left: 20px; clear: both; display: block; width: 100%; float: none; position: static;\">\n<li style=\"margin: 5px 0; padding: 2px 0; clear: both; display: list-item; float: none; position: static;\"><b>Stan:<\/b>&nbsp;Nowy<\/li>\n<li style=\"margin: 5px 0; padding: 2px 0; clear: both; display: list-item; float: none; position: static;\"><b>EAN:<\/b>&nbsp;3286340602617<\/li>\n<li style=\"margin: 5px 0; padding: 2px 0; clear: both; display: list-item; float: none; position: static;\"><b>Producent:<\/b> BRIDGESTONE<\/li>\n<li style=\"margin: 5px 0; padding: 2px 0; clear: both; display: list-item; float: none; position: static;\"><b>Model:<\/b> ECOPIA EP150<\/li>\n<li style=\"margin: 5px 0; padding: 2px 0; clear: both; display: list-item; float: none; position: static;\"><b>Rozmiar:<\/b> 195\/55 R16<\/li>\n<li style=\"margin: 5px 0; padding: 2px 0; clear: both; display: list-item; float: none; position: static;\"><b>Indeks no\u015bno\u015bci:<\/b> 87<\/li>\n<li style=\"margin: 5px 0; padding: 2px 0; clear: both; display: list-item; float: none; position: static;\"><b>Indeks pr\u0119dko\u015bci:<\/b> V<\/li>\n<li style=\"margin: 5px 0; padding: 2px 0; clear: both; display: list-item; float: none; position: static;\"><b>Ha\u0142as db:<\/b>&nbsp;69<\/li>\n<li style=\"margin: 5px 0; padding: 2px 0; clear: both; display: list-item; float: none; position: static;\"><b>Sezon:<\/b> Letnie<\/li>\n<li style=\"margin: 5px 0; padding: 2px 0; clear: both; display: list-item; float: none; position: static;\"><b>Rok produkcji:<\/b> 2025<\/li>\n<li style=\"margin: 5px 0; padding: 2px 0; clear: both; display: list-item; float: none; position: static;\"><b>Przeznaczenie:<\/b> Osobowe<\/li>\n<li style=\"margin: 5px 0; padding: 2px 0; clear: both; display: list-item; float: none; position: static;\"><b>Kl. przycz. na mokrej naw.:<\/b>&nbsp;B<\/li>\n<li style=\"margin: 5px 0; padding: 2px 0; clear: both; display: list-item; float: none; position: static;\"><b>Kl. efekt. paliwowej:&nbsp;<\/b>C<\/li>\n<\/ul>\n<\/div>\n<\/div>\n<\/div>\n<div style=\"clear: both; display: block; margin: 10px 0;\">\n<div style=\"clear: both; display: block; margin: 10px 0;\">\n<div style=\"clear: both; display: block; margin: 10px 0;\">\n<div  style=\"max-width:730px;max-height:300px\">\n<div style=\"clear: both; display: block; margin: 10px 0;\">\n<div style=\"clear: both; width: 100%; display: block; margin: 20px 0; padding: 0; float: none; position: static; text-align: center;\"><img decoding=\"async\"  src=\"https:\/\/a.allegroimg.com\/original\/11c176\/5e5df5d84a4ab00ed2102f9cbff0\/2x-BRIDGESTONE-ECOPIA-EP150-195-55R16-87-V-Liczba-opon-w-ofercie-2-szt\" srcset=\"https:\/\/a.allegroimg.com\/original\/11c176\/5e5df5d84a4ab00ed2102f9cbff0\/2x-BRIDGESTONE-ECOPIA-EP150-195-55R16-87-V-Liczba-opon-w-ofercie-2-szt 360w,https:\/\/a.allegroimg.com\/original\/11c176\/5e5df5d84a4ab00ed2102f9cbff0\/2x-BRIDGESTONE-ECOPIA-EP150-195-55R16-87-V-Liczba-opon-w-ofercie-2-szt 720w,https:\/\/a.allegroimg.com\/original\/11c176\/5e5df5d84a4ab00ed2102f9cbff0\/2x-BRIDGESTONE-ECOPIA-EP150-195-55R16-87-V-Liczba-opon-w-ofercie-2-szt 730w,https:\/\/a.allegroimg.com\/original\/11c176\/5e5df5d84a4ab00ed2102f9cbff0\/2x-BRIDGESTONE-ECOPIA-EP150-195-55R16-87-V-Liczba-opon-w-ofercie-2-szt 730w\" sizes=\"100vw\" width=\"730px\" alt=\"2x BRIDGESTONE ECOPIA EP150 195\/55R16 87 V Liczba opon w ofercie 2 szt.\" style=\"max-width: 100%; height: auto; display: block; margin: 0 auto;\"><\/div>\n<\/div>\n<\/div>\n<\/div>\n<\/div>\n<\/div>\n<div style=\"clear: both; display: block; margin: 10px 0;\">\n<div style=\"clear: both; display: block; margin: 10px 0;\">\n<div style=\"clear: both; display: block; margin: 10px 0;\">\n<p style=\"margin: 15px 0; line-height: 1.8; clear: both; display: block; width: 100%; float: none; position: static;\">Pierwsze opony Bridgestone rozpocz\u0119to produkowa\u0107 w 1930 roku. Oficjalna sp\u00f3\u0142ka Bridgestone Tire Co. Ltd. zosta\u0142a powo\u0142ana do \u017cycia rok p\u00f3\u017aniej. Od tego roku sp\u00f3\u0142ka ma swoj\u0105 siedzib\u0119 w Tokio. Kamieniem milowym w historii marki by\u0142y wyprodukowanie opony radialnej przeznaczonej do autobus\u00f3w oraz samochod\u00f3w ci\u0119\u017carowych oraz do samochod\u00f3w osobowych w latach 60. XX wieku.<\/p>\n<p style=\"margin: 15px 0; line-height: 1.8; clear: both; display: block; width: 100%; float: none; position: static;\">Bridgestone to jedna z najwi\u0119kszych i najbardziej rozpoznawalnych firm produkuj\u0105cych opony na \u015bwiecie. W 59 fabrykach pracuje ponad 140 tysi\u0119cy pracownik\u00f3w. Koncern specjalizuje si\u0119 nie tylko w ogumieniu do samochod\u00f3w osobowych, ale tak\u017ce motocyklowych, terenowych, rolniczych oraz przemys\u0142owych i ci\u0119\u017carowych.<\/p>\n<p style=\"margin: 15px 0; line-height: 1.8; clear: both; display: block; width: 100%; float: none; position: static;\">O jako\u015bci marki opon Bridgestone \u015bwiadcz\u0105 wielokrotne wyr\u00f3\u017cnienia w bran\u017cy oponiarskiej. Dzia\u0142ania japo\u0144skiego producenta zosta\u0142y wielokrotnie docenione poprzez przyznanie firmie tytu\u0142u Producenta Opon Roku &#8211; w wielu kategoriach.<\/p>\n<p style=\"margin: 15px 0; line-height: 1.8; clear: both; display: block; width: 100%; float: none; position: static;\">Japo\u0144ska marka jest r\u00f3wnie\u017c dostawc\u0105 opon dla Formu\u0142y 1, oraz przez kilka lat by\u0142a dostawc\u0105 opon do Moto GP. Marka kojarzona jest ze sportami motorowym na ca\u0142ym \u015bwiecie. Producent projektuj\u0105c opony dok\u0142ada najwi\u0119kszych stara\u0144, aby by\u0142y przygotowane na najwy\u017csze osi\u0105gi i pr\u0119dko\u015bci, dostosowuj\u0105c swoje produkty do potrzeb kierowc\u00f3w.<\/p>\n<\/div>\n<\/div>\n<\/div>\n<div style=\"clear: both; display: block; margin: 10px 0;\">\n<div style=\"clear: both; display: block; margin: 10px 0;\">\n<div style=\"clear: both; display: block; margin: 10px 0;\">\n<div  style=\"max-width:1200px;max-height:1758px\">\n<div style=\"clear: both; display: block; margin: 10px 0;\">\n<div style=\"clear: both; width: 100%; display: block; margin: 20px 0; padding: 0; float: none; position: static; text-align: center;\"><img decoding=\"async\"  src=\"https:\/\/a.allegroimg.com\/original\/116e37\/a9e6d37f4439a9d4dcd4c8abe6fb\/2x-BRIDGESTONE-ECOPIA-EP150-195-55R16-87-V-Rok-produkcji-2025\" srcset=\"https:\/\/a.allegroimg.com\/original\/116e37\/a9e6d37f4439a9d4dcd4c8abe6fb\/2x-BRIDGESTONE-ECOPIA-EP150-195-55R16-87-V-Rok-produkcji-2025 245w,https:\/\/a.allegroimg.com\/original\/116e37\/a9e6d37f4439a9d4dcd4c8abe6fb\/2x-BRIDGESTONE-ECOPIA-EP150-195-55R16-87-V-Rok-produkcji-2025 491w,https:\/\/a.allegroimg.com\/original\/116e37\/a9e6d37f4439a9d4dcd4c8abe6fb\/2x-BRIDGESTONE-ECOPIA-EP150-195-55R16-87-V-Rok-produkcji-2025 698w,https:\/\/a.allegroimg.com\/original\/116e37\/a9e6d37f4439a9d4dcd4c8abe6fb\/2x-BRIDGESTONE-ECOPIA-EP150-195-55R16-87-V-Rok-produkcji-2025 982w,https:\/\/a.allegroimg.com\/original\/116e37\/a9e6d37f4439a9d4dcd4c8abe6fb\/2x-BRIDGESTONE-ECOPIA-EP150-195-55R16-87-V-Rok-produkcji-2025 1200w\" sizes=\"(min-width: 1200px) 560px, (min-width: 992px) 50vw, 100vw\" width=\"1200px\" alt=\"2x BRIDGESTONE ECOPIA EP150 195\/55R16 87 V Rok produkcji 2025\" style=\"max-width: 100%; height: auto; display: block; margin: 0 auto;\"><\/div>\n<\/div>\n<\/div>\n<\/div>\n<\/div>\n<div style=\"clear: both; display: block; margin: 10px 0;\">\n<div style=\"clear: both; display: block; margin: 10px 0;\">\n<p style=\"margin: 15px 0; line-height: 1.8; clear: both; display: block; width: 100%; float: none; position: static;\">Dlaczego warto kupowa\u0107 u Nas ?<\/p>\n<p style=\"margin: 15px 0; line-height: 1.8; clear: both; display: block; width: 100%; float: none; position: static;\">Jeste\u015bmy firm\u0105, kt\u00f3ra na podstawie wieloletniego do\u015bwiadczenia z zaanga\u017cowaniem pomaga klientom w doborze oraz kupnie opon.<\/p>\n<p style=\"margin: 15px 0; line-height: 1.8; clear: both; display: block; width: 100%; float: none; position: static;\">Posiadamy szerok\u0105 game opon do aut osobowych, dostawczych, cie\u017carowych, motocyki jak i opon przemys\u0142owych.<\/p>\n<p style=\"margin: 15px 0; line-height: 1.8; clear: both; display: block; width: 100%; float: none; position: static;\">Gwarancja satysfakcjii oraz bezpiecznie przejechanych kilometr\u00f3w.<\/p>\n<p style=\"margin: 15px 0; line-height: 1.8; clear: both; display: block; width: 100%; float: none; position: static;\">Zosta\u0144 naszym kolejnym zadowolonym klientem.<\/p>\n<p style=\"margin: 15px 0; line-height: 1.8; clear: both; display: block; width: 100%; float: none; position: static;\">ZAPRASZAMY DO ZAKUP\u00d3W.<\/p>\n<\/div>\n<\/div>\n<\/div>\n<\/div>\n<\/div>\n<\/div>\n<div style=\"clear: both; display: block; margin: 10px 0;\">\n","protected":false},"excerpt":{"rendered":"<p>2x BRIDGESTONE ECOPIA EP150 195\/55R16 87 V<\/p>\n<p>Letnie opony BRIDGESTONE ECOPIA EP150 195\/55 R16 87 V<\/p>\n<p>Opony BRIDGESTONE ECOPIA EP150 to znacz\u0105cy model w portfolio producenta.&nbsp;<\/p>\n<p>Charakteryzuje si\u0119 optymalnym oporem toczenia. Opony klasy Premium s\u0105 wytwarzane z zastosowaniem najbardziej zaawansowanych technologii na \u015bwiecie.<\/p>\n<p>Stan:&nbsp;Nowy<\/p>\n<p>EAN:&nbsp;3286340602617<\/p>\n<p>Producent: BRIDGESTONE<\/p>\n<p>Model: ECOPIA EP150<\/p>\n","protected":false},"featured_media":15728,"template":"","meta":{"_uag_custom_page_level_css":""},"product_brand":[397],"product_cat":[414,418,413,412],"product_tag":[],"class_list":{"0":"post-15727","1":"product","2":"type-product","3":"status-publish","4":"has-post-thumbnail","6":"product_brand-bridgestone","7":"product_cat-do-samochodow-osobowych-i-suv","8":"product_cat-letnie","9":"product_cat-opony","10":"product_cat-opony-i-felgi","12":"first","13":"instock","14":"shipping-taxable","15":"purchasable","16":"product-type-simple"},"uagb_featured_image_src":{"full":["https:\/\/oponixo.shop\/tire\/wp-content\/uploads\/2026\/01\/allegro-image-15727.jpg",920,1120,false],"thumbnail":["https:\/\/oponixo.shop\/tire\/wp-content\/uploads\/2026\/01\/allegro-image-15727-150x150.jpg",150,150,true],"medium":["https:\/\/oponixo.shop\/tire\/wp-content\/uploads\/2026\/01\/allegro-image-15727-246x300.jpg",246,300,true],"medium_large":["https:\/\/oponixo.shop\/tire\/wp-content\/uploads\/2026\/01\/allegro-image-15727-768x935.jpg",768,935,true],"large":["https:\/\/oponixo.shop\/tire\/wp-content\/uploads\/2026\/01\/allegro-image-15727-841x1024.jpg",841,1024,true],"1536x1536":["https:\/\/oponixo.shop\/tire\/wp-content\/uploads\/2026\/01\/allegro-image-15727.jpg",920,1120,false],"2048x2048":["https:\/\/oponixo.shop\/tire\/wp-content\/uploads\/2026\/01\/allegro-image-15727.jpg",920,1120,false],"woocommerce_thumbnail":["https:\/\/oponixo.shop\/tire\/wp-content\/uploads\/2026\/01\/allegro-image-15727-300x300.jpg",300,300,true],"woocommerce_single":["https:\/\/oponixo.shop\/tire\/wp-content\/uploads\/2026\/01\/allegro-image-15727-600x730.jpg",600,730,true],"woocommerce_gallery_thumbnail":["https:\/\/oponixo.shop\/tire\/wp-content\/uploads\/2026\/01\/allegro-image-15727-100x100.jpg",100,100,true]},"uagb_author_info":{"display_name":"admin","author_link":"https:\/\/oponixo.shop\/tire\/author\/"},"uagb_comment_info":0,"uagb_excerpt":"2x BRIDGESTONE ECOPIA EP150 195\/55R16 87 V Letnie opony BRIDGESTONE ECOPIA EP150 195\/55 R16 87 V Opony BRIDGESTONE ECOPIA EP150 to znacz\u0105cy model w portfolio producenta.&nbsp; Charakteryzuje si\u0119 optymalnym oporem toczenia. Opony klasy Premium s\u0105 wytwarzane z zastosowaniem najbardziej zaawansowanych technologii na \u015bwiecie. Stan:&nbsp;Nowy EAN:&nbsp;3286340602617 Producent: BRIDGESTONE Model: ECOPIA EP150","_links":{"self":[{"href":"https:\/\/oponixo.shop\/tire\/wp-json\/wp\/v2\/product\/15727","targetHints":{"allow":["GET"]}}],"collection":[{"href":"https:\/\/oponixo.shop\/tire\/wp-json\/wp\/v2\/product"}],"about":[{"href":"https:\/\/oponixo.shop\/tire\/wp-json\/wp\/v2\/types\/product"}],"wp:featuredmedia":[{"embeddable":true,"href":"https:\/\/oponixo.shop\/tire\/wp-json\/wp\/v2\/media\/15728"}],"wp:attachment":[{"href":"https:\/\/oponixo.shop\/tire\/wp-json\/wp\/v2\/media?parent=15727"}],"wp:term":[{"taxonomy":"product_brand","embeddable":true,"href":"https:\/\/oponixo.shop\/tire\/wp-json\/wp\/v2\/product_brand?post=15727"},{"taxonomy":"product_cat","embeddable":true,"href":"https:\/\/oponixo.shop\/tire\/wp-json\/wp\/v2\/product_cat?post=15727"},{"taxonomy":"product_tag","embeddable":true,"href":"https:\/\/oponixo.shop\/tire\/wp-json\/wp\/v2\/product_tag?post=15727"}],"curies":[{"name":"wp","href":"https:\/\/api.w.org\/{rel}","templated":true}]}}