{"id":15833,"date":"2026-01-16T03:32:07","date_gmt":"2026-01-16T02:32:07","guid":{"rendered":"https:\/\/oponyauto.shop\/xef5\/produkt\/2x-barum-195-65r16-104-102t-vanis-allseason\/"},"modified":"2026-01-16T03:32:07","modified_gmt":"2026-01-16T02:32:07","slug":"2x-barum-195-65r16-104-102t-vanis-allseason","status":"publish","type":"product","link":"https:\/\/oponixo.shop\/tire\/produkt\/2x-barum-195-65r16-104-102t-vanis-allseason\/","title":{"rendered":"2x Barum 195\/65R16 104\/102T Vanis AllSeason"},"content":{"rendered":"<div style=\"font-family: Arial, sans-serif; line-height: 1.6; color: #333; padding: 20px; clear: both; display: block; width: 100%; float: none; position: static; overflow: hidden;\">\n<div style=\"clear: both; display: block; margin: 10px 0;\">\n<div style=\"clear: both; display: block; margin: 10px 0;\">\n<div style=\"clear: both; display: block; margin: 10px 0;\">\n<div  style=\"max-width:1877px;max-height:1408px\">\n<div style=\"clear: both; display: block; margin: 10px 0;\">\n<div style=\"clear: both; width: 100%; display: block; margin: 20px 0; padding: 0; float: none; position: static; text-align: center;\"><img decoding=\"async\"  src=\"https:\/\/a.allegroimg.com\/original\/11ec1c\/b957301241ecb85990b90fac891e\/2x-Barum-195-65R16-104-102T-Vanis-AllSeason\" srcset=\"https:\/\/a.allegroimg.com\/original\/11ec1c\/b957301241ecb85990b90fac891e\/2x-Barum-195-65R16-104-102T-Vanis-AllSeason 360w,https:\/\/a.allegroimg.com\/original\/11ec1c\/b957301241ecb85990b90fac891e\/2x-Barum-195-65R16-104-102T-Vanis-AllSeason 720w,https:\/\/a.allegroimg.com\/original\/11ec1c\/b957301241ecb85990b90fac891e\/2x-Barum-195-65R16-104-102T-Vanis-AllSeason 1023w,https:\/\/a.allegroimg.com\/original\/11ec1c\/b957301241ecb85990b90fac891e\/2x-Barum-195-65R16-104-102T-Vanis-AllSeason 1440w,https:\/\/a.allegroimg.com\/original\/11ec1c\/b957301241ecb85990b90fac891e\/2x-Barum-195-65R16-104-102T-Vanis-AllSeason 1877w\" sizes=\"(min-width: 1200px) 560px, (min-width: 992px) 50vw, 100vw\" width=\"1877px\" alt=\"2x Barum 195\/65R16 104\/102T Vanis AllSeason\" style=\"max-width: 100%; height: auto; display: block; margin: 0 auto;\"><\/div>\n<\/div>\n<\/div>\n<\/div>\n<\/div>\n<div style=\"clear: both; display: block; margin: 10px 0;\">\n<div style=\"clear: both; display: block; margin: 10px 0;\">\n<h1>Opony Barum Vanis AllSeason<\/h1>\n<h1>195\/65R16 104\/102T<\/h1>\n<ul style=\"margin: 15px 0; padding-left: 20px; clear: both; display: block; width: 100%; float: none; position: static;\">\n<li style=\"margin: 5px 0; padding: 2px 0; clear: both; display: list-item; float: none; position: static;\">Przeznaczenie: <b>Zima<\/b><\/li>\n<li style=\"margin: 5px 0; padding: 2px 0; clear: both; display: list-item; float: none; position: static;\">Typ pojazdu: <b>Dostawczy<\/b><\/li>\n<li style=\"margin: 5px 0; padding: 2px 0; clear: both; display: list-item; float: none; position: static;\">Indeks pr\u0119dko\u015bci:<b>T do 190 km\/h<\/b><\/li>\n<li style=\"margin: 5px 0; padding: 2px 0; clear: both; display: list-item; float: none; position: static;\">Indeks no\u015bno\u015bci: <b>104\/102 &#8211; 900\/850 kg<\/b><\/li>\n<li style=\"margin: 5px 0; padding: 2px 0; clear: both; display: list-item; float: none; position: static;\">Rok produkcji: <b>2024\/2025<\/b><\/li>\n<\/ul>\n<h3 style=\"color: #2c5aa0; font-size: 18px; margin: 30px 0 15px 0; font-weight: bold; clear: both; display: block; width: 100%; float: none; position: static;\">Oznaczenia dodatkowe:<\/h3>\n<p style=\"margin: 15px 0; line-height: 1.8; clear: both; display: block; width: 100%; float: none; position: static;\">C &#8211; opona dedykowana do aut dostawczych<\/p>\n<p style=\"margin: 15px 0; line-height: 1.8; clear: both; display: block; width: 100%; float: none; position: static;\">M+S &#8211; B\u0142oto + \u015anieg, oznaczenie wymagane na oponach zimowych i ca\u0142orocznych<\/p>\n<p style=\"margin: 15px 0; line-height: 1.8; clear: both; display: block; width: 100%; float: none; position: static;\">3PMSF &#8211; Opony przystosowane do jazdy w warunkach zimowych. W\u0142a\u015bciwo\u015bci potwierdzone testami<\/p>\n<\/div>\n<\/div>\n<\/div>\n<div style=\"clear: both; display: block; margin: 10px 0;\">\n<div style=\"clear: both; display: block; margin: 10px 0;\">\n<div style=\"clear: both; display: block; margin: 10px 0;\">\n<h3 style=\"color: #2c5aa0; font-size: 18px; margin: 30px 0 15px 0; font-weight: bold; clear: both; display: block; width: 100%; float: none; position: static;\">Opis modelu<\/h3>\n<p style=\"margin: 15px 0; line-height: 1.8; clear: both; display: block; width: 100%; float: none; position: static;\">Barum Vanis AllSeason to model ca\u0142orocznej opony, zaklasyfikowanej w segmencie ekonomicznym, produkowany dla samochod\u00f3w dostawczych i pojazd\u00f3w typu Van. Opony te sprawdzaj\u0105 si\u0119 idealnie w ka\u017cdych warunkach pogodowych, niezale\u017cnie od pory roku. Bie\u017cnik opony Vanis AllSeason wyposa\u017cony zosta\u0142 w system g\u0142\u0119bokich i szerokich rowk\u00f3w, kt\u00f3ry idealnie spisuje si\u0119 w okresie zimowym, co zapewnia \u0142atwiejsze poruszanie si\u0119 po \u015bniegu i lodzie. Do\u015b\u0107 g\u0142\u0119bokie rowkowanie w bie\u017cniku zbiera znacznie wi\u0119cej \u015bniegu, zwi\u0119kszaj\u0105c tym samym powierzchni\u0119 tarcia, co przek\u0142ada si\u0119 na wy\u017csz\u0105 precyzj\u0119 prowadzenia oraz skuteczniejsze hamowanie w zimowych warunkach. Latem natomiast opony s\u0105 bardziej przyczepne dzi\u0119ki szybkiemu odprowadzaniu wody spod k\u00f3\u0142. Model ten posiada dodatkowe warstwy gumy na \u015bcianie bocznej z wysok\u0105 zawarto\u015bci\u0105 krzemionki najnowszej generacji, co zapewnia oponie wysok\u0105 przyczepno\u015b\u0107 w ka\u017cdych warunkach pogodowych na ka\u017cdej nawierzchni oraz zwi\u0119ksza ochron\u0119 przed uszkodzeniami mechanicznymi. Wp\u0142ywa to na zwi\u0119kszenie eksploatacji opony i jej d\u0142u\u017csze u\u017cytkowanie, r\u00f3wnie\u017c pod obci\u0105\u017ceniem. Firma Barum poprzez zastosowan\u0105 technologi\u0119 w modelu opony Vanis AllSeason wp\u0142yn\u0119\u0142a w du\u017cej mierze na ekonomik\u0119 jazdy, co pozwala u\u017cytkownikom na obni\u017cenie koszt\u00f3w zu\u017cycia paliwa w codziennej pracy, oferuj\u0105c tym samym dobr\u0105 jako\u015b\u0107 ogumienia w atrakcyjnej cenie.<\/p>\n<p style=\"margin: 15px 0; line-height: 1.8; clear: both; display: block; width: 100%; float: none; position: static;\">Barum to czeska marka nale\u017c\u0105ca do jednego z najwi\u0119kszych \u015bwiatowych koncern\u00f3w Continental. Specjalizuje si\u0119 on w produkcji opon dostosowanych do warunk\u00f3w atmosferycznych i potrzeb kierowc\u00f3w na rynku Europejskim, tym samym zaspokaja wszelkie potrzeby tutejszego rynku. Dzi\u0119ki ogromnej wiedzy i do\u015bwiadczeniu najlepszych specjalist\u00f3w posiada on bogate zaplecze techniczne i produkcyjne, a tak\u017ce innowacyjne rozwi\u0105zania. Barum produkuje opony dla samochod\u00f3w osobowych, dostawczych i sportowo-u\u017cytkowych. Dzi\u0119ki nowoczesnej konstrukcji bie\u017cnika zapewnia doskona\u0142\u0105 przyczepno\u015b\u0107 na o\u015bnie\u017conych nawierzchniach, nie zwi\u0119kszaj\u0105c przy tym opor\u00f3w toczenia w innych warunkach pogodowych. Opony zimowe, letnie oraz ca\u0142oroczne firmy Barum to wyb\u00f3r wysokiej jako\u015bci w przyst\u0119pnej cenie.<\/p>\n<\/div>\n<\/div>\n<div style=\"clear: both; display: block; margin: 10px 0;\">\n<div style=\"clear: both; display: block; margin: 10px 0;\">\n<div  style=\"max-width:1645px;max-height:1645px\">\n<div style=\"clear: both; display: block; margin: 10px 0;\">\n<div style=\"clear: both; width: 100%; display: block; margin: 20px 0; padding: 0; float: none; position: static; text-align: center;\"><img decoding=\"async\"  src=\"https:\/\/a.allegroimg.com\/original\/11b6b7\/71e8b386426fb254f31dcb7c3f5a\/2x-Barum-195-65R16-104-102T-Vanis-AllSeason-Marka-Barum\" srcset=\"https:\/\/a.allegroimg.com\/original\/11b6b7\/71e8b386426fb254f31dcb7c3f5a\/2x-Barum-195-65R16-104-102T-Vanis-AllSeason-Marka-Barum 360w,https:\/\/a.allegroimg.com\/original\/11b6b7\/71e8b386426fb254f31dcb7c3f5a\/2x-Barum-195-65R16-104-102T-Vanis-AllSeason-Marka-Barum 720w,https:\/\/a.allegroimg.com\/original\/11b6b7\/71e8b386426fb254f31dcb7c3f5a\/2x-Barum-195-65R16-104-102T-Vanis-AllSeason-Marka-Barum 1024w,https:\/\/a.allegroimg.com\/original\/11b6b7\/71e8b386426fb254f31dcb7c3f5a\/2x-Barum-195-65R16-104-102T-Vanis-AllSeason-Marka-Barum 1440w,https:\/\/a.allegroimg.com\/original\/11b6b7\/71e8b386426fb254f31dcb7c3f5a\/2x-Barum-195-65R16-104-102T-Vanis-AllSeason-Marka-Barum 1645w\" sizes=\"(min-width: 1200px) 560px, (min-width: 992px) 50vw, 100vw\" width=\"1645px\" alt=\"2x Barum 195\/65R16 104\/102T Vanis AllSeason Marka Barum\" style=\"max-width: 100%; height: auto; display: block; margin: 0 auto;\"><\/div>\n<\/div>\n<\/div>\n<\/div>\n<\/div>\n<\/div>\n<div style=\"clear: both; display: block; margin: 10px 0;\">\n<div style=\"clear: both; display: block; margin: 10px 0;\">\n<div style=\"clear: both; display: block; margin: 10px 0;\">\n<div  style=\"max-width:300px;max-height:440px\">\n<div style=\"clear: both; display: block; margin: 10px 0;\">\n<div style=\"clear: both; width: 100%; display: block; margin: 20px 0; padding: 0; float: none; position: static; text-align: center;\"><img decoding=\"async\"  src=\"https:\/\/a.allegroimg.com\/original\/114296\/535e072e455b8a090f1c11239758\/2x-Barum-195-65R16-104-102T-Vanis-AllSeason-Liczba-opon-w-ofercie-2-szt\" srcset=\"https:\/\/a.allegroimg.com\/original\/114296\/535e072e455b8a090f1c11239758\/2x-Barum-195-65R16-104-102T-Vanis-AllSeason-Liczba-opon-w-ofercie-2-szt 245w,https:\/\/a.allegroimg.com\/original\/114296\/535e072e455b8a090f1c11239758\/2x-Barum-195-65R16-104-102T-Vanis-AllSeason-Liczba-opon-w-ofercie-2-szt 300w,https:\/\/a.allegroimg.com\/original\/114296\/535e072e455b8a090f1c11239758\/2x-Barum-195-65R16-104-102T-Vanis-AllSeason-Liczba-opon-w-ofercie-2-szt 300w\" sizes=\"(min-width: 1200px) 560px, (min-width: 992px) 50vw, 100vw\" width=\"300px\" alt=\"2x Barum 195\/65R16 104\/102T Vanis AllSeason Liczba opon w ofercie 2 szt.\" style=\"max-width: 100%; height: auto; display: block; margin: 0 auto;\"><\/div>\n<\/div>\n<\/div>\n<\/div>\n<\/div>\n<div style=\"clear: both; display: block; margin: 10px 0;\">\n<div style=\"clear: both; display: block; margin: 10px 0;\">\n<h3 style=\"color: #2c5aa0; font-size: 18px; margin: 30px 0 15px 0; font-weight: bold; clear: both; display: block; width: 100%; float: none; position: static;\">Efektywno\u015b\u0107 energetyczna \/ op\u00f3r toczenia<\/h3>\n<p style=\"margin: 15px 0; line-height: 1.8; clear: both; display: block; width: 100%; float: none; position: static;\">Op\u00f3r toczenia mo\u017cna nazwa\u0107 strat\u0105 energii, kt\u00f3ra powstaje, kiedy opona odkszta\u0142ca si\u0119 podczas jazdy na skutek kontaktu z pod\u0142o\u017cem. Ni\u017cszy op\u00f3r toczenia oznacza, \u017ce potrzeba mniej paliwa by utrzyma\u0107 samoch\u00f3d w ruchu.<\/p>\n<h3 style=\"color: #2c5aa0; font-size: 18px; margin: 30px 0 15px 0; font-weight: bold; clear: both; display: block; width: 100%; float: none; position: static;\">Przyczepno\u015b\u0107 na mokrej nawierzchni<\/h3>\n<p style=\"margin: 15px 0; line-height: 1.8; clear: both; display: block; width: 100%; float: none; position: static;\">Hamowanie na mokrej nawierzchni mierzy si\u0119 w metrach od momentu rozpocz\u0119cia hamowania do pe\u0142nego zatrzymania auta. Jest kluczowe dla bezpiecze\u0144stwa jazdy. Ocena A oznacza najkr\u00f3tsz\u0105 drog\u0119 hamowania, ocena G &#8211; najd\u0142u\u017csz\u0105.<\/p>\n<h3 style=\"color: #2c5aa0; font-size: 18px; margin: 30px 0 15px 0; font-weight: bold; clear: both; display: block; width: 100%; float: none; position: static;\">Zewn\u0119trzny ha\u0142as generowany przez opon\u0119<\/h3>\n<p style=\"margin: 15px 0; line-height: 1.8; clear: both; display: block; width: 100%; float: none; position: static;\">Ha\u0142as, kt\u00f3ry wytwarzaj\u0105 opony w trakcie jazdy mierzony jest w decybelach. Cicho\u015b\u0107 opony znacznie wp\u0142ywa na ochron\u0119 \u015brodowiska oraz komfort podr\u00f3\u017cowania. Ha\u0142as mierzony jest przy pr\u0119dko\u015bci 80km\/h.<\/p>\n<\/div>\n<\/div>\n<\/div>\n<\/div>\n<\/div>\n<\/div>\n<div style=\"clear: both; display: block; margin: 10px 0;\">\n","protected":false},"excerpt":{"rendered":"<p>Opony Barum Vanis AllSeason<\/p>\n<p>195\/65R16 104\/102T<\/p>\n<p>Przeznaczenie: Zima<\/p>\n<p>Typ pojazdu: Dostawczy<\/p>\n<p>Indeks pr\u0119dko\u015bci:T do 190 km\/h<\/p>\n<p>Indeks no\u015bno\u015bci: 104\/102 &#8211; 900\/850 kg<\/p>\n<p>Rok produkcji: 2024\/2025<\/p>\n<p>Oznaczenia dodatkowe:<\/p>\n","protected":false},"featured_media":15834,"template":"","meta":{"_uag_custom_page_level_css":""},"product_brand":[386],"product_cat":[416,417,413,412],"product_tag":[],"class_list":{"0":"post-15833","1":"product","2":"type-product","3":"status-publish","4":"has-post-thumbnail","6":"product_brand-barum","7":"product_cat-caloroczne","8":"product_cat-do-samochodow-dostawczych","9":"product_cat-opony","10":"product_cat-opony-i-felgi","12":"first","13":"instock","14":"shipping-taxable","15":"purchasable","16":"product-type-simple"},"uagb_featured_image_src":{"full":["https:\/\/oponixo.shop\/tire\/wp-content\/uploads\/2026\/01\/allegro-image-15833.jpg",1877,1408,false],"thumbnail":["https:\/\/oponixo.shop\/tire\/wp-content\/uploads\/2026\/01\/allegro-image-15833-150x150.jpg",150,150,true],"medium":["https:\/\/oponixo.shop\/tire\/wp-content\/uploads\/2026\/01\/allegro-image-15833-300x225.jpg",300,225,true],"medium_large":["https:\/\/oponixo.shop\/tire\/wp-content\/uploads\/2026\/01\/allegro-image-15833-768x576.jpg",768,576,true],"large":["https:\/\/oponixo.shop\/tire\/wp-content\/uploads\/2026\/01\/allegro-image-15833-1024x768.jpg",1024,768,true],"1536x1536":["https:\/\/oponixo.shop\/tire\/wp-content\/uploads\/2026\/01\/allegro-image-15833-1536x1152.jpg",1536,1152,true],"2048x2048":["https:\/\/oponixo.shop\/tire\/wp-content\/uploads\/2026\/01\/allegro-image-15833.jpg",1877,1408,false],"woocommerce_thumbnail":["https:\/\/oponixo.shop\/tire\/wp-content\/uploads\/2026\/01\/allegro-image-15833-300x300.jpg",300,300,true],"woocommerce_single":["https:\/\/oponixo.shop\/tire\/wp-content\/uploads\/2026\/01\/allegro-image-15833-600x450.jpg",600,450,true],"woocommerce_gallery_thumbnail":["https:\/\/oponixo.shop\/tire\/wp-content\/uploads\/2026\/01\/allegro-image-15833-100x100.jpg",100,100,true]},"uagb_author_info":{"display_name":"admin","author_link":"https:\/\/oponixo.shop\/tire\/author\/"},"uagb_comment_info":0,"uagb_excerpt":"Opony Barum Vanis AllSeason 195\/65R16 104\/102T Przeznaczenie: Zima Typ pojazdu: Dostawczy Indeks pr\u0119dko\u015bci:T do 190 km\/h Indeks no\u015bno\u015bci: 104\/102 - 900\/850 kg Rok produkcji: 2024\/2025 Oznaczenia dodatkowe:","_links":{"self":[{"href":"https:\/\/oponixo.shop\/tire\/wp-json\/wp\/v2\/product\/15833","targetHints":{"allow":["GET"]}}],"collection":[{"href":"https:\/\/oponixo.shop\/tire\/wp-json\/wp\/v2\/product"}],"about":[{"href":"https:\/\/oponixo.shop\/tire\/wp-json\/wp\/v2\/types\/product"}],"wp:featuredmedia":[{"embeddable":true,"href":"https:\/\/oponixo.shop\/tire\/wp-json\/wp\/v2\/media\/15834"}],"wp:attachment":[{"href":"https:\/\/oponixo.shop\/tire\/wp-json\/wp\/v2\/media?parent=15833"}],"wp:term":[{"taxonomy":"product_brand","embeddable":true,"href":"https:\/\/oponixo.shop\/tire\/wp-json\/wp\/v2\/product_brand?post=15833"},{"taxonomy":"product_cat","embeddable":true,"href":"https:\/\/oponixo.shop\/tire\/wp-json\/wp\/v2\/product_cat?post=15833"},{"taxonomy":"product_tag","embeddable":true,"href":"https:\/\/oponixo.shop\/tire\/wp-json\/wp\/v2\/product_tag?post=15833"}],"curies":[{"name":"wp","href":"https:\/\/api.w.org\/{rel}","templated":true}]}}