{"id":15841,"date":"2026-01-16T03:32:09","date_gmt":"2026-01-16T02:32:09","guid":{"rendered":"https:\/\/oponyauto.shop\/xef5\/produkt\/1-opona-zimowa-195-65r16c-104t-toyo-observe-van\/"},"modified":"2026-01-16T03:32:09","modified_gmt":"2026-01-16T02:32:09","slug":"1-opona-zimowa-195-65r16c-104t-toyo-observe-van","status":"publish","type":"product","link":"https:\/\/oponixo.shop\/tire\/produkt\/1-opona-zimowa-195-65r16c-104t-toyo-observe-van\/","title":{"rendered":"1 opona zimowa 195\/65R16C 104T TOYO Observe VAN"},"content":{"rendered":"<div style=\"font-family: Arial, sans-serif; line-height: 1.6; color: #333; padding: 20px; clear: both; display: block; width: 100%; float: none; position: static; overflow: hidden;\">\n<div style=\"clear: both; display: block; margin: 10px 0;\">\n<div style=\"clear: both; display: block; margin: 10px 0;\">\n<div style=\"clear: both; display: block; margin: 10px 0;\">\n<ul style=\"margin: 15px 0; padding-left: 20px; clear: both; display: block; width: 100%; float: none; position: static;\">\n<li style=\"margin: 5px 0; padding: 2px 0; clear: both; display: list-item; float: none; position: static;\">MARKA\/MODEL: <b>TOYO Observe VAN<\/b><\/li>\n<li style=\"margin: 5px 0; padding: 2px 0; clear: both; display: list-item; float: none; position: static;\">ROZMIAR OPON: <b> 195\/65R16C<\/b><\/li>\n<li style=\"margin: 5px 0; padding: 2px 0; clear: both; display: list-item; float: none; position: static;\">INDEKS PR\u0118DKO\u015aCI: <b>T<\/b><\/li>\n<li style=\"margin: 5px 0; padding: 2px 0; clear: both; display: list-item; float: none; position: static;\">INDEKS NO\u015aNO\u015aCI: <b>104\/102<\/b><\/li>\n<li style=\"margin: 5px 0; padding: 2px 0; clear: both; display: list-item; float: none; position: static;\">DATA PRODUKCJI: <b>nie starsze ni\u017c czerwiec 2024<\/b><\/li>\n<li style=\"margin: 5px 0; padding: 2px 0; clear: both; display: list-item; float: none; position: static;\">SEZON: <b>Zimowe<\/b><\/li>\n<li style=\"margin: 5px 0; padding: 2px 0; clear: both; display: list-item; float: none; position: static;\">STAN: <b>Nowy<\/b><\/li>\n<li style=\"margin: 5px 0; padding: 2px 0; clear: both; display: list-item; float: none; position: static;\">RANT OCHRONNY NA FELG\u0118: <b>Brak<\/b><\/li>\n<li style=\"margin: 5px 0; padding: 2px 0; clear: both; display: list-item; float: none; position: static;\">DODATKOWE OZNACZENIA: <\/li>\n<\/ul>\n<\/div>\n<\/div>\n<div style=\"clear: both; display: block; margin: 10px 0;\">\n<div style=\"clear: both; display: block; margin: 10px 0;\">\n<div  style=\"max-width:600px;max-height:600px\">\n<div style=\"clear: both; display: block; margin: 10px 0;\">\n<div style=\"clear: both; width: 100%; display: block; margin: 20px 0; padding: 0; float: none; position: static; text-align: center;\"><img decoding=\"async\"  src=\"https:\/\/a.allegroimg.com\/original\/11ab30\/65d6815c47eca4168dca1ad4c43c\/1-opona-zimowa-195-65R16C-104T-TOYO-Observe-VAN\" srcset=\"https:\/\/a.allegroimg.com\/original\/11ab30\/65d6815c47eca4168dca1ad4c43c\/1-opona-zimowa-195-65R16C-104T-TOYO-Observe-VAN 360w,https:\/\/a.allegroimg.com\/original\/11ab30\/65d6815c47eca4168dca1ad4c43c\/1-opona-zimowa-195-65R16C-104T-TOYO-Observe-VAN 600w,https:\/\/a.allegroimg.com\/original\/11ab30\/65d6815c47eca4168dca1ad4c43c\/1-opona-zimowa-195-65R16C-104T-TOYO-Observe-VAN 600w\" sizes=\"(min-width: 1200px) 560px, (min-width: 992px) 50vw, 100vw\" width=\"600px\" alt=\"1 opona zimowa 195\/65R16C 104T TOYO Observe VAN\" style=\"max-width: 100%; height: auto; display: block; margin: 0 auto;\"><\/div>\n<\/div>\n<\/div>\n<\/div>\n<\/div>\n<\/div>\n<div style=\"clear: both; display: block; margin: 10px 0;\">\n<div style=\"clear: both; display: block; margin: 10px 0;\">\n<div style=\"clear: both; display: block; margin: 10px 0;\">\n<div  style=\"max-width:886px;max-height:1299px\">\n<div style=\"clear: both; display: block; margin: 10px 0;\">\n<div style=\"clear: both; width: 100%; display: block; margin: 20px 0; padding: 0; float: none; position: static; text-align: center;\"><img decoding=\"async\"  src=\"https:\/\/a.allegroimg.com\/original\/113cbe\/3d78a4ee47838b7ad5ca451b7afb\/1-opona-zimowa-195-65R16C-104T-TOYO-Observe-VAN-Liczba-opon-w-ofercie-1-szt\" srcset=\"https:\/\/a.allegroimg.com\/original\/113cbe\/3d78a4ee47838b7ad5ca451b7afb\/1-opona-zimowa-195-65R16C-104T-TOYO-Observe-VAN-Liczba-opon-w-ofercie-1-szt 245w,https:\/\/a.allegroimg.com\/original\/113cbe\/3d78a4ee47838b7ad5ca451b7afb\/1-opona-zimowa-195-65R16C-104T-TOYO-Observe-VAN-Liczba-opon-w-ofercie-1-szt 491w,https:\/\/a.allegroimg.com\/original\/113cbe\/3d78a4ee47838b7ad5ca451b7afb\/1-opona-zimowa-195-65R16C-104T-TOYO-Observe-VAN-Liczba-opon-w-ofercie-1-szt 698w,https:\/\/a.allegroimg.com\/original\/113cbe\/3d78a4ee47838b7ad5ca451b7afb\/1-opona-zimowa-195-65R16C-104T-TOYO-Observe-VAN-Liczba-opon-w-ofercie-1-szt 886w,https:\/\/a.allegroimg.com\/original\/113cbe\/3d78a4ee47838b7ad5ca451b7afb\/1-opona-zimowa-195-65R16C-104T-TOYO-Observe-VAN-Liczba-opon-w-ofercie-1-szt 886w\" sizes=\"100vw\" width=\"886px\" alt=\"1 opona zimowa 195\/65R16C 104T TOYO Observe VAN Liczba opon w ofercie 1 szt.\" style=\"max-width: 100%; height: auto; display: block; margin: 0 auto;\"><\/div>\n<\/div>\n<\/div>\n<\/div>\n<\/div>\n<\/div>\n<div style=\"clear: both; display: block; margin: 10px 0;\">\n<div style=\"clear: both; display: block; margin: 10px 0;\">\n<div style=\"clear: both; display: block; margin: 10px 0;\">\n<div  style=\"max-width:1000px;max-height:279px\">\n<div style=\"clear: both; display: block; margin: 10px 0;\">\n<div style=\"clear: both; width: 100%; display: block; margin: 20px 0; padding: 0; float: none; position: static; text-align: center;\"><img decoding=\"async\"  src=\"https:\/\/a.allegroimg.com\/original\/11daff\/7841a5744340aa81b3adb1258c9c\/1-opona-zimowa-195-65R16C-104T-TOYO-Observe-VAN-Rok-produkcji-2024\" srcset=\"https:\/\/a.allegroimg.com\/original\/11daff\/7841a5744340aa81b3adb1258c9c\/1-opona-zimowa-195-65R16C-104T-TOYO-Observe-VAN-Rok-produkcji-2024 360w,https:\/\/a.allegroimg.com\/original\/11daff\/7841a5744340aa81b3adb1258c9c\/1-opona-zimowa-195-65R16C-104T-TOYO-Observe-VAN-Rok-produkcji-2024 720w,https:\/\/a.allegroimg.com\/original\/11daff\/7841a5744340aa81b3adb1258c9c\/1-opona-zimowa-195-65R16C-104T-TOYO-Observe-VAN-Rok-produkcji-2024 1000w,https:\/\/a.allegroimg.com\/original\/11daff\/7841a5744340aa81b3adb1258c9c\/1-opona-zimowa-195-65R16C-104T-TOYO-Observe-VAN-Rok-produkcji-2024 1000w\" sizes=\"(min-width: 1200px) 560px, (min-width: 992px) 50vw, 100vw\" width=\"1000px\" alt=\"1 opona zimowa 195\/65R16C 104T TOYO Observe VAN Rok produkcji 2024\" style=\"max-width: 100%; height: auto; display: block; margin: 0 auto;\"><\/div>\n<\/div>\n<\/div>\n<\/div>\n<\/div>\n<div style=\"clear: both; display: block; margin: 10px 0;\">\n<div style=\"clear: both; display: block; margin: 10px 0;\">\n<p style=\"margin: 15px 0; line-height: 1.8; clear: both; display: block; width: 100%; float: none; position: static;\"><b>Toyo <\/b>&#8211; japo\u0144ska marka opon powsta\u0142a w 1945 roku. W latach 60 dokona\u0142a ekspansji Stan\u00f3w Zjednoczonych i bardzo szybko zdoby\u0142a tamtejszy rynek. Dzi\u015b opony Toyo s\u0105 dost\u0119pne na pi\u0119ciu kontynentach. S\u0105 synonimem innowacyjno\u015bci, jako\u015bci i wydajno\u015bci. Firma produkuje opony osobowe, dostawcze, 4&#215;4 i ci\u0119\u017carowe. Koncern jako pierwszy na \u015bwiecie w 2008 roku stworzy\u0142 opony w rozmiarze 25\u201d, 26\u201d, rok p\u00f3\u017aniej tak\u017ce 30\u201d. Marka od lat kojarzy si\u0119 ze sportami motorowymi, wy\u015bcigami &#8211; od road racingu przez off-road po drift. Produkty marki s\u0105 powszechnie cenione zar\u00f3wno w\u015br\u00f3d amator\u00f3w jak i profesjonalist\u00f3w. <\/p>\n<\/div>\n<\/div>\n<\/div>\n<div style=\"clear: both; display: block; margin: 10px 0;\">\n<div style=\"clear: both; display: block; margin: 10px 0;\">\n<div style=\"clear: both; display: block; margin: 10px 0;\">\n<div  style=\"max-width:600px;max-height:600px\">\n<div style=\"clear: both; display: block; margin: 10px 0;\">\n<div style=\"clear: both; width: 100%; display: block; margin: 20px 0; padding: 0; float: none; position: static; text-align: center;\"><img decoding=\"async\"  src=\"https:\/\/a.allegroimg.com\/original\/11ab30\/65d6815c47eca4168dca1ad4c43c\/1-opona-zimowa-195-65R16C-104T-TOYO-Observe-VAN\" srcset=\"https:\/\/a.allegroimg.com\/original\/11ab30\/65d6815c47eca4168dca1ad4c43c\/1-opona-zimowa-195-65R16C-104T-TOYO-Observe-VAN 360w,https:\/\/a.allegroimg.com\/original\/11ab30\/65d6815c47eca4168dca1ad4c43c\/1-opona-zimowa-195-65R16C-104T-TOYO-Observe-VAN 600w,https:\/\/a.allegroimg.com\/original\/11ab30\/65d6815c47eca4168dca1ad4c43c\/1-opona-zimowa-195-65R16C-104T-TOYO-Observe-VAN 600w\" sizes=\"100vw\" width=\"600px\" alt=\"1 opona zimowa 195\/65R16C 104T TOYO Observe VAN\" style=\"max-width: 100%; height: auto; display: block; margin: 0 auto;\"><\/div>\n<\/div>\n<\/div>\n<\/div>\n<\/div>\n<\/div>\n<div style=\"clear: both; display: block; margin: 10px 0;\">\n<div style=\"clear: both; display: block; margin: 10px 0;\">\n<div style=\"clear: both; display: block; margin: 10px 0;\">\n<h2>Na naszych innych aukcjach Allegro znajdziesz felgi stalowe i aluminiowe, czujniki (TPMS) oraz \u015bruby i nakr\u0119tki.<\/h2>\n<\/div>\n<\/div>\n<\/div>\n<\/div>\n<\/div>\n<\/div>\n<div style=\"clear: both; display: block; margin: 10px 0;\">\n","protected":false},"excerpt":{"rendered":"<p>MARKA\/MODEL: TOYO Observe VAN<\/p>\n<p>ROZMIAR OPON: 195\/65R16C<\/p>\n<p>INDEKS PR\u0118DKO\u015aCI: T<\/p>\n<p>INDEKS NO\u015aNO\u015aCI: 104\/102<\/p>\n<p>DATA PRODUKCJI: nie starsze ni\u017c czerwiec 2024<\/p>\n<p>SEZON: Zimowe<\/p>\n<p>STAN: Nowy<\/p>\n<p>RANT OCHRONNY NA FELG\u0118: Brak<\/p>\n","protected":false},"featured_media":15842,"template":"","meta":{"_uag_custom_page_level_css":""},"product_brand":[435],"product_cat":[417,413,412,415],"product_tag":[],"class_list":{"0":"post-15841","1":"product","2":"type-product","3":"status-publish","4":"has-post-thumbnail","6":"product_brand-toyo","7":"product_cat-do-samochodow-dostawczych","8":"product_cat-opony","9":"product_cat-opony-i-felgi","10":"product_cat-zimowe","12":"first","13":"instock","14":"shipping-taxable","15":"purchasable","16":"product-type-simple"},"uagb_featured_image_src":{"full":["https:\/\/oponixo.shop\/tire\/wp-content\/uploads\/2026\/01\/allegro-image-15841.jpg",600,600,false],"thumbnail":["https:\/\/oponixo.shop\/tire\/wp-content\/uploads\/2026\/01\/allegro-image-15841-150x150.jpg",150,150,true],"medium":["https:\/\/oponixo.shop\/tire\/wp-content\/uploads\/2026\/01\/allegro-image-15841-300x300.jpg",300,300,true],"medium_large":["https:\/\/oponixo.shop\/tire\/wp-content\/uploads\/2026\/01\/allegro-image-15841.jpg",600,600,false],"large":["https:\/\/oponixo.shop\/tire\/wp-content\/uploads\/2026\/01\/allegro-image-15841.jpg",600,600,false],"1536x1536":["https:\/\/oponixo.shop\/tire\/wp-content\/uploads\/2026\/01\/allegro-image-15841.jpg",600,600,false],"2048x2048":["https:\/\/oponixo.shop\/tire\/wp-content\/uploads\/2026\/01\/allegro-image-15841.jpg",600,600,false],"woocommerce_thumbnail":["https:\/\/oponixo.shop\/tire\/wp-content\/uploads\/2026\/01\/allegro-image-15841-300x300.jpg",300,300,true],"woocommerce_single":["https:\/\/oponixo.shop\/tire\/wp-content\/uploads\/2026\/01\/allegro-image-15841.jpg",600,600,false],"woocommerce_gallery_thumbnail":["https:\/\/oponixo.shop\/tire\/wp-content\/uploads\/2026\/01\/allegro-image-15841-100x100.jpg",100,100,true]},"uagb_author_info":{"display_name":"admin","author_link":"https:\/\/oponixo.shop\/tire\/author\/"},"uagb_comment_info":0,"uagb_excerpt":"MARKA\/MODEL: TOYO Observe VAN ROZMIAR OPON: 195\/65R16C INDEKS PR\u0118DKO\u015aCI: T INDEKS NO\u015aNO\u015aCI: 104\/102 DATA PRODUKCJI: nie starsze ni\u017c czerwiec 2024 SEZON: Zimowe STAN: Nowy RANT OCHRONNY NA FELG\u0118: Brak","_links":{"self":[{"href":"https:\/\/oponixo.shop\/tire\/wp-json\/wp\/v2\/product\/15841","targetHints":{"allow":["GET"]}}],"collection":[{"href":"https:\/\/oponixo.shop\/tire\/wp-json\/wp\/v2\/product"}],"about":[{"href":"https:\/\/oponixo.shop\/tire\/wp-json\/wp\/v2\/types\/product"}],"wp:featuredmedia":[{"embeddable":true,"href":"https:\/\/oponixo.shop\/tire\/wp-json\/wp\/v2\/media\/15842"}],"wp:attachment":[{"href":"https:\/\/oponixo.shop\/tire\/wp-json\/wp\/v2\/media?parent=15841"}],"wp:term":[{"taxonomy":"product_brand","embeddable":true,"href":"https:\/\/oponixo.shop\/tire\/wp-json\/wp\/v2\/product_brand?post=15841"},{"taxonomy":"product_cat","embeddable":true,"href":"https:\/\/oponixo.shop\/tire\/wp-json\/wp\/v2\/product_cat?post=15841"},{"taxonomy":"product_tag","embeddable":true,"href":"https:\/\/oponixo.shop\/tire\/wp-json\/wp\/v2\/product_tag?post=15841"}],"curies":[{"name":"wp","href":"https:\/\/api.w.org\/{rel}","templated":true}]}}