{"id":15847,"date":"2026-01-16T03:32:10","date_gmt":"2026-01-16T02:32:10","guid":{"rendered":"https:\/\/oponyauto.shop\/xef5\/produkt\/2x-opony-zimowe-hankook-winter-icept-lv-rw12-195-65r16-c-104t\/"},"modified":"2026-01-16T03:32:10","modified_gmt":"2026-01-16T02:32:10","slug":"2x-opony-zimowe-hankook-winter-icept-lv-rw12-195-65r16-c-104t","status":"publish","type":"product","link":"https:\/\/oponixo.shop\/tire\/produkt\/2x-opony-zimowe-hankook-winter-icept-lv-rw12-195-65r16-c-104t\/","title":{"rendered":"2x opony zimowe Hankook Winter I*cept LV RW12 195\/65R16 C 104T"},"content":{"rendered":"<div style=\"font-family: Arial, sans-serif; line-height: 1.6; color: #333; padding: 20px; clear: both; display: block; width: 100%; float: none; position: static; overflow: hidden;\">\n<div style=\"clear: both; display: block; margin: 10px 0;\">\n<div style=\"clear: both; display: block; margin: 10px 0;\">\n<div style=\"clear: both; display: block; margin: 10px 0;\">\n<div  style=\"max-width:500px;max-height:65px\">\n<div style=\"clear: both; display: block; margin: 10px 0;\">\n<div style=\"clear: both; width: 100%; display: block; margin: 20px 0; padding: 0; float: none; position: static; text-align: center;\"><img decoding=\"async\"  src=\"https:\/\/a.allegroimg.com\/original\/1143d7\/63ce66d0498ea79e4022525f4f48\/2x-opony-zimowe-Hankook-Winter-I-cept-LV-RW12-195-65R16-C-104T-Liczba-opon-w-ofercie-2-szt\" srcset=\"https:\/\/a.allegroimg.com\/original\/1143d7\/63ce66d0498ea79e4022525f4f48\/2x-opony-zimowe-Hankook-Winter-I-cept-LV-RW12-195-65R16-C-104T-Liczba-opon-w-ofercie-2-szt 360w,https:\/\/a.allegroimg.com\/original\/1143d7\/63ce66d0498ea79e4022525f4f48\/2x-opony-zimowe-Hankook-Winter-I-cept-LV-RW12-195-65R16-C-104T-Liczba-opon-w-ofercie-2-szt 500w,https:\/\/a.allegroimg.com\/original\/1143d7\/63ce66d0498ea79e4022525f4f48\/2x-opony-zimowe-Hankook-Winter-I-cept-LV-RW12-195-65R16-C-104T-Liczba-opon-w-ofercie-2-szt 500w\" sizes=\"100vw\" width=\"500px\" alt=\"2x opony zimowe Hankook Winter I*cept LV RW12 195\/65R16 C 104T Liczba opon w ofercie 2 szt.\" style=\"max-width: 100%; height: auto; display: block; margin: 0 auto;\"><\/div>\n<\/div>\n<\/div>\n<\/div>\n<\/div>\n<\/div>\n<div style=\"clear: both; display: block; margin: 10px 0;\">\n<div style=\"clear: both; display: block; margin: 10px 0;\">\n<div style=\"clear: both; display: block; margin: 10px 0;\">\n<h1>zestaw 2 sztuk nowych opon zimowych<\/h1>\n<h1>Hankook Winter I*cept LV RW12 195\/65R16 C 104T<\/h1>\n<p style=\"margin: 15px 0; line-height: 1.8; clear: both; display: block; width: 100%; float: none; position: static;\">\n<\/div>\n<\/div>\n<\/div>\n<div style=\"clear: both; display: block; margin: 10px 0;\">\n<div style=\"clear: both; display: block; margin: 10px 0;\">\n<div style=\"clear: both; display: block; margin: 10px 0;\">\n<div  style=\"max-width:395px;max-height:600px\">\n<div style=\"clear: both; display: block; margin: 10px 0;\">\n<div style=\"clear: both; width: 100%; display: block; margin: 20px 0; padding: 0; float: none; position: static; text-align: center;\"><img decoding=\"async\"  src=\"https:\/\/a.allegroimg.com\/original\/1148bd\/5d55f1414880ae47d0f2e4450922\/2x-opony-zimowe-Hankook-Winter-I-cept-LV-RW12-195-65R16-C-104T\" srcset=\"https:\/\/a.allegroimg.com\/original\/1148bd\/5d55f1414880ae47d0f2e4450922\/2x-opony-zimowe-Hankook-Winter-I-cept-LV-RW12-195-65R16-C-104T 237w,https:\/\/a.allegroimg.com\/original\/1148bd\/5d55f1414880ae47d0f2e4450922\/2x-opony-zimowe-Hankook-Winter-I-cept-LV-RW12-195-65R16-C-104T 395w,https:\/\/a.allegroimg.com\/original\/1148bd\/5d55f1414880ae47d0f2e4450922\/2x-opony-zimowe-Hankook-Winter-I-cept-LV-RW12-195-65R16-C-104T 395w\" sizes=\"(min-width: 1200px) 560px, (min-width: 992px) 50vw, 100vw\" width=\"395px\" alt=\"2x opony zimowe Hankook Winter I*cept LV RW12 195\/65R16 C 104T\" style=\"max-width: 100%; height: auto; display: block; margin: 0 auto;\"><\/div>\n<\/div>\n<\/div>\n<\/div>\n<\/div>\n<div style=\"clear: both; display: block; margin: 10px 0;\">\n<div style=\"clear: both; display: block; margin: 10px 0;\">\n<p style=\"margin: 15px 0; line-height: 1.8; clear: both; display: block; width: 100%; float: none; position: static;\"><b>Hankook Winter I*cept LV RW12<\/b> to opony <b>zimowe<\/b> przeznaczone do samochod\u00f3w <b>dostawczych<\/b>. Oryginalny produkt klasy <b>premium<\/b> renomowanej marki <b>Hankook<\/b>. Bezkompromisowa jako\u015b\u0107. <\/p>\n<ul style=\"margin: 15px 0; padding-left: 20px; clear: both; display: block; width: 100%; float: none; position: static;\">\n<li style=\"margin: 5px 0; padding: 2px 0; clear: both; display: list-item; float: none; position: static;\">rok produkcji: nie starsze ni\u017c <b>2022<\/b><\/li>\n<li style=\"margin: 5px 0; padding: 2px 0; clear: both; display: list-item; float: none; position: static;\">opony <b>nowe<\/b>, oryginalne, z gwarancj\u0105<\/li>\n<li style=\"margin: 5px 0; padding: 2px 0; clear: both; display: list-item; float: none; position: static;\">opony wzmocnione <b>C<\/b><\/li>\n<li style=\"margin: 5px 0; padding: 2px 0; clear: both; display: list-item; float: none; position: static;\">d\u0142ugie przebiegi<\/li>\n<li style=\"margin: 5px 0; padding: 2px 0; clear: both; display: list-item; float: none; position: static;\">wysoka trwa\u0142o\u015b\u0107<\/li>\n<li style=\"margin: 5px 0; padding: 2px 0; clear: both; display: list-item; float: none; position: static;\">bie\u017cnik zu\u017cywa si\u0119 r\u00f3wnomiernie<\/li>\n<li style=\"margin: 5px 0; padding: 2px 0; clear: both; display: list-item; float: none; position: static;\">znakomita przyczepno\u015b\u0107 i trakcja w trudnych, zimowych warunkach<\/li>\n<li style=\"margin: 5px 0; padding: 2px 0; clear: both; display: list-item; float: none; position: static;\">pe\u0142na homologacja zimowa 3PMSF (opony z tym oznaczeniem musz\u0105 spe\u0142nia\u0107 rygorystyczne normy dot. przyczepno\u015bci i hamowania na \u015bniegu i lodzie)<\/li>\n<li style=\"margin: 5px 0; padding: 2px 0; clear: both; display: list-item; float: none; position: static;\">skuteczne odprowadzanie wody i b\u0142ota, system antypo\u015blizgowy<\/li>\n<\/ul>\n<\/div>\n<\/div>\n<\/div>\n<div style=\"clear: both; display: block; margin: 10px 0;\">\n<div style=\"clear: both; display: block; margin: 10px 0;\">\n<div style=\"clear: both; display: block; margin: 10px 0;\">\n<div  style=\"max-width:400px;max-height:585px\">\n<div style=\"clear: both; display: block; margin: 10px 0;\">\n<div style=\"clear: both; width: 100%; display: block; margin: 20px 0; padding: 0; float: none; position: static; text-align: center;\"><img decoding=\"async\"  src=\"https:\/\/a.allegroimg.com\/original\/117b9f\/168e18bf471498c49bc8b32797cb\/2x-opony-zimowe-Hankook-Winter-I-cept-LV-RW12-195-65R16-C-104T-Marka-Hankook\" srcset=\"https:\/\/a.allegroimg.com\/original\/117b9f\/168e18bf471498c49bc8b32797cb\/2x-opony-zimowe-Hankook-Winter-I-cept-LV-RW12-195-65R16-C-104T-Marka-Hankook 246w,https:\/\/a.allegroimg.com\/original\/117b9f\/168e18bf471498c49bc8b32797cb\/2x-opony-zimowe-Hankook-Winter-I-cept-LV-RW12-195-65R16-C-104T-Marka-Hankook 400w,https:\/\/a.allegroimg.com\/original\/117b9f\/168e18bf471498c49bc8b32797cb\/2x-opony-zimowe-Hankook-Winter-I-cept-LV-RW12-195-65R16-C-104T-Marka-Hankook 400w\" sizes=\"100vw\" width=\"400px\" alt=\"2x opony zimowe Hankook Winter I*cept LV RW12 195\/65R16 C 104T Marka Hankook\" style=\"max-width: 100%; height: auto; display: block; margin: 0 auto;\"><\/div>\n<\/div>\n<\/div>\n<\/div>\n<\/div>\n<\/div>\n<\/div>\n<\/div>\n<\/div>\n<div style=\"clear: both; display: block; margin: 10px 0;\">\n","protected":false},"excerpt":{"rendered":"<p>zestaw 2 sztuk nowych opon zimowych<\/p>\n<p>Hankook Winter I*cept LV RW12 195\/65R16 C 104T<\/p>\n<p>Hankook Winter I*cept LV RW12 to opony zimowe przeznaczone do samochod\u00f3w dostawczych. Oryginalny produkt klasy premium renomowanej marki Hankook. Bezkompromisowa jako\u015b\u0107.<\/p>\n<p>rok produkcji: nie starsze ni\u017c 2022<\/p>\n<p>opony nowe, oryginalne, z gwarancj\u0105<\/p>\n<p>opony wzmocnione C<\/p>\n<p>d\u0142ugie przebiegi<\/p>\n<p>wysoka trwa\u0142o\u015b\u0107<\/p>\n","protected":false},"featured_media":15848,"template":"","meta":{"_uag_custom_page_level_css":""},"product_brand":[411],"product_cat":[417,413,412,415],"product_tag":[],"class_list":{"0":"post-15847","1":"product","2":"type-product","3":"status-publish","4":"has-post-thumbnail","6":"product_brand-hankook","7":"product_cat-do-samochodow-dostawczych","8":"product_cat-opony","9":"product_cat-opony-i-felgi","10":"product_cat-zimowe","12":"first","13":"instock","14":"shipping-taxable","15":"purchasable","16":"product-type-simple"},"uagb_featured_image_src":{"full":["https:\/\/oponixo.shop\/tire\/wp-content\/uploads\/2026\/01\/allegro-image-15847.jpg",395,600,false],"thumbnail":["https:\/\/oponixo.shop\/tire\/wp-content\/uploads\/2026\/01\/allegro-image-15847-150x150.jpg",150,150,true],"medium":["https:\/\/oponixo.shop\/tire\/wp-content\/uploads\/2026\/01\/allegro-image-15847-198x300.jpg",198,300,true],"medium_large":["https:\/\/oponixo.shop\/tire\/wp-content\/uploads\/2026\/01\/allegro-image-15847.jpg",395,600,false],"large":["https:\/\/oponixo.shop\/tire\/wp-content\/uploads\/2026\/01\/allegro-image-15847.jpg",395,600,false],"1536x1536":["https:\/\/oponixo.shop\/tire\/wp-content\/uploads\/2026\/01\/allegro-image-15847.jpg",395,600,false],"2048x2048":["https:\/\/oponixo.shop\/tire\/wp-content\/uploads\/2026\/01\/allegro-image-15847.jpg",395,600,false],"woocommerce_thumbnail":["https:\/\/oponixo.shop\/tire\/wp-content\/uploads\/2026\/01\/allegro-image-15847-300x300.jpg",300,300,true],"woocommerce_single":["https:\/\/oponixo.shop\/tire\/wp-content\/uploads\/2026\/01\/allegro-image-15847.jpg",395,600,false],"woocommerce_gallery_thumbnail":["https:\/\/oponixo.shop\/tire\/wp-content\/uploads\/2026\/01\/allegro-image-15847-100x100.jpg",100,100,true]},"uagb_author_info":{"display_name":"admin","author_link":"https:\/\/oponixo.shop\/tire\/author\/"},"uagb_comment_info":0,"uagb_excerpt":"zestaw 2 sztuk nowych opon zimowych Hankook Winter I*cept LV RW12 195\/65R16 C 104T Hankook Winter I*cept LV RW12 to opony zimowe przeznaczone do samochod\u00f3w dostawczych. Oryginalny produkt klasy premium renomowanej marki Hankook. Bezkompromisowa jako\u015b\u0107. rok produkcji: nie starsze ni\u017c 2022 opony nowe, oryginalne, z gwarancj\u0105 opony wzmocnione C d\u0142ugie przebiegi wysoka trwa\u0142o\u015b\u0107","_links":{"self":[{"href":"https:\/\/oponixo.shop\/tire\/wp-json\/wp\/v2\/product\/15847","targetHints":{"allow":["GET"]}}],"collection":[{"href":"https:\/\/oponixo.shop\/tire\/wp-json\/wp\/v2\/product"}],"about":[{"href":"https:\/\/oponixo.shop\/tire\/wp-json\/wp\/v2\/types\/product"}],"wp:featuredmedia":[{"embeddable":true,"href":"https:\/\/oponixo.shop\/tire\/wp-json\/wp\/v2\/media\/15848"}],"wp:attachment":[{"href":"https:\/\/oponixo.shop\/tire\/wp-json\/wp\/v2\/media?parent=15847"}],"wp:term":[{"taxonomy":"product_brand","embeddable":true,"href":"https:\/\/oponixo.shop\/tire\/wp-json\/wp\/v2\/product_brand?post=15847"},{"taxonomy":"product_cat","embeddable":true,"href":"https:\/\/oponixo.shop\/tire\/wp-json\/wp\/v2\/product_cat?post=15847"},{"taxonomy":"product_tag","embeddable":true,"href":"https:\/\/oponixo.shop\/tire\/wp-json\/wp\/v2\/product_tag?post=15847"}],"curies":[{"name":"wp","href":"https:\/\/api.w.org\/{rel}","templated":true}]}}