{"id":15881,"date":"2026-01-16T03:32:17","date_gmt":"2026-01-16T02:32:17","guid":{"rendered":"https:\/\/oponyauto.shop\/xef5\/produkt\/4x235-55r17-103v-xl-firemax-fm805-nowe-opony-zimowe-ciche\/"},"modified":"2026-01-16T03:32:17","modified_gmt":"2026-01-16T02:32:17","slug":"4x235-55r17-103v-xl-firemax-fm805-nowe-opony-zimowe-ciche","status":"publish","type":"product","link":"https:\/\/oponixo.shop\/tire\/produkt\/4x235-55r17-103v-xl-firemax-fm805-nowe-opony-zimowe-ciche\/","title":{"rendered":"4&#215;235\/55R17 103V XL FIREMAX FM805+ nowe opony zimowe CICHE"},"content":{"rendered":"<div style=\"font-family: Arial, sans-serif; line-height: 1.6; color: #333; padding: 20px; clear: both; display: block; width: 100%; float: none; position: static; overflow: hidden;\">\n<div style=\"clear: both; display: block; margin: 10px 0;\">\n<div style=\"clear: both; display: block; margin: 10px 0;\">\n<div style=\"clear: both; display: block; margin: 10px 0;\">\n<div  style=\"max-width:598px;max-height:598px\">\n<div style=\"clear: both; display: block; margin: 10px 0;\">\n<div style=\"clear: both; width: 100%; display: block; margin: 20px 0; padding: 0; float: none; position: static; text-align: center;\"><img decoding=\"async\"  src=\"https:\/\/a.allegroimg.com\/original\/11537a\/c400274e42dcaf720723b6a89249\/4x235-55R17-103V-XL-FIREMAX-FM805-nowe-opony-zimowe-CICHE-Liczba-opon-w-ofercie-Komplet-4-szt\" srcset=\"https:\/\/a.allegroimg.com\/original\/11537a\/c400274e42dcaf720723b6a89249\/4x235-55R17-103V-XL-FIREMAX-FM805-nowe-opony-zimowe-CICHE-Liczba-opon-w-ofercie-Komplet-4-szt 360w,https:\/\/a.allegroimg.com\/original\/11537a\/c400274e42dcaf720723b6a89249\/4x235-55R17-103V-XL-FIREMAX-FM805-nowe-opony-zimowe-CICHE-Liczba-opon-w-ofercie-Komplet-4-szt 598w,https:\/\/a.allegroimg.com\/original\/11537a\/c400274e42dcaf720723b6a89249\/4x235-55R17-103V-XL-FIREMAX-FM805-nowe-opony-zimowe-CICHE-Liczba-opon-w-ofercie-Komplet-4-szt 598w\" sizes=\"(min-width: 1200px) 560px, (min-width: 992px) 50vw, 100vw\" width=\"598px\" alt=\"4x235\/55R17 103V XL FIREMAX FM805+ nowe opony zimowe CICHE Liczba opon w ofercie Komplet 4 szt.\" style=\"max-width: 100%; height: auto; display: block; margin: 0 auto;\"><\/div>\n<\/div>\n<\/div>\n<\/div>\n<\/div>\n<div style=\"clear: both; display: block; margin: 10px 0;\">\n<div style=\"clear: both; display: block; margin: 10px 0;\">\n<h2>KOMPLET NOWYCH ZIMOWYCH OPON (4 szt.)<\/h2>\n<h1>FIREMAX FM805+<\/h1>\n<h1>235\/55R17 103V XL<\/h1>\n<h3 style=\"color: #2c5aa0; font-size: 18px; margin: 30px 0 15px 0; font-weight: bold; clear: both; display: block; width: 100%; float: none; position: static;\">\u2022 INDEKS NO\u015aNO\u015aCI: 103, 875 kg na opon\u0119<\/h3>\n<h3 style=\"color: #2c5aa0; font-size: 18px; margin: 30px 0 15px 0; font-weight: bold; clear: both; display: block; width: 100%; float: none; position: static;\">\u2022 INDEKS PR\u0118DKO\u015aCI: V, 240 km\/h<\/h3>\n<h3 style=\"color: #2c5aa0; font-size: 18px; margin: 30px 0 15px 0; font-weight: bold; clear: both; display: block; width: 100%; float: none; position: static;\">\u2022 ETYKIETA: [D_C_67dB]<\/h3>\n<h3 style=\"color: #2c5aa0; font-size: 18px; margin: 30px 0 15px 0; font-weight: bold; clear: both; display: block; width: 100%; float: none; position: static;\">\u2022 WZMOCNIONE &#8222;XL&#8221;<\/h3>\n<h3 style=\"color: #2c5aa0; font-size: 18px; margin: 30px 0 15px 0; font-weight: bold; clear: both; display: block; width: 100%; float: none; position: static;\">\u2022 HOMOLOGACJA 3PMSF \u2013 Three-Peak Mountain Snow Flake<\/h3>\n<p style=\"margin: 15px 0; line-height: 1.8; clear: both; display: block; width: 100%; float: none; position: static;\">\u2022 idealne na zim\u0119 z europejskimi certyfikatami nowe zimowe opony;<\/p>\n<p style=\"margin: 15px 0; line-height: 1.8; clear: both; display: block; width: 100%; float: none; position: static;\">\u2022 stabilne na \u015bniegu, lodzie, b\u0142ocie po\u015bniegowym, skutecznie odprowadzaj\u0105 wod\u0119, <b>bardzo ciche<\/b> &#8211; <b>tylko 67dB!<\/b><\/p>\n<p style=\"margin: 15px 0; line-height: 1.8; clear: both; display: block; width: 100%; float: none; position: static;\">\u2022 od lat popularne, lubiane i wysoko cenione przez kierowc\u00f3w w Polsce<\/p>\n<p style=\"margin: 15px 0; line-height: 1.8; clear: both; display: block; width: 100%; float: none; position: static;\">\u2022 asymetryczny bie\u017cnik bardzo dobrze sprawdza si\u0119 w warunkach zimowych, szczeg\u00f3lnie na o\u015bnie\u017conych drogach<\/p>\n<h3 style=\"color: #2c5aa0; font-size: 18px; margin: 30px 0 15px 0; font-weight: bold; clear: both; display: block; width: 100%; float: none; position: static;\">\u2022 ROK PRODUKCJI: 2025<\/h3>\n<\/div>\n<\/div>\n<\/div>\n<div style=\"clear: both; display: block; margin: 10px 0;\">\n<div style=\"clear: both; display: block; margin: 10px 0;\">\n<div style=\"clear: both; display: block; margin: 10px 0;\">\n<p style=\"margin: 15px 0; line-height: 1.8; clear: both; display: block; width: 100%; float: none; position: static;\"><b>Firemax FM805+<\/b> to opona zimowa z klasy bud\u017cetowej, kt\u00f3ra dobrze radzi sobie w \u015brodkowoeuropejskich warunkach wyst\u0119puj\u0105cych w sezonie zimowym. Asymetryczny bie\u017cnik sprawdza si\u0119 na o\u015bnie\u017conych i oblodzonych drogach. Na powierzchni klock\u00f3w bie\u017cnika znajduje si\u0119 g\u0119sta sie\u0107 zygzakowatych lameli. Ich kraw\u0119dzie zaz\u0119biaj\u0105 si\u0119 z warstw\u0105 \u015bniegu, dzi\u0119ki czemu poprawia si\u0119 precyzja prowadzenia oraz skuteczno\u015b\u0107 hamowania. Dzi\u0119ki odpowiedniemu poprowadzeniu kana\u0142\u00f3w obwodowych ogumienie skutecznie radzi sobie r\u00f3wnie\u017c z odprowadzaniem wody i b\u0142ota po\u015bniegowego z powierzchni bie\u017cnika. <b>Model Firemax FM805+ cechuje si\u0119 r\u00f3wnie\u017c cich\u0105 prac\u0105<\/b>, dzi\u0119ki czemu zapewnia komfortow\u0105 i spokojn\u0105 jazd\u0119.<\/p>\n<\/div>\n<\/div>\n<\/div>\n<div style=\"clear: both; display: block; margin: 10px 0;\">\n<div style=\"clear: both; display: block; margin: 10px 0;\">\n<div style=\"clear: both; display: block; margin: 10px 0;\">\n<div  style=\"max-width:420px;max-height:140px\">\n<div style=\"clear: both; display: block; margin: 10px 0;\">\n<div style=\"clear: both; width: 100%; display: block; margin: 20px 0; padding: 0; float: none; position: static; text-align: center;\"><img decoding=\"async\"  src=\"https:\/\/a.allegroimg.com\/original\/11bfe6\/7aecef1347099cfb47a07706f9e8\/4x235-55R17-103V-XL-FIREMAX-FM805-nowe-opony-zimowe-CICHE-Profil-opony-55\" srcset=\"https:\/\/a.allegroimg.com\/original\/11bfe6\/7aecef1347099cfb47a07706f9e8\/4x235-55R17-103V-XL-FIREMAX-FM805-nowe-opony-zimowe-CICHE-Profil-opony-55 360w,https:\/\/a.allegroimg.com\/original\/11bfe6\/7aecef1347099cfb47a07706f9e8\/4x235-55R17-103V-XL-FIREMAX-FM805-nowe-opony-zimowe-CICHE-Profil-opony-55 420w,https:\/\/a.allegroimg.com\/original\/11bfe6\/7aecef1347099cfb47a07706f9e8\/4x235-55R17-103V-XL-FIREMAX-FM805-nowe-opony-zimowe-CICHE-Profil-opony-55 420w\" sizes=\"(min-width: 1200px) 560px, (min-width: 992px) 50vw, 100vw\" width=\"420px\" alt=\"4x235\/55R17 103V XL FIREMAX FM805+ nowe opony zimowe CICHE Profil opony 55\" style=\"max-width: 100%; height: auto; display: block; margin: 0 auto;\"><\/div>\n<\/div>\n<\/div>\n<\/div>\n<\/div>\n<div style=\"clear: both; display: block; margin: 10px 0;\">\n<div style=\"clear: both; display: block; margin: 10px 0;\">\n<p style=\"margin: 15px 0; line-height: 1.8; clear: both; display: block; width: 100%; float: none; position: static;\">Azjatycki producent opon w najnowszych technologiach. <b>FIREMAX <\/b>ma w ofercie opony zimowe, letnie i ca\u0142oroczne do wszystkich typ\u00f3w pojazd\u00f3w. Na polskim rynku cieszy si\u0119 powodzeniem od kliku lat. Produkuje nowoczesne opony wg najnowszych technologii w klasie ekonomicznej z super etykiet\u0105.<\/p>\n<h3 style=\"color: #2c5aa0; font-size: 18px; margin: 30px 0 15px 0; font-weight: bold; clear: both; display: block; width: 100%; float: none; position: static;\">Cenione przez wielu kierowc\u00f3w w ca\u0142ej Europie. \u015awietne opinie.<\/h3>\n<\/div>\n<\/div>\n<\/div>\n<div style=\"clear: both; display: block; margin: 10px 0;\">\n<div style=\"clear: both; display: block; margin: 10px 0;\">\n<div style=\"clear: both; display: block; margin: 10px 0;\">\n<div  style=\"max-width:592px;max-height:550px\">\n<div style=\"clear: both; display: block; margin: 10px 0;\">\n<div style=\"clear: both; width: 100%; display: block; margin: 20px 0; padding: 0; float: none; position: static; text-align: center;\"><img decoding=\"async\"  src=\"https:\/\/a.allegroimg.com\/original\/117518\/ae41847043dfac0098fb2a0cd331\/4x235-55R17-103V-XL-FIREMAX-FM805-nowe-opony-zimowe-CICHE\" srcset=\"https:\/\/a.allegroimg.com\/original\/117518\/ae41847043dfac0098fb2a0cd331\/4x235-55R17-103V-XL-FIREMAX-FM805-nowe-opony-zimowe-CICHE 360w,https:\/\/a.allegroimg.com\/original\/117518\/ae41847043dfac0098fb2a0cd331\/4x235-55R17-103V-XL-FIREMAX-FM805-nowe-opony-zimowe-CICHE 592w,https:\/\/a.allegroimg.com\/original\/117518\/ae41847043dfac0098fb2a0cd331\/4x235-55R17-103V-XL-FIREMAX-FM805-nowe-opony-zimowe-CICHE 592w\" sizes=\"(min-width: 1200px) 560px, (min-width: 992px) 50vw, 100vw\" width=\"592px\" alt=\"4x235\/55R17 103V XL FIREMAX FM805+ nowe opony zimowe CICHE\" style=\"max-width: 100%; height: auto; display: block; margin: 0 auto;\"><\/div>\n<\/div>\n<\/div>\n<\/div>\n<\/div>\n<div style=\"clear: both; display: block; margin: 10px 0;\">\n<div style=\"clear: both; display: block; margin: 10px 0;\">\n<div  style=\"max-width:500px;max-height:331px\">\n<div style=\"clear: both; display: block; margin: 10px 0;\">\n<div style=\"clear: both; width: 100%; display: block; margin: 20px 0; padding: 0; float: none; position: static; text-align: center;\"><img decoding=\"async\"  src=\"https:\/\/a.allegroimg.com\/original\/1190e6\/3955858049f78ef61e193620f0c7\/4x235-55R17-103V-XL-FIREMAX-FM805-nowe-opony-zimowe-CICHE-Model-inny\" srcset=\"https:\/\/a.allegroimg.com\/original\/1190e6\/3955858049f78ef61e193620f0c7\/4x235-55R17-103V-XL-FIREMAX-FM805-nowe-opony-zimowe-CICHE-Model-inny 360w,https:\/\/a.allegroimg.com\/original\/1190e6\/3955858049f78ef61e193620f0c7\/4x235-55R17-103V-XL-FIREMAX-FM805-nowe-opony-zimowe-CICHE-Model-inny 500w,https:\/\/a.allegroimg.com\/original\/1190e6\/3955858049f78ef61e193620f0c7\/4x235-55R17-103V-XL-FIREMAX-FM805-nowe-opony-zimowe-CICHE-Model-inny 500w\" sizes=\"(min-width: 1200px) 560px, (min-width: 992px) 50vw, 100vw\" width=\"500px\" alt=\"4x235\/55R17 103V XL FIREMAX FM805+ nowe opony zimowe CICHE Model inny\" style=\"max-width: 100%; height: auto; display: block; margin: 0 auto;\"><\/div>\n<\/div>\n<\/div>\n<\/div>\n<\/div>\n<\/div>\n<div style=\"clear: both; display: block; margin: 10px 0;\">\n<div style=\"clear: both; display: block; margin: 10px 0;\">\n<div style=\"clear: both; display: block; margin: 10px 0;\">\n<div  style=\"max-width:600px;max-height:600px\">\n<div style=\"clear: both; display: block; margin: 10px 0;\">\n<div style=\"clear: both; width: 100%; display: block; margin: 20px 0; padding: 0; float: none; position: static; text-align: center;\"><img decoding=\"async\"  src=\"https:\/\/a.allegroimg.com\/original\/111bf2\/efb178ba4254ac3187eb9cd8b45b\/4x235-55R17-103V-XL-FIREMAX-FM805-nowe-opony-zimowe-CICHE-Klasa-pozostale-marki\" srcset=\"https:\/\/a.allegroimg.com\/original\/111bf2\/efb178ba4254ac3187eb9cd8b45b\/4x235-55R17-103V-XL-FIREMAX-FM805-nowe-opony-zimowe-CICHE-Klasa-pozostale-marki 360w,https:\/\/a.allegroimg.com\/original\/111bf2\/efb178ba4254ac3187eb9cd8b45b\/4x235-55R17-103V-XL-FIREMAX-FM805-nowe-opony-zimowe-CICHE-Klasa-pozostale-marki 600w,https:\/\/a.allegroimg.com\/original\/111bf2\/efb178ba4254ac3187eb9cd8b45b\/4x235-55R17-103V-XL-FIREMAX-FM805-nowe-opony-zimowe-CICHE-Klasa-pozostale-marki 600w\" sizes=\"(min-width: 1200px) 560px, (min-width: 992px) 50vw, 100vw\" width=\"600px\" alt=\"4x235\/55R17 103V XL FIREMAX FM805+ nowe opony zimowe CICHE Klasa pozosta\u0142e marki\" style=\"max-width: 100%; height: auto; display: block; margin: 0 auto;\"><\/div>\n<\/div>\n<\/div>\n<\/div>\n<\/div>\n<div style=\"clear: both; display: block; margin: 10px 0;\">\n<div style=\"clear: both; display: block; margin: 10px 0;\">\n<div  style=\"max-width:414px;max-height:681px\">\n<div style=\"clear: both; display: block; margin: 10px 0;\">\n<div style=\"clear: both; width: 100%; display: block; margin: 20px 0; padding: 0; float: none; position: static; text-align: center;\"><img decoding=\"async\"  src=\"https:\/\/a.allegroimg.com\/original\/114397\/e8be17724e1f871923a9e34ca6c3\/4x235-55R17-103V-XL-FIREMAX-FM805-nowe-opony-zimowe-CICHE-Marka-Firemax\" srcset=\"https:\/\/a.allegroimg.com\/original\/114397\/e8be17724e1f871923a9e34ca6c3\/4x235-55R17-103V-XL-FIREMAX-FM805-nowe-opony-zimowe-CICHE-Marka-Firemax 218w,https:\/\/a.allegroimg.com\/original\/114397\/e8be17724e1f871923a9e34ca6c3\/4x235-55R17-103V-XL-FIREMAX-FM805-nowe-opony-zimowe-CICHE-Marka-Firemax 414w,https:\/\/a.allegroimg.com\/original\/114397\/e8be17724e1f871923a9e34ca6c3\/4x235-55R17-103V-XL-FIREMAX-FM805-nowe-opony-zimowe-CICHE-Marka-Firemax 414w\" sizes=\"(min-width: 1200px) 560px, (min-width: 992px) 50vw, 100vw\" width=\"414px\" alt=\"4x235\/55R17 103V XL FIREMAX FM805+ nowe opony zimowe CICHE Marka Firemax\" style=\"max-width: 100%; height: auto; display: block; margin: 0 auto;\"><\/div>\n<\/div>\n<\/div>\n<\/div>\n<\/div>\n<\/div>\n<\/div>\n<\/div>\n<\/div>\n<div style=\"clear: both; display: block; margin: 10px 0;\">\n","protected":false},"excerpt":{"rendered":"<p>KOMPLET NOWYCH ZIMOWYCH OPON (4 szt.)<\/p>\n<p>FIREMAX FM805+<\/p>\n<p>235\/55R17 103V XL<\/p>\n<p>\u2022 INDEKS NO\u015aNO\u015aCI: 103, 875 kg na opon\u0119<\/p>\n<p>\u2022 INDEKS PR\u0118DKO\u015aCI: V, 240 km\/h<\/p>\n<p>\u2022 ETYKIETA: [D_C_67dB]<\/p>\n<p>\u2022 WZMOCNIONE &quot;XL&quot;<\/p>\n<p>\u2022 HOMOLOGACJA 3PMSF \u2013 Three-Peak Mountain Snow Flake<\/p>\n","protected":false},"featured_media":15882,"template":"","meta":{"_uag_custom_page_level_css":""},"product_brand":[509],"product_cat":[414,413,412,415],"product_tag":[],"class_list":{"0":"post-15881","1":"product","2":"type-product","3":"status-publish","4":"has-post-thumbnail","6":"product_brand-firemax","7":"product_cat-do-samochodow-osobowych-i-suv","8":"product_cat-opony","9":"product_cat-opony-i-felgi","10":"product_cat-zimowe","12":"first","13":"instock","14":"shipping-taxable","15":"purchasable","16":"product-type-simple"},"uagb_featured_image_src":{"full":["https:\/\/oponixo.shop\/tire\/wp-content\/uploads\/2026\/01\/allegro-image-15881.jpg",592,550,false],"thumbnail":["https:\/\/oponixo.shop\/tire\/wp-content\/uploads\/2026\/01\/allegro-image-15881-150x150.jpg",150,150,true],"medium":["https:\/\/oponixo.shop\/tire\/wp-content\/uploads\/2026\/01\/allegro-image-15881-300x279.jpg",300,279,true],"medium_large":["https:\/\/oponixo.shop\/tire\/wp-content\/uploads\/2026\/01\/allegro-image-15881.jpg",592,550,false],"large":["https:\/\/oponixo.shop\/tire\/wp-content\/uploads\/2026\/01\/allegro-image-15881.jpg",592,550,false],"1536x1536":["https:\/\/oponixo.shop\/tire\/wp-content\/uploads\/2026\/01\/allegro-image-15881.jpg",592,550,false],"2048x2048":["https:\/\/oponixo.shop\/tire\/wp-content\/uploads\/2026\/01\/allegro-image-15881.jpg",592,550,false],"woocommerce_thumbnail":["https:\/\/oponixo.shop\/tire\/wp-content\/uploads\/2026\/01\/allegro-image-15881-300x300.jpg",300,300,true],"woocommerce_single":["https:\/\/oponixo.shop\/tire\/wp-content\/uploads\/2026\/01\/allegro-image-15881.jpg",592,550,false],"woocommerce_gallery_thumbnail":["https:\/\/oponixo.shop\/tire\/wp-content\/uploads\/2026\/01\/allegro-image-15881-100x100.jpg",100,100,true]},"uagb_author_info":{"display_name":"admin","author_link":"https:\/\/oponixo.shop\/tire\/author\/"},"uagb_comment_info":0,"uagb_excerpt":"KOMPLET NOWYCH ZIMOWYCH OPON (4 szt.) FIREMAX FM805+ 235\/55R17 103V XL \u2022 INDEKS NO\u015aNO\u015aCI: 103, 875 kg na opon\u0119 \u2022 INDEKS PR\u0118DKO\u015aCI: V, 240 km\/h \u2022 ETYKIETA: [D_C_67dB] \u2022 WZMOCNIONE &quot;XL&quot; \u2022 HOMOLOGACJA 3PMSF \u2013 Three-Peak Mountain Snow Flake","_links":{"self":[{"href":"https:\/\/oponixo.shop\/tire\/wp-json\/wp\/v2\/product\/15881","targetHints":{"allow":["GET"]}}],"collection":[{"href":"https:\/\/oponixo.shop\/tire\/wp-json\/wp\/v2\/product"}],"about":[{"href":"https:\/\/oponixo.shop\/tire\/wp-json\/wp\/v2\/types\/product"}],"wp:featuredmedia":[{"embeddable":true,"href":"https:\/\/oponixo.shop\/tire\/wp-json\/wp\/v2\/media\/15882"}],"wp:attachment":[{"href":"https:\/\/oponixo.shop\/tire\/wp-json\/wp\/v2\/media?parent=15881"}],"wp:term":[{"taxonomy":"product_brand","embeddable":true,"href":"https:\/\/oponixo.shop\/tire\/wp-json\/wp\/v2\/product_brand?post=15881"},{"taxonomy":"product_cat","embeddable":true,"href":"https:\/\/oponixo.shop\/tire\/wp-json\/wp\/v2\/product_cat?post=15881"},{"taxonomy":"product_tag","embeddable":true,"href":"https:\/\/oponixo.shop\/tire\/wp-json\/wp\/v2\/product_tag?post=15881"}],"curies":[{"name":"wp","href":"https:\/\/api.w.org\/{rel}","templated":true}]}}