{"id":15887,"date":"2026-01-16T03:32:18","date_gmt":"2026-01-16T02:32:18","guid":{"rendered":"https:\/\/oponyauto.shop\/xef5\/produkt\/4x-continental-235-55r17-103v-wintercontact-ts-870-p-xl-zimowe-2024-r\/"},"modified":"2026-01-16T03:32:19","modified_gmt":"2026-01-16T02:32:19","slug":"4x-continental-235-55r17-103v-wintercontact-ts-870-p-xl-zimowe-2024-r","status":"publish","type":"product","link":"https:\/\/oponixo.shop\/tire\/produkt\/4x-continental-235-55r17-103v-wintercontact-ts-870-p-xl-zimowe-2024-r\/","title":{"rendered":"4x CONTINENTAL 235\/55R17 103V WinterContact TS 870 P XL zimowe 2024 r"},"content":{"rendered":"<div style=\"font-family: Arial, sans-serif; line-height: 1.6; color: #333; padding: 20px; clear: both; display: block; width: 100%; float: none; position: static; overflow: hidden;\">\n<div style=\"clear: both; display: block; margin: 10px 0;\">\n<div style=\"clear: both; display: block; margin: 10px 0;\">\n<div style=\"clear: both; display: block; margin: 10px 0;\">\n<h1>Rok produkcji: 2024<\/h1>\n<\/div>\n<\/div>\n<\/div>\n<div style=\"clear: both; display: block; margin: 10px 0;\">\n<div style=\"clear: both; display: block; margin: 10px 0;\">\n<div style=\"clear: both; display: block; margin: 10px 0;\">\n<div  style=\"max-width:1200px;max-height:1126px\">\n<div style=\"clear: both; display: block; margin: 10px 0;\">\n<div style=\"clear: both; width: 100%; display: block; margin: 20px 0; padding: 0; float: none; position: static; text-align: center;\"><img decoding=\"async\"  src=\"https:\/\/a.allegroimg.com\/original\/1170e6\/2ef91c1249339b5f9021087b4d0c\/4x-CONTINENTAL-235-55R17-103V-WinterContact-TS-870-P-XL-zimowe-2024-r\" srcset=\"https:\/\/a.allegroimg.com\/original\/1170e6\/2ef91c1249339b5f9021087b4d0c\/4x-CONTINENTAL-235-55R17-103V-WinterContact-TS-870-P-XL-zimowe-2024-r 360w,https:\/\/a.allegroimg.com\/original\/1170e6\/2ef91c1249339b5f9021087b4d0c\/4x-CONTINENTAL-235-55R17-103V-WinterContact-TS-870-P-XL-zimowe-2024-r 720w,https:\/\/a.allegroimg.com\/original\/1170e6\/2ef91c1249339b5f9021087b4d0c\/4x-CONTINENTAL-235-55R17-103V-WinterContact-TS-870-P-XL-zimowe-2024-r 1024w,https:\/\/a.allegroimg.com\/original\/1170e6\/2ef91c1249339b5f9021087b4d0c\/4x-CONTINENTAL-235-55R17-103V-WinterContact-TS-870-P-XL-zimowe-2024-r 1200w,https:\/\/a.allegroimg.com\/original\/1170e6\/2ef91c1249339b5f9021087b4d0c\/4x-CONTINENTAL-235-55R17-103V-WinterContact-TS-870-P-XL-zimowe-2024-r 1200w\" sizes=\"(min-width: 1200px) 560px, (min-width: 992px) 50vw, 100vw\" width=\"1200px\" alt=\"4x CONTINENTAL 235\/55R17 103V WinterContact TS 870 P XL zimowe 2024 r\" style=\"max-width: 100%; height: auto; display: block; margin: 0 auto;\"><\/div>\n<\/div>\n<\/div>\n<\/div>\n<\/div>\n<div style=\"clear: both; display: block; margin: 10px 0;\">\n<div style=\"clear: both; display: block; margin: 10px 0;\">\n<h1>CONTINENTAL WinterContact TS 870 P 235\/55R17 103V XL<\/h1>\n<h2>G0SL2D<\/h2>\n<ul style=\"margin: 15px 0; padding-left: 20px; clear: both; display: block; width: 100%; float: none; position: static;\">\n<li style=\"margin: 5px 0; padding: 2px 0; clear: both; display: list-item; float: none; position: static;\"><b>Data produkcji :<\/b> 2024<\/li>\n<li style=\"margin: 5px 0; padding: 2px 0; clear: both; display: list-item; float: none; position: static;\"><b>Indeks :<\/b> 235\/55R17 ZOCO 103V 870P<\/li>\n<li style=\"margin: 5px 0; padding: 2px 0; clear: both; display: list-item; float: none; position: static;\"><b>Indeks no\u015bno\u015bci :<\/b> 103<\/li>\n<li style=\"margin: 5px 0; padding: 2px 0; clear: both; display: list-item; float: none; position: static;\"><b>Indeks pr\u0119dko\u015bci :<\/b> V &#8211; 240 km\/h<\/li>\n<li style=\"margin: 5px 0; padding: 2px 0; clear: both; display: list-item; float: none; position: static;\"><b>Karta informacyjna produktu :<\/b> https:\/\/eprel.ec.europa.eu\/qr\/617799<\/li>\n<li style=\"margin: 5px 0; padding: 2px 0; clear: both; display: list-item; float: none; position: static;\"><b>Kl. efekt. paliwowej :<\/b> B<\/li>\n<li style=\"margin: 5px 0; padding: 2px 0; clear: both; display: list-item; float: none; position: static;\"><b>Kl. przycz. na mokrej naw. :<\/b> B<\/li>\n<li style=\"margin: 5px 0; padding: 2px 0; clear: both; display: list-item; float: none; position: static;\"><b>Kl. zew. ha\u0142asu tocz. :<\/b> B<\/li>\n<li style=\"margin: 5px 0; padding: 2px 0; clear: both; display: list-item; float: none; position: static;\"><b>Klasa opony :<\/b> premium<\/li>\n<li style=\"margin: 5px 0; padding: 2px 0; clear: both; display: list-item; float: none; position: static;\"><b>Kod EAN :<\/b> 4019238054750<\/li>\n<li style=\"margin: 5px 0; padding: 2px 0; clear: both; display: list-item; float: none; position: static;\"><b>Kod producenta :<\/b> 3556830000<\/li>\n<li style=\"margin: 5px 0; padding: 2px 0; clear: both; display: list-item; float: none; position: static;\"><b>Model bie\u017cnika :<\/b> WinterContact TS 870 P<\/li>\n<li style=\"margin: 5px 0; padding: 2px 0; clear: both; display: list-item; float: none; position: static;\"><b>Nazwa produktu :<\/b> CONTINENTAL 235\/55R17 103V WinterContact TS 870 P XL zimowe<\/li>\n<li style=\"margin: 5px 0; padding: 2px 0; clear: both; display: list-item; float: none; position: static;\"><b>No\u015bno\u015b\u0107 opony :<\/b> XL<\/li>\n<li style=\"margin: 5px 0; padding: 2px 0; clear: both; display: list-item; float: none; position: static;\"><b>Producent :<\/b> CONTINENTAL<\/li>\n<li style=\"margin: 5px 0; padding: 2px 0; clear: both; display: list-item; float: none; position: static;\"><b>Profil :<\/b> 55<\/li>\n<li style=\"margin: 5px 0; padding: 2px 0; clear: both; display: list-item; float: none; position: static;\"><b>Przeznaczenie :<\/b> samochody osobowe\/SUV\/4&#215;4<\/li>\n<li style=\"margin: 5px 0; padding: 2px 0; clear: both; display: list-item; float: none; position: static;\"><b>Przyczepno\u015b\u0107 na lodzie :<\/b> Nie<\/li>\n<li style=\"margin: 5px 0; padding: 2px 0; clear: both; display: list-item; float: none; position: static;\"><b>Przyczepno\u015b\u0107 na \u015bniegu :<\/b> Tak<\/li>\n<li style=\"margin: 5px 0; padding: 2px 0; clear: both; display: list-item; float: none; position: static;\"><b>QR kod :<\/b> https:\/\/eprel.ec.europa.eu\/qr\/617799<\/li>\n<li style=\"margin: 5px 0; padding: 2px 0; clear: both; display: list-item; float: none; position: static;\"><b>Sezon :<\/b> zimowa<\/li>\n<li style=\"margin: 5px 0; padding: 2px 0; clear: both; display: list-item; float: none; position: static;\"><b>\u015arednica :<\/b> 17&#8243;<\/li>\n<li style=\"margin: 5px 0; padding: 2px 0; clear: both; display: list-item; float: none; position: static;\"><b>Szeroko\u015b\u0107 :<\/b> 235<\/li>\n<li style=\"margin: 5px 0; padding: 2px 0; clear: both; display: list-item; float: none; position: static;\"><b>Wart. pom. i kl. zew. ha\u0142asu tocz. [dB] :<\/b> 71<\/li>\n<\/ul>\n<\/div>\n<\/div>\n<\/div>\n<div style=\"clear: both; display: block; margin: 10px 0;\">\n<div style=\"clear: both; display: block; margin: 10px 0;\">\n<div style=\"clear: both; display: block; margin: 10px 0;\">\n<p style=\"margin: 15px 0; line-height: 1.8; clear: both; display: block; width: 100%; float: none; position: static;\">POZNAJ WinterContact\u2122 TS 870 P<\/p>\n<h2>Na ka\u017cd\u0105 zim\u0119<\/h2>\n<\/div>\n<\/div>\n<div style=\"clear: both; display: block; margin: 10px 0;\">\n<div style=\"clear: both; display: block; margin: 10px 0;\">\n<div  style=\"max-width:886px;max-height:1299px\">\n<div style=\"clear: both; display: block; margin: 10px 0;\">\n<div style=\"clear: both; width: 100%; display: block; margin: 20px 0; padding: 0; float: none; position: static; text-align: center;\"><img decoding=\"async\"  src=\"https:\/\/a.allegroimg.com\/original\/11f9d9\/023432b641479da1d8bf858c9d58\/4x-CONTINENTAL-235-55R17-103V-WinterContact-TS-870-P-XL-zimowe-2024-r-Srednica-17\" srcset=\"https:\/\/a.allegroimg.com\/original\/11f9d9\/023432b641479da1d8bf858c9d58\/4x-CONTINENTAL-235-55R17-103V-WinterContact-TS-870-P-XL-zimowe-2024-r-Srednica-17 245w,https:\/\/a.allegroimg.com\/original\/11f9d9\/023432b641479da1d8bf858c9d58\/4x-CONTINENTAL-235-55R17-103V-WinterContact-TS-870-P-XL-zimowe-2024-r-Srednica-17 491w,https:\/\/a.allegroimg.com\/original\/11f9d9\/023432b641479da1d8bf858c9d58\/4x-CONTINENTAL-235-55R17-103V-WinterContact-TS-870-P-XL-zimowe-2024-r-Srednica-17 698w,https:\/\/a.allegroimg.com\/original\/11f9d9\/023432b641479da1d8bf858c9d58\/4x-CONTINENTAL-235-55R17-103V-WinterContact-TS-870-P-XL-zimowe-2024-r-Srednica-17 886w,https:\/\/a.allegroimg.com\/original\/11f9d9\/023432b641479da1d8bf858c9d58\/4x-CONTINENTAL-235-55R17-103V-WinterContact-TS-870-P-XL-zimowe-2024-r-Srednica-17 886w\" sizes=\"(min-width: 1200px) 560px, (min-width: 992px) 50vw, 100vw\" width=\"886px\" alt=\"4x CONTINENTAL 235\/55R17 103V WinterContact TS 870 P XL zimowe 2024 r \u015arednica 17&quot;\" style=\"max-width: 100%; height: auto; display: block; margin: 0 auto;\"><\/div>\n<\/div>\n<\/div>\n<\/div>\n<\/div>\n<\/div>\n<div style=\"clear: both; display: block; margin: 10px 0;\">\n<div style=\"clear: both; display: block; margin: 10px 0;\">\n<div style=\"clear: both; display: block; margin: 10px 0;\">\n<div  style=\"max-width:1198px;max-height:546px\">\n<div style=\"clear: both; display: block; margin: 10px 0;\">\n<div style=\"clear: both; width: 100%; display: block; margin: 20px 0; padding: 0; float: none; position: static; text-align: center;\"><img decoding=\"async\"  src=\"https:\/\/a.allegroimg.com\/original\/110c2f\/e15aff7541fabb615b3f3bf1b794\/4x-CONTINENTAL-235-55R17-103V-WinterContact-TS-870-P-XL-zimowe-2024-r-Waga-produktu-z-opakowaniem-jednostkowym-40-4-kg\" srcset=\"https:\/\/a.allegroimg.com\/original\/110c2f\/e15aff7541fabb615b3f3bf1b794\/4x-CONTINENTAL-235-55R17-103V-WinterContact-TS-870-P-XL-zimowe-2024-r-Waga-produktu-z-opakowaniem-jednostkowym-40-4-kg 360w,https:\/\/a.allegroimg.com\/original\/110c2f\/e15aff7541fabb615b3f3bf1b794\/4x-CONTINENTAL-235-55R17-103V-WinterContact-TS-870-P-XL-zimowe-2024-r-Waga-produktu-z-opakowaniem-jednostkowym-40-4-kg 720w,https:\/\/a.allegroimg.com\/original\/110c2f\/e15aff7541fabb615b3f3bf1b794\/4x-CONTINENTAL-235-55R17-103V-WinterContact-TS-870-P-XL-zimowe-2024-r-Waga-produktu-z-opakowaniem-jednostkowym-40-4-kg 1024w,https:\/\/a.allegroimg.com\/original\/110c2f\/e15aff7541fabb615b3f3bf1b794\/4x-CONTINENTAL-235-55R17-103V-WinterContact-TS-870-P-XL-zimowe-2024-r-Waga-produktu-z-opakowaniem-jednostkowym-40-4-kg 1198w,https:\/\/a.allegroimg.com\/original\/110c2f\/e15aff7541fabb615b3f3bf1b794\/4x-CONTINENTAL-235-55R17-103V-WinterContact-TS-870-P-XL-zimowe-2024-r-Waga-produktu-z-opakowaniem-jednostkowym-40-4-kg 1198w\" sizes=\"100vw\" width=\"1198px\" alt=\"4x CONTINENTAL 235\/55R17 103V WinterContact TS 870 P XL zimowe 2024 r Waga produktu z opakowaniem jednostkowym 40.4 kg\" style=\"max-width: 100%; height: auto; display: block; margin: 0 auto;\"><\/div>\n<\/div>\n<\/div>\n<\/div>\n<\/div>\n<\/div>\n<div style=\"clear: both; display: block; margin: 10px 0;\">\n<div style=\"clear: both; display: block; margin: 10px 0;\">\n<div style=\"clear: both; display: block; margin: 10px 0;\">\n<h2>WinterContact\u2122 TS 870 P<\/h2>\n<h1>Przede wszystkim skuteczno\u015b\u0107<\/h1>\n<\/div>\n<\/div>\n<\/div>\n<div style=\"clear: both; display: block; margin: 10px 0;\">\n<div style=\"clear: both; display: block; margin: 10px 0;\">\n<div style=\"clear: both; display: block; margin: 10px 0;\">\n<h2>Kontrola na za\u015bnie\u017conych drogach<\/h2>\n<p style=\"margin: 15px 0; line-height: 1.8; clear: both; display: block; width: 100%; float: none; position: static;\">Nic lepiej nie przylega do \u015bniegu ni\u017c sam \u015bnieg, dlatego<br \/>\nkonstrukcja lameli w oponie pozwala zebra\u0107 wi\u0119cej \u015bniegu<br \/>\nz pod\u0142o\u017ca. Zapewnia to wi\u0119ksz\u0105 przyczepno\u015b\u0107 i lepsz\u0105<br \/>\nkontrol\u0119 prowadzenia pojazdu. A w sytuacji, gdy musisz<br \/>\nhamowa\u0107, nast\u0119puje szybkie odprowadzenie wody i b\u0142ota<br \/>\npo\u015bniegowego z opony, w wyniku czego <b>skraca si\u0119 droga<br \/>\nhamowania na zamarzni\u0119tym pod\u0142o\u017cu<\/b>.<\/p>\n<\/div>\n<\/div>\n<div style=\"clear: both; display: block; margin: 10px 0;\">\n<div style=\"clear: both; display: block; margin: 10px 0;\">\n<div  style=\"max-width:1000px;max-height:834px\">\n<div style=\"clear: both; display: block; margin: 10px 0;\">\n<div style=\"clear: both; width: 100%; display: block; margin: 20px 0; padding: 0; float: none; position: static; text-align: center;\"><img decoding=\"async\"  src=\"https:\/\/a.allegroimg.com\/original\/11a755\/6f98c5be4ddcaafb201d6a6fcc8b\/4x-CONTINENTAL-235-55R17-103V-WinterContact-TS-870-P-XL-zimowe-2024-r-Indeks-nosnosci-103-875-kg\" srcset=\"https:\/\/a.allegroimg.com\/original\/11a755\/6f98c5be4ddcaafb201d6a6fcc8b\/4x-CONTINENTAL-235-55R17-103V-WinterContact-TS-870-P-XL-zimowe-2024-r-Indeks-nosnosci-103-875-kg 360w,https:\/\/a.allegroimg.com\/original\/11a755\/6f98c5be4ddcaafb201d6a6fcc8b\/4x-CONTINENTAL-235-55R17-103V-WinterContact-TS-870-P-XL-zimowe-2024-r-Indeks-nosnosci-103-875-kg 720w,https:\/\/a.allegroimg.com\/original\/11a755\/6f98c5be4ddcaafb201d6a6fcc8b\/4x-CONTINENTAL-235-55R17-103V-WinterContact-TS-870-P-XL-zimowe-2024-r-Indeks-nosnosci-103-875-kg 1000w,https:\/\/a.allegroimg.com\/original\/11a755\/6f98c5be4ddcaafb201d6a6fcc8b\/4x-CONTINENTAL-235-55R17-103V-WinterContact-TS-870-P-XL-zimowe-2024-r-Indeks-nosnosci-103-875-kg 1000w\" sizes=\"(min-width: 1200px) 560px, (min-width: 992px) 50vw, 100vw\" width=\"1000px\" alt=\"4x CONTINENTAL 235\/55R17 103V WinterContact TS 870 P XL zimowe 2024 r Indeks no\u015bno\u015bci 103 - 875 kg\" style=\"max-width: 100%; height: auto; display: block; margin: 0 auto;\"><\/div>\n<\/div>\n<\/div>\n<\/div>\n<\/div>\n<\/div>\n<div style=\"clear: both; display: block; margin: 10px 0;\">\n<div style=\"clear: both; display: block; margin: 10px 0;\">\n<div style=\"clear: both; display: block; margin: 10px 0;\">\n<div  style=\"max-width:1000px;max-height:834px\">\n<div style=\"clear: both; display: block; margin: 10px 0;\">\n<div style=\"clear: both; width: 100%; display: block; margin: 20px 0; padding: 0; float: none; position: static; text-align: center;\"><img decoding=\"async\"  src=\"https:\/\/a.allegroimg.com\/original\/111fb2\/587182574a5190b4b71b2ac563b9\/4x-CONTINENTAL-235-55R17-103V-WinterContact-TS-870-P-XL-zimowe-2024-r-Kod-producenta-3556830000\" srcset=\"https:\/\/a.allegroimg.com\/original\/111fb2\/587182574a5190b4b71b2ac563b9\/4x-CONTINENTAL-235-55R17-103V-WinterContact-TS-870-P-XL-zimowe-2024-r-Kod-producenta-3556830000 360w,https:\/\/a.allegroimg.com\/original\/111fb2\/587182574a5190b4b71b2ac563b9\/4x-CONTINENTAL-235-55R17-103V-WinterContact-TS-870-P-XL-zimowe-2024-r-Kod-producenta-3556830000 720w,https:\/\/a.allegroimg.com\/original\/111fb2\/587182574a5190b4b71b2ac563b9\/4x-CONTINENTAL-235-55R17-103V-WinterContact-TS-870-P-XL-zimowe-2024-r-Kod-producenta-3556830000 1000w,https:\/\/a.allegroimg.com\/original\/111fb2\/587182574a5190b4b71b2ac563b9\/4x-CONTINENTAL-235-55R17-103V-WinterContact-TS-870-P-XL-zimowe-2024-r-Kod-producenta-3556830000 1000w\" sizes=\"(min-width: 1200px) 560px, (min-width: 992px) 50vw, 100vw\" width=\"1000px\" alt=\"4x CONTINENTAL 235\/55R17 103V WinterContact TS 870 P XL zimowe 2024 r Kod producenta 3556830000\" style=\"max-width: 100%; height: auto; display: block; margin: 0 auto;\"><\/div>\n<\/div>\n<\/div>\n<\/div>\n<\/div>\n<div style=\"clear: both; display: block; margin: 10px 0;\">\n<div style=\"clear: both; display: block; margin: 10px 0;\">\n<h2>Poradzi sobie na mokrej nawierzchni<\/h2>\n<p style=\"margin: 15px 0; line-height: 1.8; clear: both; display: block; width: 100%; float: none; position: static;\">Poniewa\u017c zimowe dni potrafi\u0105 zaskoczy\u0107 deszczow\u0105<br \/>\npogod\u0105, zastosowana w <b>WinterContact\u2122 TS 870 P<\/b><br \/>\nmieszanka <b>Cool Chili\u2122<\/b> dzi\u0119ki ulepszonemu sk\u0142adowi daje<br \/>\n<b>lepsze mo\u017cliwo\u015bci hamowania<\/b> na mokrej nawierzchni.<br \/>\nDodatkowo specjalne kanaliki wodne zapewniaj\u0105<br \/>\n<b>doskona\u0142\u0105 odporno\u015b\u0107 na aquaplaning<\/b>.<\/p>\n<\/div>\n<\/div>\n<\/div>\n<div style=\"clear: both; display: block; margin: 10px 0;\">\n<div style=\"clear: both; display: block; margin: 10px 0;\">\n<div style=\"clear: both; display: block; margin: 10px 0;\">\n<h2>Trwa\u0142a i oszcz\u0119dna<\/h2>\n<p style=\"margin: 15px 0; line-height: 1.8; clear: both; display: block; width: 100%; float: none; position: static;\">Mniejsze opory toczenia skutkuj\u0105 mniejszym zu\u017cyciem paliwa,<br \/>\na mniejsze \u015bcieranie przek\u0142ada si\u0119 na wi\u0119ksze przebiegi.<br \/>\nDlatego zastosowane w oponie <b>mieszanki elastycznych<br \/>\npolimer\u00f3w i \u017cywic gwarantuj\u0105 mniejsze \u015bcieranie<br \/>\nna drodze i wyd\u0142u\u017caj\u0105 \u017cywotno\u015b\u0107 opony<\/b>. Kto by odm\u00f3wi\u0142<br \/>\ntak trwa\u0142ej i ekonomicznej oponie?<\/p>\n<\/div>\n<\/div>\n<div style=\"clear: both; display: block; margin: 10px 0;\">\n<div style=\"clear: both; display: block; margin: 10px 0;\">\n<div  style=\"max-width:1000px;max-height:834px\">\n<div style=\"clear: both; display: block; margin: 10px 0;\">\n<div style=\"clear: both; width: 100%; display: block; margin: 20px 0; padding: 0; float: none; position: static; text-align: center;\"><img decoding=\"async\"  src=\"https:\/\/a.allegroimg.com\/original\/1131df\/8a684aea4aed969771604e358099\/4x-CONTINENTAL-235-55R17-103V-WinterContact-TS-870-P-XL-zimowe-2024-r-Poziom-halasu-zewnetrznego-B\" srcset=\"https:\/\/a.allegroimg.com\/original\/1131df\/8a684aea4aed969771604e358099\/4x-CONTINENTAL-235-55R17-103V-WinterContact-TS-870-P-XL-zimowe-2024-r-Poziom-halasu-zewnetrznego-B 360w,https:\/\/a.allegroimg.com\/original\/1131df\/8a684aea4aed969771604e358099\/4x-CONTINENTAL-235-55R17-103V-WinterContact-TS-870-P-XL-zimowe-2024-r-Poziom-halasu-zewnetrznego-B 720w,https:\/\/a.allegroimg.com\/original\/1131df\/8a684aea4aed969771604e358099\/4x-CONTINENTAL-235-55R17-103V-WinterContact-TS-870-P-XL-zimowe-2024-r-Poziom-halasu-zewnetrznego-B 1000w,https:\/\/a.allegroimg.com\/original\/1131df\/8a684aea4aed969771604e358099\/4x-CONTINENTAL-235-55R17-103V-WinterContact-TS-870-P-XL-zimowe-2024-r-Poziom-halasu-zewnetrznego-B 1000w\" sizes=\"(min-width: 1200px) 560px, (min-width: 992px) 50vw, 100vw\" width=\"1000px\" alt=\"4x CONTINENTAL 235\/55R17 103V WinterContact TS 870 P XL zimowe 2024 r Poziom ha\u0142asu zewn\u0119trznego B\" style=\"max-width: 100%; height: auto; display: block; margin: 0 auto;\"><\/div>\n<\/div>\n<\/div>\n<\/div>\n<\/div>\n<\/div>\n<div style=\"clear: both; display: block; margin: 10px 0;\">\n<div style=\"clear: both; display: block; margin: 10px 0;\">\n<div style=\"clear: both; display: block; margin: 10px 0;\">\n<p style=\"margin: 15px 0; line-height: 1.8; clear: both; display: block; width: 100%; float: none; position: static;\">Wychodz\u0105c naprzeciw oczekiwaniom Klient\u00f3w i chc\u0105c spe\u0142nia\u0107 jak najwy\u017csze standardy obs\u0142ugi dok\u0142adamy wszelkich stara\u0144, aby podawa\u0107 precyzyjn\u0105 dat\u0119 produkcji opony (DOT). Niestety, w wyj\u0105tkowych przypadkach, mo\u017ce zdarzy\u0107 si\u0119, \u017ce opony, kt\u00f3re wy\u015blemy b\u0119d\u0105 mia\u0142y inn\u0105 dat\u0119 produkcji ni\u017c podana. Sytuacja mo\u017ce dotyczy\u0107 zar\u00f3wno opon z DOT-em wcze\u015bniejszym jak i p\u00f3\u017aniejszym. Chcieliby\u015bmy podkre\u015bli\u0107, \u017ce warunki przechowywania opon w naszych magazynach spe\u0142niaj\u0105 Polsk\u0105 Norm\u0119 PN-C-94300-7 dzi\u0119ki czemu nawet opona przechowywana 24 miesi\u0105ce ma parametry takie same jak opona z bie\u017c\u0105cego roku. Warto pami\u0119ta\u0107 tak\u017ce o fakcie, \u017ce w przypadku wielu rozmiar\u00f3w i producent\u00f3w plany produkcyjne fabryk uniemo\u017cliwiaj\u0105 zakup opony z bie\u017c\u0105cego roku.<\/p>\n<p style=\"margin: 15px 0; line-height: 1.8; clear: both; display: block; width: 100%; float: none; position: static;\">Przy zakupie opon pami\u0119taj o sprawdzeniu w instrukcji samochodu lub na w\u0142a\u015bciwej stronie internetowej, jakie ogumienie zaleca producent Twojego auta. \u0179le dobrane opony mog\u0105 negatywnie wp\u0142yn\u0105\u0107 na poziom Twojego bezpiecze\u0144stwa. Kupuj\u0105c opony zwr\u00f3\u0107 uwag\u0119 na rozmiar oraz indeksy no\u015bno\u015bci i pr\u0119dko\u015bci jakie homologowane s\u0105 do Twojego pojazdu.<\/p>\n<p style=\"margin: 15px 0; line-height: 1.8; clear: both; display: block; width: 100%; float: none; position: static;\">Zamieszczone zdj\u0119cia pe\u0142ni\u0105 funkcj\u0119 pogl\u0105dow\u0105. W zale\u017cno\u015bci od szeroko\u015bci opon, mog\u0105 wyst\u0119powa\u0107 niewielkie r\u00f3\u017cnice w wygl\u0105dzie bie\u017cnika (w obr\u0119bie jednego modelu) na przyk\u0142ad w ilo\u015bci rowk\u00f3w obwodowych lub rozmieszczeniu blok\u00f3w bie\u017cnika, co nie stanowi wady produktu.<\/p>\n<p style=\"margin: 15px 0; line-height: 1.8; clear: both; display: block; width: 100%; float: none; position: static;\">Je\u017celi otrzymane przez Ciebie opony nie spe\u0142niaj\u0105 Twoich oczekiwa\u0144 masz mo\u017cliwo\u015b\u0107 zwrotu lub wymiany nieu\u017cywanego (niemontowanego) ogumienia.<\/p>\n<\/div>\n<\/div>\n<\/div>\n<div style=\"clear: both; display: block; margin: 10px 0;\">\n<div style=\"clear: both; display: block; margin: 10px 0;\">\n<div style=\"clear: both; display: block; margin: 10px 0;\">\n<div  style=\"max-width:2000px;max-height:614px\">\n<div style=\"clear: both; display: block; margin: 10px 0;\">\n<div style=\"clear: both; width: 100%; display: block; margin: 20px 0; padding: 0; float: none; position: static; text-align: center;\"><img decoding=\"async\"  src=\"https:\/\/a.allegroimg.com\/original\/11e95e\/34cff8df42a0b007cbe8e6ea8bb4\/4x-CONTINENTAL-235-55R17-103V-WinterContact-TS-870-P-XL-zimowe-2024-r-Halas-zewnetrzny-71-dB\" srcset=\"https:\/\/a.allegroimg.com\/original\/11e95e\/34cff8df42a0b007cbe8e6ea8bb4\/4x-CONTINENTAL-235-55R17-103V-WinterContact-TS-870-P-XL-zimowe-2024-r-Halas-zewnetrzny-71-dB 360w,https:\/\/a.allegroimg.com\/original\/11e95e\/34cff8df42a0b007cbe8e6ea8bb4\/4x-CONTINENTAL-235-55R17-103V-WinterContact-TS-870-P-XL-zimowe-2024-r-Halas-zewnetrzny-71-dB 720w,https:\/\/a.allegroimg.com\/original\/11e95e\/34cff8df42a0b007cbe8e6ea8bb4\/4x-CONTINENTAL-235-55R17-103V-WinterContact-TS-870-P-XL-zimowe-2024-r-Halas-zewnetrzny-71-dB 1024w,https:\/\/a.allegroimg.com\/original\/11e95e\/34cff8df42a0b007cbe8e6ea8bb4\/4x-CONTINENTAL-235-55R17-103V-WinterContact-TS-870-P-XL-zimowe-2024-r-Halas-zewnetrzny-71-dB 1440w,https:\/\/a.allegroimg.com\/original\/11e95e\/34cff8df42a0b007cbe8e6ea8bb4\/4x-CONTINENTAL-235-55R17-103V-WinterContact-TS-870-P-XL-zimowe-2024-r-Halas-zewnetrzny-71-dB 2000w\" sizes=\"(min-width: 1200px) 560px, (min-width: 992px) 50vw, 100vw\" width=\"2000px\" alt=\"4x CONTINENTAL 235\/55R17 103V WinterContact TS 870 P XL zimowe 2024 r Ha\u0142as zewn\u0119trzny 71 dB\" style=\"max-width: 100%; height: auto; display: block; margin: 0 auto;\"><\/div>\n<\/div>\n<\/div>\n<\/div>\n<\/div>\n<div style=\"clear: both; display: block; margin: 10px 0;\">\n<div style=\"clear: both; display: block; margin: 10px 0;\">\n<h1>Continental<\/h1>\n<p style=\"margin: 15px 0; line-height: 1.8; clear: both; display: block; width: 100%; float: none; position: static;\">Continental AG to globalny dostawca opon, inteligentnych element\u00f3w zawieszenia i system\u00f3w bezpiecze\u0144stwa. Bior\u0105c pod uwag\u0119 produkcj\u0119 opon, koncern zajmuje pierwsz\u0105 pozycje w Niemczech, drug\u0105 w Europie i czwart\u0105 na \u015bwiecie<\/p>\n<\/div>\n<\/div>\n<\/div>\n<\/div>\n<\/div>\n<\/div>\n<div style=\"clear: both; display: block; margin: 10px 0;\">\n","protected":false},"excerpt":{"rendered":"<p>Rok produkcji: 2024<\/p>\n<p>CONTINENTAL WinterContact TS 870 P 235\/55R17 103V XL<\/p>\n<p>G0SL2D<\/p>\n<p>Data produkcji : 2024<\/p>\n<p>Indeks : 235\/55R17 ZOCO 103V 870P<\/p>\n<p>Indeks no\u015bno\u015bci : 103<\/p>\n<p>Indeks pr\u0119dko\u015bci : V &#8211; 240 km\/h<\/p>\n<p>Karta informacyjna produktu : https:\/\/eprel.ec.europa.eu\/qr\/617799<\/p>\n","protected":false},"featured_media":15888,"template":"","meta":{"_uag_custom_page_level_css":""},"product_brand":[396],"product_cat":[414,413,412,415],"product_tag":[],"class_list":{"0":"post-15887","1":"product","2":"type-product","3":"status-publish","4":"has-post-thumbnail","6":"product_brand-continental","7":"product_cat-do-samochodow-osobowych-i-suv","8":"product_cat-opony","9":"product_cat-opony-i-felgi","10":"product_cat-zimowe","12":"first","13":"instock","14":"shipping-taxable","15":"purchasable","16":"product-type-simple"},"uagb_featured_image_src":{"full":["https:\/\/oponixo.shop\/tire\/wp-content\/uploads\/2026\/01\/allegro-image-15887.jpg",1200,1126,false],"thumbnail":["https:\/\/oponixo.shop\/tire\/wp-content\/uploads\/2026\/01\/allegro-image-15887-150x150.jpg",150,150,true],"medium":["https:\/\/oponixo.shop\/tire\/wp-content\/uploads\/2026\/01\/allegro-image-15887-300x282.jpg",300,282,true],"medium_large":["https:\/\/oponixo.shop\/tire\/wp-content\/uploads\/2026\/01\/allegro-image-15887-768x721.jpg",768,721,true],"large":["https:\/\/oponixo.shop\/tire\/wp-content\/uploads\/2026\/01\/allegro-image-15887-1024x961.jpg",1024,961,true],"1536x1536":["https:\/\/oponixo.shop\/tire\/wp-content\/uploads\/2026\/01\/allegro-image-15887.jpg",1200,1126,false],"2048x2048":["https:\/\/oponixo.shop\/tire\/wp-content\/uploads\/2026\/01\/allegro-image-15887.jpg",1200,1126,false],"woocommerce_thumbnail":["https:\/\/oponixo.shop\/tire\/wp-content\/uploads\/2026\/01\/allegro-image-15887-300x300.jpg",300,300,true],"woocommerce_single":["https:\/\/oponixo.shop\/tire\/wp-content\/uploads\/2026\/01\/allegro-image-15887-600x563.jpg",600,563,true],"woocommerce_gallery_thumbnail":["https:\/\/oponixo.shop\/tire\/wp-content\/uploads\/2026\/01\/allegro-image-15887-100x100.jpg",100,100,true]},"uagb_author_info":{"display_name":"admin","author_link":"https:\/\/oponixo.shop\/tire\/author\/"},"uagb_comment_info":0,"uagb_excerpt":"Rok produkcji: 2024 CONTINENTAL WinterContact TS 870 P 235\/55R17 103V XL G0SL2D Data produkcji : 2024 Indeks : 235\/55R17 ZOCO 103V 870P Indeks no\u015bno\u015bci : 103 Indeks pr\u0119dko\u015bci : V - 240 km\/h Karta informacyjna produktu : https:\/\/eprel.ec.europa.eu\/qr\/617799","_links":{"self":[{"href":"https:\/\/oponixo.shop\/tire\/wp-json\/wp\/v2\/product\/15887","targetHints":{"allow":["GET"]}}],"collection":[{"href":"https:\/\/oponixo.shop\/tire\/wp-json\/wp\/v2\/product"}],"about":[{"href":"https:\/\/oponixo.shop\/tire\/wp-json\/wp\/v2\/types\/product"}],"wp:featuredmedia":[{"embeddable":true,"href":"https:\/\/oponixo.shop\/tire\/wp-json\/wp\/v2\/media\/15888"}],"wp:attachment":[{"href":"https:\/\/oponixo.shop\/tire\/wp-json\/wp\/v2\/media?parent=15887"}],"wp:term":[{"taxonomy":"product_brand","embeddable":true,"href":"https:\/\/oponixo.shop\/tire\/wp-json\/wp\/v2\/product_brand?post=15887"},{"taxonomy":"product_cat","embeddable":true,"href":"https:\/\/oponixo.shop\/tire\/wp-json\/wp\/v2\/product_cat?post=15887"},{"taxonomy":"product_tag","embeddable":true,"href":"https:\/\/oponixo.shop\/tire\/wp-json\/wp\/v2\/product_tag?post=15887"}],"curies":[{"name":"wp","href":"https:\/\/api.w.org\/{rel}","templated":true}]}}