{"id":15893,"date":"2026-01-16T03:32:20","date_gmt":"2026-01-16T02:32:20","guid":{"rendered":"https:\/\/oponyauto.shop\/xef5\/produkt\/4x-continental-235-55r17-99h-allseasoncontact-caloroczne-2024-r\/"},"modified":"2026-01-16T03:32:20","modified_gmt":"2026-01-16T02:32:20","slug":"4x-continental-235-55r17-99h-allseasoncontact-caloroczne-2024-r","status":"publish","type":"product","link":"https:\/\/oponixo.shop\/tire\/produkt\/4x-continental-235-55r17-99h-allseasoncontact-caloroczne-2024-r\/","title":{"rendered":"4x CONTINENTAL 235\/55R17 99H AllSeasonContact ca\u0142oroczne 2024 r"},"content":{"rendered":"<div style=\"font-family: Arial, sans-serif; line-height: 1.6; color: #333; padding: 20px; clear: both; display: block; width: 100%; float: none; position: static; overflow: hidden;\">\n<div style=\"clear: both; display: block; margin: 10px 0;\">\n<div style=\"clear: both; display: block; margin: 10px 0;\">\n<div style=\"clear: both; display: block; margin: 10px 0;\">\n<h1>Rok produkcji: 2024<\/h1>\n<\/div>\n<\/div>\n<\/div>\n<div style=\"clear: both; display: block; margin: 10px 0;\">\n<div style=\"clear: both; display: block; margin: 10px 0;\">\n<div style=\"clear: both; display: block; margin: 10px 0;\">\n<div  style=\"max-width:1200px;max-height:1126px\">\n<div style=\"clear: both; display: block; margin: 10px 0;\">\n<div style=\"clear: both; width: 100%; display: block; margin: 20px 0; padding: 0; float: none; position: static; text-align: center;\"><img decoding=\"async\"  src=\"https:\/\/a.allegroimg.com\/original\/112ee1\/70e762574aa89efa68c12d90fc1a\/4x-CONTINENTAL-235-55R17-99H-AllSeasonContact-caloroczne-2024-r\" srcset=\"https:\/\/a.allegroimg.com\/original\/112ee1\/70e762574aa89efa68c12d90fc1a\/4x-CONTINENTAL-235-55R17-99H-AllSeasonContact-caloroczne-2024-r 360w,https:\/\/a.allegroimg.com\/original\/112ee1\/70e762574aa89efa68c12d90fc1a\/4x-CONTINENTAL-235-55R17-99H-AllSeasonContact-caloroczne-2024-r 720w,https:\/\/a.allegroimg.com\/original\/112ee1\/70e762574aa89efa68c12d90fc1a\/4x-CONTINENTAL-235-55R17-99H-AllSeasonContact-caloroczne-2024-r 1024w,https:\/\/a.allegroimg.com\/original\/112ee1\/70e762574aa89efa68c12d90fc1a\/4x-CONTINENTAL-235-55R17-99H-AllSeasonContact-caloroczne-2024-r 1200w,https:\/\/a.allegroimg.com\/original\/112ee1\/70e762574aa89efa68c12d90fc1a\/4x-CONTINENTAL-235-55R17-99H-AllSeasonContact-caloroczne-2024-r 1200w\" sizes=\"(min-width: 1200px) 560px, (min-width: 992px) 50vw, 100vw\" width=\"1200px\" alt=\"4x CONTINENTAL 235\/55R17 99H AllSeasonContact ca\u0142oroczne 2024 r\" style=\"max-width: 100%; height: auto; display: block; margin: 0 auto;\"><\/div>\n<\/div>\n<\/div>\n<\/div>\n<\/div>\n<div style=\"clear: both; display: block; margin: 10px 0;\">\n<div style=\"clear: both; display: block; margin: 10px 0;\">\n<h1>CONTINENTAL AllSeasonContact 235\/55R17 99H<\/h1>\n<h2>G08S23<\/h2>\n<ul style=\"margin: 15px 0; padding-left: 20px; clear: both; display: block; width: 100%; float: none; position: static;\">\n<li style=\"margin: 5px 0; padding: 2px 0; clear: both; display: list-item; float: none; position: static;\"><b>Data produkcji :<\/b> 2024<\/li>\n<li style=\"margin: 5px 0; padding: 2px 0; clear: both; display: list-item; float: none; position: static;\"><b>Hamowanie na mokrej nawierzchni :<\/b> B<\/li>\n<li style=\"margin: 5px 0; padding: 2px 0; clear: both; display: list-item; float: none; position: static;\"><b>Indeks :<\/b> 235\/55R17 COCO 99H ASC<\/li>\n<li style=\"margin: 5px 0; padding: 2px 0; clear: both; display: list-item; float: none; position: static;\"><b>Indeks no\u015bno\u015bci :<\/b> 99<\/li>\n<li style=\"margin: 5px 0; padding: 2px 0; clear: both; display: list-item; float: none; position: static;\"><b>Indeks pr\u0119dko\u015bci :<\/b> H &#8211; 210 km\/h<\/li>\n<li style=\"margin: 5px 0; padding: 2px 0; clear: both; display: list-item; float: none; position: static;\"><b>Karta informacyjna produktu :<\/b> https:\/\/eprel.ec.europa.eu\/qr\/481756<\/li>\n<li style=\"margin: 5px 0; padding: 2px 0; clear: both; display: list-item; float: none; position: static;\"><b>Kl. efekt. paliwowej :<\/b> B<\/li>\n<li style=\"margin: 5px 0; padding: 2px 0; clear: both; display: list-item; float: none; position: static;\"><b>Kl. przycz. na mokrej naw. :<\/b> B<\/li>\n<li style=\"margin: 5px 0; padding: 2px 0; clear: both; display: list-item; float: none; position: static;\"><b>Kl. zew. ha\u0142asu tocz. :<\/b> B<\/li>\n<li style=\"margin: 5px 0; padding: 2px 0; clear: both; display: list-item; float: none; position: static;\"><b>Klasa opony :<\/b> premium<\/li>\n<li style=\"margin: 5px 0; padding: 2px 0; clear: both; display: list-item; float: none; position: static;\"><b>Kod EAN :<\/b> 4019238035377<\/li>\n<li style=\"margin: 5px 0; padding: 2px 0; clear: both; display: list-item; float: none; position: static;\"><b>Kod producenta :<\/b> 3554330000<\/li>\n<li style=\"margin: 5px 0; padding: 2px 0; clear: both; display: list-item; float: none; position: static;\"><b>Liczba decybeli :<\/b> 71 dB<\/li>\n<li style=\"margin: 5px 0; padding: 2px 0; clear: both; display: list-item; float: none; position: static;\"><b>Model bie\u017cnika :<\/b> AllSeasonContact<\/li>\n<li style=\"margin: 5px 0; padding: 2px 0; clear: both; display: list-item; float: none; position: static;\"><b>Nazwa produktu :<\/b> CONTINENTAL 235\/55R17 99H AllSeasonContact ca\u0142oroczne<\/li>\n<li style=\"margin: 5px 0; padding: 2px 0; clear: both; display: list-item; float: none; position: static;\"><b>Op\u00f3r toczenia :<\/b> B<\/li>\n<li style=\"margin: 5px 0; padding: 2px 0; clear: both; display: list-item; float: none; position: static;\"><b>Poziom emisji ha\u0142asu :<\/b> 2<\/li>\n<li style=\"margin: 5px 0; padding: 2px 0; clear: both; display: list-item; float: none; position: static;\"><b>Producent :<\/b> CONTINENTAL<\/li>\n<li style=\"margin: 5px 0; padding: 2px 0; clear: both; display: list-item; float: none; position: static;\"><b>Profil :<\/b> 55<\/li>\n<li style=\"margin: 5px 0; padding: 2px 0; clear: both; display: list-item; float: none; position: static;\"><b>Przeznaczenie :<\/b> samochody osobowe\/SUV\/4&#215;4<\/li>\n<li style=\"margin: 5px 0; padding: 2px 0; clear: both; display: list-item; float: none; position: static;\"><b>Przyczepno\u015b\u0107 na lodzie :<\/b> Nie<\/li>\n<li style=\"margin: 5px 0; padding: 2px 0; clear: both; display: list-item; float: none; position: static;\"><b>Przyczepno\u015b\u0107 na \u015bniegu :<\/b> Tak<\/li>\n<li style=\"margin: 5px 0; padding: 2px 0; clear: both; display: list-item; float: none; position: static;\"><b>QR kod :<\/b> https:\/\/eprel.ec.europa.eu\/qr\/481756<\/li>\n<li style=\"margin: 5px 0; padding: 2px 0; clear: both; display: list-item; float: none; position: static;\"><b>Sezon :<\/b> ca\u0142oroczna<\/li>\n<li style=\"margin: 5px 0; padding: 2px 0; clear: both; display: list-item; float: none; position: static;\"><b>\u015arednica :<\/b> 17&#8243;<\/li>\n<li style=\"margin: 5px 0; padding: 2px 0; clear: both; display: list-item; float: none; position: static;\"><b>Szeroko\u015b\u0107 :<\/b> 235<\/li>\n<li style=\"margin: 5px 0; padding: 2px 0; clear: both; display: list-item; float: none; position: static;\"><b>Wart. pom. i kl. zew. ha\u0142asu tocz. [dB] :<\/b> 71<\/li>\n<\/ul>\n<\/div>\n<\/div>\n<\/div>\n<div style=\"clear: both; display: block; margin: 10px 0;\">\n<div style=\"clear: both; display: block; margin: 10px 0;\">\n<div style=\"clear: both; display: block; margin: 10px 0;\">\n<p style=\"margin: 15px 0; line-height: 1.8; clear: both; display: block; width: 100%; float: none; position: static;\">AllSeasonContact\u2122 zosta\u0142y stworzone dla tych, kt\u00f3rzy szukaj\u0105 opon do jazdy przez ca\u0142y rok.<br \/>\nPo\u0142\u0105czenie zaawansowanych technologii i wypracowanie doskona\u0142ego kompromisu pomi\u0119dzy<br \/>\nparametrami opony pozwala zachowa\u0107 przyczepno\u015b\u0107, osi\u0105gi i ekonomi\u0119 u\u017cytkowania.<br \/>\nWszystko po to, by zawsze trzyma\u0107 si\u0119 obranej drogi.<\/p>\n<\/div>\n<\/div>\n<div style=\"clear: both; display: block; margin: 10px 0;\">\n<div style=\"clear: both; display: block; margin: 10px 0;\">\n<div  style=\"max-width:886px;max-height:1299px\">\n<div style=\"clear: both; display: block; margin: 10px 0;\">\n<div style=\"clear: both; width: 100%; display: block; margin: 20px 0; padding: 0; float: none; position: static; text-align: center;\"><img decoding=\"async\"  src=\"https:\/\/a.allegroimg.com\/original\/11561d\/fccc31934857b14053e461beb9c1\/4x-CONTINENTAL-235-55R17-99H-AllSeasonContact-caloroczne-2024-r-Srednica-17\" srcset=\"https:\/\/a.allegroimg.com\/original\/11561d\/fccc31934857b14053e461beb9c1\/4x-CONTINENTAL-235-55R17-99H-AllSeasonContact-caloroczne-2024-r-Srednica-17 245w,https:\/\/a.allegroimg.com\/original\/11561d\/fccc31934857b14053e461beb9c1\/4x-CONTINENTAL-235-55R17-99H-AllSeasonContact-caloroczne-2024-r-Srednica-17 491w,https:\/\/a.allegroimg.com\/original\/11561d\/fccc31934857b14053e461beb9c1\/4x-CONTINENTAL-235-55R17-99H-AllSeasonContact-caloroczne-2024-r-Srednica-17 698w,https:\/\/a.allegroimg.com\/original\/11561d\/fccc31934857b14053e461beb9c1\/4x-CONTINENTAL-235-55R17-99H-AllSeasonContact-caloroczne-2024-r-Srednica-17 886w,https:\/\/a.allegroimg.com\/original\/11561d\/fccc31934857b14053e461beb9c1\/4x-CONTINENTAL-235-55R17-99H-AllSeasonContact-caloroczne-2024-r-Srednica-17 886w\" sizes=\"(min-width: 1200px) 560px, (min-width: 992px) 50vw, 100vw\" width=\"886px\" alt=\"4x CONTINENTAL 235\/55R17 99H AllSeasonContact ca\u0142oroczne 2024 r \u015arednica 17&quot;\" style=\"max-width: 100%; height: auto; display: block; margin: 0 auto;\"><\/div>\n<\/div>\n<\/div>\n<\/div>\n<\/div>\n<\/div>\n<div style=\"clear: both; display: block; margin: 10px 0;\">\n<div style=\"clear: both; display: block; margin: 10px 0;\">\n<div style=\"clear: both; display: block; margin: 10px 0;\">\n<h2>Opony AllSeasonContact\u2122<\/h2>\n<h1>Dla tych, dla kt\u00f3rych liczy si\u0119 ca\u0142oroczne bezpiecze\u0144stwo<\/h1>\n<\/div>\n<\/div>\n<\/div>\n<div style=\"clear: both; display: block; margin: 10px 0;\">\n<div style=\"clear: both; display: block; margin: 10px 0;\">\n<div style=\"clear: both; display: block; margin: 10px 0;\">\n<h2>Liczy si\u0119 kontrola<\/h2>\n<p style=\"margin: 15px 0; line-height: 1.8; clear: both; display: block; width: 100%; float: none; position: static;\">opony AllSeasonContact\u2122 sprawdz\u0105 si\u0119 w ka\u017cdych<br \/>\nwarunkach. Po\u0142\u0105czenie otwartych bark\u00f3w dla lepszej ochrony<br \/>\nprzed aquaplaningiem oraz sztywnego bie\u017cnika daje pewno\u015b\u0107<br \/>\nprowadzenia i <b>\u0142atwo\u015b\u0107 hamowania &#8211; zar\u00f3wno na suchej<br \/>\nszosie, jak i na b\u0142otnistej drodze<\/b>.<\/p>\n<\/div>\n<\/div>\n<div style=\"clear: both; display: block; margin: 10px 0;\">\n<div style=\"clear: both; display: block; margin: 10px 0;\">\n<div  style=\"max-width:1000px;max-height:850px\">\n<div style=\"clear: both; display: block; margin: 10px 0;\">\n<div style=\"clear: both; width: 100%; display: block; margin: 20px 0; padding: 0; float: none; position: static; text-align: center;\"><img decoding=\"async\"  src=\"https:\/\/a.allegroimg.com\/original\/115a75\/7e30d4364692a767a5e6c6cf2539\/4x-CONTINENTAL-235-55R17-99H-AllSeasonContact-caloroczne-2024-r-Indeks-nosnosci-99-775-kg\" srcset=\"https:\/\/a.allegroimg.com\/original\/115a75\/7e30d4364692a767a5e6c6cf2539\/4x-CONTINENTAL-235-55R17-99H-AllSeasonContact-caloroczne-2024-r-Indeks-nosnosci-99-775-kg 360w,https:\/\/a.allegroimg.com\/original\/115a75\/7e30d4364692a767a5e6c6cf2539\/4x-CONTINENTAL-235-55R17-99H-AllSeasonContact-caloroczne-2024-r-Indeks-nosnosci-99-775-kg 720w,https:\/\/a.allegroimg.com\/original\/115a75\/7e30d4364692a767a5e6c6cf2539\/4x-CONTINENTAL-235-55R17-99H-AllSeasonContact-caloroczne-2024-r-Indeks-nosnosci-99-775-kg 1000w,https:\/\/a.allegroimg.com\/original\/115a75\/7e30d4364692a767a5e6c6cf2539\/4x-CONTINENTAL-235-55R17-99H-AllSeasonContact-caloroczne-2024-r-Indeks-nosnosci-99-775-kg 1000w\" sizes=\"(min-width: 1200px) 560px, (min-width: 992px) 50vw, 100vw\" width=\"1000px\" alt=\"4x CONTINENTAL 235\/55R17 99H AllSeasonContact ca\u0142oroczne 2024 r Indeks no\u015bno\u015bci 99 - 775 kg\" style=\"max-width: 100%; height: auto; display: block; margin: 0 auto;\"><\/div>\n<\/div>\n<\/div>\n<\/div>\n<\/div>\n<\/div>\n<div style=\"clear: both; display: block; margin: 10px 0;\">\n<div style=\"clear: both; display: block; margin: 10px 0;\">\n<div style=\"clear: both; display: block; margin: 10px 0;\">\n<div  style=\"max-width:1000px;max-height:850px\">\n<div style=\"clear: both; display: block; margin: 10px 0;\">\n<div style=\"clear: both; width: 100%; display: block; margin: 20px 0; padding: 0; float: none; position: static; text-align: center;\"><img decoding=\"async\"  src=\"https:\/\/a.allegroimg.com\/original\/113b64\/7a259d4d4e51af863dfcc0727697\/4x-CONTINENTAL-235-55R17-99H-AllSeasonContact-caloroczne-2024-r-Kod-producenta-3554330000\" srcset=\"https:\/\/a.allegroimg.com\/original\/113b64\/7a259d4d4e51af863dfcc0727697\/4x-CONTINENTAL-235-55R17-99H-AllSeasonContact-caloroczne-2024-r-Kod-producenta-3554330000 360w,https:\/\/a.allegroimg.com\/original\/113b64\/7a259d4d4e51af863dfcc0727697\/4x-CONTINENTAL-235-55R17-99H-AllSeasonContact-caloroczne-2024-r-Kod-producenta-3554330000 720w,https:\/\/a.allegroimg.com\/original\/113b64\/7a259d4d4e51af863dfcc0727697\/4x-CONTINENTAL-235-55R17-99H-AllSeasonContact-caloroczne-2024-r-Kod-producenta-3554330000 1000w,https:\/\/a.allegroimg.com\/original\/113b64\/7a259d4d4e51af863dfcc0727697\/4x-CONTINENTAL-235-55R17-99H-AllSeasonContact-caloroczne-2024-r-Kod-producenta-3554330000 1000w\" sizes=\"(min-width: 1200px) 560px, (min-width: 992px) 50vw, 100vw\" width=\"1000px\" alt=\"4x CONTINENTAL 235\/55R17 99H AllSeasonContact ca\u0142oroczne 2024 r Kod producenta 3554330000\" style=\"max-width: 100%; height: auto; display: block; margin: 0 auto;\"><\/div>\n<\/div>\n<\/div>\n<\/div>\n<\/div>\n<div style=\"clear: both; display: block; margin: 10px 0;\">\n<div style=\"clear: both; display: block; margin: 10px 0;\">\n<h2>Liczy si\u0119 dobra przyczepno\u015b\u0107<\/h2>\n<p style=\"margin: 15px 0; line-height: 1.8; clear: both; display: block; width: 100%; float: none; position: static;\">Wiemy, \u017ce zima czasem przypomina jesie\u0144, a lato wiosn\u0119.<br \/>\nW takich warunkach idealnie sprawdz\u0105 si\u0119 opony<br \/>\nwielosezonowe <b>AllSeasonContact\u2122<\/b>. Dzi\u0119ki mieszance <b>Traction<br \/>\nSilica Compoud<\/b>, zawieraj\u0105cej specjaln\u0105 \u017cywic\u0119 i du\u017c\u0105 zawarto\u015b\u0107<br \/>\nKrzemionki, opona jest elastyczna. Dopasowuje si\u0119 do drogi oraz<br \/>\nwarunk\u00f3w pogodowych gwarantuj\u0105c doskona\u0142\u0105 przyczepno\u015b\u0107<br \/>\ni skuteczne hamowanie, nawet przy niepewnej pogodzie.<\/p>\n<\/div>\n<\/div>\n<\/div>\n<div style=\"clear: both; display: block; margin: 10px 0;\">\n<div style=\"clear: both; display: block; margin: 10px 0;\">\n<div style=\"clear: both; display: block; margin: 10px 0;\">\n<h2>Liczy si\u0119 wydajno\u015b\u0107<\/h2>\n<p style=\"margin: 15px 0; line-height: 1.8; clear: both; display: block; width: 100%; float: none; position: static;\">AllSeasonContact\u2122 to dopracowana geometria \u015bciany bocznej,<br \/>\nspecjalnie dobrana mieszanka i odpowiednia g\u0142\u0119boko\u015b\u0107 bie\u017cnika.<br \/>\nDzi\u0119ki czemu opony te <b>pomagaj\u0105 oszcz\u0119dza\u0107 paliwo,<br \/>\nzmniejszy\u0107 emisj\u0119 CO2<\/b> i daj\u0105 rado\u015b\u0107 wybitnie efektywnej jazdy.<\/p>\n<\/div>\n<\/div>\n<div style=\"clear: both; display: block; margin: 10px 0;\">\n<div style=\"clear: both; display: block; margin: 10px 0;\">\n<div  style=\"max-width:1000px;max-height:850px\">\n<div style=\"clear: both; display: block; margin: 10px 0;\">\n<div style=\"clear: both; width: 100%; display: block; margin: 20px 0; padding: 0; float: none; position: static; text-align: center;\"><img decoding=\"async\"  src=\"https:\/\/a.allegroimg.com\/original\/11c01f\/8802044d46bf80a7625484ed1d1d\/4x-CONTINENTAL-235-55R17-99H-AllSeasonContact-caloroczne-2024-r-Poziom-halasu-zewnetrznego-B\" srcset=\"https:\/\/a.allegroimg.com\/original\/11c01f\/8802044d46bf80a7625484ed1d1d\/4x-CONTINENTAL-235-55R17-99H-AllSeasonContact-caloroczne-2024-r-Poziom-halasu-zewnetrznego-B 360w,https:\/\/a.allegroimg.com\/original\/11c01f\/8802044d46bf80a7625484ed1d1d\/4x-CONTINENTAL-235-55R17-99H-AllSeasonContact-caloroczne-2024-r-Poziom-halasu-zewnetrznego-B 720w,https:\/\/a.allegroimg.com\/original\/11c01f\/8802044d46bf80a7625484ed1d1d\/4x-CONTINENTAL-235-55R17-99H-AllSeasonContact-caloroczne-2024-r-Poziom-halasu-zewnetrznego-B 1000w,https:\/\/a.allegroimg.com\/original\/11c01f\/8802044d46bf80a7625484ed1d1d\/4x-CONTINENTAL-235-55R17-99H-AllSeasonContact-caloroczne-2024-r-Poziom-halasu-zewnetrznego-B 1000w\" sizes=\"(min-width: 1200px) 560px, (min-width: 992px) 50vw, 100vw\" width=\"1000px\" alt=\"4x CONTINENTAL 235\/55R17 99H AllSeasonContact ca\u0142oroczne 2024 r Poziom ha\u0142asu zewn\u0119trznego B\" style=\"max-width: 100%; height: auto; display: block; margin: 0 auto;\"><\/div>\n<\/div>\n<\/div>\n<\/div>\n<\/div>\n<\/div>\n<div style=\"clear: both; display: block; margin: 10px 0;\">\n<div style=\"clear: both; display: block; margin: 10px 0;\">\n<div style=\"clear: both; display: block; margin: 10px 0;\">\n<p style=\"margin: 15px 0; line-height: 1.8; clear: both; display: block; width: 100%; float: none; position: static;\">Wychodz\u0105c naprzeciw oczekiwaniom Klient\u00f3w i chc\u0105c spe\u0142nia\u0107 jak najwy\u017csze standardy obs\u0142ugi dok\u0142adamy wszelkich stara\u0144, aby podawa\u0107 precyzyjn\u0105 dat\u0119 produkcji opony (DOT). Niestety, w wyj\u0105tkowych przypadkach, mo\u017ce zdarzy\u0107 si\u0119, \u017ce opony, kt\u00f3re wy\u015blemy b\u0119d\u0105 mia\u0142y inn\u0105 dat\u0119 produkcji ni\u017c podana. Sytuacja mo\u017ce dotyczy\u0107 zar\u00f3wno opon z DOT-em wcze\u015bniejszym jak i p\u00f3\u017aniejszym. Chcieliby\u015bmy podkre\u015bli\u0107, \u017ce warunki przechowywania opon w naszych magazynach spe\u0142niaj\u0105 Polsk\u0105 Norm\u0119 PN-C-94300-7 dzi\u0119ki czemu nawet opona przechowywana 24 miesi\u0105ce ma parametry takie same jak opona z bie\u017c\u0105cego roku. Warto pami\u0119ta\u0107 tak\u017ce o fakcie, \u017ce w przypadku wielu rozmiar\u00f3w i producent\u00f3w plany produkcyjne fabryk uniemo\u017cliwiaj\u0105 zakup opony z bie\u017c\u0105cego roku.<\/p>\n<p style=\"margin: 15px 0; line-height: 1.8; clear: both; display: block; width: 100%; float: none; position: static;\">Przy zakupie opon pami\u0119taj o sprawdzeniu w instrukcji samochodu lub na w\u0142a\u015bciwej stronie internetowej, jakie ogumienie zaleca producent Twojego auta. \u0179le dobrane opony mog\u0105 negatywnie wp\u0142yn\u0105\u0107 na poziom Twojego bezpiecze\u0144stwa. Kupuj\u0105c opony zwr\u00f3\u0107 uwag\u0119 na rozmiar oraz indeksy no\u015bno\u015bci i pr\u0119dko\u015bci jakie homologowane s\u0105 do Twojego pojazdu.<\/p>\n<p style=\"margin: 15px 0; line-height: 1.8; clear: both; display: block; width: 100%; float: none; position: static;\">Zamieszczone zdj\u0119cia pe\u0142ni\u0105 funkcj\u0119 pogl\u0105dow\u0105. W zale\u017cno\u015bci od szeroko\u015bci opon, mog\u0105 wyst\u0119powa\u0107 niewielkie r\u00f3\u017cnice w wygl\u0105dzie bie\u017cnika (w obr\u0119bie jednego modelu) na przyk\u0142ad w ilo\u015bci rowk\u00f3w obwodowych lub rozmieszczeniu blok\u00f3w bie\u017cnika, co nie stanowi wady produktu.<\/p>\n<p style=\"margin: 15px 0; line-height: 1.8; clear: both; display: block; width: 100%; float: none; position: static;\">Je\u017celi otrzymane przez Ciebie opony nie spe\u0142niaj\u0105 Twoich oczekiwa\u0144 masz mo\u017cliwo\u015b\u0107 zwrotu lub wymiany nieu\u017cywanego (niemontowanego) ogumienia.<\/p>\n<\/div>\n<\/div>\n<\/div>\n<div style=\"clear: both; display: block; margin: 10px 0;\">\n<div style=\"clear: both; display: block; margin: 10px 0;\">\n<div style=\"clear: both; display: block; margin: 10px 0;\">\n<div  style=\"max-width:2000px;max-height:614px\">\n<div style=\"clear: both; display: block; margin: 10px 0;\">\n<div style=\"clear: both; width: 100%; display: block; margin: 20px 0; padding: 0; float: none; position: static; text-align: center;\"><img decoding=\"async\"  src=\"https:\/\/a.allegroimg.com\/original\/11e95e\/34cff8df42a0b007cbe8e6ea8bb4\/4x-CONTINENTAL-235-55R17-99H-AllSeasonContact-caloroczne-2024-r-Waga-produktu-z-opakowaniem-jednostkowym-41-24-kg\" srcset=\"https:\/\/a.allegroimg.com\/original\/11e95e\/34cff8df42a0b007cbe8e6ea8bb4\/4x-CONTINENTAL-235-55R17-99H-AllSeasonContact-caloroczne-2024-r-Waga-produktu-z-opakowaniem-jednostkowym-41-24-kg 360w,https:\/\/a.allegroimg.com\/original\/11e95e\/34cff8df42a0b007cbe8e6ea8bb4\/4x-CONTINENTAL-235-55R17-99H-AllSeasonContact-caloroczne-2024-r-Waga-produktu-z-opakowaniem-jednostkowym-41-24-kg 720w,https:\/\/a.allegroimg.com\/original\/11e95e\/34cff8df42a0b007cbe8e6ea8bb4\/4x-CONTINENTAL-235-55R17-99H-AllSeasonContact-caloroczne-2024-r-Waga-produktu-z-opakowaniem-jednostkowym-41-24-kg 1024w,https:\/\/a.allegroimg.com\/original\/11e95e\/34cff8df42a0b007cbe8e6ea8bb4\/4x-CONTINENTAL-235-55R17-99H-AllSeasonContact-caloroczne-2024-r-Waga-produktu-z-opakowaniem-jednostkowym-41-24-kg 1440w,https:\/\/a.allegroimg.com\/original\/11e95e\/34cff8df42a0b007cbe8e6ea8bb4\/4x-CONTINENTAL-235-55R17-99H-AllSeasonContact-caloroczne-2024-r-Waga-produktu-z-opakowaniem-jednostkowym-41-24-kg 2000w\" sizes=\"(min-width: 1200px) 560px, (min-width: 992px) 50vw, 100vw\" width=\"2000px\" alt=\"4x CONTINENTAL 235\/55R17 99H AllSeasonContact ca\u0142oroczne 2024 r Waga produktu z opakowaniem jednostkowym 41.24 kg\" style=\"max-width: 100%; height: auto; display: block; margin: 0 auto;\"><\/div>\n<\/div>\n<\/div>\n<\/div>\n<\/div>\n<div style=\"clear: both; display: block; margin: 10px 0;\">\n<div style=\"clear: both; display: block; margin: 10px 0;\">\n<h1>Continental<\/h1>\n<p style=\"margin: 15px 0; line-height: 1.8; clear: both; display: block; width: 100%; float: none; position: static;\">Continental AG to globalny dostawca opon, inteligentnych element\u00f3w zawieszenia i system\u00f3w bezpiecze\u0144stwa. Bior\u0105c pod uwag\u0119 produkcj\u0119 opon, koncern zajmuje pierwsz\u0105 pozycje w Niemczech, drug\u0105 w Europie i czwart\u0105 na \u015bwiecie<\/p>\n<\/div>\n<\/div>\n<\/div>\n<\/div>\n<\/div>\n<\/div>\n<div style=\"clear: both; display: block; margin: 10px 0;\">\n","protected":false},"excerpt":{"rendered":"<p>Rok produkcji: 2024<\/p>\n<p>CONTINENTAL AllSeasonContact 235\/55R17 99H<\/p>\n<p>G08S23<\/p>\n<p>Data produkcji : 2024<\/p>\n<p>Hamowanie na mokrej nawierzchni : B<\/p>\n<p>Indeks : 235\/55R17 COCO 99H ASC<\/p>\n<p>Indeks no\u015bno\u015bci : 99<\/p>\n<p>Indeks pr\u0119dko\u015bci : H &#8211; 210 km\/h<\/p>\n","protected":false},"featured_media":15894,"template":"","meta":{"_uag_custom_page_level_css":""},"product_brand":[396],"product_cat":[416,414,413,412],"product_tag":[],"class_list":{"0":"post-15893","1":"product","2":"type-product","3":"status-publish","4":"has-post-thumbnail","6":"product_brand-continental","7":"product_cat-caloroczne","8":"product_cat-do-samochodow-osobowych-i-suv","9":"product_cat-opony","10":"product_cat-opony-i-felgi","12":"first","13":"instock","14":"shipping-taxable","15":"purchasable","16":"product-type-simple"},"uagb_featured_image_src":{"full":["https:\/\/oponixo.shop\/tire\/wp-content\/uploads\/2026\/01\/allegro-image-15893.jpg",1200,1126,false],"thumbnail":["https:\/\/oponixo.shop\/tire\/wp-content\/uploads\/2026\/01\/allegro-image-15893-150x150.jpg",150,150,true],"medium":["https:\/\/oponixo.shop\/tire\/wp-content\/uploads\/2026\/01\/allegro-image-15893-300x282.jpg",300,282,true],"medium_large":["https:\/\/oponixo.shop\/tire\/wp-content\/uploads\/2026\/01\/allegro-image-15893-768x721.jpg",768,721,true],"large":["https:\/\/oponixo.shop\/tire\/wp-content\/uploads\/2026\/01\/allegro-image-15893-1024x961.jpg",1024,961,true],"1536x1536":["https:\/\/oponixo.shop\/tire\/wp-content\/uploads\/2026\/01\/allegro-image-15893.jpg",1200,1126,false],"2048x2048":["https:\/\/oponixo.shop\/tire\/wp-content\/uploads\/2026\/01\/allegro-image-15893.jpg",1200,1126,false],"woocommerce_thumbnail":["https:\/\/oponixo.shop\/tire\/wp-content\/uploads\/2026\/01\/allegro-image-15893-300x300.jpg",300,300,true],"woocommerce_single":["https:\/\/oponixo.shop\/tire\/wp-content\/uploads\/2026\/01\/allegro-image-15893-600x563.jpg",600,563,true],"woocommerce_gallery_thumbnail":["https:\/\/oponixo.shop\/tire\/wp-content\/uploads\/2026\/01\/allegro-image-15893-100x100.jpg",100,100,true]},"uagb_author_info":{"display_name":"admin","author_link":"https:\/\/oponixo.shop\/tire\/author\/"},"uagb_comment_info":0,"uagb_excerpt":"Rok produkcji: 2024 CONTINENTAL AllSeasonContact 235\/55R17 99H G08S23 Data produkcji : 2024 Hamowanie na mokrej nawierzchni : B Indeks : 235\/55R17 COCO 99H ASC Indeks no\u015bno\u015bci : 99 Indeks pr\u0119dko\u015bci : H - 210 km\/h","_links":{"self":[{"href":"https:\/\/oponixo.shop\/tire\/wp-json\/wp\/v2\/product\/15893","targetHints":{"allow":["GET"]}}],"collection":[{"href":"https:\/\/oponixo.shop\/tire\/wp-json\/wp\/v2\/product"}],"about":[{"href":"https:\/\/oponixo.shop\/tire\/wp-json\/wp\/v2\/types\/product"}],"wp:featuredmedia":[{"embeddable":true,"href":"https:\/\/oponixo.shop\/tire\/wp-json\/wp\/v2\/media\/15894"}],"wp:attachment":[{"href":"https:\/\/oponixo.shop\/tire\/wp-json\/wp\/v2\/media?parent=15893"}],"wp:term":[{"taxonomy":"product_brand","embeddable":true,"href":"https:\/\/oponixo.shop\/tire\/wp-json\/wp\/v2\/product_brand?post=15893"},{"taxonomy":"product_cat","embeddable":true,"href":"https:\/\/oponixo.shop\/tire\/wp-json\/wp\/v2\/product_cat?post=15893"},{"taxonomy":"product_tag","embeddable":true,"href":"https:\/\/oponixo.shop\/tire\/wp-json\/wp\/v2\/product_tag?post=15893"}],"curies":[{"name":"wp","href":"https:\/\/api.w.org\/{rel}","templated":true}]}}