{"id":15947,"date":"2026-01-16T03:32:33","date_gmt":"2026-01-16T02:32:33","guid":{"rendered":"https:\/\/oponyauto.shop\/xef5\/produkt\/2x-goodride-sw606-225-60r17-99-t\/"},"modified":"2026-01-16T03:32:34","modified_gmt":"2026-01-16T02:32:34","slug":"2x-goodride-sw606-225-60r17-99-t","status":"publish","type":"product","link":"https:\/\/oponixo.shop\/tire\/produkt\/2x-goodride-sw606-225-60r17-99-t\/","title":{"rendered":"2x GOODRIDE SW606 225\/60R17 99 T"},"content":{"rendered":"<div style=\"font-family: Arial, sans-serif; line-height: 1.6; color: #333; padding: 20px; clear: both; display: block; width: 100%; float: none; position: static; overflow: hidden;\">\n<div style=\"clear: both; display: block; margin: 10px 0;\">\n<div style=\"clear: both; display: block; margin: 10px 0;\">\n<div style=\"clear: both; display: block; margin: 10px 0;\">\n<h2>2x GOODRIDE SW606 225\/60R17 99 T<\/h2>\n<\/div>\n<\/div>\n<\/div>\n<div style=\"clear: both; display: block; margin: 10px 0;\">\n<div style=\"clear: both; display: block; margin: 10px 0;\">\n<div style=\"clear: both; display: block; margin: 10px 0;\">\n<div  style=\"max-width:920px;max-height:1120px\">\n<div style=\"clear: both; display: block; margin: 10px 0;\">\n<div style=\"clear: both; width: 100%; display: block; margin: 20px 0; padding: 0; float: none; position: static; text-align: center;\"><img decoding=\"async\"  src=\"https:\/\/a.allegroimg.com\/original\/1156f8\/11116e5a4334b0cf6b2d258fcb80\/2x-GOODRIDE-SW606-225-60R17-99-T\" srcset=\"https:\/\/a.allegroimg.com\/original\/1156f8\/11116e5a4334b0cf6b2d258fcb80\/2x-GOODRIDE-SW606-225-60R17-99-T 295w,https:\/\/a.allegroimg.com\/original\/1156f8\/11116e5a4334b0cf6b2d258fcb80\/2x-GOODRIDE-SW606-225-60R17-99-T 591w,https:\/\/a.allegroimg.com\/original\/1156f8\/11116e5a4334b0cf6b2d258fcb80\/2x-GOODRIDE-SW606-225-60R17-99-T 841w,https:\/\/a.allegroimg.com\/original\/1156f8\/11116e5a4334b0cf6b2d258fcb80\/2x-GOODRIDE-SW606-225-60R17-99-T 920w,https:\/\/a.allegroimg.com\/original\/1156f8\/11116e5a4334b0cf6b2d258fcb80\/2x-GOODRIDE-SW606-225-60R17-99-T 920w\" sizes=\"(min-width: 1200px) 560px, (min-width: 992px) 50vw, 100vw\" width=\"920px\" alt=\"2x GOODRIDE SW606 225\/60R17 99 T\" style=\"max-width: 100%; height: auto; display: block; margin: 0 auto;\"><\/div>\n<\/div>\n<\/div>\n<\/div>\n<\/div>\n<div style=\"clear: both; display: block; margin: 10px 0;\">\n<div style=\"clear: both; display: block; margin: 10px 0;\">\n<h2>Zimowe opony GOODRIDE SW606 225\/60 R17 99 T<\/h2>\n<p style=\"margin: 15px 0; line-height: 1.8; clear: both; display: block; width: 100%; float: none; position: static;\">Opony GOODRIDE SW606 to znacz\u0105cy model w portfolio producenta.&nbsp;<\/p>\n<p style=\"margin: 15px 0; line-height: 1.8; clear: both; display: block; width: 100%; float: none; position: static;\"> Opony klasy ekonomicznej maj\u0105 \u015bwietny stosunek jako\u015bci do ceny.<\/p>\n<ul style=\"margin: 15px 0; padding-left: 20px; clear: both; display: block; width: 100%; float: none; position: static;\">\n<li style=\"margin: 5px 0; padding: 2px 0; clear: both; display: list-item; float: none; position: static;\"><b>Stan:<\/b>&nbsp;Nowy<\/li>\n<li style=\"margin: 5px 0; padding: 2px 0; clear: both; display: list-item; float: none; position: static;\"><b>EAN:<\/b>&nbsp;6927116111243<\/li>\n<li style=\"margin: 5px 0; padding: 2px 0; clear: both; display: list-item; float: none; position: static;\"><b>Producent:<\/b> GOODRIDE<\/li>\n<li style=\"margin: 5px 0; padding: 2px 0; clear: both; display: list-item; float: none; position: static;\"><b>Model:<\/b> SW606<\/li>\n<li style=\"margin: 5px 0; padding: 2px 0; clear: both; display: list-item; float: none; position: static;\"><b>Rozmiar:<\/b> 225\/60 R17<\/li>\n<li style=\"margin: 5px 0; padding: 2px 0; clear: both; display: list-item; float: none; position: static;\"><b>Indeks no\u015bno\u015bci:<\/b> 99<\/li>\n<li style=\"margin: 5px 0; padding: 2px 0; clear: both; display: list-item; float: none; position: static;\"><b>Indeks pr\u0119dko\u015bci:<\/b> T<\/li>\n<li style=\"margin: 5px 0; padding: 2px 0; clear: both; display: list-item; float: none; position: static;\"><b>Ha\u0142as db:<\/b>&nbsp;72<\/li>\n<li style=\"margin: 5px 0; padding: 2px 0; clear: both; display: list-item; float: none; position: static;\"><b>Sezon:<\/b> Zimowe<\/li>\n<li style=\"margin: 5px 0; padding: 2px 0; clear: both; display: list-item; float: none; position: static;\"><b>Rok produkcji:<\/b> nie starsze ni\u017c 36 miesi\u0119cy<\/li>\n<li style=\"margin: 5px 0; padding: 2px 0; clear: both; display: list-item; float: none; position: static;\"><b>Przeznaczenie:<\/b> Osobowe<\/li>\n<li style=\"margin: 5px 0; padding: 2px 0; clear: both; display: list-item; float: none; position: static;\"><b>Kl. przycz. na mokrej naw.:<\/b>&nbsp;E<\/li>\n<li style=\"margin: 5px 0; padding: 2px 0; clear: both; display: list-item; float: none; position: static;\"><b>Kl. efekt. paliwowej:&nbsp;<\/b>E<\/li>\n<\/ul>\n<\/div>\n<\/div>\n<\/div>\n<div style=\"clear: both; display: block; margin: 10px 0;\">\n<div style=\"clear: both; display: block; margin: 10px 0;\">\n<div style=\"clear: both; display: block; margin: 10px 0;\">\n<div  style=\"max-width:1024px;max-height:177px\">\n<div style=\"clear: both; display: block; margin: 10px 0;\">\n<div style=\"clear: both; width: 100%; display: block; margin: 20px 0; padding: 0; float: none; position: static; text-align: center;\"><img decoding=\"async\"  src=\"https:\/\/a.allegroimg.com\/original\/11ab29\/f6ade32c4e8bbcbc7277abc3a4f2\/2x-GOODRIDE-SW606-225-60R17-99-T-Liczba-opon-w-ofercie-2-szt\" srcset=\"https:\/\/a.allegroimg.com\/original\/11ab29\/f6ade32c4e8bbcbc7277abc3a4f2\/2x-GOODRIDE-SW606-225-60R17-99-T-Liczba-opon-w-ofercie-2-szt 360w,https:\/\/a.allegroimg.com\/original\/11ab29\/f6ade32c4e8bbcbc7277abc3a4f2\/2x-GOODRIDE-SW606-225-60R17-99-T-Liczba-opon-w-ofercie-2-szt 720w,https:\/\/a.allegroimg.com\/original\/11ab29\/f6ade32c4e8bbcbc7277abc3a4f2\/2x-GOODRIDE-SW606-225-60R17-99-T-Liczba-opon-w-ofercie-2-szt 1024w,https:\/\/a.allegroimg.com\/original\/11ab29\/f6ade32c4e8bbcbc7277abc3a4f2\/2x-GOODRIDE-SW606-225-60R17-99-T-Liczba-opon-w-ofercie-2-szt 1024w\" sizes=\"100vw\" width=\"1024px\" alt=\"2x GOODRIDE SW606 225\/60R17 99 T Liczba opon w ofercie 2 szt.\" style=\"max-width: 100%; height: auto; display: block; margin: 0 auto;\"><\/div>\n<\/div>\n<\/div>\n<\/div>\n<\/div>\n<\/div>\n<div style=\"clear: both; display: block; margin: 10px 0;\">\n<div style=\"clear: both; display: block; margin: 10px 0;\">\n<div style=\"clear: both; display: block; margin: 10px 0;\">\n<p style=\"margin: 15px 0; line-height: 1.8; clear: both; display: block; width: 100%; float: none; position: static;\">Producent opon Goodride produkuje opony od 1958 roku i jest cz\u0119\u015bci\u0105 uznanego azjatyckiego koncernu Zhongce Rubber Group Co. Sam koncern posiada kilka marek i do dzi\u015b pozostaje liderem bran\u017cy w Chinach.<\/p>\n<p style=\"margin: 15px 0; line-height: 1.8; clear: both; display: block; width: 100%; float: none; position: static;\">Opony chi\u0144skiego producenta cechuje wykorzystanie najnowocze\u015bniejszych technologii i bardzo dobry stosunek jako\u015bci do ceny. In\u017cynierowie Goodride prowadz\u0105 zaawansowane badania rozwojowe we wsp\u00f3\u0142pracy z czo\u0142owymi ekspertami z Korei i Japonii, dzi\u0119ki czemu wci\u0105\u017c podnosz\u0105 osi\u0105gi swoich produkt\u00f3w celem zapewnienia komfortu i bezpiecze\u0144stwa kierowcom na ca\u0142ym \u015bwiecie. W zestawie nisk\u0105 cen\u0105 idzie te\u017c dobra jako\u015b\u0107 opon Goodride.<\/p>\n<p style=\"margin: 15px 0; line-height: 1.8; clear: both; display: block; width: 100%; float: none; position: static;\">Koncern przy tworzeniu ogumienia wprowadzi\u0142 rentgenowski system kontroli, co spos\u00f3b znaczny przyczyni\u0142o si\u0119 do poprawy systemu kontroli jako\u015bci, przez kt\u00f3ry przechodzi ka\u017cda opona Goodride jeszcze przed wypuszczeniem na rynek.<\/p>\n<p style=\"margin: 15px 0; line-height: 1.8; clear: both; display: block; width: 100%; float: none; position: static;\">Opony tego producenta posiadaj\u0105 niezb\u0119dne certyfikaty jako\u015bciowe, kt\u00f3re s\u0105 dowodem, \u017ce ogumienie spe\u0142nia restrykcyjne normy wymagane do bezpiecznej eksploatacji w Europie. Opony Goodride s\u0105 wi\u0119c bardzo dobr\u0105 propozycj\u0105 dla kierowc\u00f3w poszukuj\u0105cych dobrego rozwi\u0105zania w niskiej cenie.<\/p>\n<\/div>\n<\/div>\n<\/div>\n<div style=\"clear: both; display: block; margin: 10px 0;\">\n<div style=\"clear: both; display: block; margin: 10px 0;\">\n<div style=\"clear: both; display: block; margin: 10px 0;\">\n<div  style=\"max-width:1200px;max-height:1758px\">\n<div style=\"clear: both; display: block; margin: 10px 0;\">\n<div style=\"clear: both; width: 100%; display: block; margin: 20px 0; padding: 0; float: none; position: static; text-align: center;\"><img decoding=\"async\"  src=\"https:\/\/a.allegroimg.com\/original\/1106c0\/c45eaa404cff9465a4001b810e4f\/2x-GOODRIDE-SW606-225-60R17-99-T-Marka-Goodride\" srcset=\"https:\/\/a.allegroimg.com\/original\/1106c0\/c45eaa404cff9465a4001b810e4f\/2x-GOODRIDE-SW606-225-60R17-99-T-Marka-Goodride 245w,https:\/\/a.allegroimg.com\/original\/1106c0\/c45eaa404cff9465a4001b810e4f\/2x-GOODRIDE-SW606-225-60R17-99-T-Marka-Goodride 491w,https:\/\/a.allegroimg.com\/original\/1106c0\/c45eaa404cff9465a4001b810e4f\/2x-GOODRIDE-SW606-225-60R17-99-T-Marka-Goodride 698w,https:\/\/a.allegroimg.com\/original\/1106c0\/c45eaa404cff9465a4001b810e4f\/2x-GOODRIDE-SW606-225-60R17-99-T-Marka-Goodride 982w,https:\/\/a.allegroimg.com\/original\/1106c0\/c45eaa404cff9465a4001b810e4f\/2x-GOODRIDE-SW606-225-60R17-99-T-Marka-Goodride 1200w\" sizes=\"(min-width: 1200px) 560px, (min-width: 992px) 50vw, 100vw\" width=\"1200px\" alt=\"2x GOODRIDE SW606 225\/60R17 99 T Marka Goodride\" style=\"max-width: 100%; height: auto; display: block; margin: 0 auto;\"><\/div>\n<\/div>\n<\/div>\n<\/div>\n<\/div>\n<div style=\"clear: both; display: block; margin: 10px 0;\">\n<div style=\"clear: both; display: block; margin: 10px 0;\">\n<p style=\"margin: 15px 0; line-height: 1.8; clear: both; display: block; width: 100%; float: none; position: static;\">Dlaczego warto kupowa\u0107 u Nas ?<\/p>\n<p style=\"margin: 15px 0; line-height: 1.8; clear: both; display: block; width: 100%; float: none; position: static;\">Jeste\u015bmy firm\u0105, kt\u00f3ra na podstawie wieloletniego do\u015bwiadczenia z zaanga\u017cowaniem pomaga klientom w doborze oraz kupnie opon.<\/p>\n<p style=\"margin: 15px 0; line-height: 1.8; clear: both; display: block; width: 100%; float: none; position: static;\">Posiadamy szerok\u0105 game opon do aut osobowych, dostawczych, cie\u017carowych, motocyki jak i opon przemys\u0142owych.<\/p>\n<p style=\"margin: 15px 0; line-height: 1.8; clear: both; display: block; width: 100%; float: none; position: static;\">Gwarancja satysfakcjii oraz bezpiecznie przejechanych kilometr\u00f3w.<\/p>\n<p style=\"margin: 15px 0; line-height: 1.8; clear: both; display: block; width: 100%; float: none; position: static;\">Zosta\u0144 naszym kolejnym zadowolonym klientem.<\/p>\n<p style=\"margin: 15px 0; line-height: 1.8; clear: both; display: block; width: 100%; float: none; position: static;\">ZAPRASZAMY DO ZAKUP\u00d3W.<\/p>\n<\/div>\n<\/div>\n<\/div>\n<\/div>\n<\/div>\n<\/div>\n<div style=\"clear: both; display: block; margin: 10px 0;\">\n","protected":false},"excerpt":{"rendered":"<p>2x GOODRIDE SW606 225\/60R17 99 T<\/p>\n<p>Zimowe opony GOODRIDE SW606 225\/60 R17 99 T<\/p>\n<p>Opony GOODRIDE SW606 to znacz\u0105cy model w portfolio producenta.&nbsp;<\/p>\n<p>Opony klasy ekonomicznej maj\u0105 \u015bwietny stosunek jako\u015bci do ceny.<\/p>\n<p>Stan:&nbsp;Nowy<\/p>\n<p>EAN:&nbsp;6927116111243<\/p>\n<p>Producent: GOODRIDE<\/p>\n<p>Model: SW606<\/p>\n","protected":false},"featured_media":15948,"template":"","meta":{"_uag_custom_page_level_css":""},"product_brand":[379],"product_cat":[414,413,412,415],"product_tag":[],"class_list":{"0":"post-15947","1":"product","2":"type-product","3":"status-publish","4":"has-post-thumbnail","6":"product_brand-goodride","7":"product_cat-do-samochodow-osobowych-i-suv","8":"product_cat-opony","9":"product_cat-opony-i-felgi","10":"product_cat-zimowe","12":"first","13":"instock","14":"shipping-taxable","15":"purchasable","16":"product-type-simple"},"uagb_featured_image_src":{"full":["https:\/\/oponixo.shop\/tire\/wp-content\/uploads\/2026\/01\/allegro-image-15947.jpg",920,1120,false],"thumbnail":["https:\/\/oponixo.shop\/tire\/wp-content\/uploads\/2026\/01\/allegro-image-15947-150x150.jpg",150,150,true],"medium":["https:\/\/oponixo.shop\/tire\/wp-content\/uploads\/2026\/01\/allegro-image-15947-246x300.jpg",246,300,true],"medium_large":["https:\/\/oponixo.shop\/tire\/wp-content\/uploads\/2026\/01\/allegro-image-15947-768x935.jpg",768,935,true],"large":["https:\/\/oponixo.shop\/tire\/wp-content\/uploads\/2026\/01\/allegro-image-15947-841x1024.jpg",841,1024,true],"1536x1536":["https:\/\/oponixo.shop\/tire\/wp-content\/uploads\/2026\/01\/allegro-image-15947.jpg",920,1120,false],"2048x2048":["https:\/\/oponixo.shop\/tire\/wp-content\/uploads\/2026\/01\/allegro-image-15947.jpg",920,1120,false],"woocommerce_thumbnail":["https:\/\/oponixo.shop\/tire\/wp-content\/uploads\/2026\/01\/allegro-image-15947-300x300.jpg",300,300,true],"woocommerce_single":["https:\/\/oponixo.shop\/tire\/wp-content\/uploads\/2026\/01\/allegro-image-15947-600x730.jpg",600,730,true],"woocommerce_gallery_thumbnail":["https:\/\/oponixo.shop\/tire\/wp-content\/uploads\/2026\/01\/allegro-image-15947-100x100.jpg",100,100,true]},"uagb_author_info":{"display_name":"admin","author_link":"https:\/\/oponixo.shop\/tire\/author\/"},"uagb_comment_info":0,"uagb_excerpt":"2x GOODRIDE SW606 225\/60R17 99 T Zimowe opony GOODRIDE SW606 225\/60 R17 99 T Opony GOODRIDE SW606 to znacz\u0105cy model w portfolio producenta.&nbsp; Opony klasy ekonomicznej maj\u0105 \u015bwietny stosunek jako\u015bci do ceny. Stan:&nbsp;Nowy EAN:&nbsp;6927116111243 Producent: GOODRIDE Model: SW606","_links":{"self":[{"href":"https:\/\/oponixo.shop\/tire\/wp-json\/wp\/v2\/product\/15947","targetHints":{"allow":["GET"]}}],"collection":[{"href":"https:\/\/oponixo.shop\/tire\/wp-json\/wp\/v2\/product"}],"about":[{"href":"https:\/\/oponixo.shop\/tire\/wp-json\/wp\/v2\/types\/product"}],"wp:featuredmedia":[{"embeddable":true,"href":"https:\/\/oponixo.shop\/tire\/wp-json\/wp\/v2\/media\/15948"}],"wp:attachment":[{"href":"https:\/\/oponixo.shop\/tire\/wp-json\/wp\/v2\/media?parent=15947"}],"wp:term":[{"taxonomy":"product_brand","embeddable":true,"href":"https:\/\/oponixo.shop\/tire\/wp-json\/wp\/v2\/product_brand?post=15947"},{"taxonomy":"product_cat","embeddable":true,"href":"https:\/\/oponixo.shop\/tire\/wp-json\/wp\/v2\/product_cat?post=15947"},{"taxonomy":"product_tag","embeddable":true,"href":"https:\/\/oponixo.shop\/tire\/wp-json\/wp\/v2\/product_tag?post=15947"}],"curies":[{"name":"wp","href":"https:\/\/api.w.org\/{rel}","templated":true}]}}