{"id":15955,"date":"2026-01-16T03:32:35","date_gmt":"2026-01-16T02:32:35","guid":{"rendered":"https:\/\/oponyauto.shop\/xef5\/produkt\/4x-goodyear-ultragrip-performance-gen-1-225-60r17-103v-z185a\/"},"modified":"2026-01-16T03:32:35","modified_gmt":"2026-01-16T02:32:35","slug":"4x-goodyear-ultragrip-performance-gen-1-225-60r17-103v-z185a","status":"publish","type":"product","link":"https:\/\/oponixo.shop\/tire\/produkt\/4x-goodyear-ultragrip-performance-gen-1-225-60r17-103v-z185a\/","title":{"rendered":"4x Goodyear UltraGrip Performance Gen-1 225\/60R17 103V Z185A"},"content":{"rendered":"<div style=\"font-family: Arial, sans-serif; line-height: 1.6; color: #333; padding: 20px; clear: both; display: block; width: 100%; float: none; position: static; overflow: hidden;\">\n<div style=\"clear: both; display: block; margin: 10px 0;\">\n<div style=\"clear: both; display: block; margin: 10px 0;\">\n<div style=\"clear: both; display: block; margin: 10px 0;\">\n<h1>Goodyear UltraGrip Performance Gen-1<\/h1>\n<p style=\"margin: 15px 0; line-height: 1.8; clear: both; display: block; width: 100%; float: none; position: static;\">SZEROKO\u015a\u0106 OPONY &#8211; 225<\/p>\n<p style=\"margin: 15px 0; line-height: 1.8; clear: both; display: block; width: 100%; float: none; position: static;\">WYSOKO\u015a\u0106 OPONY &#8211; 60<\/p>\n<p style=\"margin: 15px 0; line-height: 1.8; clear: both; display: block; width: 100%; float: none; position: static;\">\u015aREDNICA &#8211; 17<\/p>\n<p style=\"margin: 15px 0; line-height: 1.8; clear: both; display: block; width: 100%; float: none; position: static;\">ROCZNIK &#8211; 2019<\/p>\n<p style=\"margin: 15px 0; line-height: 1.8; clear: both; display: block; width: 100%; float: none; position: static;\">MAGAZYN &#8211; Z185A<\/p>\n<\/div>\n<\/div>\n<div style=\"clear: both; display: block; margin: 10px 0;\">\n<div style=\"clear: both; display: block; margin: 10px 0;\">\n<div  style=\"max-width:510px;max-height:1024px\">\n<div style=\"clear: both; display: block; margin: 10px 0;\">\n<div style=\"clear: both; width: 100%; display: block; margin: 20px 0; padding: 0; float: none; position: static; text-align: center;\"><img decoding=\"async\"  src=\"https:\/\/a.allegroimg.com\/original\/11f702\/55dda4684cb1bcb3fba9b7aad391\/4x-Goodyear-UltraGrip-Performance-Gen-1-225-60R17-103V-Z185A-EAN-GTIN-5452000488008\" srcset=\"https:\/\/a.allegroimg.com\/original\/11f702\/55dda4684cb1bcb3fba9b7aad391\/4x-Goodyear-UltraGrip-Performance-Gen-1-225-60R17-103V-Z185A-EAN-GTIN-5452000488008 179w,https:\/\/a.allegroimg.com\/original\/11f702\/55dda4684cb1bcb3fba9b7aad391\/4x-Goodyear-UltraGrip-Performance-Gen-1-225-60R17-103V-Z185A-EAN-GTIN-5452000488008 358w,https:\/\/a.allegroimg.com\/original\/11f702\/55dda4684cb1bcb3fba9b7aad391\/4x-Goodyear-UltraGrip-Performance-Gen-1-225-60R17-103V-Z185A-EAN-GTIN-5452000488008 510w,https:\/\/a.allegroimg.com\/original\/11f702\/55dda4684cb1bcb3fba9b7aad391\/4x-Goodyear-UltraGrip-Performance-Gen-1-225-60R17-103V-Z185A-EAN-GTIN-5452000488008 510w\" sizes=\"(min-width: 1200px) 560px, (min-width: 992px) 50vw, 100vw\" width=\"510px\" alt=\"4x Goodyear UltraGrip Performance Gen-1 225\/60R17 103V Z185A EAN (GTIN) 5452000488008\" style=\"max-width: 100%; height: auto; display: block; margin: 0 auto;\"><\/div>\n<\/div>\n<\/div>\n<\/div>\n<\/div>\n<\/div>\n<div style=\"clear: both; display: block; margin: 10px 0;\">\n<div style=\"clear: both; display: block; margin: 10px 0;\">\n<div style=\"clear: both; display: block; margin: 10px 0;\">\n<div  style=\"max-width:1024px;max-height:273px\">\n<div style=\"clear: both; display: block; margin: 10px 0;\">\n<div style=\"clear: both; width: 100%; display: block; margin: 20px 0; padding: 0; float: none; position: static; text-align: center;\"><img decoding=\"async\"  src=\"https:\/\/a.allegroimg.com\/original\/11f0d4\/5f3b50e64d70a4c5bc730c914dd9\/4x-Goodyear-UltraGrip-Performance-Gen-1-225-60R17-103V-Z185A-Indeks-predkosci-V-do-240-km-h\" srcset=\"https:\/\/a.allegroimg.com\/original\/11f0d4\/5f3b50e64d70a4c5bc730c914dd9\/4x-Goodyear-UltraGrip-Performance-Gen-1-225-60R17-103V-Z185A-Indeks-predkosci-V-do-240-km-h 360w,https:\/\/a.allegroimg.com\/original\/11f0d4\/5f3b50e64d70a4c5bc730c914dd9\/4x-Goodyear-UltraGrip-Performance-Gen-1-225-60R17-103V-Z185A-Indeks-predkosci-V-do-240-km-h 720w,https:\/\/a.allegroimg.com\/original\/11f0d4\/5f3b50e64d70a4c5bc730c914dd9\/4x-Goodyear-UltraGrip-Performance-Gen-1-225-60R17-103V-Z185A-Indeks-predkosci-V-do-240-km-h 1024w,https:\/\/a.allegroimg.com\/original\/11f0d4\/5f3b50e64d70a4c5bc730c914dd9\/4x-Goodyear-UltraGrip-Performance-Gen-1-225-60R17-103V-Z185A-Indeks-predkosci-V-do-240-km-h 1024w\" sizes=\"100vw\" width=\"1024px\" alt=\"4x Goodyear UltraGrip Performance Gen-1 225\/60R17 103V Z185A Indeks pr\u0119dko\u015bci V do 240 km\/h\" style=\"max-width: 100%; height: auto; display: block; margin: 0 auto;\"><\/div>\n<\/div>\n<\/div>\n<\/div>\n<\/div>\n<\/div>\n<div style=\"clear: both; display: block; margin: 10px 0;\">\n<div style=\"clear: both; display: block; margin: 10px 0;\">\n<div style=\"clear: both; display: block; margin: 10px 0;\">\n<p style=\"margin: 15px 0; line-height: 1.8; clear: both; display: block; width: 100%; float: none; position: static;\">Goodyear UG Performance SUV G1 to opona zimowa przeznaczona do u\u017cytkowania w samochodach z nap\u0119dem 4&#215;4. Ogumienie zalicza si\u0119 do segmentu premium. Zastosowano w nim najbardziej zaawansowane technologie, kt\u00f3re przyczyniaj\u0105 si\u0119 do poprawy bezpiecze\u0144stwa i komfortu jazdy.<\/p>\n<p style=\"margin: 15px 0; line-height: 1.8; clear: both; display: block; width: 100%; float: none; position: static;\">Opona zosta\u0142a wyposa\u017cona w bie\u017cnik kierunkowy dostosowany do aut typu SUV oraz technologi\u0119 3D-BIS, czyli wzajemnie blokuj\u0105ce si\u0119 klocki bie\u017cnika. Wraz z szerok\u0105 sieci\u0105 lameli gwarantuje ona przyczepno\u015b\u0107 i kr\u00f3tk\u0105 drog\u0119 hamowania zar\u00f3wno na suchej, jak i mokrej zimowej nawierzchni. Odpowiada tak\u017ce za efektywne odprowadzanie wody i b\u0142ota po\u015bniegowego odpowiadaj\u0105 rowki obwodowe. Pozwala to zminimalizowa\u0107 prawdopodobie\u0144stwo wyst\u0105pienia zjawisk aquaplaningu i snowplaningu.<\/p>\n<p style=\"margin: 15px 0; line-height: 1.8; clear: both; display: block; width: 100%; float: none; position: static;\">Zastosowana przy produkcji opony mieszanka gumowa oraz optymalne roz\u0142o\u017cenie nacisk\u00f3w sprawiaj\u0105, \u017ce bie\u017cnik zu\u017cywa si\u0119 wolno i r\u00f3wnomiernie zapewniaj\u0105c wysokie przebiegi.<\/p>\n<p style=\"margin: 15px 0; line-height: 1.8; clear: both; display: block; width: 100%; float: none; position: static;\">Goodyear UG Performance SUV G1 to doskona\u0142y wyb\u00f3r dla kierowc\u00f3w ceni\u0105cych optymalne osi\u0105gi, bezpiecze\u0144stwo i bezawaryjn\u0105 eksploatacj\u0119 niezale\u017cnie od panuj\u0105cych warunk\u00f3w drogowych.<\/p>\n<\/div>\n<\/div>\n<\/div>\n<div style=\"clear: both; display: block; margin: 10px 0;\">\n<div style=\"clear: both; display: block; margin: 10px 0;\">\n<div style=\"clear: both; display: block; margin: 10px 0;\">\n<div  style=\"max-width:1024px;max-height:512px\">\n<div style=\"clear: both; display: block; margin: 10px 0;\">\n<div style=\"clear: both; width: 100%; display: block; margin: 20px 0; padding: 0; float: none; position: static; text-align: center;\"><img decoding=\"async\"  src=\"https:\/\/a.allegroimg.com\/original\/112e72\/4b209e2c4b908d9136e21c851286\/4x-Goodyear-UltraGrip-Performance-Gen-1-225-60R17-103V-Z185A-Model-Ultragrip-Performance-SUV-GEN-1\" srcset=\"https:\/\/a.allegroimg.com\/original\/112e72\/4b209e2c4b908d9136e21c851286\/4x-Goodyear-UltraGrip-Performance-Gen-1-225-60R17-103V-Z185A-Model-Ultragrip-Performance-SUV-GEN-1 360w,https:\/\/a.allegroimg.com\/original\/112e72\/4b209e2c4b908d9136e21c851286\/4x-Goodyear-UltraGrip-Performance-Gen-1-225-60R17-103V-Z185A-Model-Ultragrip-Performance-SUV-GEN-1 720w,https:\/\/a.allegroimg.com\/original\/112e72\/4b209e2c4b908d9136e21c851286\/4x-Goodyear-UltraGrip-Performance-Gen-1-225-60R17-103V-Z185A-Model-Ultragrip-Performance-SUV-GEN-1 1024w,https:\/\/a.allegroimg.com\/original\/112e72\/4b209e2c4b908d9136e21c851286\/4x-Goodyear-UltraGrip-Performance-Gen-1-225-60R17-103V-Z185A-Model-Ultragrip-Performance-SUV-GEN-1 1024w\" sizes=\"100vw\" width=\"1024px\" alt=\"4x Goodyear UltraGrip Performance Gen-1 225\/60R17 103V Z185A Model Ultragrip Performance SUV GEN-1\" style=\"max-width: 100%; height: auto; display: block; margin: 0 auto;\"><\/div>\n<\/div>\n<\/div>\n<\/div>\n<\/div>\n<\/div>\n<div style=\"clear: both; display: block; margin: 10px 0;\">\n<div style=\"clear: both; display: block; margin: 10px 0;\">\n<div style=\"clear: both; display: block; margin: 10px 0;\">\n<div  style=\"max-width:517px;max-height:1024px\">\n<div style=\"clear: both; display: block; margin: 10px 0;\">\n<div style=\"clear: both; width: 100%; display: block; margin: 20px 0; padding: 0; float: none; position: static; text-align: center;\"><img decoding=\"async\"  src=\"https:\/\/a.allegroimg.com\/original\/11d9e1\/c3f2dcdb411d8d7923700c2fb337\/4x-Goodyear-UltraGrip-Performance-Gen-1-225-60R17-103V-Z185A-Kod-producenta-532503\" srcset=\"https:\/\/a.allegroimg.com\/original\/11d9e1\/c3f2dcdb411d8d7923700c2fb337\/4x-Goodyear-UltraGrip-Performance-Gen-1-225-60R17-103V-Z185A-Kod-producenta-532503 181w,https:\/\/a.allegroimg.com\/original\/11d9e1\/c3f2dcdb411d8d7923700c2fb337\/4x-Goodyear-UltraGrip-Performance-Gen-1-225-60R17-103V-Z185A-Kod-producenta-532503 363w,https:\/\/a.allegroimg.com\/original\/11d9e1\/c3f2dcdb411d8d7923700c2fb337\/4x-Goodyear-UltraGrip-Performance-Gen-1-225-60R17-103V-Z185A-Kod-producenta-532503 517w,https:\/\/a.allegroimg.com\/original\/11d9e1\/c3f2dcdb411d8d7923700c2fb337\/4x-Goodyear-UltraGrip-Performance-Gen-1-225-60R17-103V-Z185A-Kod-producenta-532503 517w\" sizes=\"(min-width: 1200px) 560px, (min-width: 992px) 50vw, 100vw\" width=\"517px\" alt=\"4x Goodyear UltraGrip Performance Gen-1 225\/60R17 103V Z185A Kod producenta 532503\" style=\"max-width: 100%; height: auto; display: block; margin: 0 auto;\"><\/div>\n<\/div>\n<\/div>\n<\/div>\n<\/div>\n<div style=\"clear: both; display: block; margin: 10px 0;\">\n<div style=\"clear: both; display: block; margin: 10px 0;\">\n<div  style=\"max-width:526px;max-height:1024px\">\n<div style=\"clear: both; display: block; margin: 10px 0;\">\n<div style=\"clear: both; width: 100%; display: block; margin: 20px 0; padding: 0; float: none; position: static; text-align: center;\"><img decoding=\"async\"  src=\"https:\/\/a.allegroimg.com\/original\/11257b\/39f5687b4d4dbcce8bf351f0dfa5\/4x-Goodyear-UltraGrip-Performance-Gen-1-225-60R17-103V-Z185A-Marka-Goodyear\" srcset=\"https:\/\/a.allegroimg.com\/original\/11257b\/39f5687b4d4dbcce8bf351f0dfa5\/4x-Goodyear-UltraGrip-Performance-Gen-1-225-60R17-103V-Z185A-Marka-Goodyear 184w,https:\/\/a.allegroimg.com\/original\/11257b\/39f5687b4d4dbcce8bf351f0dfa5\/4x-Goodyear-UltraGrip-Performance-Gen-1-225-60R17-103V-Z185A-Marka-Goodyear 369w,https:\/\/a.allegroimg.com\/original\/11257b\/39f5687b4d4dbcce8bf351f0dfa5\/4x-Goodyear-UltraGrip-Performance-Gen-1-225-60R17-103V-Z185A-Marka-Goodyear 526w,https:\/\/a.allegroimg.com\/original\/11257b\/39f5687b4d4dbcce8bf351f0dfa5\/4x-Goodyear-UltraGrip-Performance-Gen-1-225-60R17-103V-Z185A-Marka-Goodyear 526w\" sizes=\"(min-width: 1200px) 560px, (min-width: 992px) 50vw, 100vw\" width=\"526px\" alt=\"4x Goodyear UltraGrip Performance Gen-1 225\/60R17 103V Z185A Marka Goodyear\" style=\"max-width: 100%; height: auto; display: block; margin: 0 auto;\"><\/div>\n<\/div>\n<\/div>\n<\/div>\n<\/div>\n<\/div>\n<div style=\"clear: both; display: block; margin: 10px 0;\">\n<div style=\"clear: both; display: block; margin: 10px 0;\">\n<div style=\"clear: both; display: block; margin: 10px 0;\">\n<div  style=\"max-width:1024px;max-height:447px\">\n<div style=\"clear: both; display: block; margin: 10px 0;\">\n<div style=\"clear: both; width: 100%; display: block; margin: 20px 0; padding: 0; float: none; position: static; text-align: center;\"><img decoding=\"async\"  src=\"https:\/\/a.allegroimg.com\/original\/114d71\/4bdf957b4b778f8ff0f2f3e33fee\/4x-Goodyear-UltraGrip-Performance-Gen-1-225-60R17-103V-Z185A-Klasa-premium\" srcset=\"https:\/\/a.allegroimg.com\/original\/114d71\/4bdf957b4b778f8ff0f2f3e33fee\/4x-Goodyear-UltraGrip-Performance-Gen-1-225-60R17-103V-Z185A-Klasa-premium 360w,https:\/\/a.allegroimg.com\/original\/114d71\/4bdf957b4b778f8ff0f2f3e33fee\/4x-Goodyear-UltraGrip-Performance-Gen-1-225-60R17-103V-Z185A-Klasa-premium 720w,https:\/\/a.allegroimg.com\/original\/114d71\/4bdf957b4b778f8ff0f2f3e33fee\/4x-Goodyear-UltraGrip-Performance-Gen-1-225-60R17-103V-Z185A-Klasa-premium 1024w,https:\/\/a.allegroimg.com\/original\/114d71\/4bdf957b4b778f8ff0f2f3e33fee\/4x-Goodyear-UltraGrip-Performance-Gen-1-225-60R17-103V-Z185A-Klasa-premium 1024w\" sizes=\"(min-width: 1200px) 560px, (min-width: 992px) 50vw, 100vw\" width=\"1024px\" alt=\"4x Goodyear UltraGrip Performance Gen-1 225\/60R17 103V Z185A Klasa premium\" style=\"max-width: 100%; height: auto; display: block; margin: 0 auto;\"><\/div>\n<\/div>\n<\/div>\n<\/div>\n<\/div>\n<div style=\"clear: both; display: block; margin: 10px 0;\">\n<div style=\"clear: both; display: block; margin: 10px 0;\">\n<div  style=\"max-width:1024px;max-height:484px\">\n<div style=\"clear: both; display: block; margin: 10px 0;\">\n<div style=\"clear: both; width: 100%; display: block; margin: 20px 0; padding: 0; float: none; position: static; text-align: center;\"><img decoding=\"async\"  src=\"https:\/\/a.allegroimg.com\/original\/110722\/89f3c975486bb6f8af66e8fd85e2\/4x-Goodyear-UltraGrip-Performance-Gen-1-225-60R17-103V-Z185A-Srednica-17\" srcset=\"https:\/\/a.allegroimg.com\/original\/110722\/89f3c975486bb6f8af66e8fd85e2\/4x-Goodyear-UltraGrip-Performance-Gen-1-225-60R17-103V-Z185A-Srednica-17 360w,https:\/\/a.allegroimg.com\/original\/110722\/89f3c975486bb6f8af66e8fd85e2\/4x-Goodyear-UltraGrip-Performance-Gen-1-225-60R17-103V-Z185A-Srednica-17 720w,https:\/\/a.allegroimg.com\/original\/110722\/89f3c975486bb6f8af66e8fd85e2\/4x-Goodyear-UltraGrip-Performance-Gen-1-225-60R17-103V-Z185A-Srednica-17 1024w,https:\/\/a.allegroimg.com\/original\/110722\/89f3c975486bb6f8af66e8fd85e2\/4x-Goodyear-UltraGrip-Performance-Gen-1-225-60R17-103V-Z185A-Srednica-17 1024w\" sizes=\"(min-width: 1200px) 560px, (min-width: 992px) 50vw, 100vw\" width=\"1024px\" alt=\"4x Goodyear UltraGrip Performance Gen-1 225\/60R17 103V Z185A \u015arednica 17&quot;\" style=\"max-width: 100%; height: auto; display: block; margin: 0 auto;\"><\/div>\n<\/div>\n<\/div>\n<\/div>\n<\/div>\n<\/div>\n<div style=\"clear: both; display: block; margin: 10px 0;\">\n<div style=\"clear: both; display: block; margin: 10px 0;\">\n<div style=\"clear: both; display: block; margin: 10px 0;\">\n<div  style=\"max-width:1024px;max-height:590px\">\n<div style=\"clear: both; display: block; margin: 10px 0;\">\n<div style=\"clear: both; width: 100%; display: block; margin: 20px 0; padding: 0; float: none; position: static; text-align: center;\"><img decoding=\"async\"  src=\"https:\/\/a.allegroimg.com\/original\/116bbe\/fef60561405e8c850839592ab49c\/4x-Goodyear-UltraGrip-Performance-Gen-1-225-60R17-103V-Z185A-Liczba-opon-w-ofercie-Komplet-4-szt\" srcset=\"https:\/\/a.allegroimg.com\/original\/116bbe\/fef60561405e8c850839592ab49c\/4x-Goodyear-UltraGrip-Performance-Gen-1-225-60R17-103V-Z185A-Liczba-opon-w-ofercie-Komplet-4-szt 360w,https:\/\/a.allegroimg.com\/original\/116bbe\/fef60561405e8c850839592ab49c\/4x-Goodyear-UltraGrip-Performance-Gen-1-225-60R17-103V-Z185A-Liczba-opon-w-ofercie-Komplet-4-szt 720w,https:\/\/a.allegroimg.com\/original\/116bbe\/fef60561405e8c850839592ab49c\/4x-Goodyear-UltraGrip-Performance-Gen-1-225-60R17-103V-Z185A-Liczba-opon-w-ofercie-Komplet-4-szt 1024w,https:\/\/a.allegroimg.com\/original\/116bbe\/fef60561405e8c850839592ab49c\/4x-Goodyear-UltraGrip-Performance-Gen-1-225-60R17-103V-Z185A-Liczba-opon-w-ofercie-Komplet-4-szt 1024w\" sizes=\"100vw\" width=\"1024px\" alt=\"4x Goodyear UltraGrip Performance Gen-1 225\/60R17 103V Z185A Liczba opon w ofercie Komplet 4 szt.\" style=\"max-width: 100%; height: auto; display: block; margin: 0 auto;\"><\/div>\n<\/div>\n<\/div>\n<\/div>\n<\/div>\n<\/div>\n<div style=\"clear: both; display: block; margin: 10px 0;\">\n<div style=\"clear: both; display: block; margin: 10px 0;\">\n<div style=\"clear: both; display: block; margin: 10px 0;\">\n<div  style=\"max-width:1024px;max-height:736px\">\n<div style=\"clear: both; display: block; margin: 10px 0;\">\n<div style=\"clear: both; width: 100%; display: block; margin: 20px 0; padding: 0; float: none; position: static; text-align: center;\"><img decoding=\"async\"  src=\"https:\/\/a.allegroimg.com\/original\/115207\/d5f74f17403fb812cac37713fe5c\/4x-Goodyear-UltraGrip-Performance-Gen-1-225-60R17-103V-Z185A-Szerokosc-opony-225-mm\" srcset=\"https:\/\/a.allegroimg.com\/original\/115207\/d5f74f17403fb812cac37713fe5c\/4x-Goodyear-UltraGrip-Performance-Gen-1-225-60R17-103V-Z185A-Szerokosc-opony-225-mm 360w,https:\/\/a.allegroimg.com\/original\/115207\/d5f74f17403fb812cac37713fe5c\/4x-Goodyear-UltraGrip-Performance-Gen-1-225-60R17-103V-Z185A-Szerokosc-opony-225-mm 720w,https:\/\/a.allegroimg.com\/original\/115207\/d5f74f17403fb812cac37713fe5c\/4x-Goodyear-UltraGrip-Performance-Gen-1-225-60R17-103V-Z185A-Szerokosc-opony-225-mm 1024w,https:\/\/a.allegroimg.com\/original\/115207\/d5f74f17403fb812cac37713fe5c\/4x-Goodyear-UltraGrip-Performance-Gen-1-225-60R17-103V-Z185A-Szerokosc-opony-225-mm 1024w\" sizes=\"(min-width: 1200px) 560px, (min-width: 992px) 50vw, 100vw\" width=\"1024px\" alt=\"4x Goodyear UltraGrip Performance Gen-1 225\/60R17 103V Z185A Szeroko\u015b\u0107 opony 225 mm\" style=\"max-width: 100%; height: auto; display: block; margin: 0 auto;\"><\/div>\n<\/div>\n<\/div>\n<\/div>\n<\/div>\n<div style=\"clear: both; display: block; margin: 10px 0;\">\n<div style=\"clear: both; display: block; margin: 10px 0;\">\n<div  style=\"max-width:1024px;max-height:611px\">\n<div style=\"clear: both; display: block; margin: 10px 0;\">\n<div style=\"clear: both; width: 100%; display: block; margin: 20px 0; padding: 0; float: none; position: static; text-align: center;\"><img decoding=\"async\"  src=\"https:\/\/a.allegroimg.com\/original\/11d6a2\/784a5d28442aaad93664b886ba6e\/4x-Goodyear-UltraGrip-Performance-Gen-1-225-60R17-103V-Z185A-Profil-opony-60\" srcset=\"https:\/\/a.allegroimg.com\/original\/11d6a2\/784a5d28442aaad93664b886ba6e\/4x-Goodyear-UltraGrip-Performance-Gen-1-225-60R17-103V-Z185A-Profil-opony-60 360w,https:\/\/a.allegroimg.com\/original\/11d6a2\/784a5d28442aaad93664b886ba6e\/4x-Goodyear-UltraGrip-Performance-Gen-1-225-60R17-103V-Z185A-Profil-opony-60 720w,https:\/\/a.allegroimg.com\/original\/11d6a2\/784a5d28442aaad93664b886ba6e\/4x-Goodyear-UltraGrip-Performance-Gen-1-225-60R17-103V-Z185A-Profil-opony-60 1024w,https:\/\/a.allegroimg.com\/original\/11d6a2\/784a5d28442aaad93664b886ba6e\/4x-Goodyear-UltraGrip-Performance-Gen-1-225-60R17-103V-Z185A-Profil-opony-60 1024w\" sizes=\"(min-width: 1200px) 560px, (min-width: 992px) 50vw, 100vw\" width=\"1024px\" alt=\"4x Goodyear UltraGrip Performance Gen-1 225\/60R17 103V Z185A Profil opony 60\" style=\"max-width: 100%; height: auto; display: block; margin: 0 auto;\"><\/div>\n<\/div>\n<\/div>\n<\/div>\n<\/div>\n<\/div>\n<div style=\"clear: both; display: block; margin: 10px 0;\">\n<div style=\"clear: both; display: block; margin: 10px 0;\">\n<div style=\"clear: both; display: block; margin: 10px 0;\">\n<div  style=\"max-width:600px;max-height:600px\">\n<div style=\"clear: both; display: block; margin: 10px 0;\">\n<div style=\"clear: both; width: 100%; display: block; margin: 20px 0; padding: 0; float: none; position: static; text-align: center;\"><img decoding=\"async\"  src=\"https:\/\/0.allegroimg.com\/original\/00ff07\/ff47b69047a1bd1a2ef71edc52b0\/4x-Goodyear-UltraGrip-Performance-Gen-1-225-60R17-103V-Z185A-Kod-EPREL-609842\" srcset=\"https:\/\/0.allegroimg.com\/original\/00ff07\/ff47b69047a1bd1a2ef71edc52b0\/4x-Goodyear-UltraGrip-Performance-Gen-1-225-60R17-103V-Z185A-Kod-EPREL-609842 360w,https:\/\/0.allegroimg.com\/original\/00ff07\/ff47b69047a1bd1a2ef71edc52b0\/4x-Goodyear-UltraGrip-Performance-Gen-1-225-60R17-103V-Z185A-Kod-EPREL-609842 600w,https:\/\/0.allegroimg.com\/original\/00ff07\/ff47b69047a1bd1a2ef71edc52b0\/4x-Goodyear-UltraGrip-Performance-Gen-1-225-60R17-103V-Z185A-Kod-EPREL-609842 600w\" sizes=\"100vw\" width=\"600px\" alt=\"4x Goodyear UltraGrip Performance Gen-1 225\/60R17 103V Z185A Kod EPREL 609842\" style=\"max-width: 100%; height: auto; display: block; margin: 0 auto;\"><\/div>\n<\/div>\n<\/div>\n<\/div>\n<\/div>\n<\/div>\n<div style=\"clear: both; display: block; margin: 10px 0;\">\n<div style=\"clear: both; display: block; margin: 10px 0;\">\n<div style=\"clear: both; display: block; margin: 10px 0;\">\n<div  style=\"max-width:1024px;max-height:273px\">\n<div style=\"clear: both; display: block; margin: 10px 0;\">\n<div style=\"clear: both; width: 100%; display: block; margin: 20px 0; padding: 0; float: none; position: static; text-align: center;\"><img decoding=\"async\"  src=\"https:\/\/a.allegroimg.com\/original\/11f0d4\/5f3b50e64d70a4c5bc730c914dd9\/4x-Goodyear-UltraGrip-Performance-Gen-1-225-60R17-103V-Z185A-Indeks-predkosci-V-do-240-km-h\" srcset=\"https:\/\/a.allegroimg.com\/original\/11f0d4\/5f3b50e64d70a4c5bc730c914dd9\/4x-Goodyear-UltraGrip-Performance-Gen-1-225-60R17-103V-Z185A-Indeks-predkosci-V-do-240-km-h 360w,https:\/\/a.allegroimg.com\/original\/11f0d4\/5f3b50e64d70a4c5bc730c914dd9\/4x-Goodyear-UltraGrip-Performance-Gen-1-225-60R17-103V-Z185A-Indeks-predkosci-V-do-240-km-h 720w,https:\/\/a.allegroimg.com\/original\/11f0d4\/5f3b50e64d70a4c5bc730c914dd9\/4x-Goodyear-UltraGrip-Performance-Gen-1-225-60R17-103V-Z185A-Indeks-predkosci-V-do-240-km-h 1024w,https:\/\/a.allegroimg.com\/original\/11f0d4\/5f3b50e64d70a4c5bc730c914dd9\/4x-Goodyear-UltraGrip-Performance-Gen-1-225-60R17-103V-Z185A-Indeks-predkosci-V-do-240-km-h 1024w\" sizes=\"100vw\" width=\"1024px\" alt=\"4x Goodyear UltraGrip Performance Gen-1 225\/60R17 103V Z185A Indeks pr\u0119dko\u015bci V do 240 km\/h\" style=\"max-width: 100%; height: auto; display: block; margin: 0 auto;\"><\/div>\n<\/div>\n<\/div>\n<\/div>\n<\/div>\n<\/div>\n<\/div>\n<\/div>\n<\/div>\n<div style=\"clear: both; display: block; margin: 10px 0;\">\n","protected":false},"excerpt":{"rendered":"<p>Goodyear UltraGrip Performance Gen-1<\/p>\n<p>SZEROKO\u015a\u0106 OPONY &#8211; 225<\/p>\n<p>WYSOKO\u015a\u0106 OPONY &#8211; 60<\/p>\n<p>\u015aREDNICA &#8211; 17<\/p>\n<p>ROCZNIK &#8211; 2019<\/p>\n<p>MAGAZYN &#8211; Z185A<\/p>\n<p>Goodyear UG Performance SUV G1 to opona zimowa przeznaczona do u\u017cytkowania w samochodach z nap\u0119dem 4&#215;4. Ogumienie zalicza si\u0119 do segmentu premium. Zastosowano w nim najbardziej zaawansowane technologie, kt\u00f3re przyczyniaj\u0105 si\u0119 do poprawy bezpiecze\u0144stwa i komfortu jazdy.<\/p>\n","protected":false},"featured_media":15956,"template":"","meta":{"_uag_custom_page_level_css":""},"product_brand":[437],"product_cat":[414,413,412,415],"product_tag":[],"class_list":{"0":"post-15955","1":"product","2":"type-product","3":"status-publish","4":"has-post-thumbnail","6":"product_brand-goodyear","7":"product_cat-do-samochodow-osobowych-i-suv","8":"product_cat-opony","9":"product_cat-opony-i-felgi","10":"product_cat-zimowe","12":"first","13":"instock","14":"shipping-taxable","15":"purchasable","16":"product-type-simple"},"uagb_featured_image_src":{"full":["https:\/\/oponixo.shop\/tire\/wp-content\/uploads\/2026\/01\/allegro-image-15955.jpg",352,708,false],"thumbnail":["https:\/\/oponixo.shop\/tire\/wp-content\/uploads\/2026\/01\/allegro-image-15955-150x150.jpg",150,150,true],"medium":["https:\/\/oponixo.shop\/tire\/wp-content\/uploads\/2026\/01\/allegro-image-15955-149x300.jpg",149,300,true],"medium_large":["https:\/\/oponixo.shop\/tire\/wp-content\/uploads\/2026\/01\/allegro-image-15955.jpg",352,708,false],"large":["https:\/\/oponixo.shop\/tire\/wp-content\/uploads\/2026\/01\/allegro-image-15955.jpg",352,708,false],"1536x1536":["https:\/\/oponixo.shop\/tire\/wp-content\/uploads\/2026\/01\/allegro-image-15955.jpg",352,708,false],"2048x2048":["https:\/\/oponixo.shop\/tire\/wp-content\/uploads\/2026\/01\/allegro-image-15955.jpg",352,708,false],"woocommerce_thumbnail":["https:\/\/oponixo.shop\/tire\/wp-content\/uploads\/2026\/01\/allegro-image-15955-300x300.jpg",300,300,true],"woocommerce_single":["https:\/\/oponixo.shop\/tire\/wp-content\/uploads\/2026\/01\/allegro-image-15955.jpg",352,708,false],"woocommerce_gallery_thumbnail":["https:\/\/oponixo.shop\/tire\/wp-content\/uploads\/2026\/01\/allegro-image-15955-100x100.jpg",100,100,true]},"uagb_author_info":{"display_name":"admin","author_link":"https:\/\/oponixo.shop\/tire\/author\/"},"uagb_comment_info":0,"uagb_excerpt":"Goodyear UltraGrip Performance Gen-1 SZEROKO\u015a\u0106 OPONY - 225 WYSOKO\u015a\u0106 OPONY - 60 \u015aREDNICA - 17 ROCZNIK - 2019 MAGAZYN - Z185A Goodyear UG Performance SUV G1 to opona zimowa przeznaczona do u\u017cytkowania w samochodach z nap\u0119dem 4x4. Ogumienie zalicza si\u0119 do segmentu premium. Zastosowano w nim najbardziej zaawansowane technologie, kt\u00f3re przyczyniaj\u0105 si\u0119 do poprawy bezpiecze\u0144stwa&hellip;","_links":{"self":[{"href":"https:\/\/oponixo.shop\/tire\/wp-json\/wp\/v2\/product\/15955","targetHints":{"allow":["GET"]}}],"collection":[{"href":"https:\/\/oponixo.shop\/tire\/wp-json\/wp\/v2\/product"}],"about":[{"href":"https:\/\/oponixo.shop\/tire\/wp-json\/wp\/v2\/types\/product"}],"wp:featuredmedia":[{"embeddable":true,"href":"https:\/\/oponixo.shop\/tire\/wp-json\/wp\/v2\/media\/15956"}],"wp:attachment":[{"href":"https:\/\/oponixo.shop\/tire\/wp-json\/wp\/v2\/media?parent=15955"}],"wp:term":[{"taxonomy":"product_brand","embeddable":true,"href":"https:\/\/oponixo.shop\/tire\/wp-json\/wp\/v2\/product_brand?post=15955"},{"taxonomy":"product_cat","embeddable":true,"href":"https:\/\/oponixo.shop\/tire\/wp-json\/wp\/v2\/product_cat?post=15955"},{"taxonomy":"product_tag","embeddable":true,"href":"https:\/\/oponixo.shop\/tire\/wp-json\/wp\/v2\/product_tag?post=15955"}],"curies":[{"name":"wp","href":"https:\/\/api.w.org\/{rel}","templated":true}]}}