{"id":15977,"date":"2026-01-17T01:02:41","date_gmt":"2026-01-17T00:02:41","guid":{"rendered":"https:\/\/oponyonline.shop\/xef5\/produkt\/westlake-sl369-at-215-80r16-opony-letnie\/"},"modified":"2026-01-17T01:02:42","modified_gmt":"2026-01-17T00:02:42","slug":"westlake-sl369-at-215-80r16-opony-letnie","status":"publish","type":"product","link":"https:\/\/oponixo.shop\/tire\/produkt\/westlake-sl369-at-215-80r16-opony-letnie\/","title":{"rendered":"Westlake SL369 AT 215\/80R16 Opony letnie"},"content":{"rendered":"<div style=\"font-family: Arial, sans-serif; line-height: 1.6; color: #333; padding: 20px; clear: both; display: block; width: 100%; float: none; position: static; overflow: hidden;\">\n<div style=\"clear: both; display: block; margin: 10px 0;\">\n<div style=\"clear: both; display: block; margin: 10px 0;\">\n<div style=\"clear: both; display: block; margin: 10px 0;\">\n<h1>Przedmiotem aukcji s\u0105 cztery opony<\/h1>\n<h1>Westlake SL369 AT 215\/80R16 Opony letnie<\/h1>\n<\/div>\n<\/div>\n<\/div>\n<div style=\"clear: both; display: block; margin: 10px 0;\">\n<div style=\"clear: both; display: block; margin: 10px 0;\">\n<div style=\"clear: both; display: block; margin: 10px 0;\">\n<div  style=\"max-width:920px;max-height:1120px\">\n<div style=\"clear: both; display: block; margin: 10px 0;\">\n<div style=\"clear: both; width: 100%; display: block; margin: 20px 0; padding: 0; float: none; position: static; text-align: center;\"><img decoding=\"async\"  src=\"https:\/\/a.allegroimg.com\/original\/114ae4\/709e7e0e4997b003fd2592e734b7\/Westlake-SL369-AT-215-80R16-Opony-letnie\" srcset=\"https:\/\/a.allegroimg.com\/original\/114ae4\/709e7e0e4997b003fd2592e734b7\/Westlake-SL369-AT-215-80R16-Opony-letnie 295w,https:\/\/a.allegroimg.com\/original\/114ae4\/709e7e0e4997b003fd2592e734b7\/Westlake-SL369-AT-215-80R16-Opony-letnie 591w,https:\/\/a.allegroimg.com\/original\/114ae4\/709e7e0e4997b003fd2592e734b7\/Westlake-SL369-AT-215-80R16-Opony-letnie 841w,https:\/\/a.allegroimg.com\/original\/114ae4\/709e7e0e4997b003fd2592e734b7\/Westlake-SL369-AT-215-80R16-Opony-letnie 920w,https:\/\/a.allegroimg.com\/original\/114ae4\/709e7e0e4997b003fd2592e734b7\/Westlake-SL369-AT-215-80R16-Opony-letnie 920w\" sizes=\"(min-width: 1200px) 560px, (min-width: 992px) 50vw, 100vw\" width=\"920px\" alt=\"Westlake SL369 AT 215\/80R16 Opony letnie\" style=\"max-width: 100%; height: auto; display: block; margin: 0 auto;\"><\/div>\n<\/div>\n<\/div>\n<\/div>\n<\/div>\n<div style=\"clear: both; display: block; margin: 10px 0;\">\n<div style=\"clear: both; display: block; margin: 10px 0;\">\n<h1>Westlake SL369 AT 215\/80R16 Opony letnie<\/h1>\n<p style=\"margin: 15px 0; line-height: 1.8; clear: both; display: block; width: 100%; float: none; position: static;\">EAN: <b>6927116147242<\/b><\/p>\n<p style=\"margin: 15px 0; line-height: 1.8; clear: both; display: block; width: 100%; float: none; position: static;\">Producent: <b>WESTLAKE<\/b><\/p>\n<p style=\"margin: 15px 0; line-height: 1.8; clear: both; display: block; width: 100%; float: none; position: static;\">Bie\u017cnik: <b>SL369 AT<\/b><\/p>\n<p style=\"margin: 15px 0; line-height: 1.8; clear: both; display: block; width: 100%; float: none; position: static;\">Rozmiar: <b>215\/80 R16 107S<\/b><\/p>\n<p style=\"margin: 15px 0; line-height: 1.8; clear: both; display: block; width: 100%; float: none; position: static;\">Indeks no\u015bno\u015bci: <b>107<\/b><\/p>\n<p style=\"margin: 15px 0; line-height: 1.8; clear: both; display: block; width: 100%; float: none; position: static;\">Indeks pr\u0119dko\u015bci: <b>S<\/b><\/p>\n<p style=\"margin: 15px 0; line-height: 1.8; clear: both; display: block; width: 100%; float: none; position: static;\">Sezon: <b>Letnie<\/b><\/p>\n<\/div>\n<\/div>\n<\/div>\n<div style=\"clear: both; display: block; margin: 10px 0;\">\n<div style=\"clear: both; display: block; margin: 10px 0;\">\n<div style=\"clear: both; display: block; margin: 10px 0;\">\n<p style=\"margin: 15px 0; line-height: 1.8; clear: both; display: block; width: 100%; float: none; position: static;\"><b>Westlake SL369 AT<\/b> to opona typu All Terrain do SUV&#8217;rsquo;\u00f3w i samochod\u00f3w terenowych, kt\u00f3re poruszaj\u0105 si\u0119 zar\u00f3wno po bezdro\u017cach i drogach utwardzonych. Wszechstronno\u015b\u0107 tej opony pozwala na korzystanie z niej przez ca\u0142y rok. Wzmocniona konstrukcja opony znacz\u0105co wp\u0142ywa na jej wytrzyma\u0142o\u015b\u0107, a odpowiednio dobrany sk\u0142ad materia\u0142\u00f3w, z jakich zosta\u0142a wykonana, sprawia, \u017ce pos\u0142u\u017cy nam przez wiele lat.<\/p>\n<h3 style=\"color: #2c5aa0; font-size: 18px; margin: 30px 0 15px 0; font-weight: bold; clear: both; display: block; width: 100%; float: none; position: static;\">Co jeszcze warto wiedzie\u0107?<\/h3>\n<p style=\"margin: 15px 0; line-height: 1.8; clear: both; display: block; width: 100%; float: none; position: static;\">&#8211; Szeroki bie\u017cnik zwi\u0119ksza powierzchni\u0119 styku opony z pod\u0142o\u017cem, co przek\u0142ada si\u0119 na lepsz\u0105 przyczepno\u015b\u0107 auta<\/p>\n<p style=\"margin: 15px 0; line-height: 1.8; clear: both; display: block; width: 100%; float: none; position: static;\">&#8211; Specjalnie zaprojektowany wz\u00f3r rowk\u00f3w bie\u017cnika sprzyja szybkiemu odprowadzaniu wody, dzi\u0119ki czemu opona \u015bwietnie sprawdza si\u0119 na mokrej nawierzchni<\/p>\n<p style=\"margin: 15px 0; line-height: 1.8; clear: both; display: block; width: 100%; float: none; position: static;\">&#8211; Aby zapewni\u0107 lepsz\u0105 stabilno\u015b\u0107 i zmniejszy\u0107 nieprzyjemny ha\u0142as generowany przez opony na utwardzonej nawierzchni, przy\u0142o\u017cono du\u017c\u0105 wag\u0119 do architektury bie\u017cnika. Poprawia to komfort i bezpiecze\u0144stwo jazdy.<\/p>\n<p style=\"margin: 15px 0; line-height: 1.8; clear: both; display: block; width: 100%; float: none; position: static;\">&#8211; Wzmocnione \u015bciany boczne zwi\u0119kszaj\u0105 odporno\u015b\u0107 opony na przetarcia i przebicia<\/p>\n<\/div>\n<\/div>\n<div style=\"clear: both; display: block; margin: 10px 0;\">\n<div style=\"clear: both; display: block; margin: 10px 0;\">\n<div  style=\"max-width:920px;max-height:1120px\">\n<div style=\"clear: both; display: block; margin: 10px 0;\">\n<div style=\"clear: both; width: 100%; display: block; margin: 20px 0; padding: 0; float: none; position: static; text-align: center;\"><img decoding=\"async\"  src=\"https:\/\/a.allegroimg.com\/original\/114ae4\/709e7e0e4997b003fd2592e734b7\/Westlake-SL369-AT-215-80R16-Opony-letnie\" srcset=\"https:\/\/a.allegroimg.com\/original\/114ae4\/709e7e0e4997b003fd2592e734b7\/Westlake-SL369-AT-215-80R16-Opony-letnie 295w,https:\/\/a.allegroimg.com\/original\/114ae4\/709e7e0e4997b003fd2592e734b7\/Westlake-SL369-AT-215-80R16-Opony-letnie 591w,https:\/\/a.allegroimg.com\/original\/114ae4\/709e7e0e4997b003fd2592e734b7\/Westlake-SL369-AT-215-80R16-Opony-letnie 841w,https:\/\/a.allegroimg.com\/original\/114ae4\/709e7e0e4997b003fd2592e734b7\/Westlake-SL369-AT-215-80R16-Opony-letnie 920w,https:\/\/a.allegroimg.com\/original\/114ae4\/709e7e0e4997b003fd2592e734b7\/Westlake-SL369-AT-215-80R16-Opony-letnie 920w\" sizes=\"(min-width: 1200px) 560px, (min-width: 992px) 50vw, 100vw\" width=\"920px\" alt=\"Westlake SL369 AT 215\/80R16 Opony letnie\" style=\"max-width: 100%; height: auto; display: block; margin: 0 auto;\"><\/div>\n<\/div>\n<\/div>\n<\/div>\n<\/div>\n<\/div>\n<div style=\"clear: both; display: block; margin: 10px 0;\">\n<div style=\"clear: both; display: block; margin: 10px 0;\">\n<div style=\"clear: both; display: block; margin: 10px 0;\">\n<p style=\"margin: 15px 0; line-height: 1.8; clear: both; display: block; width: 100%; float: none; position: static;\">Dlaczego warto u nas kupowa\u0107?<\/p>\n<ul style=\"margin: 15px 0; padding-left: 20px; clear: both; display: block; width: 100%; float: none; position: static;\">\n<li style=\"margin: 5px 0; padding: 2px 0; clear: both; display: list-item; float: none; position: static;\">opony s\u0105 przechowywane w magazynie z prawie sta\u0142\u0105 temperatur\u0105 i wilgotno\u015bci\u0105, co gwarantuje, \u017ce ich jako\u015b\u0107 nie zmienia si\u0119 podczas magazynowania<\/li>\n<li style=\"margin: 5px 0; padding: 2px 0; clear: both; display: list-item; float: none; position: static;\">produkty pochodz\u0105 bezpo\u015brednio z fabryk producent\u00f3w, mamy pewno\u015b\u0107 ich pochodzenia a tak\u017ce jako\u015bci<\/li>\n<li style=\"margin: 5px 0; padding: 2px 0; clear: both; display: list-item; float: none; position: static;\">nie jeste\u015bmy wirtualn\u0105 firm\u0105, nasze produkty mo\u017cna obejrze\u0107 w magazynie w Bielanach Wroc\u0142awskich<\/li>\n<li style=\"margin: 5px 0; padding: 2px 0; clear: both; display: list-item; float: none; position: static;\">jeste\u015bmy w 100% Polsk\u0105 firm\u0105 i p\u0142acimy tutaj podatki<\/li>\n<\/ul>\n<\/div>\n<\/div>\n<\/div>\n<\/div>\n<\/div>\n<\/div>\n<div style=\"clear: both; display: block; margin: 10px 0;\">\n","protected":false},"excerpt":{"rendered":"<p>Przedmiotem aukcji s\u0105 cztery opony<\/p>\n<p>Westlake SL369 AT 215\/80R16 Opony letnie<\/p>\n<p>Westlake SL369 AT 215\/80R16 Opony letnie<\/p>\n<p>EAN: 6927116147242<\/p>\n<p>Producent: WESTLAKE<\/p>\n<p>Bie\u017cnik: SL369 AT<\/p>\n<p>Rozmiar: 215\/80 R16 107S<\/p>\n<p>Indeks no\u015bno\u015bci: 107<\/p>\n","protected":false},"featured_media":15978,"template":"","meta":{"_uag_custom_page_level_css":""},"product_brand":[442],"product_cat":[416,428,413,412],"product_tag":[],"class_list":{"0":"post-15977","1":"product","2":"type-product","3":"status-publish","4":"has-post-thumbnail","6":"product_brand-westlake","7":"product_cat-caloroczne","8":"product_cat-do-samochodow-terenowych-i-4x4","9":"product_cat-opony","10":"product_cat-opony-i-felgi","12":"first","13":"instock","14":"shipping-taxable","15":"purchasable","16":"product-type-simple"},"uagb_featured_image_src":{"full":["https:\/\/oponixo.shop\/tire\/wp-content\/uploads\/2026\/01\/allegro-image-15977.jpg",920,1120,false],"thumbnail":["https:\/\/oponixo.shop\/tire\/wp-content\/uploads\/2026\/01\/allegro-image-15977-150x150.jpg",150,150,true],"medium":["https:\/\/oponixo.shop\/tire\/wp-content\/uploads\/2026\/01\/allegro-image-15977-246x300.jpg",246,300,true],"medium_large":["https:\/\/oponixo.shop\/tire\/wp-content\/uploads\/2026\/01\/allegro-image-15977-768x935.jpg",768,935,true],"large":["https:\/\/oponixo.shop\/tire\/wp-content\/uploads\/2026\/01\/allegro-image-15977-841x1024.jpg",841,1024,true],"1536x1536":["https:\/\/oponixo.shop\/tire\/wp-content\/uploads\/2026\/01\/allegro-image-15977.jpg",920,1120,false],"2048x2048":["https:\/\/oponixo.shop\/tire\/wp-content\/uploads\/2026\/01\/allegro-image-15977.jpg",920,1120,false],"woocommerce_thumbnail":["https:\/\/oponixo.shop\/tire\/wp-content\/uploads\/2026\/01\/allegro-image-15977-300x300.jpg",300,300,true],"woocommerce_single":["https:\/\/oponixo.shop\/tire\/wp-content\/uploads\/2026\/01\/allegro-image-15977-600x730.jpg",600,730,true],"woocommerce_gallery_thumbnail":["https:\/\/oponixo.shop\/tire\/wp-content\/uploads\/2026\/01\/allegro-image-15977-100x100.jpg",100,100,true]},"uagb_author_info":{"display_name":"admin","author_link":"https:\/\/oponixo.shop\/tire\/author\/"},"uagb_comment_info":0,"uagb_excerpt":"Przedmiotem aukcji s\u0105 cztery opony Westlake SL369 AT 215\/80R16 Opony letnie Westlake SL369 AT 215\/80R16 Opony letnie EAN: 6927116147242 Producent: WESTLAKE Bie\u017cnik: SL369 AT Rozmiar: 215\/80 R16 107S Indeks no\u015bno\u015bci: 107","_links":{"self":[{"href":"https:\/\/oponixo.shop\/tire\/wp-json\/wp\/v2\/product\/15977","targetHints":{"allow":["GET"]}}],"collection":[{"href":"https:\/\/oponixo.shop\/tire\/wp-json\/wp\/v2\/product"}],"about":[{"href":"https:\/\/oponixo.shop\/tire\/wp-json\/wp\/v2\/types\/product"}],"wp:featuredmedia":[{"embeddable":true,"href":"https:\/\/oponixo.shop\/tire\/wp-json\/wp\/v2\/media\/15978"}],"wp:attachment":[{"href":"https:\/\/oponixo.shop\/tire\/wp-json\/wp\/v2\/media?parent=15977"}],"wp:term":[{"taxonomy":"product_brand","embeddable":true,"href":"https:\/\/oponixo.shop\/tire\/wp-json\/wp\/v2\/product_brand?post=15977"},{"taxonomy":"product_cat","embeddable":true,"href":"https:\/\/oponixo.shop\/tire\/wp-json\/wp\/v2\/product_cat?post=15977"},{"taxonomy":"product_tag","embeddable":true,"href":"https:\/\/oponixo.shop\/tire\/wp-json\/wp\/v2\/product_tag?post=15977"}],"curies":[{"name":"wp","href":"https:\/\/api.w.org\/{rel}","templated":true}]}}