{"id":15993,"date":"2026-01-17T01:02:45","date_gmt":"2026-01-17T00:02:45","guid":{"rendered":"https:\/\/oponyonline.shop\/xef5\/produkt\/2x-opony-255-65r16-kumho-wintercraft-ws71-109h\/"},"modified":"2026-01-17T01:02:45","modified_gmt":"2026-01-17T00:02:45","slug":"2x-opony-255-65r16-kumho-wintercraft-ws71-109h","status":"publish","type":"product","link":"https:\/\/oponixo.shop\/tire\/produkt\/2x-opony-255-65r16-kumho-wintercraft-ws71-109h\/","title":{"rendered":"2x opony 255\/65R16 KUMHO WINTERCRAFT WS71 109H"},"content":{"rendered":"<div style=\"font-family: Arial, sans-serif; line-height: 1.6; color: #333; padding: 20px; clear: both; display: block; width: 100%; float: none; position: static; overflow: hidden;\">\n<div style=\"clear: both; display: block; margin: 10px 0;\">\n<div style=\"clear: both; display: block; margin: 10px 0;\">\n<div style=\"clear: both; display: block; margin: 10px 0;\">\n<h2>Opona zimowa Kumho WS71 255\/65R16 109 H przyczepno\u015b\u0107 na \u015bniegu (3PMSF)<\/h2>\n<p style=\"margin: 15px 0; line-height: 1.8; clear: both; display: block; width: 100%; float: none; position: static;\">Opona zimowa Kumho WinterCraft WS71 255\/65R16 109 H<\/p>\n<p style=\"margin: 15px 0; line-height: 1.8; clear: both; display: block; width: 100%; float: none; position: static;\">Cechy produktu:<\/p>\n<ul style=\"margin: 15px 0; padding-left: 20px; clear: both; display: block; width: 100%; float: none; position: static;\">\n<li style=\"margin: 5px 0; padding: 2px 0; clear: both; display: list-item; float: none; position: static;\">sezon: zimowe<\/li>\n<li style=\"margin: 5px 0; padding: 2px 0; clear: both; display: list-item; float: none; position: static;\">szeroko\u015b\u0107\/profil\/\u015brednica: 255\/65R16<\/li>\n<li style=\"margin: 5px 0; padding: 2px 0; clear: both; display: list-item; float: none; position: static;\">indeks pr\u0119dko\u015bci: H do 210 km\/h<\/li>\n<li style=\"margin: 5px 0; padding: 2px 0; clear: both; display: list-item; float: none; position: static;\">indeks no\u015bno\u015bci: 109 &#8211; 1030 kg<\/li>\n<\/ul>\n<\/div>\n<\/div>\n<div style=\"clear: both; display: block; margin: 10px 0;\">\n<div style=\"clear: both; display: block; margin: 10px 0;\">\n<div  style=\"max-width:631px;max-height:720px\">\n<div style=\"clear: both; display: block; margin: 10px 0;\">\n<div style=\"clear: both; width: 100%; display: block; margin: 20px 0; padding: 0; float: none; position: static; text-align: center;\"><img decoding=\"async\"  src=\"https:\/\/a.allegroimg.com\/original\/112e01\/0619b493449398b8126bc0fab26e\/2x-opony-255-65R16-KUMHO-WINTERCRAFT-WS71-109H\" srcset=\"https:\/\/a.allegroimg.com\/original\/112e01\/0619b493449398b8126bc0fab26e\/2x-opony-255-65R16-KUMHO-WINTERCRAFT-WS71-109H 315w,https:\/\/a.allegroimg.com\/original\/112e01\/0619b493449398b8126bc0fab26e\/2x-opony-255-65R16-KUMHO-WINTERCRAFT-WS71-109H 631w,https:\/\/a.allegroimg.com\/original\/112e01\/0619b493449398b8126bc0fab26e\/2x-opony-255-65R16-KUMHO-WINTERCRAFT-WS71-109H 631w\" sizes=\"(min-width: 1200px) 560px, (min-width: 992px) 50vw, 100vw\" width=\"631px\" alt=\"2x opony 255\/65R16 KUMHO WINTERCRAFT WS71 109H\" style=\"max-width: 100%; height: auto; display: block; margin: 0 auto;\"><\/div>\n<\/div>\n<\/div>\n<\/div>\n<\/div>\n<\/div>\n<div style=\"clear: both; display: block; margin: 10px 0;\">\n<div style=\"clear: both; display: block; margin: 10px 0;\">\n<div style=\"clear: both; display: block; margin: 10px 0;\">\n<h3 style=\"color: #2c5aa0; font-size: 18px; margin: 30px 0 15px 0; font-weight: bold; clear: both; display: block; width: 100%; float: none; position: static;\">Informacje dodatkowe:<\/h3>\n<ul style=\"margin: 15px 0; padding-left: 20px; clear: both; display: block; width: 100%; float: none; position: static;\">\n<li style=\"margin: 5px 0; padding: 2px 0; clear: both; display: list-item; float: none; position: static;\">rok produkcji: 2025 <\/li>\n<li style=\"margin: 5px 0; padding: 2px 0; clear: both; display: list-item; float: none; position: static;\">stan: fabrycznie nowe <\/li>\n<\/ul>\n<\/div>\n<\/div>\n<\/div>\n<div style=\"clear: both; display: block; margin: 10px 0;\">\n<div style=\"clear: both; display: block; margin: 10px 0;\">\n<div style=\"clear: both; display: block; margin: 10px 0;\">\n<h3 style=\"color: #2c5aa0; font-size: 18px; margin: 30px 0 15px 0; font-weight: bold; clear: both; display: block; width: 100%; float: none; position: static;\">Przeznaczenie<\/h3>\n<p style=\"margin: 15px 0; line-height: 1.8; clear: both; display: block; width: 100%; float: none; position: static;\">Opony Kumho WinterCraft WS71 to ogumienie zimowe przeznaczone do montowania na ko\u0142ach samochod\u00f3w typu SUV oraz aut z nap\u0119dem 4&#215;4. Producent opon WS71 po\u0142o\u017cy\u0142 nacisk na zapewnienie jak najlepszej przyczepno\u015bci na ka\u017cdej zimowej nawierzchni.<\/p>\n<h3 style=\"color: #2c5aa0; font-size: 18px; margin: 30px 0 15px 0; font-weight: bold; clear: both; display: block; width: 100%; float: none; position: static;\">Technologia<\/h3>\n<p style=\"margin: 15px 0; line-height: 1.8; clear: both; display: block; width: 100%; float: none; position: static;\">Zimowe opony samochodowe Kumho WinterCraft WS71 wyprodukowano z nowoczesnej mieszanki gumowej opracowanej z my\u015bl\u0105 o je\u017adzie po zimowych nawierzchniach. In\u017cynierowie firmy Kumho dobierali jej sk\u0142adniki tak, aby mieszanka gumowa by\u0142a elastyczna w niskich temperaturach, co bezpo\u015brednio przek\u0142ada si\u0119 na przyczepno\u015b\u0107 i kr\u00f3tk\u0105 drog\u0119 hamowania. Ponadto opony WS71 maj\u0105 konstrukcj\u0119 dostosowan\u0105 do eksploatacji na ko\u0142ach ci\u0119\u017ckich samochod\u00f3w typu SUV i aut z nap\u0119dem 4&#215;4. Zastosowano nowoczesn\u0105 rze\u017ab\u0119 bie\u017cnika, aby zwi\u0119kszy\u0107 przyczepno\u015b\u0107 do nawierzchni w ka\u017cdych zimowych warunkach.<\/p>\n<h3 style=\"color: #2c5aa0; font-size: 18px; margin: 30px 0 15px 0; font-weight: bold; clear: both; display: block; width: 100%; float: none; position: static;\">Bie\u017cnik<\/h3>\n<p style=\"margin: 15px 0; line-height: 1.8; clear: both; display: block; width: 100%; float: none; position: static;\">Zimowe opony samochodowe Kumho WinterCraft WS71 maj\u0105 asymetryczny bie\u017cnik. Na czole opony znajduje si\u0119 centralne \u017cebro z uko\u015bnymi klockami. Po zewn\u0119trznej stronie opony producent zastosowa\u0142 szerokie, prostok\u0105tne klocki oraz w\u0105ski pas kwadratowych klock\u00f3w. Po wewn\u0119trznej stronie opony z kolei znajduje si\u0119 pas klock\u00f3w o nieregularnych, ostrych kszta\u0142tach i szerokie, prostok\u0105tne klocki barkowe. Ca\u0142o\u015b\u0107 uzupe\u0142niaj\u0105 lamelki oraz szereg rowk\u00f3w.<\/p>\n<h3 style=\"color: #2c5aa0; font-size: 18px; margin: 30px 0 15px 0; font-weight: bold; clear: both; display: block; width: 100%; float: none; position: static;\">Producent<\/h3>\n<p style=\"margin: 15px 0; line-height: 1.8; clear: both; display: block; width: 100%; float: none; position: static;\">Kumho to firma oponiarska wywodz\u0105ca si\u0119 z Korei Po\u0142udniowej. To jeden z najwi\u0119kszych producent\u00f3w ogumienia samochodowego na \u015bwiecie. Firma rozpocz\u0119\u0142a swoj\u0105 dzia\u0142alno\u015b\u0107 w latach 60. ubieg\u0142ego stulecia pod nazw\u0105 Samyang Tire. Producent skoncentrowa\u0142 si\u0119 na produkcji opon do kompaktowych samochod\u00f3w osobowych. W ci\u0105gu kilku lat ma\u0142a firma mocno rozwin\u0119\u0142a swoj\u0105 dzia\u0142alno\u015b\u0107. Pod koniec lat 60. Samyang dostarcza\u0142 opony na pierwszy monta\u017c do pojazd\u00f3w Daewoo, Kia i Hyundai. W kolejnych latach ruszy\u0142 eksport i produkcja opon do zastosowa\u0144 przemys\u0142owych i rolniczych. W 1978 roku zmieniono nazw\u0119 firmy na Kumho. W latach dziewi\u0119\u0107dziesi\u0105tych Kumho zacz\u0119\u0142a dostarcza\u0107 ogumienie do samochod\u00f3w sportowych i terenowych. Obecnie znajduje si\u0119 w pierwszej dziesi\u0105tce \u015bwiatowych producent\u00f3w ogumienia samochodowego.<\/p>\n<\/div>\n<\/div>\n<\/div>\n<div style=\"clear: both; display: block; margin: 10px 0;\">\n<div style=\"clear: both; display: block; margin: 10px 0;\">\n<div style=\"clear: both; display: block; margin: 10px 0;\">\n<div  style=\"max-width:631px;max-height:720px\">\n<div style=\"clear: both; display: block; margin: 10px 0;\">\n<div style=\"clear: both; width: 100%; display: block; margin: 20px 0; padding: 0; float: none; position: static; text-align: center;\"><img decoding=\"async\"  src=\"https:\/\/a.allegroimg.com\/original\/112e01\/0619b493449398b8126bc0fab26e\/2x-opony-255-65R16-KUMHO-WINTERCRAFT-WS71-109H\" srcset=\"https:\/\/a.allegroimg.com\/original\/112e01\/0619b493449398b8126bc0fab26e\/2x-opony-255-65R16-KUMHO-WINTERCRAFT-WS71-109H 315w,https:\/\/a.allegroimg.com\/original\/112e01\/0619b493449398b8126bc0fab26e\/2x-opony-255-65R16-KUMHO-WINTERCRAFT-WS71-109H 631w,https:\/\/a.allegroimg.com\/original\/112e01\/0619b493449398b8126bc0fab26e\/2x-opony-255-65R16-KUMHO-WINTERCRAFT-WS71-109H 631w\" sizes=\"100vw\" width=\"631px\" alt=\"2x opony 255\/65R16 KUMHO WINTERCRAFT WS71 109H\" style=\"max-width: 100%; height: auto; display: block; margin: 0 auto;\"><\/div>\n<\/div>\n<\/div>\n<\/div>\n<\/div>\n<\/div>\n<\/div>\n<\/div>\n<\/div>\n<div style=\"clear: both; display: block; margin: 10px 0;\">\n","protected":false},"excerpt":{"rendered":"<p>Opona zimowa Kumho WS71 255\/65R16 109 H przyczepno\u015b\u0107 na \u015bniegu (3PMSF)<\/p>\n<p>Opona zimowa Kumho WinterCraft WS71 255\/65R16 109 H<\/p>\n<p>Cechy produktu:<\/p>\n<p>sezon: zimowe<\/p>\n<p>szeroko\u015b\u0107\/profil\/\u015brednica: 255\/65R16<\/p>\n<p>indeks pr\u0119dko\u015bci: H do 210 km\/h<\/p>\n<p>indeks no\u015bno\u015bci: 109 &#8211; 1030 kg<\/p>\n<p>Informacje dodatkowe:<\/p>\n","protected":false},"featured_media":15994,"template":"","meta":{"_uag_custom_page_level_css":""},"product_brand":[390],"product_cat":[428,413,412,415],"product_tag":[],"class_list":{"0":"post-15993","1":"product","2":"type-product","3":"status-publish","4":"has-post-thumbnail","6":"product_brand-kumho","7":"product_cat-do-samochodow-terenowych-i-4x4","8":"product_cat-opony","9":"product_cat-opony-i-felgi","10":"product_cat-zimowe","12":"first","13":"instock","14":"shipping-taxable","15":"purchasable","16":"product-type-simple"},"uagb_featured_image_src":{"full":["https:\/\/oponixo.shop\/tire\/wp-content\/uploads\/2026\/01\/allegro-image-15993.jpg",631,720,false],"thumbnail":["https:\/\/oponixo.shop\/tire\/wp-content\/uploads\/2026\/01\/allegro-image-15993-150x150.jpg",150,150,true],"medium":["https:\/\/oponixo.shop\/tire\/wp-content\/uploads\/2026\/01\/allegro-image-15993-263x300.jpg",263,300,true],"medium_large":["https:\/\/oponixo.shop\/tire\/wp-content\/uploads\/2026\/01\/allegro-image-15993.jpg",631,720,false],"large":["https:\/\/oponixo.shop\/tire\/wp-content\/uploads\/2026\/01\/allegro-image-15993.jpg",631,720,false],"1536x1536":["https:\/\/oponixo.shop\/tire\/wp-content\/uploads\/2026\/01\/allegro-image-15993.jpg",631,720,false],"2048x2048":["https:\/\/oponixo.shop\/tire\/wp-content\/uploads\/2026\/01\/allegro-image-15993.jpg",631,720,false],"woocommerce_thumbnail":["https:\/\/oponixo.shop\/tire\/wp-content\/uploads\/2026\/01\/allegro-image-15993-300x300.jpg",300,300,true],"woocommerce_single":["https:\/\/oponixo.shop\/tire\/wp-content\/uploads\/2026\/01\/allegro-image-15993-600x685.jpg",600,685,true],"woocommerce_gallery_thumbnail":["https:\/\/oponixo.shop\/tire\/wp-content\/uploads\/2026\/01\/allegro-image-15993-100x100.jpg",100,100,true]},"uagb_author_info":{"display_name":"admin","author_link":"https:\/\/oponixo.shop\/tire\/author\/"},"uagb_comment_info":0,"uagb_excerpt":"Opona zimowa Kumho WS71 255\/65R16 109 H przyczepno\u015b\u0107 na \u015bniegu (3PMSF) Opona zimowa Kumho WinterCraft WS71 255\/65R16 109 H Cechy produktu: sezon: zimowe szeroko\u015b\u0107\/profil\/\u015brednica: 255\/65R16 indeks pr\u0119dko\u015bci: H do 210 km\/h indeks no\u015bno\u015bci: 109 - 1030 kg Informacje dodatkowe:","_links":{"self":[{"href":"https:\/\/oponixo.shop\/tire\/wp-json\/wp\/v2\/product\/15993","targetHints":{"allow":["GET"]}}],"collection":[{"href":"https:\/\/oponixo.shop\/tire\/wp-json\/wp\/v2\/product"}],"about":[{"href":"https:\/\/oponixo.shop\/tire\/wp-json\/wp\/v2\/types\/product"}],"wp:featuredmedia":[{"embeddable":true,"href":"https:\/\/oponixo.shop\/tire\/wp-json\/wp\/v2\/media\/15994"}],"wp:attachment":[{"href":"https:\/\/oponixo.shop\/tire\/wp-json\/wp\/v2\/media?parent=15993"}],"wp:term":[{"taxonomy":"product_brand","embeddable":true,"href":"https:\/\/oponixo.shop\/tire\/wp-json\/wp\/v2\/product_brand?post=15993"},{"taxonomy":"product_cat","embeddable":true,"href":"https:\/\/oponixo.shop\/tire\/wp-json\/wp\/v2\/product_cat?post=15993"},{"taxonomy":"product_tag","embeddable":true,"href":"https:\/\/oponixo.shop\/tire\/wp-json\/wp\/v2\/product_tag?post=15993"}],"curies":[{"name":"wp","href":"https:\/\/api.w.org\/{rel}","templated":true}]}}