{"id":16031,"date":"2026-01-17T01:02:53","date_gmt":"2026-01-17T00:02:53","guid":{"rendered":"https:\/\/oponyonline.shop\/xef5\/produkt\/2x-michelin-pilot-sport-2-215-45r16-90-v\/"},"modified":"2026-01-17T01:02:53","modified_gmt":"2026-01-17T00:02:53","slug":"2x-michelin-pilot-sport-2-215-45r16-90-v","status":"publish","type":"product","link":"https:\/\/oponixo.shop\/tire\/produkt\/2x-michelin-pilot-sport-2-215-45r16-90-v\/","title":{"rendered":"2x MICHELIN PILOT SPORT 2 215\/45R16 90 V"},"content":{"rendered":"<div style=\"font-family: Arial, sans-serif; line-height: 1.6; color: #333; padding: 20px; clear: both; display: block; width: 100%; float: none; position: static; overflow: hidden;\">\n<div style=\"clear: both; display: block; margin: 10px 0;\">\n<div style=\"clear: both; display: block; margin: 10px 0;\">\n<div style=\"clear: both; display: block; margin: 10px 0;\">\n<h2>2x MICHELIN PILOT SPORT 2 215\/45R16 90 V<\/h2>\n<\/div>\n<\/div>\n<\/div>\n<div style=\"clear: both; display: block; margin: 10px 0;\">\n<div style=\"clear: both; display: block; margin: 10px 0;\">\n<div style=\"clear: both; display: block; margin: 10px 0;\">\n<div  style=\"max-width:920px;max-height:1120px\">\n<div style=\"clear: both; display: block; margin: 10px 0;\">\n<div style=\"clear: both; width: 100%; display: block; margin: 20px 0; padding: 0; float: none; position: static; text-align: center;\"><img decoding=\"async\"  src=\"https:\/\/a.allegroimg.com\/original\/117e26\/f3e4141f4f18a69d7522a84d1422\/2x-MICHELIN-PILOT-SPORT-2-215-45R16-90-V\" srcset=\"https:\/\/a.allegroimg.com\/original\/117e26\/f3e4141f4f18a69d7522a84d1422\/2x-MICHELIN-PILOT-SPORT-2-215-45R16-90-V 295w,https:\/\/a.allegroimg.com\/original\/117e26\/f3e4141f4f18a69d7522a84d1422\/2x-MICHELIN-PILOT-SPORT-2-215-45R16-90-V 591w,https:\/\/a.allegroimg.com\/original\/117e26\/f3e4141f4f18a69d7522a84d1422\/2x-MICHELIN-PILOT-SPORT-2-215-45R16-90-V 841w,https:\/\/a.allegroimg.com\/original\/117e26\/f3e4141f4f18a69d7522a84d1422\/2x-MICHELIN-PILOT-SPORT-2-215-45R16-90-V 920w,https:\/\/a.allegroimg.com\/original\/117e26\/f3e4141f4f18a69d7522a84d1422\/2x-MICHELIN-PILOT-SPORT-2-215-45R16-90-V 920w\" sizes=\"(min-width: 1200px) 560px, (min-width: 992px) 50vw, 100vw\" width=\"920px\" alt=\"2x MICHELIN PILOT SPORT 2 215\/45R16 90 V\" style=\"max-width: 100%; height: auto; display: block; margin: 0 auto;\"><\/div>\n<\/div>\n<\/div>\n<\/div>\n<\/div>\n<div style=\"clear: both; display: block; margin: 10px 0;\">\n<div style=\"clear: both; display: block; margin: 10px 0;\">\n<h2>Letnie opony MICHELIN PILOT SPORT 2 215\/45 R16 90 V<\/h2>\n<p style=\"margin: 15px 0; line-height: 1.8; clear: both; display: block; width: 100%; float: none; position: static;\">Opony MICHELIN PILOT SPORT 2 to znacz\u0105cy model w portfolio producenta.&nbsp;<\/p>\n<p style=\"margin: 15px 0; line-height: 1.8; clear: both; display: block; width: 100%; float: none; position: static;\"> Opony klasy Premium s\u0105 wytwarzane z zastosowaniem najbardziej zaawansowanych technologii na \u015bwiecie.<\/p>\n<ul style=\"margin: 15px 0; padding-left: 20px; clear: both; display: block; width: 100%; float: none; position: static;\">\n<li style=\"margin: 5px 0; padding: 2px 0; clear: both; display: list-item; float: none; position: static;\"><b>Stan:<\/b>&nbsp;Nowy<\/li>\n<li style=\"margin: 5px 0; padding: 2px 0; clear: both; display: list-item; float: none; position: static;\"><b>EAN:<\/b>&nbsp;3528701025841<\/li>\n<li style=\"margin: 5px 0; padding: 2px 0; clear: both; display: list-item; float: none; position: static;\"><b>Producent:<\/b> MICHELIN<\/li>\n<li style=\"margin: 5px 0; padding: 2px 0; clear: both; display: list-item; float: none; position: static;\"><b>Model:<\/b> PILOT SPORT 2<\/li>\n<li style=\"margin: 5px 0; padding: 2px 0; clear: both; display: list-item; float: none; position: static;\"><b>Rozmiar:<\/b> 215\/45 R16<\/li>\n<li style=\"margin: 5px 0; padding: 2px 0; clear: both; display: list-item; float: none; position: static;\"><b>Indeks no\u015bno\u015bci:<\/b> 90<\/li>\n<li style=\"margin: 5px 0; padding: 2px 0; clear: both; display: list-item; float: none; position: static;\"><b>Indeks pr\u0119dko\u015bci:<\/b> V<\/li>\n<li style=\"margin: 5px 0; padding: 2px 0; clear: both; display: list-item; float: none; position: static;\"><b>Ha\u0142as db:<\/b>&nbsp;71<\/li>\n<li style=\"margin: 5px 0; padding: 2px 0; clear: both; display: list-item; float: none; position: static;\"><b>Sezon:<\/b> Letnie<\/li>\n<li style=\"margin: 5px 0; padding: 2px 0; clear: both; display: list-item; float: none; position: static;\"><b>Rok produkcji:<\/b> nie starsze ni\u017c 36 miesi\u0119cy<\/li>\n<li style=\"margin: 5px 0; padding: 2px 0; clear: both; display: list-item; float: none; position: static;\"><b>Przeznaczenie:<\/b> Osobowe<\/li>\n<li style=\"margin: 5px 0; padding: 2px 0; clear: both; display: list-item; float: none; position: static;\"><b>Kl. przycz. na mokrej naw.:<\/b>&nbsp;A<\/li>\n<li style=\"margin: 5px 0; padding: 2px 0; clear: both; display: list-item; float: none; position: static;\"><b>Kl. efekt. paliwowej:&nbsp;<\/b>E<\/li>\n<\/ul>\n<p style=\"margin: 15px 0; line-height: 1.8; clear: both; display: block; width: 100%; float: none; position: static;\">Pilot Sport to opona dla samochod\u00f3w o wysokiej mocy, \u0142\u0105cz\u0105ca osi\u0105gi drogowe z parametrami torowymi. Jej <b>asymetryczny bie\u017cnik<\/b> wykorzystuje masywne barki dla stabilno\u015bci w zakr\u0119tach oraz g\u0142\u0119bokie rowki odprowadzaj\u0105ce wod\u0119. Kluczowa technologia to <b>Bi-Compound<\/b>, czyli zastosowanie dw\u00f3ch r\u00f3\u017cnych mieszanek gumy: zewn\u0119trzna cz\u0119\u015b\u0107, oparta na elastomerach wysokiej przyczepno\u015bci, gwarantuje stabilno\u015b\u0107 i trakcj\u0119 na suchym asfalcie, a wewn\u0119trzna z du\u017c\u0105 zawarto\u015bci\u0105 krzemionki poprawia bezpiecze\u0144stwo i skuteczno\u015b\u0107 hamowania na mokrym. Ca\u0142o\u015b\u0107 wspierana jest konstrukcj\u0105 <b>Dynamic Response<\/b>, zapewniaj\u0105c\u0105 bardzo szybkie reakcje na ruchy kierownicy.<\/p>\n<h3 style=\"color: #2c5aa0; font-size: 18px; margin: 30px 0 15px 0; font-weight: bold; clear: both; display: block; width: 100%; float: none; position: static;\">Zalety:<\/h3>\n<ul style=\"margin: 15px 0; padding-left: 20px; clear: both; display: block; width: 100%; float: none; position: static;\">\n<li style=\"margin: 5px 0; padding: 2px 0; clear: both; display: list-item; float: none; position: static;\">Doskona\u0142a przyczepno\u015b\u0107 na suchych drogach i torach.<\/li>\n<li style=\"margin: 5px 0; padding: 2px 0; clear: both; display: list-item; float: none; position: static;\">Bardzo dobre w\u0142a\u015bciwo\u015bci na mokrej nawierzchni.<\/li>\n<li style=\"margin: 5px 0; padding: 2px 0; clear: both; display: list-item; float: none; position: static;\">Wysoka stabilno\u015b\u0107 prowadzenia przy du\u017cych pr\u0119dko\u015bciach.<\/li>\n<li style=\"margin: 5px 0; padding: 2px 0; clear: both; display: list-item; float: none; position: static;\">Po\u0142\u0105czenie osi\u0105g\u00f3w sportowych i drogowych.<\/li>\n<\/ul>\n<\/div>\n<\/div>\n<\/div>\n<div style=\"clear: both; display: block; margin: 10px 0;\">\n<div style=\"clear: both; display: block; margin: 10px 0;\">\n<div style=\"clear: both; display: block; margin: 10px 0;\">\n<div  style=\"max-width:800px;max-height:450px\">\n<div style=\"clear: both; display: block; margin: 10px 0;\">\n<div style=\"clear: both; width: 100%; display: block; margin: 20px 0; padding: 0; float: none; position: static; text-align: center;\"><img decoding=\"async\"  src=\"https:\/\/a.allegroimg.com\/original\/119261\/e16022bb412abe5724366d14fffa\/2x-MICHELIN-PILOT-SPORT-2-215-45R16-90-V-Liczba-opon-w-ofercie-2-szt\" srcset=\"https:\/\/a.allegroimg.com\/original\/119261\/e16022bb412abe5724366d14fffa\/2x-MICHELIN-PILOT-SPORT-2-215-45R16-90-V-Liczba-opon-w-ofercie-2-szt 360w,https:\/\/a.allegroimg.com\/original\/119261\/e16022bb412abe5724366d14fffa\/2x-MICHELIN-PILOT-SPORT-2-215-45R16-90-V-Liczba-opon-w-ofercie-2-szt 720w,https:\/\/a.allegroimg.com\/original\/119261\/e16022bb412abe5724366d14fffa\/2x-MICHELIN-PILOT-SPORT-2-215-45R16-90-V-Liczba-opon-w-ofercie-2-szt 800w,https:\/\/a.allegroimg.com\/original\/119261\/e16022bb412abe5724366d14fffa\/2x-MICHELIN-PILOT-SPORT-2-215-45R16-90-V-Liczba-opon-w-ofercie-2-szt 800w\" sizes=\"100vw\" width=\"800px\" alt=\"2x MICHELIN PILOT SPORT 2 215\/45R16 90 V Liczba opon w ofercie 2 szt.\" style=\"max-width: 100%; height: auto; display: block; margin: 0 auto;\"><\/div>\n<\/div>\n<\/div>\n<\/div>\n<\/div>\n<\/div>\n<div style=\"clear: both; display: block; margin: 10px 0;\">\n<div style=\"clear: both; display: block; margin: 10px 0;\">\n<div style=\"clear: both; display: block; margin: 10px 0;\">\n<p style=\"margin: 15px 0; line-height: 1.8; clear: both; display: block; width: 100%; float: none; position: static;\">Od wczesnych lat XX wieku Michelin zdoby\u0142 uznanie jako producent wysokiej klasy opon do samochod\u00f3w wy\u015bcigowych. Od 2011 roku&nbsp;Michelin pe\u0142ni r\u00f3wnie\u017c rol\u0119 dostawcy opon do samochod\u00f3w Formu\u0142y 1, co jest potwierdzeniem wysokiej jako\u015bci i zaanga\u017cowania marki.<\/p>\n<p style=\"margin: 15px 0; line-height: 1.8; clear: both; display: block; width: 100%; float: none; position: static;\">Opony&nbsp;Michelin s\u0105 obecnie uwa\u017cane za produkty premium, kt\u00f3re s\u0142yn\u0105 z przewidywalnego zachowania na drodze. Wybieraj\u0105c ogumienie w\u0142oskiego producenta, mo\u017cna oczekiwa\u0107 pewnego prowadzenia pojazdu, kr\u00f3tkiej drogi hamowania i odpowiedniego trzymania si\u0119 auta w zakr\u0119tach. Pirelli jest znane z dba\u0142o\u015bci o wysok\u0105 jako\u015b\u0107, trwa\u0142o\u015b\u0107 i doskona\u0142e osi\u0105gi swoich produkt\u00f3w.<\/p>\n<p style=\"margin: 15px 0; line-height: 1.8; clear: both; display: block; width: 100%; float: none; position: static;\">Dzi\u0119ki bogatej historii i zaanga\u017cowaniu w innowacje,&nbsp;Michelin zdoby\u0142 zaufanie klient\u00f3w na ca\u0142ym \u015bwiecie i cieszy si\u0119 uznaniem w bran\u017cy oponiarskiej. Marka jest symbolem jako\u015bci i doskona\u0142ej wydajno\u015bci, co potwierdza liczne nagrody i wyr\u00f3\u017cnienia, kt\u00f3re zdoby\u0142a na przestrzeni lat<\/p>\n<\/div>\n<\/div>\n<\/div>\n<div style=\"clear: both; display: block; margin: 10px 0;\">\n<div style=\"clear: both; display: block; margin: 10px 0;\">\n<div style=\"clear: both; display: block; margin: 10px 0;\">\n<div  style=\"max-width:1200px;max-height:1758px\">\n<div style=\"clear: both; display: block; margin: 10px 0;\">\n<div style=\"clear: both; width: 100%; display: block; margin: 20px 0; padding: 0; float: none; position: static; text-align: center;\"><img decoding=\"async\"  src=\"https:\/\/a.allegroimg.com\/original\/11ea02\/ebae8e06453d952974b691f0b494\/2x-MICHELIN-PILOT-SPORT-2-215-45R16-90-V-Marka-Michelin\" srcset=\"https:\/\/a.allegroimg.com\/original\/11ea02\/ebae8e06453d952974b691f0b494\/2x-MICHELIN-PILOT-SPORT-2-215-45R16-90-V-Marka-Michelin 245w,https:\/\/a.allegroimg.com\/original\/11ea02\/ebae8e06453d952974b691f0b494\/2x-MICHELIN-PILOT-SPORT-2-215-45R16-90-V-Marka-Michelin 491w,https:\/\/a.allegroimg.com\/original\/11ea02\/ebae8e06453d952974b691f0b494\/2x-MICHELIN-PILOT-SPORT-2-215-45R16-90-V-Marka-Michelin 698w,https:\/\/a.allegroimg.com\/original\/11ea02\/ebae8e06453d952974b691f0b494\/2x-MICHELIN-PILOT-SPORT-2-215-45R16-90-V-Marka-Michelin 982w,https:\/\/a.allegroimg.com\/original\/11ea02\/ebae8e06453d952974b691f0b494\/2x-MICHELIN-PILOT-SPORT-2-215-45R16-90-V-Marka-Michelin 1200w\" sizes=\"(min-width: 1200px) 560px, (min-width: 992px) 50vw, 100vw\" width=\"1200px\" alt=\"2x MICHELIN PILOT SPORT 2 215\/45R16 90 V Marka Michelin\" style=\"max-width: 100%; height: auto; display: block; margin: 0 auto;\"><\/div>\n<\/div>\n<\/div>\n<\/div>\n<\/div>\n<div style=\"clear: both; display: block; margin: 10px 0;\">\n<div style=\"clear: both; display: block; margin: 10px 0;\">\n<p style=\"margin: 15px 0; line-height: 1.8; clear: both; display: block; width: 100%; float: none; position: static;\">Dlaczego warto kupowa\u0107 u Nas ?<\/p>\n<p style=\"margin: 15px 0; line-height: 1.8; clear: both; display: block; width: 100%; float: none; position: static;\">Jeste\u015bmy firm\u0105, kt\u00f3ra na podstawie wieloletniego do\u015bwiadczenia z zaanga\u017cowaniem pomaga klientom w doborze oraz kupnie opon.<\/p>\n<p style=\"margin: 15px 0; line-height: 1.8; clear: both; display: block; width: 100%; float: none; position: static;\">Posiadamy szerok\u0105 game opon do aut osobowych, dostawczych, cie\u017carowych, motocyki jak i opon przemys\u0142owych.<\/p>\n<p style=\"margin: 15px 0; line-height: 1.8; clear: both; display: block; width: 100%; float: none; position: static;\">Gwarancja satysfakcjii oraz bezpiecznie przejechanych kilometr\u00f3w.<\/p>\n<p style=\"margin: 15px 0; line-height: 1.8; clear: both; display: block; width: 100%; float: none; position: static;\">Zosta\u0144 naszym kolejnym zadowolonym klientem.<\/p>\n<p style=\"margin: 15px 0; line-height: 1.8; clear: both; display: block; width: 100%; float: none; position: static;\">ZAPRASZAMY DO ZAKUP\u00d3W.<\/p>\n<\/div>\n<\/div>\n<\/div>\n<\/div>\n<\/div>\n<\/div>\n<div style=\"clear: both; display: block; margin: 10px 0;\">\n","protected":false},"excerpt":{"rendered":"<p>2x MICHELIN PILOT SPORT 2 215\/45R16 90 V<\/p>\n<p>Letnie opony MICHELIN PILOT SPORT 2 215\/45 R16 90 V<\/p>\n<p>Opony MICHELIN PILOT SPORT 2 to znacz\u0105cy model w portfolio producenta.&nbsp;<\/p>\n<p>Opony klasy Premium s\u0105 wytwarzane z zastosowaniem najbardziej zaawansowanych technologii na \u015bwiecie.<\/p>\n<p>Stan:&nbsp;Nowy<\/p>\n<p>EAN:&nbsp;3528701025841<\/p>\n<p>Producent: MICHELIN<\/p>\n<p>Model: PILOT SPORT 2<\/p>\n","protected":false},"featured_media":16032,"template":"","meta":{"_uag_custom_page_level_css":""},"product_brand":[429],"product_cat":[414,418,413,412],"product_tag":[],"class_list":{"0":"post-16031","1":"product","2":"type-product","3":"status-publish","4":"has-post-thumbnail","6":"product_brand-michelin","7":"product_cat-do-samochodow-osobowych-i-suv","8":"product_cat-letnie","9":"product_cat-opony","10":"product_cat-opony-i-felgi","12":"first","13":"instock","14":"shipping-taxable","15":"purchasable","16":"product-type-simple"},"uagb_featured_image_src":{"full":["https:\/\/oponixo.shop\/tire\/wp-content\/uploads\/2026\/01\/allegro-image-16031.jpg",920,1120,false],"thumbnail":["https:\/\/oponixo.shop\/tire\/wp-content\/uploads\/2026\/01\/allegro-image-16031-150x150.jpg",150,150,true],"medium":["https:\/\/oponixo.shop\/tire\/wp-content\/uploads\/2026\/01\/allegro-image-16031-246x300.jpg",246,300,true],"medium_large":["https:\/\/oponixo.shop\/tire\/wp-content\/uploads\/2026\/01\/allegro-image-16031-768x935.jpg",768,935,true],"large":["https:\/\/oponixo.shop\/tire\/wp-content\/uploads\/2026\/01\/allegro-image-16031-841x1024.jpg",841,1024,true],"1536x1536":["https:\/\/oponixo.shop\/tire\/wp-content\/uploads\/2026\/01\/allegro-image-16031.jpg",920,1120,false],"2048x2048":["https:\/\/oponixo.shop\/tire\/wp-content\/uploads\/2026\/01\/allegro-image-16031.jpg",920,1120,false],"woocommerce_thumbnail":["https:\/\/oponixo.shop\/tire\/wp-content\/uploads\/2026\/01\/allegro-image-16031-300x300.jpg",300,300,true],"woocommerce_single":["https:\/\/oponixo.shop\/tire\/wp-content\/uploads\/2026\/01\/allegro-image-16031-600x730.jpg",600,730,true],"woocommerce_gallery_thumbnail":["https:\/\/oponixo.shop\/tire\/wp-content\/uploads\/2026\/01\/allegro-image-16031-100x100.jpg",100,100,true]},"uagb_author_info":{"display_name":"admin","author_link":"https:\/\/oponixo.shop\/tire\/author\/"},"uagb_comment_info":0,"uagb_excerpt":"2x MICHELIN PILOT SPORT 2 215\/45R16 90 V Letnie opony MICHELIN PILOT SPORT 2 215\/45 R16 90 V Opony MICHELIN PILOT SPORT 2 to znacz\u0105cy model w portfolio producenta.&nbsp; Opony klasy Premium s\u0105 wytwarzane z zastosowaniem najbardziej zaawansowanych technologii na \u015bwiecie. Stan:&nbsp;Nowy EAN:&nbsp;3528701025841 Producent: MICHELIN Model: PILOT SPORT 2","_links":{"self":[{"href":"https:\/\/oponixo.shop\/tire\/wp-json\/wp\/v2\/product\/16031","targetHints":{"allow":["GET"]}}],"collection":[{"href":"https:\/\/oponixo.shop\/tire\/wp-json\/wp\/v2\/product"}],"about":[{"href":"https:\/\/oponixo.shop\/tire\/wp-json\/wp\/v2\/types\/product"}],"wp:featuredmedia":[{"embeddable":true,"href":"https:\/\/oponixo.shop\/tire\/wp-json\/wp\/v2\/media\/16032"}],"wp:attachment":[{"href":"https:\/\/oponixo.shop\/tire\/wp-json\/wp\/v2\/media?parent=16031"}],"wp:term":[{"taxonomy":"product_brand","embeddable":true,"href":"https:\/\/oponixo.shop\/tire\/wp-json\/wp\/v2\/product_brand?post=16031"},{"taxonomy":"product_cat","embeddable":true,"href":"https:\/\/oponixo.shop\/tire\/wp-json\/wp\/v2\/product_cat?post=16031"},{"taxonomy":"product_tag","embeddable":true,"href":"https:\/\/oponixo.shop\/tire\/wp-json\/wp\/v2\/product_tag?post=16031"}],"curies":[{"name":"wp","href":"https:\/\/api.w.org\/{rel}","templated":true}]}}