{"id":16035,"date":"2026-01-17T01:02:54","date_gmt":"2026-01-17T00:02:54","guid":{"rendered":"https:\/\/oponyonline.shop\/xef5\/produkt\/4x-nankang-winter-activa-sv-215-45r16-90-h\/"},"modified":"2026-01-17T01:02:54","modified_gmt":"2026-01-17T00:02:54","slug":"4x-nankang-winter-activa-sv-215-45r16-90-h","status":"publish","type":"product","link":"https:\/\/oponixo.shop\/tire\/produkt\/4x-nankang-winter-activa-sv-215-45r16-90-h\/","title":{"rendered":"4x NANKANG WINTER ACTIVA SV 215\/45R16 90 H"},"content":{"rendered":"<div style=\"font-family: Arial, sans-serif; line-height: 1.6; color: #333; padding: 20px; clear: both; display: block; width: 100%; float: none; position: static; overflow: hidden;\">\n<div style=\"clear: both; display: block; margin: 10px 0;\">\n<div style=\"clear: both; display: block; margin: 10px 0;\">\n<div style=\"clear: both; display: block; margin: 10px 0;\">\n<h2>4x NANKANG WINTER ACTIVA SV 215\/45R16 90 H<\/h2>\n<\/div>\n<\/div>\n<\/div>\n<div style=\"clear: both; display: block; margin: 10px 0;\">\n<div style=\"clear: both; display: block; margin: 10px 0;\">\n<div style=\"clear: both; display: block; margin: 10px 0;\">\n<div  style=\"max-width:920px;max-height:1120px\">\n<div style=\"clear: both; display: block; margin: 10px 0;\">\n<div style=\"clear: both; width: 100%; display: block; margin: 20px 0; padding: 0; float: none; position: static; text-align: center;\"><img decoding=\"async\"  src=\"https:\/\/a.allegroimg.com\/original\/119de0\/66871c3e4d27a5ee18583a366641\/4x-NANKANG-WINTER-ACTIVA-SV-215-45R16-90-H\" srcset=\"https:\/\/a.allegroimg.com\/original\/119de0\/66871c3e4d27a5ee18583a366641\/4x-NANKANG-WINTER-ACTIVA-SV-215-45R16-90-H 295w,https:\/\/a.allegroimg.com\/original\/119de0\/66871c3e4d27a5ee18583a366641\/4x-NANKANG-WINTER-ACTIVA-SV-215-45R16-90-H 591w,https:\/\/a.allegroimg.com\/original\/119de0\/66871c3e4d27a5ee18583a366641\/4x-NANKANG-WINTER-ACTIVA-SV-215-45R16-90-H 841w,https:\/\/a.allegroimg.com\/original\/119de0\/66871c3e4d27a5ee18583a366641\/4x-NANKANG-WINTER-ACTIVA-SV-215-45R16-90-H 920w,https:\/\/a.allegroimg.com\/original\/119de0\/66871c3e4d27a5ee18583a366641\/4x-NANKANG-WINTER-ACTIVA-SV-215-45R16-90-H 920w\" sizes=\"(min-width: 1200px) 560px, (min-width: 992px) 50vw, 100vw\" width=\"920px\" alt=\"4x NANKANG WINTER ACTIVA SV 215\/45R16 90 H\" style=\"max-width: 100%; height: auto; display: block; margin: 0 auto;\"><\/div>\n<\/div>\n<\/div>\n<\/div>\n<\/div>\n<div style=\"clear: both; display: block; margin: 10px 0;\">\n<div style=\"clear: both; display: block; margin: 10px 0;\">\n<h2>Zimowe opony NANKANG WINTER ACTIVA SV-3 215\/45 R16 90 H<\/h2>\n<p style=\"margin: 15px 0; line-height: 1.8; clear: both; display: block; width: 100%; float: none; position: static;\">Opony NANKANG WINTER ACTIVA SV-3 to znacz\u0105cy model w portfolio producenta.&nbsp;<\/p>\n<p style=\"margin: 15px 0; line-height: 1.8; clear: both; display: block; width: 100%; float: none; position: static;\"> Opony klasy ekonomicznej maj\u0105 \u015bwietny stosunek jako\u015bci do ceny.<\/p>\n<ul style=\"margin: 15px 0; padding-left: 20px; clear: both; display: block; width: 100%; float: none; position: static;\">\n<li style=\"margin: 5px 0; padding: 2px 0; clear: both; display: list-item; float: none; position: static;\"><b>Stan:<\/b>&nbsp;Nowy<\/li>\n<li style=\"margin: 5px 0; padding: 2px 0; clear: both; display: list-item; float: none; position: static;\"><b>EAN:<\/b>&nbsp;4717622054385<\/li>\n<li style=\"margin: 5px 0; padding: 2px 0; clear: both; display: list-item; float: none; position: static;\"><b>Producent:<\/b> NANKANG<\/li>\n<li style=\"margin: 5px 0; padding: 2px 0; clear: both; display: list-item; float: none; position: static;\"><b>Model:<\/b> WINTER ACTIVA SV-3<\/li>\n<li style=\"margin: 5px 0; padding: 2px 0; clear: both; display: list-item; float: none; position: static;\"><b>Rozmiar:<\/b> 215\/45 R16<\/li>\n<li style=\"margin: 5px 0; padding: 2px 0; clear: both; display: list-item; float: none; position: static;\"><b>Indeks no\u015bno\u015bci:<\/b> 90<\/li>\n<li style=\"margin: 5px 0; padding: 2px 0; clear: both; display: list-item; float: none; position: static;\"><b>Indeks pr\u0119dko\u015bci:<\/b> H<\/li>\n<li style=\"margin: 5px 0; padding: 2px 0; clear: both; display: list-item; float: none; position: static;\"><b>Ha\u0142as db:<\/b>&nbsp;72<\/li>\n<li style=\"margin: 5px 0; padding: 2px 0; clear: both; display: list-item; float: none; position: static;\"><b>Sezon:<\/b> Zimowe<\/li>\n<li style=\"margin: 5px 0; padding: 2px 0; clear: both; display: list-item; float: none; position: static;\"><b>Rok produkcji:<\/b> nie starsze ni\u017c 36 miesi\u0119cy<\/li>\n<li style=\"margin: 5px 0; padding: 2px 0; clear: both; display: list-item; float: none; position: static;\"><b>Przeznaczenie:<\/b> Osobowe<\/li>\n<li style=\"margin: 5px 0; padding: 2px 0; clear: both; display: list-item; float: none; position: static;\"><b>Kl. przycz. na mokrej naw.:<\/b>&nbsp;C<\/li>\n<li style=\"margin: 5px 0; padding: 2px 0; clear: both; display: list-item; float: none; position: static;\"><b>Kl. efekt. paliwowej:&nbsp;<\/b>E<\/li>\n<\/ul>\n<\/div>\n<\/div>\n<\/div>\n<div style=\"clear: both; display: block; margin: 10px 0;\">\n<div style=\"clear: both; display: block; margin: 10px 0;\">\n<div style=\"clear: both; display: block; margin: 10px 0;\">\n<div  style=\"max-width:537px;max-height:94px\">\n<div style=\"clear: both; display: block; margin: 10px 0;\">\n<div style=\"clear: both; width: 100%; display: block; margin: 20px 0; padding: 0; float: none; position: static; text-align: center;\"><img decoding=\"async\"  src=\"https:\/\/a.allegroimg.com\/original\/114219\/dafeda1f4b52a9fa600b0a11eafa\/4x-NANKANG-WINTER-ACTIVA-SV-215-45R16-90-H-Liczba-opon-w-ofercie-Komplet-4-szt\" srcset=\"https:\/\/a.allegroimg.com\/original\/114219\/dafeda1f4b52a9fa600b0a11eafa\/4x-NANKANG-WINTER-ACTIVA-SV-215-45R16-90-H-Liczba-opon-w-ofercie-Komplet-4-szt 360w,https:\/\/a.allegroimg.com\/original\/114219\/dafeda1f4b52a9fa600b0a11eafa\/4x-NANKANG-WINTER-ACTIVA-SV-215-45R16-90-H-Liczba-opon-w-ofercie-Komplet-4-szt 537w,https:\/\/a.allegroimg.com\/original\/114219\/dafeda1f4b52a9fa600b0a11eafa\/4x-NANKANG-WINTER-ACTIVA-SV-215-45R16-90-H-Liczba-opon-w-ofercie-Komplet-4-szt 537w\" sizes=\"100vw\" width=\"537px\" alt=\"4x NANKANG WINTER ACTIVA SV 215\/45R16 90 H Liczba opon w ofercie Komplet 4 szt.\" style=\"max-width: 100%; height: auto; display: block; margin: 0 auto;\"><\/div>\n<\/div>\n<\/div>\n<\/div>\n<\/div>\n<\/div>\n<div style=\"clear: both; display: block; margin: 10px 0;\">\n<div style=\"clear: both; display: block; margin: 10px 0;\">\n<div style=\"clear: both; display: block; margin: 10px 0;\">\n<p style=\"margin: 15px 0; line-height: 1.8; clear: both; display: block; width: 100%; float: none; position: static;\">Marka opon NANKANG to producent opon samochodowych z d\u0142ugoletni\u0105 histori\u0105 i mi\u0119dzynarodowym zasi\u0119giem dzia\u0142ania. Firma oferuje r\u00f3\u017cne rodzaje opon, w tym letnie, zimowe i ca\u0142oroczne, dostosowane do r\u00f3\u017cnych rodzaj\u00f3w pojazd\u00f3w.<\/p>\n<p style=\"margin: 15px 0; line-height: 1.8; clear: both; display: block; width: 100%; float: none; position: static;\">Opony NANKANG s\u0105 znane z konkurencyjnych cen i dobrej jako\u015bci, co przyci\u0105ga klient\u00f3w poszukuj\u0105cych przyst\u0119pnych cen opon. Firma ta stawia na innowacje technologiczne, wprowadzaj\u0105c zaawansowane rozwi\u0105zania w projektach opon, kt\u00f3re poprawiaj\u0105 przyczepno\u015b\u0107 i osi\u0105gi.<\/p>\n<p style=\"margin: 15px 0; line-height: 1.8; clear: both; display: block; width: 100%; float: none; position: static;\">NANKANG to marka, kt\u00f3ra zdoby\u0142a uznanie klient\u00f3w jako dostawca opon samochodowych, oferuj\u0105cy produkty o konkurencyjnych cenach i solidnej jako\u015bci.<\/p>\n<\/div>\n<\/div>\n<\/div>\n<div style=\"clear: both; display: block; margin: 10px 0;\">\n<div style=\"clear: both; display: block; margin: 10px 0;\">\n<div style=\"clear: both; display: block; margin: 10px 0;\">\n<div  style=\"max-width:1200px;max-height:1758px\">\n<div style=\"clear: both; display: block; margin: 10px 0;\">\n<div style=\"clear: both; width: 100%; display: block; margin: 20px 0; padding: 0; float: none; position: static; text-align: center;\"><img decoding=\"async\"  src=\"https:\/\/a.allegroimg.com\/original\/11487c\/2f3824e0439a8c40d72d61e973f5\/4x-NANKANG-WINTER-ACTIVA-SV-215-45R16-90-H-Marka-Nankang\" srcset=\"https:\/\/a.allegroimg.com\/original\/11487c\/2f3824e0439a8c40d72d61e973f5\/4x-NANKANG-WINTER-ACTIVA-SV-215-45R16-90-H-Marka-Nankang 245w,https:\/\/a.allegroimg.com\/original\/11487c\/2f3824e0439a8c40d72d61e973f5\/4x-NANKANG-WINTER-ACTIVA-SV-215-45R16-90-H-Marka-Nankang 491w,https:\/\/a.allegroimg.com\/original\/11487c\/2f3824e0439a8c40d72d61e973f5\/4x-NANKANG-WINTER-ACTIVA-SV-215-45R16-90-H-Marka-Nankang 698w,https:\/\/a.allegroimg.com\/original\/11487c\/2f3824e0439a8c40d72d61e973f5\/4x-NANKANG-WINTER-ACTIVA-SV-215-45R16-90-H-Marka-Nankang 982w,https:\/\/a.allegroimg.com\/original\/11487c\/2f3824e0439a8c40d72d61e973f5\/4x-NANKANG-WINTER-ACTIVA-SV-215-45R16-90-H-Marka-Nankang 1200w\" sizes=\"(min-width: 1200px) 560px, (min-width: 992px) 50vw, 100vw\" width=\"1200px\" alt=\"4x NANKANG WINTER ACTIVA SV 215\/45R16 90 H Marka Nankang\" style=\"max-width: 100%; height: auto; display: block; margin: 0 auto;\"><\/div>\n<\/div>\n<\/div>\n<\/div>\n<\/div>\n<div style=\"clear: both; display: block; margin: 10px 0;\">\n<div style=\"clear: both; display: block; margin: 10px 0;\">\n<p style=\"margin: 15px 0; line-height: 1.8; clear: both; display: block; width: 100%; float: none; position: static;\">Dlaczego warto kupowa\u0107 u Nas ?<\/p>\n<p style=\"margin: 15px 0; line-height: 1.8; clear: both; display: block; width: 100%; float: none; position: static;\">Jeste\u015bmy firm\u0105, kt\u00f3ra na podstawie wieloletniego do\u015bwiadczenia z zaanga\u017cowaniem pomaga klientom w doborze oraz kupnie opon.<\/p>\n<p style=\"margin: 15px 0; line-height: 1.8; clear: both; display: block; width: 100%; float: none; position: static;\">Posiadamy szerok\u0105 game opon do aut osobowych, dostawczych, cie\u017carowych, motocyki jak i opon przemys\u0142owych.<\/p>\n<p style=\"margin: 15px 0; line-height: 1.8; clear: both; display: block; width: 100%; float: none; position: static;\">Gwarancja satysfakcjii oraz bezpiecznie przejechanych kilometr\u00f3w.<\/p>\n<p style=\"margin: 15px 0; line-height: 1.8; clear: both; display: block; width: 100%; float: none; position: static;\">Zosta\u0144 naszym kolejnym zadowolonym klientem.<\/p>\n<p style=\"margin: 15px 0; line-height: 1.8; clear: both; display: block; width: 100%; float: none; position: static;\">ZAPRASZAMY DO ZAKUP\u00d3W.<\/p>\n<\/div>\n<\/div>\n<\/div>\n<\/div>\n<\/div>\n<\/div>\n<div style=\"clear: both; display: block; margin: 10px 0;\">\n","protected":false},"excerpt":{"rendered":"<p>4x NANKANG WINTER ACTIVA SV 215\/45R16 90 H<\/p>\n<p>Zimowe opony NANKANG WINTER ACTIVA SV-3 215\/45 R16 90 H<\/p>\n<p>Opony NANKANG WINTER ACTIVA SV-3 to znacz\u0105cy model w portfolio producenta.&nbsp;<\/p>\n<p>Opony klasy ekonomicznej maj\u0105 \u015bwietny stosunek jako\u015bci do ceny.<\/p>\n<p>Stan:&nbsp;Nowy<\/p>\n<p>EAN:&nbsp;4717622054385<\/p>\n<p>Producent: NANKANG<\/p>\n<p>Model: WINTER ACTIVA SV-3<\/p>\n","protected":false},"featured_media":16036,"template":"","meta":{"_uag_custom_page_level_css":""},"product_brand":[446],"product_cat":[414,413,412,415],"product_tag":[],"class_list":{"0":"post-16035","1":"product","2":"type-product","3":"status-publish","4":"has-post-thumbnail","6":"product_brand-nankang","7":"product_cat-do-samochodow-osobowych-i-suv","8":"product_cat-opony","9":"product_cat-opony-i-felgi","10":"product_cat-zimowe","12":"first","13":"instock","14":"shipping-taxable","15":"purchasable","16":"product-type-simple"},"uagb_featured_image_src":{"full":["https:\/\/oponixo.shop\/tire\/wp-content\/uploads\/2026\/01\/allegro-image-16035.jpg",920,1120,false],"thumbnail":["https:\/\/oponixo.shop\/tire\/wp-content\/uploads\/2026\/01\/allegro-image-16035-150x150.jpg",150,150,true],"medium":["https:\/\/oponixo.shop\/tire\/wp-content\/uploads\/2026\/01\/allegro-image-16035-246x300.jpg",246,300,true],"medium_large":["https:\/\/oponixo.shop\/tire\/wp-content\/uploads\/2026\/01\/allegro-image-16035-768x935.jpg",768,935,true],"large":["https:\/\/oponixo.shop\/tire\/wp-content\/uploads\/2026\/01\/allegro-image-16035-841x1024.jpg",841,1024,true],"1536x1536":["https:\/\/oponixo.shop\/tire\/wp-content\/uploads\/2026\/01\/allegro-image-16035.jpg",920,1120,false],"2048x2048":["https:\/\/oponixo.shop\/tire\/wp-content\/uploads\/2026\/01\/allegro-image-16035.jpg",920,1120,false],"woocommerce_thumbnail":["https:\/\/oponixo.shop\/tire\/wp-content\/uploads\/2026\/01\/allegro-image-16035-300x300.jpg",300,300,true],"woocommerce_single":["https:\/\/oponixo.shop\/tire\/wp-content\/uploads\/2026\/01\/allegro-image-16035-600x730.jpg",600,730,true],"woocommerce_gallery_thumbnail":["https:\/\/oponixo.shop\/tire\/wp-content\/uploads\/2026\/01\/allegro-image-16035-100x100.jpg",100,100,true]},"uagb_author_info":{"display_name":"admin","author_link":"https:\/\/oponixo.shop\/tire\/author\/"},"uagb_comment_info":0,"uagb_excerpt":"4x NANKANG WINTER ACTIVA SV 215\/45R16 90 H Zimowe opony NANKANG WINTER ACTIVA SV-3 215\/45 R16 90 H Opony NANKANG WINTER ACTIVA SV-3 to znacz\u0105cy model w portfolio producenta.&nbsp; Opony klasy ekonomicznej maj\u0105 \u015bwietny stosunek jako\u015bci do ceny. Stan:&nbsp;Nowy EAN:&nbsp;4717622054385 Producent: NANKANG Model: WINTER ACTIVA SV-3","_links":{"self":[{"href":"https:\/\/oponixo.shop\/tire\/wp-json\/wp\/v2\/product\/16035","targetHints":{"allow":["GET"]}}],"collection":[{"href":"https:\/\/oponixo.shop\/tire\/wp-json\/wp\/v2\/product"}],"about":[{"href":"https:\/\/oponixo.shop\/tire\/wp-json\/wp\/v2\/types\/product"}],"wp:featuredmedia":[{"embeddable":true,"href":"https:\/\/oponixo.shop\/tire\/wp-json\/wp\/v2\/media\/16036"}],"wp:attachment":[{"href":"https:\/\/oponixo.shop\/tire\/wp-json\/wp\/v2\/media?parent=16035"}],"wp:term":[{"taxonomy":"product_brand","embeddable":true,"href":"https:\/\/oponixo.shop\/tire\/wp-json\/wp\/v2\/product_brand?post=16035"},{"taxonomy":"product_cat","embeddable":true,"href":"https:\/\/oponixo.shop\/tire\/wp-json\/wp\/v2\/product_cat?post=16035"},{"taxonomy":"product_tag","embeddable":true,"href":"https:\/\/oponixo.shop\/tire\/wp-json\/wp\/v2\/product_tag?post=16035"}],"curies":[{"name":"wp","href":"https:\/\/api.w.org\/{rel}","templated":true}]}}