{"id":16069,"date":"2026-01-17T01:03:02","date_gmt":"2026-01-17T00:03:02","guid":{"rendered":"https:\/\/oponyonline.shop\/xef5\/produkt\/2x-opony-letnie-195-50r15-barum-bravuris-6\/"},"modified":"2026-01-17T01:03:02","modified_gmt":"2026-01-17T00:03:02","slug":"2x-opony-letnie-195-50r15-barum-bravuris-6","status":"publish","type":"product","link":"https:\/\/oponixo.shop\/tire\/produkt\/2x-opony-letnie-195-50r15-barum-bravuris-6\/","title":{"rendered":"2x opony letnie 195\/50R15 Barum BRAVURIS 6"},"content":{"rendered":"<div style=\"font-family: Arial, sans-serif; line-height: 1.6; color: #333; padding: 20px; clear: both; display: block; width: 100%; float: none; position: static; overflow: hidden;\">\n<div style=\"clear: both; display: block; margin: 10px 0;\">\n<div style=\"clear: both; display: block; margin: 10px 0;\">\n<div style=\"clear: both; display: block; margin: 10px 0;\">\n<div  style=\"max-width:1244px;max-height:273px\">\n<div style=\"clear: both; display: block; margin: 10px 0;\">\n<div style=\"clear: both; width: 100%; display: block; margin: 20px 0; padding: 0; float: none; position: static; text-align: center;\"><img decoding=\"async\"  src=\"https:\/\/a.allegroimg.com\/original\/11ac5c\/42ea4ae74fca9a9d10b49e60068f\/2x-opony-letnie-195-50R15-Barum-BRAVURIS-6-Marka-Barum\" srcset=\"https:\/\/a.allegroimg.com\/original\/11ac5c\/42ea4ae74fca9a9d10b49e60068f\/2x-opony-letnie-195-50R15-Barum-BRAVURIS-6-Marka-Barum 360w,https:\/\/a.allegroimg.com\/original\/11ac5c\/42ea4ae74fca9a9d10b49e60068f\/2x-opony-letnie-195-50R15-Barum-BRAVURIS-6-Marka-Barum 720w,https:\/\/a.allegroimg.com\/original\/11ac5c\/42ea4ae74fca9a9d10b49e60068f\/2x-opony-letnie-195-50R15-Barum-BRAVURIS-6-Marka-Barum 1024w,https:\/\/a.allegroimg.com\/original\/11ac5c\/42ea4ae74fca9a9d10b49e60068f\/2x-opony-letnie-195-50R15-Barum-BRAVURIS-6-Marka-Barum 1244w,https:\/\/a.allegroimg.com\/original\/11ac5c\/42ea4ae74fca9a9d10b49e60068f\/2x-opony-letnie-195-50R15-Barum-BRAVURIS-6-Marka-Barum 1244w\" sizes=\"100vw\" width=\"1244px\" alt=\"2x opony letnie 195\/50R15 Barum BRAVURIS 6 Marka Barum\" style=\"max-width: 100%; height: auto; display: block; margin: 0 auto;\"><\/div>\n<\/div>\n<\/div>\n<\/div>\n<\/div>\n<\/div>\n<div style=\"clear: both; display: block; margin: 10px 0;\">\n<div style=\"clear: both; display: block; margin: 10px 0;\">\n<div style=\"clear: both; display: block; margin: 10px 0;\">\n<div  style=\"max-width:1100px;max-height:1504px\">\n<div style=\"clear: both; display: block; margin: 10px 0;\">\n<div style=\"clear: both; width: 100%; display: block; margin: 20px 0; padding: 0; float: none; position: static; text-align: center;\"><img decoding=\"async\"  src=\"https:\/\/a.allegroimg.com\/original\/11b634\/5ed899744dc48466b02882dc259a\/2x-opony-letnie-195-50R15-Barum-BRAVURIS-6\" srcset=\"https:\/\/a.allegroimg.com\/original\/11b634\/5ed899744dc48466b02882dc259a\/2x-opony-letnie-195-50R15-Barum-BRAVURIS-6 263w,https:\/\/a.allegroimg.com\/original\/11b634\/5ed899744dc48466b02882dc259a\/2x-opony-letnie-195-50R15-Barum-BRAVURIS-6 526w,https:\/\/a.allegroimg.com\/original\/11b634\/5ed899744dc48466b02882dc259a\/2x-opony-letnie-195-50R15-Barum-BRAVURIS-6 748w,https:\/\/a.allegroimg.com\/original\/11b634\/5ed899744dc48466b02882dc259a\/2x-opony-letnie-195-50R15-Barum-BRAVURIS-6 1053w,https:\/\/a.allegroimg.com\/original\/11b634\/5ed899744dc48466b02882dc259a\/2x-opony-letnie-195-50R15-Barum-BRAVURIS-6 1100w\" sizes=\"(min-width: 1200px) 560px, (min-width: 992px) 50vw, 100vw\" width=\"1100px\" alt=\"2x opony letnie 195\/50R15 Barum BRAVURIS 6\" style=\"max-width: 100%; height: auto; display: block; margin: 0 auto;\"><\/div>\n<\/div>\n<\/div>\n<\/div>\n<\/div>\n<div style=\"clear: both; display: block; margin: 10px 0;\">\n<div style=\"clear: both; display: block; margin: 10px 0;\">\n<h1>Cechy Opony:<\/h1>\n<ul style=\"margin: 15px 0; padding-left: 20px; clear: both; display: block; width: 100%; float: none; position: static;\">\n<li style=\"margin: 5px 0; padding: 2px 0; clear: both; display: list-item; float: none; position: static;\">Stan: <b>Fabrycznie nowa<\/b><\/li>\n<\/ul>\n<ul style=\"margin: 15px 0; padding-left: 20px; clear: both; display: block; width: 100%; float: none; position: static;\">\n<li style=\"margin: 5px 0; padding: 2px 0; clear: both; display: list-item; float: none; position: static;\">Dystrybucja: <b>Oficjalny dystrybutor w Polsce<\/b><\/li>\n<\/ul>\n<ul style=\"margin: 15px 0; padding-left: 20px; clear: both; display: block; width: 100%; float: none; position: static;\">\n<li style=\"margin: 5px 0; padding: 2px 0; clear: both; display: list-item; float: none; position: static;\">Sezon: <b>letnie<\/b><\/li>\n<\/ul>\n<ul style=\"margin: 15px 0; padding-left: 20px; clear: both; display: block; width: 100%; float: none; position: static;\">\n<li style=\"margin: 5px 0; padding: 2px 0; clear: both; display: list-item; float: none; position: static;\">Producent: <b>Barum<\/b><\/li>\n<\/ul>\n<ul style=\"margin: 15px 0; padding-left: 20px; clear: both; display: block; width: 100%; float: none; position: static;\">\n<li style=\"margin: 5px 0; padding: 2px 0; clear: both; display: list-item; float: none; position: static;\">Bie\u017cnik: <b>BRAVURIS 6<\/b><\/li>\n<\/ul>\n<ul style=\"margin: 15px 0; padding-left: 20px; clear: both; display: block; width: 100%; float: none; position: static;\">\n<li style=\"margin: 5px 0; padding: 2px 0; clear: both; display: list-item; float: none; position: static;\">Rozmiar: <b>195\/50R15<\/b><\/li>\n<\/ul>\n<ul style=\"margin: 15px 0; padding-left: 20px; clear: both; display: block; width: 100%; float: none; position: static;\">\n<li style=\"margin: 5px 0; padding: 2px 0; clear: both; display: list-item; float: none; position: static;\">Indeks no\u015bno\u015bci: <b>82<\/b><\/li>\n<\/ul>\n<ul style=\"margin: 15px 0; padding-left: 20px; clear: both; display: block; width: 100%; float: none; position: static;\">\n<li style=\"margin: 5px 0; padding: 2px 0; clear: both; display: list-item; float: none; position: static;\">Indeks pr\u0119dko\u015bci: <b>V<\/b><\/li>\n<\/ul>\n<ul style=\"margin: 15px 0; padding-left: 20px; clear: both; display: block; width: 100%; float: none; position: static;\">\n<li style=\"margin: 5px 0; padding: 2px 0; clear: both; display: list-item; float: none; position: static;\">Rok produkcji:<b> 2025\/2024 &#8211; Decyduj\u0105c si\u0119 na zakup z tej oferty, otrzymasz fabrycznie nowe, pe\u0142nowarto\u015bciowe opony, wyprodukowane w bie\u017c\u0105cym lub poprzednim roku kalendarzowym.<\/b><\/li>\n<\/ul>\n<ul style=\"margin: 15px 0; padding-left: 20px; clear: both; display: block; width: 100%; float: none; position: static;\">\n<li style=\"margin: 5px 0; padding: 2px 0; clear: both; display: list-item; float: none; position: static;\">EAN: <b>4024063009035<\/b><\/li>\n<\/ul><\/div>\n<\/div>\n<\/div>\n<div style=\"clear: both; display: block; margin: 10px 0;\">\n<div style=\"clear: both; display: block; margin: 10px 0;\">\n<div style=\"clear: both; display: block; margin: 10px 0;\">\n<div  style=\"max-width:1800px;max-height:945px\">\n<div style=\"clear: both; display: block; margin: 10px 0;\">\n<div style=\"clear: both; width: 100%; display: block; margin: 20px 0; padding: 0; float: none; position: static; text-align: center;\"><img decoding=\"async\"  src=\"https:\/\/a.allegroimg.com\/original\/11056e\/b4ef6c57456ba9516e9c5c744100\/2x-opony-letnie-195-50R15-Barum-BRAVURIS-6-Szerokosc-opony-195-mm\" srcset=\"https:\/\/a.allegroimg.com\/original\/11056e\/b4ef6c57456ba9516e9c5c744100\/2x-opony-letnie-195-50R15-Barum-BRAVURIS-6-Szerokosc-opony-195-mm 360w,https:\/\/a.allegroimg.com\/original\/11056e\/b4ef6c57456ba9516e9c5c744100\/2x-opony-letnie-195-50R15-Barum-BRAVURIS-6-Szerokosc-opony-195-mm 720w,https:\/\/a.allegroimg.com\/original\/11056e\/b4ef6c57456ba9516e9c5c744100\/2x-opony-letnie-195-50R15-Barum-BRAVURIS-6-Szerokosc-opony-195-mm 1024w,https:\/\/a.allegroimg.com\/original\/11056e\/b4ef6c57456ba9516e9c5c744100\/2x-opony-letnie-195-50R15-Barum-BRAVURIS-6-Szerokosc-opony-195-mm 1440w,https:\/\/a.allegroimg.com\/original\/11056e\/b4ef6c57456ba9516e9c5c744100\/2x-opony-letnie-195-50R15-Barum-BRAVURIS-6-Szerokosc-opony-195-mm 1800w\" sizes=\"100vw\" width=\"1800px\" alt=\"2x opony letnie 195\/50R15 Barum BRAVURIS 6 Szeroko\u015b\u0107 opony 195 mm\" style=\"max-width: 100%; height: auto; display: block; margin: 0 auto;\"><\/div>\n<\/div>\n<\/div>\n<\/div>\n<\/div>\n<\/div>\n<div style=\"clear: both; display: block; margin: 10px 0;\">\n<div style=\"clear: both; display: block; margin: 10px 0;\">\n<div style=\"clear: both; display: block; margin: 10px 0;\">\n<div  style=\"max-width:1244px;max-height:273px\">\n<div style=\"clear: both; display: block; margin: 10px 0;\">\n<div style=\"clear: both; width: 100%; display: block; margin: 20px 0; padding: 0; float: none; position: static; text-align: center;\"><img decoding=\"async\"  src=\"https:\/\/a.allegroimg.com\/original\/11ac5c\/42ea4ae74fca9a9d10b49e60068f\/2x-opony-letnie-195-50R15-Barum-BRAVURIS-6-Marka-Barum\" srcset=\"https:\/\/a.allegroimg.com\/original\/11ac5c\/42ea4ae74fca9a9d10b49e60068f\/2x-opony-letnie-195-50R15-Barum-BRAVURIS-6-Marka-Barum 360w,https:\/\/a.allegroimg.com\/original\/11ac5c\/42ea4ae74fca9a9d10b49e60068f\/2x-opony-letnie-195-50R15-Barum-BRAVURIS-6-Marka-Barum 720w,https:\/\/a.allegroimg.com\/original\/11ac5c\/42ea4ae74fca9a9d10b49e60068f\/2x-opony-letnie-195-50R15-Barum-BRAVURIS-6-Marka-Barum 1024w,https:\/\/a.allegroimg.com\/original\/11ac5c\/42ea4ae74fca9a9d10b49e60068f\/2x-opony-letnie-195-50R15-Barum-BRAVURIS-6-Marka-Barum 1244w,https:\/\/a.allegroimg.com\/original\/11ac5c\/42ea4ae74fca9a9d10b49e60068f\/2x-opony-letnie-195-50R15-Barum-BRAVURIS-6-Marka-Barum 1244w\" sizes=\"(min-width: 1200px) 560px, (min-width: 992px) 50vw, 100vw\" width=\"1244px\" alt=\"2x opony letnie 195\/50R15 Barum BRAVURIS 6 Marka Barum\" style=\"max-width: 100%; height: auto; display: block; margin: 0 auto;\"><\/div>\n<\/div>\n<\/div>\n<\/div>\n<\/div>\n<div style=\"clear: both; display: block; margin: 10px 0;\">\n<div style=\"clear: both; display: block; margin: 10px 0;\">\n<h2>O producencie<\/h2>\n<p style=\"margin: 15px 0; line-height: 1.8; clear: both; display: block; width: 100%; float: none; position: static;\">Opony Barum to idealne po\u0142\u0105czenie najlepszych parametr\u00f3w i dobrej ceny. Gwarantuj\u0105 imponuj\u0105co d\u0142ugie przebiegi i wysokie parametry jazdy. Je\u015bli chcesz polega\u0107 na swoim poje\u017adzie, to Barum jest doskona\u0142ym wyborem.<\/p>\n<p style=\"margin: 15px 0; line-height: 1.8; clear: both; display: block; width: 100%; float: none; position: static;\">Barum produkuje opony w najnowocze\u015bniejszych zak\u0142adach w Europie. Jest cz\u0119\u015bci\u0105 Grupy Continental i jednym z wiod\u0105cych producent\u00f3w opon w Europie \u015arodkowej.<\/p>\n<\/div>\n<\/div>\n<\/div>\n<\/div>\n<\/div>\n<\/div>\n<div style=\"clear: both; display: block; margin: 10px 0;\">\n","protected":false},"excerpt":{"rendered":"<p>Cechy Opony:<\/p>\n<p>Stan: Fabrycznie nowa<\/p>\n<p>Dystrybucja: Oficjalny dystrybutor w Polsce<\/p>\n<p>Sezon: letnie<\/p>\n<p>Producent: Barum<\/p>\n<p>Bie\u017cnik: BRAVURIS 6<\/p>\n<p>Rozmiar: 195\/50R15<\/p>\n<p>Indeks no\u015bno\u015bci: 82<\/p>\n","protected":false},"featured_media":16070,"template":"","meta":{"_uag_custom_page_level_css":""},"product_brand":[386],"product_cat":[414,418,413,412],"product_tag":[],"class_list":{"0":"post-16069","1":"product","2":"type-product","3":"status-publish","4":"has-post-thumbnail","6":"product_brand-barum","7":"product_cat-do-samochodow-osobowych-i-suv","8":"product_cat-letnie","9":"product_cat-opony","10":"product_cat-opony-i-felgi","12":"first","13":"instock","14":"shipping-taxable","15":"purchasable","16":"product-type-simple"},"uagb_featured_image_src":{"full":["https:\/\/oponixo.shop\/tire\/wp-content\/uploads\/2026\/01\/allegro-image-16069.jpg",1100,1504,false],"thumbnail":["https:\/\/oponixo.shop\/tire\/wp-content\/uploads\/2026\/01\/allegro-image-16069-150x150.jpg",150,150,true],"medium":["https:\/\/oponixo.shop\/tire\/wp-content\/uploads\/2026\/01\/allegro-image-16069-219x300.jpg",219,300,true],"medium_large":["https:\/\/oponixo.shop\/tire\/wp-content\/uploads\/2026\/01\/allegro-image-16069-768x1050.jpg",768,1050,true],"large":["https:\/\/oponixo.shop\/tire\/wp-content\/uploads\/2026\/01\/allegro-image-16069-749x1024.jpg",749,1024,true],"1536x1536":["https:\/\/oponixo.shop\/tire\/wp-content\/uploads\/2026\/01\/allegro-image-16069.jpg",1100,1504,false],"2048x2048":["https:\/\/oponixo.shop\/tire\/wp-content\/uploads\/2026\/01\/allegro-image-16069.jpg",1100,1504,false],"woocommerce_thumbnail":["https:\/\/oponixo.shop\/tire\/wp-content\/uploads\/2026\/01\/allegro-image-16069-300x300.jpg",300,300,true],"woocommerce_single":["https:\/\/oponixo.shop\/tire\/wp-content\/uploads\/2026\/01\/allegro-image-16069-600x820.jpg",600,820,true],"woocommerce_gallery_thumbnail":["https:\/\/oponixo.shop\/tire\/wp-content\/uploads\/2026\/01\/allegro-image-16069-100x100.jpg",100,100,true]},"uagb_author_info":{"display_name":"admin","author_link":"https:\/\/oponixo.shop\/tire\/author\/"},"uagb_comment_info":0,"uagb_excerpt":"Cechy Opony: Stan: Fabrycznie nowa Dystrybucja: Oficjalny dystrybutor w Polsce Sezon: letnie Producent: Barum Bie\u017cnik: BRAVURIS 6 Rozmiar: 195\/50R15 Indeks no\u015bno\u015bci: 82","_links":{"self":[{"href":"https:\/\/oponixo.shop\/tire\/wp-json\/wp\/v2\/product\/16069","targetHints":{"allow":["GET"]}}],"collection":[{"href":"https:\/\/oponixo.shop\/tire\/wp-json\/wp\/v2\/product"}],"about":[{"href":"https:\/\/oponixo.shop\/tire\/wp-json\/wp\/v2\/types\/product"}],"wp:featuredmedia":[{"embeddable":true,"href":"https:\/\/oponixo.shop\/tire\/wp-json\/wp\/v2\/media\/16070"}],"wp:attachment":[{"href":"https:\/\/oponixo.shop\/tire\/wp-json\/wp\/v2\/media?parent=16069"}],"wp:term":[{"taxonomy":"product_brand","embeddable":true,"href":"https:\/\/oponixo.shop\/tire\/wp-json\/wp\/v2\/product_brand?post=16069"},{"taxonomy":"product_cat","embeddable":true,"href":"https:\/\/oponixo.shop\/tire\/wp-json\/wp\/v2\/product_cat?post=16069"},{"taxonomy":"product_tag","embeddable":true,"href":"https:\/\/oponixo.shop\/tire\/wp-json\/wp\/v2\/product_tag?post=16069"}],"curies":[{"name":"wp","href":"https:\/\/api.w.org\/{rel}","templated":true}]}}