{"id":16107,"date":"2026-01-17T01:03:11","date_gmt":"2026-01-17T00:03:11","guid":{"rendered":"https:\/\/oponyonline.shop\/xef5\/produkt\/4x-giti-gitisynergy-h2-195-50r15-82-v\/"},"modified":"2026-01-17T01:03:11","modified_gmt":"2026-01-17T00:03:11","slug":"4x-giti-gitisynergy-h2-195-50r15-82-v","status":"publish","type":"product","link":"https:\/\/oponixo.shop\/tire\/produkt\/4x-giti-gitisynergy-h2-195-50r15-82-v\/","title":{"rendered":"4x GITI GITISYNERGY H2 195\/50R15 82 V"},"content":{"rendered":"<div style=\"font-family: Arial, sans-serif; line-height: 1.6; color: #333; padding: 20px; clear: both; display: block; width: 100%; float: none; position: static; overflow: hidden;\">\n<div style=\"clear: both; display: block; margin: 10px 0;\">\n<div style=\"clear: both; display: block; margin: 10px 0;\">\n<div style=\"clear: both; display: block; margin: 10px 0;\">\n<h2>4x GITI GITISYNERGY H2 195\/50R15 82 V<\/h2>\n<\/div>\n<\/div>\n<\/div>\n<div style=\"clear: both; display: block; margin: 10px 0;\">\n<div style=\"clear: both; display: block; margin: 10px 0;\">\n<div style=\"clear: both; display: block; margin: 10px 0;\">\n<div  style=\"max-width:920px;max-height:1120px\">\n<div style=\"clear: both; display: block; margin: 10px 0;\">\n<div style=\"clear: both; width: 100%; display: block; margin: 20px 0; padding: 0; float: none; position: static; text-align: center;\"><img decoding=\"async\"  src=\"https:\/\/a.allegroimg.com\/original\/11e2cc\/66c731ad43cc8c8e4d4513dd27e9\/4x-GITI-GITISYNERGY-H2-195-50R15-82-V\" srcset=\"https:\/\/a.allegroimg.com\/original\/11e2cc\/66c731ad43cc8c8e4d4513dd27e9\/4x-GITI-GITISYNERGY-H2-195-50R15-82-V 295w,https:\/\/a.allegroimg.com\/original\/11e2cc\/66c731ad43cc8c8e4d4513dd27e9\/4x-GITI-GITISYNERGY-H2-195-50R15-82-V 591w,https:\/\/a.allegroimg.com\/original\/11e2cc\/66c731ad43cc8c8e4d4513dd27e9\/4x-GITI-GITISYNERGY-H2-195-50R15-82-V 841w,https:\/\/a.allegroimg.com\/original\/11e2cc\/66c731ad43cc8c8e4d4513dd27e9\/4x-GITI-GITISYNERGY-H2-195-50R15-82-V 920w,https:\/\/a.allegroimg.com\/original\/11e2cc\/66c731ad43cc8c8e4d4513dd27e9\/4x-GITI-GITISYNERGY-H2-195-50R15-82-V 920w\" sizes=\"(min-width: 1200px) 560px, (min-width: 992px) 50vw, 100vw\" width=\"920px\" alt=\"4x GITI GITISYNERGY H2 195\/50R15 82 V\" style=\"max-width: 100%; height: auto; display: block; margin: 0 auto;\"><\/div>\n<\/div>\n<\/div>\n<\/div>\n<\/div>\n<div style=\"clear: both; display: block; margin: 10px 0;\">\n<div style=\"clear: both; display: block; margin: 10px 0;\">\n<h2>Letnie opony GITI GITISYNERGY H2 195\/50 R15 82 V<\/h2>\n<p style=\"margin: 15px 0; line-height: 1.8; clear: both; display: block; width: 100%; float: none; position: static;\">Opony GITI GITISYNERGY H2 to znacz\u0105cy model w portfolio producenta.&nbsp;<\/p>\n<p style=\"margin: 15px 0; line-height: 1.8; clear: both; display: block; width: 100%; float: none; position: static;\"> Opony klasy ekonomicznej maj\u0105 \u015bwietny stosunek jako\u015bci do ceny.<\/p>\n<ul style=\"margin: 15px 0; padding-left: 20px; clear: both; display: block; width: 100%; float: none; position: static;\">\n<li style=\"margin: 5px 0; padding: 2px 0; clear: both; display: list-item; float: none; position: static;\"><b>Stan:<\/b>&nbsp;Nowy<\/li>\n<li style=\"margin: 5px 0; padding: 2px 0; clear: both; display: list-item; float: none; position: static;\"><b>EAN:<\/b>&nbsp;6943829512641<\/li>\n<li style=\"margin: 5px 0; padding: 2px 0; clear: both; display: list-item; float: none; position: static;\"><b>Producent:<\/b> GITI<\/li>\n<li style=\"margin: 5px 0; padding: 2px 0; clear: both; display: list-item; float: none; position: static;\"><b>Model:<\/b> GITISYNERGY H2<\/li>\n<li style=\"margin: 5px 0; padding: 2px 0; clear: both; display: list-item; float: none; position: static;\"><b>Rozmiar:<\/b> 195\/50 R15<\/li>\n<li style=\"margin: 5px 0; padding: 2px 0; clear: both; display: list-item; float: none; position: static;\"><b>Indeks no\u015bno\u015bci:<\/b> 82<\/li>\n<li style=\"margin: 5px 0; padding: 2px 0; clear: both; display: list-item; float: none; position: static;\"><b>Indeks pr\u0119dko\u015bci:<\/b> V<\/li>\n<li style=\"margin: 5px 0; padding: 2px 0; clear: both; display: list-item; float: none; position: static;\"><b>Ha\u0142as db:<\/b>&nbsp;<\/li>\n<li style=\"margin: 5px 0; padding: 2px 0; clear: both; display: list-item; float: none; position: static;\"><b>Sezon:<\/b> Letnie<\/li>\n<li style=\"margin: 5px 0; padding: 2px 0; clear: both; display: list-item; float: none; position: static;\"><b>Rok produkcji:<\/b> nie starsze ni\u017c 36 miesi\u0119cy<\/li>\n<li style=\"margin: 5px 0; padding: 2px 0; clear: both; display: list-item; float: none; position: static;\"><b>Przeznaczenie:<\/b> Osobowe<\/li>\n<li style=\"margin: 5px 0; padding: 2px 0; clear: both; display: list-item; float: none; position: static;\"><b>Kl. przycz. na mokrej naw.:<\/b>&nbsp;<\/li>\n<li style=\"margin: 5px 0; padding: 2px 0; clear: both; display: list-item; float: none; position: static;\"><b>Kl. efekt. paliwowej:&nbsp;<\/b><\/li>\n<\/ul>\n<\/div>\n<\/div>\n<\/div>\n<div style=\"clear: both; display: block; margin: 10px 0;\">\n<div style=\"clear: both; display: block; margin: 10px 0;\">\n<div style=\"clear: both; display: block; margin: 10px 0;\">\n<div  style=\"max-width:800px;max-height:176px\">\n<div style=\"clear: both; display: block; margin: 10px 0;\">\n<div style=\"clear: both; width: 100%; display: block; margin: 20px 0; padding: 0; float: none; position: static; text-align: center;\"><img decoding=\"async\"  src=\"https:\/\/a.allegroimg.com\/original\/118a52\/6092986b4f82a6275cc1803396ee\/4x-GITI-GITISYNERGY-H2-195-50R15-82-V-Liczba-opon-w-ofercie-Komplet-4-szt\" srcset=\"https:\/\/a.allegroimg.com\/original\/118a52\/6092986b4f82a6275cc1803396ee\/4x-GITI-GITISYNERGY-H2-195-50R15-82-V-Liczba-opon-w-ofercie-Komplet-4-szt 360w,https:\/\/a.allegroimg.com\/original\/118a52\/6092986b4f82a6275cc1803396ee\/4x-GITI-GITISYNERGY-H2-195-50R15-82-V-Liczba-opon-w-ofercie-Komplet-4-szt 720w,https:\/\/a.allegroimg.com\/original\/118a52\/6092986b4f82a6275cc1803396ee\/4x-GITI-GITISYNERGY-H2-195-50R15-82-V-Liczba-opon-w-ofercie-Komplet-4-szt 800w,https:\/\/a.allegroimg.com\/original\/118a52\/6092986b4f82a6275cc1803396ee\/4x-GITI-GITISYNERGY-H2-195-50R15-82-V-Liczba-opon-w-ofercie-Komplet-4-szt 800w\" sizes=\"100vw\" width=\"800px\" alt=\"4x GITI GITISYNERGY H2 195\/50R15 82 V Liczba opon w ofercie Komplet 4 szt.\" style=\"max-width: 100%; height: auto; display: block; margin: 0 auto;\"><\/div>\n<\/div>\n<\/div>\n<\/div>\n<\/div>\n<\/div>\n<div style=\"clear: both; display: block; margin: 10px 0;\">\n<div style=\"clear: both; display: block; margin: 10px 0;\">\n<div style=\"clear: both; display: block; margin: 10px 0;\">\n<p style=\"margin: 15px 0; line-height: 1.8; clear: both; display: block; width: 100%; float: none; position: static;\">Marka opon GITI to producent opon samochodowych, kt\u00f3ry zdobywa uznanie na rynku mi\u0119dzynarodowym. Firma oferuje r\u00f3\u017cne rodzaje opon, w tym letnie, zimowe i ca\u0142oroczne, dostosowane do r\u00f3\u017cnych rodzaj\u00f3w pojazd\u00f3w, od samochod\u00f3w osobowych po SUV-y i pojazdy sportowe.<\/p>\n<p style=\"margin: 15px 0; line-height: 1.8; clear: both; display: block; width: 100%; float: none; position: static;\">Opony GITI wyr\u00f3\u017cniaj\u0105 si\u0119 doskona\u0142\u0105 przyczepno\u015bci\u0105, trwa\u0142o\u015bci\u0105 i wydajno\u015bci\u0105 na drodze, co przek\u0142ada si\u0119 na bezpieczn\u0105 jazd\u0119. Firma ta inwestuje w badania i rozw\u00f3j, wprowadzaj\u0105c innowacje technologiczne, aby spe\u0142ni\u0107 oczekiwania klient\u00f3w.<\/p>\n<p style=\"margin: 15px 0; line-height: 1.8; clear: both; display: block; width: 100%; float: none; position: static;\">GITI to marka, kt\u00f3ra cieszy si\u0119 uznaniem kierowc\u00f3w jako dostawca opon samochodowych o doskona\u0142ej jako\u015bci i osi\u0105gach.<\/p>\n<\/div>\n<\/div>\n<\/div>\n<div style=\"clear: both; display: block; margin: 10px 0;\">\n<div style=\"clear: both; display: block; margin: 10px 0;\">\n<div style=\"clear: both; display: block; margin: 10px 0;\">\n<div  style=\"max-width:920px;max-height:1120px\">\n<div style=\"clear: both; display: block; margin: 10px 0;\">\n<div style=\"clear: both; width: 100%; display: block; margin: 20px 0; padding: 0; float: none; position: static; text-align: center;\"><img decoding=\"async\"  src=\"https:\/\/a.allegroimg.com\/original\/11e2cc\/66c731ad43cc8c8e4d4513dd27e9\/4x-GITI-GITISYNERGY-H2-195-50R15-82-V\" srcset=\"https:\/\/a.allegroimg.com\/original\/11e2cc\/66c731ad43cc8c8e4d4513dd27e9\/4x-GITI-GITISYNERGY-H2-195-50R15-82-V 295w,https:\/\/a.allegroimg.com\/original\/11e2cc\/66c731ad43cc8c8e4d4513dd27e9\/4x-GITI-GITISYNERGY-H2-195-50R15-82-V 591w,https:\/\/a.allegroimg.com\/original\/11e2cc\/66c731ad43cc8c8e4d4513dd27e9\/4x-GITI-GITISYNERGY-H2-195-50R15-82-V 841w,https:\/\/a.allegroimg.com\/original\/11e2cc\/66c731ad43cc8c8e4d4513dd27e9\/4x-GITI-GITISYNERGY-H2-195-50R15-82-V 920w,https:\/\/a.allegroimg.com\/original\/11e2cc\/66c731ad43cc8c8e4d4513dd27e9\/4x-GITI-GITISYNERGY-H2-195-50R15-82-V 920w\" sizes=\"(min-width: 1200px) 560px, (min-width: 992px) 50vw, 100vw\" width=\"920px\" alt=\"4x GITI GITISYNERGY H2 195\/50R15 82 V\" style=\"max-width: 100%; height: auto; display: block; margin: 0 auto;\"><\/div>\n<\/div>\n<\/div>\n<\/div>\n<\/div>\n<div style=\"clear: both; display: block; margin: 10px 0;\">\n<div style=\"clear: both; display: block; margin: 10px 0;\">\n<p style=\"margin: 15px 0; line-height: 1.8; clear: both; display: block; width: 100%; float: none; position: static;\">Dlaczego warto kupowa\u0107 u Nas ?<\/p>\n<p style=\"margin: 15px 0; line-height: 1.8; clear: both; display: block; width: 100%; float: none; position: static;\">Jeste\u015bmy firm\u0105, kt\u00f3ra na podstawie wieloletniego do\u015bwiadczenia z zaanga\u017cowaniem pomaga klientom w doborze oraz kupnie opon.<\/p>\n<p style=\"margin: 15px 0; line-height: 1.8; clear: both; display: block; width: 100%; float: none; position: static;\">Posiadamy szerok\u0105 game opon do aut osobowych, dostawczych, cie\u017carowych, motocyki jak i opon przemys\u0142owych.<\/p>\n<p style=\"margin: 15px 0; line-height: 1.8; clear: both; display: block; width: 100%; float: none; position: static;\">Gwarancja satysfakcjii oraz bezpiecznie przejechanych kilometr\u00f3w.<\/p>\n<p style=\"margin: 15px 0; line-height: 1.8; clear: both; display: block; width: 100%; float: none; position: static;\">Zosta\u0144 naszym kolejnym zadowolonym klientem.<\/p>\n<p style=\"margin: 15px 0; line-height: 1.8; clear: both; display: block; width: 100%; float: none; position: static;\">ZAPRASZAMY DO ZAKUP\u00d3W.<\/p>\n<\/div>\n<\/div>\n<\/div>\n<\/div>\n<\/div>\n<\/div>\n<div style=\"clear: both; display: block; margin: 10px 0;\">\n","protected":false},"excerpt":{"rendered":"<p>4x GITI GITISYNERGY H2 195\/50R15 82 V<\/p>\n<p>Letnie opony GITI GITISYNERGY H2 195\/50 R15 82 V<\/p>\n<p>Opony GITI GITISYNERGY H2 to znacz\u0105cy model w portfolio producenta.&nbsp;<\/p>\n<p>Opony klasy ekonomicznej maj\u0105 \u015bwietny stosunek jako\u015bci do ceny.<\/p>\n<p>Stan:&nbsp;Nowy<\/p>\n<p>EAN:&nbsp;6943829512641<\/p>\n<p>Producent: GITI<\/p>\n<p>Model: GITISYNERGY H2<\/p>\n","protected":false},"featured_media":16108,"template":"","meta":{"_uag_custom_page_level_css":""},"product_brand":[515],"product_cat":[414,418,413,412],"product_tag":[],"class_list":{"0":"post-16107","1":"product","2":"type-product","3":"status-publish","4":"has-post-thumbnail","6":"product_brand-giti","7":"product_cat-do-samochodow-osobowych-i-suv","8":"product_cat-letnie","9":"product_cat-opony","10":"product_cat-opony-i-felgi","12":"first","13":"instock","14":"shipping-taxable","15":"purchasable","16":"product-type-simple"},"uagb_featured_image_src":{"full":["https:\/\/oponixo.shop\/tire\/wp-content\/uploads\/2026\/01\/allegro-image-16107.jpg",920,1120,false],"thumbnail":["https:\/\/oponixo.shop\/tire\/wp-content\/uploads\/2026\/01\/allegro-image-16107-150x150.jpg",150,150,true],"medium":["https:\/\/oponixo.shop\/tire\/wp-content\/uploads\/2026\/01\/allegro-image-16107-246x300.jpg",246,300,true],"medium_large":["https:\/\/oponixo.shop\/tire\/wp-content\/uploads\/2026\/01\/allegro-image-16107-768x935.jpg",768,935,true],"large":["https:\/\/oponixo.shop\/tire\/wp-content\/uploads\/2026\/01\/allegro-image-16107-841x1024.jpg",841,1024,true],"1536x1536":["https:\/\/oponixo.shop\/tire\/wp-content\/uploads\/2026\/01\/allegro-image-16107.jpg",920,1120,false],"2048x2048":["https:\/\/oponixo.shop\/tire\/wp-content\/uploads\/2026\/01\/allegro-image-16107.jpg",920,1120,false],"woocommerce_thumbnail":["https:\/\/oponixo.shop\/tire\/wp-content\/uploads\/2026\/01\/allegro-image-16107-300x300.jpg",300,300,true],"woocommerce_single":["https:\/\/oponixo.shop\/tire\/wp-content\/uploads\/2026\/01\/allegro-image-16107-600x730.jpg",600,730,true],"woocommerce_gallery_thumbnail":["https:\/\/oponixo.shop\/tire\/wp-content\/uploads\/2026\/01\/allegro-image-16107-100x100.jpg",100,100,true]},"uagb_author_info":{"display_name":"admin","author_link":"https:\/\/oponixo.shop\/tire\/author\/"},"uagb_comment_info":0,"uagb_excerpt":"4x GITI GITISYNERGY H2 195\/50R15 82 V Letnie opony GITI GITISYNERGY H2 195\/50 R15 82 V Opony GITI GITISYNERGY H2 to znacz\u0105cy model w portfolio producenta.&nbsp; Opony klasy ekonomicznej maj\u0105 \u015bwietny stosunek jako\u015bci do ceny. Stan:&nbsp;Nowy EAN:&nbsp;6943829512641 Producent: GITI Model: GITISYNERGY H2","_links":{"self":[{"href":"https:\/\/oponixo.shop\/tire\/wp-json\/wp\/v2\/product\/16107","targetHints":{"allow":["GET"]}}],"collection":[{"href":"https:\/\/oponixo.shop\/tire\/wp-json\/wp\/v2\/product"}],"about":[{"href":"https:\/\/oponixo.shop\/tire\/wp-json\/wp\/v2\/types\/product"}],"wp:featuredmedia":[{"embeddable":true,"href":"https:\/\/oponixo.shop\/tire\/wp-json\/wp\/v2\/media\/16108"}],"wp:attachment":[{"href":"https:\/\/oponixo.shop\/tire\/wp-json\/wp\/v2\/media?parent=16107"}],"wp:term":[{"taxonomy":"product_brand","embeddable":true,"href":"https:\/\/oponixo.shop\/tire\/wp-json\/wp\/v2\/product_brand?post=16107"},{"taxonomy":"product_cat","embeddable":true,"href":"https:\/\/oponixo.shop\/tire\/wp-json\/wp\/v2\/product_cat?post=16107"},{"taxonomy":"product_tag","embeddable":true,"href":"https:\/\/oponixo.shop\/tire\/wp-json\/wp\/v2\/product_tag?post=16107"}],"curies":[{"name":"wp","href":"https:\/\/api.w.org\/{rel}","templated":true}]}}