{"id":16129,"date":"2026-01-17T02:52:39","date_gmt":"2026-01-17T01:52:39","guid":{"rendered":"https:\/\/oponyonline.shop\/xef5\/produkt\/4x-continental-contisportcontact-5p-xl-235-35r19\/"},"modified":"2026-01-17T02:52:39","modified_gmt":"2026-01-17T01:52:39","slug":"4x-continental-contisportcontact-5p-xl-235-35r19","status":"publish","type":"product","link":"https:\/\/oponixo.shop\/tire\/produkt\/4x-continental-contisportcontact-5p-xl-235-35r19\/","title":{"rendered":"4x CONTINENTAL CONTISPORTCONTACT 5P XL 235\/35R19"},"content":{"rendered":"<div style=\"font-family: Arial, sans-serif; line-height: 1.6; color: #333; padding: 20px; clear: both; display: block; width: 100%; float: none; position: static; overflow: hidden;\">\n<div style=\"clear: both; display: block; margin: 10px 0;\">\n<div style=\"clear: both; display: block; margin: 10px 0;\">\n<div style=\"clear: both; display: block; margin: 10px 0;\">\n<h1>4x CONTINENTAL CONTISPORTCONTACT 5P XL 235\/35R19<\/h1>\n<\/div>\n<\/div>\n<\/div>\n<div style=\"clear: both; display: block; margin: 10px 0;\">\n<div style=\"clear: both; display: block; margin: 10px 0;\">\n<div style=\"clear: both; display: block; margin: 10px 0;\">\n<div  style=\"max-width:920px;max-height:1120px\">\n<div style=\"clear: both; display: block; margin: 10px 0;\">\n<div style=\"clear: both; width: 100%; display: block; margin: 20px 0; padding: 0; float: none; position: static; text-align: center;\"><img decoding=\"async\"  src=\"https:\/\/a.allegroimg.com\/original\/11c0fd\/48ed70b740fe9976d7f44392e3d5\/4x-CONTINENTAL-CONTISPORTCONTACT-5P-XL-235-35R19\" srcset=\"https:\/\/a.allegroimg.com\/original\/11c0fd\/48ed70b740fe9976d7f44392e3d5\/4x-CONTINENTAL-CONTISPORTCONTACT-5P-XL-235-35R19 295w,https:\/\/a.allegroimg.com\/original\/11c0fd\/48ed70b740fe9976d7f44392e3d5\/4x-CONTINENTAL-CONTISPORTCONTACT-5P-XL-235-35R19 591w,https:\/\/a.allegroimg.com\/original\/11c0fd\/48ed70b740fe9976d7f44392e3d5\/4x-CONTINENTAL-CONTISPORTCONTACT-5P-XL-235-35R19 841w,https:\/\/a.allegroimg.com\/original\/11c0fd\/48ed70b740fe9976d7f44392e3d5\/4x-CONTINENTAL-CONTISPORTCONTACT-5P-XL-235-35R19 920w,https:\/\/a.allegroimg.com\/original\/11c0fd\/48ed70b740fe9976d7f44392e3d5\/4x-CONTINENTAL-CONTISPORTCONTACT-5P-XL-235-35R19 920w\" sizes=\"(min-width: 1200px) 560px, (min-width: 992px) 50vw, 100vw\" width=\"920px\" alt=\"4x CONTINENTAL CONTISPORTCONTACT 5P XL 235\/35R19\" style=\"max-width: 100%; height: auto; display: block; margin: 0 auto;\"><\/div>\n<\/div>\n<\/div>\n<\/div>\n<\/div>\n<div style=\"clear: both; display: block; margin: 10px 0;\">\n<div style=\"clear: both; display: block; margin: 10px 0;\">\n<h2>Letnie opony Osobowe CONTINENTAL CONTISPORTCONTACT 5P XL FR MO 235\/35 R19 91Y 91 Y<\/h2>\n<p style=\"margin: 15px 0; line-height: 1.8; clear: both; display: block; width: 100%; float: none; position: static;\">Rok produkcji: <b>2022<\/b><\/p>\n<p style=\"margin: 15px 0; line-height: 1.8; clear: both; display: block; width: 100%; float: none; position: static;\">EAN: 4019238013399<\/p>\n<p style=\"margin: 15px 0; line-height: 1.8; clear: both; display: block; width: 100%; float: none; position: static;\">Producent: CONTINENTAL<\/p>\n<p style=\"margin: 15px 0; line-height: 1.8; clear: both; display: block; width: 100%; float: none; position: static;\">Klasa: Premium<\/p>\n<p style=\"margin: 15px 0; line-height: 1.8; clear: both; display: block; width: 100%; float: none; position: static;\">Model: CONTISPORTCONTACT 5P XL FR MO<\/p>\n<p style=\"margin: 15px 0; line-height: 1.8; clear: both; display: block; width: 100%; float: none; position: static;\">Rozmiar: 235\/35 R19 91Y<\/p>\n<p style=\"margin: 15px 0; line-height: 1.8; clear: both; display: block; width: 100%; float: none; position: static;\">Indeks no\u015bno\u015bci: 91<\/p>\n<p style=\"margin: 15px 0; line-height: 1.8; clear: both; display: block; width: 100%; float: none; position: static;\">Indeks pr\u0119dko\u015bci: Y<\/p>\n<p style=\"margin: 15px 0; line-height: 1.8; clear: both; display: block; width: 100%; float: none; position: static;\">Ha\u0142as db: 72<\/p>\n<p style=\"margin: 15px 0; line-height: 1.8; clear: both; display: block; width: 100%; float: none; position: static;\">Sezon: Letnie<\/p>\n<p style=\"margin: 15px 0; line-height: 1.8; clear: both; display: block; width: 100%; float: none; position: static;\">Przeznaczenie: Osobowe<\/p>\n<p style=\"margin: 15px 0; line-height: 1.8; clear: both; display: block; width: 100%; float: none; position: static;\">* Zdj\u0119cia opon na aukcjach maj\u0105 charakter pogl\u0105dowy. Opony mog\u0105 si\u0119 r\u00f3\u017cni\u0107 od tej prezentowanej na zdj\u0119ciu. (np. mo\u017ce mie\u0107 rant ochronny, wi\u0119cej lub mniej rowk\u00f3w obwodowych, bia\u0142e napisy albo ich brak).<\/p>\n<p style=\"margin: 15px 0; line-height: 1.8; clear: both; display: block; width: 100%; float: none; position: static;\">W sezonie wysy\u0142kowym mog\u0105 nast\u0105pi\u0107 nieznaczne op\u00f3\u017anienia w realizacji i dostawie. Prosz\u0119 mie\u0107 to na uwadze sk\u0142adaj\u0105c zam\u00f3wienie.<\/p>\n<\/div>\n<\/div>\n<\/div>\n<div style=\"clear: both; display: block; margin: 10px 0;\">\n<div style=\"clear: both; display: block; margin: 10px 0;\">\n<div style=\"clear: both; display: block; margin: 10px 0;\">\n<div  style=\"max-width:700px;max-height:202px\">\n<div style=\"clear: both; display: block; margin: 10px 0;\">\n<div style=\"clear: both; width: 100%; display: block; margin: 20px 0; padding: 0; float: none; position: static; text-align: center;\"><img decoding=\"async\"  src=\"https:\/\/a.allegroimg.com\/original\/113513\/e5d9136640b98eecefbbc08d9816\/4x-CONTINENTAL-CONTISPORTCONTACT-5P-XL-235-35R19-Liczba-opon-w-ofercie-Komplet-4-szt\" srcset=\"https:\/\/a.allegroimg.com\/original\/113513\/e5d9136640b98eecefbbc08d9816\/4x-CONTINENTAL-CONTISPORTCONTACT-5P-XL-235-35R19-Liczba-opon-w-ofercie-Komplet-4-szt 359w,https:\/\/a.allegroimg.com\/original\/113513\/e5d9136640b98eecefbbc08d9816\/4x-CONTINENTAL-CONTISPORTCONTACT-5P-XL-235-35R19-Liczba-opon-w-ofercie-Komplet-4-szt 700w,https:\/\/a.allegroimg.com\/original\/113513\/e5d9136640b98eecefbbc08d9816\/4x-CONTINENTAL-CONTISPORTCONTACT-5P-XL-235-35R19-Liczba-opon-w-ofercie-Komplet-4-szt 700w\" sizes=\"100vw\" width=\"700px\" alt=\"4x CONTINENTAL CONTISPORTCONTACT 5P XL 235\/35R19 Liczba opon w ofercie Komplet 4 szt.\" style=\"max-width: 100%; height: auto; display: block; margin: 0 auto;\"><\/div>\n<\/div>\n<\/div>\n<\/div>\n<\/div>\n<\/div>\n<div style=\"clear: both; display: block; margin: 10px 0;\">\n<div style=\"clear: both; display: block; margin: 10px 0;\">\n<div style=\"clear: both; display: block; margin: 10px 0;\">\n<p style=\"margin: 15px 0; line-height: 1.8; clear: both; display: block; width: 100%; float: none; position: static;\">Continental: ewolucja jako\u015bci i niezawodno\u015bci<\/p>\n<p style=\"margin: 15px 0; line-height: 1.8; clear: both; display: block; width: 100%; float: none; position: static;\">Od ponad 150 lat marka Continental stanowi niekwestionowanego lidera w dziedzinie oponiarskiej, reprezentuj\u0105c doskona\u0142o\u015b\u0107 i nieustanne d\u0105\u017cenie do innowacji. Jej historia to barwna podr\u00f3\u017c po \u015bwiecie technologii, z kt\u00f3rych ka\u017cda wp\u0142ywa na jako\u015b\u0107 i bezpiecze\u0144stwo naszych podr\u00f3\u017cy.<\/p>\n<p style=\"margin: 15px 0; line-height: 1.8; clear: both; display: block; width: 100%; float: none; position: static;\">Za spraw\u0105 swoich licznych fabryk rozmieszczonych na ca\u0142ym globie, w tym r\u00f3wnie\u017c w Polsce, Continental pozostaje \u015bwiatowym gigantem oponiarskim, dostarczaj\u0105cym produkty najwy\u017cszej jako\u015bci na ka\u017cdy kontynent. Polska fabryka to dumne \u015bwiadectwo lokalnej obecno\u015bci marki i zapewnienia klientom wyrob\u00f3w zgodnych z najnowszymi standardami jako\u015bci.<\/p>\n<p style=\"margin: 15px 0; line-height: 1.8; clear: both; display: block; width: 100%; float: none; position: static;\">Opony Continental s\u0105 stworzone z my\u015bl\u0105 o r\u00f3\u017cnych segmentach rynku, od samochod\u00f3w osobowych po pojazdy terenowe i ci\u0119\u017carowe. Ka\u017cda opona to owoc precyzyjnych bada\u0144 i rozwijanych przez lata technologii, zapewniaj\u0105cych niezr\u00f3wnane w\u0142a\u015bciwo\u015bci jezdne, przyczepno\u015b\u0107 i komfort jazdy.<\/p>\n<p style=\"margin: 15px 0; line-height: 1.8; clear: both; display: block; width: 100%; float: none; position: static;\">Kontynuuj\u0105c d\u0142ugotrwa\u0142\u0105 tradycj\u0119 wsp\u00f3\u0142pracy z wiod\u0105cymi producentami samochod\u00f3w, Continental dostarcza opony doskonale dopasowane do osi\u0105g\u00f3w i designu r\u00f3\u017cnych pojazd\u00f3w. Dzi\u0119ki temu kierowcy mog\u0105 cieszy\u0107 si\u0119 nie tylko pewno\u015bci\u0105 na drodze, ale tak\u017ce optymalnymi parametrami jazdy i estetycznym wyko\u0144czeniem.<\/p>\n<p style=\"margin: 15px 0; line-height: 1.8; clear: both; display: block; width: 100%; float: none; position: static;\">Continental to marka, kt\u00f3ra nieustannie poszukuje nowych rozwi\u0105za\u0144 i innowacyjnych technologii. Jej zaanga\u017cowanie w rozw\u00f3j elektroniki i system\u00f3w bezpiecze\u0144stwa pozwala na tworzenie inteligentnych opon, kt\u00f3re doskonale reaguj\u0105 na zmienne warunki drogowe i zapewniaj\u0105 optymaln\u0105 ochron\u0119 przed aquaplaningiem czy po\u015blizgiem.<\/p>\n<\/div>\n<\/div>\n<\/div>\n<div style=\"clear: both; display: block; margin: 10px 0;\">\n<div style=\"clear: both; display: block; margin: 10px 0;\">\n<div style=\"clear: both; display: block; margin: 10px 0;\">\n<div  style=\"max-width:1200px;max-height:1758px\">\n<div style=\"clear: both; display: block; margin: 10px 0;\">\n<div style=\"clear: both; width: 100%; display: block; margin: 20px 0; padding: 0; float: none; position: static; text-align: center;\"><img decoding=\"async\"  src=\"https:\/\/a.allegroimg.com\/original\/116047\/743b73e948beaf7f062e04dfdaad\/4x-CONTINENTAL-CONTISPORTCONTACT-5P-XL-235-35R19-Rok-produkcji-2022\" srcset=\"https:\/\/a.allegroimg.com\/original\/116047\/743b73e948beaf7f062e04dfdaad\/4x-CONTINENTAL-CONTISPORTCONTACT-5P-XL-235-35R19-Rok-produkcji-2022 245w,https:\/\/a.allegroimg.com\/original\/116047\/743b73e948beaf7f062e04dfdaad\/4x-CONTINENTAL-CONTISPORTCONTACT-5P-XL-235-35R19-Rok-produkcji-2022 491w,https:\/\/a.allegroimg.com\/original\/116047\/743b73e948beaf7f062e04dfdaad\/4x-CONTINENTAL-CONTISPORTCONTACT-5P-XL-235-35R19-Rok-produkcji-2022 698w,https:\/\/a.allegroimg.com\/original\/116047\/743b73e948beaf7f062e04dfdaad\/4x-CONTINENTAL-CONTISPORTCONTACT-5P-XL-235-35R19-Rok-produkcji-2022 982w,https:\/\/a.allegroimg.com\/original\/116047\/743b73e948beaf7f062e04dfdaad\/4x-CONTINENTAL-CONTISPORTCONTACT-5P-XL-235-35R19-Rok-produkcji-2022 1200w\" sizes=\"(min-width: 1200px) 560px, (min-width: 992px) 50vw, 100vw\" width=\"1200px\" alt=\"4x CONTINENTAL CONTISPORTCONTACT 5P XL 235\/35R19 Rok produkcji 2022\" style=\"max-width: 100%; height: auto; display: block; margin: 0 auto;\"><\/div>\n<\/div>\n<\/div>\n<\/div>\n<\/div>\n<div style=\"clear: both; display: block; margin: 10px 0;\">\n<div style=\"clear: both; display: block; margin: 10px 0;\">\n<h3 style=\"color: #2c5aa0; font-size: 18px; margin: 30px 0 15px 0; font-weight: bold; clear: both; display: block; width: 100%; float: none; position: static;\">Dlaczego warto kupowa\u0107 u nas?<\/h3>\n<p style=\"margin: 15px 0; line-height: 1.8; clear: both; display: block; width: 100%; float: none; position: static;\">Nasza firma dzia\u0142a na rynku ju\u017c od 2007 roku, dlatego mamy naprawd\u0119 bogate do\u015bwiadczenie w tym, co robimy.<\/p>\n<p style=\"margin: 15px 0; line-height: 1.8; clear: both; display: block; width: 100%; float: none; position: static;\">Oferujemy Pa\u0144stwu szeroki asortyment towar\u00f3w i stale pracujemy nad jego poszerzaniem.<\/p>\n<p style=\"margin: 15px 0; line-height: 1.8; clear: both; display: block; width: 100%; float: none; position: static;\">W naszej ofercie ka\u017cdy znajdzie co\u015b dla siebie, zar\u00f3wno wymagaj\u0105cy klient, jak r\u00f3wnie\u017c ten, kt\u00f3ry chce zaoszcz\u0119dzi\u0107.<\/p>\n<p style=\"margin: 15px 0; line-height: 1.8; clear: both; display: block; width: 100%; float: none; position: static;\">Zakupy mo\u017cna u nas robi\u0107 spokojnie i z zaufaniem.<\/p>\n<p style=\"margin: 15px 0; line-height: 1.8; clear: both; display: block; width: 100%; float: none; position: static;\">Je\u015bli z jakiego\u015b powodu nie b\u0119dziesz zadowolony z naszego towaru, mo\u017cna go zwr\u00f3ci\u0107 w ci\u0105gu 14 dni bez podania przyczyny, a my zwr\u00f3cimy pieni\u0105dze.<\/p>\n<p style=\"margin: 15px 0; line-height: 1.8; clear: both; display: block; width: 100%; float: none; position: static;\">W razie jakichkolwiek problem\u00f3w do dyspozycji s\u0105 r\u00f3wnie\u017c nasi operatorzy z\u202fDzia\u0142u Obs\u0142ugi Klienta.<\/p>\n<\/div>\n<\/div>\n<\/div>\n<\/div>\n<\/div>\n<\/div>\n<div style=\"clear: both; display: block; margin: 10px 0;\">\n","protected":false},"excerpt":{"rendered":"<p>4x CONTINENTAL CONTISPORTCONTACT 5P XL 235\/35R19<\/p>\n<p>Letnie opony Osobowe CONTINENTAL CONTISPORTCONTACT 5P XL FR MO 235\/35 R19 91Y 91 Y<\/p>\n<p>Rok produkcji: 2022<\/p>\n<p>EAN: 4019238013399<\/p>\n<p>Producent: CONTINENTAL<\/p>\n<p>Klasa: Premium<\/p>\n<p>Model: CONTISPORTCONTACT 5P XL FR MO<\/p>\n<p>Rozmiar: 235\/35 R19 91Y<\/p>\n","protected":false},"featured_media":16130,"template":"","meta":{"_uag_custom_page_level_css":""},"product_brand":[396],"product_cat":[414,418,413,412],"product_tag":[],"class_list":{"0":"post-16129","1":"product","2":"type-product","3":"status-publish","4":"has-post-thumbnail","6":"product_brand-continental","7":"product_cat-do-samochodow-osobowych-i-suv","8":"product_cat-letnie","9":"product_cat-opony","10":"product_cat-opony-i-felgi","12":"first","13":"instock","14":"shipping-taxable","15":"purchasable","16":"product-type-simple"},"uagb_featured_image_src":{"full":["https:\/\/oponixo.shop\/tire\/wp-content\/uploads\/2026\/01\/allegro-image-16129.jpg",920,1120,false],"thumbnail":["https:\/\/oponixo.shop\/tire\/wp-content\/uploads\/2026\/01\/allegro-image-16129-150x150.jpg",150,150,true],"medium":["https:\/\/oponixo.shop\/tire\/wp-content\/uploads\/2026\/01\/allegro-image-16129-246x300.jpg",246,300,true],"medium_large":["https:\/\/oponixo.shop\/tire\/wp-content\/uploads\/2026\/01\/allegro-image-16129-768x935.jpg",768,935,true],"large":["https:\/\/oponixo.shop\/tire\/wp-content\/uploads\/2026\/01\/allegro-image-16129-841x1024.jpg",841,1024,true],"1536x1536":["https:\/\/oponixo.shop\/tire\/wp-content\/uploads\/2026\/01\/allegro-image-16129.jpg",920,1120,false],"2048x2048":["https:\/\/oponixo.shop\/tire\/wp-content\/uploads\/2026\/01\/allegro-image-16129.jpg",920,1120,false],"woocommerce_thumbnail":["https:\/\/oponixo.shop\/tire\/wp-content\/uploads\/2026\/01\/allegro-image-16129-300x300.jpg",300,300,true],"woocommerce_single":["https:\/\/oponixo.shop\/tire\/wp-content\/uploads\/2026\/01\/allegro-image-16129-600x730.jpg",600,730,true],"woocommerce_gallery_thumbnail":["https:\/\/oponixo.shop\/tire\/wp-content\/uploads\/2026\/01\/allegro-image-16129-100x100.jpg",100,100,true]},"uagb_author_info":{"display_name":"admin","author_link":"https:\/\/oponixo.shop\/tire\/author\/"},"uagb_comment_info":0,"uagb_excerpt":"4x CONTINENTAL CONTISPORTCONTACT 5P XL 235\/35R19 Letnie opony Osobowe CONTINENTAL CONTISPORTCONTACT 5P XL FR MO 235\/35 R19 91Y 91 Y Rok produkcji: 2022 EAN: 4019238013399 Producent: CONTINENTAL Klasa: Premium Model: CONTISPORTCONTACT 5P XL FR MO Rozmiar: 235\/35 R19 91Y","_links":{"self":[{"href":"https:\/\/oponixo.shop\/tire\/wp-json\/wp\/v2\/product\/16129","targetHints":{"allow":["GET"]}}],"collection":[{"href":"https:\/\/oponixo.shop\/tire\/wp-json\/wp\/v2\/product"}],"about":[{"href":"https:\/\/oponixo.shop\/tire\/wp-json\/wp\/v2\/types\/product"}],"wp:featuredmedia":[{"embeddable":true,"href":"https:\/\/oponixo.shop\/tire\/wp-json\/wp\/v2\/media\/16130"}],"wp:attachment":[{"href":"https:\/\/oponixo.shop\/tire\/wp-json\/wp\/v2\/media?parent=16129"}],"wp:term":[{"taxonomy":"product_brand","embeddable":true,"href":"https:\/\/oponixo.shop\/tire\/wp-json\/wp\/v2\/product_brand?post=16129"},{"taxonomy":"product_cat","embeddable":true,"href":"https:\/\/oponixo.shop\/tire\/wp-json\/wp\/v2\/product_cat?post=16129"},{"taxonomy":"product_tag","embeddable":true,"href":"https:\/\/oponixo.shop\/tire\/wp-json\/wp\/v2\/product_tag?post=16129"}],"curies":[{"name":"wp","href":"https:\/\/api.w.org\/{rel}","templated":true}]}}